{"id":20964,"date":"2020-01-10T13:05:28","date_gmt":"2020-01-10T18:05:28","guid":{"rendered":"https:\/\/thehometownlawyers.com\/?page_id=20964"},"modified":"2025-02-05T06:39:09","modified_gmt":"2025-02-05T11:39:09","slug":"acerca-de-los-abogados-de-kruger-hodges","status":"publish","type":"page","link":"https:\/\/thehometownlawyers.com\/es\/acerca-de-los-abogados-de-kruger-hodges\/","title":{"rendered":"Acerca de los abogados de Kruger &amp; Hodges"},"content":{"rendered":"<blockquote><p><strong>En Kruger &amp; Hodges Attorneys at Law,<\/strong> <strong>sabemos que la vida no siempre sale seg\u00fan lo planeado, y cuando el peor escenario posible se convierte en realidad, la acci\u00f3n legal puede ser necesaria.<\/strong><\/p><\/blockquote>\n<p>El problema es que es dif\u00edcil encontrar un abogado en el que pueda confiar, especialmente si se enfrenta a una organizaci\u00f3n o entidad gubernamental poderosa.<\/p>\n<p>Tenemos experiencia en el otro lado: defendiendo al gobierno y las corporaciones, por lo que conocemos de primera mano qu\u00e9 recursos, t\u00e1cticas y trucos utilizan.<\/p>\n<p>Hemos visto a nuestros propios seres queridos resultar heridos por la negligencia de otros, y hemos visto a buenas personas encarceladas injustamente.<\/p>\n<p>Es por eso que construimos una pr\u00e1ctica legal compasiva comprometida con buscar justicia para nuestros vecinos en Hamilton, Middletown y Eaton, Ohio y las \u00e1reas circundantes.<\/p>\n<p>Creemos que usted merece un abogado accesible que responda cuando llame y realmente lo escuche. (Todos nuestros clientes tienen acceso a nosotros directamente, a trav\u00e9s de nuestros tel\u00e9fonos celulares personales).<\/p>\n<p>Para obtener m\u00e1s informaci\u00f3n sobre nuestros abogados, visite sus <a href=\"https:\/\/thehometownlawyers.com\/es\/abogados\/\">p\u00e1ginas personales<\/a> y consulte nuestras <a href=\"https:\/\/www.google.com\/search?authuser=3&amp;_ga=2.253993864.1087084721.1630357235-1450973035.1629222729&amp;q=Kruger+%26+Hodges+Attorneys+at+Law&amp;ludocid=9440649191703158168&amp;lsig=AB86z5V-EQKyRNJ3bQusNp1MkuUK#lrd=0x884047cd8cbfef95:0x8303ec6bd08b9d98,1,,,\" target=\"_blank\" rel=\"noopener\">rese\u00f1as<\/a> de 5 estrellas.<\/p>\n<p>Llame o <a href=\"https:\/\/thehometownlawyers.com\/es\/contacto\/\">cont\u00e1ctenos<\/a> hoy para una consulta gratuita.<\/p>\n<div id=\"fws_612eff9a441f3\" class=\"wpb_row vc_row-fluid vc_row standard_section \" data-midnight=\"\" data-column-margin=\"default\" data-bg-mobile-hidden=\"\">\n<div class=\"col span_12 left\">\n<div class=\"vc_col-sm-12 wpb_column column_container vc_column_container col no-extra-padding instance-4\" data-shadow=\"none\" data-border-radius=\"none\" data-border-animation=\"\" data-border-animation-delay=\"\" data-border-width=\"none\" data-border-style=\"solid\" data-border-color=\"\" data-bg-cover=\"\" data-padding-pos=\"all\" data-has-bg-color=\"false\" data-bg-color=\"\" data-bg-opacity=\"1\" data-hover-bg=\"\" data-hover-bg-opacity=\"1\" data-animation=\"\" data-delay=\"0\">\n<div class=\"vc_column-inner\">\n<div class=\"wpb_wrapper\">\n<div class=\"wpb_text_column wpb_content_element \">\n<div class=\"wpb_wrapper\">\n<h2>C\u00f3mo funciona:<\/h2>\n<\/div>\n<\/div>\n<\/div>\n<\/div>\n<\/div>\n<\/div>\n<\/div>\n<div id=\"fws_612eff9a44829\" class=\"wpb_row vc_row-fluid vc_row standard_section about-works-sec-btm \" data-midnight=\"\" data-column-margin=\"default\" data-bg-mobile-hidden=\"\">\n<div class=\"col span_12 left\">\n<div class=\"vc_col-sm-4 wpb_column column_container vc_column_container col no-extra-padding instance-5\" data-shadow=\"none\" data-border-radius=\"none\" data-border-animation=\"\" data-border-animation-delay=\"\" data-border-width=\"none\" data-border-style=\"solid\" data-border-color=\"\" data-bg-cover=\"\" data-padding-pos=\"all\" data-has-bg-color=\"false\" data-bg-color=\"\" data-bg-opacity=\"1\" data-hover-bg=\"\" data-hover-bg-opacity=\"1\" data-animation=\"\" data-delay=\"0\">\n<div class=\"vc_column-inner\">\n<div class=\"wpb_wrapper\">\n<div class=\"wpb_text_column wpb_content_element \">\n<div class=\"wpb_wrapper\">\n<p><strong>Paso<\/strong> 1<\/p>\n<p>Ll\u00e1menos o env\u00edenos un correo electr\u00f3nico para una evaluaci\u00f3n gratuita de su caso<\/p>\n<p><a href=\"https:\/\/thehometownlawyers.com\/es\/contacto\/\">Programe una evaluaci\u00f3n gratuita de su caso<\/a><\/p>\n<\/div>\n<\/div>\n<\/div>\n<\/div>\n<\/div>\n<div class=\"vc_col-sm-4 wpb_column column_container vc_column_container col no-extra-padding instance-6\" data-shadow=\"none\" data-border-radius=\"none\" data-border-animation=\"\" data-border-animation-delay=\"\" data-border-width=\"none\" data-border-style=\"solid\" data-border-color=\"\" data-bg-cover=\"\" data-padding-pos=\"all\" data-has-bg-color=\"false\" data-bg-color=\"\" data-bg-opacity=\"1\" data-hover-bg=\"\" data-hover-bg-opacity=\"1\" data-animation=\"\" data-delay=\"0\">\n<div class=\"vc_column-inner\">\n<div class=\"wpb_wrapper\">\n<div class=\"wpb_text_column wpb_content_element \">\n<div class=\"wpb_wrapper\">\n<p><strong>Paso 2<\/strong><\/p>\n<p>Podemos chatear por tel\u00e9fono o en persona en un momento y lugar que sea conveniente para usted<\/p>\n<\/div>\n<\/div>\n<\/div>\n<\/div>\n<\/div>\n<div class=\"vc_col-sm-4 wpb_column column_container vc_column_container col no-extra-padding instance-7\" data-shadow=\"none\" data-border-radius=\"none\" data-border-animation=\"\" data-border-animation-delay=\"\" data-border-width=\"none\" data-border-style=\"solid\" data-border-color=\"\" data-bg-cover=\"\" data-padding-pos=\"all\" data-has-bg-color=\"false\" data-bg-color=\"\" data-bg-opacity=\"1\" data-hover-bg=\"\" data-hover-bg-opacity=\"1\" data-animation=\"\" data-delay=\"0\">\n<div class=\"vc_column-inner\">\n<div class=\"wpb_wrapper\">\n<div class=\"wpb_text_column wpb_content_element \">\n<div class=\"wpb_wrapper\">\n<p><strong>Paso 3<\/strong><\/p>\n<p>Si desea continuar contratando nuestra firma, firmaremos un contrato y comenzaremos a trabajar en su caso.<\/p>\n<\/div>\n<\/div>\n<\/div>\n<\/div>\n<\/div>\n<\/div>\n<\/div>\n<h2>Kruger &amp; Hodges, los abogados tienen la experiencia que necesita<\/h2>\n<p>Nuestros abogados cuentan con una amplia experiencia que se complementa. Uno de nuestros abogados tiene a\u00f1os de experiencia diaria en los tribunales frente a los mismos jueces que escuchar\u00e1n su caso. El otro abogado comenz\u00f3 su carrera en una de las firmas de abogados m\u00e1s prestigiosas de Ohio, donde ayud\u00f3 en la defensa de grandes corporaciones y entidades gubernamentales. Esta rara combinaci\u00f3n de amplia experiencia en los tribunales junto con el tiempo de defensa de casos en una de las firmas de abogados m\u00e1s grandes de Ohio distingue a Kruger &amp; Hodges, Abogados de otras firmas de abogados.<\/p>","protected":false},"excerpt":{"rendered":"<p>En Kruger &amp; Hodges Attorneys at Law, sabemos que la vida no siempre sale seg\u00fan lo planeado, y cuando el peor escenario posible se convierte en realidad, la acci\u00f3n legal puede ser necesaria. El problema es que es dif\u00edcil encontrar un abogado en el que pueda confiar, especialmente si se enfrenta a una organizaci\u00f3n o &#8230;<\/p>\n","protected":false},"author":7,"featured_media":26406,"parent":0,"menu_order":0,"comment_status":"closed","ping_status":"closed","template":"","meta":{"_acf_changed":false,"inline_featured_image":false,"_genesis_hide_title":false,"_genesis_hide_breadcrumbs":false,"_genesis_hide_singular_image":false,"_genesis_hide_footer_widgets":false,"_genesis_custom_body_class":"","_genesis_custom_post_class":"","_genesis_layout":"","footnotes":""},"hc_faqs":[],"hc_spanish_faqs":[],"class_list":{"0":"post-20964","1":"page","2":"type-page","3":"status-publish","4":"has-post-thumbnail","6":"entry"},"acf":[],"yoast_head":"<!-- This site is optimized with the Yoast SEO plugin v27.3 - https:\/\/yoast.com\/product\/yoast-seo-wordpress\/ -->\n<title>Acerca de los abogados de Kruger &amp; Hodges Hamilton, Middletown, Eaton<\/title>\n<meta name=\"description\" content=\"En Kruger &amp; Hodges, Abogados, sabemos que la vida no siempre sale seg\u00fan lo planeado. Cuando sucede el peor de los casos, puede ser necesaria una acci\u00f3n legal.\" \/>\n<meta name=\"robots\" content=\"index, follow, max-snippet:-1, max-image-preview:large, max-video-preview:-1\" \/>\n<link rel=\"canonical\" href=\"https:\/\/thehometownlawyers.com\/es\/acerca-de-los-abogados-de-kruger-hodges\/\" \/>\n<meta property=\"og:locale\" content=\"es_MX\" \/>\n<meta property=\"og:type\" content=\"article\" \/>\n<meta property=\"og:title\" content=\"Acerca de los abogados de Kruger &amp; Hodges Hamilton, Middletown, Eaton\" \/>\n<meta property=\"og:description\" content=\"En Kruger &amp; Hodges, Abogados, sabemos que la vida no siempre sale seg\u00fan lo planeado. Cuando sucede el peor de los casos, puede ser necesaria una acci\u00f3n legal.\" \/>\n<meta property=\"og:url\" content=\"https:\/\/thehometownlawyers.com\/es\/acerca-de-los-abogados-de-kruger-hodges\/\" \/>\n<meta property=\"og:site_name\" content=\"Kruger &amp; Hodges Abogados De Lesiones\" \/>\n<meta property=\"article:publisher\" content=\"https:\/\/www.facebook.com\/KrugerHodges\/\" \/>\n<meta property=\"article:modified_time\" content=\"2025-02-05T11:39:09+00:00\" \/>\n<meta property=\"og:image\" content=\"https:\/\/thehometownlawyers.com\/wp-content\/uploads\/2024\/06\/KH-TEAM-CROPPED.jpg\" \/>\n\t<meta property=\"og:image:width\" content=\"1920\" \/>\n\t<meta property=\"og:image:height\" content=\"1100\" \/>\n\t<meta property=\"og:image:type\" content=\"image\/jpeg\" \/>\n<meta name=\"twitter:card\" content=\"summary_large_image\" \/>\n<meta name=\"twitter:label1\" content=\"Tiempo de lectura\" \/>\n\t<meta name=\"twitter:data1\" content=\"2 minutos\" \/>\n<script type=\"application\/ld+json\" class=\"yoast-schema-graph\">{\"@context\":\"https:\\\/\\\/schema.org\",\"@graph\":[{\"@type\":\"WebPage\",\"@id\":\"https:\\\/\\\/thehometownlawyers.com\\\/es\\\/acerca-de-los-abogados-de-kruger-hodges\\\/\",\"url\":\"https:\\\/\\\/thehometownlawyers.com\\\/es\\\/acerca-de-los-abogados-de-kruger-hodges\\\/\",\"name\":\"Acerca de los abogados de Kruger &amp; Hodges Hamilton, Middletown, Eaton\",\"isPartOf\":{\"@id\":\"https:\\\/\\\/thehometownlawyers.com\\\/es\\\/#website\"},\"primaryImageOfPage\":{\"@id\":\"https:\\\/\\\/thehometownlawyers.com\\\/es\\\/acerca-de-los-abogados-de-kruger-hodges\\\/#primaryimage\"},\"image\":{\"@id\":\"https:\\\/\\\/thehometownlawyers.com\\\/es\\\/acerca-de-los-abogados-de-kruger-hodges\\\/#primaryimage\"},\"thumbnailUrl\":\"https:\\\/\\\/thehometownlawyers.com\\\/wp-content\\\/uploads\\\/2026\\\/02\\\/TEAM-PHOTO-2026-scaled.jpg\",\"datePublished\":\"2020-01-10T18:05:28+00:00\",\"dateModified\":\"2025-02-05T11:39:09+00:00\",\"description\":\"En Kruger & Hodges, Abogados, sabemos que la vida no siempre sale seg\u00fan lo planeado. Cuando sucede el peor de los casos, puede ser necesaria una acci\u00f3n legal.\",\"breadcrumb\":{\"@id\":\"https:\\\/\\\/thehometownlawyers.com\\\/es\\\/acerca-de-los-abogados-de-kruger-hodges\\\/#breadcrumb\"},\"inLanguage\":\"es\",\"potentialAction\":[{\"@type\":\"ReadAction\",\"target\":[\"https:\\\/\\\/thehometownlawyers.com\\\/es\\\/acerca-de-los-abogados-de-kruger-hodges\\\/\"]}]},{\"@type\":\"ImageObject\",\"inLanguage\":\"es\",\"@id\":\"https:\\\/\\\/thehometownlawyers.com\\\/es\\\/acerca-de-los-abogados-de-kruger-hodges\\\/#primaryimage\",\"url\":\"https:\\\/\\\/thehometownlawyers.com\\\/wp-content\\\/uploads\\\/2026\\\/02\\\/TEAM-PHOTO-2026-scaled.jpg\",\"contentUrl\":\"https:\\\/\\\/thehometownlawyers.com\\\/wp-content\\\/uploads\\\/2026\\\/02\\\/TEAM-PHOTO-2026-scaled.jpg\",\"width\":2560,\"height\":1689,\"caption\":\"KRUGER & HODGES TEAM PHOTO\"},{\"@type\":\"BreadcrumbList\",\"@id\":\"https:\\\/\\\/thehometownlawyers.com\\\/es\\\/acerca-de-los-abogados-de-kruger-hodges\\\/#breadcrumb\",\"itemListElement\":[{\"@type\":\"ListItem\",\"position\":1,\"name\":\"Home\",\"item\":\"https:\\\/\\\/thehometownlawyers.com\\\/es\\\/\"},{\"@type\":\"ListItem\",\"position\":2,\"name\":\"Acerca de los abogados de Kruger &amp; Hodges\"}]},{\"@type\":\"WebSite\",\"@id\":\"https:\\\/\\\/thehometownlawyers.com\\\/es\\\/#website\",\"url\":\"https:\\\/\\\/thehometownlawyers.com\\\/es\\\/\",\"name\":\"Kruger & Hodges Hometown Injury Lawyers | Accident Attorneys\",\"description\":\"Attorneys for Car, Truck and Motorcycle Accidents, Personal Injuries, and Criminal Defense.\",\"publisher\":{\"@id\":\"https:\\\/\\\/thehometownlawyers.com\\\/es\\\/#organization\"},\"alternateName\":\"Kruger & Hodges Personal Injury Lawyers\",\"inLanguage\":\"es\"},{\"@type\":\"Organization\",\"@id\":\"https:\\\/\\\/thehometownlawyers.com\\\/es\\\/#organization\",\"name\":\"Kruger & Hodges Hometown Injury Lawyers\",\"alternateName\":\"Kruger & Hodges\",\"url\":\"https:\\\/\\\/thehometownlawyers.com\\\/es\\\/\",\"logo\":{\"@type\":\"ImageObject\",\"inLanguage\":\"es\",\"@id\":\"https:\\\/\\\/thehometownlawyers.com\\\/es\\\/#\\\/schema\\\/logo\\\/image\\\/\",\"url\":\"https:\\\/\\\/thehometownlawyers.com\\\/wp-content\\\/uploads\\\/2025\\\/12\\\/revised-kh-logo-vertical-white-background-scaled.png\",\"contentUrl\":\"https:\\\/\\\/thehometownlawyers.com\\\/wp-content\\\/uploads\\\/2025\\\/12\\\/revised-kh-logo-vertical-white-background-scaled.png\",\"width\":2560,\"height\":1440,\"caption\":\"Kruger & Hodges Hometown Injury Lawyers\"},\"image\":{\"@id\":\"https:\\\/\\\/thehometownlawyers.com\\\/es\\\/#\\\/schema\\\/logo\\\/image\\\/\"},\"sameAs\":[\"https:\\\/\\\/www.facebook.com\\\/KrugerHodges\\\/\",\"https:\\\/\\\/www.instagram.com\\\/krugerhodges\\\/\",\"https:\\\/\\\/www.linkedin.com\\\/company\\\/kruger-hodges-hometown-injury-lawyers\\\/\",\"https:\\\/\\\/www.youtube.com\\\/channel\\\/UCeYcMaMaN2rb9jMlqt4EIdQ\",\"https:\\\/\\\/www.tiktok.com\\\/@thehometownlawyer\"]}]}<\/script>\n<!-- \/ Yoast SEO plugin. -->","yoast_head_json":{"title":"Acerca de los abogados de Kruger &amp; Hodges Hamilton, Middletown, Eaton","description":"En Kruger & Hodges, Abogados, sabemos que la vida no siempre sale seg\u00fan lo planeado. Cuando sucede el peor de los casos, puede ser necesaria una acci\u00f3n legal.","robots":{"index":"index","follow":"follow","max-snippet":"max-snippet:-1","max-image-preview":"max-image-preview:large","max-video-preview":"max-video-preview:-1"},"canonical":"https:\/\/thehometownlawyers.com\/es\/acerca-de-los-abogados-de-kruger-hodges\/","og_locale":"es_MX","og_type":"article","og_title":"Acerca de los abogados de Kruger &amp; Hodges Hamilton, Middletown, Eaton","og_description":"En Kruger & Hodges, Abogados, sabemos que la vida no siempre sale seg\u00fan lo planeado. Cuando sucede el peor de los casos, puede ser necesaria una acci\u00f3n legal.","og_url":"https:\/\/thehometownlawyers.com\/es\/acerca-de-los-abogados-de-kruger-hodges\/","og_site_name":"Kruger &amp; Hodges Abogados De Lesiones","article_publisher":"https:\/\/www.facebook.com\/KrugerHodges\/","article_modified_time":"2025-02-05T11:39:09+00:00","og_image":[{"width":1920,"height":1100,"url":"https:\/\/thehometownlawyers.com\/wp-content\/uploads\/2024\/06\/KH-TEAM-CROPPED.jpg","type":"image\/jpeg"}],"twitter_card":"summary_large_image","twitter_misc":{"Tiempo de lectura":"2 minutos"},"schema":{"@context":"https:\/\/schema.org","@graph":[{"@type":"WebPage","@id":"https:\/\/thehometownlawyers.com\/es\/acerca-de-los-abogados-de-kruger-hodges\/","url":"https:\/\/thehometownlawyers.com\/es\/acerca-de-los-abogados-de-kruger-hodges\/","name":"Acerca de los abogados de Kruger &amp; Hodges Hamilton, Middletown, Eaton","isPartOf":{"@id":"https:\/\/thehometownlawyers.com\/es\/#website"},"primaryImageOfPage":{"@id":"https:\/\/thehometownlawyers.com\/es\/acerca-de-los-abogados-de-kruger-hodges\/#primaryimage"},"image":{"@id":"https:\/\/thehometownlawyers.com\/es\/acerca-de-los-abogados-de-kruger-hodges\/#primaryimage"},"thumbnailUrl":"https:\/\/thehometownlawyers.com\/wp-content\/uploads\/2026\/02\/TEAM-PHOTO-2026-scaled.jpg","datePublished":"2020-01-10T18:05:28+00:00","dateModified":"2025-02-05T11:39:09+00:00","description":"En Kruger & Hodges, Abogados, sabemos que la vida no siempre sale seg\u00fan lo planeado. Cuando sucede el peor de los casos, puede ser necesaria una acci\u00f3n legal.","breadcrumb":{"@id":"https:\/\/thehometownlawyers.com\/es\/acerca-de-los-abogados-de-kruger-hodges\/#breadcrumb"},"inLanguage":"es","potentialAction":[{"@type":"ReadAction","target":["https:\/\/thehometownlawyers.com\/es\/acerca-de-los-abogados-de-kruger-hodges\/"]}]},{"@type":"ImageObject","inLanguage":"es","@id":"https:\/\/thehometownlawyers.com\/es\/acerca-de-los-abogados-de-kruger-hodges\/#primaryimage","url":"https:\/\/thehometownlawyers.com\/wp-content\/uploads\/2026\/02\/TEAM-PHOTO-2026-scaled.jpg","contentUrl":"https:\/\/thehometownlawyers.com\/wp-content\/uploads\/2026\/02\/TEAM-PHOTO-2026-scaled.jpg","width":2560,"height":1689,"caption":"KRUGER & HODGES TEAM PHOTO"},{"@type":"BreadcrumbList","@id":"https:\/\/thehometownlawyers.com\/es\/acerca-de-los-abogados-de-kruger-hodges\/#breadcrumb","itemListElement":[{"@type":"ListItem","position":1,"name":"Home","item":"https:\/\/thehometownlawyers.com\/es\/"},{"@type":"ListItem","position":2,"name":"Acerca de los abogados de Kruger &amp; Hodges"}]},{"@type":"WebSite","@id":"https:\/\/thehometownlawyers.com\/es\/#website","url":"https:\/\/thehometownlawyers.com\/es\/","name":"Kruger & Hodges Hometown Injury Lawyers | Accident Attorneys","description":"Attorneys for Car, Truck and Motorcycle Accidents, Personal Injuries, and Criminal Defense.","publisher":{"@id":"https:\/\/thehometownlawyers.com\/es\/#organization"},"alternateName":"Kruger & Hodges Personal Injury Lawyers","inLanguage":"es"},{"@type":"Organization","@id":"https:\/\/thehometownlawyers.com\/es\/#organization","name":"Kruger & Hodges Hometown Injury Lawyers","alternateName":"Kruger & Hodges","url":"https:\/\/thehometownlawyers.com\/es\/","logo":{"@type":"ImageObject","inLanguage":"es","@id":"https:\/\/thehometownlawyers.com\/es\/#\/schema\/logo\/image\/","url":"https:\/\/thehometownlawyers.com\/wp-content\/uploads\/2025\/12\/revised-kh-logo-vertical-white-background-scaled.png","contentUrl":"https:\/\/thehometownlawyers.com\/wp-content\/uploads\/2025\/12\/revised-kh-logo-vertical-white-background-scaled.png","width":2560,"height":1440,"caption":"Kruger & Hodges Hometown Injury Lawyers"},"image":{"@id":"https:\/\/thehometownlawyers.com\/es\/#\/schema\/logo\/image\/"},"sameAs":["https:\/\/www.facebook.com\/KrugerHodges\/","https:\/\/www.instagram.com\/krugerhodges\/","https:\/\/www.linkedin.com\/company\/kruger-hodges-hometown-injury-lawyers\/","https:\/\/www.youtube.com\/channel\/UCeYcMaMaN2rb9jMlqt4EIdQ","https:\/\/www.tiktok.com\/@thehometownlawyer"]}]}},"_links":{"self":[{"href":"https:\/\/thehometownlawyers.com\/es\/wp-json\/wp\/v2\/pages\/20964","targetHints":{"allow":["GET"]}}],"collection":[{"href":"https:\/\/thehometownlawyers.com\/es\/wp-json\/wp\/v2\/pages"}],"about":[{"href":"https:\/\/thehometownlawyers.com\/es\/wp-json\/wp\/v2\/types\/page"}],"author":[{"embeddable":true,"href":"https:\/\/thehometownlawyers.com\/es\/wp-json\/wp\/v2\/users\/7"}],"replies":[{"embeddable":true,"href":"https:\/\/thehometownlawyers.com\/es\/wp-json\/wp\/v2\/comments?post=20964"}],"version-history":[{"count":0,"href":"https:\/\/thehometownlawyers.com\/es\/wp-json\/wp\/v2\/pages\/20964\/revisions"}],"wp:featuredmedia":[{"embeddable":true,"href":"https:\/\/thehometownlawyers.com\/es\/wp-json\/wp\/v2\/media\/26406"}],"wp:attachment":[{"href":"https:\/\/thehometownlawyers.com\/es\/wp-json\/wp\/v2\/media?parent=20964"}],"wp:term":[{"taxonomy":"hc_faqs","embeddable":true,"href":"https:\/\/thehometownlawyers.com\/es\/wp-json\/wp\/v2\/hc_faqs?post=20964"},{"taxonomy":"hc_spanish_faqs","embeddable":true,"href":"https:\/\/thehometownlawyers.com\/es\/wp-json\/wp\/v2\/hc_spanish_faqs?post=20964"}],"curies":[{"name":"wp","href":"https:\/\/api.w.org\/{rel}","templated":true}]}}