{"id":20968,"date":"2020-01-14T10:35:53","date_gmt":"2020-01-14T15:35:53","guid":{"rendered":"https:\/\/thehometownlawyers.com\/?page_id=20968"},"modified":"2025-03-04T17:54:21","modified_gmt":"2025-03-04T22:54:21","slug":"abogados-de-accidentes-de-peatones-en-hamilton-ohio","status":"publish","type":"page","link":"https:\/\/thehometownlawyers.com\/es\/hamilton\/abogado-de-accidentes-peatonales\/","title":{"rendered":"Abogado de Accidentes Peatonales en Hamilton"},"content":{"rendered":"<h2>Abogados de accidentes de peatones en Hamilton, Ohio<\/h2>\n<p>Las estad\u00edsticas recopiladas por la Patrulla de Caminos del Estado de Ohio revelan que en 2016 hubo 140 peatones muertos en accidentes con veh\u00edculos. Es fundamental que todos los peatones del estado comprendan que ser atropellado por un veh\u00edculo puede provocar lesiones graves y debilitantes, e incluso la muerte. Los accidentes de peatones suelen ser inesperados y pueden cambiar significativamente el curso de la vida de una persona. Si usted o un ser querido resulta lesionado en un accidente de peatones, hable con nuestros abogados experimentados en accidentes de peatones para que lo ayuden a buscar la compensaci\u00f3n que merece.<\/p>\n<p class=\"rs-content-cta rs-content-cta-small\">Para una consulta legal gratuita, llame al <a href=\"tel:+15138943333\">513-894-3333 <\/a><\/p><h2>Ley de Ohio y accidentes de peatones<\/h2>\n<p>Hay varias leyes de Ohio que se aplican a los accidentes de peatones, que incluyen lo siguiente:<\/p>\n<ul>\n<li>La secci\u00f3n 4511.12(A) del C\u00f3digo Revisado de Ohio establece que los peatones deben obedecer todos los controles de tr\u00e1nsito.<\/li>\n<li>La secci\u00f3n 4511.46(A) del C\u00f3digo Revisado de Ohio establece que si no hay controles de tr\u00e1fico, los operadores de veh\u00edculos deben ceder el derecho de paso a un peat\u00f3n que cruce la carretera y en la carretera en la que conduce el operador del veh\u00edculo.<\/li>\n<li>La secci\u00f3n 4511.48(A) del C\u00f3digo Revisado de Ohio establece que todos los peatones que cruzan una carretera en cualquier secci\u00f3n que no sea un cruce peatonal marcado o cruces peatonales sin marcar en las intersecciones deben ceder el derecho de paso a los conductores de veh\u00edculos.<\/li>\n<\/ul>\n<p class=\"rs-content-cta\">Abogado de Lesiones Personales de hamilton Cerca de M\u00ed <a href=\"tel:+15138943333\">513-894-3333<\/a><\/p><h2>Factores de riesgo asociados con los accidentes de peatones<\/h2>\n<p>Los accidentes de peatones pueden ocurrir en cualquier lugar y en cualquier momento, pero existen algunos factores que tienden a <a href=\"https:\/\/pmc.ncbi.nlm.nih.gov\/articles\/PMC3256759\/\" target=\"_blank\" rel=\"noopener\">aumentar la probabilidad<\/a> de que ocurra un accidente de peatones. Estos accidentes ocurren con mayor frecuencia en la ma\u00f1ana, siendo el momento m\u00e1s peligroso para estos accidentes entre las 6 p. m. y las 9 p. m. Una gran cantidad de accidentes mortales de peatones tambi\u00e9n ocurren despu\u00e9s del anochecer, cuando es m\u00e1s dif\u00edcil ver. Es m\u00e1s probable que ocurran accidentes de peatones los fines de semana y d\u00edas festivos cuando hay una gran cantidad de veh\u00edculos en la carretera. Estos accidentes suelen ocurrir tanto en v\u00edas urbanas como en zonas con cruces peatonales. Una peque\u00f1a cantidad de accidentes de peatones ocurren en carreteras abiertas.<\/p>\n<p class=\"rs-content-cta rs-content-cta-small\"><a href=\"\/es\/contacto\/\">Haga clic para contactar<\/a> con nuestros lesiones personales abogados hoy<\/p><h2>Las causas de los accidentes de peatones<\/h2>\n<p>Algunas de las causas m\u00e1s comunes de accidentes de peatones incluyen las siguientes:<\/p>\n<ul>\n<li>Conductores que no se detienen en las intersecciones<\/li>\n<li>Conductores que no dan a los peatones el derecho de paso en las intersecciones<\/li>\n<li>Conductores que abandonan su veh\u00edculo despu\u00e9s de una colisi\u00f3n o falla del motor<\/li>\n<li>Conductores que operan sus veh\u00edculos mientras est\u00e1n distra\u00eddos<\/li>\n<li>Conductores que aceleran<\/li>\n<li>Peatones que cruzan la calzada en lugares donde no est\u00e1n permitidos<\/li>\n<li>Peatones que no prestan atenci\u00f3n a su entorno<\/li>\n<li>Los peatones que caminan en la carretera por errores<\/li>\n<li>Propietarios que no mantienen adecuadamente sus instalaciones<\/li>\n<\/ul>\n<p class=\"rs-content-cta rs-content-cta-small\">Complete una <a href=\"\/es\/contacto\/\">evaluaci\u00f3n gratuita de su caso<\/a> ahora<\/p><h2>Lesiones Causadas por Accidentes de Peatones en Ohio<\/h2>\n<p>Los peatones en Ohio pueden lesionarse de diversas maneras cuando ocurren accidentes, pero con mayor frecuencia estas lesiones incluyen:<\/p>\n<ul>\n<li>Huesos rotos<\/li>\n<li>Golpes, moretones y cortes<\/li>\n<li>Esguinces<\/li>\n<li><a href=\"https:\/\/thehometownlawyers.com\/es\/\">Lesiones cerebrales traum\u00e1ticas<\/a><\/li>\n<\/ul>\n<h2>Obtenga los servicios de nuestros abogados experimentados en accidentes de peatones<\/h2>\n<p>Despu\u00e9s de un accidente peatonal, su primer enfoque debe ser recuperar su salud. Mientras tanto, un abogado experto en lesiones personales puede enfocarse en proteger sus derechos y asegurarse de que obtenga la compensaci\u00f3n que merece de la parte culpable. Los abogados de accidentes de peatones de <a href=\"https:\/\/thehometownlawyers.com\/es\/contacto\/\">Kruger &amp; Hodges<\/a> seguir\u00e1n comprometidos a asegurarse de que obtenga la compensaci\u00f3n que merece. <a href=\"https:\/\/thehometownlawyers.com\/es\/contacto\/\">P\u00f3ngase en contacto<\/a> con nuestro bufete de abogados hoy para programar una consulta inicial gratuita. Servimos al \u00e1rea de Cincinnati desde nuestra oficina en Hamilton, Ohio, ubicada a pocas cuadras del Palacio de Justicia del Condado de Butler.<\/p>\n<p class=\"rs-content-cta rs-content-cta-small\">Llame o env\u00ede un mensaje de texto al <a href=\"tel:+15138943333\">513-894-3333<\/a> o complete una <a href=\"\/es\/contacto\/\">evaluaci\u00f3n gratuita de su caso<\/a><\/p>","protected":false},"excerpt":{"rendered":"<p>Abogados de accidentes de peatones en Hamilton, Ohio Las estad\u00edsticas recopiladas por la Patrulla de Caminos del Estado de Ohio revelan que en 2016 hubo 140 peatones muertos en accidentes con veh\u00edculos. Es fundamental que todos los peatones del estado comprendan que ser atropellado por un veh\u00edculo puede provocar lesiones graves y debilitantes, e incluso &#8230;<\/p>\n","protected":false},"author":7,"featured_media":20804,"parent":20908,"menu_order":0,"comment_status":"closed","ping_status":"closed","template":"","meta":{"_acf_changed":false,"inline_featured_image":false,"_genesis_hide_title":false,"_genesis_hide_breadcrumbs":false,"_genesis_hide_singular_image":false,"_genesis_hide_footer_widgets":false,"_genesis_custom_body_class":"","_genesis_custom_post_class":"","_genesis_layout":"","footnotes":""},"hc_faqs":[],"hc_spanish_faqs":[],"class_list":{"0":"post-20968","1":"page","2":"type-page","3":"status-publish","4":"has-post-thumbnail","6":"hc_city_location-hamilton-es-2","7":"entry"},"acf":[],"yoast_head":"<!-- This site is optimized with the Yoast SEO plugin v27.3 - https:\/\/yoast.com\/product\/yoast-seo-wordpress\/ -->\n<title>Abogados de accidentes de peatones en Hamilton, Ohio: Consulta gratuita<\/title>\n<meta name=\"description\" content=\"Los abogados de accidentes de peatones de Kruger &amp; Hodges en Hamilton siguen comprometidos a asegurarse de que obtenga la compensaci\u00f3n que merece.\" \/>\n<meta name=\"robots\" content=\"index, follow, max-snippet:-1, max-image-preview:large, max-video-preview:-1\" \/>\n<link rel=\"canonical\" href=\"https:\/\/thehometownlawyers.com\/es\/hamilton\/abogado-de-accidentes-peatonales\/\" \/>\n<meta property=\"og:locale\" content=\"es_MX\" \/>\n<meta property=\"og:type\" content=\"article\" \/>\n<meta property=\"og:title\" content=\"Abogados de accidentes de peatones en Hamilton, Ohio: Consulta gratuita\" \/>\n<meta property=\"og:description\" content=\"Los abogados de accidentes de peatones de Kruger &amp; Hodges en Hamilton siguen comprometidos a asegurarse de que obtenga la compensaci\u00f3n que merece.\" \/>\n<meta property=\"og:url\" content=\"https:\/\/thehometownlawyers.com\/es\/hamilton\/abogado-de-accidentes-peatonales\/\" \/>\n<meta property=\"og:site_name\" content=\"Kruger &amp; Hodges Abogados De Lesiones\" \/>\n<meta property=\"article:publisher\" content=\"https:\/\/www.facebook.com\/KrugerHodges\/\" \/>\n<meta property=\"article:modified_time\" content=\"2025-03-04T22:54:21+00:00\" \/>\n<meta property=\"og:image\" content=\"https:\/\/thehometownlawyers.com\/wp-content\/uploads\/2021\/08\/pedestrian-walk-signal.jpg\" \/>\n\t<meta property=\"og:image:width\" content=\"1920\" \/>\n\t<meta property=\"og:image:height\" content=\"1080\" \/>\n\t<meta property=\"og:image:type\" content=\"image\/jpeg\" \/>\n<meta name=\"twitter:card\" content=\"summary_large_image\" \/>\n<meta name=\"twitter:label1\" content=\"Tiempo de lectura\" \/>\n\t<meta name=\"twitter:data1\" content=\"3 minutos\" \/>\n<script type=\"application\/ld+json\" class=\"yoast-schema-graph\">{\"@context\":\"https:\\\/\\\/schema.org\",\"@graph\":[{\"@type\":\"WebPage\",\"@id\":\"https:\\\/\\\/thehometownlawyers.com\\\/es\\\/hamilton\\\/abogado-de-accidentes-peatonales\\\/\",\"url\":\"https:\\\/\\\/thehometownlawyers.com\\\/es\\\/hamilton\\\/abogado-de-accidentes-peatonales\\\/\",\"name\":\"Abogados de accidentes de peatones en Hamilton, Ohio: Consulta gratuita\",\"isPartOf\":{\"@id\":\"https:\\\/\\\/thehometownlawyers.com\\\/es\\\/#website\"},\"primaryImageOfPage\":{\"@id\":\"https:\\\/\\\/thehometownlawyers.com\\\/es\\\/hamilton\\\/abogado-de-accidentes-peatonales\\\/#primaryimage\"},\"image\":{\"@id\":\"https:\\\/\\\/thehometownlawyers.com\\\/es\\\/hamilton\\\/abogado-de-accidentes-peatonales\\\/#primaryimage\"},\"thumbnailUrl\":\"https:\\\/\\\/thehometownlawyers.com\\\/wp-content\\\/uploads\\\/2021\\\/08\\\/pedestrian-walk-signal.jpg\",\"datePublished\":\"2020-01-14T15:35:53+00:00\",\"dateModified\":\"2025-03-04T22:54:21+00:00\",\"description\":\"Los abogados de accidentes de peatones de Kruger & Hodges en Hamilton siguen comprometidos a asegurarse de que obtenga la compensaci\u00f3n que merece.\",\"breadcrumb\":{\"@id\":\"https:\\\/\\\/thehometownlawyers.com\\\/es\\\/hamilton\\\/abogado-de-accidentes-peatonales\\\/#breadcrumb\"},\"inLanguage\":\"es\",\"potentialAction\":[{\"@type\":\"ReadAction\",\"target\":[\"https:\\\/\\\/thehometownlawyers.com\\\/es\\\/hamilton\\\/abogado-de-accidentes-peatonales\\\/\"]}]},{\"@type\":\"ImageObject\",\"inLanguage\":\"es\",\"@id\":\"https:\\\/\\\/thehometownlawyers.com\\\/es\\\/hamilton\\\/abogado-de-accidentes-peatonales\\\/#primaryimage\",\"url\":\"https:\\\/\\\/thehometownlawyers.com\\\/wp-content\\\/uploads\\\/2021\\\/08\\\/pedestrian-walk-signal.jpg\",\"contentUrl\":\"https:\\\/\\\/thehometownlawyers.com\\\/wp-content\\\/uploads\\\/2021\\\/08\\\/pedestrian-walk-signal.jpg\",\"width\":1920,\"height\":1080,\"caption\":\"Se\u00f1al de \\\"no caminar\\\"\"},{\"@type\":\"BreadcrumbList\",\"@id\":\"https:\\\/\\\/thehometownlawyers.com\\\/es\\\/hamilton\\\/abogado-de-accidentes-peatonales\\\/#breadcrumb\",\"itemListElement\":[{\"@type\":\"ListItem\",\"position\":1,\"name\":\"Home\",\"item\":\"https:\\\/\\\/thehometownlawyers.com\\\/es\\\/\"},{\"@type\":\"ListItem\",\"position\":2,\"name\":\"Abogados de Lesiones Personales en Hamilton\",\"item\":\"https:\\\/\\\/thehometownlawyers.com\\\/es\\\/\"},{\"@type\":\"ListItem\",\"position\":3,\"name\":\"Abogado de Accidentes Peatonales en Hamilton\"}]},{\"@type\":\"WebSite\",\"@id\":\"https:\\\/\\\/thehometownlawyers.com\\\/es\\\/#website\",\"url\":\"https:\\\/\\\/thehometownlawyers.com\\\/es\\\/\",\"name\":\"Kruger & Hodges Hometown Injury Lawyers | Accident Attorneys\",\"description\":\"Attorneys for Car, Truck and Motorcycle Accidents, Personal Injuries, and Criminal Defense.\",\"publisher\":{\"@id\":\"https:\\\/\\\/thehometownlawyers.com\\\/es\\\/#organization\"},\"alternateName\":\"Kruger & Hodges Personal Injury Lawyers\",\"inLanguage\":\"es\"},{\"@type\":\"Organization\",\"@id\":\"https:\\\/\\\/thehometownlawyers.com\\\/es\\\/#organization\",\"name\":\"Kruger & Hodges Hometown Injury Lawyers\",\"alternateName\":\"Kruger & Hodges Accident Attorneys\",\"url\":\"https:\\\/\\\/thehometownlawyers.com\\\/es\\\/\",\"logo\":{\"@type\":\"ImageObject\",\"inLanguage\":\"es\",\"@id\":\"https:\\\/\\\/thehometownlawyers.com\\\/es\\\/#\\\/schema\\\/logo\\\/image\\\/\",\"url\":\"https:\\\/\\\/thehometownlawyers.com\\\/wp-content\\\/uploads\\\/2025\\\/12\\\/revised-kh-logo-vertical-white-background-scaled.png\",\"contentUrl\":\"https:\\\/\\\/thehometownlawyers.com\\\/wp-content\\\/uploads\\\/2025\\\/12\\\/revised-kh-logo-vertical-white-background-scaled.png\",\"width\":2560,\"height\":1440,\"caption\":\"Kruger & Hodges Hometown Injury Lawyers\"},\"image\":{\"@id\":\"https:\\\/\\\/thehometownlawyers.com\\\/es\\\/#\\\/schema\\\/logo\\\/image\\\/\"},\"sameAs\":[\"https:\\\/\\\/www.facebook.com\\\/KrugerHodges\\\/\",\"https:\\\/\\\/www.instagram.com\\\/krugerhodges\\\/\",\"https:\\\/\\\/www.linkedin.com\\\/company\\\/kruger-hodges-hometown-injury-lawyers\\\/\",\"https:\\\/\\\/www.youtube.com\\\/channel\\\/UCeYcMaMaN2rb9jMlqt4EIdQ\",\"https:\\\/\\\/www.tiktok.com\\\/@thehometownlawyer\"]}]}<\/script>\n<!-- \/ Yoast SEO plugin. -->","yoast_head_json":{"title":"Abogados de accidentes de peatones en Hamilton, Ohio: Consulta gratuita","description":"Los abogados de accidentes de peatones de Kruger & Hodges en Hamilton siguen comprometidos a asegurarse de que obtenga la compensaci\u00f3n que merece.","robots":{"index":"index","follow":"follow","max-snippet":"max-snippet:-1","max-image-preview":"max-image-preview:large","max-video-preview":"max-video-preview:-1"},"canonical":"https:\/\/thehometownlawyers.com\/es\/hamilton\/abogado-de-accidentes-peatonales\/","og_locale":"es_MX","og_type":"article","og_title":"Abogados de accidentes de peatones en Hamilton, Ohio: Consulta gratuita","og_description":"Los abogados de accidentes de peatones de Kruger & Hodges en Hamilton siguen comprometidos a asegurarse de que obtenga la compensaci\u00f3n que merece.","og_url":"https:\/\/thehometownlawyers.com\/es\/hamilton\/abogado-de-accidentes-peatonales\/","og_site_name":"Kruger &amp; Hodges Abogados De Lesiones","article_publisher":"https:\/\/www.facebook.com\/KrugerHodges\/","article_modified_time":"2025-03-04T22:54:21+00:00","og_image":[{"width":1920,"height":1080,"url":"https:\/\/thehometownlawyers.com\/wp-content\/uploads\/2021\/08\/pedestrian-walk-signal.jpg","type":"image\/jpeg"}],"twitter_card":"summary_large_image","twitter_misc":{"Tiempo de lectura":"3 minutos"},"schema":{"@context":"https:\/\/schema.org","@graph":[{"@type":"WebPage","@id":"https:\/\/thehometownlawyers.com\/es\/hamilton\/abogado-de-accidentes-peatonales\/","url":"https:\/\/thehometownlawyers.com\/es\/hamilton\/abogado-de-accidentes-peatonales\/","name":"Abogados de accidentes de peatones en Hamilton, Ohio: Consulta gratuita","isPartOf":{"@id":"https:\/\/thehometownlawyers.com\/es\/#website"},"primaryImageOfPage":{"@id":"https:\/\/thehometownlawyers.com\/es\/hamilton\/abogado-de-accidentes-peatonales\/#primaryimage"},"image":{"@id":"https:\/\/thehometownlawyers.com\/es\/hamilton\/abogado-de-accidentes-peatonales\/#primaryimage"},"thumbnailUrl":"https:\/\/thehometownlawyers.com\/wp-content\/uploads\/2021\/08\/pedestrian-walk-signal.jpg","datePublished":"2020-01-14T15:35:53+00:00","dateModified":"2025-03-04T22:54:21+00:00","description":"Los abogados de accidentes de peatones de Kruger & Hodges en Hamilton siguen comprometidos a asegurarse de que obtenga la compensaci\u00f3n que merece.","breadcrumb":{"@id":"https:\/\/thehometownlawyers.com\/es\/hamilton\/abogado-de-accidentes-peatonales\/#breadcrumb"},"inLanguage":"es","potentialAction":[{"@type":"ReadAction","target":["https:\/\/thehometownlawyers.com\/es\/hamilton\/abogado-de-accidentes-peatonales\/"]}]},{"@type":"ImageObject","inLanguage":"es","@id":"https:\/\/thehometownlawyers.com\/es\/hamilton\/abogado-de-accidentes-peatonales\/#primaryimage","url":"https:\/\/thehometownlawyers.com\/wp-content\/uploads\/2021\/08\/pedestrian-walk-signal.jpg","contentUrl":"https:\/\/thehometownlawyers.com\/wp-content\/uploads\/2021\/08\/pedestrian-walk-signal.jpg","width":1920,"height":1080,"caption":"Se\u00f1al de \"no caminar\""},{"@type":"BreadcrumbList","@id":"https:\/\/thehometownlawyers.com\/es\/hamilton\/abogado-de-accidentes-peatonales\/#breadcrumb","itemListElement":[{"@type":"ListItem","position":1,"name":"Home","item":"https:\/\/thehometownlawyers.com\/es\/"},{"@type":"ListItem","position":2,"name":"Abogados de Lesiones Personales en Hamilton","item":"https:\/\/thehometownlawyers.com\/es\/"},{"@type":"ListItem","position":3,"name":"Abogado de Accidentes Peatonales en Hamilton"}]},{"@type":"WebSite","@id":"https:\/\/thehometownlawyers.com\/es\/#website","url":"https:\/\/thehometownlawyers.com\/es\/","name":"Kruger & Hodges Hometown Injury Lawyers | Accident Attorneys","description":"Attorneys for Car, Truck and Motorcycle Accidents, Personal Injuries, and Criminal Defense.","publisher":{"@id":"https:\/\/thehometownlawyers.com\/es\/#organization"},"alternateName":"Kruger & Hodges Personal Injury Lawyers","inLanguage":"es"},{"@type":"Organization","@id":"https:\/\/thehometownlawyers.com\/es\/#organization","name":"Kruger & Hodges Hometown Injury Lawyers","alternateName":"Kruger & Hodges Accident Attorneys","url":"https:\/\/thehometownlawyers.com\/es\/","logo":{"@type":"ImageObject","inLanguage":"es","@id":"https:\/\/thehometownlawyers.com\/es\/#\/schema\/logo\/image\/","url":"https:\/\/thehometownlawyers.com\/wp-content\/uploads\/2025\/12\/revised-kh-logo-vertical-white-background-scaled.png","contentUrl":"https:\/\/thehometownlawyers.com\/wp-content\/uploads\/2025\/12\/revised-kh-logo-vertical-white-background-scaled.png","width":2560,"height":1440,"caption":"Kruger & Hodges Hometown Injury Lawyers"},"image":{"@id":"https:\/\/thehometownlawyers.com\/es\/#\/schema\/logo\/image\/"},"sameAs":["https:\/\/www.facebook.com\/KrugerHodges\/","https:\/\/www.instagram.com\/krugerhodges\/","https:\/\/www.linkedin.com\/company\/kruger-hodges-hometown-injury-lawyers\/","https:\/\/www.youtube.com\/channel\/UCeYcMaMaN2rb9jMlqt4EIdQ","https:\/\/www.tiktok.com\/@thehometownlawyer"]}]}},"_links":{"self":[{"href":"https:\/\/thehometownlawyers.com\/es\/wp-json\/wp\/v2\/pages\/20968","targetHints":{"allow":["GET"]}}],"collection":[{"href":"https:\/\/thehometownlawyers.com\/es\/wp-json\/wp\/v2\/pages"}],"about":[{"href":"https:\/\/thehometownlawyers.com\/es\/wp-json\/wp\/v2\/types\/page"}],"author":[{"embeddable":true,"href":"https:\/\/thehometownlawyers.com\/es\/wp-json\/wp\/v2\/users\/7"}],"replies":[{"embeddable":true,"href":"https:\/\/thehometownlawyers.com\/es\/wp-json\/wp\/v2\/comments?post=20968"}],"version-history":[{"count":0,"href":"https:\/\/thehometownlawyers.com\/es\/wp-json\/wp\/v2\/pages\/20968\/revisions"}],"up":[{"embeddable":true,"href":"https:\/\/thehometownlawyers.com\/es\/wp-json\/wp\/v2\/pages\/20908"}],"wp:featuredmedia":[{"embeddable":true,"href":"https:\/\/thehometownlawyers.com\/es\/wp-json\/wp\/v2\/media\/20804"}],"wp:attachment":[{"href":"https:\/\/thehometownlawyers.com\/es\/wp-json\/wp\/v2\/media?parent=20968"}],"wp:term":[{"taxonomy":"hc_faqs","embeddable":true,"href":"https:\/\/thehometownlawyers.com\/es\/wp-json\/wp\/v2\/hc_faqs?post=20968"},{"taxonomy":"hc_spanish_faqs","embeddable":true,"href":"https:\/\/thehometownlawyers.com\/es\/wp-json\/wp\/v2\/hc_spanish_faqs?post=20968"}],"curies":[{"name":"wp","href":"https:\/\/api.w.org\/{rel}","templated":true}]}}