{"id":20969,"date":"2020-01-13T11:54:36","date_gmt":"2020-01-13T16:54:36","guid":{"rendered":"https:\/\/thehometownlawyers.com\/?page_id=20969"},"modified":"2025-03-04T17:54:33","modified_gmt":"2025-03-04T22:54:33","slug":"abogados-de-accidentes-de-autobus-en-hamilton-ohio","status":"publish","type":"page","link":"https:\/\/thehometownlawyers.com\/es\/hamilton\/abogado-de-accidente-autobus\/","title":{"rendered":"Abogado de Accidente de Autob\u00fas en Hamilton"},"content":{"rendered":"<p>Los abogados de accidentes de autob\u00fas de <a href=\"https:\/\/thehometownlawyers.com\/es\/acerca-de-los-abogados-de-kruger-hodges\/\">Kruger &amp; Hodges<\/a> en Hamilton, Ohio, representan los intereses de las personas que han resultado lesionadas en un autob\u00fas p\u00fablico o privado. La Autoridad de Tr\u00e1nsito Regional de Butler Country ( <a href=\"https:\/\/www.butlercountyrta.com\/\" target=\"_blank\" rel=\"noopener\">BCRTA<\/a> ) es el sistema de transporte p\u00fablico en Hamilton, Ohio. Si se lesion\u00f3 mientras viajaba en el autob\u00fas debido a un accidente de autob\u00fas, result\u00f3 lesionado como pasajero del autob\u00fas debido a un resbal\u00f3n y ca\u00edda en la propiedad o autobuses de la Autoridad Regional de Tr\u00e1nsito del Condado de Butler, o result\u00f3 lesionado como peat\u00f3n, ciclista o conductor en un accidente de autob\u00fas, es posible que tenga derecho a reclamar da\u00f1os y perjuicios por sus facturas m\u00e9dicas, salarios perdidos y dolor y sufrimiento de la BCRTA. Sin embargo, el proceso de entablar una demanda contra el sistema de autobuses a veces puede ser complejo. Cuando el autob\u00fas est\u00e1 a cargo del gobierno, las leyes para presentar un reclamo contra una entidad gubernamental pueden ser bastante complicadas. Al presentar un reclamo contra el gobierno, es posible que se deban seguir procedimientos espec\u00edficos para presentar un reclamo. Si result\u00f3 herido en un accidente de autob\u00fas que involucr\u00f3 a BCRTA, <a href=\"https:\/\/thehometownlawyers.com\/es\/contacto\/\">comun\u00edquese<\/a> con Kruger &amp; Hodges Attorneys at Law, abogados de accidentes de autob\u00fas que pueden revisar su reclamo y brindarle una hoja de ruta clara a seguir. Es posible que solo tenga una cantidad limitada de tiempo para presentar un reclamo si result\u00f3 herido en un accidente de autob\u00fas que involucr\u00f3 al sistema de transporte p\u00fablico de Hamilton. Considere hablar hoy con un bufete de abogados de accidentes de autob\u00fas en Hamilton, Ohio. Kruger &amp; Hodges Attorneys at Law es un bufete de abogados de accidentes de autob\u00fas en Hamilton, Ohio, que puede ayudarlo con su reclamo.<\/p>\n<h2>\u00bfLastimado por un autob\u00fas o autob\u00fas escolar de la Autoridad Regional de Tr\u00e1nsito de Butler Country?<\/h2>\n<p>Las demandas por accidentes de autob\u00fas contra agencias gubernamentales pueden ser bastante complejas y pueden involucrar a m\u00faltiples partes interesadas. Por ejemplo, si result\u00f3 herido mientras viajaba en un autob\u00fas de la Autoridad de Tr\u00e1nsito Regional del Condado de Butler, es posible que deba seguir el proceso para presentar un reclamo contra una entidad gubernamental. Si el autob\u00fas escolar era un autob\u00fas p\u00fablico, es posible que tambi\u00e9n deba seguir este proceso formal. Es posible que usted y su familia deban presentar su reclamo a trav\u00e9s del Tribunal de Reclamaciones. Si tiene preguntas sobre c\u00f3mo presentar un reclamo si se lastim\u00f3 mientras viajaba en el sistema de autobuses p\u00fablicos en Hamilton o si se lastim\u00f3 en un accidente automovil\u00edstico o choque que involucre un autob\u00fas p\u00fablico, comun\u00edquese hoy con Kruger &amp; Hodges Attorneys at Law, un bufete de abogados de accidentes de autob\u00fas en Hamilton, Ohio.<\/p>\n<p class=\"rs-content-cta rs-content-cta-small\">Para una consulta legal gratuita, llame al <a href=\"tel:+15138943333\">513-894-3333 <\/a><\/p><h2>Reclamos por Accidentes de Autobuses Comerciales en Hamilton, Ohio<\/h2>\n<p>Si result\u00f3 herido en un accidente que involucr\u00f3 a un autob\u00fas privado en Hamilton, Ohio, usted y su familia pueden tener derecho a reclamar da\u00f1os y perjuicios al conductor del autob\u00fas, la compa\u00f1\u00eda de autobuses y las aseguradoras. Las empresas de autobuses comerciales y los conductores deben tener p\u00f3lizas de seguro de l\u00edmite alto que puedan pagar los gastos m\u00e9dicos y otras p\u00e9rdidas en caso de accidente. Sin embargo, no todas las v\u00edctimas y familias est\u00e1n familiarizadas con el proceso de reclamaci\u00f3n de seguros. Si bien las compa\u00f1\u00edas de seguros tienen la responsabilidad de pagarle los da\u00f1os, a veces estas compa\u00f1\u00edas usan estimaciones y f\u00f3rmulas que pueden subestimar sus p\u00e9rdidas. Kruger &amp; Hodges Attorneys at Law es un bufete de abogados de accidentes de autob\u00fas en Hamilton, Ohio, que puede ayudarlo. Nuestros abogados de accidentes de autob\u00fas pueden estimar el valor de sus p\u00e9rdidas y demandar a las compa\u00f1\u00edas de seguros por la cantidad que puede tener derecho a recibir. Nuestra firma puede reunir pruebas y presentarlas a las compa\u00f1\u00edas de seguros para respaldar su reclamo. Tambi\u00e9n podemos negociar con m\u00faltiples partes interesadas y responsabilizarlas. Las compa\u00f1\u00edas de seguros pueden ser responsables de pagar sus p\u00e9rdidas, pero las compa\u00f1\u00edas de autobuses tambi\u00e9n pueden ser responsables si sus acciones provocaron su accidente. Cuanto m\u00e1s alto sea un reclamo y m\u00e1s graves sean sus lesiones, m\u00e1s evidencia necesitar\u00e1 proporcionar a las compa\u00f1\u00edas de seguros para respaldar su reclamo y m\u00e1s rechazo podr\u00eda recibir de los ajustadores de seguros. Tener un abogado de accidentes de autob\u00fas de su lado puede marcar una gran diferencia seg\u00fan la ley. <a href=\"https:\/\/thehometownlawyers.com\/es\/contacto\/\">P\u00f3ngase en contacto<\/a> con Kruger &amp; Hodges Attorneys at Law, abogados de accidentes de autob\u00fas en Hamilton, Ohio, hoy.<\/p>\n<p class=\"rs-content-cta\">Abogado de Lesiones Personales de hamilton Cerca de M\u00ed <a href=\"tel:+15138943333\">513-894-3333<\/a><\/p><h2>Causas comunes de accidentes de autob\u00fas en Hamilton, Ohio<\/h2>\n<p>Hay muchos factores que pueden provocar accidentes de autob\u00fas en Hamilton, Ohio. Los conductores de autobuses comerciales deben cumplir con leyes y reglamentos adicionales. Por ejemplo, est\u00e1n obligados a cumplir con las leyes de horas de servicio. Cuando los conductores de autobuses violan estas leyes, pueden conducir cansados, lo que puede ser peligroso. Otros factores que contribuyen a los accidentes de autob\u00fas incluyen: error del conductor, inexperiencia del conductor, problemas de mantenimiento del autob\u00fas, problemas con las carreteras, sobrecarga del veh\u00edculo, exceso de velocidad, conducci\u00f3n distra\u00edda, conducci\u00f3n imprudente, conducci\u00f3n ebria o drogada o conducci\u00f3n con una condici\u00f3n m\u00e9dica. En Ohio, los conductores de autobuses deben aprobar ex\u00e1menes m\u00e9dicos y tener certificaciones m\u00e9dicas para operar un veh\u00edculo comercial. Cuando los conductores de autobuses no cuentan con esta certificaci\u00f3n, o si est\u00e1n enfermos y est\u00e1n tomando ciertos tipos de medicamentos, esto puede interferir con el desempe\u00f1o del conductor. Kruger &amp; Hodges Attorneys at Law es un bufete de abogados de accidentes de autob\u00fas en Hamilton, Ohio, que puede revisar los factores que llevaron a su accidente. Nuestros abogados pueden responsabilizar a los conductores y a cualquier otra parte responsable.<\/p>\n<p class=\"rs-content-cta rs-content-cta-small\"><a href=\"\/es\/contacto\/\">Haga clic para contactar<\/a> con nuestros lesiones personales abogados hoy<\/p><h2>Busque justicia para sus lesiones por accidentes de autob\u00fas<\/h2>\n<p>Si result\u00f3 herido en un accidente de autob\u00fas en Hamilton, Ohio, es posible que tenga muchas preguntas y que solo tenga un tiempo limitado para presentar un reclamo conforme a la ley. Los abogados de accidentes de autob\u00fas de Kruger &amp; Hodges pueden ayudarlo. <a href=\"https:\/\/thehometownlawyers.com\/es\/contacto\/\">Cont\u00e1ctenos<\/a> hoy para una consulta inicial gratuita.<\/p>\n<p class=\"rs-content-cta rs-content-cta-small\">Llame o env\u00ede un mensaje de texto al <a href=\"tel:+15138943333\">513-894-3333<\/a> o complete una <a href=\"\/es\/contacto\/\">evaluaci\u00f3n gratuita de su caso<\/a><\/p>","protected":false},"excerpt":{"rendered":"<p>Los abogados de accidentes de autob\u00fas de Kruger &amp; Hodges en Hamilton, Ohio, representan los intereses de las personas que han resultado lesionadas en un autob\u00fas p\u00fablico o privado. La Autoridad de Tr\u00e1nsito Regional de Butler Country ( BCRTA ) es el sistema de transporte p\u00fablico en Hamilton, Ohio. Si se lesion\u00f3 mientras viajaba en &#8230;<\/p>\n","protected":false},"author":7,"featured_media":24508,"parent":20908,"menu_order":0,"comment_status":"closed","ping_status":"closed","template":"","meta":{"_acf_changed":false,"inline_featured_image":false,"_genesis_hide_title":false,"_genesis_hide_breadcrumbs":false,"_genesis_hide_singular_image":false,"_genesis_hide_footer_widgets":false,"_genesis_custom_body_class":"","_genesis_custom_post_class":"","_genesis_layout":"","footnotes":""},"hc_faqs":[],"hc_spanish_faqs":[],"class_list":{"0":"post-20969","1":"page","2":"type-page","3":"status-publish","4":"has-post-thumbnail","6":"hc_city_location-hamilton-es-2","7":"entry"},"acf":[],"yoast_head":"<!-- This site is optimized with the Yoast SEO plugin v27.4 - https:\/\/yoast.com\/product\/yoast-seo-wordpress\/ -->\n<title>Abogados de accidentes de autob\u00fas en Hamilton, Ohio: Consulta gratuita<\/title>\n<meta name=\"description\" content=\"Despu\u00e9s de un accidente de autob\u00fas en Ohio, su tiempo para presentar un reclamo est\u00e1 limitado por ley. Nuestros abogados de accidentes de autob\u00fas en Hamilton pueden ayudar.\" \/>\n<meta name=\"robots\" content=\"index, follow, max-snippet:-1, max-image-preview:large, max-video-preview:-1\" \/>\n<link rel=\"canonical\" href=\"https:\/\/thehometownlawyers.com\/es\/hamilton\/abogado-de-accidente-autobus\/\" \/>\n<meta property=\"og:locale\" content=\"es_MX\" \/>\n<meta property=\"og:type\" content=\"article\" \/>\n<meta property=\"og:title\" content=\"Abogados de accidentes de autob\u00fas en Hamilton, Ohio: Consulta gratuita\" \/>\n<meta property=\"og:description\" content=\"Despu\u00e9s de un accidente de autob\u00fas en Ohio, su tiempo para presentar un reclamo est\u00e1 limitado por ley. Nuestros abogados de accidentes de autob\u00fas en Hamilton pueden ayudar.\" \/>\n<meta property=\"og:url\" content=\"https:\/\/thehometownlawyers.com\/es\/hamilton\/abogado-de-accidente-autobus\/\" \/>\n<meta property=\"og:site_name\" content=\"Kruger &amp; Hodges Abogados De Lesiones\" \/>\n<meta property=\"article:publisher\" content=\"https:\/\/www.facebook.com\/KrugerHodges\/\" \/>\n<meta property=\"article:modified_time\" content=\"2025-03-04T22:54:33+00:00\" \/>\n<meta property=\"og:image\" content=\"https:\/\/thehometownlawyers.com\/wp-content\/uploads\/2021\/08\/bus-interior-seats.jpg\" \/>\n\t<meta property=\"og:image:width\" content=\"1920\" \/>\n\t<meta property=\"og:image:height\" content=\"1080\" \/>\n\t<meta property=\"og:image:type\" content=\"image\/jpeg\" \/>\n<meta name=\"twitter:card\" content=\"summary_large_image\" \/>\n<meta name=\"twitter:label1\" content=\"Tiempo de lectura\" \/>\n\t<meta name=\"twitter:data1\" content=\"5 minutos\" \/>\n<script type=\"application\/ld+json\" class=\"yoast-schema-graph\">{\"@context\":\"https:\\\/\\\/schema.org\",\"@graph\":[{\"@type\":\"WebPage\",\"@id\":\"https:\\\/\\\/thehometownlawyers.com\\\/es\\\/hamilton\\\/abogado-de-accidente-autobus\\\/\",\"url\":\"https:\\\/\\\/thehometownlawyers.com\\\/es\\\/hamilton\\\/abogado-de-accidente-autobus\\\/\",\"name\":\"Abogados de accidentes de autob\u00fas en Hamilton, Ohio: Consulta gratuita\",\"isPartOf\":{\"@id\":\"https:\\\/\\\/thehometownlawyers.com\\\/es\\\/#website\"},\"primaryImageOfPage\":{\"@id\":\"https:\\\/\\\/thehometownlawyers.com\\\/es\\\/hamilton\\\/abogado-de-accidente-autobus\\\/#primaryimage\"},\"image\":{\"@id\":\"https:\\\/\\\/thehometownlawyers.com\\\/es\\\/hamilton\\\/abogado-de-accidente-autobus\\\/#primaryimage\"},\"thumbnailUrl\":\"https:\\\/\\\/thehometownlawyers.com\\\/wp-content\\\/uploads\\\/2025\\\/03\\\/bus-interior-seats.jpg\",\"datePublished\":\"2020-01-13T16:54:36+00:00\",\"dateModified\":\"2025-03-04T22:54:33+00:00\",\"description\":\"Despu\u00e9s de un accidente de autob\u00fas en Ohio, su tiempo para presentar un reclamo est\u00e1 limitado por ley. Nuestros abogados de accidentes de autob\u00fas en Hamilton pueden ayudar.\",\"breadcrumb\":{\"@id\":\"https:\\\/\\\/thehometownlawyers.com\\\/es\\\/hamilton\\\/abogado-de-accidente-autobus\\\/#breadcrumb\"},\"inLanguage\":\"es\",\"potentialAction\":[{\"@type\":\"ReadAction\",\"target\":[\"https:\\\/\\\/thehometownlawyers.com\\\/es\\\/hamilton\\\/abogado-de-accidente-autobus\\\/\"]}]},{\"@type\":\"ImageObject\",\"inLanguage\":\"es\",\"@id\":\"https:\\\/\\\/thehometownlawyers.com\\\/es\\\/hamilton\\\/abogado-de-accidente-autobus\\\/#primaryimage\",\"url\":\"https:\\\/\\\/thehometownlawyers.com\\\/wp-content\\\/uploads\\\/2025\\\/03\\\/bus-interior-seats.jpg\",\"contentUrl\":\"https:\\\/\\\/thehometownlawyers.com\\\/wp-content\\\/uploads\\\/2025\\\/03\\\/bus-interior-seats.jpg\",\"width\":768,\"height\":432,\"caption\":\"interior of a bus\"},{\"@type\":\"BreadcrumbList\",\"@id\":\"https:\\\/\\\/thehometownlawyers.com\\\/es\\\/hamilton\\\/abogado-de-accidente-autobus\\\/#breadcrumb\",\"itemListElement\":[{\"@type\":\"ListItem\",\"position\":1,\"name\":\"Home\",\"item\":\"https:\\\/\\\/thehometownlawyers.com\\\/es\\\/\"},{\"@type\":\"ListItem\",\"position\":2,\"name\":\"Abogados de Lesiones Personales en Hamilton\",\"item\":\"https:\\\/\\\/thehometownlawyers.com\\\/es\\\/\"},{\"@type\":\"ListItem\",\"position\":3,\"name\":\"Abogado de Accidente de Autob\u00fas en Hamilton\"}]},{\"@type\":\"WebSite\",\"@id\":\"https:\\\/\\\/thehometownlawyers.com\\\/es\\\/#website\",\"url\":\"https:\\\/\\\/thehometownlawyers.com\\\/es\\\/\",\"name\":\"Kruger & Hodges Hometown Injury Lawyers | Accident Attorneys\",\"description\":\"Attorneys for Car, Truck and Motorcycle Accidents, Personal Injuries, and Criminal Defense.\",\"publisher\":{\"@id\":\"https:\\\/\\\/thehometownlawyers.com\\\/es\\\/#organization\"},\"alternateName\":\"Kruger & Hodges Personal Injury Lawyers\",\"inLanguage\":\"es\"},{\"@type\":\"Organization\",\"@id\":\"https:\\\/\\\/thehometownlawyers.com\\\/es\\\/#organization\",\"name\":\"Kruger & Hodges Hometown Injury Lawyers\",\"alternateName\":\"Kruger & Hodges\",\"url\":\"https:\\\/\\\/thehometownlawyers.com\\\/es\\\/\",\"logo\":{\"@type\":\"ImageObject\",\"inLanguage\":\"es\",\"@id\":\"https:\\\/\\\/thehometownlawyers.com\\\/es\\\/#\\\/schema\\\/logo\\\/image\\\/\",\"url\":\"https:\\\/\\\/thehometownlawyers.com\\\/wp-content\\\/uploads\\\/2025\\\/12\\\/revised-kh-logo-vertical-white-background-scaled.png\",\"contentUrl\":\"https:\\\/\\\/thehometownlawyers.com\\\/wp-content\\\/uploads\\\/2025\\\/12\\\/revised-kh-logo-vertical-white-background-scaled.png\",\"width\":2560,\"height\":1440,\"caption\":\"Kruger & Hodges Hometown Injury Lawyers\"},\"image\":{\"@id\":\"https:\\\/\\\/thehometownlawyers.com\\\/es\\\/#\\\/schema\\\/logo\\\/image\\\/\"},\"sameAs\":[\"https:\\\/\\\/www.facebook.com\\\/KrugerHodges\\\/\",\"https:\\\/\\\/www.instagram.com\\\/krugerhodges\\\/\",\"https:\\\/\\\/www.linkedin.com\\\/company\\\/kruger-hodges-hometown-injury-lawyers\\\/\",\"https:\\\/\\\/www.youtube.com\\\/channel\\\/UCeYcMaMaN2rb9jMlqt4EIdQ\",\"https:\\\/\\\/www.tiktok.com\\\/@thehometownlawyer\"]}]}<\/script>\n<!-- \/ Yoast SEO plugin. -->","yoast_head_json":{"title":"Abogados de accidentes de autob\u00fas en Hamilton, Ohio: Consulta gratuita","description":"Despu\u00e9s de un accidente de autob\u00fas en Ohio, su tiempo para presentar un reclamo est\u00e1 limitado por ley. Nuestros abogados de accidentes de autob\u00fas en Hamilton pueden ayudar.","robots":{"index":"index","follow":"follow","max-snippet":"max-snippet:-1","max-image-preview":"max-image-preview:large","max-video-preview":"max-video-preview:-1"},"canonical":"https:\/\/thehometownlawyers.com\/es\/hamilton\/abogado-de-accidente-autobus\/","og_locale":"es_MX","og_type":"article","og_title":"Abogados de accidentes de autob\u00fas en Hamilton, Ohio: Consulta gratuita","og_description":"Despu\u00e9s de un accidente de autob\u00fas en Ohio, su tiempo para presentar un reclamo est\u00e1 limitado por ley. Nuestros abogados de accidentes de autob\u00fas en Hamilton pueden ayudar.","og_url":"https:\/\/thehometownlawyers.com\/es\/hamilton\/abogado-de-accidente-autobus\/","og_site_name":"Kruger &amp; Hodges Abogados De Lesiones","article_publisher":"https:\/\/www.facebook.com\/KrugerHodges\/","article_modified_time":"2025-03-04T22:54:33+00:00","og_image":[{"width":1920,"height":1080,"url":"https:\/\/thehometownlawyers.com\/wp-content\/uploads\/2021\/08\/bus-interior-seats.jpg","type":"image\/jpeg"}],"twitter_card":"summary_large_image","twitter_misc":{"Tiempo de lectura":"5 minutos"},"schema":{"@context":"https:\/\/schema.org","@graph":[{"@type":"WebPage","@id":"https:\/\/thehometownlawyers.com\/es\/hamilton\/abogado-de-accidente-autobus\/","url":"https:\/\/thehometownlawyers.com\/es\/hamilton\/abogado-de-accidente-autobus\/","name":"Abogados de accidentes de autob\u00fas en Hamilton, Ohio: Consulta gratuita","isPartOf":{"@id":"https:\/\/thehometownlawyers.com\/es\/#website"},"primaryImageOfPage":{"@id":"https:\/\/thehometownlawyers.com\/es\/hamilton\/abogado-de-accidente-autobus\/#primaryimage"},"image":{"@id":"https:\/\/thehometownlawyers.com\/es\/hamilton\/abogado-de-accidente-autobus\/#primaryimage"},"thumbnailUrl":"https:\/\/thehometownlawyers.com\/wp-content\/uploads\/2025\/03\/bus-interior-seats.jpg","datePublished":"2020-01-13T16:54:36+00:00","dateModified":"2025-03-04T22:54:33+00:00","description":"Despu\u00e9s de un accidente de autob\u00fas en Ohio, su tiempo para presentar un reclamo est\u00e1 limitado por ley. Nuestros abogados de accidentes de autob\u00fas en Hamilton pueden ayudar.","breadcrumb":{"@id":"https:\/\/thehometownlawyers.com\/es\/hamilton\/abogado-de-accidente-autobus\/#breadcrumb"},"inLanguage":"es","potentialAction":[{"@type":"ReadAction","target":["https:\/\/thehometownlawyers.com\/es\/hamilton\/abogado-de-accidente-autobus\/"]}]},{"@type":"ImageObject","inLanguage":"es","@id":"https:\/\/thehometownlawyers.com\/es\/hamilton\/abogado-de-accidente-autobus\/#primaryimage","url":"https:\/\/thehometownlawyers.com\/wp-content\/uploads\/2025\/03\/bus-interior-seats.jpg","contentUrl":"https:\/\/thehometownlawyers.com\/wp-content\/uploads\/2025\/03\/bus-interior-seats.jpg","width":768,"height":432,"caption":"interior of a bus"},{"@type":"BreadcrumbList","@id":"https:\/\/thehometownlawyers.com\/es\/hamilton\/abogado-de-accidente-autobus\/#breadcrumb","itemListElement":[{"@type":"ListItem","position":1,"name":"Home","item":"https:\/\/thehometownlawyers.com\/es\/"},{"@type":"ListItem","position":2,"name":"Abogados de Lesiones Personales en Hamilton","item":"https:\/\/thehometownlawyers.com\/es\/"},{"@type":"ListItem","position":3,"name":"Abogado de Accidente de Autob\u00fas en Hamilton"}]},{"@type":"WebSite","@id":"https:\/\/thehometownlawyers.com\/es\/#website","url":"https:\/\/thehometownlawyers.com\/es\/","name":"Kruger & Hodges Hometown Injury Lawyers | Accident Attorneys","description":"Attorneys for Car, Truck and Motorcycle Accidents, Personal Injuries, and Criminal Defense.","publisher":{"@id":"https:\/\/thehometownlawyers.com\/es\/#organization"},"alternateName":"Kruger & Hodges Personal Injury Lawyers","inLanguage":"es"},{"@type":"Organization","@id":"https:\/\/thehometownlawyers.com\/es\/#organization","name":"Kruger & Hodges Hometown Injury Lawyers","alternateName":"Kruger & Hodges","url":"https:\/\/thehometownlawyers.com\/es\/","logo":{"@type":"ImageObject","inLanguage":"es","@id":"https:\/\/thehometownlawyers.com\/es\/#\/schema\/logo\/image\/","url":"https:\/\/thehometownlawyers.com\/wp-content\/uploads\/2025\/12\/revised-kh-logo-vertical-white-background-scaled.png","contentUrl":"https:\/\/thehometownlawyers.com\/wp-content\/uploads\/2025\/12\/revised-kh-logo-vertical-white-background-scaled.png","width":2560,"height":1440,"caption":"Kruger & Hodges Hometown Injury Lawyers"},"image":{"@id":"https:\/\/thehometownlawyers.com\/es\/#\/schema\/logo\/image\/"},"sameAs":["https:\/\/www.facebook.com\/KrugerHodges\/","https:\/\/www.instagram.com\/krugerhodges\/","https:\/\/www.linkedin.com\/company\/kruger-hodges-hometown-injury-lawyers\/","https:\/\/www.youtube.com\/channel\/UCeYcMaMaN2rb9jMlqt4EIdQ","https:\/\/www.tiktok.com\/@thehometownlawyer"]}]}},"_links":{"self":[{"href":"https:\/\/thehometownlawyers.com\/es\/wp-json\/wp\/v2\/pages\/20969","targetHints":{"allow":["GET"]}}],"collection":[{"href":"https:\/\/thehometownlawyers.com\/es\/wp-json\/wp\/v2\/pages"}],"about":[{"href":"https:\/\/thehometownlawyers.com\/es\/wp-json\/wp\/v2\/types\/page"}],"author":[{"embeddable":true,"href":"https:\/\/thehometownlawyers.com\/es\/wp-json\/wp\/v2\/users\/7"}],"replies":[{"embeddable":true,"href":"https:\/\/thehometownlawyers.com\/es\/wp-json\/wp\/v2\/comments?post=20969"}],"version-history":[{"count":0,"href":"https:\/\/thehometownlawyers.com\/es\/wp-json\/wp\/v2\/pages\/20969\/revisions"}],"up":[{"embeddable":true,"href":"https:\/\/thehometownlawyers.com\/es\/wp-json\/wp\/v2\/pages\/20908"}],"wp:featuredmedia":[{"embeddable":true,"href":"https:\/\/thehometownlawyers.com\/es\/wp-json\/wp\/v2\/media\/24508"}],"wp:attachment":[{"href":"https:\/\/thehometownlawyers.com\/es\/wp-json\/wp\/v2\/media?parent=20969"}],"wp:term":[{"taxonomy":"hc_faqs","embeddable":true,"href":"https:\/\/thehometownlawyers.com\/es\/wp-json\/wp\/v2\/hc_faqs?post=20969"},{"taxonomy":"hc_spanish_faqs","embeddable":true,"href":"https:\/\/thehometownlawyers.com\/es\/wp-json\/wp\/v2\/hc_spanish_faqs?post=20969"}],"curies":[{"name":"wp","href":"https:\/\/api.w.org\/{rel}","templated":true}]}}