{"id":20971,"date":"2020-01-13T11:31:26","date_gmt":"2020-01-13T16:31:26","guid":{"rendered":"https:\/\/thehometownlawyers.com\/?page_id=20971"},"modified":"2025-03-17T11:50:09","modified_gmt":"2025-03-17T15:50:09","slug":"abogados-de-accidentes-por-conducir-ebrio-en-hamilton","status":"publish","type":"page","link":"https:\/\/thehometownlawyers.com\/es\/hamilton\/abogado-de-accidentes-automovilisticos\/conducir-ebrio\/","title":{"rendered":"Abogados de Accidente por Conducir Ebrio en Hamilton"},"content":{"rendered":"<h2>Abogados de accidentes por conducir ebrio en Hamilton, Ohio<\/h2>\n<p>Los <a href=\"https:\/\/thehometownlawyers.com\/es\/abogados\/\">abogados de Kruger &amp; Hodges<\/a> son abogados de accidentes por conducir ebrio con oficinas en Hamilton, Eaton y Middletown , Ohio, que trabajan con v\u00edctimas y familias cuyas vidas se han visto afectadas por conductores ebrios. Seg\u00fan Mothers Against Drunk Driving <a href=\"https:\/\/madd.org\/statistics\/\" target=\"_blank\" rel=\"noopener\">(MADD)<\/a> , conducir en estado de ebriedad deja 30 personas muertas cada d\u00eda y resulta en 290,000 lesiones cada a\u00f1o. Las v\u00edctimas por s\u00ed solas no son las \u00fanicas que sufren. La familia, los amigos y los seres queridos tambi\u00e9n sufren cuando una persona resulta herida en un accidente por conducir ebrio. Las lesiones graves pueden dejar a las personas sin trabajo o incapaces de cuidar a sus familias. Es posible que las v\u00edctimas ya no puedan participar en las actividades de la vida que antes disfrutaban. Conducir ebrio es una elecci\u00f3n. Esta elecci\u00f3n tiene el potencial de devastar vidas para siempre. Si usted o un ser querido resultaron heridos en un accidente por conducir en estado de ebriedad, los abogados de accidentes por conducir en estado de ebriedad de Kruger &amp; Hodges en Hamilton, Ohio, representan a las v\u00edctimas. Trabajamos arduamente para proteger los derechos de las v\u00edctimas y hacer que las partes responsables rindan cuentas. Nuestros abogados pueden revisar los detalles de su caso, estimar el valor de su reclamo y luchar para ayudarlo a obtener el mejor acuerdo posible permitido por la ley.<\/p>\n<p class=\"rs-content-cta rs-content-cta-small\">Para una consulta legal gratuita, llame al <a href=\"tel:+15138943333\">513-894-3333 <\/a><\/p><h2>Qu\u00e9 hacer despu\u00e9s de haber sido lastimado por un conductor ebrio en Hamilton, Ohio<\/h2>\n<p>Ya es bastante dif\u00edcil resultar herido en un accidente automovil\u00edstico en Hamilton, Ohio. Pero cuando los individuos borrachos se ponen al volante y lastiman a los inocentes, su ira puede ser a\u00fan mayor. Afortunadamente, la ley ofrece importantes protecciones a las v\u00edctimas de accidentes por conducir ebrio. Sin embargo, los pasos que tome despu\u00e9s de su accidente pueden ser incre\u00edblemente importantes cuando se trata de proteger sus derechos y obtener el acuerdo que podr\u00eda merecer seg\u00fan la ley. Aqu\u00ed hay algunos pasos importantes que puede tomar para protegerse despu\u00e9s de un accidente:<\/p>\n<ul>\n<li><strong>Llame a la polic\u00eda.<\/strong> Siempre llame a la polic\u00eda en la escena del accidente, especialmente si sospecha que el otro conductor ha estado bebiendo. La polic\u00eda puede realizar pruebas de aliento, an\u00e1lisis de sangre y realizar arrestos si el otro conductor estaba ebrio. Sin polic\u00eda en la escena, es solo su palabra contra la palabra del otro conductor. Tener un informe policial que muestre expl\u00edcitamente que el otro conductor fue arrestado por conducir ebrio puede ser incre\u00edblemente \u00fatil.<\/li>\n<li><strong>Busque atenci\u00f3n m\u00e9dica.<\/strong> Si result\u00f3 herido en un accidente, siempre busque atenci\u00f3n m\u00e9dica despu\u00e9s de su accidente y siga las instrucciones de su m\u00e9dico.<\/li>\n<li><strong>P\u00f3ngase en contacto con su compa\u00f1\u00eda de seguros de autom\u00f3viles.<\/strong> Informe su accidente a su compa\u00f1\u00eda de seguros despu\u00e9s de un choque.<\/li>\n<li><strong>Comun\u00edquese con nuestros abogados especialistas en accidentes por conducir ebrio.<\/strong> Los abogados de accidentes por conducir en estado de ebriedad en Hamilton, OH de Kruger &amp; Hodges Attorneys at Law pueden ayudarlo con varios aspectos de su reclamo por accidente por conducir en estado de ebriedad. Puede haber muchas partes interesadas involucradas despu\u00e9s de un reclamo por accidente por conducir ebrio. Por ejemplo, el conductor ebrio mismo puede ser responsable por da\u00f1os y p\u00e9rdidas. La compa\u00f1\u00eda de seguros del conductor ebrio tambi\u00e9n puede ser responsable de cubrir sus p\u00e9rdidas. Adem\u00e1s, las v\u00edctimas y las familias pueden incluso presentar reclamos bajo las &#8220;leyes de tiendas de bebidas alcoh\u00f3licas&#8221; de Ohio. Seg\u00fan la ley, los bares y otros establecimientos que sirven alcohol tienen la responsabilidad de no vender alcohol a sabiendas a una persona que est\u00e9 claramente intoxicada. Si bien los est\u00e1ndares para buscar una compensaci\u00f3n seg\u00fan las leyes de tiendas de bebidas alcoh\u00f3licas de Ohio son altos, si puede demostrar que un bar sirvi\u00f3 alcohol a una persona ebria a pesar de que estaba intoxicada, y luego esta persona tuvo un accidente con usted o un ser querido. uno, es posible que pueda solicitar una compensaci\u00f3n del bar o establecimiento. Finalmente, bajo los fondos de compensaci\u00f3n para v\u00edctimas de delitos de Ohio, las v\u00edctimas y las familias pueden buscar dinero para cubrir sus costos m\u00e9dicos y otras p\u00e9rdidas si un conductor ebrio caus\u00f3 lesiones graves y el seguro o el conductor no podr\u00e1 cubrir todas sus p\u00e9rdidas. Con tantas v\u00edas de justicia para las v\u00edctimas que conducen en estado de ebriedad, puede ser \u00fatil contar con un abogado especializado en casos de conducci\u00f3n en estado de ebriedad de su lado. Si result\u00f3 herido en un accidente en Hamilton, Ohio, considere <a href=\"https:\/\/thehometownlawyers.com\/es\/contacto\/\">comunicarse con los abogados<\/a> de Kruger &amp; Hodges.<\/li>\n<\/ul>\n<p>Estos son solo algunos de los pasos b\u00e1sicos que debe seguir despu\u00e9s de un accidente por conducir ebrio. El consejo de un abogado puede ser primordial cuando se trata de un reclamo por conducir en estado de ebriedad, y la informaci\u00f3n anterior es puramente informativa y no est\u00e1 dise\u00f1ada para reemplazar el consejo de los abogados que conducen en estado de ebriedad como los abogados de Kruger &amp; Hodges Attorneys at Law. Cont\u00e1ctenos hoy para una consulta inicial gratuita.<\/p>\n<p class=\"rs-content-cta\">Abogado de Accidente Automovil\u00edstico de hamilton Cerca de M\u00ed <a href=\"tel:+15138943333\">513-894-3333<\/a><\/p><h2>Buscando justicia para los heridos en Hamilton, Ohio<\/h2>\n<p>Si un conductor ebrio lo lastim\u00f3 en Hamilton, Ohio, es posible que solo tenga una cantidad limitada de tiempo para presentar un caso conforme a la ley. Los abogados de Kruger &amp; Hodges son abogados de accidentes por conducir ebrio en Hamilton que pueden tomarse el tiempo para revisar los informes policiales, estimar el valor de su reclamo y luchar para ayudarlo a obtener el acuerdo que puede merecer seg\u00fan la ley. Podemos brindarle a usted y a su familia una consulta inicial gratuita durante la cual podemos revisar su caso y brindarle una hoja de ruta a seguir. <a href=\"https:\/\/thehometownlawyers.com\/es\/contacto\/\">P\u00f3ngase en contacto<\/a> con los abogados de Kruger &amp; Hodges hoy.<\/p>\n<p class=\"rs-content-cta rs-content-cta-small\">Llame o env\u00ede un mensaje de texto al <a href=\"tel:+15138943333\">513-894-3333<\/a> o complete una <a href=\"\/es\/contacto\/\">evaluaci\u00f3n gratuita de su caso<\/a><\/p>","protected":false},"excerpt":{"rendered":"<p>Abogados de accidentes por conducir ebrio en Hamilton, Ohio Los abogados de Kruger &amp; Hodges son abogados de accidentes por conducir ebrio con oficinas en Hamilton, Eaton y Middletown , Ohio, que trabajan con v\u00edctimas y familias cuyas vidas se han visto afectadas por conductores ebrios. Seg\u00fan Mothers Against Drunk Driving (MADD) , conducir en &#8230;<\/p>\n","protected":false},"author":7,"featured_media":20810,"parent":21048,"menu_order":0,"comment_status":"closed","ping_status":"closed","template":"","meta":{"_acf_changed":false,"inline_featured_image":false,"_genesis_hide_title":false,"_genesis_hide_breadcrumbs":false,"_genesis_hide_singular_image":false,"_genesis_hide_footer_widgets":false,"_genesis_custom_body_class":"","_genesis_custom_post_class":"","_genesis_layout":"","footnotes":""},"hc_faqs":[],"hc_spanish_faqs":[],"class_list":{"0":"post-20971","1":"page","2":"type-page","3":"status-publish","4":"has-post-thumbnail","6":"hc_city_location-hamilton-es-2","7":"entry"},"acf":[],"yoast_head":"<!-- This site is optimized with the Yoast SEO plugin v27.2 - https:\/\/yoast.com\/product\/yoast-seo-wordpress\/ -->\n<title>Abogados de accidentes por conducir ebrio en Hamilton: Consulta gratuita<\/title>\n<meta name=\"description\" content=\"Los abogados de accidentes por conducir ebrio de Kruger &amp; Hodges en Hamilton, OH, le brindar\u00e1n a usted y a su familia una consulta inicial gratuita.\" \/>\n<meta name=\"robots\" content=\"index, follow, max-snippet:-1, max-image-preview:large, max-video-preview:-1\" \/>\n<link rel=\"canonical\" href=\"https:\/\/thehometownlawyers.com\/es\/hamilton\/abogado-de-accidentes-automovilisticos\/conducir-ebrio\/\" \/>\n<meta property=\"og:locale\" content=\"es_MX\" \/>\n<meta property=\"og:type\" content=\"article\" \/>\n<meta property=\"og:title\" content=\"Abogados de accidentes por conducir ebrio en Hamilton: Consulta gratuita\" \/>\n<meta property=\"og:description\" content=\"Los abogados de accidentes por conducir ebrio de Kruger &amp; Hodges en Hamilton, OH, le brindar\u00e1n a usted y a su familia una consulta inicial gratuita.\" \/>\n<meta property=\"og:url\" content=\"https:\/\/thehometownlawyers.com\/es\/hamilton\/abogado-de-accidentes-automovilisticos\/conducir-ebrio\/\" \/>\n<meta property=\"og:site_name\" content=\"Kruger &amp; Hodges Abogados De Lesiones\" \/>\n<meta property=\"article:publisher\" content=\"https:\/\/www.facebook.com\/KrugerHodges\/\" \/>\n<meta property=\"article:modified_time\" content=\"2025-03-17T15:50:09+00:00\" \/>\n<meta property=\"og:image\" content=\"https:\/\/thehometownlawyers.com\/wp-content\/uploads\/2021\/08\/driving-drink-vehicle.jpg\" \/>\n\t<meta property=\"og:image:width\" content=\"1920\" \/>\n\t<meta property=\"og:image:height\" content=\"1080\" \/>\n\t<meta property=\"og:image:type\" content=\"image\/jpeg\" \/>\n<meta name=\"twitter:card\" content=\"summary_large_image\" \/>\n<meta name=\"twitter:label1\" content=\"Tiempo de lectura\" \/>\n\t<meta name=\"twitter:data1\" content=\"5 minutos\" \/>\n<script type=\"application\/ld+json\" class=\"yoast-schema-graph\">{\"@context\":\"https:\/\/schema.org\",\"@graph\":[{\"@type\":\"WebPage\",\"@id\":\"https:\/\/thehometownlawyers.com\/es\/hamilton\/abogado-de-accidentes-automovilisticos\/conducir-ebrio\/\",\"url\":\"https:\/\/thehometownlawyers.com\/es\/hamilton\/abogado-de-accidentes-automovilisticos\/conducir-ebrio\/\",\"name\":\"Abogados de accidentes por conducir ebrio en Hamilton: Consulta gratuita\",\"isPartOf\":{\"@id\":\"https:\/\/thehometownlawyers.com\/es\/#website\"},\"primaryImageOfPage\":{\"@id\":\"https:\/\/thehometownlawyers.com\/es\/hamilton\/abogado-de-accidentes-automovilisticos\/conducir-ebrio\/#primaryimage\"},\"image\":{\"@id\":\"https:\/\/thehometownlawyers.com\/es\/hamilton\/abogado-de-accidentes-automovilisticos\/conducir-ebrio\/#primaryimage\"},\"thumbnailUrl\":\"https:\/\/thehometownlawyers.com\/wp-content\/uploads\/2021\/08\/driving-drink-vehicle.jpg\",\"datePublished\":\"2020-01-13T16:31:26+00:00\",\"dateModified\":\"2025-03-17T15:50:09+00:00\",\"description\":\"Los abogados de accidentes por conducir ebrio de Kruger & Hodges en Hamilton, OH, le brindar\u00e1n a usted y a su familia una consulta inicial gratuita.\",\"breadcrumb\":{\"@id\":\"https:\/\/thehometownlawyers.com\/es\/hamilton\/abogado-de-accidentes-automovilisticos\/conducir-ebrio\/#breadcrumb\"},\"inLanguage\":\"es\",\"potentialAction\":[{\"@type\":\"ReadAction\",\"target\":[\"https:\/\/thehometownlawyers.com\/es\/hamilton\/abogado-de-accidentes-automovilisticos\/conducir-ebrio\/\"]}]},{\"@type\":\"ImageObject\",\"inLanguage\":\"es\",\"@id\":\"https:\/\/thehometownlawyers.com\/es\/hamilton\/abogado-de-accidentes-automovilisticos\/conducir-ebrio\/#primaryimage\",\"url\":\"https:\/\/thehometownlawyers.com\/wp-content\/uploads\/2021\/08\/driving-drink-vehicle.jpg\",\"contentUrl\":\"https:\/\/thehometownlawyers.com\/wp-content\/uploads\/2021\/08\/driving-drink-vehicle.jpg\",\"width\":1920,\"height\":1080,\"caption\":\"abriendo una cerveza mientras conduce\"},{\"@type\":\"BreadcrumbList\",\"@id\":\"https:\/\/thehometownlawyers.com\/es\/hamilton\/abogado-de-accidentes-automovilisticos\/conducir-ebrio\/#breadcrumb\",\"itemListElement\":[{\"@type\":\"ListItem\",\"position\":1,\"name\":\"Home\",\"item\":\"https:\/\/thehometownlawyers.com\/es\/\"},{\"@type\":\"ListItem\",\"position\":2,\"name\":\"Abogados de Lesiones Personales en Hamilton\",\"item\":\"https:\/\/thehometownlawyers.com\/es\/\"},{\"@type\":\"ListItem\",\"position\":3,\"name\":\"Abogado de Accidentes Automovil\u00edsticos en Hamilton\",\"item\":\"https:\/\/thehometownlawyers.com\/es\/abogados-de-accidentes-automovilisticos-de-hamilton\/\"},{\"@type\":\"ListItem\",\"position\":4,\"name\":\"Accidente por Conducir Ebrio\"}]},{\"@type\":\"WebSite\",\"@id\":\"https:\/\/thehometownlawyers.com\/es\/#website\",\"url\":\"https:\/\/thehometownlawyers.com\/es\/\",\"name\":\"Kruger & Hodges Hometown Injury Lawyers | Accident Attorneys\",\"description\":\"Attorneys for Car, Truck and Motorcycle Accidents, Personal Injuries, and Criminal Defense.\",\"publisher\":{\"@id\":\"https:\/\/thehometownlawyers.com\/es\/#organization\"},\"alternateName\":\"Kruger & Hodges Personal Injury Lawyers\",\"inLanguage\":\"es\"},{\"@type\":\"Organization\",\"@id\":\"https:\/\/thehometownlawyers.com\/es\/#organization\",\"name\":\"Kruger & Hodges Hometown Injury Lawyers\",\"alternateName\":\"Kruger & Hodges Accident Attorneys\",\"url\":\"https:\/\/thehometownlawyers.com\/es\/\",\"logo\":{\"@type\":\"ImageObject\",\"inLanguage\":\"es\",\"@id\":\"https:\/\/thehometownlawyers.com\/es\/#\/schema\/logo\/image\/\",\"url\":\"https:\/\/thehometownlawyers.com\/wp-content\/uploads\/2025\/12\/revised-kh-logo-vertical-white-background-scaled.png\",\"contentUrl\":\"https:\/\/thehometownlawyers.com\/wp-content\/uploads\/2025\/12\/revised-kh-logo-vertical-white-background-scaled.png\",\"width\":2560,\"height\":1440,\"caption\":\"Kruger & Hodges Hometown Injury Lawyers\"},\"image\":{\"@id\":\"https:\/\/thehometownlawyers.com\/es\/#\/schema\/logo\/image\/\"},\"sameAs\":[\"https:\/\/www.facebook.com\/KrugerHodges\/\",\"https:\/\/www.instagram.com\/krugerhodges\/\",\"https:\/\/www.linkedin.com\/company\/kruger-hodges-hometown-injury-lawyers\/\",\"https:\/\/www.youtube.com\/channel\/UCeYcMaMaN2rb9jMlqt4EIdQ\",\"https:\/\/www.tiktok.com\/@thehometownlawyer\"]}]}<\/script>\n<!-- \/ Yoast SEO plugin. -->","yoast_head_json":{"title":"Abogados de accidentes por conducir ebrio en Hamilton: Consulta gratuita","description":"Los abogados de accidentes por conducir ebrio de Kruger & Hodges en Hamilton, OH, le brindar\u00e1n a usted y a su familia una consulta inicial gratuita.","robots":{"index":"index","follow":"follow","max-snippet":"max-snippet:-1","max-image-preview":"max-image-preview:large","max-video-preview":"max-video-preview:-1"},"canonical":"https:\/\/thehometownlawyers.com\/es\/hamilton\/abogado-de-accidentes-automovilisticos\/conducir-ebrio\/","og_locale":"es_MX","og_type":"article","og_title":"Abogados de accidentes por conducir ebrio en Hamilton: Consulta gratuita","og_description":"Los abogados de accidentes por conducir ebrio de Kruger & Hodges en Hamilton, OH, le brindar\u00e1n a usted y a su familia una consulta inicial gratuita.","og_url":"https:\/\/thehometownlawyers.com\/es\/hamilton\/abogado-de-accidentes-automovilisticos\/conducir-ebrio\/","og_site_name":"Kruger &amp; Hodges Abogados De Lesiones","article_publisher":"https:\/\/www.facebook.com\/KrugerHodges\/","article_modified_time":"2025-03-17T15:50:09+00:00","og_image":[{"width":1920,"height":1080,"url":"https:\/\/thehometownlawyers.com\/wp-content\/uploads\/2021\/08\/driving-drink-vehicle.jpg","type":"image\/jpeg"}],"twitter_card":"summary_large_image","twitter_misc":{"Tiempo de lectura":"5 minutos"},"schema":{"@context":"https:\/\/schema.org","@graph":[{"@type":"WebPage","@id":"https:\/\/thehometownlawyers.com\/es\/hamilton\/abogado-de-accidentes-automovilisticos\/conducir-ebrio\/","url":"https:\/\/thehometownlawyers.com\/es\/hamilton\/abogado-de-accidentes-automovilisticos\/conducir-ebrio\/","name":"Abogados de accidentes por conducir ebrio en Hamilton: Consulta gratuita","isPartOf":{"@id":"https:\/\/thehometownlawyers.com\/es\/#website"},"primaryImageOfPage":{"@id":"https:\/\/thehometownlawyers.com\/es\/hamilton\/abogado-de-accidentes-automovilisticos\/conducir-ebrio\/#primaryimage"},"image":{"@id":"https:\/\/thehometownlawyers.com\/es\/hamilton\/abogado-de-accidentes-automovilisticos\/conducir-ebrio\/#primaryimage"},"thumbnailUrl":"https:\/\/thehometownlawyers.com\/wp-content\/uploads\/2021\/08\/driving-drink-vehicle.jpg","datePublished":"2020-01-13T16:31:26+00:00","dateModified":"2025-03-17T15:50:09+00:00","description":"Los abogados de accidentes por conducir ebrio de Kruger & Hodges en Hamilton, OH, le brindar\u00e1n a usted y a su familia una consulta inicial gratuita.","breadcrumb":{"@id":"https:\/\/thehometownlawyers.com\/es\/hamilton\/abogado-de-accidentes-automovilisticos\/conducir-ebrio\/#breadcrumb"},"inLanguage":"es","potentialAction":[{"@type":"ReadAction","target":["https:\/\/thehometownlawyers.com\/es\/hamilton\/abogado-de-accidentes-automovilisticos\/conducir-ebrio\/"]}]},{"@type":"ImageObject","inLanguage":"es","@id":"https:\/\/thehometownlawyers.com\/es\/hamilton\/abogado-de-accidentes-automovilisticos\/conducir-ebrio\/#primaryimage","url":"https:\/\/thehometownlawyers.com\/wp-content\/uploads\/2021\/08\/driving-drink-vehicle.jpg","contentUrl":"https:\/\/thehometownlawyers.com\/wp-content\/uploads\/2021\/08\/driving-drink-vehicle.jpg","width":1920,"height":1080,"caption":"abriendo una cerveza mientras conduce"},{"@type":"BreadcrumbList","@id":"https:\/\/thehometownlawyers.com\/es\/hamilton\/abogado-de-accidentes-automovilisticos\/conducir-ebrio\/#breadcrumb","itemListElement":[{"@type":"ListItem","position":1,"name":"Home","item":"https:\/\/thehometownlawyers.com\/es\/"},{"@type":"ListItem","position":2,"name":"Abogados de Lesiones Personales en Hamilton","item":"https:\/\/thehometownlawyers.com\/es\/"},{"@type":"ListItem","position":3,"name":"Abogado de Accidentes Automovil\u00edsticos en Hamilton","item":"https:\/\/thehometownlawyers.com\/es\/abogados-de-accidentes-automovilisticos-de-hamilton\/"},{"@type":"ListItem","position":4,"name":"Accidente por Conducir Ebrio"}]},{"@type":"WebSite","@id":"https:\/\/thehometownlawyers.com\/es\/#website","url":"https:\/\/thehometownlawyers.com\/es\/","name":"Kruger & Hodges Hometown Injury Lawyers | Accident Attorneys","description":"Attorneys for Car, Truck and Motorcycle Accidents, Personal Injuries, and Criminal Defense.","publisher":{"@id":"https:\/\/thehometownlawyers.com\/es\/#organization"},"alternateName":"Kruger & Hodges Personal Injury Lawyers","inLanguage":"es"},{"@type":"Organization","@id":"https:\/\/thehometownlawyers.com\/es\/#organization","name":"Kruger & Hodges Hometown Injury Lawyers","alternateName":"Kruger & Hodges Accident Attorneys","url":"https:\/\/thehometownlawyers.com\/es\/","logo":{"@type":"ImageObject","inLanguage":"es","@id":"https:\/\/thehometownlawyers.com\/es\/#\/schema\/logo\/image\/","url":"https:\/\/thehometownlawyers.com\/wp-content\/uploads\/2025\/12\/revised-kh-logo-vertical-white-background-scaled.png","contentUrl":"https:\/\/thehometownlawyers.com\/wp-content\/uploads\/2025\/12\/revised-kh-logo-vertical-white-background-scaled.png","width":2560,"height":1440,"caption":"Kruger & Hodges Hometown Injury Lawyers"},"image":{"@id":"https:\/\/thehometownlawyers.com\/es\/#\/schema\/logo\/image\/"},"sameAs":["https:\/\/www.facebook.com\/KrugerHodges\/","https:\/\/www.instagram.com\/krugerhodges\/","https:\/\/www.linkedin.com\/company\/kruger-hodges-hometown-injury-lawyers\/","https:\/\/www.youtube.com\/channel\/UCeYcMaMaN2rb9jMlqt4EIdQ","https:\/\/www.tiktok.com\/@thehometownlawyer"]}]}},"_links":{"self":[{"href":"https:\/\/thehometownlawyers.com\/es\/wp-json\/wp\/v2\/pages\/20971","targetHints":{"allow":["GET"]}}],"collection":[{"href":"https:\/\/thehometownlawyers.com\/es\/wp-json\/wp\/v2\/pages"}],"about":[{"href":"https:\/\/thehometownlawyers.com\/es\/wp-json\/wp\/v2\/types\/page"}],"author":[{"embeddable":true,"href":"https:\/\/thehometownlawyers.com\/es\/wp-json\/wp\/v2\/users\/7"}],"replies":[{"embeddable":true,"href":"https:\/\/thehometownlawyers.com\/es\/wp-json\/wp\/v2\/comments?post=20971"}],"version-history":[{"count":0,"href":"https:\/\/thehometownlawyers.com\/es\/wp-json\/wp\/v2\/pages\/20971\/revisions"}],"up":[{"embeddable":true,"href":"https:\/\/thehometownlawyers.com\/es\/wp-json\/wp\/v2\/pages\/21048"}],"wp:featuredmedia":[{"embeddable":true,"href":"https:\/\/thehometownlawyers.com\/es\/wp-json\/wp\/v2\/media\/20810"}],"wp:attachment":[{"href":"https:\/\/thehometownlawyers.com\/es\/wp-json\/wp\/v2\/media?parent=20971"}],"wp:term":[{"taxonomy":"hc_faqs","embeddable":true,"href":"https:\/\/thehometownlawyers.com\/es\/wp-json\/wp\/v2\/hc_faqs?post=20971"},{"taxonomy":"hc_spanish_faqs","embeddable":true,"href":"https:\/\/thehometownlawyers.com\/es\/wp-json\/wp\/v2\/hc_spanish_faqs?post=20971"}],"curies":[{"name":"wp","href":"https:\/\/api.w.org\/{rel}","templated":true}]}}