{"id":20980,"date":"2020-01-13T15:19:44","date_gmt":"2020-01-13T20:19:44","guid":{"rendered":"https:\/\/thehometownlawyers.com\/?page_id=20980"},"modified":"2025-03-17T11:55:18","modified_gmt":"2025-03-17T15:55:18","slug":"abogados-de-defensa-criminal-de-hamilton","status":"publish","type":"page","link":"https:\/\/thehometownlawyers.com\/es\/abogados-de-defensa-criminal-de-hamilton\/","title":{"rendered":"Abogado de Defensa Criminal en Hamilton"},"content":{"rendered":"<h2>Abogados de defensa penal en Hamilton, Middletown y Eaton, Ohio<\/h2>\n<p>Enfrentar cargos criminales puede ser una situaci\u00f3n aterradora porque puede tener una variedad de consecuencias indeseables. Una de las mejores maneras de responder a esta situaci\u00f3n es contactar inmediatamente a un abogado defensor penal con experiencia. Cuanto m\u00e1s espere para obtener un abogado defensor fuerte, es m\u00e1s probable que termine enfrentando consecuencias negativas que durar\u00e1n el resto de su vida. En Kruger &amp; Hodges , <a href=\"https:\/\/thehometownlawyers.com\/es\/acerca-de-los-abogados-de-kruger-hodges\/\">nuestros abogados defensores<\/a> penales de Hamilton saben c\u00f3mo crear una estrategia legal s\u00f3lida para ayudar a responder a una variedad de cargos penales. A lo largo de la defensa, seguiremos comprometidos a asegurarnos de que reciba la mejor representaci\u00f3n posible. Hemos ayudado a muchas personas que han enfrentado circunstancias similares a obtener resultados positivos, y pondremos esta experiencia a su servicio.<\/p>\n<p class=\"rs-content-cta rs-content-cta-small\">Para una consulta legal gratuita, llame al <a href=\"tel:+15138943333\">513-894-3333 <\/a><\/p><h2>Delitos com\u00fanmente imputados en Ohio<\/h2>\n<p>Nuestro asesor legal puede ayudar a defender a las personas <a href=\"https:\/\/codes.ohio.gov\/ohio-revised-code\/title-29\" target=\"_blank\" rel=\"noopener\">contra una variedad<\/a> de cargos penales en Ohio, incluidos los siguientes:<\/p>\n<ul class=\"list_info\">\n<li><a href=\"https:\/\/thehometownlawyers.com\/es\/abogados-de-defensa-criminal-de-hamilton\/abogados-defensores-de-agresion\/\">Asalto agravado<\/a><\/li>\n<li>Incendio provocado<\/li>\n<li>Fraude bancario<\/li>\n<li>Bater\u00eda<\/li>\n<li>Robo<\/li>\n<li>Pornograf\u00eda infantil<\/li>\n<li>Conducta desordenada<\/li>\n<li><a href=\"https:\/\/thehometownlawyers.com\/es\/abogados-de-defensa-criminal-de-hamilton\/abogados-defensores-de-violencia-domestica\/\">Violencia dom\u00e9stica<\/a><\/li>\n<li><a href=\"https:\/\/thehometownlawyers.com\/es\/abogados-de-defensa-criminal-de-hamilton\/abogados-defensores-de-delitos-de-drogas\/\">El tr\u00e1fico de drogas<\/a><\/li>\n<li>Malversaci\u00f3n<\/li>\n<li><a href=\"https:\/\/thehometownlawyers.com\/es\/abogados-de-defensa-criminal-de-hamilton\/abogados-defensores-por-cargos-de-armas\/\">Cargos de armas<\/a><\/li>\n<li>Pega y corre<\/li>\n<li>Homicidio<\/li>\n<li>El robo de identidad<\/li>\n<li>Fraude de seguro<\/li>\n<li><a href=\"https:\/\/thehometownlawyers.com\/es\/abogados-de-defensa-criminal-de-hamilton\/abogados-de-defensa-criminal-juvenil\/\">Defensa juvenil<\/a><\/li>\n<li>Posesi\u00f3n y tr\u00e1fico de marihuana<\/li>\n<li>Asesinato<\/li>\n<li><a href=\"https:\/\/thehometownlawyers.com\/es\/abogados-de-defensa-criminal-de-hamilton\/abogados-defensores-de-ovi-dui-en-hamilton-oh\/\">OVI\/DUI\/DWI<\/a><\/li>\n<li>Proxenetismo<\/li>\n<li><a href=\"https:\/\/thehometownlawyers.com\/es\/abogados-de-defensa-criminal-de-hamilton\/violaciones-de-libertad-condicional\/\">Violaciones de libertad condicional<\/a><\/li>\n<li>Obscenidad<\/li>\n<li>Conducci\u00f3n temeraria<\/li>\n<li>Robo<\/li>\n<li>agresi\u00f3n sexual<\/li>\n<li>Contacto sexual con un menor<\/li>\n<li><a href=\"https:\/\/thehometownlawyers.com\/es\/abogados-de-defensa-criminal-de-hamilton\/abogados-de-defensa-de-robo\/\">Hurto<\/a><\/li>\n<li><a href=\"https:\/\/thehometownlawyers.com\/es\/abogados-de-defensa-criminal-de-hamilton\/abogados-de-consumo-de-alcohol-en-menores\/\">Consumo de menores<\/a><\/li>\n<li>Homicidio vehicular<\/li>\n<li>Homicidio vehicular<\/li>\n<\/ul>\n<p class=\"rs-content-cta\">Abogado de Lesiones Personales de hamilton Abogado de Defensa Criminal en Hamilton Cerca de M\u00ed <a href=\"tel:+15138943333\">513-894-3333<\/a><\/p><h2>El proceso penal en Ohio<\/h2>\n<p>Si lo arrestan y lo acusan de un delito en Ohio, es probable que su caso resulte en algunos de estos pasos o en todos ellos, tal como se describe en la ley de procedimiento penal de Ohio:<\/p>\n<ul>\n<li><strong>Reserva:<\/strong> despu\u00e9s de un arresto, la polic\u00eda lo llevar\u00e1 a la estaci\u00f3n de polic\u00eda donde se le tomar\u00e1n las huellas dactilares, se le fotografiar\u00e1 y se le pedir\u00e1 informaci\u00f3n personal como su edad y fecha de nacimiento.<\/li>\n<li><strong>Lectura de cargos:<\/strong> Despu\u00e9s de ser acusado de un delito penal, har\u00e1 su primera comparecencia ante el tribunal. Durante esta comparecencia, se le informar\u00e1 de los cargos que enfrenta y de sus derechos constitucionales. Tambi\u00e9n se le pedir\u00e1 que se declare culpable del cargo penal de inocencia, culpabilidad o no impugnaci\u00f3n, lo que significa que no cometi\u00f3 el delito pero no puede prevalecer contra los cargos.<\/li>\n<li><strong>Descubrimiento:<\/strong> Como parte de esta fase, su abogado solicitar\u00e1 cualquier prueba asociada con su arresto, incluidas pruebas f\u00edsicas y declaraciones de testigos.<\/li>\n<li><strong>Negociaci\u00f3n de culpabilidad:<\/strong> cuando la evidencia en su contra es particularmente desfavorable, su abogado puede iniciar una negociaci\u00f3n de culpabilidad, que ofrece incentivos a cambio de declararse culpable.<\/li>\n<li><strong>Audiencias preliminares:<\/strong> Como parte de los casos de delitos graves, las audiencias preliminares implican que la acusaci\u00f3n le muestre a su abogado las pruebas que se utilizar\u00e1n en su contra.<\/li>\n<li><strong>Audiencia previa al juicio:<\/strong> la fiscal\u00eda y su abogado durante la audiencia previa al juicio discutir\u00e1n las fortalezas y debilidades de cada lado, lo que podr\u00eda conducir a la renegociaci\u00f3n de un acuerdo de culpabilidad.<\/li>\n<li><strong>El juicio penal:<\/strong> su juicio debe celebrarse dentro de un cierto per\u00edodo de tiempo despu\u00e9s de la acusaci\u00f3n para asegurarse de que no se violen sus derechos constitucionales.<\/li>\n<li><strong>Proceso de apelaci\u00f3n:<\/strong> si lo condenan por un delito penal, es posible que anule esta decisi\u00f3n a trav\u00e9s del proceso de apelaci\u00f3n.<\/li>\n<\/ul>\n<p class=\"rs-content-cta rs-content-cta-small\"><a href=\"\/es\/contacto\/\">Haga clic para contactar<\/a> con nuestros  abogados hoy<\/p><h2>Hable hoy con nuestros abogados defensores penales de Hamilton<\/h2>\n<p>Nuestro asesor legal tiene experiencia ayudando a personas en todo Ohio. Despu\u00e9s de ser retenido, inmediatamente comenzaremos a analizar e investigar a fondo su caso para determinar la mejor manera de responder.<\/p>\n<p>Seguiremos comprometidos a luchar por sus derechos. A veces, nuestros abogados defensores penales de Hamilton pueden ayudar a las personas a evitar condenas penales por completo, mientras que otras veces podemos ayudar a las personas a obtener penas significativamente reducidas. <a href=\"https:\/\/thehometownlawyers.com\/es\/contacto\/\">Comun\u00edquese<\/a> con Kruger &amp; Hodges hoy para programar una evaluaci\u00f3n inicial gratuita de su caso.<\/p>\n<p class=\"rs-content-cta rs-content-cta-small\">Llame o env\u00ede un mensaje de texto al <a href=\"tel:+15138943333\">513-894-3333<\/a> o complete una <a href=\"\/es\/contacto\/\">evaluaci\u00f3n gratuita de su caso<\/a><\/p>","protected":false},"excerpt":{"rendered":"<p>Abogados de defensa penal en Hamilton, Middletown y Eaton, Ohio Enfrentar cargos criminales puede ser una situaci\u00f3n aterradora porque puede tener una variedad de consecuencias indeseables. Una de las mejores maneras de responder a esta situaci\u00f3n es contactar inmediatamente a un abogado defensor penal con experiencia. Cuanto m\u00e1s espere para obtener un abogado defensor fuerte, &#8230;<\/p>\n","protected":false},"author":7,"featured_media":20830,"parent":0,"menu_order":0,"comment_status":"closed","ping_status":"closed","template":"","meta":{"_acf_changed":false,"inline_featured_image":false,"_genesis_hide_title":false,"_genesis_hide_breadcrumbs":false,"_genesis_hide_singular_image":false,"_genesis_hide_footer_widgets":false,"_genesis_custom_body_class":"","_genesis_custom_post_class":"","_genesis_layout":"","footnotes":""},"hc_faqs":[],"hc_spanish_faqs":[],"class_list":{"0":"post-20980","1":"page","2":"type-page","3":"status-publish","4":"has-post-thumbnail","6":"hc_city_location-hamilton-es-2","7":"entry"},"acf":[],"yoast_head":"<!-- This site is optimized with the Yoast SEO plugin v27.3 - https:\/\/yoast.com\/product\/yoast-seo-wordpress\/ -->\n<title>Abogado de Defensa Criminal en Hamilton | Consulta Gratuita<\/title>\n<meta name=\"description\" content=\"Abogado de Defensa Criminal en Hamilton: Luchamos por una compensaci\u00f3n justa en nombre de las familias. Consultas gratuitas. Cont\u00e1ctenos hoy.\" \/>\n<meta name=\"robots\" content=\"index, follow, max-snippet:-1, max-image-preview:large, max-video-preview:-1\" \/>\n<link rel=\"canonical\" href=\"https:\/\/thehometownlawyers.com\/es\/abogados-de-defensa-criminal-de-hamilton\/\" \/>\n<meta property=\"og:locale\" content=\"es_MX\" \/>\n<meta property=\"og:type\" content=\"article\" \/>\n<meta property=\"og:title\" content=\"Abogado de Defensa Criminal en Hamilton | Consulta Gratuita\" \/>\n<meta property=\"og:description\" content=\"Abogado de Defensa Criminal en Hamilton: Luchamos por una compensaci\u00f3n justa en nombre de las familias. Consultas gratuitas. Cont\u00e1ctenos hoy.\" \/>\n<meta property=\"og:url\" content=\"https:\/\/thehometownlawyers.com\/es\/abogados-de-defensa-criminal-de-hamilton\/\" \/>\n<meta property=\"og:site_name\" content=\"Kruger &amp; Hodges Abogados De Lesiones\" \/>\n<meta property=\"article:publisher\" content=\"https:\/\/www.facebook.com\/KrugerHodges\/\" \/>\n<meta property=\"article:modified_time\" content=\"2025-03-17T15:55:18+00:00\" \/>\n<meta property=\"og:image\" content=\"https:\/\/thehometownlawyers.com\/wp-content\/uploads\/2021\/08\/courthouse-columns-building.jpg\" \/>\n\t<meta property=\"og:image:width\" content=\"1920\" \/>\n\t<meta property=\"og:image:height\" content=\"1080\" \/>\n\t<meta property=\"og:image:type\" content=\"image\/jpeg\" \/>\n<meta name=\"twitter:card\" content=\"summary_large_image\" \/>\n<meta name=\"twitter:label1\" content=\"Tiempo de lectura\" \/>\n\t<meta name=\"twitter:data1\" content=\"3 minutos\" \/>\n<script type=\"application\/ld+json\" class=\"yoast-schema-graph\">{\"@context\":\"https:\\\/\\\/schema.org\",\"@graph\":[{\"@type\":\"WebPage\",\"@id\":\"https:\\\/\\\/thehometownlawyers.com\\\/es\\\/abogados-de-defensa-criminal-de-hamilton\\\/\",\"url\":\"https:\\\/\\\/thehometownlawyers.com\\\/es\\\/abogados-de-defensa-criminal-de-hamilton\\\/\",\"name\":\"Abogado de Defensa Criminal en Hamilton | Consulta Gratuita\",\"isPartOf\":{\"@id\":\"https:\\\/\\\/thehometownlawyers.com\\\/es\\\/#website\"},\"primaryImageOfPage\":{\"@id\":\"https:\\\/\\\/thehometownlawyers.com\\\/es\\\/abogados-de-defensa-criminal-de-hamilton\\\/#primaryimage\"},\"image\":{\"@id\":\"https:\\\/\\\/thehometownlawyers.com\\\/es\\\/abogados-de-defensa-criminal-de-hamilton\\\/#primaryimage\"},\"thumbnailUrl\":\"https:\\\/\\\/thehometownlawyers.com\\\/wp-content\\\/uploads\\\/2021\\\/08\\\/courthouse-columns-building.jpg\",\"datePublished\":\"2020-01-13T20:19:44+00:00\",\"dateModified\":\"2025-03-17T15:55:18+00:00\",\"description\":\"Abogado de Defensa Criminal en Hamilton: Luchamos por una compensaci\u00f3n justa en nombre de las familias. Consultas gratuitas. Cont\u00e1ctenos hoy.\",\"breadcrumb\":{\"@id\":\"https:\\\/\\\/thehometownlawyers.com\\\/es\\\/abogados-de-defensa-criminal-de-hamilton\\\/#breadcrumb\"},\"inLanguage\":\"es\",\"potentialAction\":[{\"@type\":\"ReadAction\",\"target\":[\"https:\\\/\\\/thehometownlawyers.com\\\/es\\\/abogados-de-defensa-criminal-de-hamilton\\\/\"]}]},{\"@type\":\"ImageObject\",\"inLanguage\":\"es\",\"@id\":\"https:\\\/\\\/thehometownlawyers.com\\\/es\\\/abogados-de-defensa-criminal-de-hamilton\\\/#primaryimage\",\"url\":\"https:\\\/\\\/thehometownlawyers.com\\\/wp-content\\\/uploads\\\/2021\\\/08\\\/courthouse-columns-building.jpg\",\"contentUrl\":\"https:\\\/\\\/thehometownlawyers.com\\\/wp-content\\\/uploads\\\/2021\\\/08\\\/courthouse-columns-building.jpg\",\"width\":1920,\"height\":1080,\"caption\":\"columnas de un edificio de juzgados\"},{\"@type\":\"BreadcrumbList\",\"@id\":\"https:\\\/\\\/thehometownlawyers.com\\\/es\\\/abogados-de-defensa-criminal-de-hamilton\\\/#breadcrumb\",\"itemListElement\":[{\"@type\":\"ListItem\",\"position\":1,\"name\":\"Home\",\"item\":\"https:\\\/\\\/thehometownlawyers.com\\\/es\\\/\"},{\"@type\":\"ListItem\",\"position\":2,\"name\":\"Abogado de Defensa Criminal en Hamilton\"}]},{\"@type\":\"WebSite\",\"@id\":\"https:\\\/\\\/thehometownlawyers.com\\\/es\\\/#website\",\"url\":\"https:\\\/\\\/thehometownlawyers.com\\\/es\\\/\",\"name\":\"Kruger & Hodges Hometown Injury Lawyers | Accident Attorneys\",\"description\":\"Attorneys for Car, Truck and Motorcycle Accidents, Personal Injuries, and Criminal Defense.\",\"publisher\":{\"@id\":\"https:\\\/\\\/thehometownlawyers.com\\\/es\\\/#organization\"},\"alternateName\":\"Kruger & Hodges Personal Injury Lawyers\",\"inLanguage\":\"es\"},{\"@type\":\"Organization\",\"@id\":\"https:\\\/\\\/thehometownlawyers.com\\\/es\\\/#organization\",\"name\":\"Kruger & Hodges Hometown Injury Lawyers\",\"alternateName\":\"Kruger & Hodges\",\"url\":\"https:\\\/\\\/thehometownlawyers.com\\\/es\\\/\",\"logo\":{\"@type\":\"ImageObject\",\"inLanguage\":\"es\",\"@id\":\"https:\\\/\\\/thehometownlawyers.com\\\/es\\\/#\\\/schema\\\/logo\\\/image\\\/\",\"url\":\"https:\\\/\\\/thehometownlawyers.com\\\/wp-content\\\/uploads\\\/2025\\\/12\\\/revised-kh-logo-vertical-white-background-scaled.png\",\"contentUrl\":\"https:\\\/\\\/thehometownlawyers.com\\\/wp-content\\\/uploads\\\/2025\\\/12\\\/revised-kh-logo-vertical-white-background-scaled.png\",\"width\":2560,\"height\":1440,\"caption\":\"Kruger & Hodges Hometown Injury Lawyers\"},\"image\":{\"@id\":\"https:\\\/\\\/thehometownlawyers.com\\\/es\\\/#\\\/schema\\\/logo\\\/image\\\/\"},\"sameAs\":[\"https:\\\/\\\/www.facebook.com\\\/KrugerHodges\\\/\",\"https:\\\/\\\/www.instagram.com\\\/krugerhodges\\\/\",\"https:\\\/\\\/www.linkedin.com\\\/company\\\/kruger-hodges-hometown-injury-lawyers\\\/\",\"https:\\\/\\\/www.youtube.com\\\/channel\\\/UCeYcMaMaN2rb9jMlqt4EIdQ\",\"https:\\\/\\\/www.tiktok.com\\\/@thehometownlawyer\"]}]}<\/script>\n<!-- \/ Yoast SEO plugin. -->","yoast_head_json":{"title":"Abogado de Defensa Criminal en Hamilton | Consulta Gratuita","description":"Abogado de Defensa Criminal en Hamilton: Luchamos por una compensaci\u00f3n justa en nombre de las familias. Consultas gratuitas. Cont\u00e1ctenos hoy.","robots":{"index":"index","follow":"follow","max-snippet":"max-snippet:-1","max-image-preview":"max-image-preview:large","max-video-preview":"max-video-preview:-1"},"canonical":"https:\/\/thehometownlawyers.com\/es\/abogados-de-defensa-criminal-de-hamilton\/","og_locale":"es_MX","og_type":"article","og_title":"Abogado de Defensa Criminal en Hamilton | Consulta Gratuita","og_description":"Abogado de Defensa Criminal en Hamilton: Luchamos por una compensaci\u00f3n justa en nombre de las familias. Consultas gratuitas. Cont\u00e1ctenos hoy.","og_url":"https:\/\/thehometownlawyers.com\/es\/abogados-de-defensa-criminal-de-hamilton\/","og_site_name":"Kruger &amp; Hodges Abogados De Lesiones","article_publisher":"https:\/\/www.facebook.com\/KrugerHodges\/","article_modified_time":"2025-03-17T15:55:18+00:00","og_image":[{"width":1920,"height":1080,"url":"https:\/\/thehometownlawyers.com\/wp-content\/uploads\/2021\/08\/courthouse-columns-building.jpg","type":"image\/jpeg"}],"twitter_card":"summary_large_image","twitter_misc":{"Tiempo de lectura":"3 minutos"},"schema":{"@context":"https:\/\/schema.org","@graph":[{"@type":"WebPage","@id":"https:\/\/thehometownlawyers.com\/es\/abogados-de-defensa-criminal-de-hamilton\/","url":"https:\/\/thehometownlawyers.com\/es\/abogados-de-defensa-criminal-de-hamilton\/","name":"Abogado de Defensa Criminal en Hamilton | Consulta Gratuita","isPartOf":{"@id":"https:\/\/thehometownlawyers.com\/es\/#website"},"primaryImageOfPage":{"@id":"https:\/\/thehometownlawyers.com\/es\/abogados-de-defensa-criminal-de-hamilton\/#primaryimage"},"image":{"@id":"https:\/\/thehometownlawyers.com\/es\/abogados-de-defensa-criminal-de-hamilton\/#primaryimage"},"thumbnailUrl":"https:\/\/thehometownlawyers.com\/wp-content\/uploads\/2021\/08\/courthouse-columns-building.jpg","datePublished":"2020-01-13T20:19:44+00:00","dateModified":"2025-03-17T15:55:18+00:00","description":"Abogado de Defensa Criminal en Hamilton: Luchamos por una compensaci\u00f3n justa en nombre de las familias. Consultas gratuitas. Cont\u00e1ctenos hoy.","breadcrumb":{"@id":"https:\/\/thehometownlawyers.com\/es\/abogados-de-defensa-criminal-de-hamilton\/#breadcrumb"},"inLanguage":"es","potentialAction":[{"@type":"ReadAction","target":["https:\/\/thehometownlawyers.com\/es\/abogados-de-defensa-criminal-de-hamilton\/"]}]},{"@type":"ImageObject","inLanguage":"es","@id":"https:\/\/thehometownlawyers.com\/es\/abogados-de-defensa-criminal-de-hamilton\/#primaryimage","url":"https:\/\/thehometownlawyers.com\/wp-content\/uploads\/2021\/08\/courthouse-columns-building.jpg","contentUrl":"https:\/\/thehometownlawyers.com\/wp-content\/uploads\/2021\/08\/courthouse-columns-building.jpg","width":1920,"height":1080,"caption":"columnas de un edificio de juzgados"},{"@type":"BreadcrumbList","@id":"https:\/\/thehometownlawyers.com\/es\/abogados-de-defensa-criminal-de-hamilton\/#breadcrumb","itemListElement":[{"@type":"ListItem","position":1,"name":"Home","item":"https:\/\/thehometownlawyers.com\/es\/"},{"@type":"ListItem","position":2,"name":"Abogado de Defensa Criminal en Hamilton"}]},{"@type":"WebSite","@id":"https:\/\/thehometownlawyers.com\/es\/#website","url":"https:\/\/thehometownlawyers.com\/es\/","name":"Kruger & Hodges Hometown Injury Lawyers | Accident Attorneys","description":"Attorneys for Car, Truck and Motorcycle Accidents, Personal Injuries, and Criminal Defense.","publisher":{"@id":"https:\/\/thehometownlawyers.com\/es\/#organization"},"alternateName":"Kruger & Hodges Personal Injury Lawyers","inLanguage":"es"},{"@type":"Organization","@id":"https:\/\/thehometownlawyers.com\/es\/#organization","name":"Kruger & Hodges Hometown Injury Lawyers","alternateName":"Kruger & Hodges","url":"https:\/\/thehometownlawyers.com\/es\/","logo":{"@type":"ImageObject","inLanguage":"es","@id":"https:\/\/thehometownlawyers.com\/es\/#\/schema\/logo\/image\/","url":"https:\/\/thehometownlawyers.com\/wp-content\/uploads\/2025\/12\/revised-kh-logo-vertical-white-background-scaled.png","contentUrl":"https:\/\/thehometownlawyers.com\/wp-content\/uploads\/2025\/12\/revised-kh-logo-vertical-white-background-scaled.png","width":2560,"height":1440,"caption":"Kruger & Hodges Hometown Injury Lawyers"},"image":{"@id":"https:\/\/thehometownlawyers.com\/es\/#\/schema\/logo\/image\/"},"sameAs":["https:\/\/www.facebook.com\/KrugerHodges\/","https:\/\/www.instagram.com\/krugerhodges\/","https:\/\/www.linkedin.com\/company\/kruger-hodges-hometown-injury-lawyers\/","https:\/\/www.youtube.com\/channel\/UCeYcMaMaN2rb9jMlqt4EIdQ","https:\/\/www.tiktok.com\/@thehometownlawyer"]}]}},"_links":{"self":[{"href":"https:\/\/thehometownlawyers.com\/es\/wp-json\/wp\/v2\/pages\/20980","targetHints":{"allow":["GET"]}}],"collection":[{"href":"https:\/\/thehometownlawyers.com\/es\/wp-json\/wp\/v2\/pages"}],"about":[{"href":"https:\/\/thehometownlawyers.com\/es\/wp-json\/wp\/v2\/types\/page"}],"author":[{"embeddable":true,"href":"https:\/\/thehometownlawyers.com\/es\/wp-json\/wp\/v2\/users\/7"}],"replies":[{"embeddable":true,"href":"https:\/\/thehometownlawyers.com\/es\/wp-json\/wp\/v2\/comments?post=20980"}],"version-history":[{"count":0,"href":"https:\/\/thehometownlawyers.com\/es\/wp-json\/wp\/v2\/pages\/20980\/revisions"}],"wp:featuredmedia":[{"embeddable":true,"href":"https:\/\/thehometownlawyers.com\/es\/wp-json\/wp\/v2\/media\/20830"}],"wp:attachment":[{"href":"https:\/\/thehometownlawyers.com\/es\/wp-json\/wp\/v2\/media?parent=20980"}],"wp:term":[{"taxonomy":"hc_faqs","embeddable":true,"href":"https:\/\/thehometownlawyers.com\/es\/wp-json\/wp\/v2\/hc_faqs?post=20980"},{"taxonomy":"hc_spanish_faqs","embeddable":true,"href":"https:\/\/thehometownlawyers.com\/es\/wp-json\/wp\/v2\/hc_spanish_faqs?post=20980"}],"curies":[{"name":"wp","href":"https:\/\/api.w.org\/{rel}","templated":true}]}}