{"id":20982,"date":"2020-01-14T11:44:21","date_gmt":"2020-01-14T16:44:21","guid":{"rendered":"https:\/\/thehometownlawyers.com\/?page_id=20982"},"modified":"2025-03-04T17:54:41","modified_gmt":"2025-03-04T22:54:41","slug":"abogados-de-mordedura-de-perro-en-hamilton-oh","status":"publish","type":"page","link":"https:\/\/thehometownlawyers.com\/es\/hamilton\/abogado-de-mordedura-de-perro\/","title":{"rendered":"Abogado de Mordedura de Perro en Hamilton"},"content":{"rendered":"<h2>Abogados de mordedura de perro en Hamilton, Ohio<\/h2>\n<p>Hay una gran cantidad de personas en el estado de Ohio que disfrutan de los perros. Si bien la mayor\u00eda de los perros son amigables, hay algunos perros que atacan y muerden a v\u00edctimas inocentes. Las leyes que se aplican cuando los perros atacan a las personas en Ohio pueden ser particularmente complicadas. Si usted o un ser querido ha sido v\u00edctima de un ataque de mordedura de perro, es fundamental obtener la asistencia de nuestros abogados experimentados en mordeduras de perros en Hamilton, quienes pueden ayudarlo a obtener la compensaci\u00f3n que necesita de las partes responsables.<\/p>\n<p class=\"rs-content-cta rs-content-cta-small\">Para una consulta legal gratuita, llame al <a href=\"tel:+15138943333\">513-894-3333 <\/a><\/p><h2>Estad\u00edsticas sobre los ataques de mordedura de perro<\/h2>\n<p><a href=\"https:\/\/www.cdc.gov\/mmwr\/preview\/mmwrhtml\/mm5226a1.htm\" target=\"_blank\" rel=\"noopener\">Los Centros para el Control de Enfermedades<\/a> informan que cada a\u00f1o se producen m\u00e1s de 4,7 millones de ataques de mordeduras de perros en los Estados Unidos. Las estad\u00edsticas sugieren que aproximadamente 800.000 de estos ataques resultan en lesiones lo suficientemente graves como para requerir atenci\u00f3n m\u00e9dica. Varias docenas de personas en los Estados Unidos tambi\u00e9n mueren cada a\u00f1o debido a ataques de perros.<\/p>\n<p>Seg\u00fan <a href=\"https:\/\/www.dogsbite.org\/\" target=\"_blank\" rel=\"noopener\">otro informe<\/a> de DogsBite.org, m\u00e1s de 35 razas de perros fueron responsables de 433 muertes en los Estados Unidos durante 13 a\u00f1os. Si bien este informe se realiz\u00f3 a nivel nacional, se observan tendencias similares en todo el estado de Ohio.<\/p>\n<p>Hace varios a\u00f1os, el Especialista Ambiental Principal del Tribunal Ambiental del Condado de Franklin testific\u00f3 que en 2009 hubo 126 casos de mordeduras de perros en el Condado de Franklin y que el 38% de estos ataques involucraron pitbulls. Tambi\u00e9n en 2009, los representantes del Departamento de Salud del Condado de Toledo Lucas revelaron en 2009 que hubo 380 casos de mordeduras en total, con un 65% de pitbulls.<\/p>\n<p>M\u00e1s tarde, en 2001, un representante del Departamento de Salud P\u00fablica de los condados de Dayton y Montgomery revel\u00f3 que entre junio de 2010 y junio de 2011 hubo 736 incidentes de mordeduras de perros, con un 16 % de pitbulls y otro 6 % de mezclas de laboratorio. Algunos de los casos m\u00e1s recientes que involucran ataques graves de perros en el pa\u00eds incluyen los siguientes:<\/p>\n<ul>\n<li>Una ni\u00f1a de 5 a\u00f1os result\u00f3 gravemente herida en un ataque de un perro de Hamilton que le fractur\u00f3 la mand\u00edbula en dos lugares y requiri\u00f3 la inserci\u00f3n de una placa de metal.<\/li>\n<li>Un ni\u00f1o de 6 a\u00f1os recibi\u00f3 m\u00e1s de 200 puntos y termin\u00f3 necesitando una cirug\u00eda pl\u00e1stica luego de un ataque de un perro en Springfield.<\/li>\n<li>Un ni\u00f1o de 12 a\u00f1os de Georgetown fue mutilado tan gravemente por un perro que fue transportado en helic\u00f3ptero al Hospital Infantil de Cincinnati.<\/li>\n<li>Varias personas son atacadas por una manada de perros en Akron, incluida una mujer que sufri\u00f3 graves heridas por mordedura en las piernas y los pies.<\/li>\n<\/ul>\n<p class=\"rs-content-cta\">Abogado de Lesiones Personales de hamilton Cerca de M\u00ed <a href=\"tel:+15138943333\">513-894-3333<\/a><\/p><h2>\u00bfQu\u00e9 razas de perros muerden m\u00e1s en Ohio?<\/h2>\n<p>Cualquier perro puede ser impredecible, pero las estad\u00edsticas revelan que algunos tipos de perros son m\u00e1s peligrosos que otros. A pesar de que una raza puede verse como peligrosa, todav\u00eda hay muchos perros dentro de esa raza con disposiciones dulces. Dicho esto, es \u00fatil conocer los tipos de perros con los que se debe ser especialmente cauteloso. Cada a\u00f1o, el Centro para el Control de Enfermedades publica una lista de estad\u00edsticas relacionadas con las mordeduras de perros que ocurren en los Estados Unidos. Algunas de las razas de perros que m\u00e1s atacan o muerden son:<\/p>\n<ul>\n<li>pastores australianos<\/li>\n<li>bulldogs<\/li>\n<li>bull terrier<\/li>\n<li>chihuahuas<\/li>\n<li>perros de aguas de cocker<\/li>\n<li>pastores alemanes<\/li>\n<li>terriers jack russell<\/li>\n<li>lhasa apsos<\/li>\n<li>Papillon<\/li>\n<li>pekin\u00e9s<\/li>\n<li>pitbulls<\/li>\n<\/ul>\n<p class=\"rs-content-cta rs-content-cta-small\"><a href=\"\/es\/contacto\/\">Haga clic para contactar<\/a> con nuestros lesiones personales abogados hoy<\/p><h2>Factores comunes involucrados en las mordeduras y ataques de perros en Ohio<\/h2>\n<p>Cuando ocurren ataques de perros en Ohio, m\u00e1s del 80% de estos accidentes involucran algunos factores comunes, que incluyen:<\/p>\n<ul>\n<li>El due\u00f1o del perro no castr\u00f3 ni roci\u00f3 al animal<\/li>\n<li>El perro fue abusado o descuidado hasta cierto punto.<\/li>\n<li>Ninguna persona capacitada podr\u00eda intervenir<\/li>\n<li>La v\u00edctima no ten\u00eda relaci\u00f3n con el animal.<\/li>\n<li>La v\u00edctima estaba comprometida por la edad o condici\u00f3n f\u00edsica<\/li>\n<\/ul>\n<p class=\"rs-content-cta rs-content-cta-small\">Complete una <a href=\"\/es\/contacto\/\">evaluaci\u00f3n gratuita de su caso<\/a> ahora<\/p><h2>Las mordeduras de perro y la ley de Ohio<\/h2>\n<p>El estado de Ohio sigue leyes estrictas de responsabilidad cuando se trata de mordeduras de perros, lo que significa que si un perro ataca a una persona, el due\u00f1o del perro es responsable de los da\u00f1os y lesiones resultantes. Estas leyes no exigen que un perro se considere peligroso antes del incidente. No solo las leyes estatales entran en juego cuando ocurren ataques y mordeduras de perros en Ohio, tambi\u00e9n existen numerosas ordenanzas municipales con respecto a los ataques de perros en todo el estado. Por ejemplo, 24 ciudades de Ohio, incluidas Cincinnati, Cleveland y Toledo, <a href=\"https:\/\/www.dogsbite.org\/legislating-dangerous-dogs-ohio.php\" target=\"_blank\" rel=\"noopener\">restringen o proh\u00edben<\/a> la posesi\u00f3n de pitbulls. Otras ciudades como Akron y Brook Park proh\u00edben los bulldogs americanos.<\/p>\n<h2>La clasificaci\u00f3n de &#8220;perro peligroso&#8221; en Ohio<\/h2>\n<p>La ley de Ohio establece que un perro que ataca o muerde a una persona debe registrarse como un &#8220;perro peligroso&#8221; y luego estar\u00e1 sujeto a varias restricciones. Por ejemplo, estos perros, con la excepci\u00f3n de la caza, deben llevar una correa de menos de seis pies de largo. El perro tambi\u00e9n debe mantenerse en un \u00e1rea confinada y cerrada como una jaula o un patio. Adem\u00e1s, los perros peligrosos deben llevar etiquetas que los designen como tales. Una persona que falla tres veces en controlar a un perro peligroso debe obtener un seguro de responsabilidad civil en caso de que el animal lastime a alguien.<\/p>\n<h2>Propietarios de Ohio y responsabilidad por mordeduras de perro<\/h2>\n<p>Los propietarios en Ohio generalmente no son responsables de las acciones de los perros de un inquilino. En situaciones en las que el due\u00f1o del perro es due\u00f1o de la propiedad donde ocurri\u00f3 el ataque, el seguro de propietario a menudo cubrir\u00e1 cosas como facturas m\u00e9dicas y otros da\u00f1os. Los inquilinos, sin embargo, a menudo carecen de seguro de inquilinos para pagar las lesiones y otros da\u00f1os causados por ataques de perros. En consecuencia, muchas v\u00edctimas de ataques de perros que involucran animales propiedad de los inquilinos siguen varias estrategias legales para responsabilizar a los propietarios.<\/p>\n<p>Algunas de las situaciones m\u00e1s comunes en las que los propietarios de Ohio pueden ser considerados responsables de un ataque incluyen cuando los propietarios albergan, mantienen o son due\u00f1os de un perro. La ley de Ohio considera que una persona alberga un perro cuando esa persona controla el lugar donde vive el perro. Los propietarios tambi\u00e9n pueden ser considerados responsables de un ataque de perro si controlaban directamente al animal en el momento en que ocurri\u00f3 el ataque.<\/p>\n<h2>Una nota especial sobre las mordeduras de perros y los ni\u00f1os<\/h2>\n<p>Los ni\u00f1os corren un riesgo elevado de sufrir lesiones graves por ataques de perros. Sin embargo, existen algunas estrategias cr\u00edticas que pueden ayudar a mantener seguros a los ni\u00f1os. Uno de los mejores lugares para comenzar es ense\u00f1ar a los ni\u00f1os a pedir siempre permiso al due\u00f1o o al controlador del perro antes de acariciar al animal, especialmente si el ni\u00f1o no conoce al perro. Tambi\u00e9n es una gran idea ense\u00f1ar a los ni\u00f1os a estar atentos al lenguaje corporal de los perros, particularmente notando cuando el animal est\u00e1 inc\u00f3modo o amenazado.<\/p>\n<h2>Defensas Comunes de los Abogados de Mordeduras de Perro<\/h2>\n<p>Hay una variedad de defensas que se pueden presentar despu\u00e9s de una mordedura de perro para evitar que una persona obtenga una compensaci\u00f3n por los da\u00f1os resultantes. Algunas de estas defensas incluyen que la v\u00edctima estaba invadiendo la propiedad del due\u00f1o del perro, la v\u00edctima estaba cometiendo un delito en la propiedad del due\u00f1o del perro, la v\u00edctima estaba cometiendo un delito contra otra persona o la v\u00edctima estaba abusando o molestando al perro con el perro. propiedad del propietario. Las v\u00edctimas de mordeduras de perros que viven con la persona propietaria del perro en cuesti\u00f3n tambi\u00e9n pueden experimentar dificultades para obtener una compensaci\u00f3n.<\/p>\n<h2>Hable con nuestros abogados experimentados en mordeduras de perro en Hamilton, Ohio<\/h2>\n<p>No es raro que los due\u00f1os de perros feroces creen obst\u00e1culos para que las v\u00edctimas de ataques reciban una compensaci\u00f3n. Muchas veces, estos due\u00f1os incluso tienen dificultad para admitir que sus perros tienen una naturaleza violenta. Otras veces, el due\u00f1o del perro quiere admitir la responsabilidad por el accidente. Si usted o un ser querido se ve afectado por una mordedura o ataque de perro, no dude en obtener la asistencia de nuestros abogados de mordeduras de perro en Hamilton, <a href=\"https:\/\/thehometownlawyers.com\/es\/contacto\/\">Eaton<\/a> y <a href=\"https:\/\/thehometownlawyers.com\/es\/contacto\/\">Middletown<\/a> que puede asegurarse de que obtenga la compensaci\u00f3n que se merece. <a href=\"https:\/\/thehometownlawyers.com\/es\/contacto\/\">Hable hoy con los abogados de lesiones personales<\/a> de Kruger &amp; Hodges para asegurarse de que puede obtener la compensaci\u00f3n a la que tiene derecho.<\/p>\n<p class=\"rs-content-cta rs-content-cta-small\">Llame o env\u00ede un mensaje de texto al <a href=\"tel:+15138943333\">513-894-3333<\/a> o complete una <a href=\"\/es\/contacto\/\">evaluaci\u00f3n gratuita de su caso<\/a><\/p>","protected":false},"excerpt":{"rendered":"<p>Abogados de mordedura de perro en Hamilton, Ohio Hay una gran cantidad de personas en el estado de Ohio que disfrutan de los perros. Si bien la mayor\u00eda de los perros son amigables, hay algunos perros que atacan y muerden a v\u00edctimas inocentes. Las leyes que se aplican cuando los perros atacan a las personas &#8230;<\/p>\n","protected":false},"author":7,"featured_media":20807,"parent":20908,"menu_order":0,"comment_status":"closed","ping_status":"closed","template":"","meta":{"_acf_changed":false,"inline_featured_image":false,"_genesis_hide_title":false,"_genesis_hide_breadcrumbs":false,"_genesis_hide_singular_image":false,"_genesis_hide_footer_widgets":false,"_genesis_custom_body_class":"","_genesis_custom_post_class":"","_genesis_layout":"","footnotes":""},"hc_faqs":[],"hc_spanish_faqs":[],"class_list":{"0":"post-20982","1":"page","2":"type-page","3":"status-publish","4":"has-post-thumbnail","6":"hc_city_location-hamilton-es-2","7":"entry"},"acf":[],"yoast_head":"<!-- This site is optimized with the Yoast SEO plugin v27.2 - https:\/\/yoast.com\/product\/yoast-seo-wordpress\/ -->\n<title>Abogados de mordedura de perro en Hamilton, OH: Consulta gratuita<\/title>\n<meta name=\"description\" content=\"Si usted o su hijo resultan heridos por una mordedura de perro, no dude en ponerse en contacto con los abogados especializados en mordeduras de perro de Kruger &amp; Hodges en Hamilton, Eaton y Middletown.\" \/>\n<meta name=\"robots\" content=\"index, follow, max-snippet:-1, max-image-preview:large, max-video-preview:-1\" \/>\n<link rel=\"canonical\" href=\"https:\/\/thehometownlawyers.com\/es\/hamilton\/abogado-de-mordedura-de-perro\/\" \/>\n<meta property=\"og:locale\" content=\"es_MX\" \/>\n<meta property=\"og:type\" content=\"article\" \/>\n<meta property=\"og:title\" content=\"Abogados de mordedura de perro en Hamilton, OH: Consulta gratuita\" \/>\n<meta property=\"og:description\" content=\"Si usted o su hijo resultan heridos por una mordedura de perro, no dude en ponerse en contacto con los abogados especializados en mordeduras de perro de Kruger &amp; Hodges en Hamilton, Eaton y Middletown.\" \/>\n<meta property=\"og:url\" content=\"https:\/\/thehometownlawyers.com\/es\/hamilton\/abogado-de-mordedura-de-perro\/\" \/>\n<meta property=\"og:site_name\" content=\"Kruger &amp; Hodges Abogados De Lesiones\" \/>\n<meta property=\"article:publisher\" content=\"https:\/\/www.facebook.com\/KrugerHodges\/\" \/>\n<meta property=\"article:modified_time\" content=\"2025-03-04T22:54:41+00:00\" \/>\n<meta property=\"og:image\" content=\"https:\/\/thehometownlawyers.com\/wp-content\/uploads\/2021\/08\/angry-dog-attack.jpg\" \/>\n\t<meta property=\"og:image:width\" content=\"1920\" \/>\n\t<meta property=\"og:image:height\" content=\"1080\" \/>\n\t<meta property=\"og:image:type\" content=\"image\/jpeg\" \/>\n<meta name=\"twitter:card\" content=\"summary_large_image\" \/>\n<meta name=\"twitter:label1\" content=\"Tiempo de lectura\" \/>\n\t<meta name=\"twitter:data1\" content=\"7 minutos\" \/>\n<script type=\"application\/ld+json\" class=\"yoast-schema-graph\">{\"@context\":\"https:\/\/schema.org\",\"@graph\":[{\"@type\":\"WebPage\",\"@id\":\"https:\/\/thehometownlawyers.com\/es\/hamilton\/abogado-de-mordedura-de-perro\/\",\"url\":\"https:\/\/thehometownlawyers.com\/es\/hamilton\/abogado-de-mordedura-de-perro\/\",\"name\":\"Abogados de mordedura de perro en Hamilton, OH: Consulta gratuita\",\"isPartOf\":{\"@id\":\"https:\/\/thehometownlawyers.com\/es\/#website\"},\"primaryImageOfPage\":{\"@id\":\"https:\/\/thehometownlawyers.com\/es\/hamilton\/abogado-de-mordedura-de-perro\/#primaryimage\"},\"image\":{\"@id\":\"https:\/\/thehometownlawyers.com\/es\/hamilton\/abogado-de-mordedura-de-perro\/#primaryimage\"},\"thumbnailUrl\":\"https:\/\/thehometownlawyers.com\/wp-content\/uploads\/2021\/08\/angry-dog-attack.jpg\",\"datePublished\":\"2020-01-14T16:44:21+00:00\",\"dateModified\":\"2025-03-04T22:54:41+00:00\",\"description\":\"Si usted o su hijo resultan heridos por una mordedura de perro, no dude en ponerse en contacto con los abogados especializados en mordeduras de perro de Kruger & Hodges en Hamilton, Eaton y Middletown.\",\"breadcrumb\":{\"@id\":\"https:\/\/thehometownlawyers.com\/es\/hamilton\/abogado-de-mordedura-de-perro\/#breadcrumb\"},\"inLanguage\":\"es\",\"potentialAction\":[{\"@type\":\"ReadAction\",\"target\":[\"https:\/\/thehometownlawyers.com\/es\/hamilton\/abogado-de-mordedura-de-perro\/\"]}]},{\"@type\":\"ImageObject\",\"inLanguage\":\"es\",\"@id\":\"https:\/\/thehometownlawyers.com\/es\/hamilton\/abogado-de-mordedura-de-perro\/#primaryimage\",\"url\":\"https:\/\/thehometownlawyers.com\/wp-content\/uploads\/2021\/08\/angry-dog-attack.jpg\",\"contentUrl\":\"https:\/\/thehometownlawyers.com\/wp-content\/uploads\/2021\/08\/angry-dog-attack.jpg\",\"width\":1920,\"height\":1080,\"caption\":\"perro enojado\"},{\"@type\":\"BreadcrumbList\",\"@id\":\"https:\/\/thehometownlawyers.com\/es\/hamilton\/abogado-de-mordedura-de-perro\/#breadcrumb\",\"itemListElement\":[{\"@type\":\"ListItem\",\"position\":1,\"name\":\"Home\",\"item\":\"https:\/\/thehometownlawyers.com\/es\/\"},{\"@type\":\"ListItem\",\"position\":2,\"name\":\"Abogados de Lesiones Personales en Hamilton\",\"item\":\"https:\/\/thehometownlawyers.com\/es\/\"},{\"@type\":\"ListItem\",\"position\":3,\"name\":\"Abogado de Mordedura de Perro en Hamilton\"}]},{\"@type\":\"WebSite\",\"@id\":\"https:\/\/thehometownlawyers.com\/es\/#website\",\"url\":\"https:\/\/thehometownlawyers.com\/es\/\",\"name\":\"Kruger & Hodges Hometown Injury Lawyers | Accident Attorneys\",\"description\":\"Attorneys for Car, Truck and Motorcycle Accidents, Personal Injuries, and Criminal Defense.\",\"publisher\":{\"@id\":\"https:\/\/thehometownlawyers.com\/es\/#organization\"},\"alternateName\":\"Kruger & Hodges Personal Injury Lawyers\",\"inLanguage\":\"es\"},{\"@type\":\"Organization\",\"@id\":\"https:\/\/thehometownlawyers.com\/es\/#organization\",\"name\":\"Kruger & Hodges Hometown Injury Lawyers\",\"alternateName\":\"Kruger & Hodges Accident Attorneys\",\"url\":\"https:\/\/thehometownlawyers.com\/es\/\",\"logo\":{\"@type\":\"ImageObject\",\"inLanguage\":\"es\",\"@id\":\"https:\/\/thehometownlawyers.com\/es\/#\/schema\/logo\/image\/\",\"url\":\"https:\/\/thehometownlawyers.com\/wp-content\/uploads\/2025\/12\/revised-kh-logo-vertical-white-background-scaled.png\",\"contentUrl\":\"https:\/\/thehometownlawyers.com\/wp-content\/uploads\/2025\/12\/revised-kh-logo-vertical-white-background-scaled.png\",\"width\":2560,\"height\":1440,\"caption\":\"Kruger & Hodges Hometown Injury Lawyers\"},\"image\":{\"@id\":\"https:\/\/thehometownlawyers.com\/es\/#\/schema\/logo\/image\/\"},\"sameAs\":[\"https:\/\/www.facebook.com\/KrugerHodges\/\",\"https:\/\/www.instagram.com\/krugerhodges\/\",\"https:\/\/www.linkedin.com\/company\/kruger-hodges-hometown-injury-lawyers\/\",\"https:\/\/www.youtube.com\/channel\/UCeYcMaMaN2rb9jMlqt4EIdQ\",\"https:\/\/www.tiktok.com\/@thehometownlawyer\"]}]}<\/script>\n<!-- \/ Yoast SEO plugin. -->","yoast_head_json":{"title":"Abogados de mordedura de perro en Hamilton, OH: Consulta gratuita","description":"Si usted o su hijo resultan heridos por una mordedura de perro, no dude en ponerse en contacto con los abogados especializados en mordeduras de perro de Kruger & Hodges en Hamilton, Eaton y Middletown.","robots":{"index":"index","follow":"follow","max-snippet":"max-snippet:-1","max-image-preview":"max-image-preview:large","max-video-preview":"max-video-preview:-1"},"canonical":"https:\/\/thehometownlawyers.com\/es\/hamilton\/abogado-de-mordedura-de-perro\/","og_locale":"es_MX","og_type":"article","og_title":"Abogados de mordedura de perro en Hamilton, OH: Consulta gratuita","og_description":"Si usted o su hijo resultan heridos por una mordedura de perro, no dude en ponerse en contacto con los abogados especializados en mordeduras de perro de Kruger & Hodges en Hamilton, Eaton y Middletown.","og_url":"https:\/\/thehometownlawyers.com\/es\/hamilton\/abogado-de-mordedura-de-perro\/","og_site_name":"Kruger &amp; Hodges Abogados De Lesiones","article_publisher":"https:\/\/www.facebook.com\/KrugerHodges\/","article_modified_time":"2025-03-04T22:54:41+00:00","og_image":[{"width":1920,"height":1080,"url":"https:\/\/thehometownlawyers.com\/wp-content\/uploads\/2021\/08\/angry-dog-attack.jpg","type":"image\/jpeg"}],"twitter_card":"summary_large_image","twitter_misc":{"Tiempo de lectura":"7 minutos"},"schema":{"@context":"https:\/\/schema.org","@graph":[{"@type":"WebPage","@id":"https:\/\/thehometownlawyers.com\/es\/hamilton\/abogado-de-mordedura-de-perro\/","url":"https:\/\/thehometownlawyers.com\/es\/hamilton\/abogado-de-mordedura-de-perro\/","name":"Abogados de mordedura de perro en Hamilton, OH: Consulta gratuita","isPartOf":{"@id":"https:\/\/thehometownlawyers.com\/es\/#website"},"primaryImageOfPage":{"@id":"https:\/\/thehometownlawyers.com\/es\/hamilton\/abogado-de-mordedura-de-perro\/#primaryimage"},"image":{"@id":"https:\/\/thehometownlawyers.com\/es\/hamilton\/abogado-de-mordedura-de-perro\/#primaryimage"},"thumbnailUrl":"https:\/\/thehometownlawyers.com\/wp-content\/uploads\/2021\/08\/angry-dog-attack.jpg","datePublished":"2020-01-14T16:44:21+00:00","dateModified":"2025-03-04T22:54:41+00:00","description":"Si usted o su hijo resultan heridos por una mordedura de perro, no dude en ponerse en contacto con los abogados especializados en mordeduras de perro de Kruger & Hodges en Hamilton, Eaton y Middletown.","breadcrumb":{"@id":"https:\/\/thehometownlawyers.com\/es\/hamilton\/abogado-de-mordedura-de-perro\/#breadcrumb"},"inLanguage":"es","potentialAction":[{"@type":"ReadAction","target":["https:\/\/thehometownlawyers.com\/es\/hamilton\/abogado-de-mordedura-de-perro\/"]}]},{"@type":"ImageObject","inLanguage":"es","@id":"https:\/\/thehometownlawyers.com\/es\/hamilton\/abogado-de-mordedura-de-perro\/#primaryimage","url":"https:\/\/thehometownlawyers.com\/wp-content\/uploads\/2021\/08\/angry-dog-attack.jpg","contentUrl":"https:\/\/thehometownlawyers.com\/wp-content\/uploads\/2021\/08\/angry-dog-attack.jpg","width":1920,"height":1080,"caption":"perro enojado"},{"@type":"BreadcrumbList","@id":"https:\/\/thehometownlawyers.com\/es\/hamilton\/abogado-de-mordedura-de-perro\/#breadcrumb","itemListElement":[{"@type":"ListItem","position":1,"name":"Home","item":"https:\/\/thehometownlawyers.com\/es\/"},{"@type":"ListItem","position":2,"name":"Abogados de Lesiones Personales en Hamilton","item":"https:\/\/thehometownlawyers.com\/es\/"},{"@type":"ListItem","position":3,"name":"Abogado de Mordedura de Perro en Hamilton"}]},{"@type":"WebSite","@id":"https:\/\/thehometownlawyers.com\/es\/#website","url":"https:\/\/thehometownlawyers.com\/es\/","name":"Kruger & Hodges Hometown Injury Lawyers | Accident Attorneys","description":"Attorneys for Car, Truck and Motorcycle Accidents, Personal Injuries, and Criminal Defense.","publisher":{"@id":"https:\/\/thehometownlawyers.com\/es\/#organization"},"alternateName":"Kruger & Hodges Personal Injury Lawyers","inLanguage":"es"},{"@type":"Organization","@id":"https:\/\/thehometownlawyers.com\/es\/#organization","name":"Kruger & Hodges Hometown Injury Lawyers","alternateName":"Kruger & Hodges Accident Attorneys","url":"https:\/\/thehometownlawyers.com\/es\/","logo":{"@type":"ImageObject","inLanguage":"es","@id":"https:\/\/thehometownlawyers.com\/es\/#\/schema\/logo\/image\/","url":"https:\/\/thehometownlawyers.com\/wp-content\/uploads\/2025\/12\/revised-kh-logo-vertical-white-background-scaled.png","contentUrl":"https:\/\/thehometownlawyers.com\/wp-content\/uploads\/2025\/12\/revised-kh-logo-vertical-white-background-scaled.png","width":2560,"height":1440,"caption":"Kruger & Hodges Hometown Injury Lawyers"},"image":{"@id":"https:\/\/thehometownlawyers.com\/es\/#\/schema\/logo\/image\/"},"sameAs":["https:\/\/www.facebook.com\/KrugerHodges\/","https:\/\/www.instagram.com\/krugerhodges\/","https:\/\/www.linkedin.com\/company\/kruger-hodges-hometown-injury-lawyers\/","https:\/\/www.youtube.com\/channel\/UCeYcMaMaN2rb9jMlqt4EIdQ","https:\/\/www.tiktok.com\/@thehometownlawyer"]}]}},"_links":{"self":[{"href":"https:\/\/thehometownlawyers.com\/es\/wp-json\/wp\/v2\/pages\/20982","targetHints":{"allow":["GET"]}}],"collection":[{"href":"https:\/\/thehometownlawyers.com\/es\/wp-json\/wp\/v2\/pages"}],"about":[{"href":"https:\/\/thehometownlawyers.com\/es\/wp-json\/wp\/v2\/types\/page"}],"author":[{"embeddable":true,"href":"https:\/\/thehometownlawyers.com\/es\/wp-json\/wp\/v2\/users\/7"}],"replies":[{"embeddable":true,"href":"https:\/\/thehometownlawyers.com\/es\/wp-json\/wp\/v2\/comments?post=20982"}],"version-history":[{"count":0,"href":"https:\/\/thehometownlawyers.com\/es\/wp-json\/wp\/v2\/pages\/20982\/revisions"}],"up":[{"embeddable":true,"href":"https:\/\/thehometownlawyers.com\/es\/wp-json\/wp\/v2\/pages\/20908"}],"wp:featuredmedia":[{"embeddable":true,"href":"https:\/\/thehometownlawyers.com\/es\/wp-json\/wp\/v2\/media\/20807"}],"wp:attachment":[{"href":"https:\/\/thehometownlawyers.com\/es\/wp-json\/wp\/v2\/media?parent=20982"}],"wp:term":[{"taxonomy":"hc_faqs","embeddable":true,"href":"https:\/\/thehometownlawyers.com\/es\/wp-json\/wp\/v2\/hc_faqs?post=20982"},{"taxonomy":"hc_spanish_faqs","embeddable":true,"href":"https:\/\/thehometownlawyers.com\/es\/wp-json\/wp\/v2\/hc_spanish_faqs?post=20982"}],"curies":[{"name":"wp","href":"https:\/\/api.w.org\/{rel}","templated":true}]}}