{"id":20983,"date":"2020-01-14T11:21:35","date_gmt":"2020-01-14T16:21:35","guid":{"rendered":"https:\/\/thehometownlawyers.com\/?page_id=20983"},"modified":"2025-03-17T11:41:32","modified_gmt":"2025-03-17T15:41:32","slug":"abogados-de-responsabilidad-de-locales","status":"publish","type":"page","link":"https:\/\/thehometownlawyers.com\/es\/hamilton\/abogado-de-responsabilidad-de-premisas\/","title":{"rendered":"Abogado de Responsabilidad de Premisas en Hamilton"},"content":{"rendered":"<h2>Abogados de reclamos de responsabilidad de locales en Hamilton, Eaton y Middletown<\/h2>\n<p>Puede que le sorprenda saber que los due\u00f1os de propiedades en Ohio tienen la responsabilidad de mantener las propiedades que utiliza el p\u00fablico. Cuando los propietarios no cumplen con este est\u00e1ndar, pueden terminar siendo responsables de las lesiones resultantes. El \u00e1rea de la ley de <a href=\"https:\/\/thehometownlawyers.com\/es\/\">lesiones personales<\/a> que define las reglas con respecto al deber de mantenimiento del due\u00f1o de una propiedad se conoce como responsabilidad de locales y es particularmente compleja. Los abogados con experiencia en responsabilidad de locales de <a href=\"https:\/\/thehometownlawyers.com\/es\/contacto\/\">Kruger &amp; Hodges<\/a> pueden ayudarlo a navegar esta dif\u00edcil \u00e1rea de la ley.<\/p>\n<p class=\"rs-content-cta rs-content-cta-small\">Para una consulta legal gratuita, llame al <a href=\"tel:+15138943333\">513-894-3333 <\/a><\/p><h2>Los tipos comunes de accidentes de responsabilidad de locales en Ohio<\/h2>\n<p>Existen numerosas formas en que pueden ocurrir accidentes de responsabilidad de locales en Ohio. Algunos de los tipos m\u00e1s comunes de accidentes que manejan nuestros abogados de responsabilidad de locales incluyen los siguientes:<\/p>\n<ul>\n<li><strong>Construcci\u00f3n defectuosa. <\/strong>La construcci\u00f3n defectuosa o la falta de mantenimiento pueden generar estacionamientos, aceras, escaleras y otros espacios p\u00fablicos peligrosos. Se sabe que algunos propietarios ahorran dinero al no hacer las reparaciones adecuadas o al no hacer que los funcionarios inspeccionen adecuadamente los edificios.<\/li>\n<li><strong>Mordeduras de perro .<\/strong> Cada a\u00f1o, muchas personas son mordidas por perros. Muchos ataques de perros involucran a ni\u00f1os peque\u00f1os y ancianos. El estado de Ohio tiene leyes espec\u00edficas con respecto a los ataques de perros, raz\u00f3n por la cual muchas personas que son atacadas de esa manera encuentran vital obtener la asistencia de un abogado con experiencia en accidentes.<\/li>\n<li><strong>Defectos del ascensor. <\/strong>Cuando los ascensores est\u00e1n defectuosos, es com\u00fan que ocurran lesiones graves y que cambien la vida. La mayor\u00eda de las veces, estos accidentes ocurren porque los ascensores no han sido inspeccionados de forma rutinaria o no han recibido el mantenimiento adecuado.<\/li>\n<li><strong>Mantenimiento negligente. <\/strong>Numerosas propiedades en todo Ohio presentan un riesgo para las personas porque los propietarios se han negado a mantenerlas. Algunos de los tipos m\u00e1s comunes de mantenimiento negligente incluyen no limpiar el hielo o la nieve, las ramas de los \u00e1rboles que caen sobre las personas y las escaleras con barandas que se rompen mientras est\u00e1n en uso.<\/li>\n<li><strong>Supervisi\u00f3n negligente.<\/strong> Los ni\u00f1os a veces sufren lesiones catastr\u00f3ficas o mueren porque la persona encargada de cuidarlos no lo hace. La supervisi\u00f3n negligente tambi\u00e9n puede ocurrir porque los adultos y los ni\u00f1os no reciben la supervisi\u00f3n adecuada mientras nadan en piscinas p\u00fablicas y, posteriormente, se ahogan.<\/li>\n<li><strong>Accidentes por resbalones y ca\u00eddas .<\/strong> Estos accidentes a menudo ocurren como resultado de la negligencia de los propietarios que no limpian los pisos mojados. En el caso de muchos accidentes por resbalones y ca\u00eddas, los propietarios argumentan que no sab\u00edan que las condiciones podr\u00edan haber causado un accidente por resbalones y ca\u00eddas. Otras causas de accidentes por resbalones y ca\u00eddas incluyen mantenimiento deficiente, iluminaci\u00f3n inadecuada y pisos irregulares.<\/li>\n<\/ul>\n<p>Probar que el due\u00f1o de una propiedad es responsable de una lesi\u00f3n puede ser muy dif\u00edcil. Como tal, las compa\u00f1\u00edas de seguros combaten estos casos de manera muy agresiva.<\/p>\n<p class=\"rs-content-cta\">Abogado de Lesiones Personales de hamilton Cerca de M\u00ed <a href=\"tel:+15138943333\">513-894-3333<\/a><\/p><h2>Obtenga los servicios de nuestros abogados expertos en lesiones personales<\/h2>\n<p>Si usted o un ser querido sufrieron da\u00f1os debido a condiciones peligrosas en la propiedad de otra persona, no debe dudar en comunicarse con un abogado con experiencia en lesiones personales. En <u><a href=\"https:\/\/thehometownlawyers.com\/es\/contacto\/\">Kruger &amp; Hodges<\/a><\/u> , entendemos cu\u00e1n graves pueden ser las lesiones despu\u00e9s de accidentes de responsabilidad civil y seguiremos comprometidos a luchar por la compensaci\u00f3n que usted merece. <a href=\"https:\/\/thehometownlawyers.com\/es\/contacto\/\">Comun\u00edquese<\/a> con nuestra oficina de abogados hoy para programar una evaluaci\u00f3n inicial gratuita de su caso con uno de nuestros <a href=\"https:\/\/thehometownlawyers.com\/es\/\">abogados de lesiones personales<\/a> .<\/p>\n<p class=\"rs-content-cta rs-content-cta-small\">Llame o env\u00ede un mensaje de texto al <a href=\"tel:+15138943333\">513-894-3333<\/a> o complete una <a href=\"\/es\/contacto\/\">evaluaci\u00f3n gratuita de su caso<\/a><\/p>","protected":false},"excerpt":{"rendered":"<p>Abogados de reclamos de responsabilidad de locales en Hamilton, Eaton y Middletown Puede que le sorprenda saber que los due\u00f1os de propiedades en Ohio tienen la responsabilidad de mantener las propiedades que utiliza el p\u00fablico. Cuando los propietarios no cumplen con este est\u00e1ndar, pueden terminar siendo responsables de las lesiones resultantes. El \u00e1rea de la &#8230;<\/p>\n","protected":false},"author":7,"featured_media":20858,"parent":20908,"menu_order":0,"comment_status":"closed","ping_status":"closed","template":"","meta":{"_acf_changed":false,"inline_featured_image":false,"_genesis_hide_title":false,"_genesis_hide_breadcrumbs":false,"_genesis_hide_singular_image":false,"_genesis_hide_footer_widgets":false,"_genesis_custom_body_class":"","_genesis_custom_post_class":"","_genesis_layout":"","footnotes":""},"hc_faqs":[],"hc_spanish_faqs":[],"class_list":{"0":"post-20983","1":"page","2":"type-page","3":"status-publish","4":"has-post-thumbnail","6":"hc_city_location-hamilton-es-2","7":"entry"},"acf":[],"yoast_head":"<!-- This site is optimized with the Yoast SEO plugin v27.5 - https:\/\/yoast.com\/product\/yoast-seo-wordpress\/ -->\n<title>Abogado de Responsabilidad de Premisas en Hamilton | Consulta Gratuita<\/title>\n<meta name=\"description\" content=\"Si sufri\u00f3 da\u00f1os debido a condiciones peligrosas en la propiedad de otra persona, comun\u00edquese con nuestros abogados con experiencia en responsabilidad de locales.\" \/>\n<meta name=\"robots\" content=\"index, follow, max-snippet:-1, max-image-preview:large, max-video-preview:-1\" \/>\n<link rel=\"canonical\" href=\"https:\/\/thehometownlawyers.com\/es\/hamilton\/abogado-de-responsabilidad-de-premisas\/\" \/>\n<meta property=\"og:locale\" content=\"es_MX\" \/>\n<meta property=\"og:type\" content=\"article\" \/>\n<meta property=\"og:title\" content=\"Abogado de Responsabilidad de Premisas en Hamilton | Consulta Gratuita\" \/>\n<meta property=\"og:description\" content=\"Si sufri\u00f3 da\u00f1os debido a condiciones peligrosas en la propiedad de otra persona, comun\u00edquese con nuestros abogados con experiencia en responsabilidad de locales.\" \/>\n<meta property=\"og:url\" content=\"https:\/\/thehometownlawyers.com\/es\/hamilton\/abogado-de-responsabilidad-de-premisas\/\" \/>\n<meta property=\"og:site_name\" content=\"Kruger &amp; Hodges Abogados De Lesiones\" \/>\n<meta property=\"article:publisher\" content=\"https:\/\/www.facebook.com\/KrugerHodges\/\" \/>\n<meta property=\"article:modified_time\" content=\"2025-03-17T15:41:32+00:00\" \/>\n<meta property=\"og:image\" content=\"https:\/\/thehometownlawyers.com\/wp-content\/uploads\/2021\/09\/caution-wet-floor.jpg\" \/>\n\t<meta property=\"og:image:width\" content=\"1920\" \/>\n\t<meta property=\"og:image:height\" content=\"1080\" \/>\n\t<meta property=\"og:image:type\" content=\"image\/jpeg\" \/>\n<meta name=\"twitter:card\" content=\"summary_large_image\" \/>\n<meta name=\"twitter:label1\" content=\"Tiempo de lectura\" \/>\n\t<meta name=\"twitter:data1\" content=\"3 minutos\" \/>\n<script type=\"application\/ld+json\" class=\"yoast-schema-graph\">{\"@context\":\"https:\\\/\\\/schema.org\",\"@graph\":[{\"@type\":\"WebPage\",\"@id\":\"https:\\\/\\\/thehometownlawyers.com\\\/es\\\/hamilton\\\/abogado-de-responsabilidad-de-premisas\\\/\",\"url\":\"https:\\\/\\\/thehometownlawyers.com\\\/es\\\/hamilton\\\/abogado-de-responsabilidad-de-premisas\\\/\",\"name\":\"Abogado de Responsabilidad de Premisas en Hamilton | Consulta Gratuita\",\"isPartOf\":{\"@id\":\"https:\\\/\\\/thehometownlawyers.com\\\/es\\\/#website\"},\"primaryImageOfPage\":{\"@id\":\"https:\\\/\\\/thehometownlawyers.com\\\/es\\\/hamilton\\\/abogado-de-responsabilidad-de-premisas\\\/#primaryimage\"},\"image\":{\"@id\":\"https:\\\/\\\/thehometownlawyers.com\\\/es\\\/hamilton\\\/abogado-de-responsabilidad-de-premisas\\\/#primaryimage\"},\"thumbnailUrl\":\"https:\\\/\\\/thehometownlawyers.com\\\/wp-content\\\/uploads\\\/2021\\\/09\\\/caution-wet-floor.jpg\",\"datePublished\":\"2020-01-14T16:21:35+00:00\",\"dateModified\":\"2025-03-17T15:41:32+00:00\",\"description\":\"Si sufri\u00f3 da\u00f1os debido a condiciones peligrosas en la propiedad de otra persona, comun\u00edquese con nuestros abogados con experiencia en responsabilidad de locales.\",\"breadcrumb\":{\"@id\":\"https:\\\/\\\/thehometownlawyers.com\\\/es\\\/hamilton\\\/abogado-de-responsabilidad-de-premisas\\\/#breadcrumb\"},\"inLanguage\":\"es\",\"potentialAction\":[{\"@type\":\"ReadAction\",\"target\":[\"https:\\\/\\\/thehometownlawyers.com\\\/es\\\/hamilton\\\/abogado-de-responsabilidad-de-premisas\\\/\"]}]},{\"@type\":\"ImageObject\",\"inLanguage\":\"es\",\"@id\":\"https:\\\/\\\/thehometownlawyers.com\\\/es\\\/hamilton\\\/abogado-de-responsabilidad-de-premisas\\\/#primaryimage\",\"url\":\"https:\\\/\\\/thehometownlawyers.com\\\/wp-content\\\/uploads\\\/2021\\\/09\\\/caution-wet-floor.jpg\",\"contentUrl\":\"https:\\\/\\\/thehometownlawyers.com\\\/wp-content\\\/uploads\\\/2021\\\/09\\\/caution-wet-floor.jpg\",\"width\":1920,\"height\":1080,\"caption\":\"se\u00f1al de piso mojado\"},{\"@type\":\"BreadcrumbList\",\"@id\":\"https:\\\/\\\/thehometownlawyers.com\\\/es\\\/hamilton\\\/abogado-de-responsabilidad-de-premisas\\\/#breadcrumb\",\"itemListElement\":[{\"@type\":\"ListItem\",\"position\":1,\"name\":\"Home\",\"item\":\"https:\\\/\\\/thehometownlawyers.com\\\/es\\\/\"},{\"@type\":\"ListItem\",\"position\":2,\"name\":\"Abogados de Lesiones Personales en Hamilton\",\"item\":\"https:\\\/\\\/thehometownlawyers.com\\\/es\\\/\"},{\"@type\":\"ListItem\",\"position\":3,\"name\":\"Abogado de Responsabilidad de Premisas en Hamilton\"}]},{\"@type\":\"WebSite\",\"@id\":\"https:\\\/\\\/thehometownlawyers.com\\\/es\\\/#website\",\"url\":\"https:\\\/\\\/thehometownlawyers.com\\\/es\\\/\",\"name\":\"Kruger & Hodges Hometown Injury Lawyers | Accident Attorneys\",\"description\":\"Attorneys for Car, Truck and Motorcycle Accidents, Personal Injuries, and Criminal Defense.\",\"publisher\":{\"@id\":\"https:\\\/\\\/thehometownlawyers.com\\\/es\\\/#organization\"},\"alternateName\":\"Kruger & Hodges Personal Injury Lawyers\",\"inLanguage\":\"es\"},{\"@type\":\"Organization\",\"@id\":\"https:\\\/\\\/thehometownlawyers.com\\\/es\\\/#organization\",\"name\":\"Kruger & Hodges Hometown Injury Lawyers\",\"alternateName\":\"Kruger & Hodges\",\"url\":\"https:\\\/\\\/thehometownlawyers.com\\\/es\\\/\",\"logo\":{\"@type\":\"ImageObject\",\"inLanguage\":\"es\",\"@id\":\"https:\\\/\\\/thehometownlawyers.com\\\/es\\\/#\\\/schema\\\/logo\\\/image\\\/\",\"url\":\"https:\\\/\\\/thehometownlawyers.com\\\/wp-content\\\/uploads\\\/2025\\\/12\\\/revised-kh-logo-vertical-white-background-scaled.png\",\"contentUrl\":\"https:\\\/\\\/thehometownlawyers.com\\\/wp-content\\\/uploads\\\/2025\\\/12\\\/revised-kh-logo-vertical-white-background-scaled.png\",\"width\":2560,\"height\":1440,\"caption\":\"Kruger & Hodges Hometown Injury Lawyers\"},\"image\":{\"@id\":\"https:\\\/\\\/thehometownlawyers.com\\\/es\\\/#\\\/schema\\\/logo\\\/image\\\/\"},\"sameAs\":[\"https:\\\/\\\/www.facebook.com\\\/KrugerHodges\\\/\",\"https:\\\/\\\/www.instagram.com\\\/krugerhodges\\\/\",\"https:\\\/\\\/www.linkedin.com\\\/company\\\/kruger-hodges-hometown-injury-lawyers\\\/\",\"https:\\\/\\\/www.youtube.com\\\/channel\\\/UCeYcMaMaN2rb9jMlqt4EIdQ\",\"https:\\\/\\\/www.tiktok.com\\\/@thehometownlawyer\"]}]}<\/script>\n<!-- \/ Yoast SEO plugin. -->","yoast_head_json":{"title":"Abogado de Responsabilidad de Premisas en Hamilton | Consulta Gratuita","description":"Si sufri\u00f3 da\u00f1os debido a condiciones peligrosas en la propiedad de otra persona, comun\u00edquese con nuestros abogados con experiencia en responsabilidad de locales.","robots":{"index":"index","follow":"follow","max-snippet":"max-snippet:-1","max-image-preview":"max-image-preview:large","max-video-preview":"max-video-preview:-1"},"canonical":"https:\/\/thehometownlawyers.com\/es\/hamilton\/abogado-de-responsabilidad-de-premisas\/","og_locale":"es_MX","og_type":"article","og_title":"Abogado de Responsabilidad de Premisas en Hamilton | Consulta Gratuita","og_description":"Si sufri\u00f3 da\u00f1os debido a condiciones peligrosas en la propiedad de otra persona, comun\u00edquese con nuestros abogados con experiencia en responsabilidad de locales.","og_url":"https:\/\/thehometownlawyers.com\/es\/hamilton\/abogado-de-responsabilidad-de-premisas\/","og_site_name":"Kruger &amp; Hodges Abogados De Lesiones","article_publisher":"https:\/\/www.facebook.com\/KrugerHodges\/","article_modified_time":"2025-03-17T15:41:32+00:00","og_image":[{"width":1920,"height":1080,"url":"https:\/\/thehometownlawyers.com\/wp-content\/uploads\/2021\/09\/caution-wet-floor.jpg","type":"image\/jpeg"}],"twitter_card":"summary_large_image","twitter_misc":{"Tiempo de lectura":"3 minutos"},"schema":{"@context":"https:\/\/schema.org","@graph":[{"@type":"WebPage","@id":"https:\/\/thehometownlawyers.com\/es\/hamilton\/abogado-de-responsabilidad-de-premisas\/","url":"https:\/\/thehometownlawyers.com\/es\/hamilton\/abogado-de-responsabilidad-de-premisas\/","name":"Abogado de Responsabilidad de Premisas en Hamilton | Consulta Gratuita","isPartOf":{"@id":"https:\/\/thehometownlawyers.com\/es\/#website"},"primaryImageOfPage":{"@id":"https:\/\/thehometownlawyers.com\/es\/hamilton\/abogado-de-responsabilidad-de-premisas\/#primaryimage"},"image":{"@id":"https:\/\/thehometownlawyers.com\/es\/hamilton\/abogado-de-responsabilidad-de-premisas\/#primaryimage"},"thumbnailUrl":"https:\/\/thehometownlawyers.com\/wp-content\/uploads\/2021\/09\/caution-wet-floor.jpg","datePublished":"2020-01-14T16:21:35+00:00","dateModified":"2025-03-17T15:41:32+00:00","description":"Si sufri\u00f3 da\u00f1os debido a condiciones peligrosas en la propiedad de otra persona, comun\u00edquese con nuestros abogados con experiencia en responsabilidad de locales.","breadcrumb":{"@id":"https:\/\/thehometownlawyers.com\/es\/hamilton\/abogado-de-responsabilidad-de-premisas\/#breadcrumb"},"inLanguage":"es","potentialAction":[{"@type":"ReadAction","target":["https:\/\/thehometownlawyers.com\/es\/hamilton\/abogado-de-responsabilidad-de-premisas\/"]}]},{"@type":"ImageObject","inLanguage":"es","@id":"https:\/\/thehometownlawyers.com\/es\/hamilton\/abogado-de-responsabilidad-de-premisas\/#primaryimage","url":"https:\/\/thehometownlawyers.com\/wp-content\/uploads\/2021\/09\/caution-wet-floor.jpg","contentUrl":"https:\/\/thehometownlawyers.com\/wp-content\/uploads\/2021\/09\/caution-wet-floor.jpg","width":1920,"height":1080,"caption":"se\u00f1al de piso mojado"},{"@type":"BreadcrumbList","@id":"https:\/\/thehometownlawyers.com\/es\/hamilton\/abogado-de-responsabilidad-de-premisas\/#breadcrumb","itemListElement":[{"@type":"ListItem","position":1,"name":"Home","item":"https:\/\/thehometownlawyers.com\/es\/"},{"@type":"ListItem","position":2,"name":"Abogados de Lesiones Personales en Hamilton","item":"https:\/\/thehometownlawyers.com\/es\/"},{"@type":"ListItem","position":3,"name":"Abogado de Responsabilidad de Premisas en Hamilton"}]},{"@type":"WebSite","@id":"https:\/\/thehometownlawyers.com\/es\/#website","url":"https:\/\/thehometownlawyers.com\/es\/","name":"Kruger & Hodges Hometown Injury Lawyers | Accident Attorneys","description":"Attorneys for Car, Truck and Motorcycle Accidents, Personal Injuries, and Criminal Defense.","publisher":{"@id":"https:\/\/thehometownlawyers.com\/es\/#organization"},"alternateName":"Kruger & Hodges Personal Injury Lawyers","inLanguage":"es"},{"@type":"Organization","@id":"https:\/\/thehometownlawyers.com\/es\/#organization","name":"Kruger & Hodges Hometown Injury Lawyers","alternateName":"Kruger & Hodges","url":"https:\/\/thehometownlawyers.com\/es\/","logo":{"@type":"ImageObject","inLanguage":"es","@id":"https:\/\/thehometownlawyers.com\/es\/#\/schema\/logo\/image\/","url":"https:\/\/thehometownlawyers.com\/wp-content\/uploads\/2025\/12\/revised-kh-logo-vertical-white-background-scaled.png","contentUrl":"https:\/\/thehometownlawyers.com\/wp-content\/uploads\/2025\/12\/revised-kh-logo-vertical-white-background-scaled.png","width":2560,"height":1440,"caption":"Kruger & Hodges Hometown Injury Lawyers"},"image":{"@id":"https:\/\/thehometownlawyers.com\/es\/#\/schema\/logo\/image\/"},"sameAs":["https:\/\/www.facebook.com\/KrugerHodges\/","https:\/\/www.instagram.com\/krugerhodges\/","https:\/\/www.linkedin.com\/company\/kruger-hodges-hometown-injury-lawyers\/","https:\/\/www.youtube.com\/channel\/UCeYcMaMaN2rb9jMlqt4EIdQ","https:\/\/www.tiktok.com\/@thehometownlawyer"]}]}},"_links":{"self":[{"href":"https:\/\/thehometownlawyers.com\/es\/wp-json\/wp\/v2\/pages\/20983","targetHints":{"allow":["GET"]}}],"collection":[{"href":"https:\/\/thehometownlawyers.com\/es\/wp-json\/wp\/v2\/pages"}],"about":[{"href":"https:\/\/thehometownlawyers.com\/es\/wp-json\/wp\/v2\/types\/page"}],"author":[{"embeddable":true,"href":"https:\/\/thehometownlawyers.com\/es\/wp-json\/wp\/v2\/users\/7"}],"replies":[{"embeddable":true,"href":"https:\/\/thehometownlawyers.com\/es\/wp-json\/wp\/v2\/comments?post=20983"}],"version-history":[{"count":0,"href":"https:\/\/thehometownlawyers.com\/es\/wp-json\/wp\/v2\/pages\/20983\/revisions"}],"up":[{"embeddable":true,"href":"https:\/\/thehometownlawyers.com\/es\/wp-json\/wp\/v2\/pages\/20908"}],"wp:featuredmedia":[{"embeddable":true,"href":"https:\/\/thehometownlawyers.com\/es\/wp-json\/wp\/v2\/media\/20858"}],"wp:attachment":[{"href":"https:\/\/thehometownlawyers.com\/es\/wp-json\/wp\/v2\/media?parent=20983"}],"wp:term":[{"taxonomy":"hc_faqs","embeddable":true,"href":"https:\/\/thehometownlawyers.com\/es\/wp-json\/wp\/v2\/hc_faqs?post=20983"},{"taxonomy":"hc_spanish_faqs","embeddable":true,"href":"https:\/\/thehometownlawyers.com\/es\/wp-json\/wp\/v2\/hc_spanish_faqs?post=20983"}],"curies":[{"name":"wp","href":"https:\/\/api.w.org\/{rel}","templated":true}]}}