{"id":20984,"date":"2020-01-14T12:14:17","date_gmt":"2020-01-14T17:14:17","guid":{"rendered":"https:\/\/thehometownlawyers.com\/?page_id=20984"},"modified":"2025-03-17T11:42:32","modified_gmt":"2025-03-17T15:42:32","slug":"abogados-de-negligencia-medica","status":"publish","type":"page","link":"https:\/\/thehometownlawyers.com\/es\/hamilton\/abogado-de-malpratica-medica\/","title":{"rendered":"Abogado de Malpractica M\u00e9dica en Hamilton"},"content":{"rendered":"<h2>Abogados de Negligencia M\u00e9dica en Hamilton, Eaton y Middletown, OH<\/h2>\n<p><a href=\"https:\/\/hub.jhu.edu\/2016\/05\/03\/medical-errors-third-leading-cause-of-death\/\" target=\"_blank\" rel=\"noopener noreferrer\">Las estad\u00edsticas<\/a> revelan que m\u00e1s de 1 mill\u00f3n de personas en los Estados Unidos se ven afectadas cada a\u00f1o debido a la negligencia m\u00e9dica. Estos errores pueden ocurrir entre anestesi\u00f3logos, m\u00e9dicos, enfermeras, residentes, t\u00e9cnicos y la mayor\u00eda de los dem\u00e1s trabajadores m\u00e9dicos profesionales. Estos errores m\u00e9dicos tambi\u00e9n pueden ocurrir en una variedad de entornos que van desde consultorios m\u00e9dicos hasta salas de operaciones. Desafortunadamente, una gran cantidad de pacientes nunca se dan cuenta de que sus lesiones son el resultado de un error m\u00e9dico hasta que se realizan investigaciones exhaustivas. Las razones de estos errores m\u00e9dicos son tan variadas como los tipos de lesiones resultantes y pueden incluir la falta de seguimiento adecuado de los pacientes y medicamentos recetados incorrectamente. Si usted o alguien que conoce se vio afectado por negligencia m\u00e9dica, no dude en obtener la asistencia de nuestros abogados con experiencia en negligencia m\u00e9dica.<\/p>\n<p class=\"rs-content-cta rs-content-cta-small\">Para una consulta legal gratuita, llame al <a href=\"tel:+15138943333\">513-894-3333 <\/a><\/p><h2>\u00bfQu\u00e9 constituye mala praxis?<\/h2>\n<p>La negligencia m\u00e9dica ocurre cuando un proveedor de atenci\u00f3n m\u00e9dica no atiende adecuadamente a un paciente de manera consistente con la forma en que lo har\u00eda un profesional m\u00e9dico razonable en el mismo puesto. Algunas de las formas en que los profesionales m\u00e9dicos pueden caer por debajo de este est\u00e1ndar incluyen cuando el trabajador es descuidado, no sigue las reglas estandarizadas o carece de la habilidad adecuada. A veces, cuando ocurren estos errores, no solo el profesional m\u00e9dico sino tambi\u00e9n la compa\u00f1\u00eda de atenci\u00f3n m\u00e9dica para la que trabaja puede ser responsable. Estos errores pueden ocurrir durante cualquier fase del proceso de atenci\u00f3n, incluido el diagn\u00f3stico de la condici\u00f3n m\u00e9dica, la cirug\u00eda, otros tipos de tratamiento y la prescripci\u00f3n de medicamentos.<\/p>\n<p>Hay varias formas comunes en las que ocurre la negligencia m\u00e9dica, que incluyen las siguientes:<\/p>\n<ul>\n<li><strong>Lesiones de nacimiento:<\/strong> el proceso de nacimiento es complicado y puede provocar da\u00f1os que alteren la vida del ni\u00f1o o la madre si no se supervisa adecuadamente. Algunas de las formas en que la negligencia m\u00e9dica puede ocurrir durante el parto incluyen fuerza excesiva al usar f\u00f3rceps y falta de diagn\u00f3stico de condiciones m\u00e9dicas.<\/li>\n<li><strong>Falta de diagn\u00f3stico:<\/strong> Los pacientes que tienen una condici\u00f3n m\u00e9dica esperan que un m\u00e9dico haga un diagn\u00f3stico correcto. En situaciones en las que un proveedor m\u00e9dico no logra diagnosticar la condici\u00f3n de un paciente, existe un riesgo sustancial de que la condici\u00f3n del paciente empeore.<\/li>\n<li><strong>Errores quir\u00fargicos:<\/strong> para pacientes con condiciones graves, a menudo se requiere cirug\u00eda. Si un proveedor m\u00e9dico carece de experiencia o no realiza la cirug\u00eda correctamente, existen varias lesiones por negligencia m\u00e9dica que pueden resultar. Los ejemplos incluyen operar en el \u00e1rea equivocada o dejar un instrumento quir\u00fargico dentro del cuerpo de un paciente.<\/li>\n<\/ul>\n<p class=\"rs-content-cta\">Abogado de Lesiones Personales de hamilton Cerca de M\u00ed <a href=\"tel:+15138943333\">513-894-3333<\/a><\/p><h2>Hable hoy con nuestros abogados con experiencia en negligencia m\u00e9dica<\/h2>\n<p>Confiamos en los profesionales de la salud para que nos brinden atenci\u00f3n m\u00e9dica de primer nivel. Si bien muchos profesionales m\u00e9dicos est\u00e1n altamente capacitados para tratar a los pacientes, a veces se produce negligencia m\u00e9dica. Si usted o un ser querido se han visto afectados, no dude en hablar hoy con los abogados de negligencia m\u00e9dica de Kruger &amp; Hodges. Nuestro bufete de abogados trabaja en base a contingencia, lo que significa que usted nos paga solo despu\u00e9s de que logremos obtener la compensaci\u00f3n que usted merece. P\u00f3ngase en contacto con nuestras oficinas legales de Hamilton, Eaton o Middletown , Ohio hoy para programar una consulta inicial gratuita con nuestros abogados de negligencia m\u00e9dica, durante la cual discutiremos las diversas opciones que est\u00e1n disponibles en su caso. De principio a fin, seguiremos comprometidos a ayudarlo a obtener la compensaci\u00f3n que se merece.<\/p>\n<p class=\"rs-content-cta rs-content-cta-small\">Llame o env\u00ede un mensaje de texto al <a href=\"tel:+15138943333\">513-894-3333<\/a> o complete una <a href=\"\/es\/contacto\/\">evaluaci\u00f3n gratuita de su caso<\/a><\/p>","protected":false},"excerpt":{"rendered":"<p>Abogados de Negligencia M\u00e9dica en Hamilton, Eaton y Middletown, OH Las estad\u00edsticas revelan que m\u00e1s de 1 mill\u00f3n de personas en los Estados Unidos se ven afectadas cada a\u00f1o debido a la negligencia m\u00e9dica. Estos errores pueden ocurrir entre anestesi\u00f3logos, m\u00e9dicos, enfermeras, residentes, t\u00e9cnicos y la mayor\u00eda de los dem\u00e1s trabajadores m\u00e9dicos profesionales. Estos errores &#8230;<\/p>\n","protected":false},"author":7,"featured_media":20750,"parent":20908,"menu_order":0,"comment_status":"closed","ping_status":"closed","template":"","meta":{"_acf_changed":false,"inline_featured_image":false,"_genesis_hide_title":false,"_genesis_hide_breadcrumbs":false,"_genesis_hide_singular_image":false,"_genesis_hide_footer_widgets":false,"_genesis_custom_body_class":"","_genesis_custom_post_class":"","_genesis_layout":"","footnotes":""},"hc_faqs":[],"hc_spanish_faqs":[],"class_list":{"0":"post-20984","1":"page","2":"type-page","3":"status-publish","4":"has-post-thumbnail","6":"hc_city_location-hamilton-es-2","7":"entry"},"acf":[],"yoast_head":"<!-- This site is optimized with the Yoast SEO plugin v27.4 - https:\/\/yoast.com\/product\/yoast-seo-wordpress\/ -->\n<title>Abogado de Malpractica M\u00e9dica en Hamilton | Consulta Gratuita<\/title>\n<meta name=\"description\" content=\"Si usted o un ser querido se han visto afectados, no dude en hablar hoy con los abogados de negligencia m\u00e9dica de Kruger &amp; Hodges.\" \/>\n<meta name=\"robots\" content=\"index, follow, max-snippet:-1, max-image-preview:large, max-video-preview:-1\" \/>\n<link rel=\"canonical\" href=\"https:\/\/thehometownlawyers.com\/es\/hamilton\/abogado-de-malpratica-medica\/\" \/>\n<meta property=\"og:locale\" content=\"es_MX\" \/>\n<meta property=\"og:type\" content=\"article\" \/>\n<meta property=\"og:title\" content=\"Abogado de Malpractica M\u00e9dica en Hamilton | Consulta Gratuita\" \/>\n<meta property=\"og:description\" content=\"Si usted o un ser querido se han visto afectados, no dude en hablar hoy con los abogados de negligencia m\u00e9dica de Kruger &amp; Hodges.\" \/>\n<meta property=\"og:url\" content=\"https:\/\/thehometownlawyers.com\/es\/hamilton\/abogado-de-malpratica-medica\/\" \/>\n<meta property=\"og:site_name\" content=\"Kruger &amp; Hodges Abogados De Lesiones\" \/>\n<meta property=\"article:publisher\" content=\"https:\/\/www.facebook.com\/KrugerHodges\/\" \/>\n<meta property=\"article:modified_time\" content=\"2025-03-17T15:42:32+00:00\" \/>\n<meta property=\"og:image\" content=\"https:\/\/thehometownlawyers.com\/wp-content\/uploads\/2020\/04\/doctor-medical-medicine-health-42273.jpg\" \/>\n\t<meta property=\"og:image:width\" content=\"1050\" \/>\n\t<meta property=\"og:image:height\" content=\"700\" \/>\n\t<meta property=\"og:image:type\" content=\"image\/jpeg\" \/>\n<meta name=\"twitter:card\" content=\"summary_large_image\" \/>\n<meta name=\"twitter:label1\" content=\"Tiempo de lectura\" \/>\n\t<meta name=\"twitter:data1\" content=\"3 minutos\" \/>\n<script type=\"application\/ld+json\" class=\"yoast-schema-graph\">{\"@context\":\"https:\\\/\\\/schema.org\",\"@graph\":[{\"@type\":\"WebPage\",\"@id\":\"https:\\\/\\\/thehometownlawyers.com\\\/es\\\/hamilton\\\/abogado-de-malpratica-medica\\\/\",\"url\":\"https:\\\/\\\/thehometownlawyers.com\\\/es\\\/hamilton\\\/abogado-de-malpratica-medica\\\/\",\"name\":\"Abogado de Malpractica M\u00e9dica en Hamilton | Consulta Gratuita\",\"isPartOf\":{\"@id\":\"https:\\\/\\\/thehometownlawyers.com\\\/es\\\/#website\"},\"primaryImageOfPage\":{\"@id\":\"https:\\\/\\\/thehometownlawyers.com\\\/es\\\/hamilton\\\/abogado-de-malpratica-medica\\\/#primaryimage\"},\"image\":{\"@id\":\"https:\\\/\\\/thehometownlawyers.com\\\/es\\\/hamilton\\\/abogado-de-malpratica-medica\\\/#primaryimage\"},\"thumbnailUrl\":\"https:\\\/\\\/thehometownlawyers.com\\\/wp-content\\\/uploads\\\/2020\\\/04\\\/doctor-medical-medicine-health-42273.jpg\",\"datePublished\":\"2020-01-14T17:14:17+00:00\",\"dateModified\":\"2025-03-17T15:42:32+00:00\",\"description\":\"Si usted o un ser querido se han visto afectados, no dude en hablar hoy con los abogados de negligencia m\u00e9dica de Kruger & Hodges.\",\"breadcrumb\":{\"@id\":\"https:\\\/\\\/thehometownlawyers.com\\\/es\\\/hamilton\\\/abogado-de-malpratica-medica\\\/#breadcrumb\"},\"inLanguage\":\"es\",\"potentialAction\":[{\"@type\":\"ReadAction\",\"target\":[\"https:\\\/\\\/thehometownlawyers.com\\\/es\\\/hamilton\\\/abogado-de-malpratica-medica\\\/\"]}]},{\"@type\":\"ImageObject\",\"inLanguage\":\"es\",\"@id\":\"https:\\\/\\\/thehometownlawyers.com\\\/es\\\/hamilton\\\/abogado-de-malpratica-medica\\\/#primaryimage\",\"url\":\"https:\\\/\\\/thehometownlawyers.com\\\/wp-content\\\/uploads\\\/2020\\\/04\\\/doctor-medical-medicine-health-42273.jpg\",\"contentUrl\":\"https:\\\/\\\/thehometownlawyers.com\\\/wp-content\\\/uploads\\\/2020\\\/04\\\/doctor-medical-medicine-health-42273.jpg\",\"width\":1050,\"height\":700,\"caption\":\"Negligencia m\u00e9dica\"},{\"@type\":\"BreadcrumbList\",\"@id\":\"https:\\\/\\\/thehometownlawyers.com\\\/es\\\/hamilton\\\/abogado-de-malpratica-medica\\\/#breadcrumb\",\"itemListElement\":[{\"@type\":\"ListItem\",\"position\":1,\"name\":\"Home\",\"item\":\"https:\\\/\\\/thehometownlawyers.com\\\/es\\\/\"},{\"@type\":\"ListItem\",\"position\":2,\"name\":\"Abogados de Lesiones Personales en Hamilton\",\"item\":\"https:\\\/\\\/thehometownlawyers.com\\\/es\\\/\"},{\"@type\":\"ListItem\",\"position\":3,\"name\":\"Abogado de Malpractica M\u00e9dica en Hamilton\"}]},{\"@type\":\"WebSite\",\"@id\":\"https:\\\/\\\/thehometownlawyers.com\\\/es\\\/#website\",\"url\":\"https:\\\/\\\/thehometownlawyers.com\\\/es\\\/\",\"name\":\"Kruger & Hodges Hometown Injury Lawyers | Accident Attorneys\",\"description\":\"Attorneys for Car, Truck and Motorcycle Accidents, Personal Injuries, and Criminal Defense.\",\"publisher\":{\"@id\":\"https:\\\/\\\/thehometownlawyers.com\\\/es\\\/#organization\"},\"alternateName\":\"Kruger & Hodges Personal Injury Lawyers\",\"inLanguage\":\"es\"},{\"@type\":\"Organization\",\"@id\":\"https:\\\/\\\/thehometownlawyers.com\\\/es\\\/#organization\",\"name\":\"Kruger & Hodges Hometown Injury Lawyers\",\"alternateName\":\"Kruger & Hodges\",\"url\":\"https:\\\/\\\/thehometownlawyers.com\\\/es\\\/\",\"logo\":{\"@type\":\"ImageObject\",\"inLanguage\":\"es\",\"@id\":\"https:\\\/\\\/thehometownlawyers.com\\\/es\\\/#\\\/schema\\\/logo\\\/image\\\/\",\"url\":\"https:\\\/\\\/thehometownlawyers.com\\\/wp-content\\\/uploads\\\/2025\\\/12\\\/revised-kh-logo-vertical-white-background-scaled.png\",\"contentUrl\":\"https:\\\/\\\/thehometownlawyers.com\\\/wp-content\\\/uploads\\\/2025\\\/12\\\/revised-kh-logo-vertical-white-background-scaled.png\",\"width\":2560,\"height\":1440,\"caption\":\"Kruger & Hodges Hometown Injury Lawyers\"},\"image\":{\"@id\":\"https:\\\/\\\/thehometownlawyers.com\\\/es\\\/#\\\/schema\\\/logo\\\/image\\\/\"},\"sameAs\":[\"https:\\\/\\\/www.facebook.com\\\/KrugerHodges\\\/\",\"https:\\\/\\\/www.instagram.com\\\/krugerhodges\\\/\",\"https:\\\/\\\/www.linkedin.com\\\/company\\\/kruger-hodges-hometown-injury-lawyers\\\/\",\"https:\\\/\\\/www.youtube.com\\\/channel\\\/UCeYcMaMaN2rb9jMlqt4EIdQ\",\"https:\\\/\\\/www.tiktok.com\\\/@thehometownlawyer\"]}]}<\/script>\n<!-- \/ Yoast SEO plugin. -->","yoast_head_json":{"title":"Abogado de Malpractica M\u00e9dica en Hamilton | Consulta Gratuita","description":"Si usted o un ser querido se han visto afectados, no dude en hablar hoy con los abogados de negligencia m\u00e9dica de Kruger & Hodges.","robots":{"index":"index","follow":"follow","max-snippet":"max-snippet:-1","max-image-preview":"max-image-preview:large","max-video-preview":"max-video-preview:-1"},"canonical":"https:\/\/thehometownlawyers.com\/es\/hamilton\/abogado-de-malpratica-medica\/","og_locale":"es_MX","og_type":"article","og_title":"Abogado de Malpractica M\u00e9dica en Hamilton | Consulta Gratuita","og_description":"Si usted o un ser querido se han visto afectados, no dude en hablar hoy con los abogados de negligencia m\u00e9dica de Kruger & Hodges.","og_url":"https:\/\/thehometownlawyers.com\/es\/hamilton\/abogado-de-malpratica-medica\/","og_site_name":"Kruger &amp; Hodges Abogados De Lesiones","article_publisher":"https:\/\/www.facebook.com\/KrugerHodges\/","article_modified_time":"2025-03-17T15:42:32+00:00","og_image":[{"width":1050,"height":700,"url":"https:\/\/thehometownlawyers.com\/wp-content\/uploads\/2020\/04\/doctor-medical-medicine-health-42273.jpg","type":"image\/jpeg"}],"twitter_card":"summary_large_image","twitter_misc":{"Tiempo de lectura":"3 minutos"},"schema":{"@context":"https:\/\/schema.org","@graph":[{"@type":"WebPage","@id":"https:\/\/thehometownlawyers.com\/es\/hamilton\/abogado-de-malpratica-medica\/","url":"https:\/\/thehometownlawyers.com\/es\/hamilton\/abogado-de-malpratica-medica\/","name":"Abogado de Malpractica M\u00e9dica en Hamilton | Consulta Gratuita","isPartOf":{"@id":"https:\/\/thehometownlawyers.com\/es\/#website"},"primaryImageOfPage":{"@id":"https:\/\/thehometownlawyers.com\/es\/hamilton\/abogado-de-malpratica-medica\/#primaryimage"},"image":{"@id":"https:\/\/thehometownlawyers.com\/es\/hamilton\/abogado-de-malpratica-medica\/#primaryimage"},"thumbnailUrl":"https:\/\/thehometownlawyers.com\/wp-content\/uploads\/2020\/04\/doctor-medical-medicine-health-42273.jpg","datePublished":"2020-01-14T17:14:17+00:00","dateModified":"2025-03-17T15:42:32+00:00","description":"Si usted o un ser querido se han visto afectados, no dude en hablar hoy con los abogados de negligencia m\u00e9dica de Kruger & Hodges.","breadcrumb":{"@id":"https:\/\/thehometownlawyers.com\/es\/hamilton\/abogado-de-malpratica-medica\/#breadcrumb"},"inLanguage":"es","potentialAction":[{"@type":"ReadAction","target":["https:\/\/thehometownlawyers.com\/es\/hamilton\/abogado-de-malpratica-medica\/"]}]},{"@type":"ImageObject","inLanguage":"es","@id":"https:\/\/thehometownlawyers.com\/es\/hamilton\/abogado-de-malpratica-medica\/#primaryimage","url":"https:\/\/thehometownlawyers.com\/wp-content\/uploads\/2020\/04\/doctor-medical-medicine-health-42273.jpg","contentUrl":"https:\/\/thehometownlawyers.com\/wp-content\/uploads\/2020\/04\/doctor-medical-medicine-health-42273.jpg","width":1050,"height":700,"caption":"Negligencia m\u00e9dica"},{"@type":"BreadcrumbList","@id":"https:\/\/thehometownlawyers.com\/es\/hamilton\/abogado-de-malpratica-medica\/#breadcrumb","itemListElement":[{"@type":"ListItem","position":1,"name":"Home","item":"https:\/\/thehometownlawyers.com\/es\/"},{"@type":"ListItem","position":2,"name":"Abogados de Lesiones Personales en Hamilton","item":"https:\/\/thehometownlawyers.com\/es\/"},{"@type":"ListItem","position":3,"name":"Abogado de Malpractica M\u00e9dica en Hamilton"}]},{"@type":"WebSite","@id":"https:\/\/thehometownlawyers.com\/es\/#website","url":"https:\/\/thehometownlawyers.com\/es\/","name":"Kruger & Hodges Hometown Injury Lawyers | Accident Attorneys","description":"Attorneys for Car, Truck and Motorcycle Accidents, Personal Injuries, and Criminal Defense.","publisher":{"@id":"https:\/\/thehometownlawyers.com\/es\/#organization"},"alternateName":"Kruger & Hodges Personal Injury Lawyers","inLanguage":"es"},{"@type":"Organization","@id":"https:\/\/thehometownlawyers.com\/es\/#organization","name":"Kruger & Hodges Hometown Injury Lawyers","alternateName":"Kruger & Hodges","url":"https:\/\/thehometownlawyers.com\/es\/","logo":{"@type":"ImageObject","inLanguage":"es","@id":"https:\/\/thehometownlawyers.com\/es\/#\/schema\/logo\/image\/","url":"https:\/\/thehometownlawyers.com\/wp-content\/uploads\/2025\/12\/revised-kh-logo-vertical-white-background-scaled.png","contentUrl":"https:\/\/thehometownlawyers.com\/wp-content\/uploads\/2025\/12\/revised-kh-logo-vertical-white-background-scaled.png","width":2560,"height":1440,"caption":"Kruger & Hodges Hometown Injury Lawyers"},"image":{"@id":"https:\/\/thehometownlawyers.com\/es\/#\/schema\/logo\/image\/"},"sameAs":["https:\/\/www.facebook.com\/KrugerHodges\/","https:\/\/www.instagram.com\/krugerhodges\/","https:\/\/www.linkedin.com\/company\/kruger-hodges-hometown-injury-lawyers\/","https:\/\/www.youtube.com\/channel\/UCeYcMaMaN2rb9jMlqt4EIdQ","https:\/\/www.tiktok.com\/@thehometownlawyer"]}]}},"_links":{"self":[{"href":"https:\/\/thehometownlawyers.com\/es\/wp-json\/wp\/v2\/pages\/20984","targetHints":{"allow":["GET"]}}],"collection":[{"href":"https:\/\/thehometownlawyers.com\/es\/wp-json\/wp\/v2\/pages"}],"about":[{"href":"https:\/\/thehometownlawyers.com\/es\/wp-json\/wp\/v2\/types\/page"}],"author":[{"embeddable":true,"href":"https:\/\/thehometownlawyers.com\/es\/wp-json\/wp\/v2\/users\/7"}],"replies":[{"embeddable":true,"href":"https:\/\/thehometownlawyers.com\/es\/wp-json\/wp\/v2\/comments?post=20984"}],"version-history":[{"count":0,"href":"https:\/\/thehometownlawyers.com\/es\/wp-json\/wp\/v2\/pages\/20984\/revisions"}],"up":[{"embeddable":true,"href":"https:\/\/thehometownlawyers.com\/es\/wp-json\/wp\/v2\/pages\/20908"}],"wp:featuredmedia":[{"embeddable":true,"href":"https:\/\/thehometownlawyers.com\/es\/wp-json\/wp\/v2\/media\/20750"}],"wp:attachment":[{"href":"https:\/\/thehometownlawyers.com\/es\/wp-json\/wp\/v2\/media?parent=20984"}],"wp:term":[{"taxonomy":"hc_faqs","embeddable":true,"href":"https:\/\/thehometownlawyers.com\/es\/wp-json\/wp\/v2\/hc_faqs?post=20984"},{"taxonomy":"hc_spanish_faqs","embeddable":true,"href":"https:\/\/thehometownlawyers.com\/es\/wp-json\/wp\/v2\/hc_spanish_faqs?post=20984"}],"curies":[{"name":"wp","href":"https:\/\/api.w.org\/{rel}","templated":true}]}}