{"id":20997,"date":"2020-07-02T14:21:23","date_gmt":"2020-07-02T18:21:23","guid":{"rendered":"https:\/\/thehometownlawyers.com\/?post_type=faq&#038;p=20997"},"modified":"2025-01-30T18:36:14","modified_gmt":"2025-01-30T23:36:14","slug":"lo-que-debe-saber-acerca-de-ser-parte-de-un-caso-de-muerte-por-negligencia","status":"publish","type":"page","link":"https:\/\/thehometownlawyers.com\/es\/preguntas-frecuentes\/lo-que-debe-saber-acerca-de-ser-parte-de-un-caso-de-muerte-por-negligencia\/","title":{"rendered":"Lo que debe saber acerca de ser parte de un caso de muerte por negligencia"},"content":{"rendered":"<p>Hay tantas maneras en que alguien puede morir injustamente. Hay accidentes automovil\u00edsticos, accidentes de construcci\u00f3n, accidentes extra\u00f1os que simplemente suceden. El m\u00e1s com\u00fan de todos los accidentes que ocurren son los accidentes de camiones. Estos grandes accidentes ocurren con demasiada frecuencia y esto hace que aquellos que son parte de la muerte por negligencia busquen restituci\u00f3n por los da\u00f1os sufridos. Si se encuentra en una situaci\u00f3n como esta, comun\u00edquese con un <a href=\"https:\/\/thehometownlawyers.com\/es\/\">abogado de lesiones personales en Hamilton<\/a> que pueda brindarle la ayuda que necesita.<\/p>\n<h2>\u00bfQu\u00e9 es exactamente una muerte por negligencia?<\/h2>\n<p>Un caso de muerte por negligencia es un reclamo legal por los da\u00f1os y perjuicios sufridos por la p\u00e9rdida por negligencia de un ser querido. En la mayor\u00eda de los casos, se puede presentar un caso de muerte por negligencia cuando muere un ser querido, independientemente de los cargos penales que se presenten contra la persona. Eso significa que las muertes causadas por negligencia, un error o una acci\u00f3n intencional podr\u00edan calificar para una demanda por muerte por negligencia.<\/p>\n<p>La familia del difunto es quien puede actuar contra el responsable. Este es generalmente el miembro de la familia sobreviviente, como un hijo, c\u00f3nyuge o padre. Aquellos que no son tan cercanos a la persona, como t\u00edas, t\u00edos, primos o incluso hermanos, generalmente no pueden presentar un caso de muerte por negligencia con \u00e9xito a menos que la persona pueda probar que eran muy cercanos y depend\u00edan del difunto.<\/p>\n<p class=\"rs-content-cta rs-content-cta-small\">Para una consulta legal gratuita, llame al <a href=\"tel:+15138943333\">513-894-3333 <\/a><\/p><h2>\u00bfQui\u00e9n se beneficia de un caso como este?<\/h2>\n<p>Los m\u00e1s cercanos al difunto son los que m\u00e1s se beneficiar\u00edan. Este es generalmente el c\u00f3nyuge de un adulto, o los padres si el fallecido es menor de edad. Los m\u00e1s alejados de la persona no estar\u00edan tan involucrados. Los hijos del difunto pueden recibir una parte de los beneficios a trav\u00e9s del c\u00f3nyuge sobreviviente o mediante una parte separada del pago si su padre no es el c\u00f3nyuge sobreviviente. Los ni\u00f1os pueden reclamar oportunidades perdidas, como eventos espec\u00edficos de la vida como bodas o graduaciones. Tambi\u00e9n pueden reclamar la p\u00e9rdida de un mentor y, en algunos casos, la p\u00e9rdida de apoyo financiero seg\u00fan las circunstancias. Sin embargo, aquellos que no son padres, hijos o c\u00f3nyuges no deben esperar mucho en un caso de muerte por negligencia.<\/p>\n<p>En el estado de Ohio, la mayor\u00eda de los casos civiles de muerte por negligencia pueden resolverse mediante un acuerdo antes de ir a juicio. Si son llevados a juicio, un jurado determinar\u00e1 el monto de la compensaci\u00f3n que se otorgar\u00e1 a los familiares sobrevivientes que califiquen. Hay muchas variables diferentes que entran en juego en una demanda por homicidio culposo, qui\u00e9n recibe qu\u00e9 cantidad o porcentaje del acuerdo y cu\u00e1nto se paga en su totalidad. Estos casos se determinan al observar todos los detalles que rodean la muerte del individuo, y tambi\u00e9n al observar detalles espec\u00edficos como el poder adquisitivo del individuo, la edad y las relaciones con sus seres queridos para decidir cu\u00e1nto deben ser los da\u00f1os y qui\u00e9n califica para recibirlos.<\/p>\n<p>Si necesita un abogado en un caso de muerte por negligencia, hable con nuestros abogados. Ellos pueden brindar apoyo legal e informaci\u00f3n sobre el caso, permiti\u00e9ndole respirar tranquilo. Llame hoy para aprender m\u00e1s.<\/p>\n<p><a href=\"https:\/\/thehometownlawyers.com\/es\/contacto\/\">Oficina de abogados de Hamilton<\/a><br \/>\n<a href=\"https:\/\/thehometownlawyers.com\/es\/contacto\/\">Oficina de abogados de Middletown<\/a><br \/>\n<a href=\"https:\/\/thehometownlawyers.com\/es\/contacto\/\">Oficina de abogados de Eaton<\/a><\/p>\n<p class=\"rs-content-cta rs-content-cta-small\">Llame o env\u00ede un mensaje de texto al <a href=\"tel:+15138943333\">513-894-3333<\/a> o complete una <a href=\"\/es\/contacto\/\">evaluaci\u00f3n gratuita de su caso<\/a><\/p>","protected":false},"excerpt":{"rendered":"<p>Hay tantas maneras en que alguien puede morir injustamente. Hay accidentes automovil\u00edsticos, accidentes de construcci\u00f3n, accidentes extra\u00f1os que simplemente suceden. El m\u00e1s com\u00fan de todos los accidentes que ocurren son los accidentes de camiones. Estos grandes accidentes ocurren con demasiada frecuencia y esto hace que aquellos que son parte de la muerte por negligencia busquen &#8230;<\/p>\n","protected":false},"author":7,"featured_media":20795,"parent":20989,"menu_order":0,"comment_status":"closed","ping_status":"closed","template":"","meta":{"_acf_changed":false,"inline_featured_image":false,"_genesis_hide_title":false,"_genesis_hide_breadcrumbs":false,"_genesis_hide_singular_image":false,"_genesis_hide_footer_widgets":false,"_genesis_custom_body_class":"","_genesis_custom_post_class":"","_genesis_layout":"","footnotes":""},"hc_faqs":[326],"hc_spanish_faqs":[],"class_list":{"0":"post-20997","1":"page","2":"type-page","3":"status-publish","4":"has-post-thumbnail","6":"hc_faqs-muerte-imprudente","7":"entry"},"acf":[],"yoast_head":"<!-- This site is optimized with the Yoast SEO plugin v27.3 - https:\/\/yoast.com\/product\/yoast-seo-wordpress\/ -->\n<title>Lo que debe saber acerca de ser parte de un caso de muerte por negligencia K | H<\/title>\n<meta name=\"description\" content=\"Hay tantas maneras en que alguien puede morir injustamente. Hay accidentes automovil\u00edsticos, accidentes de construcci\u00f3n, accidentes extra\u00f1os que\" \/>\n<meta name=\"robots\" content=\"index, follow, max-snippet:-1, max-image-preview:large, max-video-preview:-1\" \/>\n<link rel=\"canonical\" href=\"https:\/\/thehometownlawyers.com\/es\/preguntas-frecuentes\/lo-que-debe-saber-acerca-de-ser-parte-de-un-caso-de-muerte-por-negligencia\/\" \/>\n<meta property=\"og:locale\" content=\"es_MX\" \/>\n<meta property=\"og:type\" content=\"article\" \/>\n<meta property=\"og:title\" content=\"Lo que debe saber acerca de ser parte de un caso de muerte por negligencia K | H\" \/>\n<meta property=\"og:description\" content=\"Hay tantas maneras en que alguien puede morir injustamente. Hay accidentes automovil\u00edsticos, accidentes de construcci\u00f3n, accidentes extra\u00f1os que\" \/>\n<meta property=\"og:url\" content=\"https:\/\/thehometownlawyers.com\/es\/preguntas-frecuentes\/lo-que-debe-saber-acerca-de-ser-parte-de-un-caso-de-muerte-por-negligencia\/\" \/>\n<meta property=\"og:site_name\" content=\"Kruger &amp; Hodges Abogados De Lesiones\" \/>\n<meta property=\"article:publisher\" content=\"https:\/\/www.facebook.com\/KrugerHodges\/\" \/>\n<meta property=\"article:modified_time\" content=\"2025-01-30T23:36:14+00:00\" \/>\n<meta property=\"og:image\" content=\"https:\/\/thehometownlawyers.com\/wp-content\/uploads\/2021\/04\/Picture-of-a-Bench-for-Wrongful-Death-Page.jpg\" \/>\n\t<meta property=\"og:image:width\" content=\"640\" \/>\n\t<meta property=\"og:image:height\" content=\"426\" \/>\n\t<meta property=\"og:image:type\" content=\"image\/jpeg\" \/>\n<meta name=\"twitter:card\" content=\"summary_large_image\" \/>\n<meta name=\"twitter:label1\" content=\"Tiempo de lectura\" \/>\n\t<meta name=\"twitter:data1\" content=\"3 minutos\" \/>\n<script type=\"application\/ld+json\" class=\"yoast-schema-graph\">{\"@context\":\"https:\\\/\\\/schema.org\",\"@graph\":[{\"@type\":\"WebPage\",\"@id\":\"https:\\\/\\\/thehometownlawyers.com\\\/es\\\/preguntas-frecuentes\\\/lo-que-debe-saber-acerca-de-ser-parte-de-un-caso-de-muerte-por-negligencia\\\/\",\"url\":\"https:\\\/\\\/thehometownlawyers.com\\\/es\\\/preguntas-frecuentes\\\/lo-que-debe-saber-acerca-de-ser-parte-de-un-caso-de-muerte-por-negligencia\\\/\",\"name\":\"Lo que debe saber acerca de ser parte de un caso de muerte por negligencia K | H\",\"isPartOf\":{\"@id\":\"https:\\\/\\\/thehometownlawyers.com\\\/es\\\/#website\"},\"primaryImageOfPage\":{\"@id\":\"https:\\\/\\\/thehometownlawyers.com\\\/es\\\/preguntas-frecuentes\\\/lo-que-debe-saber-acerca-de-ser-parte-de-un-caso-de-muerte-por-negligencia\\\/#primaryimage\"},\"image\":{\"@id\":\"https:\\\/\\\/thehometownlawyers.com\\\/es\\\/preguntas-frecuentes\\\/lo-que-debe-saber-acerca-de-ser-parte-de-un-caso-de-muerte-por-negligencia\\\/#primaryimage\"},\"thumbnailUrl\":\"https:\\\/\\\/thehometownlawyers.com\\\/wp-content\\\/uploads\\\/2021\\\/04\\\/Picture-of-a-Bench-for-Wrongful-Death-Page.jpg\",\"datePublished\":\"2020-07-02T18:21:23+00:00\",\"dateModified\":\"2025-01-30T23:36:14+00:00\",\"description\":\"Hay tantas maneras en que alguien puede morir injustamente. Hay accidentes automovil\u00edsticos, accidentes de construcci\u00f3n, accidentes extra\u00f1os que\",\"breadcrumb\":{\"@id\":\"https:\\\/\\\/thehometownlawyers.com\\\/es\\\/preguntas-frecuentes\\\/lo-que-debe-saber-acerca-de-ser-parte-de-un-caso-de-muerte-por-negligencia\\\/#breadcrumb\"},\"inLanguage\":\"es\",\"potentialAction\":[{\"@type\":\"ReadAction\",\"target\":[\"https:\\\/\\\/thehometownlawyers.com\\\/es\\\/preguntas-frecuentes\\\/lo-que-debe-saber-acerca-de-ser-parte-de-un-caso-de-muerte-por-negligencia\\\/\"]}]},{\"@type\":\"ImageObject\",\"inLanguage\":\"es\",\"@id\":\"https:\\\/\\\/thehometownlawyers.com\\\/es\\\/preguntas-frecuentes\\\/lo-que-debe-saber-acerca-de-ser-parte-de-un-caso-de-muerte-por-negligencia\\\/#primaryimage\",\"url\":\"https:\\\/\\\/thehometownlawyers.com\\\/wp-content\\\/uploads\\\/2021\\\/04\\\/Picture-of-a-Bench-for-Wrongful-Death-Page.jpg\",\"contentUrl\":\"https:\\\/\\\/thehometownlawyers.com\\\/wp-content\\\/uploads\\\/2021\\\/04\\\/Picture-of-a-Bench-for-Wrongful-Death-Page.jpg\",\"width\":640,\"height\":426,\"caption\":\"banco en un bosque\"},{\"@type\":\"BreadcrumbList\",\"@id\":\"https:\\\/\\\/thehometownlawyers.com\\\/es\\\/preguntas-frecuentes\\\/lo-que-debe-saber-acerca-de-ser-parte-de-un-caso-de-muerte-por-negligencia\\\/#breadcrumb\",\"itemListElement\":[{\"@type\":\"ListItem\",\"position\":1,\"name\":\"Home\",\"item\":\"https:\\\/\\\/thehometownlawyers.com\\\/es\\\/\"},{\"@type\":\"ListItem\",\"position\":2,\"name\":\"Preguntas Frecuentes\",\"item\":\"https:\\\/\\\/thehometownlawyers.com\\\/es\\\/preguntas-frecuentes\\\/\"},{\"@type\":\"ListItem\",\"position\":3,\"name\":\"Lo que debe saber acerca de ser parte de un caso de muerte por negligencia\"}]},{\"@type\":\"WebSite\",\"@id\":\"https:\\\/\\\/thehometownlawyers.com\\\/es\\\/#website\",\"url\":\"https:\\\/\\\/thehometownlawyers.com\\\/es\\\/\",\"name\":\"Kruger & Hodges Hometown Injury Lawyers | Accident Attorneys\",\"description\":\"Attorneys for Car, Truck and Motorcycle Accidents, Personal Injuries, and Criminal Defense.\",\"publisher\":{\"@id\":\"https:\\\/\\\/thehometownlawyers.com\\\/es\\\/#organization\"},\"alternateName\":\"Kruger & Hodges Personal Injury Lawyers\",\"inLanguage\":\"es\"},{\"@type\":\"Organization\",\"@id\":\"https:\\\/\\\/thehometownlawyers.com\\\/es\\\/#organization\",\"name\":\"Kruger & Hodges Hometown Injury Lawyers\",\"alternateName\":\"Kruger & Hodges\",\"url\":\"https:\\\/\\\/thehometownlawyers.com\\\/es\\\/\",\"logo\":{\"@type\":\"ImageObject\",\"inLanguage\":\"es\",\"@id\":\"https:\\\/\\\/thehometownlawyers.com\\\/es\\\/#\\\/schema\\\/logo\\\/image\\\/\",\"url\":\"https:\\\/\\\/thehometownlawyers.com\\\/wp-content\\\/uploads\\\/2025\\\/12\\\/revised-kh-logo-vertical-white-background-scaled.png\",\"contentUrl\":\"https:\\\/\\\/thehometownlawyers.com\\\/wp-content\\\/uploads\\\/2025\\\/12\\\/revised-kh-logo-vertical-white-background-scaled.png\",\"width\":2560,\"height\":1440,\"caption\":\"Kruger & Hodges Hometown Injury Lawyers\"},\"image\":{\"@id\":\"https:\\\/\\\/thehometownlawyers.com\\\/es\\\/#\\\/schema\\\/logo\\\/image\\\/\"},\"sameAs\":[\"https:\\\/\\\/www.facebook.com\\\/KrugerHodges\\\/\",\"https:\\\/\\\/www.instagram.com\\\/krugerhodges\\\/\",\"https:\\\/\\\/www.linkedin.com\\\/company\\\/kruger-hodges-hometown-injury-lawyers\\\/\",\"https:\\\/\\\/www.youtube.com\\\/channel\\\/UCeYcMaMaN2rb9jMlqt4EIdQ\",\"https:\\\/\\\/www.tiktok.com\\\/@thehometownlawyer\"]}]}<\/script>\n<!-- \/ Yoast SEO plugin. -->","yoast_head_json":{"title":"Lo que debe saber acerca de ser parte de un caso de muerte por negligencia K | H","description":"Hay tantas maneras en que alguien puede morir injustamente. Hay accidentes automovil\u00edsticos, accidentes de construcci\u00f3n, accidentes extra\u00f1os que","robots":{"index":"index","follow":"follow","max-snippet":"max-snippet:-1","max-image-preview":"max-image-preview:large","max-video-preview":"max-video-preview:-1"},"canonical":"https:\/\/thehometownlawyers.com\/es\/preguntas-frecuentes\/lo-que-debe-saber-acerca-de-ser-parte-de-un-caso-de-muerte-por-negligencia\/","og_locale":"es_MX","og_type":"article","og_title":"Lo que debe saber acerca de ser parte de un caso de muerte por negligencia K | H","og_description":"Hay tantas maneras en que alguien puede morir injustamente. Hay accidentes automovil\u00edsticos, accidentes de construcci\u00f3n, accidentes extra\u00f1os que","og_url":"https:\/\/thehometownlawyers.com\/es\/preguntas-frecuentes\/lo-que-debe-saber-acerca-de-ser-parte-de-un-caso-de-muerte-por-negligencia\/","og_site_name":"Kruger &amp; Hodges Abogados De Lesiones","article_publisher":"https:\/\/www.facebook.com\/KrugerHodges\/","article_modified_time":"2025-01-30T23:36:14+00:00","og_image":[{"width":640,"height":426,"url":"https:\/\/thehometownlawyers.com\/wp-content\/uploads\/2021\/04\/Picture-of-a-Bench-for-Wrongful-Death-Page.jpg","type":"image\/jpeg"}],"twitter_card":"summary_large_image","twitter_misc":{"Tiempo de lectura":"3 minutos"},"schema":{"@context":"https:\/\/schema.org","@graph":[{"@type":"WebPage","@id":"https:\/\/thehometownlawyers.com\/es\/preguntas-frecuentes\/lo-que-debe-saber-acerca-de-ser-parte-de-un-caso-de-muerte-por-negligencia\/","url":"https:\/\/thehometownlawyers.com\/es\/preguntas-frecuentes\/lo-que-debe-saber-acerca-de-ser-parte-de-un-caso-de-muerte-por-negligencia\/","name":"Lo que debe saber acerca de ser parte de un caso de muerte por negligencia K | H","isPartOf":{"@id":"https:\/\/thehometownlawyers.com\/es\/#website"},"primaryImageOfPage":{"@id":"https:\/\/thehometownlawyers.com\/es\/preguntas-frecuentes\/lo-que-debe-saber-acerca-de-ser-parte-de-un-caso-de-muerte-por-negligencia\/#primaryimage"},"image":{"@id":"https:\/\/thehometownlawyers.com\/es\/preguntas-frecuentes\/lo-que-debe-saber-acerca-de-ser-parte-de-un-caso-de-muerte-por-negligencia\/#primaryimage"},"thumbnailUrl":"https:\/\/thehometownlawyers.com\/wp-content\/uploads\/2021\/04\/Picture-of-a-Bench-for-Wrongful-Death-Page.jpg","datePublished":"2020-07-02T18:21:23+00:00","dateModified":"2025-01-30T23:36:14+00:00","description":"Hay tantas maneras en que alguien puede morir injustamente. Hay accidentes automovil\u00edsticos, accidentes de construcci\u00f3n, accidentes extra\u00f1os que","breadcrumb":{"@id":"https:\/\/thehometownlawyers.com\/es\/preguntas-frecuentes\/lo-que-debe-saber-acerca-de-ser-parte-de-un-caso-de-muerte-por-negligencia\/#breadcrumb"},"inLanguage":"es","potentialAction":[{"@type":"ReadAction","target":["https:\/\/thehometownlawyers.com\/es\/preguntas-frecuentes\/lo-que-debe-saber-acerca-de-ser-parte-de-un-caso-de-muerte-por-negligencia\/"]}]},{"@type":"ImageObject","inLanguage":"es","@id":"https:\/\/thehometownlawyers.com\/es\/preguntas-frecuentes\/lo-que-debe-saber-acerca-de-ser-parte-de-un-caso-de-muerte-por-negligencia\/#primaryimage","url":"https:\/\/thehometownlawyers.com\/wp-content\/uploads\/2021\/04\/Picture-of-a-Bench-for-Wrongful-Death-Page.jpg","contentUrl":"https:\/\/thehometownlawyers.com\/wp-content\/uploads\/2021\/04\/Picture-of-a-Bench-for-Wrongful-Death-Page.jpg","width":640,"height":426,"caption":"banco en un bosque"},{"@type":"BreadcrumbList","@id":"https:\/\/thehometownlawyers.com\/es\/preguntas-frecuentes\/lo-que-debe-saber-acerca-de-ser-parte-de-un-caso-de-muerte-por-negligencia\/#breadcrumb","itemListElement":[{"@type":"ListItem","position":1,"name":"Home","item":"https:\/\/thehometownlawyers.com\/es\/"},{"@type":"ListItem","position":2,"name":"Preguntas Frecuentes","item":"https:\/\/thehometownlawyers.com\/es\/preguntas-frecuentes\/"},{"@type":"ListItem","position":3,"name":"Lo que debe saber acerca de ser parte de un caso de muerte por negligencia"}]},{"@type":"WebSite","@id":"https:\/\/thehometownlawyers.com\/es\/#website","url":"https:\/\/thehometownlawyers.com\/es\/","name":"Kruger & Hodges Hometown Injury Lawyers | Accident Attorneys","description":"Attorneys for Car, Truck and Motorcycle Accidents, Personal Injuries, and Criminal Defense.","publisher":{"@id":"https:\/\/thehometownlawyers.com\/es\/#organization"},"alternateName":"Kruger & Hodges Personal Injury Lawyers","inLanguage":"es"},{"@type":"Organization","@id":"https:\/\/thehometownlawyers.com\/es\/#organization","name":"Kruger & Hodges Hometown Injury Lawyers","alternateName":"Kruger & Hodges","url":"https:\/\/thehometownlawyers.com\/es\/","logo":{"@type":"ImageObject","inLanguage":"es","@id":"https:\/\/thehometownlawyers.com\/es\/#\/schema\/logo\/image\/","url":"https:\/\/thehometownlawyers.com\/wp-content\/uploads\/2025\/12\/revised-kh-logo-vertical-white-background-scaled.png","contentUrl":"https:\/\/thehometownlawyers.com\/wp-content\/uploads\/2025\/12\/revised-kh-logo-vertical-white-background-scaled.png","width":2560,"height":1440,"caption":"Kruger & Hodges Hometown Injury Lawyers"},"image":{"@id":"https:\/\/thehometownlawyers.com\/es\/#\/schema\/logo\/image\/"},"sameAs":["https:\/\/www.facebook.com\/KrugerHodges\/","https:\/\/www.instagram.com\/krugerhodges\/","https:\/\/www.linkedin.com\/company\/kruger-hodges-hometown-injury-lawyers\/","https:\/\/www.youtube.com\/channel\/UCeYcMaMaN2rb9jMlqt4EIdQ","https:\/\/www.tiktok.com\/@thehometownlawyer"]}]}},"_links":{"self":[{"href":"https:\/\/thehometownlawyers.com\/es\/wp-json\/wp\/v2\/pages\/20997","targetHints":{"allow":["GET"]}}],"collection":[{"href":"https:\/\/thehometownlawyers.com\/es\/wp-json\/wp\/v2\/pages"}],"about":[{"href":"https:\/\/thehometownlawyers.com\/es\/wp-json\/wp\/v2\/types\/page"}],"author":[{"embeddable":true,"href":"https:\/\/thehometownlawyers.com\/es\/wp-json\/wp\/v2\/users\/7"}],"replies":[{"embeddable":true,"href":"https:\/\/thehometownlawyers.com\/es\/wp-json\/wp\/v2\/comments?post=20997"}],"version-history":[{"count":0,"href":"https:\/\/thehometownlawyers.com\/es\/wp-json\/wp\/v2\/pages\/20997\/revisions"}],"up":[{"embeddable":true,"href":"https:\/\/thehometownlawyers.com\/es\/wp-json\/wp\/v2\/pages\/20989"}],"wp:featuredmedia":[{"embeddable":true,"href":"https:\/\/thehometownlawyers.com\/es\/wp-json\/wp\/v2\/media\/20795"}],"wp:attachment":[{"href":"https:\/\/thehometownlawyers.com\/es\/wp-json\/wp\/v2\/media?parent=20997"}],"wp:term":[{"taxonomy":"hc_faqs","embeddable":true,"href":"https:\/\/thehometownlawyers.com\/es\/wp-json\/wp\/v2\/hc_faqs?post=20997"},{"taxonomy":"hc_spanish_faqs","embeddable":true,"href":"https:\/\/thehometownlawyers.com\/es\/wp-json\/wp\/v2\/hc_spanish_faqs?post=20997"}],"curies":[{"name":"wp","href":"https:\/\/api.w.org\/{rel}","templated":true}]}}