{"id":20998,"date":"2021-09-14T10:48:08","date_gmt":"2021-09-14T14:48:08","guid":{"rendered":"https:\/\/thehometownlawyers.com\/?post_type=faq&#038;p=20998"},"modified":"2025-03-24T13:05:13","modified_gmt":"2025-03-24T17:05:13","slug":"ha-cambiado-el-estatuto-de-limitaciones-de-ohio-para-accidentes-automovilisticos","status":"publish","type":"page","link":"https:\/\/thehometownlawyers.com\/es\/preguntas-frecuentes\/ha-cambiado-el-estatuto-de-limitaciones-de-ohio-para-accidentes-automovilisticos\/","title":{"rendered":"\u00bfHa cambiado el estatuto de limitaciones de Ohio para accidentes automovil\u00edsticos?"},"content":{"rendered":"<p><strong>\u00bfHa cambiado el estatuto de limitaciones de Ohio para accidentes automovil\u00edsticos?<\/strong> En los primeros d\u00edas de la pandemia de Covid-19, el gobernador DeWine firm\u00f3 <a href=\"https:\/\/www.legislature.ohio.gov\/legislation\/legislation-summary?id=GA133-HB-197\" target=\"_blank\" rel=\"noopener\">el proyecto de ley 197 de la C\u00e1mara de Representantes de Ohio<\/a> , que suspendi\u00f3 todos los estatutos de limitaciones penales y civiles que expiraban entre el 9 de marzo y el 30 de julio de 2020. Debido a que la disposici\u00f3n de peaje expiraba el 30 de julio de 2020, o cuando el gobernador DeWine levantara su declaraci\u00f3n de emergencia, los estatutos se levantar\u00e1n cuando finalice el estado de emergencia en el estado de Ohio. Adem\u00e1s, el Proyecto de Ley 197 de la C\u00e1mara de Representantes contempla cualquier aspecto del descubrimiento u otras limitaciones de tiempo o plazos penales y civiles. M\u00e1s tarde, el 14 de abril, la Corte Suprema de Ohio emiti\u00f3 una orden posterior que aborda los requisitos de tiempo establecidos por las Reglas de Pr\u00e1ctica de la Corte Suprema. Si bien estas decisiones afectan muchos tipos diferentes de casos, tendr\u00e1n un profundo impacto en las personas del estado que est\u00e1n involucradas en accidentes automovil\u00edsticos.<\/p>\n<h2>\u00bfQu\u00e9 hace el estatuto de limitaciones?<\/h2>\n<p>Los estatutos de limitaciones se refieren a <a href=\"https:\/\/statelaws.findlaw.com\/ohio-law\/ohio-civil-statute-of-limitations-laws.html\" target=\"_blank\" rel=\"noopener\">las leyes que establecen<\/a> un per\u00edodo de tiempo que las partes involucradas en una disputa tienen para iniciar una demanda o hacer valer un reclamo. En Ohio, los plazos de prescripci\u00f3n var\u00edan mucho dependiendo de si el asunto es civil, penal o administrativo, as\u00ed como del tipo de disputa en cuesti\u00f3n. El prop\u00f3sito detr\u00e1s del estatuto de limitaciones es exigir el procesamiento r\u00e1pido de reclamos para proporcionar previsibilidad en las decisiones legales. El estatuto de limitaciones para los accidentes automovil\u00edsticos en Ohio es de dos a\u00f1os a partir de la fecha en que ocurre el accidente. Con pocas excepciones, una persona no puede reclamar una compensaci\u00f3n despu\u00e9s de que hayan expirado estos dos a\u00f1os.<\/p>\n<p class=\"rs-content-cta rs-content-cta-small\">Para una consulta legal gratuita, llame al <a href=\"tel:+15138943333\">513-894-3333 <\/a><\/p><h2>\u00bfPor qu\u00e9 fue necesario el cambio en la regulaci\u00f3n?<\/h2>\n<p>Se han puesto en marcha nuevas medidas para reducir el impacto de la pandemia de COVID-19. Los cambios han afectado el funcionamiento de todo el sistema judicial de Ohio, as\u00ed como la capacidad de los tribunales para cumplir con varios plazos. Aunque los tribunales tienen cierta capacidad para abordar los requisitos de tiempo, como la facultad de emitir aplazamientos, se necesitaban cambios adicionales para abordar las circunstancias extraordinarias actuales.<\/p>\n<h2>Qu\u00e9 significa peaje<\/h2>\n<p>El acto de peaje se refiere al tiempo de congelaci\u00f3n desde la fecha de inicio del peaje, que en este caso es el 9 de marzo de 2020, hasta el vencimiento de la orden de peaje. Recuerde, la ley aplica \u00fanicamente aquellos requisitos de tiempo que est\u00e1n programados para vencer durante el per\u00edodo de emergencia.<\/p>\n<p>Teniendo en cuenta los siguientes dos ejemplos de c\u00f3mo podr\u00eda funcionar el peaje en un accidente automovil\u00edstico:<\/p>\n<ul>\n<li>Un conductor que caus\u00f3 un accidente automovil\u00edstico recibe una demanda el 4 de marzo de 2020. En la mayor\u00eda de los casos, la respuesta del conductor vence 28 d\u00edas despu\u00e9s, el 1 de abril de 2020. Sin embargo, debido a que esta fecha cae dentro del per\u00edodo de emergencia, se toca. Debido a que pasaron cinco d\u00edas antes de que se tocara el plazo, luego de que finalice el per\u00edodo de emergencia, esta parte a\u00fan tendr\u00e1 21 d\u00edas para presentar una respuesta.<\/li>\n<li>Un acusado responsable de un accidente automovil\u00edstico recibe una demanda el 23 de marzo. En la mayor\u00eda de los casos, la respuesta del demandado vence 28 d\u00edas despu\u00e9s o el 20 de abril de 2020. Sin embargo, debido a que esta fecha cae dentro del per\u00edodo de emergencia, se toca. Debido a que el caso se present\u00f3 durante el per\u00edodo de emergencia, se cancela todo el per\u00edodo de 28 d\u00edas. Esto significa que cuando termine el per\u00edodo de emergencia, el demandado a\u00fan tendr\u00e1 28 d\u00edas para responder.<\/li>\n<\/ul>\n<p class=\"rs-content-cta rs-content-cta-small\"><a href=\"\/es\/contacto\/\">Haga clic para contactar<\/a> con nuestros  abogados hoy<\/p><h2>Excepciones al requisito de peaje<\/h2>\n<p>Recuerde que, aunque la legislaci\u00f3n puede imponer un requisito de tiempo, no se requiere que una acci\u00f3n o caso se detenga por completo durante el per\u00edodo de emergencia. En cambio, el cambio de peaje simplemente detiene los requisitos de tiempo. Adem\u00e1s, la legislaci\u00f3n no proh\u00edbe que otras partes en un caso o los tribunales locales cumplan voluntariamente con los requisitos de tiempo que se aplican a la parte o al tribunal local. La orden incluso establece que no impide las presentaciones durante la vigencia de la orden siempre que un tribunal local a\u00fan pueda recibir presentaciones y si se hace en relaci\u00f3n con un asunto que requiere atenci\u00f3n inmediata.<\/p>\n<p>Una situaci\u00f3n que requiere atenci\u00f3n inmediata se refiere a los casos relacionados con la seguridad de los ni\u00f1os, que a los efectos de los accidentes automovil\u00edsticos pueden implicar el funcionamiento deficiente de un veh\u00edculo motorizado o cualquier otro asunto que involucre la seguridad y el bienestar inmediatos de las personas.<\/p>\n<p class=\"rs-content-cta rs-content-cta-small\">Complete una <a href=\"\/es\/contacto\/\">evaluaci\u00f3n gratuita de su caso<\/a> ahora<\/p><h2>La diferencia entre las \u00f3rdenes del 27 de marzo y del 14 de abril<\/h2>\n<p>La orden del 27 de marzo tuvo el efecto de eliminar los requisitos de todos los tiempos impuestos por las reglas de la Corte Suprema. Sin embargo, la orden del 14 de abril restableci\u00f3 solo los requisitos de tiempo en las Reglas de pr\u00e1ctica de la Corte Suprema. Como resultado, todos los dem\u00e1s requisitos de tiempo impuestos por la Corte Suprema siguen vigentes para la totalidad de la orden del 27 de marzo.<\/p>\n<h2>Hable con un abogado experimentado en accidentes automovil\u00edsticos de Ohio<\/h2>\n<p>Si alguien m\u00e1s caus\u00f3 su accidente automovil\u00edstico en Ohio, es importante recordar que tiene derecho a buscar una compensaci\u00f3n. Comun\u00edquese con <a href=\"https:\/\/thehometownlawyers.com\/es\/contacto\/\">Kruger &amp; Hodges<\/a> para programar una evaluaci\u00f3n gratuita de su caso con un abogado con experiencia en accidentes automovil\u00edsticos.<\/p>\n<h3><em>Enlaces relacionados:<\/em><\/h3>\n<p><a href=\"https:\/\/thehometownlawyers.com\/es\/abogados-de-lesiones-personales-de-middletown\/\">Abogados de Lesiones Personales de Middletown, OH<\/a><br \/>\nAccidentes automovil\u00edsticos en Middletown<br \/>\n<a href=\"https:\/\/thehometownlawyers.com\/es\/abogados-de-lesiones-personales-en-eaton-ohio\/abogados-de-accidentes-de-motocicleta-en-eaton-ohio\/\">Accidentes de motocicleta en Eaton, OH<\/a><br \/>\nAccidentes de peatones en Middletown, OH<br \/>\nAbogados de accidentes de Uber<br \/>\n<a href=\"https:\/\/thehometownlawyers.com\/es\/abogados-de-lesiones-personales-en-eaton-ohio\/abogados-de-accidentes-de-camiones-en-eaton-ohio\/\">Accidentes de camiones en Eaton, OH<\/a><br \/>\n<a href=\"https:\/\/thehometownlawyers.com\/es\/\">Heridas en la cabeza<\/a><br \/>\nLesiones de la m\u00e9dula<br \/>\nCicatrizaci\u00f3n debido a accidentes automovil\u00edsticos<br \/>\nPreguntas frecuentes: \u00bfPuede mi abogado acceder a las im\u00e1genes de la c\u00e1mara de tr\u00e1fico de mi accidente?<br \/>\nPreguntas frecuentes:Si me lesiono en un accidente automovil\u00edstico con un automovilista sin seguro, \u00bfpuedo recibir una compensaci\u00f3n?<br \/>\nPreguntas frecuentes: \u00bfEs negligencia la ira al volante en un accidente automovil\u00edstico?<\/p>\n<p class=\"rs-content-cta rs-content-cta-small\">Llame o env\u00ede un mensaje de texto al <a href=\"tel:+15138943333\">513-894-3333<\/a> o complete una <a href=\"\/es\/contacto\/\">evaluaci\u00f3n gratuita de su caso<\/a><\/p>","protected":false},"excerpt":{"rendered":"<p>\u00bfHa cambiado el estatuto de limitaciones de Ohio para accidentes automovil\u00edsticos? En los primeros d\u00edas de la pandemia de Covid-19, el gobernador DeWine firm\u00f3 el proyecto de ley 197 de la C\u00e1mara de Representantes de Ohio , que suspendi\u00f3 todos los estatutos de limitaciones penales y civiles que expiraban entre el 9 de marzo y &#8230;<\/p>\n","protected":false},"author":7,"featured_media":24634,"parent":20989,"menu_order":0,"comment_status":"closed","ping_status":"closed","template":"","meta":{"_acf_changed":false,"inline_featured_image":false,"_genesis_hide_title":false,"_genesis_hide_breadcrumbs":false,"_genesis_hide_singular_image":false,"_genesis_hide_footer_widgets":false,"_genesis_custom_body_class":"","_genesis_custom_post_class":"","_genesis_layout":"","footnotes":""},"hc_faqs":[316],"hc_spanish_faqs":[],"class_list":{"0":"post-20998","1":"page","2":"type-page","3":"status-publish","4":"has-post-thumbnail","6":"hc_faqs-accidente-de-automovilismo","7":"entry"},"acf":[],"yoast_head":"<!-- This site is optimized with the Yoast SEO plugin v27.4 - https:\/\/yoast.com\/product\/yoast-seo-wordpress\/ -->\n<title>\u00bfHa cambiado el estatuto de limitaciones de Ohio para accidentes automovil\u00edsticos?: Consulta gratuita<\/title>\n<meta name=\"description\" content=\"\u00bfHa cambiado el estatuto de limitaciones de Ohio para accidentes automovil\u00edsticos? Al comienzo de la pandemia, el gobernador DeWine firm\u00f3 el proyecto de ley 197 de la C\u00e1mara de Representantes de Ohio.\" \/>\n<meta name=\"robots\" content=\"index, follow, max-snippet:-1, max-image-preview:large, max-video-preview:-1\" \/>\n<link rel=\"canonical\" href=\"https:\/\/thehometownlawyers.com\/es\/preguntas-frecuentes\/ha-cambiado-el-estatuto-de-limitaciones-de-ohio-para-accidentes-automovilisticos\/\" \/>\n<meta property=\"og:locale\" content=\"es_MX\" \/>\n<meta property=\"og:type\" content=\"article\" \/>\n<meta property=\"og:title\" content=\"\u00bfHa cambiado el estatuto de limitaciones de Ohio para accidentes automovil\u00edsticos?: Consulta gratuita\" \/>\n<meta property=\"og:description\" content=\"\u00bfHa cambiado el estatuto de limitaciones de Ohio para accidentes automovil\u00edsticos? Al comienzo de la pandemia, el gobernador DeWine firm\u00f3 el proyecto de ley 197 de la C\u00e1mara de Representantes de Ohio.\" \/>\n<meta property=\"og:url\" content=\"https:\/\/thehometownlawyers.com\/es\/preguntas-frecuentes\/ha-cambiado-el-estatuto-de-limitaciones-de-ohio-para-accidentes-automovilisticos\/\" \/>\n<meta property=\"og:site_name\" content=\"Kruger &amp; Hodges Abogados De Lesiones\" \/>\n<meta property=\"article:publisher\" content=\"https:\/\/www.facebook.com\/KrugerHodges\/\" \/>\n<meta property=\"article:modified_time\" content=\"2025-03-24T17:05:13+00:00\" \/>\n<meta property=\"og:image\" content=\"https:\/\/thehometownlawyers.com\/wp-content\/uploads\/2025\/03\/ha-cambiado-el-estatuto-de-limitaciones-de-ohio-para-accidentes-automovilisticos.jpg\" \/>\n\t<meta property=\"og:image:width\" content=\"768\" \/>\n\t<meta property=\"og:image:height\" content=\"512\" \/>\n\t<meta property=\"og:image:type\" content=\"image\/jpeg\" \/>\n<meta name=\"twitter:card\" content=\"summary_large_image\" \/>\n<meta name=\"twitter:label1\" content=\"Tiempo de lectura\" \/>\n\t<meta name=\"twitter:data1\" content=\"5 minutos\" \/>\n<script type=\"application\/ld+json\" class=\"yoast-schema-graph\">{\"@context\":\"https:\\\/\\\/schema.org\",\"@graph\":[{\"@type\":\"WebPage\",\"@id\":\"https:\\\/\\\/thehometownlawyers.com\\\/es\\\/preguntas-frecuentes\\\/ha-cambiado-el-estatuto-de-limitaciones-de-ohio-para-accidentes-automovilisticos\\\/\",\"url\":\"https:\\\/\\\/thehometownlawyers.com\\\/es\\\/preguntas-frecuentes\\\/ha-cambiado-el-estatuto-de-limitaciones-de-ohio-para-accidentes-automovilisticos\\\/\",\"name\":\"\u00bfHa cambiado el estatuto de limitaciones de Ohio para accidentes automovil\u00edsticos?: Consulta gratuita\",\"isPartOf\":{\"@id\":\"https:\\\/\\\/thehometownlawyers.com\\\/es\\\/#website\"},\"primaryImageOfPage\":{\"@id\":\"https:\\\/\\\/thehometownlawyers.com\\\/es\\\/preguntas-frecuentes\\\/ha-cambiado-el-estatuto-de-limitaciones-de-ohio-para-accidentes-automovilisticos\\\/#primaryimage\"},\"image\":{\"@id\":\"https:\\\/\\\/thehometownlawyers.com\\\/es\\\/preguntas-frecuentes\\\/ha-cambiado-el-estatuto-de-limitaciones-de-ohio-para-accidentes-automovilisticos\\\/#primaryimage\"},\"thumbnailUrl\":\"https:\\\/\\\/thehometownlawyers.com\\\/wp-content\\\/uploads\\\/2025\\\/03\\\/ha-cambiado-el-estatuto-de-limitaciones-de-ohio-para-accidentes-automovilisticos.jpg\",\"datePublished\":\"2021-09-14T14:48:08+00:00\",\"dateModified\":\"2025-03-24T17:05:13+00:00\",\"description\":\"\u00bfHa cambiado el estatuto de limitaciones de Ohio para accidentes automovil\u00edsticos? Al comienzo de la pandemia, el gobernador DeWine firm\u00f3 el proyecto de ley 197 de la C\u00e1mara de Representantes de Ohio.\",\"breadcrumb\":{\"@id\":\"https:\\\/\\\/thehometownlawyers.com\\\/es\\\/preguntas-frecuentes\\\/ha-cambiado-el-estatuto-de-limitaciones-de-ohio-para-accidentes-automovilisticos\\\/#breadcrumb\"},\"inLanguage\":\"es\",\"potentialAction\":[{\"@type\":\"ReadAction\",\"target\":[\"https:\\\/\\\/thehometownlawyers.com\\\/es\\\/preguntas-frecuentes\\\/ha-cambiado-el-estatuto-de-limitaciones-de-ohio-para-accidentes-automovilisticos\\\/\"]}]},{\"@type\":\"ImageObject\",\"inLanguage\":\"es\",\"@id\":\"https:\\\/\\\/thehometownlawyers.com\\\/es\\\/preguntas-frecuentes\\\/ha-cambiado-el-estatuto-de-limitaciones-de-ohio-para-accidentes-automovilisticos\\\/#primaryimage\",\"url\":\"https:\\\/\\\/thehometownlawyers.com\\\/wp-content\\\/uploads\\\/2025\\\/03\\\/ha-cambiado-el-estatuto-de-limitaciones-de-ohio-para-accidentes-automovilisticos.jpg\",\"contentUrl\":\"https:\\\/\\\/thehometownlawyers.com\\\/wp-content\\\/uploads\\\/2025\\\/03\\\/ha-cambiado-el-estatuto-de-limitaciones-de-ohio-para-accidentes-automovilisticos.jpg\",\"width\":768,\"height\":512,\"caption\":\"Woman calling car insurance examining car damage.\"},{\"@type\":\"BreadcrumbList\",\"@id\":\"https:\\\/\\\/thehometownlawyers.com\\\/es\\\/preguntas-frecuentes\\\/ha-cambiado-el-estatuto-de-limitaciones-de-ohio-para-accidentes-automovilisticos\\\/#breadcrumb\",\"itemListElement\":[{\"@type\":\"ListItem\",\"position\":1,\"name\":\"Home\",\"item\":\"https:\\\/\\\/thehometownlawyers.com\\\/es\\\/\"},{\"@type\":\"ListItem\",\"position\":2,\"name\":\"Preguntas Frecuentes\",\"item\":\"https:\\\/\\\/thehometownlawyers.com\\\/es\\\/preguntas-frecuentes\\\/\"},{\"@type\":\"ListItem\",\"position\":3,\"name\":\"\u00bfHa cambiado el estatuto de limitaciones de Ohio para accidentes automovil\u00edsticos?\"}]},{\"@type\":\"WebSite\",\"@id\":\"https:\\\/\\\/thehometownlawyers.com\\\/es\\\/#website\",\"url\":\"https:\\\/\\\/thehometownlawyers.com\\\/es\\\/\",\"name\":\"Kruger & Hodges Hometown Injury Lawyers | Accident Attorneys\",\"description\":\"Attorneys for Car, Truck and Motorcycle Accidents, Personal Injuries, and Criminal Defense.\",\"publisher\":{\"@id\":\"https:\\\/\\\/thehometownlawyers.com\\\/es\\\/#organization\"},\"alternateName\":\"Kruger & Hodges Personal Injury Lawyers\",\"inLanguage\":\"es\"},{\"@type\":\"Organization\",\"@id\":\"https:\\\/\\\/thehometownlawyers.com\\\/es\\\/#organization\",\"name\":\"Kruger & Hodges Hometown Injury Lawyers\",\"alternateName\":\"Kruger & Hodges\",\"url\":\"https:\\\/\\\/thehometownlawyers.com\\\/es\\\/\",\"logo\":{\"@type\":\"ImageObject\",\"inLanguage\":\"es\",\"@id\":\"https:\\\/\\\/thehometownlawyers.com\\\/es\\\/#\\\/schema\\\/logo\\\/image\\\/\",\"url\":\"https:\\\/\\\/thehometownlawyers.com\\\/wp-content\\\/uploads\\\/2025\\\/12\\\/revised-kh-logo-vertical-white-background-scaled.png\",\"contentUrl\":\"https:\\\/\\\/thehometownlawyers.com\\\/wp-content\\\/uploads\\\/2025\\\/12\\\/revised-kh-logo-vertical-white-background-scaled.png\",\"width\":2560,\"height\":1440,\"caption\":\"Kruger & Hodges Hometown Injury Lawyers\"},\"image\":{\"@id\":\"https:\\\/\\\/thehometownlawyers.com\\\/es\\\/#\\\/schema\\\/logo\\\/image\\\/\"},\"sameAs\":[\"https:\\\/\\\/www.facebook.com\\\/KrugerHodges\\\/\",\"https:\\\/\\\/www.instagram.com\\\/krugerhodges\\\/\",\"https:\\\/\\\/www.linkedin.com\\\/company\\\/kruger-hodges-hometown-injury-lawyers\\\/\",\"https:\\\/\\\/www.youtube.com\\\/channel\\\/UCeYcMaMaN2rb9jMlqt4EIdQ\",\"https:\\\/\\\/www.tiktok.com\\\/@thehometownlawyer\"]}]}<\/script>\n<!-- \/ Yoast SEO plugin. -->","yoast_head_json":{"title":"\u00bfHa cambiado el estatuto de limitaciones de Ohio para accidentes automovil\u00edsticos?: Consulta gratuita","description":"\u00bfHa cambiado el estatuto de limitaciones de Ohio para accidentes automovil\u00edsticos? Al comienzo de la pandemia, el gobernador DeWine firm\u00f3 el proyecto de ley 197 de la C\u00e1mara de Representantes de Ohio.","robots":{"index":"index","follow":"follow","max-snippet":"max-snippet:-1","max-image-preview":"max-image-preview:large","max-video-preview":"max-video-preview:-1"},"canonical":"https:\/\/thehometownlawyers.com\/es\/preguntas-frecuentes\/ha-cambiado-el-estatuto-de-limitaciones-de-ohio-para-accidentes-automovilisticos\/","og_locale":"es_MX","og_type":"article","og_title":"\u00bfHa cambiado el estatuto de limitaciones de Ohio para accidentes automovil\u00edsticos?: Consulta gratuita","og_description":"\u00bfHa cambiado el estatuto de limitaciones de Ohio para accidentes automovil\u00edsticos? Al comienzo de la pandemia, el gobernador DeWine firm\u00f3 el proyecto de ley 197 de la C\u00e1mara de Representantes de Ohio.","og_url":"https:\/\/thehometownlawyers.com\/es\/preguntas-frecuentes\/ha-cambiado-el-estatuto-de-limitaciones-de-ohio-para-accidentes-automovilisticos\/","og_site_name":"Kruger &amp; Hodges Abogados De Lesiones","article_publisher":"https:\/\/www.facebook.com\/KrugerHodges\/","article_modified_time":"2025-03-24T17:05:13+00:00","og_image":[{"width":768,"height":512,"url":"https:\/\/thehometownlawyers.com\/wp-content\/uploads\/2025\/03\/ha-cambiado-el-estatuto-de-limitaciones-de-ohio-para-accidentes-automovilisticos.jpg","type":"image\/jpeg"}],"twitter_card":"summary_large_image","twitter_misc":{"Tiempo de lectura":"5 minutos"},"schema":{"@context":"https:\/\/schema.org","@graph":[{"@type":"WebPage","@id":"https:\/\/thehometownlawyers.com\/es\/preguntas-frecuentes\/ha-cambiado-el-estatuto-de-limitaciones-de-ohio-para-accidentes-automovilisticos\/","url":"https:\/\/thehometownlawyers.com\/es\/preguntas-frecuentes\/ha-cambiado-el-estatuto-de-limitaciones-de-ohio-para-accidentes-automovilisticos\/","name":"\u00bfHa cambiado el estatuto de limitaciones de Ohio para accidentes automovil\u00edsticos?: Consulta gratuita","isPartOf":{"@id":"https:\/\/thehometownlawyers.com\/es\/#website"},"primaryImageOfPage":{"@id":"https:\/\/thehometownlawyers.com\/es\/preguntas-frecuentes\/ha-cambiado-el-estatuto-de-limitaciones-de-ohio-para-accidentes-automovilisticos\/#primaryimage"},"image":{"@id":"https:\/\/thehometownlawyers.com\/es\/preguntas-frecuentes\/ha-cambiado-el-estatuto-de-limitaciones-de-ohio-para-accidentes-automovilisticos\/#primaryimage"},"thumbnailUrl":"https:\/\/thehometownlawyers.com\/wp-content\/uploads\/2025\/03\/ha-cambiado-el-estatuto-de-limitaciones-de-ohio-para-accidentes-automovilisticos.jpg","datePublished":"2021-09-14T14:48:08+00:00","dateModified":"2025-03-24T17:05:13+00:00","description":"\u00bfHa cambiado el estatuto de limitaciones de Ohio para accidentes automovil\u00edsticos? Al comienzo de la pandemia, el gobernador DeWine firm\u00f3 el proyecto de ley 197 de la C\u00e1mara de Representantes de Ohio.","breadcrumb":{"@id":"https:\/\/thehometownlawyers.com\/es\/preguntas-frecuentes\/ha-cambiado-el-estatuto-de-limitaciones-de-ohio-para-accidentes-automovilisticos\/#breadcrumb"},"inLanguage":"es","potentialAction":[{"@type":"ReadAction","target":["https:\/\/thehometownlawyers.com\/es\/preguntas-frecuentes\/ha-cambiado-el-estatuto-de-limitaciones-de-ohio-para-accidentes-automovilisticos\/"]}]},{"@type":"ImageObject","inLanguage":"es","@id":"https:\/\/thehometownlawyers.com\/es\/preguntas-frecuentes\/ha-cambiado-el-estatuto-de-limitaciones-de-ohio-para-accidentes-automovilisticos\/#primaryimage","url":"https:\/\/thehometownlawyers.com\/wp-content\/uploads\/2025\/03\/ha-cambiado-el-estatuto-de-limitaciones-de-ohio-para-accidentes-automovilisticos.jpg","contentUrl":"https:\/\/thehometownlawyers.com\/wp-content\/uploads\/2025\/03\/ha-cambiado-el-estatuto-de-limitaciones-de-ohio-para-accidentes-automovilisticos.jpg","width":768,"height":512,"caption":"Woman calling car insurance examining car damage."},{"@type":"BreadcrumbList","@id":"https:\/\/thehometownlawyers.com\/es\/preguntas-frecuentes\/ha-cambiado-el-estatuto-de-limitaciones-de-ohio-para-accidentes-automovilisticos\/#breadcrumb","itemListElement":[{"@type":"ListItem","position":1,"name":"Home","item":"https:\/\/thehometownlawyers.com\/es\/"},{"@type":"ListItem","position":2,"name":"Preguntas Frecuentes","item":"https:\/\/thehometownlawyers.com\/es\/preguntas-frecuentes\/"},{"@type":"ListItem","position":3,"name":"\u00bfHa cambiado el estatuto de limitaciones de Ohio para accidentes automovil\u00edsticos?"}]},{"@type":"WebSite","@id":"https:\/\/thehometownlawyers.com\/es\/#website","url":"https:\/\/thehometownlawyers.com\/es\/","name":"Kruger & Hodges Hometown Injury Lawyers | Accident Attorneys","description":"Attorneys for Car, Truck and Motorcycle Accidents, Personal Injuries, and Criminal Defense.","publisher":{"@id":"https:\/\/thehometownlawyers.com\/es\/#organization"},"alternateName":"Kruger & Hodges Personal Injury Lawyers","inLanguage":"es"},{"@type":"Organization","@id":"https:\/\/thehometownlawyers.com\/es\/#organization","name":"Kruger & Hodges Hometown Injury Lawyers","alternateName":"Kruger & Hodges","url":"https:\/\/thehometownlawyers.com\/es\/","logo":{"@type":"ImageObject","inLanguage":"es","@id":"https:\/\/thehometownlawyers.com\/es\/#\/schema\/logo\/image\/","url":"https:\/\/thehometownlawyers.com\/wp-content\/uploads\/2025\/12\/revised-kh-logo-vertical-white-background-scaled.png","contentUrl":"https:\/\/thehometownlawyers.com\/wp-content\/uploads\/2025\/12\/revised-kh-logo-vertical-white-background-scaled.png","width":2560,"height":1440,"caption":"Kruger & Hodges Hometown Injury Lawyers"},"image":{"@id":"https:\/\/thehometownlawyers.com\/es\/#\/schema\/logo\/image\/"},"sameAs":["https:\/\/www.facebook.com\/KrugerHodges\/","https:\/\/www.instagram.com\/krugerhodges\/","https:\/\/www.linkedin.com\/company\/kruger-hodges-hometown-injury-lawyers\/","https:\/\/www.youtube.com\/channel\/UCeYcMaMaN2rb9jMlqt4EIdQ","https:\/\/www.tiktok.com\/@thehometownlawyer"]}]}},"_links":{"self":[{"href":"https:\/\/thehometownlawyers.com\/es\/wp-json\/wp\/v2\/pages\/20998","targetHints":{"allow":["GET"]}}],"collection":[{"href":"https:\/\/thehometownlawyers.com\/es\/wp-json\/wp\/v2\/pages"}],"about":[{"href":"https:\/\/thehometownlawyers.com\/es\/wp-json\/wp\/v2\/types\/page"}],"author":[{"embeddable":true,"href":"https:\/\/thehometownlawyers.com\/es\/wp-json\/wp\/v2\/users\/7"}],"replies":[{"embeddable":true,"href":"https:\/\/thehometownlawyers.com\/es\/wp-json\/wp\/v2\/comments?post=20998"}],"version-history":[{"count":0,"href":"https:\/\/thehometownlawyers.com\/es\/wp-json\/wp\/v2\/pages\/20998\/revisions"}],"up":[{"embeddable":true,"href":"https:\/\/thehometownlawyers.com\/es\/wp-json\/wp\/v2\/pages\/20989"}],"wp:featuredmedia":[{"embeddable":true,"href":"https:\/\/thehometownlawyers.com\/es\/wp-json\/wp\/v2\/media\/24634"}],"wp:attachment":[{"href":"https:\/\/thehometownlawyers.com\/es\/wp-json\/wp\/v2\/media?parent=20998"}],"wp:term":[{"taxonomy":"hc_faqs","embeddable":true,"href":"https:\/\/thehometownlawyers.com\/es\/wp-json\/wp\/v2\/hc_faqs?post=20998"},{"taxonomy":"hc_spanish_faqs","embeddable":true,"href":"https:\/\/thehometownlawyers.com\/es\/wp-json\/wp\/v2\/hc_spanish_faqs?post=20998"}],"curies":[{"name":"wp","href":"https:\/\/api.w.org\/{rel}","templated":true}]}}