{"id":20999,"date":"2018-12-12T19:40:57","date_gmt":"2018-12-13T00:40:57","guid":{"rendered":"https:\/\/thehometownlawyers.com\/?post_type=faq&#038;p=20999"},"modified":"2025-01-31T11:24:31","modified_gmt":"2025-01-31T16:24:31","slug":"cuanto-vale-mi-caso-de-lesiones-personales","status":"publish","type":"page","link":"https:\/\/thehometownlawyers.com\/es\/preguntas-frecuentes\/cuanto-vale-mi-caso-de-lesiones-personales\/","title":{"rendered":"\u00bfCu\u00e1nto vale mi caso de lesiones personales?"},"content":{"rendered":"<p>Si est\u00e1 debatiendo presentar una demanda por <a href=\"https:\/\/thehometownlawyers.com\/es\/\">lesiones personales<\/a> , una pregunta que podr\u00eda tener es: &#8220;\u00bfCu\u00e1nto vale exactamente mi caso?&#8221; Si bien la cantidad puede variar ampliamente entre los casos, la cantidad exacta de da\u00f1os que una persona puede esperar que se le otorgue depende de la gravedad de las lesiones sufridas y las circunstancias del accidente.<\/p>\n<p>En un caso de lesiones personales, la compa\u00f1\u00eda o el individuo que se determina que es responsable del accidente paga una compensaci\u00f3n monetaria a la persona lesionada. La indemnizaci\u00f3n por da\u00f1os y perjuicios se proporciona despu\u00e9s de un acuerdo negociado o puede ser determinada por un juez o un jurado despu\u00e9s de un juicio.<\/p>\n<h2>La naturaleza del da\u00f1o compensatorio<\/h2>\n<p>Algunos <u><a href=\"https:\/\/www.investopedia.com\/terms\/c\/compensatory-damages.asp\" target=\"_blank\" rel=\"noopener\">da\u00f1os por lesiones personales son compensatorios<\/a><\/u> , lo que significa que existen para compensar a la v\u00edctima del accidente por los da\u00f1os que resultaron del accidente. Algunos tipos de da\u00f1os son mucho m\u00e1s f\u00e1ciles de calcular que otros. Si bien es f\u00e1cil determinar el monto de las facturas m\u00e9dicas de una persona, puede ser mucho m\u00e1s dif\u00edcil colocar un signo de d\u00f3lar en los da\u00f1os emocionales como el dolor y el sufrimiento.<\/p>\n<p>Algunos de los tipos de da\u00f1os compensatorios que a menudo se otorgan en casos de lesiones personales incluyen:<\/p>\n<ul>\n<li><strong>Salarios perdidos. <\/strong>Las v\u00edctimas de accidentes tienen derecho a una indemnizaci\u00f3n por los ingresos perdidos como consecuencia de los da\u00f1os causados por el accidente.<\/li>\n<li><strong>Facturas m\u00e9dicas. <\/strong>Los da\u00f1os en esta \u00e1rea est\u00e1n dise\u00f1ados para proporcionar una compensaci\u00f3n a la v\u00edctima de un accidente por los gastos de tratamiento m\u00e9dico. Esto puede incluir la atenci\u00f3n m\u00e9dica que ya se ha brindado, as\u00ed como el tratamiento que se requerir\u00e1 en el futuro.<\/li>\n<li><strong>Dolor y sufrimiento. <\/strong>Esta categor\u00eda incluye la compensaci\u00f3n por cualquier dolor o molestia que una persona haya enfrentado como resultado de un accidente. Tambi\u00e9n puede incluir cualquier dolor f\u00edsico que una persona pueda experimentar en el futuro. En algunos casos, esta categor\u00eda tambi\u00e9n puede incluir sufrimiento emocional como la ansiedad y la p\u00e9rdida de sue\u00f1o causada por un accidente.<\/li>\n<li><strong>P\u00e9rdida de propiedad. <\/strong>Si alguna propiedad personal result\u00f3 da\u00f1ada como resultado de un accidente, la v\u00edctima del accidente puede recibir una compensaci\u00f3n por las reparaciones de esta propiedad.<\/li>\n<\/ul>\n<p class=\"rs-content-cta rs-content-cta-small\">Para una consulta legal gratuita, llame al <a href=\"tel:+15138943333\">513-894-3333 <\/a><\/p><h2>Da\u00f1os punitivos<\/h2>\n<p>En algunos casos de lesiones personales, cuando la parte responsable del accidente fue particularmente negligente o imprudente, se otorgan <u><a href=\"https:\/\/www.law.cornell.edu\/wex\/punitive_damages\" target=\"_blank\" rel=\"noopener\">da\u00f1os punitivos<\/a><\/u> . La categor\u00eda de da\u00f1os punitivos es diferente de los da\u00f1os compensatorios y est\u00e1 dise\u00f1ada para castigar a la parte responsable del accidente. Los da\u00f1os punitivos est\u00e1n destinados a disuadir a la parte responsable de causar un accidente similar en el futuro.<\/p>\n<h2>Ubicaci\u00f3n Geogr\u00e1fica del Accidente<\/h2>\n<p>Algunos lugares del pa\u00eds tienen hist\u00f3ricamente premios del jurado m\u00e1s altos que otros. Como tal, donde ocurre un accidente tambi\u00e9n afecta el valor de un caso. Si se lesiona en una jurisdicci\u00f3n conocida por tener veredictos elevados por jurado, esto puede ayudarlo a resolver su reclamo por un monto mayor. Por el contrario, si se lesiona en un \u00e1rea conocida por veredictos menos que favorables, la parte contraria puede sentir que tiene menos riesgo de un veredicto importante y puede estar dispuesto a pagar menos para resolver un caso.<\/p>\n<p class=\"rs-content-cta rs-content-cta-small\"><a href=\"\/es\/contacto\/\">Haga clic para contactar<\/a> con nuestros  abogados hoy<\/p><h2>P\u00f3ngase en contacto con un abogado de lesiones personales hoy<\/h2>\n<p>Si usted o un ser querido sufre da\u00f1os en un accidente automovil\u00edstico u otro tipo de accidente, no debe dudar en ponerse en contacto con un abogado con experiencia en lesiones personales. En <u><a href=\"https:\/\/thehometownlawyers.com\/es\/contacto\/\">Kruger &amp; Hodges<\/a><\/u> , entendemos cu\u00e1n grave puede ser un accidente y las lesiones resultantes, por lo que lucharemos por los resultados que usted se merece. Comun\u00edquese con nuestra oficina de abogados hoy para programar una evaluaci\u00f3n inicial gratuita de su caso.<\/p>\n<p class=\"rs-content-cta rs-content-cta-small\">Llame o env\u00ede un mensaje de texto al <a href=\"tel:+15138943333\">513-894-3333<\/a> o complete una <a href=\"\/es\/contacto\/\">evaluaci\u00f3n gratuita de su caso<\/a><\/p>","protected":false},"excerpt":{"rendered":"<p>Si est\u00e1 debatiendo presentar una demanda por lesiones personales, una pregunta que podr\u00eda tener es: &#8220;\u00bfCu\u00e1nto vale exactamente mi caso?&#8221; Si bien la cantidad puede variar ampliamente entre los casos, la cantidad exacta de da\u00f1os que una persona puede esperar que se le otorgue depende de la gravedad de las lesiones sufridas y las circunstancias del accidente.<\/p>\n","protected":false},"author":7,"featured_media":20727,"parent":20989,"menu_order":0,"comment_status":"closed","ping_status":"closed","template":"","meta":{"_acf_changed":false,"inline_featured_image":false,"_genesis_hide_title":false,"_genesis_hide_breadcrumbs":false,"_genesis_hide_singular_image":false,"_genesis_hide_footer_widgets":false,"_genesis_custom_body_class":"","_genesis_custom_post_class":"","_genesis_layout":"","footnotes":""},"hc_faqs":[323],"hc_spanish_faqs":[],"class_list":{"0":"post-20999","1":"page","2":"type-page","3":"status-publish","4":"has-post-thumbnail","6":"hc_faqs-lesiones-personales","7":"entry"},"acf":[],"yoast_head":"<!-- This site is optimized with the Yoast SEO plugin v27.3 - https:\/\/yoast.com\/product\/yoast-seo-wordpress\/ -->\n<title>\u00bfCu\u00e1nto vale mi caso de lesiones personales?: Consulta gratuita<\/title>\n<meta name=\"description\" content=\"\u00bfCu\u00e1nto vale su caso de lesiones personales? Muchos factores afectan el valor de un caso de lesiones personales. Cont\u00e1ctenos para una evaluaci\u00f3n gratuita de su caso.\" \/>\n<meta name=\"robots\" content=\"index, follow, max-snippet:-1, max-image-preview:large, max-video-preview:-1\" \/>\n<link rel=\"canonical\" href=\"https:\/\/thehometownlawyers.com\/es\/preguntas-frecuentes\/cuanto-vale-mi-caso-de-lesiones-personales\/\" \/>\n<meta property=\"og:locale\" content=\"es_MX\" \/>\n<meta property=\"og:type\" content=\"article\" \/>\n<meta property=\"og:title\" content=\"\u00bfCu\u00e1nto vale mi caso de lesiones personales?: Consulta gratuita\" \/>\n<meta property=\"og:description\" content=\"\u00bfCu\u00e1nto vale su caso de lesiones personales? Muchos factores afectan el valor de un caso de lesiones personales. Cont\u00e1ctenos para una evaluaci\u00f3n gratuita de su caso.\" \/>\n<meta property=\"og:url\" content=\"https:\/\/thehometownlawyers.com\/es\/preguntas-frecuentes\/cuanto-vale-mi-caso-de-lesiones-personales\/\" \/>\n<meta property=\"og:site_name\" content=\"Kruger &amp; Hodges Abogados De Lesiones\" \/>\n<meta property=\"article:publisher\" content=\"https:\/\/www.facebook.com\/KrugerHodges\/\" \/>\n<meta property=\"article:modified_time\" content=\"2025-01-31T16:24:31+00:00\" \/>\n<meta property=\"og:image\" content=\"https:\/\/thehometownlawyers.com\/wp-content\/uploads\/2019\/01\/E2-Visa-scaled-1.jpg\" \/>\n\t<meta property=\"og:image:width\" content=\"2048\" \/>\n\t<meta property=\"og:image:height\" content=\"1400\" \/>\n\t<meta property=\"og:image:type\" content=\"image\/jpeg\" \/>\n<meta name=\"twitter:card\" content=\"summary_large_image\" \/>\n<meta name=\"twitter:label1\" content=\"Tiempo de lectura\" \/>\n\t<meta name=\"twitter:data1\" content=\"3 minutos\" \/>\n<script type=\"application\/ld+json\" class=\"yoast-schema-graph\">{\"@context\":\"https:\\\/\\\/schema.org\",\"@graph\":[{\"@type\":\"WebPage\",\"@id\":\"https:\\\/\\\/thehometownlawyers.com\\\/es\\\/preguntas-frecuentes\\\/cuanto-vale-mi-caso-de-lesiones-personales\\\/\",\"url\":\"https:\\\/\\\/thehometownlawyers.com\\\/es\\\/preguntas-frecuentes\\\/cuanto-vale-mi-caso-de-lesiones-personales\\\/\",\"name\":\"\u00bfCu\u00e1nto vale mi caso de lesiones personales?: Consulta gratuita\",\"isPartOf\":{\"@id\":\"https:\\\/\\\/thehometownlawyers.com\\\/es\\\/#website\"},\"primaryImageOfPage\":{\"@id\":\"https:\\\/\\\/thehometownlawyers.com\\\/es\\\/preguntas-frecuentes\\\/cuanto-vale-mi-caso-de-lesiones-personales\\\/#primaryimage\"},\"image\":{\"@id\":\"https:\\\/\\\/thehometownlawyers.com\\\/es\\\/preguntas-frecuentes\\\/cuanto-vale-mi-caso-de-lesiones-personales\\\/#primaryimage\"},\"thumbnailUrl\":\"https:\\\/\\\/thehometownlawyers.com\\\/wp-content\\\/uploads\\\/2019\\\/01\\\/E2-Visa-scaled-1.jpg\",\"datePublished\":\"2018-12-13T00:40:57+00:00\",\"dateModified\":\"2025-01-31T16:24:31+00:00\",\"description\":\"\u00bfCu\u00e1nto vale su caso de lesiones personales? Muchos factores afectan el valor de un caso de lesiones personales. Cont\u00e1ctenos para una evaluaci\u00f3n gratuita de su caso.\",\"breadcrumb\":{\"@id\":\"https:\\\/\\\/thehometownlawyers.com\\\/es\\\/preguntas-frecuentes\\\/cuanto-vale-mi-caso-de-lesiones-personales\\\/#breadcrumb\"},\"inLanguage\":\"es\",\"potentialAction\":[{\"@type\":\"ReadAction\",\"target\":[\"https:\\\/\\\/thehometownlawyers.com\\\/es\\\/preguntas-frecuentes\\\/cuanto-vale-mi-caso-de-lesiones-personales\\\/\"]}]},{\"@type\":\"ImageObject\",\"inLanguage\":\"es\",\"@id\":\"https:\\\/\\\/thehometownlawyers.com\\\/es\\\/preguntas-frecuentes\\\/cuanto-vale-mi-caso-de-lesiones-personales\\\/#primaryimage\",\"url\":\"https:\\\/\\\/thehometownlawyers.com\\\/wp-content\\\/uploads\\\/2019\\\/01\\\/E2-Visa-scaled-1.jpg\",\"contentUrl\":\"https:\\\/\\\/thehometownlawyers.com\\\/wp-content\\\/uploads\\\/2019\\\/01\\\/E2-Visa-scaled-1.jpg\",\"width\":2048,\"height\":1400,\"caption\":\"\u00bfCu\u00e1nto vale mi caso de lesiones personales?\"},{\"@type\":\"BreadcrumbList\",\"@id\":\"https:\\\/\\\/thehometownlawyers.com\\\/es\\\/preguntas-frecuentes\\\/cuanto-vale-mi-caso-de-lesiones-personales\\\/#breadcrumb\",\"itemListElement\":[{\"@type\":\"ListItem\",\"position\":1,\"name\":\"Home\",\"item\":\"https:\\\/\\\/thehometownlawyers.com\\\/es\\\/\"},{\"@type\":\"ListItem\",\"position\":2,\"name\":\"Preguntas Frecuentes\",\"item\":\"https:\\\/\\\/thehometownlawyers.com\\\/es\\\/preguntas-frecuentes\\\/\"},{\"@type\":\"ListItem\",\"position\":3,\"name\":\"\u00bfCu\u00e1nto vale mi caso de lesiones personales?\"}]},{\"@type\":\"WebSite\",\"@id\":\"https:\\\/\\\/thehometownlawyers.com\\\/es\\\/#website\",\"url\":\"https:\\\/\\\/thehometownlawyers.com\\\/es\\\/\",\"name\":\"Kruger & Hodges Hometown Injury Lawyers | Accident Attorneys\",\"description\":\"Attorneys for Car, Truck and Motorcycle Accidents, Personal Injuries, and Criminal Defense.\",\"publisher\":{\"@id\":\"https:\\\/\\\/thehometownlawyers.com\\\/es\\\/#organization\"},\"alternateName\":\"Kruger & Hodges Personal Injury Lawyers\",\"inLanguage\":\"es\"},{\"@type\":\"Organization\",\"@id\":\"https:\\\/\\\/thehometownlawyers.com\\\/es\\\/#organization\",\"name\":\"Kruger & Hodges Hometown Injury Lawyers\",\"alternateName\":\"Kruger & Hodges\",\"url\":\"https:\\\/\\\/thehometownlawyers.com\\\/es\\\/\",\"logo\":{\"@type\":\"ImageObject\",\"inLanguage\":\"es\",\"@id\":\"https:\\\/\\\/thehometownlawyers.com\\\/es\\\/#\\\/schema\\\/logo\\\/image\\\/\",\"url\":\"https:\\\/\\\/thehometownlawyers.com\\\/wp-content\\\/uploads\\\/2025\\\/12\\\/revised-kh-logo-vertical-white-background-scaled.png\",\"contentUrl\":\"https:\\\/\\\/thehometownlawyers.com\\\/wp-content\\\/uploads\\\/2025\\\/12\\\/revised-kh-logo-vertical-white-background-scaled.png\",\"width\":2560,\"height\":1440,\"caption\":\"Kruger & Hodges Hometown Injury Lawyers\"},\"image\":{\"@id\":\"https:\\\/\\\/thehometownlawyers.com\\\/es\\\/#\\\/schema\\\/logo\\\/image\\\/\"},\"sameAs\":[\"https:\\\/\\\/www.facebook.com\\\/KrugerHodges\\\/\",\"https:\\\/\\\/www.instagram.com\\\/krugerhodges\\\/\",\"https:\\\/\\\/www.linkedin.com\\\/company\\\/kruger-hodges-hometown-injury-lawyers\\\/\",\"https:\\\/\\\/www.youtube.com\\\/channel\\\/UCeYcMaMaN2rb9jMlqt4EIdQ\",\"https:\\\/\\\/www.tiktok.com\\\/@thehometownlawyer\"]}]}<\/script>\n<!-- \/ Yoast SEO plugin. -->","yoast_head_json":{"title":"\u00bfCu\u00e1nto vale mi caso de lesiones personales?: Consulta gratuita","description":"\u00bfCu\u00e1nto vale su caso de lesiones personales? Muchos factores afectan el valor de un caso de lesiones personales. Cont\u00e1ctenos para una evaluaci\u00f3n gratuita de su caso.","robots":{"index":"index","follow":"follow","max-snippet":"max-snippet:-1","max-image-preview":"max-image-preview:large","max-video-preview":"max-video-preview:-1"},"canonical":"https:\/\/thehometownlawyers.com\/es\/preguntas-frecuentes\/cuanto-vale-mi-caso-de-lesiones-personales\/","og_locale":"es_MX","og_type":"article","og_title":"\u00bfCu\u00e1nto vale mi caso de lesiones personales?: Consulta gratuita","og_description":"\u00bfCu\u00e1nto vale su caso de lesiones personales? Muchos factores afectan el valor de un caso de lesiones personales. Cont\u00e1ctenos para una evaluaci\u00f3n gratuita de su caso.","og_url":"https:\/\/thehometownlawyers.com\/es\/preguntas-frecuentes\/cuanto-vale-mi-caso-de-lesiones-personales\/","og_site_name":"Kruger &amp; Hodges Abogados De Lesiones","article_publisher":"https:\/\/www.facebook.com\/KrugerHodges\/","article_modified_time":"2025-01-31T16:24:31+00:00","og_image":[{"width":2048,"height":1400,"url":"https:\/\/thehometownlawyers.com\/wp-content\/uploads\/2019\/01\/E2-Visa-scaled-1.jpg","type":"image\/jpeg"}],"twitter_card":"summary_large_image","twitter_misc":{"Tiempo de lectura":"3 minutos"},"schema":{"@context":"https:\/\/schema.org","@graph":[{"@type":"WebPage","@id":"https:\/\/thehometownlawyers.com\/es\/preguntas-frecuentes\/cuanto-vale-mi-caso-de-lesiones-personales\/","url":"https:\/\/thehometownlawyers.com\/es\/preguntas-frecuentes\/cuanto-vale-mi-caso-de-lesiones-personales\/","name":"\u00bfCu\u00e1nto vale mi caso de lesiones personales?: Consulta gratuita","isPartOf":{"@id":"https:\/\/thehometownlawyers.com\/es\/#website"},"primaryImageOfPage":{"@id":"https:\/\/thehometownlawyers.com\/es\/preguntas-frecuentes\/cuanto-vale-mi-caso-de-lesiones-personales\/#primaryimage"},"image":{"@id":"https:\/\/thehometownlawyers.com\/es\/preguntas-frecuentes\/cuanto-vale-mi-caso-de-lesiones-personales\/#primaryimage"},"thumbnailUrl":"https:\/\/thehometownlawyers.com\/wp-content\/uploads\/2019\/01\/E2-Visa-scaled-1.jpg","datePublished":"2018-12-13T00:40:57+00:00","dateModified":"2025-01-31T16:24:31+00:00","description":"\u00bfCu\u00e1nto vale su caso de lesiones personales? Muchos factores afectan el valor de un caso de lesiones personales. Cont\u00e1ctenos para una evaluaci\u00f3n gratuita de su caso.","breadcrumb":{"@id":"https:\/\/thehometownlawyers.com\/es\/preguntas-frecuentes\/cuanto-vale-mi-caso-de-lesiones-personales\/#breadcrumb"},"inLanguage":"es","potentialAction":[{"@type":"ReadAction","target":["https:\/\/thehometownlawyers.com\/es\/preguntas-frecuentes\/cuanto-vale-mi-caso-de-lesiones-personales\/"]}]},{"@type":"ImageObject","inLanguage":"es","@id":"https:\/\/thehometownlawyers.com\/es\/preguntas-frecuentes\/cuanto-vale-mi-caso-de-lesiones-personales\/#primaryimage","url":"https:\/\/thehometownlawyers.com\/wp-content\/uploads\/2019\/01\/E2-Visa-scaled-1.jpg","contentUrl":"https:\/\/thehometownlawyers.com\/wp-content\/uploads\/2019\/01\/E2-Visa-scaled-1.jpg","width":2048,"height":1400,"caption":"\u00bfCu\u00e1nto vale mi caso de lesiones personales?"},{"@type":"BreadcrumbList","@id":"https:\/\/thehometownlawyers.com\/es\/preguntas-frecuentes\/cuanto-vale-mi-caso-de-lesiones-personales\/#breadcrumb","itemListElement":[{"@type":"ListItem","position":1,"name":"Home","item":"https:\/\/thehometownlawyers.com\/es\/"},{"@type":"ListItem","position":2,"name":"Preguntas Frecuentes","item":"https:\/\/thehometownlawyers.com\/es\/preguntas-frecuentes\/"},{"@type":"ListItem","position":3,"name":"\u00bfCu\u00e1nto vale mi caso de lesiones personales?"}]},{"@type":"WebSite","@id":"https:\/\/thehometownlawyers.com\/es\/#website","url":"https:\/\/thehometownlawyers.com\/es\/","name":"Kruger & Hodges Hometown Injury Lawyers | Accident Attorneys","description":"Attorneys for Car, Truck and Motorcycle Accidents, Personal Injuries, and Criminal Defense.","publisher":{"@id":"https:\/\/thehometownlawyers.com\/es\/#organization"},"alternateName":"Kruger & Hodges Personal Injury Lawyers","inLanguage":"es"},{"@type":"Organization","@id":"https:\/\/thehometownlawyers.com\/es\/#organization","name":"Kruger & Hodges Hometown Injury Lawyers","alternateName":"Kruger & Hodges","url":"https:\/\/thehometownlawyers.com\/es\/","logo":{"@type":"ImageObject","inLanguage":"es","@id":"https:\/\/thehometownlawyers.com\/es\/#\/schema\/logo\/image\/","url":"https:\/\/thehometownlawyers.com\/wp-content\/uploads\/2025\/12\/revised-kh-logo-vertical-white-background-scaled.png","contentUrl":"https:\/\/thehometownlawyers.com\/wp-content\/uploads\/2025\/12\/revised-kh-logo-vertical-white-background-scaled.png","width":2560,"height":1440,"caption":"Kruger & Hodges Hometown Injury Lawyers"},"image":{"@id":"https:\/\/thehometownlawyers.com\/es\/#\/schema\/logo\/image\/"},"sameAs":["https:\/\/www.facebook.com\/KrugerHodges\/","https:\/\/www.instagram.com\/krugerhodges\/","https:\/\/www.linkedin.com\/company\/kruger-hodges-hometown-injury-lawyers\/","https:\/\/www.youtube.com\/channel\/UCeYcMaMaN2rb9jMlqt4EIdQ","https:\/\/www.tiktok.com\/@thehometownlawyer"]}]}},"_links":{"self":[{"href":"https:\/\/thehometownlawyers.com\/es\/wp-json\/wp\/v2\/pages\/20999","targetHints":{"allow":["GET"]}}],"collection":[{"href":"https:\/\/thehometownlawyers.com\/es\/wp-json\/wp\/v2\/pages"}],"about":[{"href":"https:\/\/thehometownlawyers.com\/es\/wp-json\/wp\/v2\/types\/page"}],"author":[{"embeddable":true,"href":"https:\/\/thehometownlawyers.com\/es\/wp-json\/wp\/v2\/users\/7"}],"replies":[{"embeddable":true,"href":"https:\/\/thehometownlawyers.com\/es\/wp-json\/wp\/v2\/comments?post=20999"}],"version-history":[{"count":0,"href":"https:\/\/thehometownlawyers.com\/es\/wp-json\/wp\/v2\/pages\/20999\/revisions"}],"up":[{"embeddable":true,"href":"https:\/\/thehometownlawyers.com\/es\/wp-json\/wp\/v2\/pages\/20989"}],"wp:featuredmedia":[{"embeddable":true,"href":"https:\/\/thehometownlawyers.com\/es\/wp-json\/wp\/v2\/media\/20727"}],"wp:attachment":[{"href":"https:\/\/thehometownlawyers.com\/es\/wp-json\/wp\/v2\/media?parent=20999"}],"wp:term":[{"taxonomy":"hc_faqs","embeddable":true,"href":"https:\/\/thehometownlawyers.com\/es\/wp-json\/wp\/v2\/hc_faqs?post=20999"},{"taxonomy":"hc_spanish_faqs","embeddable":true,"href":"https:\/\/thehometownlawyers.com\/es\/wp-json\/wp\/v2\/hc_spanish_faqs?post=20999"}],"curies":[{"name":"wp","href":"https:\/\/api.w.org\/{rel}","templated":true}]}}