{"id":21000,"date":"2019-03-28T12:55:19","date_gmt":"2019-03-28T16:55:19","guid":{"rendered":"https:\/\/thehometownlawyers.com\/?post_type=faq&#038;p=21000"},"modified":"2025-01-31T11:25:41","modified_gmt":"2025-01-31T16:25:41","slug":"que-tipos-de-compensacion-pueden-recibir-las-victimas-de-mordeduras-de-perro","status":"publish","type":"page","link":"https:\/\/thehometownlawyers.com\/es\/preguntas-frecuentes\/que-tipos-de-compensacion-pueden-recibir-las-victimas-de-mordeduras-de-perro\/","title":{"rendered":"\u00bfQu\u00e9 tipos de compensaci\u00f3n pueden recibir las v\u00edctimas de mordeduras de perro?"},"content":{"rendered":"<p>Como due\u00f1os de perros, nuestros dos abogados conocen la alegr\u00eda que puede traer tener un perro. Sin embargo, como abogados de mordeduras de perros , tambi\u00e9n conocemos la devastaci\u00f3n que puede ocurrir cuando un perro ataca a alguien. Dado que una <a href=\"https:\/\/www.globenewswire.com:443\/news-release\/2017\/07\/17\/1047437\/0\/en\/United-States-Pet-Population-and-Ownership-Trends-Report-2017-Focus-on-Dogs-Cats-and-Other-Pets.html\" target=\"_blank\" rel=\"noopener\">gran cantidad de hogares en los Estados Unidos tienen perros<\/a> , no deber\u00eda sorprender que una gran cantidad de personas cada a\u00f1o sean atacadas o mordidas por perros. Seg\u00fan c\u00f3mo ocurri\u00f3 el ataque de un perro, as\u00ed como las leyes locales que se aplican, los due\u00f1os de perros a menudo son responsables de las lesiones que resultan. A continuaci\u00f3n se revisar\u00e1n los diferentes tipos de da\u00f1os que una persona puede perseguir si un perro le hace da\u00f1o.<\/p>\n<h3>Facturas m\u00e9dicas<\/h3>\n<p>El tipo de gasto m\u00e1s com\u00fan relacionado con las lesiones de los perros son los costos m\u00e9dicos, que pueden incluir gastos asociados con servicios hospitalarios o tratamiento m\u00e9dico. En muchos casos de mordeduras de perros, las lesiones de la v\u00edctima pueden ser mucho m\u00e1s graves de lo que parecen al principio y requieren un tratamiento extenso y una terapia de rehabilitaci\u00f3n para lograr una recuperaci\u00f3n completa.<\/p>\n<p class=\"rs-content-cta rs-content-cta-small\">Para una consulta legal gratuita, llame al <a href=\"tel:+15138943333\">513-894-3333 <\/a><\/p><h3>Dolor y sufrimiento<\/h3>\n<p>A menudo hay dolor asociado con las lesiones causadas por mordeduras o ataques de perros. El da\u00f1o emocional tambi\u00e9n puede resultar del dolor f\u00edsico y del trauma del ataque. Las v\u00edctimas de ataques de perros pueden terminar experimentando ansiedad, depresi\u00f3n y conmoci\u00f3n. En los casos m\u00e1s graves, se sabe que <a href=\"https:\/\/www.nimh.nih.gov\/health\/topics\/post-traumatic-stress-disorder-ptsd\" target=\"_blank\" rel=\"noopener\">el trastorno de estr\u00e9s postraum\u00e1tico<\/a> es el resultado de ataques de perros.<\/p>\n<h3>Ingresos perdidos<\/h3>\n<p>Cuando las v\u00edctimas de mordeduras de perros deben ausentarse del trabajo para recuperarse de sus lesiones, tienen derecho a recibir una compensaci\u00f3n por la p\u00e9rdida de ingresos. Si una lesi\u00f3n afecta la capacidad de una persona para trabajar en el futuro, esa persona debe ser compensada por la p\u00e9rdida de ingresos futuros. Se debe proporcionar documentaci\u00f3n detallada a las compa\u00f1\u00edas de seguros para maximizar la recuperaci\u00f3n en esta \u00e1rea.<\/p>\n<p class=\"rs-content-cta rs-content-cta-small\"><a href=\"\/es\/contacto\/\">Haga clic para contactar<\/a> con nuestros  abogados hoy<\/p><h3>P\u00e9rdida de consorcio<\/h3>\n<p>Si las lesiones causadas por un ataque de mordedura de perro afectan al c\u00f3nyuge de alguien, es posible recibir una compensaci\u00f3n por p\u00e9rdida de consorcio, que incluye la p\u00e9rdida de compa\u00f1\u00eda asociada con la relaci\u00f3n.<\/p>\n<p class=\"rs-content-cta rs-content-cta-small\">Complete una <a href=\"\/es\/contacto\/\">evaluaci\u00f3n gratuita de su caso<\/a> ahora<\/p><h3>Da\u00f1os punitivos<\/h3>\n<p>A veces se le puede exigir al due\u00f1o de un perro cuya conducta fue significativamente imprudente o atroz que pague una cantidad adicional de da\u00f1os punitivos a la v\u00edctima. Estos da\u00f1os est\u00e1n dise\u00f1ados para castigar a la parte responsable y enviarles un fuerte mensaje a ellos y a otros para que tomen medidas para prevenir este tipo de da\u00f1os en el futuro. Sin embargo, si una mordedura de perro implica una responsabilidad objetiva, los da\u00f1os punitivos a menudo no est\u00e1n involucrados. En cambio, en Ohio, una v\u00edctima de mordedura de perro a menudo puede recibir da\u00f1os punitivos si el caso se basa en negligencia grave o malicia.<\/p>\n<h2>Hable con un abogado experimentado en accidentes<\/h2>\n<p>Si usted o un ser querido resulta lesionado en un incidente de mordedura de perro, no debe dudar en obtener la asistencia de un <a href=\"https:\/\/thehometownlawyers.com\/es\/\">abogado con experiencia en lesiones personales<\/a> . En <a href=\"https:\/\/thehometownlawyers.com\/es\/acerca-de-los-abogados-de-kruger-hodges\/\">Kruger &amp; Hodges<\/a> , entendemos cu\u00e1n graves pueden ser las mordeduras de perros y seguimos comprometidos a ayudar a las v\u00edctimas de mordeduras de perros a obtener la compensaci\u00f3n que merecen. Comun\u00edquese con nuestro bufete de abogados hoy para programar una consulta inicial gratuita con un abogado de mordeduras de perro en Hamilton, Ohio.<\/p>\n<p><a href=\"https:\/\/thehometownlawyers.com\/es\/contacto\/\">Oficina de abogados de Eaton<\/a><\/p>\n<p class=\"rs-content-cta rs-content-cta-small\">Llame o env\u00ede un mensaje de texto al <a href=\"tel:+15138943333\">513-894-3333<\/a> o complete una <a href=\"\/es\/contacto\/\">evaluaci\u00f3n gratuita de su caso<\/a><\/p>","protected":false},"excerpt":{"rendered":"<p>Como due\u00f1os de perros, nuestros dos abogados conocen la alegr\u00eda que puede traer tener un perro. Sin embargo, como abogados de mordeduras de perros , tambi\u00e9n conocemos la devastaci\u00f3n que puede ocurrir cuando un perro ataca a alguien. Dado que una gran cantidad de hogares en los Estados Unidos tienen perros , no deber\u00eda sorprender &#8230;<\/p>\n","protected":false},"author":7,"featured_media":20641,"parent":20989,"menu_order":0,"comment_status":"closed","ping_status":"closed","template":"","meta":{"_acf_changed":false,"inline_featured_image":false,"_genesis_hide_title":false,"_genesis_hide_breadcrumbs":false,"_genesis_hide_singular_image":false,"_genesis_hide_footer_widgets":false,"_genesis_custom_body_class":"","_genesis_custom_post_class":"","_genesis_layout":"","footnotes":""},"hc_faqs":[318],"hc_spanish_faqs":[],"class_list":{"0":"post-21000","1":"page","2":"type-page","3":"status-publish","4":"has-post-thumbnail","6":"hc_faqs-mordedura-de-perro","7":"entry"},"acf":[],"yoast_head":"<!-- This site is optimized with the Yoast SEO plugin v27.3 - https:\/\/yoast.com\/product\/yoast-seo-wordpress\/ -->\n<title>\u00bfQu\u00e9 tipos de compensaci\u00f3n pueden recibir las v\u00edctimas de mordeduras de perro?: Consulta gratuita<\/title>\n<meta name=\"description\" content=\"Las mordeduras de perro pueden ser devastadoras. Si necesita ayuda, llame a un abogado de mordeduras de perro en Hamilton, Ohio para una consulta gratuita al 513-894-3333.\" \/>\n<meta name=\"robots\" content=\"index, follow, max-snippet:-1, max-image-preview:large, max-video-preview:-1\" \/>\n<link rel=\"canonical\" href=\"https:\/\/thehometownlawyers.com\/es\/preguntas-frecuentes\/que-tipos-de-compensacion-pueden-recibir-las-victimas-de-mordeduras-de-perro\/\" \/>\n<meta property=\"og:locale\" content=\"es_MX\" \/>\n<meta property=\"og:type\" content=\"article\" \/>\n<meta property=\"og:title\" content=\"\u00bfQu\u00e9 tipos de compensaci\u00f3n pueden recibir las v\u00edctimas de mordeduras de perro?: Consulta gratuita\" \/>\n<meta property=\"og:description\" content=\"Las mordeduras de perro pueden ser devastadoras. Si necesita ayuda, llame a un abogado de mordeduras de perro en Hamilton, Ohio para una consulta gratuita al 513-894-3333.\" \/>\n<meta property=\"og:url\" content=\"https:\/\/thehometownlawyers.com\/es\/preguntas-frecuentes\/que-tipos-de-compensacion-pueden-recibir-las-victimas-de-mordeduras-de-perro\/\" \/>\n<meta property=\"og:site_name\" content=\"Kruger &amp; Hodges Abogados De Lesiones\" \/>\n<meta property=\"article:publisher\" content=\"https:\/\/www.facebook.com\/KrugerHodges\/\" \/>\n<meta property=\"article:modified_time\" content=\"2025-01-31T16:25:41+00:00\" \/>\n<meta property=\"og:image\" content=\"https:\/\/thehometownlawyers.com\/wp-content\/uploads\/2020\/01\/Dog-Bite-Attorney-Near-Me.jpg\" \/>\n\t<meta property=\"og:image:width\" content=\"640\" \/>\n\t<meta property=\"og:image:height\" content=\"426\" \/>\n\t<meta property=\"og:image:type\" content=\"image\/jpeg\" \/>\n<meta name=\"twitter:card\" content=\"summary_large_image\" \/>\n<meta name=\"twitter:label1\" content=\"Tiempo de lectura\" \/>\n\t<meta name=\"twitter:data1\" content=\"3 minutos\" \/>\n<script type=\"application\/ld+json\" class=\"yoast-schema-graph\">{\"@context\":\"https:\\\/\\\/schema.org\",\"@graph\":[{\"@type\":\"WebPage\",\"@id\":\"https:\\\/\\\/thehometownlawyers.com\\\/es\\\/preguntas-frecuentes\\\/que-tipos-de-compensacion-pueden-recibir-las-victimas-de-mordeduras-de-perro\\\/\",\"url\":\"https:\\\/\\\/thehometownlawyers.com\\\/es\\\/preguntas-frecuentes\\\/que-tipos-de-compensacion-pueden-recibir-las-victimas-de-mordeduras-de-perro\\\/\",\"name\":\"\u00bfQu\u00e9 tipos de compensaci\u00f3n pueden recibir las v\u00edctimas de mordeduras de perro?: Consulta gratuita\",\"isPartOf\":{\"@id\":\"https:\\\/\\\/thehometownlawyers.com\\\/es\\\/#website\"},\"primaryImageOfPage\":{\"@id\":\"https:\\\/\\\/thehometownlawyers.com\\\/es\\\/preguntas-frecuentes\\\/que-tipos-de-compensacion-pueden-recibir-las-victimas-de-mordeduras-de-perro\\\/#primaryimage\"},\"image\":{\"@id\":\"https:\\\/\\\/thehometownlawyers.com\\\/es\\\/preguntas-frecuentes\\\/que-tipos-de-compensacion-pueden-recibir-las-victimas-de-mordeduras-de-perro\\\/#primaryimage\"},\"thumbnailUrl\":\"https:\\\/\\\/thehometownlawyers.com\\\/wp-content\\\/uploads\\\/2020\\\/01\\\/Dog-Bite-Attorney-Near-Me.jpg\",\"datePublished\":\"2019-03-28T16:55:19+00:00\",\"dateModified\":\"2025-01-31T16:25:41+00:00\",\"description\":\"Las mordeduras de perro pueden ser devastadoras. Si necesita ayuda, llame a un abogado de mordeduras de perro en Hamilton, Ohio para una consulta gratuita al 513-894-3333.\",\"breadcrumb\":{\"@id\":\"https:\\\/\\\/thehometownlawyers.com\\\/es\\\/preguntas-frecuentes\\\/que-tipos-de-compensacion-pueden-recibir-las-victimas-de-mordeduras-de-perro\\\/#breadcrumb\"},\"inLanguage\":\"es\",\"potentialAction\":[{\"@type\":\"ReadAction\",\"target\":[\"https:\\\/\\\/thehometownlawyers.com\\\/es\\\/preguntas-frecuentes\\\/que-tipos-de-compensacion-pueden-recibir-las-victimas-de-mordeduras-de-perro\\\/\"]}]},{\"@type\":\"ImageObject\",\"inLanguage\":\"es\",\"@id\":\"https:\\\/\\\/thehometownlawyers.com\\\/es\\\/preguntas-frecuentes\\\/que-tipos-de-compensacion-pueden-recibir-las-victimas-de-mordeduras-de-perro\\\/#primaryimage\",\"url\":\"https:\\\/\\\/thehometownlawyers.com\\\/wp-content\\\/uploads\\\/2020\\\/01\\\/Dog-Bite-Attorney-Near-Me.jpg\",\"contentUrl\":\"https:\\\/\\\/thehometownlawyers.com\\\/wp-content\\\/uploads\\\/2020\\\/01\\\/Dog-Bite-Attorney-Near-Me.jpg\",\"width\":640,\"height\":426,\"caption\":\"Esta es una foto de un perro para nuestra publicaci\u00f3n de blog del abogado de mordeduras de perro\"},{\"@type\":\"BreadcrumbList\",\"@id\":\"https:\\\/\\\/thehometownlawyers.com\\\/es\\\/preguntas-frecuentes\\\/que-tipos-de-compensacion-pueden-recibir-las-victimas-de-mordeduras-de-perro\\\/#breadcrumb\",\"itemListElement\":[{\"@type\":\"ListItem\",\"position\":1,\"name\":\"Home\",\"item\":\"https:\\\/\\\/thehometownlawyers.com\\\/es\\\/\"},{\"@type\":\"ListItem\",\"position\":2,\"name\":\"Preguntas Frecuentes\",\"item\":\"https:\\\/\\\/thehometownlawyers.com\\\/es\\\/preguntas-frecuentes\\\/\"},{\"@type\":\"ListItem\",\"position\":3,\"name\":\"\u00bfQu\u00e9 tipos de compensaci\u00f3n pueden recibir las v\u00edctimas de mordeduras de perro?\"}]},{\"@type\":\"WebSite\",\"@id\":\"https:\\\/\\\/thehometownlawyers.com\\\/es\\\/#website\",\"url\":\"https:\\\/\\\/thehometownlawyers.com\\\/es\\\/\",\"name\":\"Kruger & Hodges Hometown Injury Lawyers | Accident Attorneys\",\"description\":\"Attorneys for Car, Truck and Motorcycle Accidents, Personal Injuries, and Criminal Defense.\",\"publisher\":{\"@id\":\"https:\\\/\\\/thehometownlawyers.com\\\/es\\\/#organization\"},\"alternateName\":\"Kruger & Hodges Personal Injury Lawyers\",\"inLanguage\":\"es\"},{\"@type\":\"Organization\",\"@id\":\"https:\\\/\\\/thehometownlawyers.com\\\/es\\\/#organization\",\"name\":\"Kruger & Hodges Hometown Injury Lawyers\",\"alternateName\":\"Kruger & Hodges Accident Attorneys\",\"url\":\"https:\\\/\\\/thehometownlawyers.com\\\/es\\\/\",\"logo\":{\"@type\":\"ImageObject\",\"inLanguage\":\"es\",\"@id\":\"https:\\\/\\\/thehometownlawyers.com\\\/es\\\/#\\\/schema\\\/logo\\\/image\\\/\",\"url\":\"https:\\\/\\\/thehometownlawyers.com\\\/wp-content\\\/uploads\\\/2025\\\/12\\\/revised-kh-logo-vertical-white-background-scaled.png\",\"contentUrl\":\"https:\\\/\\\/thehometownlawyers.com\\\/wp-content\\\/uploads\\\/2025\\\/12\\\/revised-kh-logo-vertical-white-background-scaled.png\",\"width\":2560,\"height\":1440,\"caption\":\"Kruger & Hodges Hometown Injury Lawyers\"},\"image\":{\"@id\":\"https:\\\/\\\/thehometownlawyers.com\\\/es\\\/#\\\/schema\\\/logo\\\/image\\\/\"},\"sameAs\":[\"https:\\\/\\\/www.facebook.com\\\/KrugerHodges\\\/\",\"https:\\\/\\\/www.instagram.com\\\/krugerhodges\\\/\",\"https:\\\/\\\/www.linkedin.com\\\/company\\\/kruger-hodges-hometown-injury-lawyers\\\/\",\"https:\\\/\\\/www.youtube.com\\\/channel\\\/UCeYcMaMaN2rb9jMlqt4EIdQ\",\"https:\\\/\\\/www.tiktok.com\\\/@thehometownlawyer\"]}]}<\/script>\n<!-- \/ Yoast SEO plugin. -->","yoast_head_json":{"title":"\u00bfQu\u00e9 tipos de compensaci\u00f3n pueden recibir las v\u00edctimas de mordeduras de perro?: Consulta gratuita","description":"Las mordeduras de perro pueden ser devastadoras. Si necesita ayuda, llame a un abogado de mordeduras de perro en Hamilton, Ohio para una consulta gratuita al 513-894-3333.","robots":{"index":"index","follow":"follow","max-snippet":"max-snippet:-1","max-image-preview":"max-image-preview:large","max-video-preview":"max-video-preview:-1"},"canonical":"https:\/\/thehometownlawyers.com\/es\/preguntas-frecuentes\/que-tipos-de-compensacion-pueden-recibir-las-victimas-de-mordeduras-de-perro\/","og_locale":"es_MX","og_type":"article","og_title":"\u00bfQu\u00e9 tipos de compensaci\u00f3n pueden recibir las v\u00edctimas de mordeduras de perro?: Consulta gratuita","og_description":"Las mordeduras de perro pueden ser devastadoras. Si necesita ayuda, llame a un abogado de mordeduras de perro en Hamilton, Ohio para una consulta gratuita al 513-894-3333.","og_url":"https:\/\/thehometownlawyers.com\/es\/preguntas-frecuentes\/que-tipos-de-compensacion-pueden-recibir-las-victimas-de-mordeduras-de-perro\/","og_site_name":"Kruger &amp; Hodges Abogados De Lesiones","article_publisher":"https:\/\/www.facebook.com\/KrugerHodges\/","article_modified_time":"2025-01-31T16:25:41+00:00","og_image":[{"width":640,"height":426,"url":"https:\/\/thehometownlawyers.com\/wp-content\/uploads\/2020\/01\/Dog-Bite-Attorney-Near-Me.jpg","type":"image\/jpeg"}],"twitter_card":"summary_large_image","twitter_misc":{"Tiempo de lectura":"3 minutos"},"schema":{"@context":"https:\/\/schema.org","@graph":[{"@type":"WebPage","@id":"https:\/\/thehometownlawyers.com\/es\/preguntas-frecuentes\/que-tipos-de-compensacion-pueden-recibir-las-victimas-de-mordeduras-de-perro\/","url":"https:\/\/thehometownlawyers.com\/es\/preguntas-frecuentes\/que-tipos-de-compensacion-pueden-recibir-las-victimas-de-mordeduras-de-perro\/","name":"\u00bfQu\u00e9 tipos de compensaci\u00f3n pueden recibir las v\u00edctimas de mordeduras de perro?: Consulta gratuita","isPartOf":{"@id":"https:\/\/thehometownlawyers.com\/es\/#website"},"primaryImageOfPage":{"@id":"https:\/\/thehometownlawyers.com\/es\/preguntas-frecuentes\/que-tipos-de-compensacion-pueden-recibir-las-victimas-de-mordeduras-de-perro\/#primaryimage"},"image":{"@id":"https:\/\/thehometownlawyers.com\/es\/preguntas-frecuentes\/que-tipos-de-compensacion-pueden-recibir-las-victimas-de-mordeduras-de-perro\/#primaryimage"},"thumbnailUrl":"https:\/\/thehometownlawyers.com\/wp-content\/uploads\/2020\/01\/Dog-Bite-Attorney-Near-Me.jpg","datePublished":"2019-03-28T16:55:19+00:00","dateModified":"2025-01-31T16:25:41+00:00","description":"Las mordeduras de perro pueden ser devastadoras. Si necesita ayuda, llame a un abogado de mordeduras de perro en Hamilton, Ohio para una consulta gratuita al 513-894-3333.","breadcrumb":{"@id":"https:\/\/thehometownlawyers.com\/es\/preguntas-frecuentes\/que-tipos-de-compensacion-pueden-recibir-las-victimas-de-mordeduras-de-perro\/#breadcrumb"},"inLanguage":"es","potentialAction":[{"@type":"ReadAction","target":["https:\/\/thehometownlawyers.com\/es\/preguntas-frecuentes\/que-tipos-de-compensacion-pueden-recibir-las-victimas-de-mordeduras-de-perro\/"]}]},{"@type":"ImageObject","inLanguage":"es","@id":"https:\/\/thehometownlawyers.com\/es\/preguntas-frecuentes\/que-tipos-de-compensacion-pueden-recibir-las-victimas-de-mordeduras-de-perro\/#primaryimage","url":"https:\/\/thehometownlawyers.com\/wp-content\/uploads\/2020\/01\/Dog-Bite-Attorney-Near-Me.jpg","contentUrl":"https:\/\/thehometownlawyers.com\/wp-content\/uploads\/2020\/01\/Dog-Bite-Attorney-Near-Me.jpg","width":640,"height":426,"caption":"Esta es una foto de un perro para nuestra publicaci\u00f3n de blog del abogado de mordeduras de perro"},{"@type":"BreadcrumbList","@id":"https:\/\/thehometownlawyers.com\/es\/preguntas-frecuentes\/que-tipos-de-compensacion-pueden-recibir-las-victimas-de-mordeduras-de-perro\/#breadcrumb","itemListElement":[{"@type":"ListItem","position":1,"name":"Home","item":"https:\/\/thehometownlawyers.com\/es\/"},{"@type":"ListItem","position":2,"name":"Preguntas Frecuentes","item":"https:\/\/thehometownlawyers.com\/es\/preguntas-frecuentes\/"},{"@type":"ListItem","position":3,"name":"\u00bfQu\u00e9 tipos de compensaci\u00f3n pueden recibir las v\u00edctimas de mordeduras de perro?"}]},{"@type":"WebSite","@id":"https:\/\/thehometownlawyers.com\/es\/#website","url":"https:\/\/thehometownlawyers.com\/es\/","name":"Kruger & Hodges Hometown Injury Lawyers | Accident Attorneys","description":"Attorneys for Car, Truck and Motorcycle Accidents, Personal Injuries, and Criminal Defense.","publisher":{"@id":"https:\/\/thehometownlawyers.com\/es\/#organization"},"alternateName":"Kruger & Hodges Personal Injury Lawyers","inLanguage":"es"},{"@type":"Organization","@id":"https:\/\/thehometownlawyers.com\/es\/#organization","name":"Kruger & Hodges Hometown Injury Lawyers","alternateName":"Kruger & Hodges Accident Attorneys","url":"https:\/\/thehometownlawyers.com\/es\/","logo":{"@type":"ImageObject","inLanguage":"es","@id":"https:\/\/thehometownlawyers.com\/es\/#\/schema\/logo\/image\/","url":"https:\/\/thehometownlawyers.com\/wp-content\/uploads\/2025\/12\/revised-kh-logo-vertical-white-background-scaled.png","contentUrl":"https:\/\/thehometownlawyers.com\/wp-content\/uploads\/2025\/12\/revised-kh-logo-vertical-white-background-scaled.png","width":2560,"height":1440,"caption":"Kruger & Hodges Hometown Injury Lawyers"},"image":{"@id":"https:\/\/thehometownlawyers.com\/es\/#\/schema\/logo\/image\/"},"sameAs":["https:\/\/www.facebook.com\/KrugerHodges\/","https:\/\/www.instagram.com\/krugerhodges\/","https:\/\/www.linkedin.com\/company\/kruger-hodges-hometown-injury-lawyers\/","https:\/\/www.youtube.com\/channel\/UCeYcMaMaN2rb9jMlqt4EIdQ","https:\/\/www.tiktok.com\/@thehometownlawyer"]}]}},"_links":{"self":[{"href":"https:\/\/thehometownlawyers.com\/es\/wp-json\/wp\/v2\/pages\/21000","targetHints":{"allow":["GET"]}}],"collection":[{"href":"https:\/\/thehometownlawyers.com\/es\/wp-json\/wp\/v2\/pages"}],"about":[{"href":"https:\/\/thehometownlawyers.com\/es\/wp-json\/wp\/v2\/types\/page"}],"author":[{"embeddable":true,"href":"https:\/\/thehometownlawyers.com\/es\/wp-json\/wp\/v2\/users\/7"}],"replies":[{"embeddable":true,"href":"https:\/\/thehometownlawyers.com\/es\/wp-json\/wp\/v2\/comments?post=21000"}],"version-history":[{"count":0,"href":"https:\/\/thehometownlawyers.com\/es\/wp-json\/wp\/v2\/pages\/21000\/revisions"}],"up":[{"embeddable":true,"href":"https:\/\/thehometownlawyers.com\/es\/wp-json\/wp\/v2\/pages\/20989"}],"wp:featuredmedia":[{"embeddable":true,"href":"https:\/\/thehometownlawyers.com\/es\/wp-json\/wp\/v2\/media\/20641"}],"wp:attachment":[{"href":"https:\/\/thehometownlawyers.com\/es\/wp-json\/wp\/v2\/media?parent=21000"}],"wp:term":[{"taxonomy":"hc_faqs","embeddable":true,"href":"https:\/\/thehometownlawyers.com\/es\/wp-json\/wp\/v2\/hc_faqs?post=21000"},{"taxonomy":"hc_spanish_faqs","embeddable":true,"href":"https:\/\/thehometownlawyers.com\/es\/wp-json\/wp\/v2\/hc_spanish_faqs?post=21000"}],"curies":[{"name":"wp","href":"https:\/\/api.w.org\/{rel}","templated":true}]}}