{"id":21001,"date":"2021-08-31T14:36:54","date_gmt":"2021-08-31T18:36:54","guid":{"rendered":"https:\/\/thehometownlawyers.com\/?post_type=faq&#038;p=21001"},"modified":"2024-07-02T08:53:31","modified_gmt":"2024-07-02T12:53:31","slug":"mi-hijo-fue-mordido-por-el-perro-de-mi-vecino-que-debo-hacer","status":"publish","type":"page","link":"https:\/\/thehometownlawyers.com\/es\/preguntas-frecuentes\/mi-hijo-fue-mordido-por-el-perro-de-mi-vecino-que-debo-hacer\/","title":{"rendered":"Mi hijo fue mordido por el perro de mi vecino. \u00bfQu\u00e9 debo hacer?"},"content":{"rendered":"<p><strong>Mi hijo fue mordido por el perro de mi vecino. \u00bfQu\u00e9 debo hacer? <\/strong><span style=\"font-weight: 400;\">A pesar de que los perros son considerados los mejores amigos del hombre, todav\u00eda hay ocasiones en que un perro mal entrenado o un due\u00f1o negligente permite que las v\u00edctimas sean mordidas. Dependiendo del tipo de perro, una mordedura puede provocar lesiones graves y, a veces, incluso la muerte. <\/span><\/p>\n<p><a href=\"https:\/\/apnews.com\/press-release\/prcom\/dogs-health-coronavirus-pandemic-f25fb3cc7e9c45c2bbd2142811366a0b\" target=\"_blank\" rel=\"noopener\"><span style=\"font-weight: 400;\">Seg\u00fan un conjunto de datos de 16 a\u00f1os<\/span><\/a><span style=\"font-weight: 400;\">, 568 estadounidenses murieron por mordeduras de perros entre el 1 de enero de 2005 y el 31 de diciembre de 2020. De esas muertes, una porci\u00f3n significativa (33%) fueron ni\u00f1os menores de nueve a\u00f1os. Adem\u00e1s, seg\u00fan la Asociaci\u00f3n Humanitaria Estadounidense, 4,5 millones de estadounidenses son mordidos por perros, y 800 000 de ellos son lo suficientemente graves como para requerir atenci\u00f3n m\u00e9dica.<\/span><\/p>\n<p><span style=\"font-weight: 400;\">En la lista de los cinco estados con m\u00e1s mordeduras de perro fatales, Ohio ocupa el puesto n\u00famero cinco. <\/span><\/p>\n<p><span style=\"font-weight: 400;\">A solo unas horas de Eaton, en North Olmsted,<\/span> <a href=\"https:\/\/www.cleveland.com\/community\/2021\/05\/north-olmsted-investigating-pack-of-roaming-dogs-biting-three-residents-and-a-police-officer.html\" target=\"_blank\" rel=\"noopener\"><span style=\"font-weight: 400;\">las autoridades estaban tratando de controlar a una jaur\u00eda de perros vagabundos.<\/span><\/a><span style=\"font-weight: 400;\"> que mordi\u00f3 a tres vecinos ya un polic\u00eda. Esto sucedi\u00f3 en mayo de 2021. Estos perros no eran animales salvajes; de hecho, el propietario fue localizado y acusado de cinco cargos de \u201cperros sueltos\u201d. <\/span><\/p>\n<p><span style=\"font-weight: 400;\">Los abogados de lesiones personales de Kruger &amp; Hodges en Eaton, OH, saben cu\u00e1n traumatizante puede ser una mordedura de perro, especialmente para un ni\u00f1o. La mordedura de un perro no solo puede provocar lesiones graves o la muerte, sino que tambi\u00e9n traumatizar\u00e1 al ni\u00f1o y lo dejar\u00e1 con alg\u00fan nivel de trastorno de estr\u00e9s postraum\u00e1tico. <\/span><\/p>\n<h2><span style=\"font-weight: 400;\">\u00bfQu\u00e9 tipo de raza de perro?<\/span><\/h2>\n<p><a href=\"https:\/\/www.dogsbite.org\/reports\/13-years-us-dog-bite-fatalities-2005-2017-dogsbite.pdf\" target=\"_blank\" rel=\"noopener\"><span style=\"font-weight: 400;\">Seg\u00fan un<\/span><\/a> ni\u00f1o de 13 a\u00f1os<span style=\"font-weight: 400;\"> En un estudio realizado entre 2005 y 2017, los pitbulls representaron aproximadamente el 65,6 % de las mordeduras de perros notificadas. Los rottweilers ocuparon el segundo lugar con aproximadamente un 10,4 %. <\/span><\/p>\n<p class=\"rs-content-cta rs-content-cta-small\">Para una consulta legal gratuita, llame al <a href=\"tel:+15138943333\">513-894-3333 <\/a><\/p><h2><span style=\"font-weight: 400;\">\u00bfQu\u00e9 hago despu\u00e9s de que un perro muerda a mi hijo?<\/span><\/h2>\n<p><span style=\"font-weight: 400;\">Si su hijo ha sido mordido por el perro de un vecino o atacado de otra manera, le recomendamos que lo lleve a un centro de atenci\u00f3n de urgencia. La probabilidad de una infecci\u00f3n por una mordedura de perro es bastante alta. Esto se debe al hecho de que los dientes del perro pueden depositar bacterias de la boca en el tejido de la v\u00edctima. Para mordeduras de perro m\u00e1s graves, huesos rotos y sangrado profuso pueden requerir atenci\u00f3n m\u00e9dica inmediata. <\/span><\/p>\n<p><span style=\"font-weight: 400;\">Despu\u00e9s de recibir atenci\u00f3n m\u00e9dica, es importante que se comunique con la polic\u00eda y los oficiales locales de control de animales. Aunque tiene un plazo de prescripci\u00f3n de dos a\u00f1os para un caso de responsabilidad estricta, lo que significa que puede presentar una demanda dentro de un plazo de dos a\u00f1os pero no despu\u00e9s, es mejor actuar sobre estos incidentes lo antes posible. <\/span><\/p>\n<p><span style=\"font-weight: 400;\">Con el tiempo, la evidencia puede degradarse, los testigos y el propietario pueden mudarse, y ser\u00e1 m\u00e1s dif\u00edcil probar su caso. Por lo tanto, despu\u00e9s de que su hijo reciba atenci\u00f3n m\u00e9dica, aseg\u00farese de comunicarse con las autoridades lo antes posible. <\/span><\/p>\n<p><span style=\"font-weight: 400;\">Si es posible, debe tratar de adquirir la informaci\u00f3n de contacto y el seguro del due\u00f1o del perro. Por supuesto, no te arriesgues si el perro todav\u00eda est\u00e1 presente o si el due\u00f1o es agresivo; en su lugar, informe a la polic\u00eda del desaf\u00edo y luego solicite una copia de su informe despu\u00e9s de que hayan adquirido esa informaci\u00f3n. <\/span><\/p>\n<p><span style=\"font-weight: 400;\">Aseg\u00farese de tomar fotograf\u00edas de las lesiones, la ubicaci\u00f3n y el perro, si es posible. Es probable que la polic\u00eda y el control de animales respondan mucho despu\u00e9s de que haya llevado a su hijo a atenci\u00f3n de urgencia. La escena y la evidencia pueden cambiar durante ese tiempo. Por lo tanto, si es seguro y posible hacerlo, intente documentar la escena y las lesiones con fotograf\u00edas. <\/span><\/p>\n<h2><span style=\"font-weight: 400;\">\u00bfC\u00f3mo funcionan las demandas por mordeduras de perro?<\/span><\/h2>\n<p><span style=\"font-weight: 400;\">En Ohio, existe un concepto legal llamado responsabilidad estricta. Esto significa que la v\u00edctima de la mordedura de perro no tendr\u00e1 que probar ante el tribunal que el due\u00f1o del perro fue negligente. En cambio, solo deben probar que el due\u00f1o, de hecho, es due\u00f1o del perro. El due\u00f1o del perro es estrictamente responsable de cualquier lesi\u00f3n, muerte o da\u00f1o a la propiedad causado por el perro. <\/span><\/p>\n<p><span style=\"font-weight: 400;\">Las \u00fanicas excepciones a esta regla son si la v\u00edctima invad\u00eda o comet\u00eda otras actividades delictivas en la propiedad del due\u00f1o del perro, o si la v\u00edctima estaba provocando, atormentando o abusando del perro. <\/span><\/p>\n<p><span style=\"font-weight: 400;\">Los abogados de <a href=\"https:\/\/thehometownlawyers.com\/es\/acerca-de-los-abogados-de-kruger-hodges\/\">Kruger &amp; Hodges<\/a> tienen experiencia en el manejo de casos de lesiones personales, y eso incluye mordeduras de perros. Sabemos c\u00f3mo recopilar la evidencia y presentar un caso en su nombre para garantizar que su hijo reciba una compensaci\u00f3n leg\u00edtima por la lesi\u00f3n que sufri\u00f3. <\/span><\/p>\n<p class=\"rs-content-cta rs-content-cta-small\"><a href=\"\/es\/contacto\/\">Haga clic para contactar<\/a> con nuestros  abogados hoy<\/p><h2><span style=\"font-weight: 400;\">P\u00f3ngase en contacto con Kruger &amp; Hodges<\/span><\/h2>\n<p><span style=\"font-weight: 400;\">Si su hijo, o cualquier otro miembro de la familia, result\u00f3 herido como resultado de una mordedura de perro, no dude en comunicarse con los abogados de nuestra oficina de Eaton, OH, para<\/span> <a href=\"https:\/\/thehometownlawyers.com\/es\/contacto\/\"><span style=\"font-weight: 400;\">una consulta gratuita.<\/span><\/a><span style=\"font-weight: 400;\">. Estaremos encantados de guiarlo a trav\u00e9s del proceso y explicarle sus opciones. <\/span><\/p>\n<p class=\"rs-content-cta rs-content-cta-small\">Llame o env\u00ede un mensaje de texto al <a href=\"tel:+15138943333\">513-894-3333<\/a> o complete una <a href=\"\/es\/contacto\/\">evaluaci\u00f3n gratuita de su caso<\/a><\/p>","protected":false},"excerpt":{"rendered":"<p>Mi hijo fue mordido por el perro de mi vecino. \u00bfQu\u00e9 debo hacer? A pesar de que los perros son considerados los mejores amigos del hombre, todav\u00eda hay ocasiones en que un perro mal entrenado o un due\u00f1o negligente permite que las v\u00edctimas sean mordidas. Dependiendo del tipo de perro, una mordedura puede provocar lesiones &#8230;<\/p>\n","protected":false},"author":7,"featured_media":23530,"parent":20989,"menu_order":0,"comment_status":"closed","ping_status":"closed","template":"","meta":{"_acf_changed":false,"inline_featured_image":false,"_genesis_hide_title":false,"_genesis_hide_breadcrumbs":false,"_genesis_hide_singular_image":false,"_genesis_hide_footer_widgets":false,"_genesis_custom_body_class":"","_genesis_custom_post_class":"","_genesis_layout":"","footnotes":""},"hc_faqs":[318],"hc_spanish_faqs":[],"class_list":{"0":"post-21001","1":"page","2":"type-page","3":"status-publish","4":"has-post-thumbnail","6":"hc_faqs-mordedura-de-perro","7":"entry"},"acf":[],"yoast_head":"<!-- This site is optimized with the Yoast SEO plugin v27.4 - https:\/\/yoast.com\/product\/yoast-seo-wordpress\/ -->\n<title>Mi hijo fue mordido por el perro de mi vecino | Kruger &amp; Hodges<\/title>\n<meta name=\"description\" content=\"Mi hijo fue mordido por el perro de mi vecino. \u00bfQu\u00e9 debo hacer? Ir al centro de atenci\u00f3n de urgencia. La probabilidad de infecci\u00f3n por una mordedura de perro es bastante alta.\" \/>\n<meta name=\"robots\" content=\"index, follow, max-snippet:-1, max-image-preview:large, max-video-preview:-1\" \/>\n<link rel=\"canonical\" href=\"https:\/\/thehometownlawyers.com\/es\/preguntas-frecuentes\/mi-hijo-fue-mordido-por-el-perro-de-mi-vecino-que-debo-hacer\/\" \/>\n<meta property=\"og:locale\" content=\"es_MX\" \/>\n<meta property=\"og:type\" content=\"article\" \/>\n<meta property=\"og:title\" content=\"Mi hijo fue mordido por el perro de mi vecino | Kruger &amp; Hodges\" \/>\n<meta property=\"og:description\" content=\"Mi hijo fue mordido por el perro de mi vecino. \u00bfQu\u00e9 debo hacer? Ir al centro de atenci\u00f3n de urgencia. La probabilidad de infecci\u00f3n por una mordedura de perro es bastante alta.\" \/>\n<meta property=\"og:url\" content=\"https:\/\/thehometownlawyers.com\/es\/preguntas-frecuentes\/mi-hijo-fue-mordido-por-el-perro-de-mi-vecino-que-debo-hacer\/\" \/>\n<meta property=\"og:site_name\" content=\"Kruger &amp; Hodges Abogados De Lesiones\" \/>\n<meta property=\"article:publisher\" content=\"https:\/\/www.facebook.com\/KrugerHodges\/\" \/>\n<meta property=\"article:modified_time\" content=\"2024-07-02T12:53:31+00:00\" \/>\n<meta property=\"og:image\" content=\"https:\/\/thehometownlawyers.com\/wp-content\/uploads\/2021\/08\/Depositphotos_27970565_s-2019.jpg\" \/>\n\t<meta property=\"og:image:width\" content=\"1000\" \/>\n\t<meta property=\"og:image:height\" content=\"667\" \/>\n\t<meta property=\"og:image:type\" content=\"image\/jpeg\" \/>\n<meta name=\"twitter:card\" content=\"summary_large_image\" \/>\n<meta name=\"twitter:label1\" content=\"Tiempo de lectura\" \/>\n\t<meta name=\"twitter:data1\" content=\"4 minutos\" \/>\n<script type=\"application\/ld+json\" class=\"yoast-schema-graph\">{\"@context\":\"https:\\\/\\\/schema.org\",\"@graph\":[{\"@type\":\"WebPage\",\"@id\":\"https:\\\/\\\/thehometownlawyers.com\\\/es\\\/preguntas-frecuentes\\\/mi-hijo-fue-mordido-por-el-perro-de-mi-vecino-que-debo-hacer\\\/\",\"url\":\"https:\\\/\\\/thehometownlawyers.com\\\/es\\\/preguntas-frecuentes\\\/mi-hijo-fue-mordido-por-el-perro-de-mi-vecino-que-debo-hacer\\\/\",\"name\":\"Mi hijo fue mordido por el perro de mi vecino | Kruger & Hodges\",\"isPartOf\":{\"@id\":\"https:\\\/\\\/thehometownlawyers.com\\\/es\\\/#website\"},\"primaryImageOfPage\":{\"@id\":\"https:\\\/\\\/thehometownlawyers.com\\\/es\\\/preguntas-frecuentes\\\/mi-hijo-fue-mordido-por-el-perro-de-mi-vecino-que-debo-hacer\\\/#primaryimage\"},\"image\":{\"@id\":\"https:\\\/\\\/thehometownlawyers.com\\\/es\\\/preguntas-frecuentes\\\/mi-hijo-fue-mordido-por-el-perro-de-mi-vecino-que-debo-hacer\\\/#primaryimage\"},\"thumbnailUrl\":\"https:\\\/\\\/thehometownlawyers.com\\\/wp-content\\\/uploads\\\/2021\\\/08\\\/Depositphotos_27970565_s-2019.jpg\",\"datePublished\":\"2021-08-31T18:36:54+00:00\",\"dateModified\":\"2024-07-02T12:53:31+00:00\",\"description\":\"Mi hijo fue mordido por el perro de mi vecino. \u00bfQu\u00e9 debo hacer? Ir al centro de atenci\u00f3n de urgencia. La probabilidad de infecci\u00f3n por una mordedura de perro es bastante alta.\",\"breadcrumb\":{\"@id\":\"https:\\\/\\\/thehometownlawyers.com\\\/es\\\/preguntas-frecuentes\\\/mi-hijo-fue-mordido-por-el-perro-de-mi-vecino-que-debo-hacer\\\/#breadcrumb\"},\"inLanguage\":\"es\",\"potentialAction\":[{\"@type\":\"ReadAction\",\"target\":[\"https:\\\/\\\/thehometownlawyers.com\\\/es\\\/preguntas-frecuentes\\\/mi-hijo-fue-mordido-por-el-perro-de-mi-vecino-que-debo-hacer\\\/\"]}]},{\"@type\":\"ImageObject\",\"inLanguage\":\"es\",\"@id\":\"https:\\\/\\\/thehometownlawyers.com\\\/es\\\/preguntas-frecuentes\\\/mi-hijo-fue-mordido-por-el-perro-de-mi-vecino-que-debo-hacer\\\/#primaryimage\",\"url\":\"https:\\\/\\\/thehometownlawyers.com\\\/wp-content\\\/uploads\\\/2021\\\/08\\\/Depositphotos_27970565_s-2019.jpg\",\"contentUrl\":\"https:\\\/\\\/thehometownlawyers.com\\\/wp-content\\\/uploads\\\/2021\\\/08\\\/Depositphotos_27970565_s-2019.jpg\",\"width\":1000,\"height\":667,\"caption\":\"Dog bite attorneys in Ohio\"},{\"@type\":\"BreadcrumbList\",\"@id\":\"https:\\\/\\\/thehometownlawyers.com\\\/es\\\/preguntas-frecuentes\\\/mi-hijo-fue-mordido-por-el-perro-de-mi-vecino-que-debo-hacer\\\/#breadcrumb\",\"itemListElement\":[{\"@type\":\"ListItem\",\"position\":1,\"name\":\"Home\",\"item\":\"https:\\\/\\\/thehometownlawyers.com\\\/es\\\/\"},{\"@type\":\"ListItem\",\"position\":2,\"name\":\"Preguntas Frecuentes\",\"item\":\"https:\\\/\\\/thehometownlawyers.com\\\/es\\\/preguntas-frecuentes\\\/\"},{\"@type\":\"ListItem\",\"position\":3,\"name\":\"Mi hijo fue mordido por el perro de mi vecino. \u00bfQu\u00e9 debo hacer?\"}]},{\"@type\":\"WebSite\",\"@id\":\"https:\\\/\\\/thehometownlawyers.com\\\/es\\\/#website\",\"url\":\"https:\\\/\\\/thehometownlawyers.com\\\/es\\\/\",\"name\":\"Kruger & Hodges Hometown Injury Lawyers | Accident Attorneys\",\"description\":\"Attorneys for Car, Truck and Motorcycle Accidents, Personal Injuries, and Criminal Defense.\",\"publisher\":{\"@id\":\"https:\\\/\\\/thehometownlawyers.com\\\/es\\\/#organization\"},\"alternateName\":\"Kruger & Hodges Personal Injury Lawyers\",\"inLanguage\":\"es\"},{\"@type\":\"Organization\",\"@id\":\"https:\\\/\\\/thehometownlawyers.com\\\/es\\\/#organization\",\"name\":\"Kruger & Hodges Hometown Injury Lawyers\",\"alternateName\":\"Kruger & Hodges\",\"url\":\"https:\\\/\\\/thehometownlawyers.com\\\/es\\\/\",\"logo\":{\"@type\":\"ImageObject\",\"inLanguage\":\"es\",\"@id\":\"https:\\\/\\\/thehometownlawyers.com\\\/es\\\/#\\\/schema\\\/logo\\\/image\\\/\",\"url\":\"https:\\\/\\\/thehometownlawyers.com\\\/wp-content\\\/uploads\\\/2025\\\/12\\\/revised-kh-logo-vertical-white-background-scaled.png\",\"contentUrl\":\"https:\\\/\\\/thehometownlawyers.com\\\/wp-content\\\/uploads\\\/2025\\\/12\\\/revised-kh-logo-vertical-white-background-scaled.png\",\"width\":2560,\"height\":1440,\"caption\":\"Kruger & Hodges Hometown Injury Lawyers\"},\"image\":{\"@id\":\"https:\\\/\\\/thehometownlawyers.com\\\/es\\\/#\\\/schema\\\/logo\\\/image\\\/\"},\"sameAs\":[\"https:\\\/\\\/www.facebook.com\\\/KrugerHodges\\\/\",\"https:\\\/\\\/www.instagram.com\\\/krugerhodges\\\/\",\"https:\\\/\\\/www.linkedin.com\\\/company\\\/kruger-hodges-hometown-injury-lawyers\\\/\",\"https:\\\/\\\/www.youtube.com\\\/channel\\\/UCeYcMaMaN2rb9jMlqt4EIdQ\",\"https:\\\/\\\/www.tiktok.com\\\/@thehometownlawyer\"]}]}<\/script>\n<!-- \/ Yoast SEO plugin. -->","yoast_head_json":{"title":"Mi hijo fue mordido por el perro de mi vecino | Kruger & Hodges","description":"Mi hijo fue mordido por el perro de mi vecino. \u00bfQu\u00e9 debo hacer? Ir al centro de atenci\u00f3n de urgencia. La probabilidad de infecci\u00f3n por una mordedura de perro es bastante alta.","robots":{"index":"index","follow":"follow","max-snippet":"max-snippet:-1","max-image-preview":"max-image-preview:large","max-video-preview":"max-video-preview:-1"},"canonical":"https:\/\/thehometownlawyers.com\/es\/preguntas-frecuentes\/mi-hijo-fue-mordido-por-el-perro-de-mi-vecino-que-debo-hacer\/","og_locale":"es_MX","og_type":"article","og_title":"Mi hijo fue mordido por el perro de mi vecino | Kruger & Hodges","og_description":"Mi hijo fue mordido por el perro de mi vecino. \u00bfQu\u00e9 debo hacer? Ir al centro de atenci\u00f3n de urgencia. La probabilidad de infecci\u00f3n por una mordedura de perro es bastante alta.","og_url":"https:\/\/thehometownlawyers.com\/es\/preguntas-frecuentes\/mi-hijo-fue-mordido-por-el-perro-de-mi-vecino-que-debo-hacer\/","og_site_name":"Kruger &amp; Hodges Abogados De Lesiones","article_publisher":"https:\/\/www.facebook.com\/KrugerHodges\/","article_modified_time":"2024-07-02T12:53:31+00:00","og_image":[{"width":1000,"height":667,"url":"https:\/\/thehometownlawyers.com\/wp-content\/uploads\/2021\/08\/Depositphotos_27970565_s-2019.jpg","type":"image\/jpeg"}],"twitter_card":"summary_large_image","twitter_misc":{"Tiempo de lectura":"4 minutos"},"schema":{"@context":"https:\/\/schema.org","@graph":[{"@type":"WebPage","@id":"https:\/\/thehometownlawyers.com\/es\/preguntas-frecuentes\/mi-hijo-fue-mordido-por-el-perro-de-mi-vecino-que-debo-hacer\/","url":"https:\/\/thehometownlawyers.com\/es\/preguntas-frecuentes\/mi-hijo-fue-mordido-por-el-perro-de-mi-vecino-que-debo-hacer\/","name":"Mi hijo fue mordido por el perro de mi vecino | Kruger & Hodges","isPartOf":{"@id":"https:\/\/thehometownlawyers.com\/es\/#website"},"primaryImageOfPage":{"@id":"https:\/\/thehometownlawyers.com\/es\/preguntas-frecuentes\/mi-hijo-fue-mordido-por-el-perro-de-mi-vecino-que-debo-hacer\/#primaryimage"},"image":{"@id":"https:\/\/thehometownlawyers.com\/es\/preguntas-frecuentes\/mi-hijo-fue-mordido-por-el-perro-de-mi-vecino-que-debo-hacer\/#primaryimage"},"thumbnailUrl":"https:\/\/thehometownlawyers.com\/wp-content\/uploads\/2021\/08\/Depositphotos_27970565_s-2019.jpg","datePublished":"2021-08-31T18:36:54+00:00","dateModified":"2024-07-02T12:53:31+00:00","description":"Mi hijo fue mordido por el perro de mi vecino. \u00bfQu\u00e9 debo hacer? Ir al centro de atenci\u00f3n de urgencia. La probabilidad de infecci\u00f3n por una mordedura de perro es bastante alta.","breadcrumb":{"@id":"https:\/\/thehometownlawyers.com\/es\/preguntas-frecuentes\/mi-hijo-fue-mordido-por-el-perro-de-mi-vecino-que-debo-hacer\/#breadcrumb"},"inLanguage":"es","potentialAction":[{"@type":"ReadAction","target":["https:\/\/thehometownlawyers.com\/es\/preguntas-frecuentes\/mi-hijo-fue-mordido-por-el-perro-de-mi-vecino-que-debo-hacer\/"]}]},{"@type":"ImageObject","inLanguage":"es","@id":"https:\/\/thehometownlawyers.com\/es\/preguntas-frecuentes\/mi-hijo-fue-mordido-por-el-perro-de-mi-vecino-que-debo-hacer\/#primaryimage","url":"https:\/\/thehometownlawyers.com\/wp-content\/uploads\/2021\/08\/Depositphotos_27970565_s-2019.jpg","contentUrl":"https:\/\/thehometownlawyers.com\/wp-content\/uploads\/2021\/08\/Depositphotos_27970565_s-2019.jpg","width":1000,"height":667,"caption":"Dog bite attorneys in Ohio"},{"@type":"BreadcrumbList","@id":"https:\/\/thehometownlawyers.com\/es\/preguntas-frecuentes\/mi-hijo-fue-mordido-por-el-perro-de-mi-vecino-que-debo-hacer\/#breadcrumb","itemListElement":[{"@type":"ListItem","position":1,"name":"Home","item":"https:\/\/thehometownlawyers.com\/es\/"},{"@type":"ListItem","position":2,"name":"Preguntas Frecuentes","item":"https:\/\/thehometownlawyers.com\/es\/preguntas-frecuentes\/"},{"@type":"ListItem","position":3,"name":"Mi hijo fue mordido por el perro de mi vecino. \u00bfQu\u00e9 debo hacer?"}]},{"@type":"WebSite","@id":"https:\/\/thehometownlawyers.com\/es\/#website","url":"https:\/\/thehometownlawyers.com\/es\/","name":"Kruger & Hodges Hometown Injury Lawyers | Accident Attorneys","description":"Attorneys for Car, Truck and Motorcycle Accidents, Personal Injuries, and Criminal Defense.","publisher":{"@id":"https:\/\/thehometownlawyers.com\/es\/#organization"},"alternateName":"Kruger & Hodges Personal Injury Lawyers","inLanguage":"es"},{"@type":"Organization","@id":"https:\/\/thehometownlawyers.com\/es\/#organization","name":"Kruger & Hodges Hometown Injury Lawyers","alternateName":"Kruger & Hodges","url":"https:\/\/thehometownlawyers.com\/es\/","logo":{"@type":"ImageObject","inLanguage":"es","@id":"https:\/\/thehometownlawyers.com\/es\/#\/schema\/logo\/image\/","url":"https:\/\/thehometownlawyers.com\/wp-content\/uploads\/2025\/12\/revised-kh-logo-vertical-white-background-scaled.png","contentUrl":"https:\/\/thehometownlawyers.com\/wp-content\/uploads\/2025\/12\/revised-kh-logo-vertical-white-background-scaled.png","width":2560,"height":1440,"caption":"Kruger & Hodges Hometown Injury Lawyers"},"image":{"@id":"https:\/\/thehometownlawyers.com\/es\/#\/schema\/logo\/image\/"},"sameAs":["https:\/\/www.facebook.com\/KrugerHodges\/","https:\/\/www.instagram.com\/krugerhodges\/","https:\/\/www.linkedin.com\/company\/kruger-hodges-hometown-injury-lawyers\/","https:\/\/www.youtube.com\/channel\/UCeYcMaMaN2rb9jMlqt4EIdQ","https:\/\/www.tiktok.com\/@thehometownlawyer"]}]}},"_links":{"self":[{"href":"https:\/\/thehometownlawyers.com\/es\/wp-json\/wp\/v2\/pages\/21001","targetHints":{"allow":["GET"]}}],"collection":[{"href":"https:\/\/thehometownlawyers.com\/es\/wp-json\/wp\/v2\/pages"}],"about":[{"href":"https:\/\/thehometownlawyers.com\/es\/wp-json\/wp\/v2\/types\/page"}],"author":[{"embeddable":true,"href":"https:\/\/thehometownlawyers.com\/es\/wp-json\/wp\/v2\/users\/7"}],"replies":[{"embeddable":true,"href":"https:\/\/thehometownlawyers.com\/es\/wp-json\/wp\/v2\/comments?post=21001"}],"version-history":[{"count":0,"href":"https:\/\/thehometownlawyers.com\/es\/wp-json\/wp\/v2\/pages\/21001\/revisions"}],"up":[{"embeddable":true,"href":"https:\/\/thehometownlawyers.com\/es\/wp-json\/wp\/v2\/pages\/20989"}],"wp:featuredmedia":[{"embeddable":true,"href":"https:\/\/thehometownlawyers.com\/es\/wp-json\/wp\/v2\/media\/23530"}],"wp:attachment":[{"href":"https:\/\/thehometownlawyers.com\/es\/wp-json\/wp\/v2\/media?parent=21001"}],"wp:term":[{"taxonomy":"hc_faqs","embeddable":true,"href":"https:\/\/thehometownlawyers.com\/es\/wp-json\/wp\/v2\/hc_faqs?post=21001"},{"taxonomy":"hc_spanish_faqs","embeddable":true,"href":"https:\/\/thehometownlawyers.com\/es\/wp-json\/wp\/v2\/hc_spanish_faqs?post=21001"}],"curies":[{"name":"wp","href":"https:\/\/api.w.org\/{rel}","templated":true}]}}