{"id":21003,"date":"2021-09-14T21:03:56","date_gmt":"2021-09-15T01:03:56","guid":{"rendered":"https:\/\/thehometownlawyers.com\/?post_type=faq&#038;p=21003"},"modified":"2025-01-31T11:24:21","modified_gmt":"2025-01-31T16:24:21","slug":"cuales-son-las-causas-comunes-de-los-accidentes-por-resbalones-y-caidas","status":"publish","type":"page","link":"https:\/\/thehometownlawyers.com\/es\/preguntas-frecuentes\/cuales-son-las-causas-comunes-de-los-accidentes-por-resbalones-y-caidas\/","title":{"rendered":"\u00bfCu\u00e1les son las causas comunes de los accidentes por resbalones y ca\u00eddas?"},"content":{"rendered":"<p><strong>\u00bfCu\u00e1les son las causas comunes de los accidentes por resbalones y ca\u00eddas? <\/strong>Un mito desafortunado que persiste sobre los accidentes por resbalones y ca\u00eddas es que el da\u00f1o resultante a menudo no es grave. En realidad, aproximadamente el 30% de las personas involucradas en accidentes por ca\u00eddas terminan con lesiones de moderadas a graves. Las posibilidades de sufrir lesiones graves aumentan considerablemente con la edad de una persona.<\/p>\n<p>Entre los otros desaf\u00edos que crean las lesiones relacionadas con resbalones y ca\u00eddas , puede ser dif\u00edcil para las v\u00edctimas de accidentes volver a la vida que ten\u00edan antes del accidente. Para reducir los riesgos de que su vida cambie en un accidente por ca\u00edda, este art\u00edculo revisa algunas de las estrategias que puede tomar para evitar verse involucrado en uno.<\/p>\n<h2>Comprender las causas comunes de los accidentes por resbalones y ca\u00eddas<\/h2>\n<p>Al apreciar las causas comunes de resbalones y ca\u00eddas, puede tratar de evitar algunas situaciones m\u00e1s peligrosas. Algunos factores que se asocian con frecuencia con las ca\u00eddas incluyen:<\/p>\n<ul>\n<li>La visi\u00f3n deteriorada es la causa de muchas ca\u00eddas. Al agregar iluminaci\u00f3n adecuada y colores contrastantes en \u00e1reas elevadas, puede reducir en gran medida las probabilidades de una ca\u00edda. Adem\u00e1s, si su vista no es perfecta, debe asegurarse de usar anteojos correctivos apropiados para tener la mayor probabilidad posible de ver cualquier peligro cercano.<\/li>\n<li>Varios peligros, como tablas del suelo sueltas, secciones elevadas del suelo, obst\u00e1culos en los caminos y pasamanos mal asegurados, pueden provocar estos accidentes por ca\u00eddas. Al mantener los pasillos libres de escombros y realizar reparaciones en las \u00e1reas problem\u00e1ticas, puede reducir en gran medida las posibilidades de lesionarse en una ca\u00edda.<\/li>\n<li>Puede parecer dif\u00edcil de creer, pero el tipo de calzado o ropa incorrecto es responsable de muchas ca\u00eddas. Por ejemplo, la ropa holgada puede quedar atrapada en objetos sueltos y hacer que se caiga. Los zapatos con mala tracci\u00f3n tambi\u00e9n son responsables de numerosos accidentes por resbalones y ca\u00eddas.<\/li>\n<\/ul>\n<p class=\"rs-content-cta rs-content-cta-small\">Para una consulta legal gratuita, llame al <a href=\"tel:+15138943333\">513-894-3333 <\/a><\/p><h2>Use calzado adecuado<\/h2>\n<p>Los calcetines son c\u00f3modos, pero caminar solo con calcetines crea un riesgo sustancial de ca\u00eddas y lesiones. Siempre use zapatos cuando camine en lugares donde puedan ocurrir ca\u00eddas.<\/p>\n<p>Sin embargo, no todos los zapatos brindan el mismo tipo de protecci\u00f3n. <a href=\"https:\/\/www.wonolo.com\/blog\/get-grip-top-10-non-slip-shoes-work\/\" target=\"_blank\" rel=\"noopener\">Los zapatos antideslizantes<\/a> pueden no estar tan de moda como un nuevo par de Jordans, pero pueden ayudar mucho a reducir el riesgo de lastimarse en una ca\u00edda. Esto es particularmente cierto si trabaja o vive en un lugar donde los pisos suelen ser resbaladizos. Las zapatillas de tenis y otros calzados carecen del mismo tipo de agarre gomoso que tienen los zapatos antideslizantes.<\/p>\n<h2>Limite su exposici\u00f3n a condiciones peligrosas<\/h2>\n<p>Despu\u00e9s de comprender qu\u00e9 factores causan las ca\u00eddas, debe tomar las medidas necesarias para evitarlas. Por ejemplo, si las condiciones clim\u00e1ticas son heladas o resbaladizas debido a la lluvia, minimice la cantidad de viajes que realiza al aire libre. Si tiene que viajar rutinariamente sobre una superficie resbaladiza en el interior, a menudo es una buena idea instalar pisos antideslizantes que pueden reducir en gran medida el riesgo de ca\u00eddas. Si nota condiciones peligrosas que podr\u00edan causar ca\u00eddas en lugares p\u00fablicos, aseg\u00farese de informar estos factores al administrador de la propiedad o al empleador para que puedan repararse de inmediato.<\/p>\n<p class=\"rs-content-cta rs-content-cta-small\"><a href=\"\/es\/contacto\/\">Haga clic para contactar<\/a> con nuestros  abogados hoy<\/p><h2>Con precauci\u00f3n<\/h2>\n<p>Otra forma \u00fatil de reducir en gran medida las posibilidades de lesionarse en una ca\u00edda es tener cuidado. Esto significa usar pasamanos y otros objetos de apoyo si est\u00e1n disponibles. Ser capaz de agarrar algo en caso de que pierda el equilibrio a veces puede salvarlo de lesiones graves. Adem\u00e1s, nunca debes apresurarte cuando intentes llegar a tu destino. Date suficiente tiempo para llegar a donde vas, independientemente de lo lejos que est\u00e9. Siempre es mejor tomarse un tiempo extra y llegar a su destino de manera segura que apresurarse y terminar resbalando y cayendo.<\/p>\n<p class=\"rs-content-cta rs-content-cta-small\">Complete una <a href=\"\/es\/contacto\/\">evaluaci\u00f3n gratuita de su caso<\/a> ahora<\/p><h2>Si vas a caer, usa la t\u00e9cnica adecuada<\/h2>\n<p>La mayor\u00eda de las personas tratan de evitar que ocurra una ca\u00edda, pero esta no siempre es la forma m\u00e1s segura de proceder. La rigidez tambi\u00e9n puede provocar lesiones graves. En cambio, a veces simplemente es mejor caer sin intentar levantarse o suavizar el impacto. Algunas de las t\u00e9cnicas que debe utilizar para caer de manera adecuada incluyen proteger su cabeza metiendo la barbilla, doblar los codos y las rodillas para que caiga sobre una parte m\u00e1s acolchada de su cuerpo, cambiar su peso para que aterrice de lado, no luchar contra la ca\u00edda y evitar ponerse r\u00edgido.<\/p>\n<h2>Hable con un abogado de accidentes por resbalones y ca\u00eddas<\/h2>\n<p>Si se lesion\u00f3 en una ca\u00edda y otra parte es responsable, <a href=\"https:\/\/thehometownlawyers.com\/es\/contacto\/\">comun\u00edquese con<\/a> los abogados de resbalones y ca\u00eddas de Kruger &amp; Hodges en nuestras oficinas legales de <a href=\"https:\/\/thehometownlawyers.com\/es\/contacto\/\">Hamilton<\/a> , <a href=\"https:\/\/thehometownlawyers.com\/es\/contacto\/\">Middletown<\/a> o <a href=\"https:\/\/thehometownlawyers.com\/es\/contacto\/\">Eaton<\/a> .<\/p>\n<h3><em>Enlaces relacionados:<\/em><\/h3>\n<p>Abogados de accidentes por resbalones y ca\u00eddas en Hamilton, OH<br \/>\n<a href=\"https:\/\/thehometownlawyers.com\/es\/\">Responsabilidad de los locales<\/a><br \/>\n\u00bfCu\u00e1les son las causas comunes de los accidentes por resbalones y ca\u00eddas?<br \/>\n<a href=\"https:\/\/thehometownlawyers.com\/es\/\">Abogados de Lesiones Personales de Hamilton, OH<\/a><\/p>\n<p class=\"rs-content-cta rs-content-cta-small\">Llame o env\u00ede un mensaje de texto al <a href=\"tel:+15138943333\">513-894-3333<\/a> o complete una <a href=\"\/es\/contacto\/\">evaluaci\u00f3n gratuita de su caso<\/a><\/p>","protected":false},"excerpt":{"rendered":"<p>\u00bfCu\u00e1les son las causas comunes de los accidentes por resbalones y ca\u00eddas? Un mito desafortunado que persiste sobre los accidentes por resbalones y ca\u00eddas es que el da\u00f1o resultante a menudo no es grave. En realidad, aproximadamente el 30% de las personas involucradas en accidentes por ca\u00eddas terminan con lesiones de moderadas a graves. Las &#8230;<\/p>\n","protected":false},"author":7,"featured_media":20714,"parent":20989,"menu_order":0,"comment_status":"closed","ping_status":"closed","template":"","meta":{"_acf_changed":false,"inline_featured_image":false,"_genesis_hide_title":false,"_genesis_hide_breadcrumbs":false,"_genesis_hide_singular_image":false,"_genesis_hide_footer_widgets":false,"_genesis_custom_body_class":"","_genesis_custom_post_class":"","_genesis_layout":"","footnotes":""},"hc_faqs":[323],"hc_spanish_faqs":[],"class_list":{"0":"post-21003","1":"page","2":"type-page","3":"status-publish","4":"has-post-thumbnail","6":"hc_faqs-lesiones-personales","7":"entry"},"acf":[],"yoast_head":"<!-- This site is optimized with the Yoast SEO plugin v27.3 - https:\/\/yoast.com\/product\/yoast-seo-wordpress\/ -->\n<title>\u00bfCu\u00e1les son las causas comunes de los accidentes por resbalones y ca\u00eddas?: Consulta gratuita<\/title>\n<meta name=\"description\" content=\"\u00bfCu\u00e1les son las causas comunes de los accidentes por resbalones y ca\u00eddas? Los problemas de visi\u00f3n, los peligros f\u00edsicos y los zapatos o la ropa que no calzan bien provocan muchas ca\u00eddas.\" \/>\n<meta name=\"robots\" content=\"index, follow, max-snippet:-1, max-image-preview:large, max-video-preview:-1\" \/>\n<link rel=\"canonical\" href=\"https:\/\/thehometownlawyers.com\/es\/preguntas-frecuentes\/cuales-son-las-causas-comunes-de-los-accidentes-por-resbalones-y-caidas\/\" \/>\n<meta property=\"og:locale\" content=\"es_MX\" \/>\n<meta property=\"og:type\" content=\"article\" \/>\n<meta property=\"og:title\" content=\"\u00bfCu\u00e1les son las causas comunes de los accidentes por resbalones y ca\u00eddas?: Consulta gratuita\" \/>\n<meta property=\"og:description\" content=\"\u00bfCu\u00e1les son las causas comunes de los accidentes por resbalones y ca\u00eddas? Los problemas de visi\u00f3n, los peligros f\u00edsicos y los zapatos o la ropa que no calzan bien provocan muchas ca\u00eddas.\" \/>\n<meta property=\"og:url\" content=\"https:\/\/thehometownlawyers.com\/es\/preguntas-frecuentes\/cuales-son-las-causas-comunes-de-los-accidentes-por-resbalones-y-caidas\/\" \/>\n<meta property=\"og:site_name\" content=\"Kruger &amp; Hodges Abogados De Lesiones\" \/>\n<meta property=\"article:publisher\" content=\"https:\/\/www.facebook.com\/KrugerHodges\/\" \/>\n<meta property=\"article:modified_time\" content=\"2025-01-31T16:24:21+00:00\" \/>\n<meta property=\"og:image\" content=\"https:\/\/thehometownlawyers.com\/wp-content\/uploads\/2020\/01\/slip-up-danger-careless-slippery.jpg\" \/>\n\t<meta property=\"og:image:width\" content=\"640\" \/>\n\t<meta property=\"og:image:height\" content=\"426\" \/>\n\t<meta property=\"og:image:type\" content=\"image\/jpeg\" \/>\n<meta name=\"twitter:card\" content=\"summary_large_image\" \/>\n<meta name=\"twitter:label1\" content=\"Tiempo de lectura\" \/>\n\t<meta name=\"twitter:data1\" content=\"4 minutos\" \/>\n<script type=\"application\/ld+json\" class=\"yoast-schema-graph\">{\"@context\":\"https:\\\/\\\/schema.org\",\"@graph\":[{\"@type\":\"WebPage\",\"@id\":\"https:\\\/\\\/thehometownlawyers.com\\\/es\\\/preguntas-frecuentes\\\/cuales-son-las-causas-comunes-de-los-accidentes-por-resbalones-y-caidas\\\/\",\"url\":\"https:\\\/\\\/thehometownlawyers.com\\\/es\\\/preguntas-frecuentes\\\/cuales-son-las-causas-comunes-de-los-accidentes-por-resbalones-y-caidas\\\/\",\"name\":\"\u00bfCu\u00e1les son las causas comunes de los accidentes por resbalones y ca\u00eddas?: Consulta gratuita\",\"isPartOf\":{\"@id\":\"https:\\\/\\\/thehometownlawyers.com\\\/es\\\/#website\"},\"primaryImageOfPage\":{\"@id\":\"https:\\\/\\\/thehometownlawyers.com\\\/es\\\/preguntas-frecuentes\\\/cuales-son-las-causas-comunes-de-los-accidentes-por-resbalones-y-caidas\\\/#primaryimage\"},\"image\":{\"@id\":\"https:\\\/\\\/thehometownlawyers.com\\\/es\\\/preguntas-frecuentes\\\/cuales-son-las-causas-comunes-de-los-accidentes-por-resbalones-y-caidas\\\/#primaryimage\"},\"thumbnailUrl\":\"https:\\\/\\\/thehometownlawyers.com\\\/wp-content\\\/uploads\\\/2020\\\/01\\\/slip-up-danger-careless-slippery.jpg\",\"datePublished\":\"2021-09-15T01:03:56+00:00\",\"dateModified\":\"2025-01-31T16:24:21+00:00\",\"description\":\"\u00bfCu\u00e1les son las causas comunes de los accidentes por resbalones y ca\u00eddas? Los problemas de visi\u00f3n, los peligros f\u00edsicos y los zapatos o la ropa que no calzan bien provocan muchas ca\u00eddas.\",\"breadcrumb\":{\"@id\":\"https:\\\/\\\/thehometownlawyers.com\\\/es\\\/preguntas-frecuentes\\\/cuales-son-las-causas-comunes-de-los-accidentes-por-resbalones-y-caidas\\\/#breadcrumb\"},\"inLanguage\":\"es\",\"potentialAction\":[{\"@type\":\"ReadAction\",\"target\":[\"https:\\\/\\\/thehometownlawyers.com\\\/es\\\/preguntas-frecuentes\\\/cuales-son-las-causas-comunes-de-los-accidentes-por-resbalones-y-caidas\\\/\"]}]},{\"@type\":\"ImageObject\",\"inLanguage\":\"es\",\"@id\":\"https:\\\/\\\/thehometownlawyers.com\\\/es\\\/preguntas-frecuentes\\\/cuales-son-las-causas-comunes-de-los-accidentes-por-resbalones-y-caidas\\\/#primaryimage\",\"url\":\"https:\\\/\\\/thehometownlawyers.com\\\/wp-content\\\/uploads\\\/2020\\\/01\\\/slip-up-danger-careless-slippery.jpg\",\"contentUrl\":\"https:\\\/\\\/thehometownlawyers.com\\\/wp-content\\\/uploads\\\/2020\\\/01\\\/slip-up-danger-careless-slippery.jpg\",\"width\":640,\"height\":426,\"caption\":\"abogado de lesiones por ca\u00eddas\"},{\"@type\":\"BreadcrumbList\",\"@id\":\"https:\\\/\\\/thehometownlawyers.com\\\/es\\\/preguntas-frecuentes\\\/cuales-son-las-causas-comunes-de-los-accidentes-por-resbalones-y-caidas\\\/#breadcrumb\",\"itemListElement\":[{\"@type\":\"ListItem\",\"position\":1,\"name\":\"Home\",\"item\":\"https:\\\/\\\/thehometownlawyers.com\\\/es\\\/\"},{\"@type\":\"ListItem\",\"position\":2,\"name\":\"Preguntas Frecuentes\",\"item\":\"https:\\\/\\\/thehometownlawyers.com\\\/es\\\/preguntas-frecuentes\\\/\"},{\"@type\":\"ListItem\",\"position\":3,\"name\":\"\u00bfCu\u00e1les son las causas comunes de los accidentes por resbalones y ca\u00eddas?\"}]},{\"@type\":\"WebSite\",\"@id\":\"https:\\\/\\\/thehometownlawyers.com\\\/es\\\/#website\",\"url\":\"https:\\\/\\\/thehometownlawyers.com\\\/es\\\/\",\"name\":\"Kruger & Hodges Hometown Injury Lawyers | Accident Attorneys\",\"description\":\"Attorneys for Car, Truck and Motorcycle Accidents, Personal Injuries, and Criminal Defense.\",\"publisher\":{\"@id\":\"https:\\\/\\\/thehometownlawyers.com\\\/es\\\/#organization\"},\"alternateName\":\"Kruger & Hodges Personal Injury Lawyers\",\"inLanguage\":\"es\"},{\"@type\":\"Organization\",\"@id\":\"https:\\\/\\\/thehometownlawyers.com\\\/es\\\/#organization\",\"name\":\"Kruger & Hodges Hometown Injury Lawyers\",\"alternateName\":\"Kruger & Hodges\",\"url\":\"https:\\\/\\\/thehometownlawyers.com\\\/es\\\/\",\"logo\":{\"@type\":\"ImageObject\",\"inLanguage\":\"es\",\"@id\":\"https:\\\/\\\/thehometownlawyers.com\\\/es\\\/#\\\/schema\\\/logo\\\/image\\\/\",\"url\":\"https:\\\/\\\/thehometownlawyers.com\\\/wp-content\\\/uploads\\\/2025\\\/12\\\/revised-kh-logo-vertical-white-background-scaled.png\",\"contentUrl\":\"https:\\\/\\\/thehometownlawyers.com\\\/wp-content\\\/uploads\\\/2025\\\/12\\\/revised-kh-logo-vertical-white-background-scaled.png\",\"width\":2560,\"height\":1440,\"caption\":\"Kruger & Hodges Hometown Injury Lawyers\"},\"image\":{\"@id\":\"https:\\\/\\\/thehometownlawyers.com\\\/es\\\/#\\\/schema\\\/logo\\\/image\\\/\"},\"sameAs\":[\"https:\\\/\\\/www.facebook.com\\\/KrugerHodges\\\/\",\"https:\\\/\\\/www.instagram.com\\\/krugerhodges\\\/\",\"https:\\\/\\\/www.linkedin.com\\\/company\\\/kruger-hodges-hometown-injury-lawyers\\\/\",\"https:\\\/\\\/www.youtube.com\\\/channel\\\/UCeYcMaMaN2rb9jMlqt4EIdQ\",\"https:\\\/\\\/www.tiktok.com\\\/@thehometownlawyer\"]}]}<\/script>\n<!-- \/ Yoast SEO plugin. -->","yoast_head_json":{"title":"\u00bfCu\u00e1les son las causas comunes de los accidentes por resbalones y ca\u00eddas?: Consulta gratuita","description":"\u00bfCu\u00e1les son las causas comunes de los accidentes por resbalones y ca\u00eddas? Los problemas de visi\u00f3n, los peligros f\u00edsicos y los zapatos o la ropa que no calzan bien provocan muchas ca\u00eddas.","robots":{"index":"index","follow":"follow","max-snippet":"max-snippet:-1","max-image-preview":"max-image-preview:large","max-video-preview":"max-video-preview:-1"},"canonical":"https:\/\/thehometownlawyers.com\/es\/preguntas-frecuentes\/cuales-son-las-causas-comunes-de-los-accidentes-por-resbalones-y-caidas\/","og_locale":"es_MX","og_type":"article","og_title":"\u00bfCu\u00e1les son las causas comunes de los accidentes por resbalones y ca\u00eddas?: Consulta gratuita","og_description":"\u00bfCu\u00e1les son las causas comunes de los accidentes por resbalones y ca\u00eddas? Los problemas de visi\u00f3n, los peligros f\u00edsicos y los zapatos o la ropa que no calzan bien provocan muchas ca\u00eddas.","og_url":"https:\/\/thehometownlawyers.com\/es\/preguntas-frecuentes\/cuales-son-las-causas-comunes-de-los-accidentes-por-resbalones-y-caidas\/","og_site_name":"Kruger &amp; Hodges Abogados De Lesiones","article_publisher":"https:\/\/www.facebook.com\/KrugerHodges\/","article_modified_time":"2025-01-31T16:24:21+00:00","og_image":[{"width":640,"height":426,"url":"https:\/\/thehometownlawyers.com\/wp-content\/uploads\/2020\/01\/slip-up-danger-careless-slippery.jpg","type":"image\/jpeg"}],"twitter_card":"summary_large_image","twitter_misc":{"Tiempo de lectura":"4 minutos"},"schema":{"@context":"https:\/\/schema.org","@graph":[{"@type":"WebPage","@id":"https:\/\/thehometownlawyers.com\/es\/preguntas-frecuentes\/cuales-son-las-causas-comunes-de-los-accidentes-por-resbalones-y-caidas\/","url":"https:\/\/thehometownlawyers.com\/es\/preguntas-frecuentes\/cuales-son-las-causas-comunes-de-los-accidentes-por-resbalones-y-caidas\/","name":"\u00bfCu\u00e1les son las causas comunes de los accidentes por resbalones y ca\u00eddas?: Consulta gratuita","isPartOf":{"@id":"https:\/\/thehometownlawyers.com\/es\/#website"},"primaryImageOfPage":{"@id":"https:\/\/thehometownlawyers.com\/es\/preguntas-frecuentes\/cuales-son-las-causas-comunes-de-los-accidentes-por-resbalones-y-caidas\/#primaryimage"},"image":{"@id":"https:\/\/thehometownlawyers.com\/es\/preguntas-frecuentes\/cuales-son-las-causas-comunes-de-los-accidentes-por-resbalones-y-caidas\/#primaryimage"},"thumbnailUrl":"https:\/\/thehometownlawyers.com\/wp-content\/uploads\/2020\/01\/slip-up-danger-careless-slippery.jpg","datePublished":"2021-09-15T01:03:56+00:00","dateModified":"2025-01-31T16:24:21+00:00","description":"\u00bfCu\u00e1les son las causas comunes de los accidentes por resbalones y ca\u00eddas? Los problemas de visi\u00f3n, los peligros f\u00edsicos y los zapatos o la ropa que no calzan bien provocan muchas ca\u00eddas.","breadcrumb":{"@id":"https:\/\/thehometownlawyers.com\/es\/preguntas-frecuentes\/cuales-son-las-causas-comunes-de-los-accidentes-por-resbalones-y-caidas\/#breadcrumb"},"inLanguage":"es","potentialAction":[{"@type":"ReadAction","target":["https:\/\/thehometownlawyers.com\/es\/preguntas-frecuentes\/cuales-son-las-causas-comunes-de-los-accidentes-por-resbalones-y-caidas\/"]}]},{"@type":"ImageObject","inLanguage":"es","@id":"https:\/\/thehometownlawyers.com\/es\/preguntas-frecuentes\/cuales-son-las-causas-comunes-de-los-accidentes-por-resbalones-y-caidas\/#primaryimage","url":"https:\/\/thehometownlawyers.com\/wp-content\/uploads\/2020\/01\/slip-up-danger-careless-slippery.jpg","contentUrl":"https:\/\/thehometownlawyers.com\/wp-content\/uploads\/2020\/01\/slip-up-danger-careless-slippery.jpg","width":640,"height":426,"caption":"abogado de lesiones por ca\u00eddas"},{"@type":"BreadcrumbList","@id":"https:\/\/thehometownlawyers.com\/es\/preguntas-frecuentes\/cuales-son-las-causas-comunes-de-los-accidentes-por-resbalones-y-caidas\/#breadcrumb","itemListElement":[{"@type":"ListItem","position":1,"name":"Home","item":"https:\/\/thehometownlawyers.com\/es\/"},{"@type":"ListItem","position":2,"name":"Preguntas Frecuentes","item":"https:\/\/thehometownlawyers.com\/es\/preguntas-frecuentes\/"},{"@type":"ListItem","position":3,"name":"\u00bfCu\u00e1les son las causas comunes de los accidentes por resbalones y ca\u00eddas?"}]},{"@type":"WebSite","@id":"https:\/\/thehometownlawyers.com\/es\/#website","url":"https:\/\/thehometownlawyers.com\/es\/","name":"Kruger & Hodges Hometown Injury Lawyers | Accident Attorneys","description":"Attorneys for Car, Truck and Motorcycle Accidents, Personal Injuries, and Criminal Defense.","publisher":{"@id":"https:\/\/thehometownlawyers.com\/es\/#organization"},"alternateName":"Kruger & Hodges Personal Injury Lawyers","inLanguage":"es"},{"@type":"Organization","@id":"https:\/\/thehometownlawyers.com\/es\/#organization","name":"Kruger & Hodges Hometown Injury Lawyers","alternateName":"Kruger & Hodges","url":"https:\/\/thehometownlawyers.com\/es\/","logo":{"@type":"ImageObject","inLanguage":"es","@id":"https:\/\/thehometownlawyers.com\/es\/#\/schema\/logo\/image\/","url":"https:\/\/thehometownlawyers.com\/wp-content\/uploads\/2025\/12\/revised-kh-logo-vertical-white-background-scaled.png","contentUrl":"https:\/\/thehometownlawyers.com\/wp-content\/uploads\/2025\/12\/revised-kh-logo-vertical-white-background-scaled.png","width":2560,"height":1440,"caption":"Kruger & Hodges Hometown Injury Lawyers"},"image":{"@id":"https:\/\/thehometownlawyers.com\/es\/#\/schema\/logo\/image\/"},"sameAs":["https:\/\/www.facebook.com\/KrugerHodges\/","https:\/\/www.instagram.com\/krugerhodges\/","https:\/\/www.linkedin.com\/company\/kruger-hodges-hometown-injury-lawyers\/","https:\/\/www.youtube.com\/channel\/UCeYcMaMaN2rb9jMlqt4EIdQ","https:\/\/www.tiktok.com\/@thehometownlawyer"]}]}},"_links":{"self":[{"href":"https:\/\/thehometownlawyers.com\/es\/wp-json\/wp\/v2\/pages\/21003","targetHints":{"allow":["GET"]}}],"collection":[{"href":"https:\/\/thehometownlawyers.com\/es\/wp-json\/wp\/v2\/pages"}],"about":[{"href":"https:\/\/thehometownlawyers.com\/es\/wp-json\/wp\/v2\/types\/page"}],"author":[{"embeddable":true,"href":"https:\/\/thehometownlawyers.com\/es\/wp-json\/wp\/v2\/users\/7"}],"replies":[{"embeddable":true,"href":"https:\/\/thehometownlawyers.com\/es\/wp-json\/wp\/v2\/comments?post=21003"}],"version-history":[{"count":0,"href":"https:\/\/thehometownlawyers.com\/es\/wp-json\/wp\/v2\/pages\/21003\/revisions"}],"up":[{"embeddable":true,"href":"https:\/\/thehometownlawyers.com\/es\/wp-json\/wp\/v2\/pages\/20989"}],"wp:featuredmedia":[{"embeddable":true,"href":"https:\/\/thehometownlawyers.com\/es\/wp-json\/wp\/v2\/media\/20714"}],"wp:attachment":[{"href":"https:\/\/thehometownlawyers.com\/es\/wp-json\/wp\/v2\/media?parent=21003"}],"wp:term":[{"taxonomy":"hc_faqs","embeddable":true,"href":"https:\/\/thehometownlawyers.com\/es\/wp-json\/wp\/v2\/hc_faqs?post=21003"},{"taxonomy":"hc_spanish_faqs","embeddable":true,"href":"https:\/\/thehometownlawyers.com\/es\/wp-json\/wp\/v2\/hc_spanish_faqs?post=21003"}],"curies":[{"name":"wp","href":"https:\/\/api.w.org\/{rel}","templated":true}]}}