{"id":21007,"date":"2021-09-14T10:43:23","date_gmt":"2021-09-14T14:43:23","guid":{"rendered":"https:\/\/thehometownlawyers.com\/?post_type=faq&#038;p=21007"},"modified":"2025-03-24T13:07:22","modified_gmt":"2025-03-24T17:07:22","slug":"en-que-se-diferencian-los-accidentes-automovilisticos-durante-una-pandemia","status":"publish","type":"page","link":"https:\/\/thehometownlawyers.com\/es\/preguntas-frecuentes\/en-que-se-diferencian-los-accidentes-automovilisticos-durante-una-pandemia\/","title":{"rendered":"\u00bfEn qu\u00e9 se diferencian los accidentes automovil\u00edsticos durante una pandemia?"},"content":{"rendered":"<p><strong>\u00bfEn qu\u00e9 se diferencian los accidentes automovil\u00edsticos durante una pandemia? <\/strong>Mucho ha cambiado en nuestras vidas debido a la pandemia de COVID-19, incluida la forma en que se manejan los accidentes automovil\u00edsticos. Si bien todos sabemos que la pandemia provoc\u00f3 retrasos en los env\u00edos, hizo que fuera m\u00e1s dif\u00edcil encontrar papel higi\u00e9nico y alter\u00f3 la forma en que se imparten las clases escolares, la pandemia tambi\u00e9n ha tenido un profundo impacto en la forma en que se manejan los accidentes automovil\u00edsticos. En los \u00faltimos meses, las legislaturas y los agentes del orden han comenzado a tratar los accidentes automovil\u00edsticos de manera diferente a como lo hac\u00edan antes. Muchas personas no esperan terminar en un accidente automovil\u00edstico, pero incluso durante los cierres estatales, existe una gran posibilidad de encontrarse con automovilistas imprudentes. No hace falta decir que, a medida que el pa\u00eds se adapta a las amenazas del COVID-19, ha habido pocas formas significativas en las que los accidentes automovil\u00edsticos en Ohio hayan cambiado debido a la pandemia.<\/p>\n<h2>Las escenas de accidentes automovil\u00edsticos se manejan de manera diferente durante la pandemia<\/h2>\n<p>Muchos procedimientos cotidianos se han visto afectados por la pandemia. Con los accidentes automovil\u00edsticos , a menudo hay una interacci\u00f3n entre las partes para que se puedan intercambiar los detalles de la compa\u00f1\u00eda de seguros, as\u00ed como la informaci\u00f3n de contacto. A veces, se puede llamar a la polic\u00eda a la escena del accidente para que se pueda escribir un informe. En los choques m\u00e1s graves, se llama a la escena a los socorristas, as\u00ed como a los trabajadores de emergencia. Sin embargo, todas las partes ahora deben hacer todo lo posible para garantizar la seguridad de todos los involucrados. Esto significa usar m\u00e1scaras y cubiertas faciales cuando interact\u00fae con otros. Tambi\u00e9n es una buena idea abstenerse de tocar art\u00edculos que pertenecen a otra persona y mantener una distancia de seis pies de los dem\u00e1s para mantener bajo el riesgo de transmisi\u00f3n del virus.<\/p>\n<p class=\"rs-content-cta rs-content-cta-small\">Para una consulta legal gratuita, llame al <a href=\"tel:+15138943333\">513-894-3333 <\/a><\/p><h2>T\u00e9cnicas para evitar accidentes automovil\u00edsticos<\/h2>\n<p>Debido a que es posible que ahora conduzca con menos frecuencia que nunca, es fundamental asegurarse de que su autom\u00f3vil reciba el mantenimiento y la inspecci\u00f3n adecuados. Tambi\u00e9n es tan importante como siempre evitar las distracciones mientras se conduce. Esto significa reducir o eliminar cosas como el uso del tel\u00e9fono celular mientras se conduce. Est\u00e9 atento a los peligros en la carretera, que podr\u00edan provocar r\u00e1pidamente accidentes automovil\u00edsticos. Los automovilistas deben entender que el escaso tr\u00e1fico en las carreteras de Ohio durante la pandemia ha resultado en un <a href=\"https:\/\/www.webmd.com\/covid\/coronavirus#:~:text=THURSDAY%2C%20April%2023%2C%202020%20(,Safety%20Association%20(GHSA)%20says.\" target=\"_blank\" rel=\"noopener\">aumento en el exceso de velocidad y en la conducci\u00f3n imprudente<\/a> . Esto significa que la conducci\u00f3n defensiva es m\u00e1s importante ahora que nunca. Si bien es importante seguir las normas de seguridad relacionadas con la pandemia, la seguridad vial es tan importante como siempre.<\/p>\n<h2>Recibir atenci\u00f3n m\u00e9dica puede ser m\u00e1s desafiante<\/h2>\n<p>Ya sea inmediatamente despu\u00e9s de un accidente automovil\u00edstico o en los d\u00edas o semanas posteriores, las personas a menudo comienzan a notar impedimentos f\u00edsicos adem\u00e1s de lesiones. Como resultado, muchas personas terminan buscando evaluaciones y tratamientos m\u00e9dicos. Si bien los hospitales est\u00e1n repletos y puede tomar m\u00e1s tiempo recibir algunos tipos de atenci\u00f3n m\u00e9dica, las personas involucradas en accidentes automovil\u00edsticos no deben dudar en comunicarse con los servicios de emergencia si han resultado lesionados en accidentes. Los Centros para el Control y la Prevenci\u00f3n de Enfermedades <a href=\"https:\/\/www.cdc.gov\/mmwr\/volumes\/69\/wr\/mm6936a4.htm\" target=\"_blank\" rel=\"noopener\">informan<\/a> que cuatro de cada 10 adultos en los Estados Unidos han evitado la atenci\u00f3n m\u00e9dica debido a preocupaciones por el COVID-19. Si ha resultado lesionado en un accidente automovil\u00edstico, recuerde que a\u00fan es fundamental hablar con un profesional m\u00e9dico si ha resultado lesionado en un accidente. Esto podr\u00eda significar contactar a un proveedor de salud en l\u00ednea y asistir a una cita de telesalud en lugar de una en persona.<\/p>\n<p class=\"rs-content-cta rs-content-cta-small\"><a href=\"\/es\/contacto\/\">Haga clic para contactar<\/a> con nuestros  abogados hoy<\/p><h2>M\u00e1s asuntos legales se est\u00e1n manejando virtualmente<\/h2>\n<p>En los primeros d\u00edas de la pandemia, muchas empresas tuvieron que cerrar sus puertas para protegerse de la pandemia. Incluso los juzgados y las empresas tuvieron que cerrar temporalmente para poder abordar c\u00f3mo manejaron los asuntos durante una pandemia. Si bien los juzgados est\u00e1n abiertos hoy en d\u00eda, a\u00fan se deben seguir las reglas de distanciamiento social. Tambi\u00e9n hay un per\u00edodo de espera para los tribunales de todo el pa\u00eds debido al tiempo que los tribunales estuvieron cerrados. Una de las formas en que los tribunales han comenzado a manejar la gran afluencia de casos es trasladar m\u00e1s asuntos en l\u00ednea. Muchos tribunales civiles de todo el pa\u00eds han comenzado a permitir que las demandas procedan en l\u00ednea para reducir la cantidad de personas dentro de un juzgado en un momento dado, as\u00ed como para acelerar la rapidez con la que se toman las decisiones. Como resultado, existe una mayor probabilidad de que algunos o todos los problemas relacionados con su caso se manejen de forma remota en lugar de en persona.<\/p>\n<p class=\"rs-content-cta rs-content-cta-small\">Complete una <a href=\"\/es\/contacto\/\">evaluaci\u00f3n gratuita de su caso<\/a> ahora<\/p><h2>Obtenga los servicios de un abogado experimentado en accidentes automovil\u00edsticos de Ohio<\/h2>\n<p>Si usted o un ser querido ha resultado lesionado en un accidente automovil\u00edstico en Ohio, no debe dudar en hablar con un abogado con experiencia. P\u00f3ngase en contacto con <a href=\"https:\/\/thehometownlawyers.com\/es\/contacto\/\">Kruger &amp; Hodges<\/a> hoy para hablar con un abogado de lesiones en <a href=\"https:\/\/thehometownlawyers.com\/es\/contacto\/\">Middletown<\/a> , <a href=\"https:\/\/thehometownlawyers.com\/es\/contacto\/\">Hamilton<\/a> y <a href=\"https:\/\/thehometownlawyers.com\/es\/contacto\/\">Eaton<\/a> , Ohio.<\/p>\n<h3><em>Enlaces relacionados:<\/em><\/h3>\n<p><a href=\"https:\/\/thehometownlawyers.com\/es\/abogados-de-lesiones-personales-en-eaton-ohio\/\">Abogados de Lesiones Personales de Eaton, OH<\/a><br \/>\nAccidentes de Auto en Eaton<br \/>\n<a href=\"https:\/\/thehometownlawyers.com\/es\/abogados-de-lesiones-personales-en-eaton-ohio\/abogados-de-accidentes-de-motocicleta-en-eaton-ohio\/\">Accidentes de motocicleta en Eaton, OH<\/a><br \/>\nAccidentes de peatones en Middletown, OH<br \/>\nAbogados de accidentes de Uber<br \/>\n<a href=\"https:\/\/thehometownlawyers.com\/es\/abogados-de-lesiones-personales-en-eaton-ohio\/abogados-de-accidentes-de-camiones-en-eaton-ohio\/\">Accidentes de camiones en Eaton, OH<\/a><br \/>\nAccidentes de conducci\u00f3n distra\u00eddos<br \/>\n<a href=\"https:\/\/thehometownlawyers.com\/es\/\">Heridas en la cabeza<\/a><br \/>\nLesiones de la m\u00e9dula<br \/>\nCicatrizaci\u00f3n debido a accidentes automovil\u00edsticos<br \/>\nPreguntas frecuentes: \u00bfPuede mi abogado acceder a las im\u00e1genes de la c\u00e1mara de tr\u00e1fico de mi accidente?<br \/>\nPreguntas frecuentes: Si me lesiono en un accidente automovil\u00edstico con un automovilista sin seguro, \u00bfpuedo recibir una compensaci\u00f3n?<\/p>\n<p class=\"rs-content-cta rs-content-cta-small\">Llame o env\u00ede un mensaje de texto al <a href=\"tel:+15138943333\">513-894-3333<\/a> o complete una <a href=\"\/es\/contacto\/\">evaluaci\u00f3n gratuita de su caso<\/a><\/p>","protected":false},"excerpt":{"rendered":"<p>\u00bfEn qu\u00e9 se diferencian los accidentes automovil\u00edsticos durante una pandemia? Mucho ha cambiado en nuestras vidas debido a la pandemia de COVID-19, incluida la forma en que se manejan los accidentes automovil\u00edsticos. Si bien todos sabemos que la pandemia provoc\u00f3 retrasos en los env\u00edos, hizo que fuera m\u00e1s dif\u00edcil encontrar papel higi\u00e9nico y alter\u00f3 la &#8230;<\/p>\n","protected":false},"author":7,"featured_media":24638,"parent":20989,"menu_order":0,"comment_status":"closed","ping_status":"closed","template":"","meta":{"_acf_changed":false,"inline_featured_image":false,"_genesis_hide_title":false,"_genesis_hide_breadcrumbs":false,"_genesis_hide_singular_image":false,"_genesis_hide_footer_widgets":false,"_genesis_custom_body_class":"","_genesis_custom_post_class":"","_genesis_layout":"","footnotes":""},"hc_faqs":[316],"hc_spanish_faqs":[],"class_list":{"0":"post-21007","1":"page","2":"type-page","3":"status-publish","4":"has-post-thumbnail","6":"hc_faqs-accidente-de-automovilismo","7":"entry"},"acf":[],"yoast_head":"<!-- This site is optimized with the Yoast SEO plugin v27.4 - https:\/\/yoast.com\/product\/yoast-seo-wordpress\/ -->\n<title>\u00bfEn qu\u00e9 se diferencian los accidentes automovil\u00edsticos durante una pandemia?: Consulta gratuita<\/title>\n<meta name=\"description\" content=\"\u00bfEn qu\u00e9 se diferencian los accidentes automovil\u00edsticos durante una pandemia? Mucho ha cambiado debido a la pandemia de COVID-19, incluida la forma en que se manejan los accidentes automovil\u00edsticos.\" \/>\n<meta name=\"robots\" content=\"index, follow, max-snippet:-1, max-image-preview:large, max-video-preview:-1\" \/>\n<link rel=\"canonical\" href=\"https:\/\/thehometownlawyers.com\/es\/preguntas-frecuentes\/en-que-se-diferencian-los-accidentes-automovilisticos-durante-una-pandemia\/\" \/>\n<meta property=\"og:locale\" content=\"es_MX\" \/>\n<meta property=\"og:type\" content=\"article\" \/>\n<meta property=\"og:title\" content=\"\u00bfEn qu\u00e9 se diferencian los accidentes automovil\u00edsticos durante una pandemia?: Consulta gratuita\" \/>\n<meta property=\"og:description\" content=\"\u00bfEn qu\u00e9 se diferencian los accidentes automovil\u00edsticos durante una pandemia? Mucho ha cambiado debido a la pandemia de COVID-19, incluida la forma en que se manejan los accidentes automovil\u00edsticos.\" \/>\n<meta property=\"og:url\" content=\"https:\/\/thehometownlawyers.com\/es\/preguntas-frecuentes\/en-que-se-diferencian-los-accidentes-automovilisticos-durante-una-pandemia\/\" \/>\n<meta property=\"og:site_name\" content=\"Kruger &amp; Hodges Abogados De Lesiones\" \/>\n<meta property=\"article:publisher\" content=\"https:\/\/www.facebook.com\/KrugerHodges\/\" \/>\n<meta property=\"article:modified_time\" content=\"2025-03-24T17:07:22+00:00\" \/>\n<meta property=\"og:image\" content=\"https:\/\/thehometownlawyers.com\/wp-content\/uploads\/2025\/03\/en-que-se-diferencian-los-accidentes-automovilisticos-durante-una-pandemia.jpg\" \/>\n\t<meta property=\"og:image:width\" content=\"768\" \/>\n\t<meta property=\"og:image:height\" content=\"458\" \/>\n\t<meta property=\"og:image:type\" content=\"image\/jpeg\" \/>\n<meta name=\"twitter:card\" content=\"summary_large_image\" \/>\n<meta name=\"twitter:label1\" content=\"Tiempo de lectura\" \/>\n\t<meta name=\"twitter:data1\" content=\"5 minutos\" \/>\n<script type=\"application\/ld+json\" class=\"yoast-schema-graph\">{\"@context\":\"https:\\\/\\\/schema.org\",\"@graph\":[{\"@type\":\"WebPage\",\"@id\":\"https:\\\/\\\/thehometownlawyers.com\\\/es\\\/preguntas-frecuentes\\\/en-que-se-diferencian-los-accidentes-automovilisticos-durante-una-pandemia\\\/\",\"url\":\"https:\\\/\\\/thehometownlawyers.com\\\/es\\\/preguntas-frecuentes\\\/en-que-se-diferencian-los-accidentes-automovilisticos-durante-una-pandemia\\\/\",\"name\":\"\u00bfEn qu\u00e9 se diferencian los accidentes automovil\u00edsticos durante una pandemia?: Consulta gratuita\",\"isPartOf\":{\"@id\":\"https:\\\/\\\/thehometownlawyers.com\\\/es\\\/#website\"},\"primaryImageOfPage\":{\"@id\":\"https:\\\/\\\/thehometownlawyers.com\\\/es\\\/preguntas-frecuentes\\\/en-que-se-diferencian-los-accidentes-automovilisticos-durante-una-pandemia\\\/#primaryimage\"},\"image\":{\"@id\":\"https:\\\/\\\/thehometownlawyers.com\\\/es\\\/preguntas-frecuentes\\\/en-que-se-diferencian-los-accidentes-automovilisticos-durante-una-pandemia\\\/#primaryimage\"},\"thumbnailUrl\":\"https:\\\/\\\/thehometownlawyers.com\\\/wp-content\\\/uploads\\\/2025\\\/03\\\/en-que-se-diferencian-los-accidentes-automovilisticos-durante-una-pandemia.jpg\",\"datePublished\":\"2021-09-14T14:43:23+00:00\",\"dateModified\":\"2025-03-24T17:07:22+00:00\",\"description\":\"\u00bfEn qu\u00e9 se diferencian los accidentes automovil\u00edsticos durante una pandemia? Mucho ha cambiado debido a la pandemia de COVID-19, incluida la forma en que se manejan los accidentes automovil\u00edsticos.\",\"breadcrumb\":{\"@id\":\"https:\\\/\\\/thehometownlawyers.com\\\/es\\\/preguntas-frecuentes\\\/en-que-se-diferencian-los-accidentes-automovilisticos-durante-una-pandemia\\\/#breadcrumb\"},\"inLanguage\":\"es\",\"potentialAction\":[{\"@type\":\"ReadAction\",\"target\":[\"https:\\\/\\\/thehometownlawyers.com\\\/es\\\/preguntas-frecuentes\\\/en-que-se-diferencian-los-accidentes-automovilisticos-durante-una-pandemia\\\/\"]}]},{\"@type\":\"ImageObject\",\"inLanguage\":\"es\",\"@id\":\"https:\\\/\\\/thehometownlawyers.com\\\/es\\\/preguntas-frecuentes\\\/en-que-se-diferencian-los-accidentes-automovilisticos-durante-una-pandemia\\\/#primaryimage\",\"url\":\"https:\\\/\\\/thehometownlawyers.com\\\/wp-content\\\/uploads\\\/2025\\\/03\\\/en-que-se-diferencian-los-accidentes-automovilisticos-durante-una-pandemia.jpg\",\"contentUrl\":\"https:\\\/\\\/thehometownlawyers.com\\\/wp-content\\\/uploads\\\/2025\\\/03\\\/en-que-se-diferencian-los-accidentes-automovilisticos-durante-una-pandemia.jpg\",\"width\":768,\"height\":458,\"caption\":\"Young man rubbing neck in pain from whiplash injury standing by damaged car after traffic accident.\"},{\"@type\":\"BreadcrumbList\",\"@id\":\"https:\\\/\\\/thehometownlawyers.com\\\/es\\\/preguntas-frecuentes\\\/en-que-se-diferencian-los-accidentes-automovilisticos-durante-una-pandemia\\\/#breadcrumb\",\"itemListElement\":[{\"@type\":\"ListItem\",\"position\":1,\"name\":\"Home\",\"item\":\"https:\\\/\\\/thehometownlawyers.com\\\/es\\\/\"},{\"@type\":\"ListItem\",\"position\":2,\"name\":\"Preguntas Frecuentes\",\"item\":\"https:\\\/\\\/thehometownlawyers.com\\\/es\\\/preguntas-frecuentes\\\/\"},{\"@type\":\"ListItem\",\"position\":3,\"name\":\"\u00bfEn qu\u00e9 se diferencian los accidentes automovil\u00edsticos durante una pandemia?\"}]},{\"@type\":\"WebSite\",\"@id\":\"https:\\\/\\\/thehometownlawyers.com\\\/es\\\/#website\",\"url\":\"https:\\\/\\\/thehometownlawyers.com\\\/es\\\/\",\"name\":\"Kruger & Hodges Hometown Injury Lawyers | Accident Attorneys\",\"description\":\"Attorneys for Car, Truck and Motorcycle Accidents, Personal Injuries, and Criminal Defense.\",\"publisher\":{\"@id\":\"https:\\\/\\\/thehometownlawyers.com\\\/es\\\/#organization\"},\"alternateName\":\"Kruger & Hodges Personal Injury Lawyers\",\"inLanguage\":\"es\"},{\"@type\":\"Organization\",\"@id\":\"https:\\\/\\\/thehometownlawyers.com\\\/es\\\/#organization\",\"name\":\"Kruger & Hodges Hometown Injury Lawyers\",\"alternateName\":\"Kruger & Hodges\",\"url\":\"https:\\\/\\\/thehometownlawyers.com\\\/es\\\/\",\"logo\":{\"@type\":\"ImageObject\",\"inLanguage\":\"es\",\"@id\":\"https:\\\/\\\/thehometownlawyers.com\\\/es\\\/#\\\/schema\\\/logo\\\/image\\\/\",\"url\":\"https:\\\/\\\/thehometownlawyers.com\\\/wp-content\\\/uploads\\\/2025\\\/12\\\/revised-kh-logo-vertical-white-background-scaled.png\",\"contentUrl\":\"https:\\\/\\\/thehometownlawyers.com\\\/wp-content\\\/uploads\\\/2025\\\/12\\\/revised-kh-logo-vertical-white-background-scaled.png\",\"width\":2560,\"height\":1440,\"caption\":\"Kruger & Hodges Hometown Injury Lawyers\"},\"image\":{\"@id\":\"https:\\\/\\\/thehometownlawyers.com\\\/es\\\/#\\\/schema\\\/logo\\\/image\\\/\"},\"sameAs\":[\"https:\\\/\\\/www.facebook.com\\\/KrugerHodges\\\/\",\"https:\\\/\\\/www.instagram.com\\\/krugerhodges\\\/\",\"https:\\\/\\\/www.linkedin.com\\\/company\\\/kruger-hodges-hometown-injury-lawyers\\\/\",\"https:\\\/\\\/www.youtube.com\\\/channel\\\/UCeYcMaMaN2rb9jMlqt4EIdQ\",\"https:\\\/\\\/www.tiktok.com\\\/@thehometownlawyer\"]}]}<\/script>\n<!-- \/ Yoast SEO plugin. -->","yoast_head_json":{"title":"\u00bfEn qu\u00e9 se diferencian los accidentes automovil\u00edsticos durante una pandemia?: Consulta gratuita","description":"\u00bfEn qu\u00e9 se diferencian los accidentes automovil\u00edsticos durante una pandemia? Mucho ha cambiado debido a la pandemia de COVID-19, incluida la forma en que se manejan los accidentes automovil\u00edsticos.","robots":{"index":"index","follow":"follow","max-snippet":"max-snippet:-1","max-image-preview":"max-image-preview:large","max-video-preview":"max-video-preview:-1"},"canonical":"https:\/\/thehometownlawyers.com\/es\/preguntas-frecuentes\/en-que-se-diferencian-los-accidentes-automovilisticos-durante-una-pandemia\/","og_locale":"es_MX","og_type":"article","og_title":"\u00bfEn qu\u00e9 se diferencian los accidentes automovil\u00edsticos durante una pandemia?: Consulta gratuita","og_description":"\u00bfEn qu\u00e9 se diferencian los accidentes automovil\u00edsticos durante una pandemia? Mucho ha cambiado debido a la pandemia de COVID-19, incluida la forma en que se manejan los accidentes automovil\u00edsticos.","og_url":"https:\/\/thehometownlawyers.com\/es\/preguntas-frecuentes\/en-que-se-diferencian-los-accidentes-automovilisticos-durante-una-pandemia\/","og_site_name":"Kruger &amp; Hodges Abogados De Lesiones","article_publisher":"https:\/\/www.facebook.com\/KrugerHodges\/","article_modified_time":"2025-03-24T17:07:22+00:00","og_image":[{"width":768,"height":458,"url":"https:\/\/thehometownlawyers.com\/wp-content\/uploads\/2025\/03\/en-que-se-diferencian-los-accidentes-automovilisticos-durante-una-pandemia.jpg","type":"image\/jpeg"}],"twitter_card":"summary_large_image","twitter_misc":{"Tiempo de lectura":"5 minutos"},"schema":{"@context":"https:\/\/schema.org","@graph":[{"@type":"WebPage","@id":"https:\/\/thehometownlawyers.com\/es\/preguntas-frecuentes\/en-que-se-diferencian-los-accidentes-automovilisticos-durante-una-pandemia\/","url":"https:\/\/thehometownlawyers.com\/es\/preguntas-frecuentes\/en-que-se-diferencian-los-accidentes-automovilisticos-durante-una-pandemia\/","name":"\u00bfEn qu\u00e9 se diferencian los accidentes automovil\u00edsticos durante una pandemia?: Consulta gratuita","isPartOf":{"@id":"https:\/\/thehometownlawyers.com\/es\/#website"},"primaryImageOfPage":{"@id":"https:\/\/thehometownlawyers.com\/es\/preguntas-frecuentes\/en-que-se-diferencian-los-accidentes-automovilisticos-durante-una-pandemia\/#primaryimage"},"image":{"@id":"https:\/\/thehometownlawyers.com\/es\/preguntas-frecuentes\/en-que-se-diferencian-los-accidentes-automovilisticos-durante-una-pandemia\/#primaryimage"},"thumbnailUrl":"https:\/\/thehometownlawyers.com\/wp-content\/uploads\/2025\/03\/en-que-se-diferencian-los-accidentes-automovilisticos-durante-una-pandemia.jpg","datePublished":"2021-09-14T14:43:23+00:00","dateModified":"2025-03-24T17:07:22+00:00","description":"\u00bfEn qu\u00e9 se diferencian los accidentes automovil\u00edsticos durante una pandemia? Mucho ha cambiado debido a la pandemia de COVID-19, incluida la forma en que se manejan los accidentes automovil\u00edsticos.","breadcrumb":{"@id":"https:\/\/thehometownlawyers.com\/es\/preguntas-frecuentes\/en-que-se-diferencian-los-accidentes-automovilisticos-durante-una-pandemia\/#breadcrumb"},"inLanguage":"es","potentialAction":[{"@type":"ReadAction","target":["https:\/\/thehometownlawyers.com\/es\/preguntas-frecuentes\/en-que-se-diferencian-los-accidentes-automovilisticos-durante-una-pandemia\/"]}]},{"@type":"ImageObject","inLanguage":"es","@id":"https:\/\/thehometownlawyers.com\/es\/preguntas-frecuentes\/en-que-se-diferencian-los-accidentes-automovilisticos-durante-una-pandemia\/#primaryimage","url":"https:\/\/thehometownlawyers.com\/wp-content\/uploads\/2025\/03\/en-que-se-diferencian-los-accidentes-automovilisticos-durante-una-pandemia.jpg","contentUrl":"https:\/\/thehometownlawyers.com\/wp-content\/uploads\/2025\/03\/en-que-se-diferencian-los-accidentes-automovilisticos-durante-una-pandemia.jpg","width":768,"height":458,"caption":"Young man rubbing neck in pain from whiplash injury standing by damaged car after traffic accident."},{"@type":"BreadcrumbList","@id":"https:\/\/thehometownlawyers.com\/es\/preguntas-frecuentes\/en-que-se-diferencian-los-accidentes-automovilisticos-durante-una-pandemia\/#breadcrumb","itemListElement":[{"@type":"ListItem","position":1,"name":"Home","item":"https:\/\/thehometownlawyers.com\/es\/"},{"@type":"ListItem","position":2,"name":"Preguntas Frecuentes","item":"https:\/\/thehometownlawyers.com\/es\/preguntas-frecuentes\/"},{"@type":"ListItem","position":3,"name":"\u00bfEn qu\u00e9 se diferencian los accidentes automovil\u00edsticos durante una pandemia?"}]},{"@type":"WebSite","@id":"https:\/\/thehometownlawyers.com\/es\/#website","url":"https:\/\/thehometownlawyers.com\/es\/","name":"Kruger & Hodges Hometown Injury Lawyers | Accident Attorneys","description":"Attorneys for Car, Truck and Motorcycle Accidents, Personal Injuries, and Criminal Defense.","publisher":{"@id":"https:\/\/thehometownlawyers.com\/es\/#organization"},"alternateName":"Kruger & Hodges Personal Injury Lawyers","inLanguage":"es"},{"@type":"Organization","@id":"https:\/\/thehometownlawyers.com\/es\/#organization","name":"Kruger & Hodges Hometown Injury Lawyers","alternateName":"Kruger & Hodges","url":"https:\/\/thehometownlawyers.com\/es\/","logo":{"@type":"ImageObject","inLanguage":"es","@id":"https:\/\/thehometownlawyers.com\/es\/#\/schema\/logo\/image\/","url":"https:\/\/thehometownlawyers.com\/wp-content\/uploads\/2025\/12\/revised-kh-logo-vertical-white-background-scaled.png","contentUrl":"https:\/\/thehometownlawyers.com\/wp-content\/uploads\/2025\/12\/revised-kh-logo-vertical-white-background-scaled.png","width":2560,"height":1440,"caption":"Kruger & Hodges Hometown Injury Lawyers"},"image":{"@id":"https:\/\/thehometownlawyers.com\/es\/#\/schema\/logo\/image\/"},"sameAs":["https:\/\/www.facebook.com\/KrugerHodges\/","https:\/\/www.instagram.com\/krugerhodges\/","https:\/\/www.linkedin.com\/company\/kruger-hodges-hometown-injury-lawyers\/","https:\/\/www.youtube.com\/channel\/UCeYcMaMaN2rb9jMlqt4EIdQ","https:\/\/www.tiktok.com\/@thehometownlawyer"]}]}},"_links":{"self":[{"href":"https:\/\/thehometownlawyers.com\/es\/wp-json\/wp\/v2\/pages\/21007","targetHints":{"allow":["GET"]}}],"collection":[{"href":"https:\/\/thehometownlawyers.com\/es\/wp-json\/wp\/v2\/pages"}],"about":[{"href":"https:\/\/thehometownlawyers.com\/es\/wp-json\/wp\/v2\/types\/page"}],"author":[{"embeddable":true,"href":"https:\/\/thehometownlawyers.com\/es\/wp-json\/wp\/v2\/users\/7"}],"replies":[{"embeddable":true,"href":"https:\/\/thehometownlawyers.com\/es\/wp-json\/wp\/v2\/comments?post=21007"}],"version-history":[{"count":0,"href":"https:\/\/thehometownlawyers.com\/es\/wp-json\/wp\/v2\/pages\/21007\/revisions"}],"up":[{"embeddable":true,"href":"https:\/\/thehometownlawyers.com\/es\/wp-json\/wp\/v2\/pages\/20989"}],"wp:featuredmedia":[{"embeddable":true,"href":"https:\/\/thehometownlawyers.com\/es\/wp-json\/wp\/v2\/media\/24638"}],"wp:attachment":[{"href":"https:\/\/thehometownlawyers.com\/es\/wp-json\/wp\/v2\/media?parent=21007"}],"wp:term":[{"taxonomy":"hc_faqs","embeddable":true,"href":"https:\/\/thehometownlawyers.com\/es\/wp-json\/wp\/v2\/hc_faqs?post=21007"},{"taxonomy":"hc_spanish_faqs","embeddable":true,"href":"https:\/\/thehometownlawyers.com\/es\/wp-json\/wp\/v2\/hc_spanish_faqs?post=21007"}],"curies":[{"name":"wp","href":"https:\/\/api.w.org\/{rel}","templated":true}]}}