{"id":21009,"date":"2021-08-31T13:59:43","date_gmt":"2021-08-31T17:59:43","guid":{"rendered":"https:\/\/thehometownlawyers.com\/?post_type=faq&#038;p=21009"},"modified":"2025-03-24T13:44:16","modified_gmt":"2025-03-24T17:44:16","slug":"cuanto-tiempo-tomara-para-que-me-paguen-por-mis-lesiones-despues-de-un-accidente-automovilistico","status":"publish","type":"page","link":"https:\/\/thehometownlawyers.com\/es\/preguntas-frecuentes\/cuanto-tiempo-tomara-para-que-me-paguen-por-mis-lesiones-despues-de-un-accidente-automovilistico\/","title":{"rendered":"\u00bfCu\u00e1nto tiempo tomar\u00e1 para que me paguen por mis lesiones despu\u00e9s de un accidente automovil\u00edstico?"},"content":{"rendered":"<p><strong>\u00bfCu\u00e1nto tiempo tomar\u00e1 para que me paguen por mis lesiones despu\u00e9s de un accidente automovil\u00edstico? <\/strong><span style=\"font-weight: 400;\">Despu\u00e9s de que se asiente el polvo y los escombros de un accidente automovil\u00edstico, es posible que se pregunte cu\u00e1nto tiempo le llevar\u00e1 obtener la compensaci\u00f3n que le corresponde por da\u00f1os y perjuicios. Este proceso depende de varios factores, algunos de los cuales pueden estar fuera de su control.<\/span><\/p>\n<p><span style=\"font-weight: 400;\">Los accidentes directos se pueden resolver en cuesti\u00f3n de semanas. Despu\u00e9s de las negociaciones y dependiendo de su compa\u00f1\u00eda de seguros, el pago puede entregarse en promedio dentro de varias semanas despu\u00e9s de un acuerdo. <\/span><\/p>\n<p><span style=\"font-weight: 400;\">Sin embargo, si el choque es significativamente complicado, o si hay lesiones graves, o si no est\u00e1 claro qui\u00e9n tiene la culpa, puede llevar mucho m\u00e1s tiempo. Esto se debe a que las compa\u00f1\u00edas de seguros y los bufetes de abogados tendr\u00e1n que realizar sus propias investigaciones m\u00e1s profundas y realizar mediaciones\/negociaciones. <\/span><\/p>\n<h2><span style=\"font-weight: 400;\">\u00bfQu\u00e9 sucede con el seguro justo despu\u00e9s de un accidente automovil\u00edstico?<\/span><\/h2>\n<p><span style=\"font-weight: 400;\">Despu\u00e9s del accidente, ambas compa\u00f1\u00edas de seguros negociar\u00e1n de un lado a otro. Este puede ser un proceso r\u00e1pido o largo y prolongado; generalmente depende de qu\u00e9 tan claros sean los hechos. A menudo, un <a href=\"https:\/\/eatonpolice.org\/records-requests-background-checks--property-requests.html\" target=\"_blank\" rel=\"noopener\">informe policial<\/a> y una investigaci\u00f3n bien articulados pueden indicar qui\u00e9n tuvo la culpa en el accidente automovil\u00edstico. Sin embargo, a veces una compa\u00f1\u00eda de seguros plantar\u00e1 los pies en la tierra y no estar\u00e1 de acuerdo con que el titular de la p\u00f3liza haya tenido la culpa.<\/span><\/p>\n<p><span style=\"font-weight: 400;\">Cuando esto sucede, los abogados de lesiones personales abogar\u00e1n por que sus clientes reciban una compensaci\u00f3n adecuada. Esto, por supuesto, afecta el tiempo que llevar\u00e1 pagar sus lesiones despu\u00e9s de un accidente automovil\u00edstico. <\/span><\/p>\n<p class=\"rs-content-cta rs-content-cta-small\">Para una consulta legal gratuita, llame al <a href=\"tel:+15138943333\">513-894-3333 <\/a><\/p><h2><span style=\"font-weight: 400;\">\u00bfC\u00f3mo me pagar\u00e1n por mis lesiones despu\u00e9s de un accidente automovil\u00edstico?<\/span><\/h2>\n<p><span style=\"font-weight: 400;\">Por lo general, nuestra firma operar\u00e1 de manera contingente. Esto significa que no recibiremos ning\u00fan pago hasta que obtengamos un acuerdo para usted. Una vez que la compa\u00f1\u00eda de seguros env\u00ede el pago, descontaremos nuestros honorarios y le enviaremos su compensaci\u00f3n. Operamos de esta manera porque sabemos que pagar por adelantado los costosos honorarios legales puede ser extremadamente estresante y desafiante. <\/span><\/p>\n<p><span style=\"font-weight: 400;\">Si estamos operando sobre la base de un anticipo para su caso de accidente automovil\u00edstico, nos proporcionar\u00eda una suma de dinero de la cual facturar\u00edamos. <\/span><\/p>\n<p><span style=\"font-weight: 400;\">Independientemente de c\u00f3mo se le env\u00ede su pago, le explicaremos el proceso en pasos claros y f\u00e1cilmente comprensibles. Sabemos que tratar con las compa\u00f1\u00edas de seguros puede volverse complicado y nos aseguraremos de mantenerlo bien informado sobre el proceso, los plazos y las expectativas. <\/span><\/p>\n<h2><span style=\"font-weight: 400;\">\u00bfQu\u00e9 pasa si mis lesiones persisten y necesito m\u00e1s tratamiento m\u00e9dico?<\/span><\/h2>\n<p><span style=\"font-weight: 400;\">Hay una variedad de lesiones que pueden manifestarse o persistir mucho despu\u00e9s de que haya ocurrido un accidente. Algunos de ellos incluyen TBI\/conmociones cerebrales, hemorragia interna, latigazo cervical y otros. Si descubre que las lesiones persisten despu\u00e9s de un choque, hay algunos pasos que puede seguir.<\/span><\/p>\n<p><span style=\"font-weight: 400;\">El paso m\u00e1s inteligente que puede tomar inicialmente es hablar con un abogado de lesiones personales antes de aceptar la primera oferta de acuerdo. Esto se debe a que es posible que usted renuncie a su derecho a presentar una demanda m\u00e1s adelante si las lesiones reci\u00e9n descubiertas se revelan o persisten. <\/span><\/p>\n<p><span style=\"font-weight: 400;\">Las compa\u00f1\u00edas de seguros a veces pueden actuar con rapidez en un caso para ofrecerle un acuerdo r\u00e1pido. Esto se debe a que las compa\u00f1\u00edas de seguros ganan dinero ofreciendo acuerdos m\u00e1s peque\u00f1os r\u00e1pidamente antes de que las lesiones persistentes, como dolores de cabeza persistentes o TBI, se remonten al accidente. Si la compa\u00f1\u00eda de seguros del conductor culpable llega a usted con un arreglo r\u00e1pido, aseg\u00farese de consultar con un abogado con experiencia en lesiones personales antes de aceptarlo. Retirarse de un acuerdo puede ser muy desafiante; por lo tanto, es m\u00e1s sabio caminar lentamente antes de aceptar cualquier cosa. <\/span><\/p>\n<p><span style=\"font-weight: 400;\">Si se descubren nuevas lesiones, o si descubre que necesitar\u00e1 m\u00e1s tratamiento m\u00e9dico de lo que pens\u00f3 inicialmente, un abogado de lesiones personales de nuestra oficina de Eaton estar\u00e1 m\u00e1s que feliz de ayudarlo.<\/span><\/p>\n<p class=\"rs-content-cta rs-content-cta-small\"><a href=\"\/es\/contacto\/\">Haga clic para contactar<\/a> con nuestros  abogados hoy<\/p><h2><span style=\"font-weight: 400;\">Comun\u00edquese con Kruger &amp; Hodges para que le paguen por sus lesiones despu\u00e9s de un accidente automovil\u00edstico<\/span><\/h2>\n<p><span style=\"font-weight: 400;\">En Kruger &amp; Hodges, hemos pasado a\u00f1os ayudando a los clientes a superar sus lesiones. Sabemos que el proceso es estresante, complejo y oneroso. Ya sea que est\u00e9 tratando con una compa\u00f1\u00eda de seguros dif\u00edcil o quiera saber cu\u00e1ndo finalmente recibir\u00e1 su pago, <\/span><a href=\"https:\/\/thehometownlawyers.com\/es\/contacto\/\"><span style=\"font-weight: 400;\">Estamos disponibles para una consulta gratuita.<\/span><\/a><\/p>\n<p class=\"rs-content-cta rs-content-cta-small\">Llame o env\u00ede un mensaje de texto al <a href=\"tel:+15138943333\">513-894-3333<\/a> o complete una <a href=\"\/es\/contacto\/\">evaluaci\u00f3n gratuita de su caso<\/a><\/p>","protected":false},"excerpt":{"rendered":"<p>\u00bfCu\u00e1nto tiempo tomar\u00e1 para que me paguen por mis lesiones despu\u00e9s de un accidente automovil\u00edstico? Despu\u00e9s de que se asiente el polvo y los escombros de un accidente automovil\u00edstico, es posible que se pregunte cu\u00e1nto tiempo le llevar\u00e1 obtener la compensaci\u00f3n que le corresponde por da\u00f1os y perjuicios. Este proceso depende de varios factores, algunos &#8230;<\/p>\n","protected":false},"author":7,"featured_media":24678,"parent":20989,"menu_order":0,"comment_status":"closed","ping_status":"closed","template":"","meta":{"_acf_changed":false,"inline_featured_image":false,"_genesis_hide_title":false,"_genesis_hide_breadcrumbs":false,"_genesis_hide_singular_image":false,"_genesis_hide_footer_widgets":false,"_genesis_custom_body_class":"","_genesis_custom_post_class":"","_genesis_layout":"","footnotes":""},"hc_faqs":[316],"hc_spanish_faqs":[],"class_list":{"0":"post-21009","1":"page","2":"type-page","3":"status-publish","4":"has-post-thumbnail","6":"hc_faqs-accidente-de-automovilismo","7":"entry"},"acf":[],"yoast_head":"<!-- This site is optimized with the Yoast SEO plugin v27.4 - https:\/\/yoast.com\/product\/yoast-seo-wordpress\/ -->\n<title>\u00bfCu\u00e1nto tiempo se tarda en cobrar por un accidente automovil\u00edstico?<\/title>\n<meta name=\"description\" content=\"\u00bfCu\u00e1nto tiempo llevar\u00e1 pagar mis lesiones despu\u00e9s de un accidente automovil\u00edstico? Los accidentes directos se pueden resolver en cuesti\u00f3n de semanas.\" \/>\n<meta name=\"robots\" content=\"index, follow, max-snippet:-1, max-image-preview:large, max-video-preview:-1\" \/>\n<link rel=\"canonical\" href=\"https:\/\/thehometownlawyers.com\/es\/preguntas-frecuentes\/cuanto-tiempo-tomara-para-que-me-paguen-por-mis-lesiones-despues-de-un-accidente-automovilistico\/\" \/>\n<meta property=\"og:locale\" content=\"es_MX\" \/>\n<meta property=\"og:type\" content=\"article\" \/>\n<meta property=\"og:title\" content=\"\u00bfCu\u00e1nto tiempo se tarda en cobrar por un accidente automovil\u00edstico?\" \/>\n<meta property=\"og:description\" content=\"\u00bfCu\u00e1nto tiempo llevar\u00e1 pagar mis lesiones despu\u00e9s de un accidente automovil\u00edstico? Los accidentes directos se pueden resolver en cuesti\u00f3n de semanas.\" \/>\n<meta property=\"og:url\" content=\"https:\/\/thehometownlawyers.com\/es\/preguntas-frecuentes\/cuanto-tiempo-tomara-para-que-me-paguen-por-mis-lesiones-despues-de-un-accidente-automovilistico\/\" \/>\n<meta property=\"og:site_name\" content=\"Kruger &amp; Hodges Abogados De Lesiones\" \/>\n<meta property=\"article:publisher\" content=\"https:\/\/www.facebook.com\/KrugerHodges\/\" \/>\n<meta property=\"article:modified_time\" content=\"2025-03-24T17:44:16+00:00\" \/>\n<meta property=\"og:image\" content=\"https:\/\/thehometownlawyers.com\/wp-content\/uploads\/2025\/03\/cuanto-tiempo-tomara-para-que-me-paguen-por-mis-lesiones-despues-de-un-accidente-automovilistico.jpg\" \/>\n\t<meta property=\"og:image:width\" content=\"768\" \/>\n\t<meta property=\"og:image:height\" content=\"512\" \/>\n\t<meta property=\"og:image:type\" content=\"image\/jpeg\" \/>\n<meta name=\"twitter:card\" content=\"summary_large_image\" \/>\n<meta name=\"twitter:label1\" content=\"Tiempo de lectura\" \/>\n\t<meta name=\"twitter:data1\" content=\"4 minutos\" \/>\n<script type=\"application\/ld+json\" class=\"yoast-schema-graph\">{\"@context\":\"https:\\\/\\\/schema.org\",\"@graph\":[{\"@type\":\"WebPage\",\"@id\":\"https:\\\/\\\/thehometownlawyers.com\\\/es\\\/preguntas-frecuentes\\\/cuanto-tiempo-tomara-para-que-me-paguen-por-mis-lesiones-despues-de-un-accidente-automovilistico\\\/\",\"url\":\"https:\\\/\\\/thehometownlawyers.com\\\/es\\\/preguntas-frecuentes\\\/cuanto-tiempo-tomara-para-que-me-paguen-por-mis-lesiones-despues-de-un-accidente-automovilistico\\\/\",\"name\":\"\u00bfCu\u00e1nto tiempo se tarda en cobrar por un accidente automovil\u00edstico?\",\"isPartOf\":{\"@id\":\"https:\\\/\\\/thehometownlawyers.com\\\/es\\\/#website\"},\"primaryImageOfPage\":{\"@id\":\"https:\\\/\\\/thehometownlawyers.com\\\/es\\\/preguntas-frecuentes\\\/cuanto-tiempo-tomara-para-que-me-paguen-por-mis-lesiones-despues-de-un-accidente-automovilistico\\\/#primaryimage\"},\"image\":{\"@id\":\"https:\\\/\\\/thehometownlawyers.com\\\/es\\\/preguntas-frecuentes\\\/cuanto-tiempo-tomara-para-que-me-paguen-por-mis-lesiones-despues-de-un-accidente-automovilistico\\\/#primaryimage\"},\"thumbnailUrl\":\"https:\\\/\\\/thehometownlawyers.com\\\/wp-content\\\/uploads\\\/2025\\\/03\\\/cuanto-tiempo-tomara-para-que-me-paguen-por-mis-lesiones-despues-de-un-accidente-automovilistico.jpg\",\"datePublished\":\"2021-08-31T17:59:43+00:00\",\"dateModified\":\"2025-03-24T17:44:16+00:00\",\"description\":\"\u00bfCu\u00e1nto tiempo llevar\u00e1 pagar mis lesiones despu\u00e9s de un accidente automovil\u00edstico? Los accidentes directos se pueden resolver en cuesti\u00f3n de semanas.\",\"breadcrumb\":{\"@id\":\"https:\\\/\\\/thehometownlawyers.com\\\/es\\\/preguntas-frecuentes\\\/cuanto-tiempo-tomara-para-que-me-paguen-por-mis-lesiones-despues-de-un-accidente-automovilistico\\\/#breadcrumb\"},\"inLanguage\":\"es\",\"potentialAction\":[{\"@type\":\"ReadAction\",\"target\":[\"https:\\\/\\\/thehometownlawyers.com\\\/es\\\/preguntas-frecuentes\\\/cuanto-tiempo-tomara-para-que-me-paguen-por-mis-lesiones-despues-de-un-accidente-automovilistico\\\/\"]}]},{\"@type\":\"ImageObject\",\"inLanguage\":\"es\",\"@id\":\"https:\\\/\\\/thehometownlawyers.com\\\/es\\\/preguntas-frecuentes\\\/cuanto-tiempo-tomara-para-que-me-paguen-por-mis-lesiones-despues-de-un-accidente-automovilistico\\\/#primaryimage\",\"url\":\"https:\\\/\\\/thehometownlawyers.com\\\/wp-content\\\/uploads\\\/2025\\\/03\\\/cuanto-tiempo-tomara-para-que-me-paguen-por-mis-lesiones-despues-de-un-accidente-automovilistico.jpg\",\"contentUrl\":\"https:\\\/\\\/thehometownlawyers.com\\\/wp-content\\\/uploads\\\/2025\\\/03\\\/cuanto-tiempo-tomara-para-que-me-paguen-por-mis-lesiones-despues-de-un-accidente-automovilistico.jpg\",\"width\":768,\"height\":512,\"caption\":\"Injured man near opened airbag in automobile after car accident.\"},{\"@type\":\"BreadcrumbList\",\"@id\":\"https:\\\/\\\/thehometownlawyers.com\\\/es\\\/preguntas-frecuentes\\\/cuanto-tiempo-tomara-para-que-me-paguen-por-mis-lesiones-despues-de-un-accidente-automovilistico\\\/#breadcrumb\",\"itemListElement\":[{\"@type\":\"ListItem\",\"position\":1,\"name\":\"Home\",\"item\":\"https:\\\/\\\/thehometownlawyers.com\\\/es\\\/\"},{\"@type\":\"ListItem\",\"position\":2,\"name\":\"Preguntas Frecuentes\",\"item\":\"https:\\\/\\\/thehometownlawyers.com\\\/es\\\/preguntas-frecuentes\\\/\"},{\"@type\":\"ListItem\",\"position\":3,\"name\":\"\u00bfCu\u00e1nto tiempo tomar\u00e1 para que me paguen por mis lesiones despu\u00e9s de un accidente automovil\u00edstico?\"}]},{\"@type\":\"WebSite\",\"@id\":\"https:\\\/\\\/thehometownlawyers.com\\\/es\\\/#website\",\"url\":\"https:\\\/\\\/thehometownlawyers.com\\\/es\\\/\",\"name\":\"Kruger & Hodges Hometown Injury Lawyers | Accident Attorneys\",\"description\":\"Attorneys for Car, Truck and Motorcycle Accidents, Personal Injuries, and Criminal Defense.\",\"publisher\":{\"@id\":\"https:\\\/\\\/thehometownlawyers.com\\\/es\\\/#organization\"},\"alternateName\":\"Kruger & Hodges Personal Injury Lawyers\",\"inLanguage\":\"es\"},{\"@type\":\"Organization\",\"@id\":\"https:\\\/\\\/thehometownlawyers.com\\\/es\\\/#organization\",\"name\":\"Kruger & Hodges Hometown Injury Lawyers\",\"alternateName\":\"Kruger & Hodges\",\"url\":\"https:\\\/\\\/thehometownlawyers.com\\\/es\\\/\",\"logo\":{\"@type\":\"ImageObject\",\"inLanguage\":\"es\",\"@id\":\"https:\\\/\\\/thehometownlawyers.com\\\/es\\\/#\\\/schema\\\/logo\\\/image\\\/\",\"url\":\"https:\\\/\\\/thehometownlawyers.com\\\/wp-content\\\/uploads\\\/2025\\\/12\\\/revised-kh-logo-vertical-white-background-scaled.png\",\"contentUrl\":\"https:\\\/\\\/thehometownlawyers.com\\\/wp-content\\\/uploads\\\/2025\\\/12\\\/revised-kh-logo-vertical-white-background-scaled.png\",\"width\":2560,\"height\":1440,\"caption\":\"Kruger & Hodges Hometown Injury Lawyers\"},\"image\":{\"@id\":\"https:\\\/\\\/thehometownlawyers.com\\\/es\\\/#\\\/schema\\\/logo\\\/image\\\/\"},\"sameAs\":[\"https:\\\/\\\/www.facebook.com\\\/KrugerHodges\\\/\",\"https:\\\/\\\/www.instagram.com\\\/krugerhodges\\\/\",\"https:\\\/\\\/www.linkedin.com\\\/company\\\/kruger-hodges-hometown-injury-lawyers\\\/\",\"https:\\\/\\\/www.youtube.com\\\/channel\\\/UCeYcMaMaN2rb9jMlqt4EIdQ\",\"https:\\\/\\\/www.tiktok.com\\\/@thehometownlawyer\"]}]}<\/script>\n<!-- \/ Yoast SEO plugin. -->","yoast_head_json":{"title":"\u00bfCu\u00e1nto tiempo se tarda en cobrar por un accidente automovil\u00edstico?","description":"\u00bfCu\u00e1nto tiempo llevar\u00e1 pagar mis lesiones despu\u00e9s de un accidente automovil\u00edstico? Los accidentes directos se pueden resolver en cuesti\u00f3n de semanas.","robots":{"index":"index","follow":"follow","max-snippet":"max-snippet:-1","max-image-preview":"max-image-preview:large","max-video-preview":"max-video-preview:-1"},"canonical":"https:\/\/thehometownlawyers.com\/es\/preguntas-frecuentes\/cuanto-tiempo-tomara-para-que-me-paguen-por-mis-lesiones-despues-de-un-accidente-automovilistico\/","og_locale":"es_MX","og_type":"article","og_title":"\u00bfCu\u00e1nto tiempo se tarda en cobrar por un accidente automovil\u00edstico?","og_description":"\u00bfCu\u00e1nto tiempo llevar\u00e1 pagar mis lesiones despu\u00e9s de un accidente automovil\u00edstico? Los accidentes directos se pueden resolver en cuesti\u00f3n de semanas.","og_url":"https:\/\/thehometownlawyers.com\/es\/preguntas-frecuentes\/cuanto-tiempo-tomara-para-que-me-paguen-por-mis-lesiones-despues-de-un-accidente-automovilistico\/","og_site_name":"Kruger &amp; Hodges Abogados De Lesiones","article_publisher":"https:\/\/www.facebook.com\/KrugerHodges\/","article_modified_time":"2025-03-24T17:44:16+00:00","og_image":[{"width":768,"height":512,"url":"https:\/\/thehometownlawyers.com\/wp-content\/uploads\/2025\/03\/cuanto-tiempo-tomara-para-que-me-paguen-por-mis-lesiones-despues-de-un-accidente-automovilistico.jpg","type":"image\/jpeg"}],"twitter_card":"summary_large_image","twitter_misc":{"Tiempo de lectura":"4 minutos"},"schema":{"@context":"https:\/\/schema.org","@graph":[{"@type":"WebPage","@id":"https:\/\/thehometownlawyers.com\/es\/preguntas-frecuentes\/cuanto-tiempo-tomara-para-que-me-paguen-por-mis-lesiones-despues-de-un-accidente-automovilistico\/","url":"https:\/\/thehometownlawyers.com\/es\/preguntas-frecuentes\/cuanto-tiempo-tomara-para-que-me-paguen-por-mis-lesiones-despues-de-un-accidente-automovilistico\/","name":"\u00bfCu\u00e1nto tiempo se tarda en cobrar por un accidente automovil\u00edstico?","isPartOf":{"@id":"https:\/\/thehometownlawyers.com\/es\/#website"},"primaryImageOfPage":{"@id":"https:\/\/thehometownlawyers.com\/es\/preguntas-frecuentes\/cuanto-tiempo-tomara-para-que-me-paguen-por-mis-lesiones-despues-de-un-accidente-automovilistico\/#primaryimage"},"image":{"@id":"https:\/\/thehometownlawyers.com\/es\/preguntas-frecuentes\/cuanto-tiempo-tomara-para-que-me-paguen-por-mis-lesiones-despues-de-un-accidente-automovilistico\/#primaryimage"},"thumbnailUrl":"https:\/\/thehometownlawyers.com\/wp-content\/uploads\/2025\/03\/cuanto-tiempo-tomara-para-que-me-paguen-por-mis-lesiones-despues-de-un-accidente-automovilistico.jpg","datePublished":"2021-08-31T17:59:43+00:00","dateModified":"2025-03-24T17:44:16+00:00","description":"\u00bfCu\u00e1nto tiempo llevar\u00e1 pagar mis lesiones despu\u00e9s de un accidente automovil\u00edstico? Los accidentes directos se pueden resolver en cuesti\u00f3n de semanas.","breadcrumb":{"@id":"https:\/\/thehometownlawyers.com\/es\/preguntas-frecuentes\/cuanto-tiempo-tomara-para-que-me-paguen-por-mis-lesiones-despues-de-un-accidente-automovilistico\/#breadcrumb"},"inLanguage":"es","potentialAction":[{"@type":"ReadAction","target":["https:\/\/thehometownlawyers.com\/es\/preguntas-frecuentes\/cuanto-tiempo-tomara-para-que-me-paguen-por-mis-lesiones-despues-de-un-accidente-automovilistico\/"]}]},{"@type":"ImageObject","inLanguage":"es","@id":"https:\/\/thehometownlawyers.com\/es\/preguntas-frecuentes\/cuanto-tiempo-tomara-para-que-me-paguen-por-mis-lesiones-despues-de-un-accidente-automovilistico\/#primaryimage","url":"https:\/\/thehometownlawyers.com\/wp-content\/uploads\/2025\/03\/cuanto-tiempo-tomara-para-que-me-paguen-por-mis-lesiones-despues-de-un-accidente-automovilistico.jpg","contentUrl":"https:\/\/thehometownlawyers.com\/wp-content\/uploads\/2025\/03\/cuanto-tiempo-tomara-para-que-me-paguen-por-mis-lesiones-despues-de-un-accidente-automovilistico.jpg","width":768,"height":512,"caption":"Injured man near opened airbag in automobile after car accident."},{"@type":"BreadcrumbList","@id":"https:\/\/thehometownlawyers.com\/es\/preguntas-frecuentes\/cuanto-tiempo-tomara-para-que-me-paguen-por-mis-lesiones-despues-de-un-accidente-automovilistico\/#breadcrumb","itemListElement":[{"@type":"ListItem","position":1,"name":"Home","item":"https:\/\/thehometownlawyers.com\/es\/"},{"@type":"ListItem","position":2,"name":"Preguntas Frecuentes","item":"https:\/\/thehometownlawyers.com\/es\/preguntas-frecuentes\/"},{"@type":"ListItem","position":3,"name":"\u00bfCu\u00e1nto tiempo tomar\u00e1 para que me paguen por mis lesiones despu\u00e9s de un accidente automovil\u00edstico?"}]},{"@type":"WebSite","@id":"https:\/\/thehometownlawyers.com\/es\/#website","url":"https:\/\/thehometownlawyers.com\/es\/","name":"Kruger & Hodges Hometown Injury Lawyers | Accident Attorneys","description":"Attorneys for Car, Truck and Motorcycle Accidents, Personal Injuries, and Criminal Defense.","publisher":{"@id":"https:\/\/thehometownlawyers.com\/es\/#organization"},"alternateName":"Kruger & Hodges Personal Injury Lawyers","inLanguage":"es"},{"@type":"Organization","@id":"https:\/\/thehometownlawyers.com\/es\/#organization","name":"Kruger & Hodges Hometown Injury Lawyers","alternateName":"Kruger & Hodges","url":"https:\/\/thehometownlawyers.com\/es\/","logo":{"@type":"ImageObject","inLanguage":"es","@id":"https:\/\/thehometownlawyers.com\/es\/#\/schema\/logo\/image\/","url":"https:\/\/thehometownlawyers.com\/wp-content\/uploads\/2025\/12\/revised-kh-logo-vertical-white-background-scaled.png","contentUrl":"https:\/\/thehometownlawyers.com\/wp-content\/uploads\/2025\/12\/revised-kh-logo-vertical-white-background-scaled.png","width":2560,"height":1440,"caption":"Kruger & Hodges Hometown Injury Lawyers"},"image":{"@id":"https:\/\/thehometownlawyers.com\/es\/#\/schema\/logo\/image\/"},"sameAs":["https:\/\/www.facebook.com\/KrugerHodges\/","https:\/\/www.instagram.com\/krugerhodges\/","https:\/\/www.linkedin.com\/company\/kruger-hodges-hometown-injury-lawyers\/","https:\/\/www.youtube.com\/channel\/UCeYcMaMaN2rb9jMlqt4EIdQ","https:\/\/www.tiktok.com\/@thehometownlawyer"]}]}},"_links":{"self":[{"href":"https:\/\/thehometownlawyers.com\/es\/wp-json\/wp\/v2\/pages\/21009","targetHints":{"allow":["GET"]}}],"collection":[{"href":"https:\/\/thehometownlawyers.com\/es\/wp-json\/wp\/v2\/pages"}],"about":[{"href":"https:\/\/thehometownlawyers.com\/es\/wp-json\/wp\/v2\/types\/page"}],"author":[{"embeddable":true,"href":"https:\/\/thehometownlawyers.com\/es\/wp-json\/wp\/v2\/users\/7"}],"replies":[{"embeddable":true,"href":"https:\/\/thehometownlawyers.com\/es\/wp-json\/wp\/v2\/comments?post=21009"}],"version-history":[{"count":0,"href":"https:\/\/thehometownlawyers.com\/es\/wp-json\/wp\/v2\/pages\/21009\/revisions"}],"up":[{"embeddable":true,"href":"https:\/\/thehometownlawyers.com\/es\/wp-json\/wp\/v2\/pages\/20989"}],"wp:featuredmedia":[{"embeddable":true,"href":"https:\/\/thehometownlawyers.com\/es\/wp-json\/wp\/v2\/media\/24678"}],"wp:attachment":[{"href":"https:\/\/thehometownlawyers.com\/es\/wp-json\/wp\/v2\/media?parent=21009"}],"wp:term":[{"taxonomy":"hc_faqs","embeddable":true,"href":"https:\/\/thehometownlawyers.com\/es\/wp-json\/wp\/v2\/hc_faqs?post=21009"},{"taxonomy":"hc_spanish_faqs","embeddable":true,"href":"https:\/\/thehometownlawyers.com\/es\/wp-json\/wp\/v2\/hc_spanish_faqs?post=21009"}],"curies":[{"name":"wp","href":"https:\/\/api.w.org\/{rel}","templated":true}]}}