{"id":21011,"date":"2018-12-04T17:26:49","date_gmt":"2018-12-04T22:26:49","guid":{"rendered":"https:\/\/thehometownlawyers.com\/?post_type=faq&#038;p=21011"},"modified":"2025-01-30T18:44:44","modified_gmt":"2025-01-30T23:44:44","slug":"cual-es-el-estatuto-de-limitaciones-en-mi-caso-de-lesiones-personales","status":"publish","type":"page","link":"https:\/\/thehometownlawyers.com\/es\/preguntas-frecuentes\/cual-es-el-estatuto-de-limitaciones-en-mi-caso-de-lesiones-personales\/","title":{"rendered":"\u00bfCu\u00e1l es el estatuto de limitaciones en mi caso de lesiones personales?"},"content":{"rendered":"<p>Si bien es posible que haya escuchado el t\u00e9rmino antes, muchas personas est\u00e1n confundidas acerca de lo que significa para ellos un estatuto de limitaciones. Cada estado, as\u00ed como las agencias federales, establecen diferentes estatutos de limitaciones en varios delitos. Estos se refieren al per\u00edodo espec\u00edfico de tiempo que una persona tiene para emprender una acci\u00f3n legal. Si espera demasiado despu\u00e9s de un incidente para emprender acciones legales, es posible que se le proh\u00edba para siempre recibir una compensaci\u00f3n por sus p\u00e9rdidas. Por esta raz\u00f3n, si est\u00e1 interesado en presentar cualquier tipo de demanda por <a href=\"https:\/\/thehometownlawyers.com\/es\/\">lesiones personales<\/a> en Ohio, no debe dudar.<\/p>\n<h2>Estatuto de Limitaciones de Ohio<\/h2>\n<p>La <a href=\"https:\/\/codes.ohio.gov\/ohio-revised-code\/chapter-2305\">ley<\/a> de Ohio otorga a la mayor\u00eda de las demandas que involucran lesiones corporales, da\u00f1os a la propiedad personal o responsabilidad por productos defectuosos una ventana de dos a\u00f1os a partir de la causa de la acci\u00f3n para iniciar una acci\u00f3n legal. En este contexto, la causa de la acci\u00f3n se refiere al evento que condujo a la lesi\u00f3n o el momento en que descubri\u00f3 la lesi\u00f3n. A veces, la fecha de la causa de la acci\u00f3n no es evidente porque es posible que una persona no se d\u00e9 cuenta de inmediato de que sufri\u00f3 una lesi\u00f3n. Algunos de los ejemplos m\u00e1s comunes de esto incluyen la exposici\u00f3n a sustancias peligrosas como el asbesto y algunos tipos de <a href=\"https:\/\/thehometownlawyers.com\/es\/\">negligencia m\u00e9dica<\/a> . En estas situaciones, se considera que la causa de la acci\u00f3n es cuando un profesional m\u00e9dico le informa sobre su condici\u00f3n o cuando deber\u00eda saber razonablemente que sufri\u00f3 da\u00f1os debido a la exposici\u00f3n.<\/p>\n<p class=\"rs-content-cta rs-content-cta-small\">Para una consulta legal gratuita, llame al <a href=\"tel:+15138943333\">513-894-3333 <\/a><\/p><h2>Lo que significa doblar el estatuto de limitaciones<\/h2>\n<p>En algunas situaciones, es posible retrasar el inicio de la ventana de tiempo de las limitaciones de los estatutos, lo que se conoce como peaje. La ley de Ohio permite la suspensi\u00f3n del estatuto de limitaciones si usted es menor de edad o ha sido declarado mentalmente incompetente por un tribunal de justicia. En situaciones en las que una persona es menor de edad, el plazo de prescripci\u00f3n comenzar\u00e1 en el momento en que el menor cumpla 18 a\u00f1os. Cuando una persona es declarada mentalmente incompetente, la ventana del estatuto de limitaciones comenzar\u00e1 cuando \u00e9l o ella sean declarados mentalmente aptos. Otras leyes en Ohio permiten el peaje cuando la persona contra la que est\u00e1 iniciando una acci\u00f3n legal ha huido del \u00e1rea, est\u00e1 escondida o est\u00e1 fuera del estado. En estas situaciones, la ventana del estatuto de limitaciones no comenzar\u00e1 hasta que una persona sea localizada o regrese al \u00e1rea.<\/p>\n<h2>Hable con un abogado de lesiones personales hoy<\/h2>\n<p>Si result\u00f3 lesionado en un accidente automovil\u00edstico , o ha sufrido un tipo diferente de lesi\u00f3n, no debe dudar en emprender acciones legales porque, por lo general, solo tendr\u00e1 dos a\u00f1os a partir de la fecha del accidente para presentar un reclamo. En situaciones m\u00e1s complicadas, puede ser mucho m\u00e1s dif\u00edcil determinar cu\u00e1nto tiempo tiene para presentar su reclamo. En cualquier situaci\u00f3n, <a href=\"https:\/\/thehometownlawyers.com\/es\/contacto\/\">comun\u00edquese<\/a> hoy con un abogado de lesiones personales de Kruger &amp; Hodges para que podamos comenzar a tomar las medidas necesarias para garantizar que no pierda para siempre su derecho a buscar una compensaci\u00f3n despu\u00e9s de un accidente.<\/p>\n<p class=\"rs-content-cta rs-content-cta-small\">Llame o env\u00ede un mensaje de texto al <a href=\"tel:+15138943333\">513-894-3333<\/a> o complete una <a href=\"\/es\/contacto\/\">evaluaci\u00f3n gratuita de su caso<\/a><\/p>","protected":false},"excerpt":{"rendered":"<p>Si bien es posible que haya escuchado el t\u00e9rmino antes, muchas personas est\u00e1n confundidas acerca de lo que significa para ellos un estatuto de limitaciones. Cada estado, as\u00ed como las agencias federales, establecen diferentes estatutos de limitaciones en varios delitos. Estos se refieren al per\u00edodo espec\u00edfico de tiempo que una persona tiene para emprender una &#8230;<\/p>\n","protected":false},"author":7,"featured_media":20732,"parent":20989,"menu_order":0,"comment_status":"closed","ping_status":"closed","template":"","meta":{"_acf_changed":false,"inline_featured_image":false,"_genesis_hide_title":false,"_genesis_hide_breadcrumbs":false,"_genesis_hide_singular_image":false,"_genesis_hide_footer_widgets":false,"_genesis_custom_body_class":"","_genesis_custom_post_class":"","_genesis_layout":"","footnotes":""},"hc_faqs":[323],"hc_spanish_faqs":[],"class_list":{"0":"post-21011","1":"page","2":"type-page","3":"status-publish","4":"has-post-thumbnail","6":"hc_faqs-lesiones-personales","7":"entry"},"acf":[],"yoast_head":"<!-- This site is optimized with the Yoast SEO plugin v27.4 - https:\/\/yoast.com\/product\/yoast-seo-wordpress\/ -->\n<title>\u00bfCu\u00e1l es el estatuto de limitaciones en mi caso de lesiones personales? K&amp;H<\/title>\n<meta name=\"description\" content=\"Si result\u00f3 lesionado en un accidente, no debe dudar en emprender acciones legales porque, por lo general, solo tendr\u00e1 dos a\u00f1os a partir de la fecha del accidente para presentar un reclamo.\" \/>\n<meta name=\"robots\" content=\"index, follow, max-snippet:-1, max-image-preview:large, max-video-preview:-1\" \/>\n<link rel=\"canonical\" href=\"https:\/\/thehometownlawyers.com\/es\/preguntas-frecuentes\/cual-es-el-estatuto-de-limitaciones-en-mi-caso-de-lesiones-personales\/\" \/>\n<meta property=\"og:locale\" content=\"es_MX\" \/>\n<meta property=\"og:type\" content=\"article\" \/>\n<meta property=\"og:title\" content=\"\u00bfCu\u00e1l es el estatuto de limitaciones en mi caso de lesiones personales? K&amp;H\" \/>\n<meta property=\"og:description\" content=\"Si result\u00f3 lesionado en un accidente, no debe dudar en emprender acciones legales porque, por lo general, solo tendr\u00e1 dos a\u00f1os a partir de la fecha del accidente para presentar un reclamo.\" \/>\n<meta property=\"og:url\" content=\"https:\/\/thehometownlawyers.com\/es\/preguntas-frecuentes\/cual-es-el-estatuto-de-limitaciones-en-mi-caso-de-lesiones-personales\/\" \/>\n<meta property=\"og:site_name\" content=\"Kruger &amp; Hodges Abogados De Lesiones\" \/>\n<meta property=\"article:publisher\" content=\"https:\/\/www.facebook.com\/KrugerHodges\/\" \/>\n<meta property=\"article:modified_time\" content=\"2025-01-30T23:44:44+00:00\" \/>\n<meta property=\"og:image\" content=\"https:\/\/thehometownlawyers.com\/wp-content\/uploads\/2018\/12\/Picture-of-Time-Keeping-Devices-representing-the-Statue-of-Limitaitons.jpeg\" \/>\n\t<meta property=\"og:image:width\" content=\"640\" \/>\n\t<meta property=\"og:image:height\" content=\"426\" \/>\n\t<meta property=\"og:image:type\" content=\"image\/jpeg\" \/>\n<meta name=\"twitter:card\" content=\"summary_large_image\" \/>\n<meta name=\"twitter:label1\" content=\"Tiempo de lectura\" \/>\n\t<meta name=\"twitter:data1\" content=\"3 minutos\" \/>\n<script type=\"application\/ld+json\" class=\"yoast-schema-graph\">{\"@context\":\"https:\\\/\\\/schema.org\",\"@graph\":[{\"@type\":\"WebPage\",\"@id\":\"https:\\\/\\\/thehometownlawyers.com\\\/es\\\/preguntas-frecuentes\\\/cual-es-el-estatuto-de-limitaciones-en-mi-caso-de-lesiones-personales\\\/\",\"url\":\"https:\\\/\\\/thehometownlawyers.com\\\/es\\\/preguntas-frecuentes\\\/cual-es-el-estatuto-de-limitaciones-en-mi-caso-de-lesiones-personales\\\/\",\"name\":\"\u00bfCu\u00e1l es el estatuto de limitaciones en mi caso de lesiones personales? K&H\",\"isPartOf\":{\"@id\":\"https:\\\/\\\/thehometownlawyers.com\\\/es\\\/#website\"},\"primaryImageOfPage\":{\"@id\":\"https:\\\/\\\/thehometownlawyers.com\\\/es\\\/preguntas-frecuentes\\\/cual-es-el-estatuto-de-limitaciones-en-mi-caso-de-lesiones-personales\\\/#primaryimage\"},\"image\":{\"@id\":\"https:\\\/\\\/thehometownlawyers.com\\\/es\\\/preguntas-frecuentes\\\/cual-es-el-estatuto-de-limitaciones-en-mi-caso-de-lesiones-personales\\\/#primaryimage\"},\"thumbnailUrl\":\"https:\\\/\\\/thehometownlawyers.com\\\/wp-content\\\/uploads\\\/2018\\\/12\\\/Picture-of-Time-Keeping-Devices-representing-the-Statue-of-Limitaitons.jpeg\",\"datePublished\":\"2018-12-04T22:26:49+00:00\",\"dateModified\":\"2025-01-30T23:44:44+00:00\",\"description\":\"Si result\u00f3 lesionado en un accidente, no debe dudar en emprender acciones legales porque, por lo general, solo tendr\u00e1 dos a\u00f1os a partir de la fecha del accidente para presentar un reclamo.\",\"breadcrumb\":{\"@id\":\"https:\\\/\\\/thehometownlawyers.com\\\/es\\\/preguntas-frecuentes\\\/cual-es-el-estatuto-de-limitaciones-en-mi-caso-de-lesiones-personales\\\/#breadcrumb\"},\"inLanguage\":\"es\",\"potentialAction\":[{\"@type\":\"ReadAction\",\"target\":[\"https:\\\/\\\/thehometownlawyers.com\\\/es\\\/preguntas-frecuentes\\\/cual-es-el-estatuto-de-limitaciones-en-mi-caso-de-lesiones-personales\\\/\"]}]},{\"@type\":\"ImageObject\",\"inLanguage\":\"es\",\"@id\":\"https:\\\/\\\/thehometownlawyers.com\\\/es\\\/preguntas-frecuentes\\\/cual-es-el-estatuto-de-limitaciones-en-mi-caso-de-lesiones-personales\\\/#primaryimage\",\"url\":\"https:\\\/\\\/thehometownlawyers.com\\\/wp-content\\\/uploads\\\/2018\\\/12\\\/Picture-of-Time-Keeping-Devices-representing-the-Statue-of-Limitaitons.jpeg\",\"contentUrl\":\"https:\\\/\\\/thehometownlawyers.com\\\/wp-content\\\/uploads\\\/2018\\\/12\\\/Picture-of-Time-Keeping-Devices-representing-the-Statue-of-Limitaitons.jpeg\",\"width\":640,\"height\":426,\"caption\":\"\u00bfCu\u00e1l es el estatuto de limitaciones?\"},{\"@type\":\"BreadcrumbList\",\"@id\":\"https:\\\/\\\/thehometownlawyers.com\\\/es\\\/preguntas-frecuentes\\\/cual-es-el-estatuto-de-limitaciones-en-mi-caso-de-lesiones-personales\\\/#breadcrumb\",\"itemListElement\":[{\"@type\":\"ListItem\",\"position\":1,\"name\":\"Home\",\"item\":\"https:\\\/\\\/thehometownlawyers.com\\\/es\\\/\"},{\"@type\":\"ListItem\",\"position\":2,\"name\":\"Preguntas Frecuentes\",\"item\":\"https:\\\/\\\/thehometownlawyers.com\\\/es\\\/preguntas-frecuentes\\\/\"},{\"@type\":\"ListItem\",\"position\":3,\"name\":\"\u00bfCu\u00e1l es el estatuto de limitaciones en mi caso de lesiones personales?\"}]},{\"@type\":\"WebSite\",\"@id\":\"https:\\\/\\\/thehometownlawyers.com\\\/es\\\/#website\",\"url\":\"https:\\\/\\\/thehometownlawyers.com\\\/es\\\/\",\"name\":\"Kruger & Hodges Hometown Injury Lawyers | Accident Attorneys\",\"description\":\"Attorneys for Car, Truck and Motorcycle Accidents, Personal Injuries, and Criminal Defense.\",\"publisher\":{\"@id\":\"https:\\\/\\\/thehometownlawyers.com\\\/es\\\/#organization\"},\"alternateName\":\"Kruger & Hodges Personal Injury Lawyers\",\"inLanguage\":\"es\"},{\"@type\":\"Organization\",\"@id\":\"https:\\\/\\\/thehometownlawyers.com\\\/es\\\/#organization\",\"name\":\"Kruger & Hodges Hometown Injury Lawyers\",\"alternateName\":\"Kruger & Hodges\",\"url\":\"https:\\\/\\\/thehometownlawyers.com\\\/es\\\/\",\"logo\":{\"@type\":\"ImageObject\",\"inLanguage\":\"es\",\"@id\":\"https:\\\/\\\/thehometownlawyers.com\\\/es\\\/#\\\/schema\\\/logo\\\/image\\\/\",\"url\":\"https:\\\/\\\/thehometownlawyers.com\\\/wp-content\\\/uploads\\\/2025\\\/12\\\/revised-kh-logo-vertical-white-background-scaled.png\",\"contentUrl\":\"https:\\\/\\\/thehometownlawyers.com\\\/wp-content\\\/uploads\\\/2025\\\/12\\\/revised-kh-logo-vertical-white-background-scaled.png\",\"width\":2560,\"height\":1440,\"caption\":\"Kruger & Hodges Hometown Injury Lawyers\"},\"image\":{\"@id\":\"https:\\\/\\\/thehometownlawyers.com\\\/es\\\/#\\\/schema\\\/logo\\\/image\\\/\"},\"sameAs\":[\"https:\\\/\\\/www.facebook.com\\\/KrugerHodges\\\/\",\"https:\\\/\\\/www.instagram.com\\\/krugerhodges\\\/\",\"https:\\\/\\\/www.linkedin.com\\\/company\\\/kruger-hodges-hometown-injury-lawyers\\\/\",\"https:\\\/\\\/www.youtube.com\\\/channel\\\/UCeYcMaMaN2rb9jMlqt4EIdQ\",\"https:\\\/\\\/www.tiktok.com\\\/@thehometownlawyer\"]}]}<\/script>\n<!-- \/ Yoast SEO plugin. -->","yoast_head_json":{"title":"\u00bfCu\u00e1l es el estatuto de limitaciones en mi caso de lesiones personales? K&H","description":"Si result\u00f3 lesionado en un accidente, no debe dudar en emprender acciones legales porque, por lo general, solo tendr\u00e1 dos a\u00f1os a partir de la fecha del accidente para presentar un reclamo.","robots":{"index":"index","follow":"follow","max-snippet":"max-snippet:-1","max-image-preview":"max-image-preview:large","max-video-preview":"max-video-preview:-1"},"canonical":"https:\/\/thehometownlawyers.com\/es\/preguntas-frecuentes\/cual-es-el-estatuto-de-limitaciones-en-mi-caso-de-lesiones-personales\/","og_locale":"es_MX","og_type":"article","og_title":"\u00bfCu\u00e1l es el estatuto de limitaciones en mi caso de lesiones personales? K&H","og_description":"Si result\u00f3 lesionado en un accidente, no debe dudar en emprender acciones legales porque, por lo general, solo tendr\u00e1 dos a\u00f1os a partir de la fecha del accidente para presentar un reclamo.","og_url":"https:\/\/thehometownlawyers.com\/es\/preguntas-frecuentes\/cual-es-el-estatuto-de-limitaciones-en-mi-caso-de-lesiones-personales\/","og_site_name":"Kruger &amp; Hodges Abogados De Lesiones","article_publisher":"https:\/\/www.facebook.com\/KrugerHodges\/","article_modified_time":"2025-01-30T23:44:44+00:00","og_image":[{"width":640,"height":426,"url":"https:\/\/thehometownlawyers.com\/wp-content\/uploads\/2018\/12\/Picture-of-Time-Keeping-Devices-representing-the-Statue-of-Limitaitons.jpeg","type":"image\/jpeg"}],"twitter_card":"summary_large_image","twitter_misc":{"Tiempo de lectura":"3 minutos"},"schema":{"@context":"https:\/\/schema.org","@graph":[{"@type":"WebPage","@id":"https:\/\/thehometownlawyers.com\/es\/preguntas-frecuentes\/cual-es-el-estatuto-de-limitaciones-en-mi-caso-de-lesiones-personales\/","url":"https:\/\/thehometownlawyers.com\/es\/preguntas-frecuentes\/cual-es-el-estatuto-de-limitaciones-en-mi-caso-de-lesiones-personales\/","name":"\u00bfCu\u00e1l es el estatuto de limitaciones en mi caso de lesiones personales? K&H","isPartOf":{"@id":"https:\/\/thehometownlawyers.com\/es\/#website"},"primaryImageOfPage":{"@id":"https:\/\/thehometownlawyers.com\/es\/preguntas-frecuentes\/cual-es-el-estatuto-de-limitaciones-en-mi-caso-de-lesiones-personales\/#primaryimage"},"image":{"@id":"https:\/\/thehometownlawyers.com\/es\/preguntas-frecuentes\/cual-es-el-estatuto-de-limitaciones-en-mi-caso-de-lesiones-personales\/#primaryimage"},"thumbnailUrl":"https:\/\/thehometownlawyers.com\/wp-content\/uploads\/2018\/12\/Picture-of-Time-Keeping-Devices-representing-the-Statue-of-Limitaitons.jpeg","datePublished":"2018-12-04T22:26:49+00:00","dateModified":"2025-01-30T23:44:44+00:00","description":"Si result\u00f3 lesionado en un accidente, no debe dudar en emprender acciones legales porque, por lo general, solo tendr\u00e1 dos a\u00f1os a partir de la fecha del accidente para presentar un reclamo.","breadcrumb":{"@id":"https:\/\/thehometownlawyers.com\/es\/preguntas-frecuentes\/cual-es-el-estatuto-de-limitaciones-en-mi-caso-de-lesiones-personales\/#breadcrumb"},"inLanguage":"es","potentialAction":[{"@type":"ReadAction","target":["https:\/\/thehometownlawyers.com\/es\/preguntas-frecuentes\/cual-es-el-estatuto-de-limitaciones-en-mi-caso-de-lesiones-personales\/"]}]},{"@type":"ImageObject","inLanguage":"es","@id":"https:\/\/thehometownlawyers.com\/es\/preguntas-frecuentes\/cual-es-el-estatuto-de-limitaciones-en-mi-caso-de-lesiones-personales\/#primaryimage","url":"https:\/\/thehometownlawyers.com\/wp-content\/uploads\/2018\/12\/Picture-of-Time-Keeping-Devices-representing-the-Statue-of-Limitaitons.jpeg","contentUrl":"https:\/\/thehometownlawyers.com\/wp-content\/uploads\/2018\/12\/Picture-of-Time-Keeping-Devices-representing-the-Statue-of-Limitaitons.jpeg","width":640,"height":426,"caption":"\u00bfCu\u00e1l es el estatuto de limitaciones?"},{"@type":"BreadcrumbList","@id":"https:\/\/thehometownlawyers.com\/es\/preguntas-frecuentes\/cual-es-el-estatuto-de-limitaciones-en-mi-caso-de-lesiones-personales\/#breadcrumb","itemListElement":[{"@type":"ListItem","position":1,"name":"Home","item":"https:\/\/thehometownlawyers.com\/es\/"},{"@type":"ListItem","position":2,"name":"Preguntas Frecuentes","item":"https:\/\/thehometownlawyers.com\/es\/preguntas-frecuentes\/"},{"@type":"ListItem","position":3,"name":"\u00bfCu\u00e1l es el estatuto de limitaciones en mi caso de lesiones personales?"}]},{"@type":"WebSite","@id":"https:\/\/thehometownlawyers.com\/es\/#website","url":"https:\/\/thehometownlawyers.com\/es\/","name":"Kruger & Hodges Hometown Injury Lawyers | Accident Attorneys","description":"Attorneys for Car, Truck and Motorcycle Accidents, Personal Injuries, and Criminal Defense.","publisher":{"@id":"https:\/\/thehometownlawyers.com\/es\/#organization"},"alternateName":"Kruger & Hodges Personal Injury Lawyers","inLanguage":"es"},{"@type":"Organization","@id":"https:\/\/thehometownlawyers.com\/es\/#organization","name":"Kruger & Hodges Hometown Injury Lawyers","alternateName":"Kruger & Hodges","url":"https:\/\/thehometownlawyers.com\/es\/","logo":{"@type":"ImageObject","inLanguage":"es","@id":"https:\/\/thehometownlawyers.com\/es\/#\/schema\/logo\/image\/","url":"https:\/\/thehometownlawyers.com\/wp-content\/uploads\/2025\/12\/revised-kh-logo-vertical-white-background-scaled.png","contentUrl":"https:\/\/thehometownlawyers.com\/wp-content\/uploads\/2025\/12\/revised-kh-logo-vertical-white-background-scaled.png","width":2560,"height":1440,"caption":"Kruger & Hodges Hometown Injury Lawyers"},"image":{"@id":"https:\/\/thehometownlawyers.com\/es\/#\/schema\/logo\/image\/"},"sameAs":["https:\/\/www.facebook.com\/KrugerHodges\/","https:\/\/www.instagram.com\/krugerhodges\/","https:\/\/www.linkedin.com\/company\/kruger-hodges-hometown-injury-lawyers\/","https:\/\/www.youtube.com\/channel\/UCeYcMaMaN2rb9jMlqt4EIdQ","https:\/\/www.tiktok.com\/@thehometownlawyer"]}]}},"_links":{"self":[{"href":"https:\/\/thehometownlawyers.com\/es\/wp-json\/wp\/v2\/pages\/21011","targetHints":{"allow":["GET"]}}],"collection":[{"href":"https:\/\/thehometownlawyers.com\/es\/wp-json\/wp\/v2\/pages"}],"about":[{"href":"https:\/\/thehometownlawyers.com\/es\/wp-json\/wp\/v2\/types\/page"}],"author":[{"embeddable":true,"href":"https:\/\/thehometownlawyers.com\/es\/wp-json\/wp\/v2\/users\/7"}],"replies":[{"embeddable":true,"href":"https:\/\/thehometownlawyers.com\/es\/wp-json\/wp\/v2\/comments?post=21011"}],"version-history":[{"count":0,"href":"https:\/\/thehometownlawyers.com\/es\/wp-json\/wp\/v2\/pages\/21011\/revisions"}],"up":[{"embeddable":true,"href":"https:\/\/thehometownlawyers.com\/es\/wp-json\/wp\/v2\/pages\/20989"}],"wp:featuredmedia":[{"embeddable":true,"href":"https:\/\/thehometownlawyers.com\/es\/wp-json\/wp\/v2\/media\/20732"}],"wp:attachment":[{"href":"https:\/\/thehometownlawyers.com\/es\/wp-json\/wp\/v2\/media?parent=21011"}],"wp:term":[{"taxonomy":"hc_faqs","embeddable":true,"href":"https:\/\/thehometownlawyers.com\/es\/wp-json\/wp\/v2\/hc_faqs?post=21011"},{"taxonomy":"hc_spanish_faqs","embeddable":true,"href":"https:\/\/thehometownlawyers.com\/es\/wp-json\/wp\/v2\/hc_spanish_faqs?post=21011"}],"curies":[{"name":"wp","href":"https:\/\/api.w.org\/{rel}","templated":true}]}}