{"id":21012,"date":"2021-09-14T09:33:13","date_gmt":"2021-09-14T13:33:13","guid":{"rendered":"https:\/\/thehometownlawyers.com\/?post_type=faq&#038;p=21012"},"modified":"2025-03-24T12:27:09","modified_gmt":"2025-03-24T16:27:09","slug":"que-es-una-colision-trasera","status":"publish","type":"page","link":"https:\/\/thehometownlawyers.com\/es\/preguntas-frecuentes\/que-es-una-colision-trasera\/","title":{"rendered":"\u00bfQu\u00e9 es una colisi\u00f3n trasera?"},"content":{"rendered":"<p><strong>\u00bfQu\u00e9 es una colisi\u00f3n trasera? <\/strong>Una colisi\u00f3n trasera ocurre cuando un veh\u00edculo choca contra el veh\u00edculo que tiene delante. Si bien los accidentes traseros pueden variar desde un simple choque con un guardabarros hasta una colisi\u00f3n peligrosa, ocurren por varias razones. El conductor trasero conduce demasiado cerca del conductor delantero. El conductor trasero conduce distra\u00eddo, por ejemplo, enviando mensajes de texto y no presta suficiente atenci\u00f3n al tr\u00e1fico. Los conductores sin experiencia, las carreteras mal pavimentadas y el clima h\u00famedo tambi\u00e9n pueden ser responsables de las colisiones traseras. Un abogado de accidentes con experiencia en colisiones traseras puede luchar para asegurarse de que reciba un trato justo.<\/p>\n<h3>Estad\u00edsticas de colisi\u00f3n trasera<\/h3>\n<p>Seg\u00fan el <a href=\"https:\/\/www.transportation.ohio.gov\/wps\/portal\/gov\/odot\/\" target=\"_blank\" rel=\"noopener\">Departamento de Transporte de Ohio<\/a> , las colisiones traseras se encuentran entre los cinco tipos m\u00e1s comunes de accidentes automovil\u00edsticos. Se informaron 609 colisiones traseras en Ohio en 2020, con 80 muertes y 654 lesiones graves.<\/p>\n<h2>\u00bfQu\u00e9 le sucede a su cuerpo debido a una colisi\u00f3n trasera?<\/h2>\n<p>Cuando dos veh\u00edculos chocan inesperadamente, el impulso del veh\u00edculo pasa a los pasajeros del autom\u00f3vil de adelante. Independientemente de la velocidad, los pasajeros avanzan y retroceden muy r\u00e1pidamente. El peso del veh\u00edculo combinado con su velocidad determina la fuerza con la que se golpear\u00e1 el coche delantero, lo que significa que cuanto mayor sea la velocidad y m\u00e1s grande sea el veh\u00edculo, m\u00e1s fuerte ser\u00e1 el impacto. Esto puede causar lesiones graves en el cuello, la espalda y la columna vertebral.<\/p>\n<p class=\"rs-content-cta rs-content-cta-small\">Para una consulta legal gratuita, llame al <a href=\"tel:+15138943333\">513-894-3333 <\/a><\/p><h2>\u00bfQu\u00e9 es el latigazo cervical?<\/h2>\n<p>La lesi\u00f3n m\u00e1s com\u00fan causada por una colisi\u00f3n trasera es el latigazo cervical. El latigazo cervical es una lesi\u00f3n grave en el cuello causada por un movimiento potente y r\u00e1pido del cuello hacia adelante y hacia atr\u00e1s. El latigazo cervical a menudo se denomina esguince de cuello o distensi\u00f3n del cuello, aunque esto no describe la totalidad de la lesi\u00f3n. Las lesiones por latigazo cervical pueden variar desde unos pocos d\u00edas o semanas de incomodidad hasta dolor de cuello cr\u00f3nico.<\/p>\n<p>Seg\u00fan la <a href=\"https:\/\/www.mayoclinic.org\/\" target=\"_blank\" rel=\"noopener\">Cl\u00ednica Mayo<\/a> , los s\u00edntomas del latigazo cervical que aparecen a los pocos d\u00edas de la lesi\u00f3n incluyen:<\/p>\n<ul>\n<li>Dolor de cuello y rigidez<\/li>\n<li>Empeoramiento del dolor con el movimiento del cuello.<\/li>\n<li>P\u00e9rdida de rango de movimiento en el cuello.<\/li>\n<li>Dolores de cabeza, principalmente comenzando en la base del cr\u00e1neo<\/li>\n<li>Sensibilidad o dolor en el hombro, la parte superior de la espalda o los brazos<\/li>\n<li>Hormigueo o entumecimiento en los brazos<\/li>\n<li>Fatiga<\/li>\n<li>Mareo<\/li>\n<\/ul>\n<p>Otros s\u00edntomas que pueden aparecer instant\u00e1neamente o con el tiempo incluyen:<\/p>\n<ul>\n<li>Visi\u00f3n borrosa<\/li>\n<li>Zumbido en los o\u00eddos<\/li>\n<li>Trastornos del sue\u00f1o<\/li>\n<li>Irritabilidad<\/li>\n<li>Dificultad para concentrarse<\/li>\n<li>Problemas de memoria<\/li>\n<li><a href=\"https:\/\/thehometownlawyers.com\/es\/blog\/salud-mental-despues-de-un-accidente-automovilistico\/\">Depresi\u00f3n<\/a><\/li>\n<\/ul>\n<h3>Tratamientos para el latigazo cervical<\/h3>\n<p>El latigazo cervical no es una lesi\u00f3n simple de diagnosticar. Un m\u00e9dico le preguntar\u00e1 qu\u00e9 ha causado la molestia en su cuello y qu\u00e9 tan bien est\u00e1 funcionando a diario. Un m\u00e9dico realizar\u00e1 un examen al monitorear el movimiento en su cuello, hombros y espalda, buscando sensibilidad y controlando sus reflejos. Es posible que se soliciten pruebas de im\u00e1genes, como radiograf\u00edas, tomograf\u00edas computarizadas (TC) o resonancias magn\u00e9ticas (RMN) para descartar otras lesiones o afecciones.<\/p>\n<p>Una vez que su lesi\u00f3n ha sido declarada como latigazo cervical, el objetivo del tratamiento es que vuelva a sus actividades cotidianas manteniendo el dolor manejable y asegur\u00e1ndose de que su cuello pueda volver a su rango de movimiento original. Para controlar el dolor, un m\u00e9dico puede recomendar uno o varios tratamientos que incluyen reposo, colocar calor o hielo en el cuello cada pocas horas o analg\u00e9sicos de venta libre. Para el latigazo cervical m\u00e1s severo, es posible que necesite medicamentos recetados, relajantes musculares para aflojar los m\u00fasculos tensos o incluso inyecciones de un medicamento anest\u00e9sico. Lo m\u00e1s probable es que los m\u00e9dicos tambi\u00e9n recomienden ciertos estiramientos para cualquier gravedad del latigazo cervical y agreguen fisioterapia para los casos m\u00e1s graves. En ciertas situaciones, tambi\u00e9n podr\u00eda ser beneficioso usar collares de espuma.<\/p>\n<h2>\u00bfQu\u00e9 le puede pasar a tu auto?<\/h2>\n<p>Independientemente de d\u00f3nde haya sido golpeado su autom\u00f3vil en una colisi\u00f3n trasera, su autom\u00f3vil puede sufrir da\u00f1os graves. Los parachoques pueden caerse. El veh\u00edculo puede sufrir problemas de alineaci\u00f3n, suspensi\u00f3n o problemas el\u00e9ctricos, o incluso da\u00f1os en el motor. Estos da\u00f1os deben examinarse y repararse lo antes posible para evitar m\u00e1s da\u00f1os y lesiones.<\/p>\n<h3>\u00bfC\u00f3mo est\u00e1 ayudando la tecnolog\u00eda?<\/h3>\n<p>En los \u00faltimos a\u00f1os, la nueva tecnolog\u00eda ha disminuido la cantidad de colisiones traseras en todo el pa\u00eds. Esta tecnolog\u00eda se ha introducido constantemente en toda la industria del autom\u00f3vil.<\/p>\n<p>Estas tecnolog\u00edas \u00fatiles incluyen sistemas autom\u00e1ticos de frenado de emergencia. Los s\u00edntomas autom\u00e1ticos de frenado de emergencia detectan otros veh\u00edculos en las inmediaciones y, a veces, incluso peatones y ciclistas. Funcionan autom\u00e1ticamente y hacen que el autom\u00f3vil frene o disminuya la velocidad ante una colisi\u00f3n inminente. Las c\u00e1maras traseras tambi\u00e9n evitan colisiones traseras. Funcionan al permitirle ver lo que viene detr\u00e1s de usted. Los FCS (sistemas de colisi\u00f3n frontal) utilizan un radar para mantener su autom\u00f3vil a una distancia segura entre usted y el veh\u00edculo que est\u00e1 directamente frente a usted. Tener estos sistemas disponibles en su autom\u00f3vil podr\u00eda evitar que tenga un accidente por alcance.<\/p>\n<h3>\u00bfQui\u00e9n es responsable?<\/h3>\n<p>El conductor trasero es generalmente responsable de las colisiones traseras. De acuerdo con la ley de Ohio, ninguna persona debe operar un veh\u00edculo en y sobre una calle o carretera a una velocidad que le permita detenerlo dentro de la distancia libre asegurada por delante. Esto significa que el conductor trasero tiene la responsabilidad de asegurarse de que haya suficiente espacio entre su coche y el coche de delante en todo momento. Los conductores traseros, como todos los conductores, no deben conducir distra\u00eddos ni seguir de cerca al autom\u00f3vil que est\u00e1 delante de ellos.<\/p>\n<p>Ohio Rev. C\u00f3digo Ann. \u00a74511.21<\/p>\n<h3>Da\u00f1os y perjuicios<\/h3>\n<p>Si result\u00f3 lesionado debido a una colisi\u00f3n trasera y no es responsable, se le debe una compensaci\u00f3n financiera. Por dolor y sufrimiento, los da\u00f1os generalmente pueden ser tres veces la cantidad de la p\u00e9rdida econ\u00f3mica. Las p\u00e9rdidas econ\u00f3micas y los da\u00f1os compensatorios incluyen salarios perdidos, gastos m\u00e9dicos y reparaciones de autom\u00f3viles. Si el da\u00f1o de la lesi\u00f3n es permanente, la compensaci\u00f3n puede ser a\u00fan mayor.<\/p>\n<p class=\"rs-content-cta rs-content-cta-small\"><a href=\"\/es\/contacto\/\">Haga clic para contactar<\/a> con nuestros  abogados hoy<\/p><h2>\u00bfQu\u00e9 hacer si est\u00e1 involucrado en una colisi\u00f3n trasera?<\/h2>\n<p>Los accidentes traseros son comunes. Si ha estado involucrado en un accidente automovil\u00edstico trasero, primero aseg\u00farese de estar bien f\u00edsicamente. Si experimenta dolor, llame al 911 y busque atenci\u00f3n m\u00e9dica de inmediato. Mire el auto, anotando y tomando fotograf\u00edas de lo que ha sido golpeado y d\u00f3nde. Obtenga la informaci\u00f3n del seguro del otro conductor y llame a la polic\u00eda para que puedan presentar un informe. Esto ser\u00e1 importante al obtener la compensaci\u00f3n adecuada por da\u00f1os para usted y su autom\u00f3vil. Luego, llame a un <a href=\"https:\/\/thehometownlawyers.com\/es\/\">abogado de lesiones personales<\/a> que pueda ayudarlo a obtener la compensaci\u00f3n que merece.<\/p>\n<h3><em>Enlaces relacionados:<br \/>\n<\/em><\/h3>\n<p><a href=\"https:\/\/thehometownlawyers.com\/es\/\">Abogados de Lesiones Personales de Hamilton, OH<\/a><br \/>\nAccidentes automovil\u00edsticos en Hamilton<br \/>\n<a href=\"https:\/\/thehometownlawyers.com\/es\/\">Accidentes de motocicleta en Hamilton, OH<\/a><br \/>\nAccidentes de peatones en Hamilton, OH<br \/>\nAbogados de accidentes de Uber<br \/>\n<a href=\"https:\/\/thehometownlawyers.com\/es\/\">Accidentes de camiones en Hamilton, OH<\/a><br \/>\nAccidentes de conducci\u00f3n distra\u00eddos<br \/>\n<a href=\"https:\/\/thehometownlawyers.com\/es\/\">Heridas en la cabeza<\/a><br \/>\nLesiones de la m\u00e9dula<br \/>\nCicatrizaci\u00f3n debido a accidentes automovil\u00edsticos<br \/>\nPreguntas frecuentes: \u00bfHa cambiado el estatuto de limitaciones para los accidentes automovil\u00edsticos?<br \/>\nPreguntas frecuentes: \u00bfDebo ir a Atenci\u00f3n de Urgencias despu\u00e9s de un accidente automovil\u00edstico?<\/p>\n<p class=\"rs-content-cta rs-content-cta-small\">Llame o env\u00ede un mensaje de texto al <a href=\"tel:+15138943333\">513-894-3333<\/a> o complete una <a href=\"\/es\/contacto\/\">evaluaci\u00f3n gratuita de su caso<\/a><\/p>","protected":false},"excerpt":{"rendered":"<p>\u00bfQu\u00e9 es una colisi\u00f3n trasera? Una colisi\u00f3n trasera ocurre cuando un veh\u00edculo choca contra el veh\u00edculo que tiene delante. Si bien los accidentes traseros pueden variar desde un simple choque con un guardabarros hasta una colisi\u00f3n peligrosa, ocurren por varias razones. El conductor trasero conduce demasiado cerca del conductor delantero. El conductor trasero conduce distra\u00eddo, &#8230;<\/p>\n","protected":false},"author":7,"featured_media":24581,"parent":20989,"menu_order":0,"comment_status":"closed","ping_status":"closed","template":"","meta":{"_acf_changed":false,"inline_featured_image":false,"_genesis_hide_title":false,"_genesis_hide_breadcrumbs":false,"_genesis_hide_singular_image":false,"_genesis_hide_footer_widgets":false,"_genesis_custom_body_class":"","_genesis_custom_post_class":"","_genesis_layout":"","footnotes":""},"hc_faqs":[316],"hc_spanish_faqs":[],"class_list":{"0":"post-21012","1":"page","2":"type-page","3":"status-publish","4":"has-post-thumbnail","6":"hc_faqs-accidente-de-automovilismo","7":"entry"},"acf":[],"yoast_head":"<!-- This site is optimized with the Yoast SEO plugin v27.3 - https:\/\/yoast.com\/product\/yoast-seo-wordpress\/ -->\n<title>\u00bfQu\u00e9 es una colisi\u00f3n trasera?: Consulta gratuita<\/title>\n<meta name=\"description\" content=\"\u00bfQu\u00e9 es una colisi\u00f3n trasera? Seg\u00fan el Departamento de Transporte de Ohio, las colisiones traseras se encuentran entre los cinco tipos m\u00e1s comunes de accidentes automovil\u00edsticos.\" \/>\n<meta name=\"robots\" content=\"index, follow, max-snippet:-1, max-image-preview:large, max-video-preview:-1\" \/>\n<link rel=\"canonical\" href=\"https:\/\/thehometownlawyers.com\/es\/preguntas-frecuentes\/que-es-una-colision-trasera\/\" \/>\n<meta property=\"og:locale\" content=\"es_MX\" \/>\n<meta property=\"og:type\" content=\"article\" \/>\n<meta property=\"og:title\" content=\"\u00bfQu\u00e9 es una colisi\u00f3n trasera?: Consulta gratuita\" \/>\n<meta property=\"og:description\" content=\"\u00bfQu\u00e9 es una colisi\u00f3n trasera? Seg\u00fan el Departamento de Transporte de Ohio, las colisiones traseras se encuentran entre los cinco tipos m\u00e1s comunes de accidentes automovil\u00edsticos.\" \/>\n<meta property=\"og:url\" content=\"https:\/\/thehometownlawyers.com\/es\/preguntas-frecuentes\/que-es-una-colision-trasera\/\" \/>\n<meta property=\"og:site_name\" content=\"Kruger &amp; Hodges Abogados De Lesiones\" \/>\n<meta property=\"article:publisher\" content=\"https:\/\/www.facebook.com\/KrugerHodges\/\" \/>\n<meta property=\"article:modified_time\" content=\"2025-03-24T16:27:09+00:00\" \/>\n<meta property=\"og:image\" content=\"https:\/\/thehometownlawyers.com\/wp-content\/uploads\/2025\/03\/que-es-una-colision-trasera.jpg\" \/>\n\t<meta property=\"og:image:width\" content=\"768\" \/>\n\t<meta property=\"og:image:height\" content=\"512\" \/>\n\t<meta property=\"og:image:type\" content=\"image\/jpeg\" \/>\n<meta name=\"twitter:card\" content=\"summary_large_image\" \/>\n<meta name=\"twitter:label1\" content=\"Tiempo de lectura\" \/>\n\t<meta name=\"twitter:data1\" content=\"6 minutos\" \/>\n<script type=\"application\/ld+json\" class=\"yoast-schema-graph\">{\"@context\":\"https:\\\/\\\/schema.org\",\"@graph\":[{\"@type\":\"WebPage\",\"@id\":\"https:\\\/\\\/thehometownlawyers.com\\\/es\\\/preguntas-frecuentes\\\/que-es-una-colision-trasera\\\/\",\"url\":\"https:\\\/\\\/thehometownlawyers.com\\\/es\\\/preguntas-frecuentes\\\/que-es-una-colision-trasera\\\/\",\"name\":\"\u00bfQu\u00e9 es una colisi\u00f3n trasera?: Consulta gratuita\",\"isPartOf\":{\"@id\":\"https:\\\/\\\/thehometownlawyers.com\\\/es\\\/#website\"},\"primaryImageOfPage\":{\"@id\":\"https:\\\/\\\/thehometownlawyers.com\\\/es\\\/preguntas-frecuentes\\\/que-es-una-colision-trasera\\\/#primaryimage\"},\"image\":{\"@id\":\"https:\\\/\\\/thehometownlawyers.com\\\/es\\\/preguntas-frecuentes\\\/que-es-una-colision-trasera\\\/#primaryimage\"},\"thumbnailUrl\":\"https:\\\/\\\/thehometownlawyers.com\\\/wp-content\\\/uploads\\\/2025\\\/03\\\/que-es-una-colision-trasera.jpg\",\"datePublished\":\"2021-09-14T13:33:13+00:00\",\"dateModified\":\"2025-03-24T16:27:09+00:00\",\"description\":\"\u00bfQu\u00e9 es una colisi\u00f3n trasera? Seg\u00fan el Departamento de Transporte de Ohio, las colisiones traseras se encuentran entre los cinco tipos m\u00e1s comunes de accidentes automovil\u00edsticos.\",\"breadcrumb\":{\"@id\":\"https:\\\/\\\/thehometownlawyers.com\\\/es\\\/preguntas-frecuentes\\\/que-es-una-colision-trasera\\\/#breadcrumb\"},\"inLanguage\":\"es\",\"potentialAction\":[{\"@type\":\"ReadAction\",\"target\":[\"https:\\\/\\\/thehometownlawyers.com\\\/es\\\/preguntas-frecuentes\\\/que-es-una-colision-trasera\\\/\"]}]},{\"@type\":\"ImageObject\",\"inLanguage\":\"es\",\"@id\":\"https:\\\/\\\/thehometownlawyers.com\\\/es\\\/preguntas-frecuentes\\\/que-es-una-colision-trasera\\\/#primaryimage\",\"url\":\"https:\\\/\\\/thehometownlawyers.com\\\/wp-content\\\/uploads\\\/2025\\\/03\\\/que-es-una-colision-trasera.jpg\",\"contentUrl\":\"https:\\\/\\\/thehometownlawyers.com\\\/wp-content\\\/uploads\\\/2025\\\/03\\\/que-es-una-colision-trasera.jpg\",\"width\":768,\"height\":512,\"caption\":\"Two cars involved in traffic accident on side of the road with damage to bonnet and fender.\"},{\"@type\":\"BreadcrumbList\",\"@id\":\"https:\\\/\\\/thehometownlawyers.com\\\/es\\\/preguntas-frecuentes\\\/que-es-una-colision-trasera\\\/#breadcrumb\",\"itemListElement\":[{\"@type\":\"ListItem\",\"position\":1,\"name\":\"Home\",\"item\":\"https:\\\/\\\/thehometownlawyers.com\\\/es\\\/\"},{\"@type\":\"ListItem\",\"position\":2,\"name\":\"Preguntas Frecuentes\",\"item\":\"https:\\\/\\\/thehometownlawyers.com\\\/es\\\/preguntas-frecuentes\\\/\"},{\"@type\":\"ListItem\",\"position\":3,\"name\":\"\u00bfQu\u00e9 es una colisi\u00f3n trasera?\"}]},{\"@type\":\"WebSite\",\"@id\":\"https:\\\/\\\/thehometownlawyers.com\\\/es\\\/#website\",\"url\":\"https:\\\/\\\/thehometownlawyers.com\\\/es\\\/\",\"name\":\"Kruger & Hodges Hometown Injury Lawyers | Accident Attorneys\",\"description\":\"Attorneys for Car, Truck and Motorcycle Accidents, Personal Injuries, and Criminal Defense.\",\"publisher\":{\"@id\":\"https:\\\/\\\/thehometownlawyers.com\\\/es\\\/#organization\"},\"alternateName\":\"Kruger & Hodges Personal Injury Lawyers\",\"inLanguage\":\"es\"},{\"@type\":\"Organization\",\"@id\":\"https:\\\/\\\/thehometownlawyers.com\\\/es\\\/#organization\",\"name\":\"Kruger & Hodges Hometown Injury Lawyers\",\"alternateName\":\"Kruger & Hodges\",\"url\":\"https:\\\/\\\/thehometownlawyers.com\\\/es\\\/\",\"logo\":{\"@type\":\"ImageObject\",\"inLanguage\":\"es\",\"@id\":\"https:\\\/\\\/thehometownlawyers.com\\\/es\\\/#\\\/schema\\\/logo\\\/image\\\/\",\"url\":\"https:\\\/\\\/thehometownlawyers.com\\\/wp-content\\\/uploads\\\/2025\\\/12\\\/revised-kh-logo-vertical-white-background-scaled.png\",\"contentUrl\":\"https:\\\/\\\/thehometownlawyers.com\\\/wp-content\\\/uploads\\\/2025\\\/12\\\/revised-kh-logo-vertical-white-background-scaled.png\",\"width\":2560,\"height\":1440,\"caption\":\"Kruger & Hodges Hometown Injury Lawyers\"},\"image\":{\"@id\":\"https:\\\/\\\/thehometownlawyers.com\\\/es\\\/#\\\/schema\\\/logo\\\/image\\\/\"},\"sameAs\":[\"https:\\\/\\\/www.facebook.com\\\/KrugerHodges\\\/\",\"https:\\\/\\\/www.instagram.com\\\/krugerhodges\\\/\",\"https:\\\/\\\/www.linkedin.com\\\/company\\\/kruger-hodges-hometown-injury-lawyers\\\/\",\"https:\\\/\\\/www.youtube.com\\\/channel\\\/UCeYcMaMaN2rb9jMlqt4EIdQ\",\"https:\\\/\\\/www.tiktok.com\\\/@thehometownlawyer\"]}]}<\/script>\n<!-- \/ Yoast SEO plugin. -->","yoast_head_json":{"title":"\u00bfQu\u00e9 es una colisi\u00f3n trasera?: Consulta gratuita","description":"\u00bfQu\u00e9 es una colisi\u00f3n trasera? Seg\u00fan el Departamento de Transporte de Ohio, las colisiones traseras se encuentran entre los cinco tipos m\u00e1s comunes de accidentes automovil\u00edsticos.","robots":{"index":"index","follow":"follow","max-snippet":"max-snippet:-1","max-image-preview":"max-image-preview:large","max-video-preview":"max-video-preview:-1"},"canonical":"https:\/\/thehometownlawyers.com\/es\/preguntas-frecuentes\/que-es-una-colision-trasera\/","og_locale":"es_MX","og_type":"article","og_title":"\u00bfQu\u00e9 es una colisi\u00f3n trasera?: Consulta gratuita","og_description":"\u00bfQu\u00e9 es una colisi\u00f3n trasera? Seg\u00fan el Departamento de Transporte de Ohio, las colisiones traseras se encuentran entre los cinco tipos m\u00e1s comunes de accidentes automovil\u00edsticos.","og_url":"https:\/\/thehometownlawyers.com\/es\/preguntas-frecuentes\/que-es-una-colision-trasera\/","og_site_name":"Kruger &amp; Hodges Abogados De Lesiones","article_publisher":"https:\/\/www.facebook.com\/KrugerHodges\/","article_modified_time":"2025-03-24T16:27:09+00:00","og_image":[{"width":768,"height":512,"url":"https:\/\/thehometownlawyers.com\/wp-content\/uploads\/2025\/03\/que-es-una-colision-trasera.jpg","type":"image\/jpeg"}],"twitter_card":"summary_large_image","twitter_misc":{"Tiempo de lectura":"6 minutos"},"schema":{"@context":"https:\/\/schema.org","@graph":[{"@type":"WebPage","@id":"https:\/\/thehometownlawyers.com\/es\/preguntas-frecuentes\/que-es-una-colision-trasera\/","url":"https:\/\/thehometownlawyers.com\/es\/preguntas-frecuentes\/que-es-una-colision-trasera\/","name":"\u00bfQu\u00e9 es una colisi\u00f3n trasera?: Consulta gratuita","isPartOf":{"@id":"https:\/\/thehometownlawyers.com\/es\/#website"},"primaryImageOfPage":{"@id":"https:\/\/thehometownlawyers.com\/es\/preguntas-frecuentes\/que-es-una-colision-trasera\/#primaryimage"},"image":{"@id":"https:\/\/thehometownlawyers.com\/es\/preguntas-frecuentes\/que-es-una-colision-trasera\/#primaryimage"},"thumbnailUrl":"https:\/\/thehometownlawyers.com\/wp-content\/uploads\/2025\/03\/que-es-una-colision-trasera.jpg","datePublished":"2021-09-14T13:33:13+00:00","dateModified":"2025-03-24T16:27:09+00:00","description":"\u00bfQu\u00e9 es una colisi\u00f3n trasera? Seg\u00fan el Departamento de Transporte de Ohio, las colisiones traseras se encuentran entre los cinco tipos m\u00e1s comunes de accidentes automovil\u00edsticos.","breadcrumb":{"@id":"https:\/\/thehometownlawyers.com\/es\/preguntas-frecuentes\/que-es-una-colision-trasera\/#breadcrumb"},"inLanguage":"es","potentialAction":[{"@type":"ReadAction","target":["https:\/\/thehometownlawyers.com\/es\/preguntas-frecuentes\/que-es-una-colision-trasera\/"]}]},{"@type":"ImageObject","inLanguage":"es","@id":"https:\/\/thehometownlawyers.com\/es\/preguntas-frecuentes\/que-es-una-colision-trasera\/#primaryimage","url":"https:\/\/thehometownlawyers.com\/wp-content\/uploads\/2025\/03\/que-es-una-colision-trasera.jpg","contentUrl":"https:\/\/thehometownlawyers.com\/wp-content\/uploads\/2025\/03\/que-es-una-colision-trasera.jpg","width":768,"height":512,"caption":"Two cars involved in traffic accident on side of the road with damage to bonnet and fender."},{"@type":"BreadcrumbList","@id":"https:\/\/thehometownlawyers.com\/es\/preguntas-frecuentes\/que-es-una-colision-trasera\/#breadcrumb","itemListElement":[{"@type":"ListItem","position":1,"name":"Home","item":"https:\/\/thehometownlawyers.com\/es\/"},{"@type":"ListItem","position":2,"name":"Preguntas Frecuentes","item":"https:\/\/thehometownlawyers.com\/es\/preguntas-frecuentes\/"},{"@type":"ListItem","position":3,"name":"\u00bfQu\u00e9 es una colisi\u00f3n trasera?"}]},{"@type":"WebSite","@id":"https:\/\/thehometownlawyers.com\/es\/#website","url":"https:\/\/thehometownlawyers.com\/es\/","name":"Kruger & Hodges Hometown Injury Lawyers | Accident Attorneys","description":"Attorneys for Car, Truck and Motorcycle Accidents, Personal Injuries, and Criminal Defense.","publisher":{"@id":"https:\/\/thehometownlawyers.com\/es\/#organization"},"alternateName":"Kruger & Hodges Personal Injury Lawyers","inLanguage":"es"},{"@type":"Organization","@id":"https:\/\/thehometownlawyers.com\/es\/#organization","name":"Kruger & Hodges Hometown Injury Lawyers","alternateName":"Kruger & Hodges","url":"https:\/\/thehometownlawyers.com\/es\/","logo":{"@type":"ImageObject","inLanguage":"es","@id":"https:\/\/thehometownlawyers.com\/es\/#\/schema\/logo\/image\/","url":"https:\/\/thehometownlawyers.com\/wp-content\/uploads\/2025\/12\/revised-kh-logo-vertical-white-background-scaled.png","contentUrl":"https:\/\/thehometownlawyers.com\/wp-content\/uploads\/2025\/12\/revised-kh-logo-vertical-white-background-scaled.png","width":2560,"height":1440,"caption":"Kruger & Hodges Hometown Injury Lawyers"},"image":{"@id":"https:\/\/thehometownlawyers.com\/es\/#\/schema\/logo\/image\/"},"sameAs":["https:\/\/www.facebook.com\/KrugerHodges\/","https:\/\/www.instagram.com\/krugerhodges\/","https:\/\/www.linkedin.com\/company\/kruger-hodges-hometown-injury-lawyers\/","https:\/\/www.youtube.com\/channel\/UCeYcMaMaN2rb9jMlqt4EIdQ","https:\/\/www.tiktok.com\/@thehometownlawyer"]}]}},"_links":{"self":[{"href":"https:\/\/thehometownlawyers.com\/es\/wp-json\/wp\/v2\/pages\/21012","targetHints":{"allow":["GET"]}}],"collection":[{"href":"https:\/\/thehometownlawyers.com\/es\/wp-json\/wp\/v2\/pages"}],"about":[{"href":"https:\/\/thehometownlawyers.com\/es\/wp-json\/wp\/v2\/types\/page"}],"author":[{"embeddable":true,"href":"https:\/\/thehometownlawyers.com\/es\/wp-json\/wp\/v2\/users\/7"}],"replies":[{"embeddable":true,"href":"https:\/\/thehometownlawyers.com\/es\/wp-json\/wp\/v2\/comments?post=21012"}],"version-history":[{"count":0,"href":"https:\/\/thehometownlawyers.com\/es\/wp-json\/wp\/v2\/pages\/21012\/revisions"}],"up":[{"embeddable":true,"href":"https:\/\/thehometownlawyers.com\/es\/wp-json\/wp\/v2\/pages\/20989"}],"wp:featuredmedia":[{"embeddable":true,"href":"https:\/\/thehometownlawyers.com\/es\/wp-json\/wp\/v2\/media\/24581"}],"wp:attachment":[{"href":"https:\/\/thehometownlawyers.com\/es\/wp-json\/wp\/v2\/media?parent=21012"}],"wp:term":[{"taxonomy":"hc_faqs","embeddable":true,"href":"https:\/\/thehometownlawyers.com\/es\/wp-json\/wp\/v2\/hc_faqs?post=21012"},{"taxonomy":"hc_spanish_faqs","embeddable":true,"href":"https:\/\/thehometownlawyers.com\/es\/wp-json\/wp\/v2\/hc_spanish_faqs?post=21012"}],"curies":[{"name":"wp","href":"https:\/\/api.w.org\/{rel}","templated":true}]}}