{"id":21014,"date":"2021-09-14T20:54:58","date_gmt":"2021-09-15T00:54:58","guid":{"rendered":"https:\/\/thehometownlawyers.com\/?post_type=faq&#038;p=21014"},"modified":"2025-02-06T09:51:29","modified_gmt":"2025-02-06T14:51:29","slug":"puedo-proteger-mi-adjudicacion-por-lesiones-personales-en-el-divorcio","status":"publish","type":"page","link":"https:\/\/thehometownlawyers.com\/es\/preguntas-frecuentes\/puedo-proteger-mi-adjudicacion-por-lesiones-personales-en-el-divorcio\/","title":{"rendered":"\u00bfPuedo proteger mi adjudicaci\u00f3n por lesiones personales en el divorcio?"},"content":{"rendered":"<p><strong>\u00bfPuedo proteger mi adjudicaci\u00f3n por lesiones personales en el divorcio?<\/strong> Aunque <a href=\"https:\/\/www.apa.org\/topics\/divorce-child-custody\" target=\"_blank\" rel=\"noopener\">el 90% de todas las personas en este pa\u00eds se casan antes de los 50 a\u00f1os<\/a> , un n\u00famero sorprendentemente grande de estos matrimonios no duran. Los datos muestran que <a href=\"https:\/\/www.roadsnacks.net\/ohio-divorce-rates\/\" target=\"_blank\" rel=\"noopener\">aproximadamente el 58%<\/a> de todos los matrimonios de Ohio terminan en divorcio. El divorcio rara vez es f\u00e1cil e implica varios procesos desafiantes, incluida la divisi\u00f3n de los bienes conyugales. Si recibi\u00f3 fondos de un acuerdo por lesiones personales durante el matrimonio, es probable que tenga dudas sobre si podr\u00e1 mantener esta cantidad en el divorcio. A continuaci\u00f3n se analiza brevemente c\u00f3mo se divide la propiedad durante los divorcios de Ohio y c\u00f3mo se tratan los acuerdos por lesiones personales durante este complicado proceso legal. Si tiene preguntas, <a href=\"https:\/\/thehometownlawyers.com\/es\/acerca-de-los-abogados-de-kruger-hodges\/\">Kruger &amp; Hodges<\/a> , Attorneys at Law es un bufete de abogados de lesiones personales en Hamilton, Ohio, que puede ayudarlo.<\/p>\n<h3>C\u00f3mo se divide la propiedad durante un divorcio en Ohio<\/h3>\n<p>Ohio es un estado de distribuci\u00f3n equitativa, lo que significa que los tribunales de Ohio dividen los bienes conyugales entre los ex c\u00f3nyuges de una manera que se considere justa. Los tribunales reconocen dos tipos de propiedad que pertenecen a parejas casadas: propiedad marital y propiedad separada.<\/p>\n<p>Los bienes conyugales incluyen bienes adquiridos por la pareja durante el matrimonio e incluyen todos los bienes muebles e inmuebles que pertenecen a uno o ambos c\u00f3nyuges, cualquier inter\u00e9s que los c\u00f3nyuges tengan en bienes inmuebles o bienes personales, y cualquier ingreso y valorizaci\u00f3n de bienes separados.<\/p>\n<p>La propiedad separada incluye cosas como una herencia recibida por uno de los c\u00f3nyuges, cualquier propiedad adquirida antes del matrimonio, ingresos pasivos de la propiedad separada, propiedad excluida a trav\u00e9s de un acuerdo prenupcial y cualquier regalo recibido por uno u otro c\u00f3nyuge durante el matrimonio. Sin embargo, si un c\u00f3nyuge no estructura cuidadosamente la propiedad de los bienes, la propiedad separada puede distribuirse como propiedad comunitaria.<\/p>\n<p class=\"rs-content-cta rs-content-cta-small\">Para una consulta legal gratuita, llame al <a href=\"tel:+15138943333\">513-894-3333 <\/a><\/p><h3>Factores \u00fanicos sobre las indemnizaciones por lesiones personales en el divorcio<\/h3>\n<p>Muchas indemnizaciones por lesiones personales en Ohio se clasifican como bienes separados. Sin embargo, hay algunos factores \u00fanicos a considerar acerca de estos premios, que incluyen:<\/p>\n<ul>\n<li>Si la lesi\u00f3n ocurri\u00f3 durante un matrimonio, existe el riesgo de que el laudo acabe abordando algunos tipos de bienes gananciales<\/li>\n<li>Si usted fue el \u00fanico demandante en el accidente, es probable que la adjudicaci\u00f3n se clasifique como propiedad separada. Si su c\u00f3nyuge tambi\u00e9n fue demandante, la adjudicaci\u00f3n podr\u00eda terminar clasificada como propiedad conyugal.<\/li>\n<li>Si el reclamo es por p\u00e9rdida de consorcio o compa\u00f1\u00eda, su exc\u00f3nyuge podr\u00eda tener derecho a recibir esta cantidad.<\/li>\n<li>Si deposit\u00f3 su adjudicaci\u00f3n en una cuenta bancaria conjunta conyugal y ahora no puede distinguir estos fondos de otros bienes conyugales, existe el riesgo de que la adjudicaci\u00f3n termine clasificada como propiedad comunitaria. En el caso de <em>Modon v. Modon<\/em> , <a href=\"https:\/\/casetext.com\/case\/modon-v-modon\" target=\"_blank\" rel=\"noopener\">115 Aplicaci\u00f3n de Ohio. 3d 810, 686 NE 2d 355 (1996)<\/a>, un tribunal de Ohio clasific\u00f3 el monto total de una indemnizaci\u00f3n por lesiones personales como propiedad conyugal. El tribunal lleg\u00f3 a esta decisi\u00f3n porque no pudo distinguir qu\u00e9 partes de la indemnizaci\u00f3n correspond\u00edan a salarios perdidos y otros da\u00f1os y, como resultado, clasific\u00f3 el monto total de los bienes conyugales. El tribunal tambi\u00e9n declar\u00f3 que la responsabilidad de demostrar que la propiedad est\u00e1 separada recae en la parte que presenta la demanda.<\/li>\n<\/ul>\n<h3>P\u00f3ngase en contacto con Kruger &amp; Hodges, abogados de lesiones personales hoy<\/h3>\n<p>Si necesita la ayuda de un abogado para proteger su indemnizaci\u00f3n por lesiones personales en el divorcio, puede comunicarse con <a href=\"https:\/\/thehometownlawyers.com\/es\/contacto\/\">Kruger &amp; Hodges<\/a> las 24 horas del d\u00eda en nuestras oficinas de <a href=\"https:\/\/thehometownlawyers.com\/es\/contacto\/\">Hamilton<\/a> , <a href=\"https:\/\/thehometownlawyers.com\/es\/contacto\/\">Middletown<\/a> o <a href=\"https:\/\/thehometownlawyers.com\/es\/contacto\/\">Eaton<\/a> , o llamando al (513) 894-3333.<\/p>\n<p class=\"rs-content-cta rs-content-cta-small\"><a href=\"\/es\/contacto\/\">Haga clic para contactar<\/a> con nuestros  abogados hoy<\/p><h3><em>Enlaces relacionados:<\/em><\/h3>\n<p><a href=\"https:\/\/thehometownlawyers.com\/es\/contacto\/\">Abogados de Lesiones Personales de Eaton, OH<\/a><br \/>\nAccidentes automovil\u00edsticos en Middletown<br \/>\n<a href=\"https:\/\/thehometownlawyers.com\/es\/\">Accidentes de motocicleta en Hamilton, OH<\/a><br \/>\n<a href=\"https:\/\/thehometownlawyers.com\/es\/abogados-de-lesiones-personales-en-eaton-ohio\/abogados-de-mordeduras-de-perro-en-eaton-ohio\/\">Mordeduras de perro en Eaton, OH<\/a><br \/>\n<a href=\"https:\/\/thehometownlawyers.com\/es\/\">Abogados de responsabilidad de locales<\/a><br \/>\n<a href=\"https:\/\/thehometownlawyers.com\/es\/\">Accidentes de camiones en Hamilton, OH<\/a><\/p>\n<p class=\"rs-content-cta rs-content-cta-small\">Llame o env\u00ede un mensaje de texto al <a href=\"tel:+15138943333\">513-894-3333<\/a> o complete una <a href=\"\/es\/contacto\/\">evaluaci\u00f3n gratuita de su caso<\/a><\/p>","protected":false},"excerpt":{"rendered":"<p>\u00bfPuedo proteger mi adjudicaci\u00f3n por lesiones personales en el divorcio? Aunque el 90% de todas las personas en este pa\u00eds se casan antes de los 50 a\u00f1os , un n\u00famero sorprendentemente grande de estos matrimonios no duran. Los datos muestran que aproximadamente el 58% de todos los matrimonios de Ohio terminan en divorcio. El divorcio &#8230;<\/p>\n","protected":false},"author":7,"featured_media":20796,"parent":20989,"menu_order":0,"comment_status":"closed","ping_status":"closed","template":"","meta":{"_acf_changed":false,"inline_featured_image":false,"_genesis_hide_title":false,"_genesis_hide_breadcrumbs":false,"_genesis_hide_singular_image":false,"_genesis_hide_footer_widgets":false,"_genesis_custom_body_class":"","_genesis_custom_post_class":"","_genesis_layout":"","footnotes":""},"hc_faqs":[316],"hc_spanish_faqs":[],"class_list":{"0":"post-21014","1":"page","2":"type-page","3":"status-publish","4":"has-post-thumbnail","6":"hc_faqs-accidente-de-automovilismo","7":"entry"},"acf":[],"yoast_head":"<!-- This site is optimized with the Yoast SEO plugin v27.3 - https:\/\/yoast.com\/product\/yoast-seo-wordpress\/ -->\n<title>\u00bfPuedo proteger mi adjudicaci\u00f3n por lesiones personales en el divorcio?: Consulta gratuita<\/title>\n<meta name=\"description\" content=\"\u00bfPuedo proteger mi adjudicaci\u00f3n por lesiones personales en el divorcio? Muchas indemnizaciones por lesiones personales en Ohio se clasifican como bienes separados.\" \/>\n<meta name=\"robots\" content=\"index, follow, max-snippet:-1, max-image-preview:large, max-video-preview:-1\" \/>\n<link rel=\"canonical\" href=\"https:\/\/thehometownlawyers.com\/es\/preguntas-frecuentes\/puedo-proteger-mi-adjudicacion-por-lesiones-personales-en-el-divorcio\/\" \/>\n<meta property=\"og:locale\" content=\"es_MX\" \/>\n<meta property=\"og:type\" content=\"article\" \/>\n<meta property=\"og:title\" content=\"\u00bfPuedo proteger mi adjudicaci\u00f3n por lesiones personales en el divorcio?: Consulta gratuita\" \/>\n<meta property=\"og:description\" content=\"\u00bfPuedo proteger mi adjudicaci\u00f3n por lesiones personales en el divorcio? Muchas indemnizaciones por lesiones personales en Ohio se clasifican como bienes separados.\" \/>\n<meta property=\"og:url\" content=\"https:\/\/thehometownlawyers.com\/es\/preguntas-frecuentes\/puedo-proteger-mi-adjudicacion-por-lesiones-personales-en-el-divorcio\/\" \/>\n<meta property=\"og:site_name\" content=\"Kruger &amp; Hodges Abogados De Lesiones\" \/>\n<meta property=\"article:publisher\" content=\"https:\/\/www.facebook.com\/KrugerHodges\/\" \/>\n<meta property=\"article:modified_time\" content=\"2025-02-06T14:51:29+00:00\" \/>\n<meta property=\"og:image\" content=\"https:\/\/thehometownlawyers.com\/wp-content\/uploads\/2021\/04\/Mental-Health-after-an-auto-accident.jpg\" \/>\n\t<meta property=\"og:image:width\" content=\"640\" \/>\n\t<meta property=\"og:image:height\" content=\"426\" \/>\n\t<meta property=\"og:image:type\" content=\"image\/jpeg\" \/>\n<meta name=\"twitter:card\" content=\"summary_large_image\" \/>\n<meta name=\"twitter:label1\" content=\"Tiempo de lectura\" \/>\n\t<meta name=\"twitter:data1\" content=\"3 minutos\" \/>\n<script type=\"application\/ld+json\" class=\"yoast-schema-graph\">{\"@context\":\"https:\\\/\\\/schema.org\",\"@graph\":[{\"@type\":\"WebPage\",\"@id\":\"https:\\\/\\\/thehometownlawyers.com\\\/es\\\/preguntas-frecuentes\\\/puedo-proteger-mi-adjudicacion-por-lesiones-personales-en-el-divorcio\\\/\",\"url\":\"https:\\\/\\\/thehometownlawyers.com\\\/es\\\/preguntas-frecuentes\\\/puedo-proteger-mi-adjudicacion-por-lesiones-personales-en-el-divorcio\\\/\",\"name\":\"\u00bfPuedo proteger mi adjudicaci\u00f3n por lesiones personales en el divorcio?: Consulta gratuita\",\"isPartOf\":{\"@id\":\"https:\\\/\\\/thehometownlawyers.com\\\/es\\\/#website\"},\"primaryImageOfPage\":{\"@id\":\"https:\\\/\\\/thehometownlawyers.com\\\/es\\\/preguntas-frecuentes\\\/puedo-proteger-mi-adjudicacion-por-lesiones-personales-en-el-divorcio\\\/#primaryimage\"},\"image\":{\"@id\":\"https:\\\/\\\/thehometownlawyers.com\\\/es\\\/preguntas-frecuentes\\\/puedo-proteger-mi-adjudicacion-por-lesiones-personales-en-el-divorcio\\\/#primaryimage\"},\"thumbnailUrl\":\"https:\\\/\\\/thehometownlawyers.com\\\/wp-content\\\/uploads\\\/2021\\\/04\\\/Mental-Health-after-an-auto-accident.jpg\",\"datePublished\":\"2021-09-15T00:54:58+00:00\",\"dateModified\":\"2025-02-06T14:51:29+00:00\",\"description\":\"\u00bfPuedo proteger mi adjudicaci\u00f3n por lesiones personales en el divorcio? Muchas indemnizaciones por lesiones personales en Ohio se clasifican como bienes separados.\",\"breadcrumb\":{\"@id\":\"https:\\\/\\\/thehometownlawyers.com\\\/es\\\/preguntas-frecuentes\\\/puedo-proteger-mi-adjudicacion-por-lesiones-personales-en-el-divorcio\\\/#breadcrumb\"},\"inLanguage\":\"es\",\"potentialAction\":[{\"@type\":\"ReadAction\",\"target\":[\"https:\\\/\\\/thehometownlawyers.com\\\/es\\\/preguntas-frecuentes\\\/puedo-proteger-mi-adjudicacion-por-lesiones-personales-en-el-divorcio\\\/\"]}]},{\"@type\":\"ImageObject\",\"inLanguage\":\"es\",\"@id\":\"https:\\\/\\\/thehometownlawyers.com\\\/es\\\/preguntas-frecuentes\\\/puedo-proteger-mi-adjudicacion-por-lesiones-personales-en-el-divorcio\\\/#primaryimage\",\"url\":\"https:\\\/\\\/thehometownlawyers.com\\\/wp-content\\\/uploads\\\/2021\\\/04\\\/Mental-Health-after-an-auto-accident.jpg\",\"contentUrl\":\"https:\\\/\\\/thehometownlawyers.com\\\/wp-content\\\/uploads\\\/2021\\\/04\\\/Mental-Health-after-an-auto-accident.jpg\",\"width\":640,\"height\":426},{\"@type\":\"BreadcrumbList\",\"@id\":\"https:\\\/\\\/thehometownlawyers.com\\\/es\\\/preguntas-frecuentes\\\/puedo-proteger-mi-adjudicacion-por-lesiones-personales-en-el-divorcio\\\/#breadcrumb\",\"itemListElement\":[{\"@type\":\"ListItem\",\"position\":1,\"name\":\"Home\",\"item\":\"https:\\\/\\\/thehometownlawyers.com\\\/es\\\/\"},{\"@type\":\"ListItem\",\"position\":2,\"name\":\"Preguntas Frecuentes\",\"item\":\"https:\\\/\\\/thehometownlawyers.com\\\/es\\\/preguntas-frecuentes\\\/\"},{\"@type\":\"ListItem\",\"position\":3,\"name\":\"\u00bfPuedo proteger mi adjudicaci\u00f3n por lesiones personales en el divorcio?\"}]},{\"@type\":\"WebSite\",\"@id\":\"https:\\\/\\\/thehometownlawyers.com\\\/es\\\/#website\",\"url\":\"https:\\\/\\\/thehometownlawyers.com\\\/es\\\/\",\"name\":\"Kruger & Hodges Hometown Injury Lawyers | Accident Attorneys\",\"description\":\"Attorneys for Car, Truck and Motorcycle Accidents, Personal Injuries, and Criminal Defense.\",\"publisher\":{\"@id\":\"https:\\\/\\\/thehometownlawyers.com\\\/es\\\/#organization\"},\"alternateName\":\"Kruger & Hodges Personal Injury Lawyers\",\"inLanguage\":\"es\"},{\"@type\":\"Organization\",\"@id\":\"https:\\\/\\\/thehometownlawyers.com\\\/es\\\/#organization\",\"name\":\"Kruger & Hodges Hometown Injury Lawyers\",\"alternateName\":\"Kruger & Hodges\",\"url\":\"https:\\\/\\\/thehometownlawyers.com\\\/es\\\/\",\"logo\":{\"@type\":\"ImageObject\",\"inLanguage\":\"es\",\"@id\":\"https:\\\/\\\/thehometownlawyers.com\\\/es\\\/#\\\/schema\\\/logo\\\/image\\\/\",\"url\":\"https:\\\/\\\/thehometownlawyers.com\\\/wp-content\\\/uploads\\\/2025\\\/12\\\/revised-kh-logo-vertical-white-background-scaled.png\",\"contentUrl\":\"https:\\\/\\\/thehometownlawyers.com\\\/wp-content\\\/uploads\\\/2025\\\/12\\\/revised-kh-logo-vertical-white-background-scaled.png\",\"width\":2560,\"height\":1440,\"caption\":\"Kruger & Hodges Hometown Injury Lawyers\"},\"image\":{\"@id\":\"https:\\\/\\\/thehometownlawyers.com\\\/es\\\/#\\\/schema\\\/logo\\\/image\\\/\"},\"sameAs\":[\"https:\\\/\\\/www.facebook.com\\\/KrugerHodges\\\/\",\"https:\\\/\\\/www.instagram.com\\\/krugerhodges\\\/\",\"https:\\\/\\\/www.linkedin.com\\\/company\\\/kruger-hodges-hometown-injury-lawyers\\\/\",\"https:\\\/\\\/www.youtube.com\\\/channel\\\/UCeYcMaMaN2rb9jMlqt4EIdQ\",\"https:\\\/\\\/www.tiktok.com\\\/@thehometownlawyer\"]}]}<\/script>\n<!-- \/ Yoast SEO plugin. -->","yoast_head_json":{"title":"\u00bfPuedo proteger mi adjudicaci\u00f3n por lesiones personales en el divorcio?: Consulta gratuita","description":"\u00bfPuedo proteger mi adjudicaci\u00f3n por lesiones personales en el divorcio? Muchas indemnizaciones por lesiones personales en Ohio se clasifican como bienes separados.","robots":{"index":"index","follow":"follow","max-snippet":"max-snippet:-1","max-image-preview":"max-image-preview:large","max-video-preview":"max-video-preview:-1"},"canonical":"https:\/\/thehometownlawyers.com\/es\/preguntas-frecuentes\/puedo-proteger-mi-adjudicacion-por-lesiones-personales-en-el-divorcio\/","og_locale":"es_MX","og_type":"article","og_title":"\u00bfPuedo proteger mi adjudicaci\u00f3n por lesiones personales en el divorcio?: Consulta gratuita","og_description":"\u00bfPuedo proteger mi adjudicaci\u00f3n por lesiones personales en el divorcio? Muchas indemnizaciones por lesiones personales en Ohio se clasifican como bienes separados.","og_url":"https:\/\/thehometownlawyers.com\/es\/preguntas-frecuentes\/puedo-proteger-mi-adjudicacion-por-lesiones-personales-en-el-divorcio\/","og_site_name":"Kruger &amp; Hodges Abogados De Lesiones","article_publisher":"https:\/\/www.facebook.com\/KrugerHodges\/","article_modified_time":"2025-02-06T14:51:29+00:00","og_image":[{"width":640,"height":426,"url":"https:\/\/thehometownlawyers.com\/wp-content\/uploads\/2021\/04\/Mental-Health-after-an-auto-accident.jpg","type":"image\/jpeg"}],"twitter_card":"summary_large_image","twitter_misc":{"Tiempo de lectura":"3 minutos"},"schema":{"@context":"https:\/\/schema.org","@graph":[{"@type":"WebPage","@id":"https:\/\/thehometownlawyers.com\/es\/preguntas-frecuentes\/puedo-proteger-mi-adjudicacion-por-lesiones-personales-en-el-divorcio\/","url":"https:\/\/thehometownlawyers.com\/es\/preguntas-frecuentes\/puedo-proteger-mi-adjudicacion-por-lesiones-personales-en-el-divorcio\/","name":"\u00bfPuedo proteger mi adjudicaci\u00f3n por lesiones personales en el divorcio?: Consulta gratuita","isPartOf":{"@id":"https:\/\/thehometownlawyers.com\/es\/#website"},"primaryImageOfPage":{"@id":"https:\/\/thehometownlawyers.com\/es\/preguntas-frecuentes\/puedo-proteger-mi-adjudicacion-por-lesiones-personales-en-el-divorcio\/#primaryimage"},"image":{"@id":"https:\/\/thehometownlawyers.com\/es\/preguntas-frecuentes\/puedo-proteger-mi-adjudicacion-por-lesiones-personales-en-el-divorcio\/#primaryimage"},"thumbnailUrl":"https:\/\/thehometownlawyers.com\/wp-content\/uploads\/2021\/04\/Mental-Health-after-an-auto-accident.jpg","datePublished":"2021-09-15T00:54:58+00:00","dateModified":"2025-02-06T14:51:29+00:00","description":"\u00bfPuedo proteger mi adjudicaci\u00f3n por lesiones personales en el divorcio? Muchas indemnizaciones por lesiones personales en Ohio se clasifican como bienes separados.","breadcrumb":{"@id":"https:\/\/thehometownlawyers.com\/es\/preguntas-frecuentes\/puedo-proteger-mi-adjudicacion-por-lesiones-personales-en-el-divorcio\/#breadcrumb"},"inLanguage":"es","potentialAction":[{"@type":"ReadAction","target":["https:\/\/thehometownlawyers.com\/es\/preguntas-frecuentes\/puedo-proteger-mi-adjudicacion-por-lesiones-personales-en-el-divorcio\/"]}]},{"@type":"ImageObject","inLanguage":"es","@id":"https:\/\/thehometownlawyers.com\/es\/preguntas-frecuentes\/puedo-proteger-mi-adjudicacion-por-lesiones-personales-en-el-divorcio\/#primaryimage","url":"https:\/\/thehometownlawyers.com\/wp-content\/uploads\/2021\/04\/Mental-Health-after-an-auto-accident.jpg","contentUrl":"https:\/\/thehometownlawyers.com\/wp-content\/uploads\/2021\/04\/Mental-Health-after-an-auto-accident.jpg","width":640,"height":426},{"@type":"BreadcrumbList","@id":"https:\/\/thehometownlawyers.com\/es\/preguntas-frecuentes\/puedo-proteger-mi-adjudicacion-por-lesiones-personales-en-el-divorcio\/#breadcrumb","itemListElement":[{"@type":"ListItem","position":1,"name":"Home","item":"https:\/\/thehometownlawyers.com\/es\/"},{"@type":"ListItem","position":2,"name":"Preguntas Frecuentes","item":"https:\/\/thehometownlawyers.com\/es\/preguntas-frecuentes\/"},{"@type":"ListItem","position":3,"name":"\u00bfPuedo proteger mi adjudicaci\u00f3n por lesiones personales en el divorcio?"}]},{"@type":"WebSite","@id":"https:\/\/thehometownlawyers.com\/es\/#website","url":"https:\/\/thehometownlawyers.com\/es\/","name":"Kruger & Hodges Hometown Injury Lawyers | Accident Attorneys","description":"Attorneys for Car, Truck and Motorcycle Accidents, Personal Injuries, and Criminal Defense.","publisher":{"@id":"https:\/\/thehometownlawyers.com\/es\/#organization"},"alternateName":"Kruger & Hodges Personal Injury Lawyers","inLanguage":"es"},{"@type":"Organization","@id":"https:\/\/thehometownlawyers.com\/es\/#organization","name":"Kruger & Hodges Hometown Injury Lawyers","alternateName":"Kruger & Hodges","url":"https:\/\/thehometownlawyers.com\/es\/","logo":{"@type":"ImageObject","inLanguage":"es","@id":"https:\/\/thehometownlawyers.com\/es\/#\/schema\/logo\/image\/","url":"https:\/\/thehometownlawyers.com\/wp-content\/uploads\/2025\/12\/revised-kh-logo-vertical-white-background-scaled.png","contentUrl":"https:\/\/thehometownlawyers.com\/wp-content\/uploads\/2025\/12\/revised-kh-logo-vertical-white-background-scaled.png","width":2560,"height":1440,"caption":"Kruger & Hodges Hometown Injury Lawyers"},"image":{"@id":"https:\/\/thehometownlawyers.com\/es\/#\/schema\/logo\/image\/"},"sameAs":["https:\/\/www.facebook.com\/KrugerHodges\/","https:\/\/www.instagram.com\/krugerhodges\/","https:\/\/www.linkedin.com\/company\/kruger-hodges-hometown-injury-lawyers\/","https:\/\/www.youtube.com\/channel\/UCeYcMaMaN2rb9jMlqt4EIdQ","https:\/\/www.tiktok.com\/@thehometownlawyer"]}]}},"_links":{"self":[{"href":"https:\/\/thehometownlawyers.com\/es\/wp-json\/wp\/v2\/pages\/21014","targetHints":{"allow":["GET"]}}],"collection":[{"href":"https:\/\/thehometownlawyers.com\/es\/wp-json\/wp\/v2\/pages"}],"about":[{"href":"https:\/\/thehometownlawyers.com\/es\/wp-json\/wp\/v2\/types\/page"}],"author":[{"embeddable":true,"href":"https:\/\/thehometownlawyers.com\/es\/wp-json\/wp\/v2\/users\/7"}],"replies":[{"embeddable":true,"href":"https:\/\/thehometownlawyers.com\/es\/wp-json\/wp\/v2\/comments?post=21014"}],"version-history":[{"count":0,"href":"https:\/\/thehometownlawyers.com\/es\/wp-json\/wp\/v2\/pages\/21014\/revisions"}],"up":[{"embeddable":true,"href":"https:\/\/thehometownlawyers.com\/es\/wp-json\/wp\/v2\/pages\/20989"}],"wp:featuredmedia":[{"embeddable":true,"href":"https:\/\/thehometownlawyers.com\/es\/wp-json\/wp\/v2\/media\/20796"}],"wp:attachment":[{"href":"https:\/\/thehometownlawyers.com\/es\/wp-json\/wp\/v2\/media?parent=21014"}],"wp:term":[{"taxonomy":"hc_faqs","embeddable":true,"href":"https:\/\/thehometownlawyers.com\/es\/wp-json\/wp\/v2\/hc_faqs?post=21014"},{"taxonomy":"hc_spanish_faqs","embeddable":true,"href":"https:\/\/thehometownlawyers.com\/es\/wp-json\/wp\/v2\/hc_spanish_faqs?post=21014"}],"curies":[{"name":"wp","href":"https:\/\/api.w.org\/{rel}","templated":true}]}}