{"id":21016,"date":"2019-11-26T20:00:16","date_gmt":"2019-11-27T01:00:16","guid":{"rendered":"https:\/\/thehometownlawyers.com\/?post_type=faq&#038;p=21016"},"modified":"2025-03-24T13:14:24","modified_gmt":"2025-03-24T17:14:24","slug":"como-puede-evitar-los-accidentes-de-marcha-atras","status":"publish","type":"page","link":"https:\/\/thehometownlawyers.com\/es\/preguntas-frecuentes\/como-puede-evitar-los-accidentes-de-marcha-atras\/","title":{"rendered":"\u00bfC\u00f3mo puede evitar los accidentes de marcha atr\u00e1s?"},"content":{"rendered":"<p><strong>\u00bfC\u00f3mo puede evitar los accidentes de marcha atr\u00e1s?<\/strong> Esto puede parecer sorprendente, pero los accidentes automovil\u00edsticos en los que un veh\u00edculo retrocede puede tener graves consecuencias para todos los involucrados. El Departamento de Transporte de Ohio <a href=\"http:\/\/www.dot.state.oh.us\/Divisions\/Planning\/ProgramManagement\/HighwaySafety\/HSIP\/Shared%20Documents\/Annual%20Percentages%20by%20Type%202010-2014.pdf\" target=\"_blank\" rel=\"noopener\">descubri\u00f3<\/a> que entre 2010 y 2014, los accidentes en reversa representaron el 4.5 % de los accidentes automovil\u00edsticos en el estado. Respaldando estos hallazgos, el <a href=\"https:\/\/www.iihs.org\/\" target=\"_blank\" rel=\"noopener\">Instituto de Seguros para la Seguridad en las Carreteras<\/a> ha encontrado que aproximadamente 292 personas mueren cada a\u00f1o en accidentes de marcha atr\u00e1s, mientras que otras 18,000 personas resultan lesionadas.<\/p>\n<p>Algunas personas corren un mayor riesgo de sufrir da\u00f1os por estos accidentes, incluidos los ni\u00f1os y las personas mayores. Una de las mejores maneras de evitar verse involucrado en un devastador accidente de reversa es comprender algunos de los detalles importantes sobre c\u00f3mo ocurren.<\/p>\n<h2>Los peligros que presentan los accidentes en reversa<\/h2>\n<p>Es peligroso retroceder un veh\u00edculo sin mirar hacia atr\u00e1s. Adem\u00e1s del riesgo de golpear a alguien, tambi\u00e9n existe el riesgo de chocar con un objeto inm\u00f3vil o incluso con un veh\u00edculo que se aproxima. No deber\u00eda sorprender que los accidentes de marcha atr\u00e1s a menudo tengan consecuencias tr\u00e1gicas.<\/p>\n<p>Los accidentes de reversa frecuentemente resultan en lesiones duraderas y que cambian la vida, incluyendo da\u00f1o cerebral, huesos rotos, lesiones de \u00f3rganos internos y lesiones de la m\u00e9dula espinal. Adem\u00e1s de causar lesiones, los accidentes en reversa tambi\u00e9n com\u00fanmente resultan en da\u00f1os sustanciales a la propiedad.<\/p>\n<p class=\"rs-content-cta rs-content-cta-small\">Para una consulta legal gratuita, llame al <a href=\"tel:+15138943333\">513-894-3333 <\/a><\/p><h2>Las c\u00e1maras traseras no eliminar\u00e1n los accidentes en marcha atr\u00e1s<\/h2>\n<p>Muchos veh\u00edculos motorizados m\u00e1s nuevos est\u00e1n equipados con c\u00e1maras traseras. Si bien estas c\u00e1maras hacen que retroceder sea m\u00e1s seguro, nunca eliminar\u00e1n el riesgo de accidentes. La ventaja de estas c\u00e1maras es que permiten a los conductores de veh\u00edculos motorizados ver lo que hay detr\u00e1s del veh\u00edculo sin mirar. Algunos veh\u00edculos incluso contienen la ventaja a\u00f1adida de sensores de movimiento que har\u00e1n sonar una alarma si hay algo en el camino del veh\u00edculo.<\/p>\n<p>Uno de los mayores riesgos que presentan las c\u00e1maras de respaldo es que se sabe que cometen errores, lo que significa que los conductores que dependen completamente de ellas podr\u00edan terminar chocando con un objeto. A menudo, es mejor que los conductores miren f\u00edsicamente detr\u00e1s y debajo de su veh\u00edculo antes de retroceder. Los conductores deben mirar f\u00edsicamente hacia atr\u00e1s adem\u00e1s de hacer uso de los espejos retrovisores y laterales.<\/p>\n<h2>Decisiones de responsabilidad despu\u00e9s de accidentes de marcha atr\u00e1s<\/h2>\n<p>Cuando ocurren accidentes de reversa, puede ser complicado determinar qui\u00e9n es responsable de las lesiones y da\u00f1os resultantes. Sin embargo, hacer determinaciones de responsabilidad es fundamental para decidir c\u00f3mo se otorga la compensaci\u00f3n, y su abogado de lesiones personales puede ayudarlo.<\/p>\n<p>Ohio es un estado de seguro basado en fallas, lo que significa que despu\u00e9s de un accidente, una persona deber\u00e1 presentar un reclamo ante la compa\u00f1\u00eda de seguros del conductor responsable de causar el accidente. A menudo, este es el mejor m\u00e9todo para comenzar a buscar una compensaci\u00f3n por los da\u00f1os que surgen despu\u00e9s de un accidente de marcha atr\u00e1s.<\/p>\n<p>Si usted era un peat\u00f3n o ciclista en el momento en que ocurri\u00f3 el accidente de marcha atr\u00e1s, de manera similar se le exigir\u00e1 que busque una compensaci\u00f3n del conductor responsable de causar sus lesiones. Esto significa que es fundamental obtener la informaci\u00f3n de contacto del conductor que caus\u00f3 su accidente.<\/p>\n<p>Si no es posible presentar un reclamo de seguro o si encuentra dificultades para presentar un reclamo de seguro, a menudo es necesario iniciar una demanda. Para tener \u00e9xito en la presentaci\u00f3n de una demanda por lesiones personales, se le pedir\u00e1 que establezca que el conductor responsable del accidente fue negligente.<\/p>\n<p>Establecer negligencia requiere que una persona demuestre que el conductor responsable ten\u00eda un deber, no cumpli\u00f3 con este deber, que sus da\u00f1os no se habr\u00edan producido de no haber sido por este acto y que experiment\u00f3 da\u00f1os reales como resultado del accidente.<\/p>\n<p class=\"rs-content-cta rs-content-cta-small\"><a href=\"\/es\/contacto\/\">Haga clic para contactar<\/a> con nuestros  abogados hoy<\/p><h2>C\u00f3mo evitar accidentes de marcha atr\u00e1s<\/h2>\n<p>Hay algunas medidas de seguridad que los conductores pueden seguir para reducir el riesgo de terminar en un accidente mientras dan marcha atr\u00e1s. Estos consejos incluyen:<\/p>\n<ul>\n<li>Camine alrededor del veh\u00edculo y mire debajo antes de subirse al veh\u00edculo.<\/li>\n<li>Sepa d\u00f3nde se encuentran los puntos ciegos de su veh\u00edculo.<\/li>\n<li>Comprenda los espacios libres de los veh\u00edculos y mant\u00e9ngase al tanto de las obstrucciones.<\/li>\n<li>Despu\u00e9s de una inspecci\u00f3n visual del veh\u00edculo, mu\u00e9valo de inmediato porque la demora crea el riesgo de que surja otro peligro.<\/li>\n<li>Utilice los espejos retrovisores de su veh\u00edculo con frecuencia.<\/li>\n<li>Retroceda lentamente para permitir que cualquier persona cercana se aleje de manera segura.<\/li>\n<li>Mire y escuche cualquier peligro potencial mientras retrocede.<\/li>\n<\/ul>\n<p class=\"rs-content-cta rs-content-cta-small\">Complete una <a href=\"\/es\/contacto\/\">evaluaci\u00f3n gratuita de su caso<\/a> ahora<\/p><h2>P\u00f3ngase en contacto con un abogado experto en accidentes automovil\u00edsticos de Ohio<\/h2>\n<p>Si bien pueden sonar insulsos, los accidentes en reversa pueden dejar a las v\u00edctimas enfrentando da\u00f1os graves. Despu\u00e9s de un accidente de marcha atr\u00e1s, puede marcar una diferencia sustancial en el resultado de su caso ponerse en contacto con un abogado con experiencia en lesiones personales de <a href=\"https:\/\/thehometownlawyers.com\/es\/\">Kruger &amp; Hodges<\/a> para obtener ayuda.<\/p>\n<h3><em>Enlaces relacionados:<\/em><\/h3>\n<p><strong>accidentes de bicicleta<\/strong><\/p>\n<h3><em>Enlaces relacionados:<\/em><\/h3>\n<p><strong>Accidentes automovil\u00edsticos<\/strong><\/p>\n<p><strong>Heridas en la cabeza<\/strong><\/p>\n<p><strong><a href=\"https:\/\/thehometownlawyers.com\/es\/\">Accidentes de moto<\/a><\/strong><\/p>\n<p><strong>Lesiones de la m\u00e9dula<\/strong><\/p>\n<p><strong>Lesi\u00f3n cerebral traum\u00e1tica<\/strong><\/p>\n<p><strong><a href=\"https:\/\/thehometownlawyers.com\/es\/\">Accidentes de camiones<\/a><\/strong><\/p>\n<p><strong>Muerte injusta<\/strong><\/p>\n<p><a href=\"https:\/\/thehometownlawyers.com\/es\/contacto\/\">Oficina de abogados de Hamilton<\/a><br \/>\n<a href=\"https:\/\/thehometownlawyers.com\/es\/contacto\/\">Oficina de abogados de Middletown<\/a><br \/>\n<a href=\"https:\/\/thehometownlawyers.com\/es\/contacto\/\">Oficina de abogados de Eaton<\/a><\/p>\n<p class=\"rs-content-cta rs-content-cta-small\">Llame o env\u00ede un mensaje de texto al <a href=\"tel:+15138943333\">513-894-3333<\/a> o complete una <a href=\"\/es\/contacto\/\">evaluaci\u00f3n gratuita de su caso<\/a><\/p>","protected":false},"excerpt":{"rendered":"<p>\u00bfC\u00f3mo puede evitar los accidentes de marcha atr\u00e1s? Esto puede parecer sorprendente, pero los accidentes automovil\u00edsticos en los que un veh\u00edculo retrocede puede tener graves consecuencias para todos los involucrados. El Departamento de Transporte de Ohio descubri\u00f3 que entre 2010 y 2014, los accidentes en reversa representaron el 4.5 % de los accidentes automovil\u00edsticos en &#8230;<\/p>\n","protected":false},"author":7,"featured_media":24646,"parent":20989,"menu_order":0,"comment_status":"closed","ping_status":"closed","template":"","meta":{"_acf_changed":false,"inline_featured_image":false,"_genesis_hide_title":false,"_genesis_hide_breadcrumbs":false,"_genesis_hide_singular_image":false,"_genesis_hide_footer_widgets":false,"_genesis_custom_body_class":"","_genesis_custom_post_class":"","_genesis_layout":"","footnotes":""},"hc_faqs":[316],"hc_spanish_faqs":[],"class_list":{"0":"post-21016","1":"page","2":"type-page","3":"status-publish","4":"has-post-thumbnail","6":"hc_faqs-accidente-de-automovilismo","7":"entry"},"acf":[],"yoast_head":"<!-- This site is optimized with the Yoast SEO plugin v27.4 - https:\/\/yoast.com\/product\/yoast-seo-wordpress\/ -->\n<title>\u00bfC\u00f3mo puede evitar los accidentes de marcha atr\u00e1s?: Consulta gratuita<\/title>\n<meta name=\"description\" content=\"\u00bfC\u00f3mo puede evitar los accidentes de marcha atr\u00e1s? Los autos m\u00e1s nuevos pueden estar equipados con c\u00e1maras traseras. Esto hace que la copia de seguridad sea m\u00e1s segura, pero no elimina el riesgo.\" \/>\n<meta name=\"robots\" content=\"index, follow, max-snippet:-1, max-image-preview:large, max-video-preview:-1\" \/>\n<link rel=\"canonical\" href=\"https:\/\/thehometownlawyers.com\/es\/preguntas-frecuentes\/como-puede-evitar-los-accidentes-de-marcha-atras\/\" \/>\n<meta property=\"og:locale\" content=\"es_MX\" \/>\n<meta property=\"og:type\" content=\"article\" \/>\n<meta property=\"og:title\" content=\"\u00bfC\u00f3mo puede evitar los accidentes de marcha atr\u00e1s?: Consulta gratuita\" \/>\n<meta property=\"og:description\" content=\"\u00bfC\u00f3mo puede evitar los accidentes de marcha atr\u00e1s? Los autos m\u00e1s nuevos pueden estar equipados con c\u00e1maras traseras. Esto hace que la copia de seguridad sea m\u00e1s segura, pero no elimina el riesgo.\" \/>\n<meta property=\"og:url\" content=\"https:\/\/thehometownlawyers.com\/es\/preguntas-frecuentes\/como-puede-evitar-los-accidentes-de-marcha-atras\/\" \/>\n<meta property=\"og:site_name\" content=\"Kruger &amp; Hodges Abogados De Lesiones\" \/>\n<meta property=\"article:publisher\" content=\"https:\/\/www.facebook.com\/KrugerHodges\/\" \/>\n<meta property=\"article:modified_time\" content=\"2025-03-24T17:14:24+00:00\" \/>\n<meta property=\"og:image\" content=\"https:\/\/thehometownlawyers.com\/wp-content\/uploads\/2025\/03\/como-puede-evitar-los-accidentes-de-marcha-atras.jpg\" \/>\n\t<meta property=\"og:image:width\" content=\"768\" \/>\n\t<meta property=\"og:image:height\" content=\"512\" \/>\n\t<meta property=\"og:image:type\" content=\"image\/jpeg\" \/>\n<meta name=\"twitter:card\" content=\"summary_large_image\" \/>\n<meta name=\"twitter:label1\" content=\"Tiempo de lectura\" \/>\n\t<meta name=\"twitter:data1\" content=\"5 minutos\" \/>\n<script type=\"application\/ld+json\" class=\"yoast-schema-graph\">{\"@context\":\"https:\\\/\\\/schema.org\",\"@graph\":[{\"@type\":\"WebPage\",\"@id\":\"https:\\\/\\\/thehometownlawyers.com\\\/es\\\/preguntas-frecuentes\\\/como-puede-evitar-los-accidentes-de-marcha-atras\\\/\",\"url\":\"https:\\\/\\\/thehometownlawyers.com\\\/es\\\/preguntas-frecuentes\\\/como-puede-evitar-los-accidentes-de-marcha-atras\\\/\",\"name\":\"\u00bfC\u00f3mo puede evitar los accidentes de marcha atr\u00e1s?: Consulta gratuita\",\"isPartOf\":{\"@id\":\"https:\\\/\\\/thehometownlawyers.com\\\/es\\\/#website\"},\"primaryImageOfPage\":{\"@id\":\"https:\\\/\\\/thehometownlawyers.com\\\/es\\\/preguntas-frecuentes\\\/como-puede-evitar-los-accidentes-de-marcha-atras\\\/#primaryimage\"},\"image\":{\"@id\":\"https:\\\/\\\/thehometownlawyers.com\\\/es\\\/preguntas-frecuentes\\\/como-puede-evitar-los-accidentes-de-marcha-atras\\\/#primaryimage\"},\"thumbnailUrl\":\"https:\\\/\\\/thehometownlawyers.com\\\/wp-content\\\/uploads\\\/2025\\\/03\\\/como-puede-evitar-los-accidentes-de-marcha-atras.jpg\",\"datePublished\":\"2019-11-27T01:00:16+00:00\",\"dateModified\":\"2025-03-24T17:14:24+00:00\",\"description\":\"\u00bfC\u00f3mo puede evitar los accidentes de marcha atr\u00e1s? Los autos m\u00e1s nuevos pueden estar equipados con c\u00e1maras traseras. Esto hace que la copia de seguridad sea m\u00e1s segura, pero no elimina el riesgo.\",\"breadcrumb\":{\"@id\":\"https:\\\/\\\/thehometownlawyers.com\\\/es\\\/preguntas-frecuentes\\\/como-puede-evitar-los-accidentes-de-marcha-atras\\\/#breadcrumb\"},\"inLanguage\":\"es\",\"potentialAction\":[{\"@type\":\"ReadAction\",\"target\":[\"https:\\\/\\\/thehometownlawyers.com\\\/es\\\/preguntas-frecuentes\\\/como-puede-evitar-los-accidentes-de-marcha-atras\\\/\"]}]},{\"@type\":\"ImageObject\",\"inLanguage\":\"es\",\"@id\":\"https:\\\/\\\/thehometownlawyers.com\\\/es\\\/preguntas-frecuentes\\\/como-puede-evitar-los-accidentes-de-marcha-atras\\\/#primaryimage\",\"url\":\"https:\\\/\\\/thehometownlawyers.com\\\/wp-content\\\/uploads\\\/2025\\\/03\\\/como-puede-evitar-los-accidentes-de-marcha-atras.jpg\",\"contentUrl\":\"https:\\\/\\\/thehometownlawyers.com\\\/wp-content\\\/uploads\\\/2025\\\/03\\\/como-puede-evitar-los-accidentes-de-marcha-atras.jpg\",\"width\":768,\"height\":512,\"caption\":\"The annoyed female driver was backing up and accidentally hit a parked car.\"},{\"@type\":\"BreadcrumbList\",\"@id\":\"https:\\\/\\\/thehometownlawyers.com\\\/es\\\/preguntas-frecuentes\\\/como-puede-evitar-los-accidentes-de-marcha-atras\\\/#breadcrumb\",\"itemListElement\":[{\"@type\":\"ListItem\",\"position\":1,\"name\":\"Home\",\"item\":\"https:\\\/\\\/thehometownlawyers.com\\\/es\\\/\"},{\"@type\":\"ListItem\",\"position\":2,\"name\":\"Preguntas Frecuentes\",\"item\":\"https:\\\/\\\/thehometownlawyers.com\\\/es\\\/preguntas-frecuentes\\\/\"},{\"@type\":\"ListItem\",\"position\":3,\"name\":\"\u00bfC\u00f3mo puede evitar los accidentes de marcha atr\u00e1s?\"}]},{\"@type\":\"WebSite\",\"@id\":\"https:\\\/\\\/thehometownlawyers.com\\\/es\\\/#website\",\"url\":\"https:\\\/\\\/thehometownlawyers.com\\\/es\\\/\",\"name\":\"Kruger & Hodges Hometown Injury Lawyers | Accident Attorneys\",\"description\":\"Attorneys for Car, Truck and Motorcycle Accidents, Personal Injuries, and Criminal Defense.\",\"publisher\":{\"@id\":\"https:\\\/\\\/thehometownlawyers.com\\\/es\\\/#organization\"},\"alternateName\":\"Kruger & Hodges Personal Injury Lawyers\",\"inLanguage\":\"es\"},{\"@type\":\"Organization\",\"@id\":\"https:\\\/\\\/thehometownlawyers.com\\\/es\\\/#organization\",\"name\":\"Kruger & Hodges Hometown Injury Lawyers\",\"alternateName\":\"Kruger & Hodges\",\"url\":\"https:\\\/\\\/thehometownlawyers.com\\\/es\\\/\",\"logo\":{\"@type\":\"ImageObject\",\"inLanguage\":\"es\",\"@id\":\"https:\\\/\\\/thehometownlawyers.com\\\/es\\\/#\\\/schema\\\/logo\\\/image\\\/\",\"url\":\"https:\\\/\\\/thehometownlawyers.com\\\/wp-content\\\/uploads\\\/2025\\\/12\\\/revised-kh-logo-vertical-white-background-scaled.png\",\"contentUrl\":\"https:\\\/\\\/thehometownlawyers.com\\\/wp-content\\\/uploads\\\/2025\\\/12\\\/revised-kh-logo-vertical-white-background-scaled.png\",\"width\":2560,\"height\":1440,\"caption\":\"Kruger & Hodges Hometown Injury Lawyers\"},\"image\":{\"@id\":\"https:\\\/\\\/thehometownlawyers.com\\\/es\\\/#\\\/schema\\\/logo\\\/image\\\/\"},\"sameAs\":[\"https:\\\/\\\/www.facebook.com\\\/KrugerHodges\\\/\",\"https:\\\/\\\/www.instagram.com\\\/krugerhodges\\\/\",\"https:\\\/\\\/www.linkedin.com\\\/company\\\/kruger-hodges-hometown-injury-lawyers\\\/\",\"https:\\\/\\\/www.youtube.com\\\/channel\\\/UCeYcMaMaN2rb9jMlqt4EIdQ\",\"https:\\\/\\\/www.tiktok.com\\\/@thehometownlawyer\"]}]}<\/script>\n<!-- \/ Yoast SEO plugin. -->","yoast_head_json":{"title":"\u00bfC\u00f3mo puede evitar los accidentes de marcha atr\u00e1s?: Consulta gratuita","description":"\u00bfC\u00f3mo puede evitar los accidentes de marcha atr\u00e1s? Los autos m\u00e1s nuevos pueden estar equipados con c\u00e1maras traseras. Esto hace que la copia de seguridad sea m\u00e1s segura, pero no elimina el riesgo.","robots":{"index":"index","follow":"follow","max-snippet":"max-snippet:-1","max-image-preview":"max-image-preview:large","max-video-preview":"max-video-preview:-1"},"canonical":"https:\/\/thehometownlawyers.com\/es\/preguntas-frecuentes\/como-puede-evitar-los-accidentes-de-marcha-atras\/","og_locale":"es_MX","og_type":"article","og_title":"\u00bfC\u00f3mo puede evitar los accidentes de marcha atr\u00e1s?: Consulta gratuita","og_description":"\u00bfC\u00f3mo puede evitar los accidentes de marcha atr\u00e1s? Los autos m\u00e1s nuevos pueden estar equipados con c\u00e1maras traseras. Esto hace que la copia de seguridad sea m\u00e1s segura, pero no elimina el riesgo.","og_url":"https:\/\/thehometownlawyers.com\/es\/preguntas-frecuentes\/como-puede-evitar-los-accidentes-de-marcha-atras\/","og_site_name":"Kruger &amp; Hodges Abogados De Lesiones","article_publisher":"https:\/\/www.facebook.com\/KrugerHodges\/","article_modified_time":"2025-03-24T17:14:24+00:00","og_image":[{"width":768,"height":512,"url":"https:\/\/thehometownlawyers.com\/wp-content\/uploads\/2025\/03\/como-puede-evitar-los-accidentes-de-marcha-atras.jpg","type":"image\/jpeg"}],"twitter_card":"summary_large_image","twitter_misc":{"Tiempo de lectura":"5 minutos"},"schema":{"@context":"https:\/\/schema.org","@graph":[{"@type":"WebPage","@id":"https:\/\/thehometownlawyers.com\/es\/preguntas-frecuentes\/como-puede-evitar-los-accidentes-de-marcha-atras\/","url":"https:\/\/thehometownlawyers.com\/es\/preguntas-frecuentes\/como-puede-evitar-los-accidentes-de-marcha-atras\/","name":"\u00bfC\u00f3mo puede evitar los accidentes de marcha atr\u00e1s?: Consulta gratuita","isPartOf":{"@id":"https:\/\/thehometownlawyers.com\/es\/#website"},"primaryImageOfPage":{"@id":"https:\/\/thehometownlawyers.com\/es\/preguntas-frecuentes\/como-puede-evitar-los-accidentes-de-marcha-atras\/#primaryimage"},"image":{"@id":"https:\/\/thehometownlawyers.com\/es\/preguntas-frecuentes\/como-puede-evitar-los-accidentes-de-marcha-atras\/#primaryimage"},"thumbnailUrl":"https:\/\/thehometownlawyers.com\/wp-content\/uploads\/2025\/03\/como-puede-evitar-los-accidentes-de-marcha-atras.jpg","datePublished":"2019-11-27T01:00:16+00:00","dateModified":"2025-03-24T17:14:24+00:00","description":"\u00bfC\u00f3mo puede evitar los accidentes de marcha atr\u00e1s? Los autos m\u00e1s nuevos pueden estar equipados con c\u00e1maras traseras. Esto hace que la copia de seguridad sea m\u00e1s segura, pero no elimina el riesgo.","breadcrumb":{"@id":"https:\/\/thehometownlawyers.com\/es\/preguntas-frecuentes\/como-puede-evitar-los-accidentes-de-marcha-atras\/#breadcrumb"},"inLanguage":"es","potentialAction":[{"@type":"ReadAction","target":["https:\/\/thehometownlawyers.com\/es\/preguntas-frecuentes\/como-puede-evitar-los-accidentes-de-marcha-atras\/"]}]},{"@type":"ImageObject","inLanguage":"es","@id":"https:\/\/thehometownlawyers.com\/es\/preguntas-frecuentes\/como-puede-evitar-los-accidentes-de-marcha-atras\/#primaryimage","url":"https:\/\/thehometownlawyers.com\/wp-content\/uploads\/2025\/03\/como-puede-evitar-los-accidentes-de-marcha-atras.jpg","contentUrl":"https:\/\/thehometownlawyers.com\/wp-content\/uploads\/2025\/03\/como-puede-evitar-los-accidentes-de-marcha-atras.jpg","width":768,"height":512,"caption":"The annoyed female driver was backing up and accidentally hit a parked car."},{"@type":"BreadcrumbList","@id":"https:\/\/thehometownlawyers.com\/es\/preguntas-frecuentes\/como-puede-evitar-los-accidentes-de-marcha-atras\/#breadcrumb","itemListElement":[{"@type":"ListItem","position":1,"name":"Home","item":"https:\/\/thehometownlawyers.com\/es\/"},{"@type":"ListItem","position":2,"name":"Preguntas Frecuentes","item":"https:\/\/thehometownlawyers.com\/es\/preguntas-frecuentes\/"},{"@type":"ListItem","position":3,"name":"\u00bfC\u00f3mo puede evitar los accidentes de marcha atr\u00e1s?"}]},{"@type":"WebSite","@id":"https:\/\/thehometownlawyers.com\/es\/#website","url":"https:\/\/thehometownlawyers.com\/es\/","name":"Kruger & Hodges Hometown Injury Lawyers | Accident Attorneys","description":"Attorneys for Car, Truck and Motorcycle Accidents, Personal Injuries, and Criminal Defense.","publisher":{"@id":"https:\/\/thehometownlawyers.com\/es\/#organization"},"alternateName":"Kruger & Hodges Personal Injury Lawyers","inLanguage":"es"},{"@type":"Organization","@id":"https:\/\/thehometownlawyers.com\/es\/#organization","name":"Kruger & Hodges Hometown Injury Lawyers","alternateName":"Kruger & Hodges","url":"https:\/\/thehometownlawyers.com\/es\/","logo":{"@type":"ImageObject","inLanguage":"es","@id":"https:\/\/thehometownlawyers.com\/es\/#\/schema\/logo\/image\/","url":"https:\/\/thehometownlawyers.com\/wp-content\/uploads\/2025\/12\/revised-kh-logo-vertical-white-background-scaled.png","contentUrl":"https:\/\/thehometownlawyers.com\/wp-content\/uploads\/2025\/12\/revised-kh-logo-vertical-white-background-scaled.png","width":2560,"height":1440,"caption":"Kruger & Hodges Hometown Injury Lawyers"},"image":{"@id":"https:\/\/thehometownlawyers.com\/es\/#\/schema\/logo\/image\/"},"sameAs":["https:\/\/www.facebook.com\/KrugerHodges\/","https:\/\/www.instagram.com\/krugerhodges\/","https:\/\/www.linkedin.com\/company\/kruger-hodges-hometown-injury-lawyers\/","https:\/\/www.youtube.com\/channel\/UCeYcMaMaN2rb9jMlqt4EIdQ","https:\/\/www.tiktok.com\/@thehometownlawyer"]}]}},"_links":{"self":[{"href":"https:\/\/thehometownlawyers.com\/es\/wp-json\/wp\/v2\/pages\/21016","targetHints":{"allow":["GET"]}}],"collection":[{"href":"https:\/\/thehometownlawyers.com\/es\/wp-json\/wp\/v2\/pages"}],"about":[{"href":"https:\/\/thehometownlawyers.com\/es\/wp-json\/wp\/v2\/types\/page"}],"author":[{"embeddable":true,"href":"https:\/\/thehometownlawyers.com\/es\/wp-json\/wp\/v2\/users\/7"}],"replies":[{"embeddable":true,"href":"https:\/\/thehometownlawyers.com\/es\/wp-json\/wp\/v2\/comments?post=21016"}],"version-history":[{"count":0,"href":"https:\/\/thehometownlawyers.com\/es\/wp-json\/wp\/v2\/pages\/21016\/revisions"}],"up":[{"embeddable":true,"href":"https:\/\/thehometownlawyers.com\/es\/wp-json\/wp\/v2\/pages\/20989"}],"wp:featuredmedia":[{"embeddable":true,"href":"https:\/\/thehometownlawyers.com\/es\/wp-json\/wp\/v2\/media\/24646"}],"wp:attachment":[{"href":"https:\/\/thehometownlawyers.com\/es\/wp-json\/wp\/v2\/media?parent=21016"}],"wp:term":[{"taxonomy":"hc_faqs","embeddable":true,"href":"https:\/\/thehometownlawyers.com\/es\/wp-json\/wp\/v2\/hc_faqs?post=21016"},{"taxonomy":"hc_spanish_faqs","embeddable":true,"href":"https:\/\/thehometownlawyers.com\/es\/wp-json\/wp\/v2\/hc_spanish_faqs?post=21016"}],"curies":[{"name":"wp","href":"https:\/\/api.w.org\/{rel}","templated":true}]}}