{"id":21017,"date":"2021-08-31T12:38:29","date_gmt":"2021-08-31T16:38:29","guid":{"rendered":"https:\/\/thehometownlawyers.com\/?post_type=faq&#038;p=21017"},"modified":"2025-04-02T13:30:25","modified_gmt":"2025-04-02T17:30:25","slug":"puede-mi-abogado-de-accidentes-automovilisticos-acceder-a-imagenes-de-video-de-camaras-de-trafico","status":"publish","type":"page","link":"https:\/\/thehometownlawyers.com\/es\/preguntas-frecuentes\/puede-mi-abogado-de-accidentes-automovilisticos-acceder-a-imagenes-de-video-de-camaras-de-trafico\/","title":{"rendered":"\u00bfPuede mi abogado de accidentes automovil\u00edsticos acceder a im\u00e1genes de video de c\u00e1maras de tr\u00e1fico?"},"content":{"rendered":"<p><strong>\u00bfPuede mi abogado de accidentes automovil\u00edsticos acceder a im\u00e1genes de video de c\u00e1maras de tr\u00e1fico? <\/strong><span style=\"font-weight: 400;\">Con la expansi\u00f3n de la tecnolog\u00eda en nuestra vida cotidiana, la videovigilancia est\u00e1 presente en casi todos los lugares a los que miramos.<\/span><\/p>\n<p><span style=\"font-weight: 400;\">Puede venir en forma de personas que registran incidentes con sus tel\u00e9fonos celulares, c\u00e1maras de tablero o c\u00e1maras de tr\u00e1fico. Esta prevalencia puede ser preocupante para la privacidad; sin embargo, tambi\u00e9n puede ser excepcionalmente beneficioso cuando se trata de incidentes graves, como un accidente automovil\u00edstico.<\/span><\/p>\n<h2><span style=\"font-weight: 400;\">\u00bfQu\u00e9 tipos de material de archivo buscar\u00e1?<\/span><\/h2>\n<p><span style=\"font-weight: 400;\">Cuando se trata de un accidente automovil\u00edstico, hay varios tipos de videovigilancia que su abogado de accidentes automovil\u00edsticos de Eaton, Ohio, intentar\u00e1 adquirir. Im\u00e1genes de Dashcam de veh\u00edculos civiles y policiales, transe\u00fantes que pueden haber grabado en sus tel\u00e9fonos y c\u00e1maras de tr\u00e1fico.<\/span><\/p>\n<p><span style=\"font-weight: 400;\">Teniendo en cuenta que todo el mundo tiene un tel\u00e9fono m\u00f3vil en estos d\u00edas, no es raro encontrar a alguien al margen grabando un incidente a medida que se desarrolla. <\/span><\/p>\n<p><span style=\"font-weight: 400;\">Tambi\u00e9n hay c\u00e1maras de tablero disponibles para veh\u00edculos civiles, aunque existen restricciones sobre d\u00f3nde se pueden colocar dentro del veh\u00edculo. Estas pueden ser inversiones inteligentes si capturan secuencias de video que sean beneficiosas para su caso.<\/span><\/p>\n<p><span style=\"font-weight: 400;\">Tambi\u00e9n hay im\u00e1genes de c\u00e1mara disponibles de c\u00e1maras de tr\u00e1fico que monitorean el flujo de tr\u00e1fico, as\u00ed como c\u00e1maras de tablero de la polic\u00eda.<\/span><\/p>\n<p><span style=\"font-weight: 400;\">No importa qu\u00e9 evidencia exista, los abogados de <a href=\"https:\/\/thehometownlawyers.com\/es\/acerca-de-los-abogados-de-kruger-hodges\/\">Kruger &amp; Hodges<\/a> trabajar\u00e1n para adquirirla.<\/span><\/p>\n<p class=\"rs-content-cta rs-content-cta-small\">Para una consulta legal gratuita, llame al <a href=\"tel:+15138943333\">513-894-3333 <\/a><\/p><h2><span style=\"font-weight: 400;\">\u00bfEs legal acceder a im\u00e1genes de video de c\u00e1maras de tr\u00e1fico?<\/span><\/h2>\n<p><span style=\"font-weight: 400;\">Tanto las c\u00e1maras de tr\u00e1fico como las de la polic\u00eda se consideran <a href=\"https:\/\/www.ideastream.org\/news\/in-ohio-videos-are-public-records-but-police-refuse-to-release-anyway\" target=\"_blank\" rel=\"noopener\">registros p\u00fablicos<\/a> en Eaton y en todo Ohio. Para adquirir im\u00e1genes de c\u00e1maras de tr\u00e1fico, tendremos que hacer una solicitud al Departamento de Veh\u00edculos Motorizados de Ohio.<\/span><\/p>\n<p><span style=\"font-weight: 400;\">Necesitaremos detalles como la ubicaci\u00f3n del cruce de caminos del accidente, la fecha y el marco de tiempo. Con esta informaci\u00f3n, comenzaremos el proceso temprano para que podamos obtener las im\u00e1genes de video lo antes posible.<\/span><\/p>\n<p><span style=\"font-weight: 400;\">Cuando se trata de im\u00e1genes de la c\u00e1mara del tablero de la polic\u00eda, cada departamento puede tener sus propias pol\u00edticas con respecto al tipo de documentaci\u00f3n que se debe completar para realizar esa solicitud.<\/span><\/p>\n<p><span style=\"font-weight: 400;\">Independientemente de la molestia y el papeleo, nos pondremos en contacto con las agencias policiales involucradas para asegurarnos de comenzar a obtener las im\u00e1genes de su dashcam.<\/span><\/p>\n<p><span style=\"font-weight: 400;\">Los testigos adicionales que sean ciudadanos privados pueden requerir una citaci\u00f3n para producir im\u00e1genes de video del incidente.<\/span><\/p>\n<h2><span style=\"font-weight: 400;\">\u00bfQu\u00e9 es tan importante sobre las im\u00e1genes de video de las c\u00e1maras de tr\u00e1fico?<\/span><\/h2>\n<p><span style=\"font-weight: 400;\">Las im\u00e1genes de Dashcam pueden proporcionar evidencia crucial para resolver las preguntas sin respuesta de un caso. Desafortunadamente, a veces los accidentes automovil\u00edsticos pueden convertirse en discusiones de ida y vuelta entre los conductores, ninguno de los cuales cree que tuvo la culpa.<\/span><\/p>\n<p><span style=\"font-weight: 400;\">Adem\u00e1s, si las compa\u00f1\u00edas de seguros siguen el mismo camino y no pueden llegar a un acuerdo o acuerdo, las im\u00e1genes de video reci\u00e9n adquiridas pueden influir en una parte u otra. Por \u00faltimo, tambi\u00e9n hay circunstancias desafortunadas en las que las personas ser\u00e1n deshonestas sobre la causa de un accidente automovil\u00edstico.<\/span><\/p>\n<p><span style=\"font-weight: 400;\">Las im\u00e1genes de video pueden ser la evidencia necesaria para mostrarle a una compa\u00f1\u00eda de seguros o a un tribunal la verdadera causa de un accidente. <\/span><\/p>\n<p><span style=\"font-weight: 400;\">Las im\u00e1genes de video tambi\u00e9n son vitales porque es bastante dif\u00edcil argumentar en contra de una evidencia visual clara de lo que sucedi\u00f3 exactamente. Sin embargo, hay algunas defensas contra esto.<\/span><\/p>\n<p><span style=\"font-weight: 400;\">Por ejemplo, un demandado puede argumentar que las secuencias de video se adquirieron de manera ilegal o incorrecta y, por lo tanto, no se pueden usar. Independientemente de los argumentos que se presenten, los abogados de Kruger &amp; Hodges tienen a\u00f1os de experiencia en la recopilaci\u00f3n de pruebas de manera correcta y eficiente. <\/span><\/p>\n<p><span style=\"font-weight: 400;\">Las im\u00e1genes de las c\u00e1maras de tr\u00e1fico tambi\u00e9n pueden conducir al descubrimiento de testigos adicionales que pueden no haber sido documentados por la polic\u00eda. Los testigos reci\u00e9n descubiertos podr\u00edan potencialmente reforzar su caso. <\/span><\/p>\n<p><span style=\"font-weight: 400;\">Nos aseguraremos de agotar todos los medios para recopilar im\u00e1genes de video que sean beneficiosas para su caso.<\/span><\/p>\n<p class=\"rs-content-cta rs-content-cta-small\"><a href=\"\/es\/contacto\/\">Haga clic para contactar<\/a> con nuestros  abogados hoy<\/p><h2><span style=\"font-weight: 400;\">P\u00f3ngase en contacto con Kruger &amp; Hodges <\/span><\/h2>\n<p><span style=\"font-weight: 400;\">Si ha estado involucrado en un accidente automovil\u00edstico, los abogados de lesiones personales de Kruger &amp; Hodges est\u00e1n listos para ayudarlo. Estos casos pueden ser complicados, extensos y estresantes.<\/span><\/p>\n<p><span style=\"font-weight: 400;\">Tenemos experiencia en el manejo de compa\u00f1\u00edas de seguros, la recopilaci\u00f3n de pruebas y la elaboraci\u00f3n de un caso convincente que lo beneficiar\u00e1 a usted o a sus seres queridos. <\/span><a href=\"https:\/\/thehometownlawyers.com\/es\/contacto\/\"><span style=\"font-weight: 400;\">Cont\u00e1ctenos hoy para una consulta gratuita<\/span><\/a> <span style=\"font-weight: 400;\">para ver c\u00f3mo podemos ayudarlo.<\/span><\/p>\n<p class=\"rs-content-cta rs-content-cta-small\">Llame o env\u00ede un mensaje de texto al <a href=\"tel:+15138943333\">513-894-3333<\/a> o complete una <a href=\"\/es\/contacto\/\">evaluaci\u00f3n gratuita de su caso<\/a><\/p>","protected":false},"excerpt":{"rendered":"<p>\u00bfPuede mi abogado de accidentes automovil\u00edsticos acceder a im\u00e1genes de video de c\u00e1maras de tr\u00e1fico? Con la expansi\u00f3n de la tecnolog\u00eda en nuestra vida cotidiana, la videovigilancia est\u00e1 presente en casi todos los lugares a los que miramos. Puede venir en forma de personas que registran incidentes con sus tel\u00e9fonos celulares, c\u00e1maras de tablero o &#8230;<\/p>\n","protected":false},"author":7,"featured_media":24419,"parent":20989,"menu_order":0,"comment_status":"closed","ping_status":"closed","template":"","meta":{"_acf_changed":false,"inline_featured_image":false,"_genesis_hide_title":false,"_genesis_hide_breadcrumbs":false,"_genesis_hide_singular_image":false,"_genesis_hide_footer_widgets":false,"_genesis_custom_body_class":"","_genesis_custom_post_class":"","_genesis_layout":"","footnotes":""},"hc_faqs":[316],"hc_spanish_faqs":[],"class_list":{"0":"post-21017","1":"page","2":"type-page","3":"status-publish","4":"has-post-thumbnail","6":"hc_faqs-accidente-de-automovilismo","7":"entry"},"acf":[],"yoast_head":"<!-- This site is optimized with the Yoast SEO plugin v27.4 - https:\/\/yoast.com\/product\/yoast-seo-wordpress\/ -->\n<title>\u00bfPuede el abogado acceder a las im\u00e1genes de las c\u00e1maras de tr\u00e1fico? | Kruger &amp; Hodges<\/title>\n<meta name=\"description\" content=\"\u00bfPuede mi abogado de accidentes automovil\u00edsticos acceder a im\u00e1genes de c\u00e1maras de tr\u00e1fico? Tanto las c\u00e1maras de tr\u00e1fico como las de la polic\u00eda se consideran registros p\u00fablicos en Ohio.\" \/>\n<meta name=\"robots\" content=\"index, follow, max-snippet:-1, max-image-preview:large, max-video-preview:-1\" \/>\n<link rel=\"canonical\" href=\"https:\/\/thehometownlawyers.com\/es\/preguntas-frecuentes\/puede-mi-abogado-de-accidentes-automovilisticos-acceder-a-imagenes-de-video-de-camaras-de-trafico\/\" \/>\n<meta property=\"og:locale\" content=\"es_MX\" \/>\n<meta property=\"og:type\" content=\"article\" \/>\n<meta property=\"og:title\" content=\"\u00bfPuede el abogado acceder a las im\u00e1genes de las c\u00e1maras de tr\u00e1fico? | Kruger &amp; Hodges\" \/>\n<meta property=\"og:description\" content=\"\u00bfPuede mi abogado de accidentes automovil\u00edsticos acceder a im\u00e1genes de c\u00e1maras de tr\u00e1fico? Tanto las c\u00e1maras de tr\u00e1fico como las de la polic\u00eda se consideran registros p\u00fablicos en Ohio.\" \/>\n<meta property=\"og:url\" content=\"https:\/\/thehometownlawyers.com\/es\/preguntas-frecuentes\/puede-mi-abogado-de-accidentes-automovilisticos-acceder-a-imagenes-de-video-de-camaras-de-trafico\/\" \/>\n<meta property=\"og:site_name\" content=\"Kruger &amp; Hodges Abogados De Lesiones\" \/>\n<meta property=\"article:publisher\" content=\"https:\/\/www.facebook.com\/KrugerHodges\/\" \/>\n<meta property=\"article:modified_time\" content=\"2025-04-02T17:30:25+00:00\" \/>\n<meta property=\"og:image\" content=\"https:\/\/thehometownlawyers.com\/wp-content\/uploads\/2025\/03\/puede-mi-abogado-de-accidentes-automovilisticos-acceder-a-imagenes-de-video-de-camaras-de-trafico.jpg\" \/>\n\t<meta property=\"og:image:width\" content=\"1000\" \/>\n\t<meta property=\"og:image:height\" content=\"562\" \/>\n\t<meta property=\"og:image:type\" content=\"image\/jpeg\" \/>\n<meta name=\"twitter:card\" content=\"summary_large_image\" \/>\n<meta name=\"twitter:label1\" content=\"Tiempo de lectura\" \/>\n\t<meta name=\"twitter:data1\" content=\"4 minutos\" \/>\n<script type=\"application\/ld+json\" class=\"yoast-schema-graph\">{\"@context\":\"https:\\\/\\\/schema.org\",\"@graph\":[{\"@type\":\"WebPage\",\"@id\":\"https:\\\/\\\/thehometownlawyers.com\\\/es\\\/preguntas-frecuentes\\\/puede-mi-abogado-de-accidentes-automovilisticos-acceder-a-imagenes-de-video-de-camaras-de-trafico\\\/\",\"url\":\"https:\\\/\\\/thehometownlawyers.com\\\/es\\\/preguntas-frecuentes\\\/puede-mi-abogado-de-accidentes-automovilisticos-acceder-a-imagenes-de-video-de-camaras-de-trafico\\\/\",\"name\":\"\u00bfPuede el abogado acceder a las im\u00e1genes de las c\u00e1maras de tr\u00e1fico? | Kruger & Hodges\",\"isPartOf\":{\"@id\":\"https:\\\/\\\/thehometownlawyers.com\\\/es\\\/#website\"},\"primaryImageOfPage\":{\"@id\":\"https:\\\/\\\/thehometownlawyers.com\\\/es\\\/preguntas-frecuentes\\\/puede-mi-abogado-de-accidentes-automovilisticos-acceder-a-imagenes-de-video-de-camaras-de-trafico\\\/#primaryimage\"},\"image\":{\"@id\":\"https:\\\/\\\/thehometownlawyers.com\\\/es\\\/preguntas-frecuentes\\\/puede-mi-abogado-de-accidentes-automovilisticos-acceder-a-imagenes-de-video-de-camaras-de-trafico\\\/#primaryimage\"},\"thumbnailUrl\":\"https:\\\/\\\/thehometownlawyers.com\\\/wp-content\\\/uploads\\\/2025\\\/03\\\/puede-mi-abogado-de-accidentes-automovilisticos-acceder-a-imagenes-de-video-de-camaras-de-trafico.jpg\",\"datePublished\":\"2021-08-31T16:38:29+00:00\",\"dateModified\":\"2025-04-02T17:30:25+00:00\",\"description\":\"\u00bfPuede mi abogado de accidentes automovil\u00edsticos acceder a im\u00e1genes de c\u00e1maras de tr\u00e1fico? Tanto las c\u00e1maras de tr\u00e1fico como las de la polic\u00eda se consideran registros p\u00fablicos en Ohio.\",\"breadcrumb\":{\"@id\":\"https:\\\/\\\/thehometownlawyers.com\\\/es\\\/preguntas-frecuentes\\\/puede-mi-abogado-de-accidentes-automovilisticos-acceder-a-imagenes-de-video-de-camaras-de-trafico\\\/#breadcrumb\"},\"inLanguage\":\"es\",\"potentialAction\":[{\"@type\":\"ReadAction\",\"target\":[\"https:\\\/\\\/thehometownlawyers.com\\\/es\\\/preguntas-frecuentes\\\/puede-mi-abogado-de-accidentes-automovilisticos-acceder-a-imagenes-de-video-de-camaras-de-trafico\\\/\"]}]},{\"@type\":\"ImageObject\",\"inLanguage\":\"es\",\"@id\":\"https:\\\/\\\/thehometownlawyers.com\\\/es\\\/preguntas-frecuentes\\\/puede-mi-abogado-de-accidentes-automovilisticos-acceder-a-imagenes-de-video-de-camaras-de-trafico\\\/#primaryimage\",\"url\":\"https:\\\/\\\/thehometownlawyers.com\\\/wp-content\\\/uploads\\\/2025\\\/03\\\/puede-mi-abogado-de-accidentes-automovilisticos-acceder-a-imagenes-de-video-de-camaras-de-trafico.jpg\",\"contentUrl\":\"https:\\\/\\\/thehometownlawyers.com\\\/wp-content\\\/uploads\\\/2025\\\/03\\\/puede-mi-abogado-de-accidentes-automovilisticos-acceder-a-imagenes-de-video-de-camaras-de-trafico.jpg\",\"width\":1000,\"height\":562,\"caption\":\"A black luxury sedan making a left turn\"},{\"@type\":\"BreadcrumbList\",\"@id\":\"https:\\\/\\\/thehometownlawyers.com\\\/es\\\/preguntas-frecuentes\\\/puede-mi-abogado-de-accidentes-automovilisticos-acceder-a-imagenes-de-video-de-camaras-de-trafico\\\/#breadcrumb\",\"itemListElement\":[{\"@type\":\"ListItem\",\"position\":1,\"name\":\"Home\",\"item\":\"https:\\\/\\\/thehometownlawyers.com\\\/es\\\/\"},{\"@type\":\"ListItem\",\"position\":2,\"name\":\"Preguntas Frecuentes\",\"item\":\"https:\\\/\\\/thehometownlawyers.com\\\/es\\\/preguntas-frecuentes\\\/\"},{\"@type\":\"ListItem\",\"position\":3,\"name\":\"\u00bfPuede mi abogado de accidentes automovil\u00edsticos acceder a im\u00e1genes de video de c\u00e1maras de tr\u00e1fico?\"}]},{\"@type\":\"WebSite\",\"@id\":\"https:\\\/\\\/thehometownlawyers.com\\\/es\\\/#website\",\"url\":\"https:\\\/\\\/thehometownlawyers.com\\\/es\\\/\",\"name\":\"Kruger & Hodges Hometown Injury Lawyers | Accident Attorneys\",\"description\":\"Attorneys for Car, Truck and Motorcycle Accidents, Personal Injuries, and Criminal Defense.\",\"publisher\":{\"@id\":\"https:\\\/\\\/thehometownlawyers.com\\\/es\\\/#organization\"},\"alternateName\":\"Kruger & Hodges Personal Injury Lawyers\",\"inLanguage\":\"es\"},{\"@type\":\"Organization\",\"@id\":\"https:\\\/\\\/thehometownlawyers.com\\\/es\\\/#organization\",\"name\":\"Kruger & Hodges Hometown Injury Lawyers\",\"alternateName\":\"Kruger & Hodges\",\"url\":\"https:\\\/\\\/thehometownlawyers.com\\\/es\\\/\",\"logo\":{\"@type\":\"ImageObject\",\"inLanguage\":\"es\",\"@id\":\"https:\\\/\\\/thehometownlawyers.com\\\/es\\\/#\\\/schema\\\/logo\\\/image\\\/\",\"url\":\"https:\\\/\\\/thehometownlawyers.com\\\/wp-content\\\/uploads\\\/2025\\\/12\\\/revised-kh-logo-vertical-white-background-scaled.png\",\"contentUrl\":\"https:\\\/\\\/thehometownlawyers.com\\\/wp-content\\\/uploads\\\/2025\\\/12\\\/revised-kh-logo-vertical-white-background-scaled.png\",\"width\":2560,\"height\":1440,\"caption\":\"Kruger & Hodges Hometown Injury Lawyers\"},\"image\":{\"@id\":\"https:\\\/\\\/thehometownlawyers.com\\\/es\\\/#\\\/schema\\\/logo\\\/image\\\/\"},\"sameAs\":[\"https:\\\/\\\/www.facebook.com\\\/KrugerHodges\\\/\",\"https:\\\/\\\/www.instagram.com\\\/krugerhodges\\\/\",\"https:\\\/\\\/www.linkedin.com\\\/company\\\/kruger-hodges-hometown-injury-lawyers\\\/\",\"https:\\\/\\\/www.youtube.com\\\/channel\\\/UCeYcMaMaN2rb9jMlqt4EIdQ\",\"https:\\\/\\\/www.tiktok.com\\\/@thehometownlawyer\"]}]}<\/script>\n<!-- \/ Yoast SEO plugin. -->","yoast_head_json":{"title":"\u00bfPuede el abogado acceder a las im\u00e1genes de las c\u00e1maras de tr\u00e1fico? | Kruger & Hodges","description":"\u00bfPuede mi abogado de accidentes automovil\u00edsticos acceder a im\u00e1genes de c\u00e1maras de tr\u00e1fico? Tanto las c\u00e1maras de tr\u00e1fico como las de la polic\u00eda se consideran registros p\u00fablicos en Ohio.","robots":{"index":"index","follow":"follow","max-snippet":"max-snippet:-1","max-image-preview":"max-image-preview:large","max-video-preview":"max-video-preview:-1"},"canonical":"https:\/\/thehometownlawyers.com\/es\/preguntas-frecuentes\/puede-mi-abogado-de-accidentes-automovilisticos-acceder-a-imagenes-de-video-de-camaras-de-trafico\/","og_locale":"es_MX","og_type":"article","og_title":"\u00bfPuede el abogado acceder a las im\u00e1genes de las c\u00e1maras de tr\u00e1fico? | Kruger & Hodges","og_description":"\u00bfPuede mi abogado de accidentes automovil\u00edsticos acceder a im\u00e1genes de c\u00e1maras de tr\u00e1fico? Tanto las c\u00e1maras de tr\u00e1fico como las de la polic\u00eda se consideran registros p\u00fablicos en Ohio.","og_url":"https:\/\/thehometownlawyers.com\/es\/preguntas-frecuentes\/puede-mi-abogado-de-accidentes-automovilisticos-acceder-a-imagenes-de-video-de-camaras-de-trafico\/","og_site_name":"Kruger &amp; Hodges Abogados De Lesiones","article_publisher":"https:\/\/www.facebook.com\/KrugerHodges\/","article_modified_time":"2025-04-02T17:30:25+00:00","og_image":[{"width":1000,"height":562,"url":"https:\/\/thehometownlawyers.com\/wp-content\/uploads\/2025\/03\/puede-mi-abogado-de-accidentes-automovilisticos-acceder-a-imagenes-de-video-de-camaras-de-trafico.jpg","type":"image\/jpeg"}],"twitter_card":"summary_large_image","twitter_misc":{"Tiempo de lectura":"4 minutos"},"schema":{"@context":"https:\/\/schema.org","@graph":[{"@type":"WebPage","@id":"https:\/\/thehometownlawyers.com\/es\/preguntas-frecuentes\/puede-mi-abogado-de-accidentes-automovilisticos-acceder-a-imagenes-de-video-de-camaras-de-trafico\/","url":"https:\/\/thehometownlawyers.com\/es\/preguntas-frecuentes\/puede-mi-abogado-de-accidentes-automovilisticos-acceder-a-imagenes-de-video-de-camaras-de-trafico\/","name":"\u00bfPuede el abogado acceder a las im\u00e1genes de las c\u00e1maras de tr\u00e1fico? | Kruger & Hodges","isPartOf":{"@id":"https:\/\/thehometownlawyers.com\/es\/#website"},"primaryImageOfPage":{"@id":"https:\/\/thehometownlawyers.com\/es\/preguntas-frecuentes\/puede-mi-abogado-de-accidentes-automovilisticos-acceder-a-imagenes-de-video-de-camaras-de-trafico\/#primaryimage"},"image":{"@id":"https:\/\/thehometownlawyers.com\/es\/preguntas-frecuentes\/puede-mi-abogado-de-accidentes-automovilisticos-acceder-a-imagenes-de-video-de-camaras-de-trafico\/#primaryimage"},"thumbnailUrl":"https:\/\/thehometownlawyers.com\/wp-content\/uploads\/2025\/03\/puede-mi-abogado-de-accidentes-automovilisticos-acceder-a-imagenes-de-video-de-camaras-de-trafico.jpg","datePublished":"2021-08-31T16:38:29+00:00","dateModified":"2025-04-02T17:30:25+00:00","description":"\u00bfPuede mi abogado de accidentes automovil\u00edsticos acceder a im\u00e1genes de c\u00e1maras de tr\u00e1fico? Tanto las c\u00e1maras de tr\u00e1fico como las de la polic\u00eda se consideran registros p\u00fablicos en Ohio.","breadcrumb":{"@id":"https:\/\/thehometownlawyers.com\/es\/preguntas-frecuentes\/puede-mi-abogado-de-accidentes-automovilisticos-acceder-a-imagenes-de-video-de-camaras-de-trafico\/#breadcrumb"},"inLanguage":"es","potentialAction":[{"@type":"ReadAction","target":["https:\/\/thehometownlawyers.com\/es\/preguntas-frecuentes\/puede-mi-abogado-de-accidentes-automovilisticos-acceder-a-imagenes-de-video-de-camaras-de-trafico\/"]}]},{"@type":"ImageObject","inLanguage":"es","@id":"https:\/\/thehometownlawyers.com\/es\/preguntas-frecuentes\/puede-mi-abogado-de-accidentes-automovilisticos-acceder-a-imagenes-de-video-de-camaras-de-trafico\/#primaryimage","url":"https:\/\/thehometownlawyers.com\/wp-content\/uploads\/2025\/03\/puede-mi-abogado-de-accidentes-automovilisticos-acceder-a-imagenes-de-video-de-camaras-de-trafico.jpg","contentUrl":"https:\/\/thehometownlawyers.com\/wp-content\/uploads\/2025\/03\/puede-mi-abogado-de-accidentes-automovilisticos-acceder-a-imagenes-de-video-de-camaras-de-trafico.jpg","width":1000,"height":562,"caption":"A black luxury sedan making a left turn"},{"@type":"BreadcrumbList","@id":"https:\/\/thehometownlawyers.com\/es\/preguntas-frecuentes\/puede-mi-abogado-de-accidentes-automovilisticos-acceder-a-imagenes-de-video-de-camaras-de-trafico\/#breadcrumb","itemListElement":[{"@type":"ListItem","position":1,"name":"Home","item":"https:\/\/thehometownlawyers.com\/es\/"},{"@type":"ListItem","position":2,"name":"Preguntas Frecuentes","item":"https:\/\/thehometownlawyers.com\/es\/preguntas-frecuentes\/"},{"@type":"ListItem","position":3,"name":"\u00bfPuede mi abogado de accidentes automovil\u00edsticos acceder a im\u00e1genes de video de c\u00e1maras de tr\u00e1fico?"}]},{"@type":"WebSite","@id":"https:\/\/thehometownlawyers.com\/es\/#website","url":"https:\/\/thehometownlawyers.com\/es\/","name":"Kruger & Hodges Hometown Injury Lawyers | Accident Attorneys","description":"Attorneys for Car, Truck and Motorcycle Accidents, Personal Injuries, and Criminal Defense.","publisher":{"@id":"https:\/\/thehometownlawyers.com\/es\/#organization"},"alternateName":"Kruger & Hodges Personal Injury Lawyers","inLanguage":"es"},{"@type":"Organization","@id":"https:\/\/thehometownlawyers.com\/es\/#organization","name":"Kruger & Hodges Hometown Injury Lawyers","alternateName":"Kruger & Hodges","url":"https:\/\/thehometownlawyers.com\/es\/","logo":{"@type":"ImageObject","inLanguage":"es","@id":"https:\/\/thehometownlawyers.com\/es\/#\/schema\/logo\/image\/","url":"https:\/\/thehometownlawyers.com\/wp-content\/uploads\/2025\/12\/revised-kh-logo-vertical-white-background-scaled.png","contentUrl":"https:\/\/thehometownlawyers.com\/wp-content\/uploads\/2025\/12\/revised-kh-logo-vertical-white-background-scaled.png","width":2560,"height":1440,"caption":"Kruger & Hodges Hometown Injury Lawyers"},"image":{"@id":"https:\/\/thehometownlawyers.com\/es\/#\/schema\/logo\/image\/"},"sameAs":["https:\/\/www.facebook.com\/KrugerHodges\/","https:\/\/www.instagram.com\/krugerhodges\/","https:\/\/www.linkedin.com\/company\/kruger-hodges-hometown-injury-lawyers\/","https:\/\/www.youtube.com\/channel\/UCeYcMaMaN2rb9jMlqt4EIdQ","https:\/\/www.tiktok.com\/@thehometownlawyer"]}]}},"_links":{"self":[{"href":"https:\/\/thehometownlawyers.com\/es\/wp-json\/wp\/v2\/pages\/21017","targetHints":{"allow":["GET"]}}],"collection":[{"href":"https:\/\/thehometownlawyers.com\/es\/wp-json\/wp\/v2\/pages"}],"about":[{"href":"https:\/\/thehometownlawyers.com\/es\/wp-json\/wp\/v2\/types\/page"}],"author":[{"embeddable":true,"href":"https:\/\/thehometownlawyers.com\/es\/wp-json\/wp\/v2\/users\/7"}],"replies":[{"embeddable":true,"href":"https:\/\/thehometownlawyers.com\/es\/wp-json\/wp\/v2\/comments?post=21017"}],"version-history":[{"count":0,"href":"https:\/\/thehometownlawyers.com\/es\/wp-json\/wp\/v2\/pages\/21017\/revisions"}],"up":[{"embeddable":true,"href":"https:\/\/thehometownlawyers.com\/es\/wp-json\/wp\/v2\/pages\/20989"}],"wp:featuredmedia":[{"embeddable":true,"href":"https:\/\/thehometownlawyers.com\/es\/wp-json\/wp\/v2\/media\/24419"}],"wp:attachment":[{"href":"https:\/\/thehometownlawyers.com\/es\/wp-json\/wp\/v2\/media?parent=21017"}],"wp:term":[{"taxonomy":"hc_faqs","embeddable":true,"href":"https:\/\/thehometownlawyers.com\/es\/wp-json\/wp\/v2\/hc_faqs?post=21017"},{"taxonomy":"hc_spanish_faqs","embeddable":true,"href":"https:\/\/thehometownlawyers.com\/es\/wp-json\/wp\/v2\/hc_spanish_faqs?post=21017"}],"curies":[{"name":"wp","href":"https:\/\/api.w.org\/{rel}","templated":true}]}}