{"id":21018,"date":"2019-03-08T22:31:44","date_gmt":"2019-03-09T03:31:44","guid":{"rendered":"https:\/\/thehometownlawyers.com\/?post_type=faq&#038;p=21018"},"modified":"2025-01-31T12:07:44","modified_gmt":"2025-01-31T17:07:44","slug":"errores-comunes-que-se-cometen-despues-de-una-mordedura-de-perro","status":"publish","type":"page","link":"https:\/\/thehometownlawyers.com\/es\/preguntas-frecuentes\/errores-comunes-que-se-cometen-despues-de-una-mordedura-de-perro\/","title":{"rendered":"Errores comunes que se cometen despu\u00e9s de una mordedura de perro"},"content":{"rendered":"<p>Es una verdad desafortunada que <u><a href=\"https:\/\/www.daytondailynews.com\/lifestyles\/pets\/ohio-dog-laws-chapter-955-ohio-revised-code\/2ih6KBkgEY34aArTLbZ9pJ\/\" target=\"_blank\" rel=\"noopener\">las mordeduras de perros son una ocurrencia com\u00fan en Ohio<\/a><\/u> . Si ha sido atacado o mordido por un perro, es importante recordar que puede tener derecho a recibir una compensaci\u00f3n. Desafortunadamente, las v\u00edctimas de accidentes por mordeduras de perros a veces cometen errores sustanciales que crean serios obst\u00e1culos para obtener una compensaci\u00f3n adecuada.<\/p>\n<h2>No obtener tratamiento m\u00e9dico de inmediato<\/h2>\n<p>Si un perro lo ataca o lo muerde, es fundamental buscar atenci\u00f3n m\u00e9dica de inmediato. Las mordeduras de perros pueden provocar una serie de afecciones m\u00e9dicas graves, incluida <u><a href=\"https:\/\/www.cdc.gov\/rabies\/index.html\" target=\"_blank\" rel=\"noopener\">la rabia<\/a><\/u> . Si no obtiene atenci\u00f3n m\u00e9dica de inmediato, es posible que accidentalmente termine creando una serie de pruebas que sugieran que no result\u00f3 lesionado en la medida en que afirma. Obtener la asistencia de un profesional m\u00e9dico y proporcionar la documentaci\u00f3n de sus lesiones y tratamiento puede ayudar a garantizar que establezca un registro de sus da\u00f1os.<\/p>\n<p class=\"rs-content-cta rs-content-cta-small\">Para una consulta legal gratuita, llame al <a href=\"tel:+15138943333\">513-894-3333 <\/a><\/p><h2>No informar la mordedura de perro<\/h2>\n<p>En un desafortunado n\u00famero de situaciones, las v\u00edctimas de mordeduras de perros no informan a la polic\u00eda que incluso ocurri\u00f3 un accidente. Un informe policial puede proporcionar detalles importantes sobre c\u00f3mo ocurri\u00f3 un accidente que puede mejorar sus probabilidades de obtener una compensaci\u00f3n por sus facturas m\u00e9dicas y otros da\u00f1os resultantes. Algunos de los detalles cr\u00edticos que deben incluirse en un informe de mordedura de perro son el nombre y la informaci\u00f3n de contacto de los testigos, declaraciones escritas de los testigos, fotograf\u00edas de la escena del accidente, fotograf\u00edas de las lesiones f\u00edsicas y detalles sobre d\u00f3nde estuvo usted en el momento del accidente. momento del ataque.<\/p>\n<h2>Hablando con un Ajustador de Seguros Directamente<\/h2>\n<p>Algunas v\u00edctimas de mordeduras de perros brindan inmediatamente informaci\u00f3n sobre el ataque a la compa\u00f1\u00eda de seguros del due\u00f1o del perro, pero esto rara vez es una buena idea. Si decide hablar con la compa\u00f1\u00eda de seguros de la otra parte, debe evitar proporcionar una declaraci\u00f3n por escrito porque esto puede usarse en su contra m\u00e1s adelante. Si proporciona una declaraci\u00f3n por escrito, es probable que el ajustador de seguros busque formas de debilitar su narrativa sobre c\u00f3mo ocurri\u00f3 el accidente.<\/p>\n<p class=\"rs-content-cta rs-content-cta-small\"><a href=\"\/es\/contacto\/\">Haga clic para contactar<\/a> con nuestros  abogados hoy<\/p><h2>No conseguir un abogado con experiencia en mordeduras de perro<\/h2>\n<p>Un <a href=\"https:\/\/thehometownlawyers.com\/es\/abogados-de-lesiones-personales-en-eaton-ohio\/abogados-de-mordeduras-de-perro-en-eaton-ohio\/\">abogado con experiencia en mordeduras de perros<\/a> puede ayudarlo a abordar los numerosos desaf\u00edos que surgen al presentar un reclamo por lesiones personales, incluido el trato con los ajustadores de seguros. Un abogado con experiencia en accidentes puede determinar la ley de Ohio relevante en su caso, recopilar la evidencia cr\u00edtica de c\u00f3mo ocurri\u00f3 su accidente y asegurarse de que tiene el caso m\u00e1s s\u00f3lido posible para obtener una compensaci\u00f3n.<\/p>\n<p>Si ha sido atacado o mordido por un perro, no debe dudar en obtener la asistencia de un abogado experto en mordeduras de perros. Comun\u00edquese con <u><a href=\"https:\/\/thehometownlawyers.com\/es\/acerca-de-los-abogados-de-kruger-hodges\/\">Kruger &amp; Hodges<\/a><\/u> hoy para programar su evaluaci\u00f3n inicial gratuita de su caso.<\/p>\n<p><a href=\"https:\/\/thehometownlawyers.com\/es\/contacto\/\">Oficina de abogados de Eaton<\/a><\/p>\n<p class=\"rs-content-cta rs-content-cta-small\">Llame o env\u00ede un mensaje de texto al <a href=\"tel:+15138943333\">513-894-3333<\/a> o complete una <a href=\"\/es\/contacto\/\">evaluaci\u00f3n gratuita de su caso<\/a><\/p>","protected":false},"excerpt":{"rendered":"<p>Es una verdad desafortunada que las mordeduras de perros son una ocurrencia com\u00fan en Ohio . Si ha sido atacado o mordido por un perro, es importante recordar que puede tener derecho a recibir una compensaci\u00f3n. Desafortunadamente, las v\u00edctimas de accidentes por mordeduras de perros a veces cometen errores sustanciales que crean serios obst\u00e1culos para &#8230;<\/p>\n","protected":false},"author":7,"featured_media":20717,"parent":20989,"menu_order":0,"comment_status":"closed","ping_status":"closed","template":"","meta":{"_acf_changed":false,"inline_featured_image":false,"_genesis_hide_title":false,"_genesis_hide_breadcrumbs":false,"_genesis_hide_singular_image":false,"_genesis_hide_footer_widgets":false,"_genesis_custom_body_class":"","_genesis_custom_post_class":"","_genesis_layout":"","footnotes":""},"hc_faqs":[316],"hc_spanish_faqs":[],"class_list":{"0":"post-21018","1":"page","2":"type-page","3":"status-publish","4":"has-post-thumbnail","6":"hc_faqs-accidente-de-automovilismo","7":"entry"},"acf":[],"yoast_head":"<!-- This site is optimized with the Yoast SEO plugin v27.4 - https:\/\/yoast.com\/product\/yoast-seo-wordpress\/ -->\n<title>Errores comunes que se cometen despu\u00e9s de una mordedura de perro: Consulta gratuita<\/title>\n<meta name=\"description\" content=\"Las mordeduras de perro pueden causar dolor f\u00edsico y emocional intenso. Si ha sido v\u00edctima de una mordedura de perro, llame al 513-894-3333 para una consulta gratuita.\" \/>\n<meta name=\"robots\" content=\"index, follow, max-snippet:-1, max-image-preview:large, max-video-preview:-1\" \/>\n<link rel=\"canonical\" href=\"https:\/\/thehometownlawyers.com\/es\/preguntas-frecuentes\/errores-comunes-que-se-cometen-despues-de-una-mordedura-de-perro\/\" \/>\n<meta property=\"og:locale\" content=\"es_MX\" \/>\n<meta property=\"og:type\" content=\"article\" \/>\n<meta property=\"og:title\" content=\"Errores comunes que se cometen despu\u00e9s de una mordedura de perro: Consulta gratuita\" \/>\n<meta property=\"og:description\" content=\"Las mordeduras de perro pueden causar dolor f\u00edsico y emocional intenso. Si ha sido v\u00edctima de una mordedura de perro, llame al 513-894-3333 para una consulta gratuita.\" \/>\n<meta property=\"og:url\" content=\"https:\/\/thehometownlawyers.com\/es\/preguntas-frecuentes\/errores-comunes-que-se-cometen-despues-de-una-mordedura-de-perro\/\" \/>\n<meta property=\"og:site_name\" content=\"Kruger &amp; Hodges Abogados De Lesiones\" \/>\n<meta property=\"article:publisher\" content=\"https:\/\/www.facebook.com\/KrugerHodges\/\" \/>\n<meta property=\"article:modified_time\" content=\"2025-01-31T17:07:44+00:00\" \/>\n<meta property=\"og:image\" content=\"https:\/\/thehometownlawyers.com\/wp-content\/uploads\/2019\/03\/Big-Dog.jpg\" \/>\n\t<meta property=\"og:image:width\" content=\"640\" \/>\n\t<meta property=\"og:image:height\" content=\"443\" \/>\n\t<meta property=\"og:image:type\" content=\"image\/jpeg\" \/>\n<meta name=\"twitter:card\" content=\"summary_large_image\" \/>\n<meta name=\"twitter:label1\" content=\"Tiempo de lectura\" \/>\n\t<meta name=\"twitter:data1\" content=\"3 minutos\" \/>\n<script type=\"application\/ld+json\" class=\"yoast-schema-graph\">{\"@context\":\"https:\\\/\\\/schema.org\",\"@graph\":[{\"@type\":\"WebPage\",\"@id\":\"https:\\\/\\\/thehometownlawyers.com\\\/es\\\/preguntas-frecuentes\\\/errores-comunes-que-se-cometen-despues-de-una-mordedura-de-perro\\\/\",\"url\":\"https:\\\/\\\/thehometownlawyers.com\\\/es\\\/preguntas-frecuentes\\\/errores-comunes-que-se-cometen-despues-de-una-mordedura-de-perro\\\/\",\"name\":\"Errores comunes que se cometen despu\u00e9s de una mordedura de perro: Consulta gratuita\",\"isPartOf\":{\"@id\":\"https:\\\/\\\/thehometownlawyers.com\\\/es\\\/#website\"},\"primaryImageOfPage\":{\"@id\":\"https:\\\/\\\/thehometownlawyers.com\\\/es\\\/preguntas-frecuentes\\\/errores-comunes-que-se-cometen-despues-de-una-mordedura-de-perro\\\/#primaryimage\"},\"image\":{\"@id\":\"https:\\\/\\\/thehometownlawyers.com\\\/es\\\/preguntas-frecuentes\\\/errores-comunes-que-se-cometen-despues-de-una-mordedura-de-perro\\\/#primaryimage\"},\"thumbnailUrl\":\"https:\\\/\\\/thehometownlawyers.com\\\/wp-content\\\/uploads\\\/2019\\\/03\\\/Big-Dog.jpg\",\"datePublished\":\"2019-03-09T03:31:44+00:00\",\"dateModified\":\"2025-01-31T17:07:44+00:00\",\"description\":\"Las mordeduras de perro pueden causar dolor f\u00edsico y emocional intenso. Si ha sido v\u00edctima de una mordedura de perro, llame al 513-894-3333 para una consulta gratuita.\",\"breadcrumb\":{\"@id\":\"https:\\\/\\\/thehometownlawyers.com\\\/es\\\/preguntas-frecuentes\\\/errores-comunes-que-se-cometen-despues-de-una-mordedura-de-perro\\\/#breadcrumb\"},\"inLanguage\":\"es\",\"potentialAction\":[{\"@type\":\"ReadAction\",\"target\":[\"https:\\\/\\\/thehometownlawyers.com\\\/es\\\/preguntas-frecuentes\\\/errores-comunes-que-se-cometen-despues-de-una-mordedura-de-perro\\\/\"]}]},{\"@type\":\"ImageObject\",\"inLanguage\":\"es\",\"@id\":\"https:\\\/\\\/thehometownlawyers.com\\\/es\\\/preguntas-frecuentes\\\/errores-comunes-que-se-cometen-despues-de-una-mordedura-de-perro\\\/#primaryimage\",\"url\":\"https:\\\/\\\/thehometownlawyers.com\\\/wp-content\\\/uploads\\\/2019\\\/03\\\/Big-Dog.jpg\",\"contentUrl\":\"https:\\\/\\\/thehometownlawyers.com\\\/wp-content\\\/uploads\\\/2019\\\/03\\\/Big-Dog.jpg\",\"width\":640,\"height\":443,\"caption\":\"foto de blog de mordedura de perro\"},{\"@type\":\"BreadcrumbList\",\"@id\":\"https:\\\/\\\/thehometownlawyers.com\\\/es\\\/preguntas-frecuentes\\\/errores-comunes-que-se-cometen-despues-de-una-mordedura-de-perro\\\/#breadcrumb\",\"itemListElement\":[{\"@type\":\"ListItem\",\"position\":1,\"name\":\"Home\",\"item\":\"https:\\\/\\\/thehometownlawyers.com\\\/es\\\/\"},{\"@type\":\"ListItem\",\"position\":2,\"name\":\"Preguntas Frecuentes\",\"item\":\"https:\\\/\\\/thehometownlawyers.com\\\/es\\\/preguntas-frecuentes\\\/\"},{\"@type\":\"ListItem\",\"position\":3,\"name\":\"Errores comunes que se cometen despu\u00e9s de una mordedura de perro\"}]},{\"@type\":\"WebSite\",\"@id\":\"https:\\\/\\\/thehometownlawyers.com\\\/es\\\/#website\",\"url\":\"https:\\\/\\\/thehometownlawyers.com\\\/es\\\/\",\"name\":\"Kruger & Hodges Hometown Injury Lawyers | Accident Attorneys\",\"description\":\"Attorneys for Car, Truck and Motorcycle Accidents, Personal Injuries, and Criminal Defense.\",\"publisher\":{\"@id\":\"https:\\\/\\\/thehometownlawyers.com\\\/es\\\/#organization\"},\"alternateName\":\"Kruger & Hodges Personal Injury Lawyers\",\"inLanguage\":\"es\"},{\"@type\":\"Organization\",\"@id\":\"https:\\\/\\\/thehometownlawyers.com\\\/es\\\/#organization\",\"name\":\"Kruger & Hodges Hometown Injury Lawyers\",\"alternateName\":\"Kruger & Hodges\",\"url\":\"https:\\\/\\\/thehometownlawyers.com\\\/es\\\/\",\"logo\":{\"@type\":\"ImageObject\",\"inLanguage\":\"es\",\"@id\":\"https:\\\/\\\/thehometownlawyers.com\\\/es\\\/#\\\/schema\\\/logo\\\/image\\\/\",\"url\":\"https:\\\/\\\/thehometownlawyers.com\\\/wp-content\\\/uploads\\\/2025\\\/12\\\/revised-kh-logo-vertical-white-background-scaled.png\",\"contentUrl\":\"https:\\\/\\\/thehometownlawyers.com\\\/wp-content\\\/uploads\\\/2025\\\/12\\\/revised-kh-logo-vertical-white-background-scaled.png\",\"width\":2560,\"height\":1440,\"caption\":\"Kruger & Hodges Hometown Injury Lawyers\"},\"image\":{\"@id\":\"https:\\\/\\\/thehometownlawyers.com\\\/es\\\/#\\\/schema\\\/logo\\\/image\\\/\"},\"sameAs\":[\"https:\\\/\\\/www.facebook.com\\\/KrugerHodges\\\/\",\"https:\\\/\\\/www.instagram.com\\\/krugerhodges\\\/\",\"https:\\\/\\\/www.linkedin.com\\\/company\\\/kruger-hodges-hometown-injury-lawyers\\\/\",\"https:\\\/\\\/www.youtube.com\\\/channel\\\/UCeYcMaMaN2rb9jMlqt4EIdQ\",\"https:\\\/\\\/www.tiktok.com\\\/@thehometownlawyer\"]}]}<\/script>\n<!-- \/ Yoast SEO plugin. -->","yoast_head_json":{"title":"Errores comunes que se cometen despu\u00e9s de una mordedura de perro: Consulta gratuita","description":"Las mordeduras de perro pueden causar dolor f\u00edsico y emocional intenso. Si ha sido v\u00edctima de una mordedura de perro, llame al 513-894-3333 para una consulta gratuita.","robots":{"index":"index","follow":"follow","max-snippet":"max-snippet:-1","max-image-preview":"max-image-preview:large","max-video-preview":"max-video-preview:-1"},"canonical":"https:\/\/thehometownlawyers.com\/es\/preguntas-frecuentes\/errores-comunes-que-se-cometen-despues-de-una-mordedura-de-perro\/","og_locale":"es_MX","og_type":"article","og_title":"Errores comunes que se cometen despu\u00e9s de una mordedura de perro: Consulta gratuita","og_description":"Las mordeduras de perro pueden causar dolor f\u00edsico y emocional intenso. Si ha sido v\u00edctima de una mordedura de perro, llame al 513-894-3333 para una consulta gratuita.","og_url":"https:\/\/thehometownlawyers.com\/es\/preguntas-frecuentes\/errores-comunes-que-se-cometen-despues-de-una-mordedura-de-perro\/","og_site_name":"Kruger &amp; Hodges Abogados De Lesiones","article_publisher":"https:\/\/www.facebook.com\/KrugerHodges\/","article_modified_time":"2025-01-31T17:07:44+00:00","og_image":[{"width":640,"height":443,"url":"https:\/\/thehometownlawyers.com\/wp-content\/uploads\/2019\/03\/Big-Dog.jpg","type":"image\/jpeg"}],"twitter_card":"summary_large_image","twitter_misc":{"Tiempo de lectura":"3 minutos"},"schema":{"@context":"https:\/\/schema.org","@graph":[{"@type":"WebPage","@id":"https:\/\/thehometownlawyers.com\/es\/preguntas-frecuentes\/errores-comunes-que-se-cometen-despues-de-una-mordedura-de-perro\/","url":"https:\/\/thehometownlawyers.com\/es\/preguntas-frecuentes\/errores-comunes-que-se-cometen-despues-de-una-mordedura-de-perro\/","name":"Errores comunes que se cometen despu\u00e9s de una mordedura de perro: Consulta gratuita","isPartOf":{"@id":"https:\/\/thehometownlawyers.com\/es\/#website"},"primaryImageOfPage":{"@id":"https:\/\/thehometownlawyers.com\/es\/preguntas-frecuentes\/errores-comunes-que-se-cometen-despues-de-una-mordedura-de-perro\/#primaryimage"},"image":{"@id":"https:\/\/thehometownlawyers.com\/es\/preguntas-frecuentes\/errores-comunes-que-se-cometen-despues-de-una-mordedura-de-perro\/#primaryimage"},"thumbnailUrl":"https:\/\/thehometownlawyers.com\/wp-content\/uploads\/2019\/03\/Big-Dog.jpg","datePublished":"2019-03-09T03:31:44+00:00","dateModified":"2025-01-31T17:07:44+00:00","description":"Las mordeduras de perro pueden causar dolor f\u00edsico y emocional intenso. Si ha sido v\u00edctima de una mordedura de perro, llame al 513-894-3333 para una consulta gratuita.","breadcrumb":{"@id":"https:\/\/thehometownlawyers.com\/es\/preguntas-frecuentes\/errores-comunes-que-se-cometen-despues-de-una-mordedura-de-perro\/#breadcrumb"},"inLanguage":"es","potentialAction":[{"@type":"ReadAction","target":["https:\/\/thehometownlawyers.com\/es\/preguntas-frecuentes\/errores-comunes-que-se-cometen-despues-de-una-mordedura-de-perro\/"]}]},{"@type":"ImageObject","inLanguage":"es","@id":"https:\/\/thehometownlawyers.com\/es\/preguntas-frecuentes\/errores-comunes-que-se-cometen-despues-de-una-mordedura-de-perro\/#primaryimage","url":"https:\/\/thehometownlawyers.com\/wp-content\/uploads\/2019\/03\/Big-Dog.jpg","contentUrl":"https:\/\/thehometownlawyers.com\/wp-content\/uploads\/2019\/03\/Big-Dog.jpg","width":640,"height":443,"caption":"foto de blog de mordedura de perro"},{"@type":"BreadcrumbList","@id":"https:\/\/thehometownlawyers.com\/es\/preguntas-frecuentes\/errores-comunes-que-se-cometen-despues-de-una-mordedura-de-perro\/#breadcrumb","itemListElement":[{"@type":"ListItem","position":1,"name":"Home","item":"https:\/\/thehometownlawyers.com\/es\/"},{"@type":"ListItem","position":2,"name":"Preguntas Frecuentes","item":"https:\/\/thehometownlawyers.com\/es\/preguntas-frecuentes\/"},{"@type":"ListItem","position":3,"name":"Errores comunes que se cometen despu\u00e9s de una mordedura de perro"}]},{"@type":"WebSite","@id":"https:\/\/thehometownlawyers.com\/es\/#website","url":"https:\/\/thehometownlawyers.com\/es\/","name":"Kruger & Hodges Hometown Injury Lawyers | Accident Attorneys","description":"Attorneys for Car, Truck and Motorcycle Accidents, Personal Injuries, and Criminal Defense.","publisher":{"@id":"https:\/\/thehometownlawyers.com\/es\/#organization"},"alternateName":"Kruger & Hodges Personal Injury Lawyers","inLanguage":"es"},{"@type":"Organization","@id":"https:\/\/thehometownlawyers.com\/es\/#organization","name":"Kruger & Hodges Hometown Injury Lawyers","alternateName":"Kruger & Hodges","url":"https:\/\/thehometownlawyers.com\/es\/","logo":{"@type":"ImageObject","inLanguage":"es","@id":"https:\/\/thehometownlawyers.com\/es\/#\/schema\/logo\/image\/","url":"https:\/\/thehometownlawyers.com\/wp-content\/uploads\/2025\/12\/revised-kh-logo-vertical-white-background-scaled.png","contentUrl":"https:\/\/thehometownlawyers.com\/wp-content\/uploads\/2025\/12\/revised-kh-logo-vertical-white-background-scaled.png","width":2560,"height":1440,"caption":"Kruger & Hodges Hometown Injury Lawyers"},"image":{"@id":"https:\/\/thehometownlawyers.com\/es\/#\/schema\/logo\/image\/"},"sameAs":["https:\/\/www.facebook.com\/KrugerHodges\/","https:\/\/www.instagram.com\/krugerhodges\/","https:\/\/www.linkedin.com\/company\/kruger-hodges-hometown-injury-lawyers\/","https:\/\/www.youtube.com\/channel\/UCeYcMaMaN2rb9jMlqt4EIdQ","https:\/\/www.tiktok.com\/@thehometownlawyer"]}]}},"_links":{"self":[{"href":"https:\/\/thehometownlawyers.com\/es\/wp-json\/wp\/v2\/pages\/21018","targetHints":{"allow":["GET"]}}],"collection":[{"href":"https:\/\/thehometownlawyers.com\/es\/wp-json\/wp\/v2\/pages"}],"about":[{"href":"https:\/\/thehometownlawyers.com\/es\/wp-json\/wp\/v2\/types\/page"}],"author":[{"embeddable":true,"href":"https:\/\/thehometownlawyers.com\/es\/wp-json\/wp\/v2\/users\/7"}],"replies":[{"embeddable":true,"href":"https:\/\/thehometownlawyers.com\/es\/wp-json\/wp\/v2\/comments?post=21018"}],"version-history":[{"count":0,"href":"https:\/\/thehometownlawyers.com\/es\/wp-json\/wp\/v2\/pages\/21018\/revisions"}],"up":[{"embeddable":true,"href":"https:\/\/thehometownlawyers.com\/es\/wp-json\/wp\/v2\/pages\/20989"}],"wp:featuredmedia":[{"embeddable":true,"href":"https:\/\/thehometownlawyers.com\/es\/wp-json\/wp\/v2\/media\/20717"}],"wp:attachment":[{"href":"https:\/\/thehometownlawyers.com\/es\/wp-json\/wp\/v2\/media?parent=21018"}],"wp:term":[{"taxonomy":"hc_faqs","embeddable":true,"href":"https:\/\/thehometownlawyers.com\/es\/wp-json\/wp\/v2\/hc_faqs?post=21018"},{"taxonomy":"hc_spanish_faqs","embeddable":true,"href":"https:\/\/thehometownlawyers.com\/es\/wp-json\/wp\/v2\/hc_spanish_faqs?post=21018"}],"curies":[{"name":"wp","href":"https:\/\/api.w.org\/{rel}","templated":true}]}}