{"id":21020,"date":"2021-09-14T09:15:01","date_gmt":"2021-09-14T13:15:01","guid":{"rendered":"https:\/\/thehometownlawyers.com\/?post_type=faq&#038;p=21020"},"modified":"2025-02-06T09:52:46","modified_gmt":"2025-02-06T14:52:46","slug":"es-la-negligencia-de-road-rage-en-un-accidente-automovilistico","status":"publish","type":"page","link":"https:\/\/thehometownlawyers.com\/es\/preguntas-frecuentes\/es-la-negligencia-de-road-rage-en-un-accidente-automovilistico\/","title":{"rendered":"\u00bfEs la negligencia de Road Rage en un accidente automovil\u00edstico?"},"content":{"rendered":"<p><strong>\u00bfEs la negligencia de Road Rage en un accidente automovil\u00edstico? <\/strong>La ira al volante es un comportamiento agresivo y enojado de alguien que conduce un veh\u00edculo. La ira al volante puede manifestarse a trav\u00e9s de altercados verbales, gritando o gritando a otra persona como otro conductor, o incluso un peat\u00f3n o un ciclista . La ira f\u00edsica en la carretera se muestra al conducir de manera insegura, a menudo demasiado cerca de otro veh\u00edculo para intimidar. Otros m\u00e9todos de intimidaci\u00f3n incluyen tocar la bocina, acelerar, detenerse abruptamente, girar sin se\u00f1alar, desviarse o intentar iniciar una pelea. La ira al volante es generalmente un factor importante al considerar la negligencia.<\/p>\n<h2>\u00bfQu\u00e9 es la conducci\u00f3n agresiva?<\/h2>\n<p>De acuerdo con la Administraci\u00f3n Nacional de Seguridad del Tr\u00e1fico en las Carreteras (NHTSA), la conducci\u00f3n agresiva es cuando un individuo viola la seguridad del tr\u00e1fico con la intenci\u00f3n de poner en peligro o da\u00f1ar a otra persona o propiedad.<\/p>\n<p class=\"rs-content-cta rs-content-cta-small\">Para una consulta legal gratuita, llame al <a href=\"tel:+15138943333\">513-894-3333 <\/a><\/p><h2>Estad\u00edsticas de accidentes de ira en la carretera<\/h2>\n<p>Cualquiera puede enfadarse cuando conduce. Seg\u00fan The Zebra, un sitio web de comparaci\u00f3n de seguros de autom\u00f3viles, la conducci\u00f3n distra\u00edda, seguir de cerca y ser cortado en el tr\u00e1fico eran los comportamientos que ten\u00edan m\u00e1s probabilidades de enfurecer a los conductores. El acto de ira en la carretera m\u00e1s presenciado fue tocar la bocina enojado, seguido de gestos groseros con las manos. Otras indicaciones comunes incluyen gritos, bloqueo de autos o incluso peleas.<\/p>\n<p>Seg\u00fan la Fundaci\u00f3n AAA para la Seguridad del Tr\u00e1fico, m\u00e1s del 75 % de los conductores estadounidenses admiten conducir de forma agresiva. Un promedio de 30 asesinatos ocurren cada a\u00f1o como resultado de la furia al volante. Los hombres y las personas con edades comprendidas entre los 25 y los 39 a\u00f1os tienen m\u00e1s probabilidades de mostrar signos de ira al volante y conducci\u00f3n agresiva.<\/p>\n<p>El exceso de velocidad es uno de los m\u00e9todos m\u00e1s comunes de conducci\u00f3n agresiva. Seg\u00fan el Departamento de Seguridad P\u00fablica de Ohio, en un tercio de todos los accidentes fatales, el exceso de velocidad es un factor predominante.<\/p>\n<h2>Ley de Ohio<\/h2>\n<p>Si bien Ohio no tiene ninguna ley que gire espec\u00edficamente en torno a la ira en la carretera o la conducci\u00f3n agresiva, ciertas acciones podr\u00edan caer bajo la ley de operaci\u00f3n imprudente de Ohio. De acuerdo con el C\u00f3digo Revisado de Ohio, &#8220;ninguna persona deber\u00e1 operar un veh\u00edculo&#8230; en ninguna calle o carretera con desprecio deliberado o desenfrenado de la seguridad de las personas o la propiedad&#8221;. Una primera violaci\u00f3n de esta ley resulta en un delito menor. Si el infractor ha tenido otro veh\u00edculo o infracci\u00f3n de tr\u00e1nsito dentro de un a\u00f1o, se convierte en falta de cuarto grado.<\/p>\n<p><a href=\"https:\/\/codes.ohio.gov\/ohio-revised-code\/section-4511.20\" target=\"_blank\" rel=\"noopener\">Ohio Rev. C\u00f3digo Ann. \u00a7 4511.20<\/a><\/p>\n<p class=\"rs-content-cta rs-content-cta-small\"><a href=\"\/es\/contacto\/\">Haga clic para contactar<\/a> con nuestros  abogados hoy<\/p><h2>\u00bfQu\u00e9 causa la ira al volante?<\/h2>\n<p>Hay muchas razones por las que un conductor puede enfurecerse mientras conduce su veh\u00edculo. Seg\u00fan WebMD, una de las razones es que la persona puede estar enfadada en otras partes de su vida y la ira ha influido en su estilo de conducci\u00f3n. Es posible que haya ocurrido un incidente que los puso de mal humor antes de conducir. En segundo lugar, un conductor puede enfurecerse despu\u00e9s de ver a tantos otros conductores hablar o enviar mensajes de texto en sus tel\u00e9fonos celulares. Un conductor que est\u00e1 hablando por su tel\u00e9fono celular puede enojarse debido a la conversaci\u00f3n. Otros factores desencadenantes incluyen el mal tiempo o cuando otros conductores conducen mal o enojados.<\/p>\n<p class=\"rs-content-cta rs-content-cta-small\">Complete una <a href=\"\/es\/contacto\/\">evaluaci\u00f3n gratuita de su caso<\/a> ahora<\/p><h2>\u00bfTienes ira al volante?<\/h2>\n<p>De acuerdo con el Departamento de Seguridad P\u00fablica de Ohio, si responde afirmativamente a cualquiera de las siguientes preguntas, es posible que se est\u00e9 poniendo en riesgo a s\u00ed mismo y a los dem\u00e1s cuando conduce.<\/p>\n<ul>\n<li>\u00bfAceleras en exceso?<\/li>\n<li>\u00bfUsted port\u00f3n trasero?<\/li>\n<li>\u00bfSiempre est\u00e1s compitiendo para vencer esa luz roja?<\/li>\n<li>\u00bfPasas las se\u00f1ales de alto?<\/li>\n<li>\u00bfEntra y sale del tr\u00e1fico?<\/li>\n<li>\u00bfPasas ilegalmente por la derecha?<\/li>\n<li>\u00bfNo cede el derecho de paso a los veh\u00edculos que se aproximan?<\/li>\n<\/ul>\n<h2>Qu\u00e9 hacer si eres propenso a la ira al volante.<\/h2>\n<p>Si respondi\u00f3 afirmativamente a cualquiera de las preguntas anteriores, puede ser propenso a la ira al volante. Lo mejor es calmarse antes de conducir. Aseg\u00farese de descansar lo suficiente si sabe que tiene que conducir. Limite su consumo de alcohol, especialmente antes de conducir, ya que el alcohol puede hacer enojar a algunas personas y afectar su conducci\u00f3n. Deje 10-20 minutos adicionales antes de lo que estaba planeando originalmente. Esto deber\u00eda darle suficiente tiempo para llegar a su destino. Pon m\u00fasica relajante y s\u00e9 consciente mientras conduces. Mant\u00e9n tu mente en el camino.<\/p>\n<p>Aseg\u00farese de tener mucho cuidado con los peatones y ciclistas. Los peatones y ciclistas tienen el derecho de paso en las intersecciones. Aseg\u00farese de no acelerar, especialmente en \u00e1reas residenciales.<\/p>\n<h2>\u00bfSe ve afectado el seguro por la furia al volante?<\/h2>\n<p>No vale la pena conducir de manera agresiva o da\u00f1ina. De acuerdo con Progressive Insurance, la conducci\u00f3n agresiva o la ira al volante pueden afectar la cobertura del seguro. Esto es especialmente cierto para los conductores que tienen monitores que rastrean los h\u00e1bitos de conducci\u00f3n. Esto, por ejemplo, controlar\u00e1 el exceso de velocidad o el frenado r\u00e1pido y demostrar\u00e1 que alguien es un conductor inseguro con regularidad. Conducir enojado puede conducir a un mayor n\u00famero de multas de tr\u00e1nsito y accidentes. La cobertura aumenta generalmente despu\u00e9s de la segunda ofensa en un per\u00edodo de tres a\u00f1os. Tener m\u00faltiples infracciones de tr\u00e1nsito podr\u00eda convertir a alguien en un conductor riesgoso, lo que podr\u00eda hacer que alguien pierda su cobertura de seguro por completo.<\/p>\n<h2>Qu\u00e9 hacer si est\u00e1s cerca de alguien con ira al volante<\/h2>\n<p>Siempre es mejor evitar la confrontaci\u00f3n con un conductor agresivo y ser un conductor cauteloso y considerado. Haz todo lo posible por salirte de su camino y cambia de carril si te siguen de cerca. No devuelvas gestos. Qu\u00e9dese atr\u00e1s y mantenga una distancia segura lejos del conductor agresivo. No hagas contacto visual. No interact\u00fae con el conductor agresivo. Usa tu bocina solo cuando sea necesario. Aseg\u00farese de se\u00f1alar siempre antes de cambiar de carril.<\/p>\n<p>Si usted es un peat\u00f3n o un ciclista, no camine imprudentemente y aseg\u00farese de cruzar solo en los cruces peatonales designados. Camine siempre por la acera. Si no hay una acera, camine contra el tr\u00e1fico en el extremo izquierdo. Si est\u00e1 oscuro o hace mal tiempo, aseg\u00farese de usar ropa brillante y reflectante.<\/p>\n<h2>Lo que debe hacer si est\u00e1 involucrado en un accidente de ira en la carretera<\/h2>\n<p>Desafortunadamente, los accidentes ocurren. Si ha estado involucrado en un accidente relacionado con la ira en la carretera, primero aseg\u00farese de estar bien f\u00edsicamente. Si experimenta dolor, llame al 911 y busque atenci\u00f3n m\u00e9dica de inmediato. Luego, llame a un <a href=\"https:\/\/thehometownlawyers.com\/es\/abogados-de-lesiones-personales-de-middletown\/\">abogado de lesiones personales<\/a> , como nosotros. Mire el da\u00f1o, ya sea usted, su bicicleta o su veh\u00edculo, anotando y tomando fotograf\u00edas de lo que ha sido golpeado y d\u00f3nde. Obtenga la informaci\u00f3n del seguro del otro conductor y llame a la polic\u00eda para que puedan presentar un informe.<\/p>\n<h3><em>Enlaces relacionados:<br \/>\n<\/em><\/h3>\n<p><a href=\"https:\/\/thehometownlawyers.com\/es\/\">Abogados de Lesiones Personales de Middletown, OH<\/a><br \/>\nAccidentes automovil\u00edsticos en Middletown<br \/>\n<a href=\"https:\/\/thehometownlawyers.com\/es\/abogados-de-lesiones-personales-de-middletown\/abogados-de-accidentes-de-motocicleta-en-middletown-ohio\/\">Accidentes de motocicleta en Middletown, OH<\/a><br \/>\nAccidentes de peatones en Trenton, OH<br \/>\nAbogados de accidentes de Uber<br \/>\n<a href=\"https:\/\/thehometownlawyers.com\/es\/\">Accidentes de camiones en Hamilton, OH<\/a><br \/>\nAccidentes de conducci\u00f3n distra\u00eddos<br \/>\n<a href=\"https:\/\/thehometownlawyers.com\/es\/\">Heridas en la cabeza<\/a><br \/>\nLesiones de la m\u00e9dula<br \/>\nCicatrizaci\u00f3n debido a accidentes automovil\u00edsticos<br \/>\nPreguntas frecuentes: \u00bfHa cambiado el estatuto de limitaciones para los accidentes automovil\u00edsticos?<br \/>\nPreguntas frecuentes: \u00bfDebo ir a Atenci\u00f3n de Urgencias despu\u00e9s de un accidente automovil\u00edstico?<br \/>\nPreguntas frecuentes: \u00bfEn qu\u00e9 se diferencian los accidentes automovil\u00edsticos durante una pandemia?<\/p>\n<p class=\"rs-content-cta rs-content-cta-small\">Llame o env\u00ede un mensaje de texto al <a href=\"tel:+15138943333\">513-894-3333<\/a> o complete una <a href=\"\/es\/contacto\/\">evaluaci\u00f3n gratuita de su caso<\/a><\/p>","protected":false},"excerpt":{"rendered":"<p>\u00bfEs la negligencia de Road Rage en un accidente automovil\u00edstico? La ira al volante es un comportamiento agresivo y enojado de alguien que conduce un veh\u00edculo. La ira al volante puede manifestarse a trav\u00e9s de altercados verbales, gritando o gritando a otra persona como otro conductor, o incluso un peat\u00f3n o un ciclista . La &#8230;<\/p>\n","protected":false},"author":7,"featured_media":20719,"parent":20989,"menu_order":0,"comment_status":"closed","ping_status":"closed","template":"","meta":{"_acf_changed":false,"inline_featured_image":false,"_genesis_hide_title":false,"_genesis_hide_breadcrumbs":false,"_genesis_hide_singular_image":false,"_genesis_hide_footer_widgets":false,"_genesis_custom_body_class":"","_genesis_custom_post_class":"","_genesis_layout":"","footnotes":""},"hc_faqs":[316],"hc_spanish_faqs":[],"class_list":{"0":"post-21020","1":"page","2":"type-page","3":"status-publish","4":"has-post-thumbnail","6":"hc_faqs-accidente-de-automovilismo","7":"entry"},"acf":[],"yoast_head":"<!-- This site is optimized with the Yoast SEO plugin v27.3 - https:\/\/yoast.com\/product\/yoast-seo-wordpress\/ -->\n<title>\u00bfEs la negligencia de Road Rage en un accidente automovil\u00edstico?: Consulta gratuita<\/title>\n<meta name=\"description\" content=\"\u00bfEs la negligencia de Road Rage en un accidente automovil\u00edstico? La ira al volante se muestra a trav\u00e9s de una conducci\u00f3n insegura y puede ser un factor importante para probar la negligencia.\" \/>\n<meta name=\"robots\" content=\"index, follow, max-snippet:-1, max-image-preview:large, max-video-preview:-1\" \/>\n<link rel=\"canonical\" href=\"https:\/\/thehometownlawyers.com\/es\/preguntas-frecuentes\/es-la-negligencia-de-road-rage-en-un-accidente-automovilistico\/\" \/>\n<meta property=\"og:locale\" content=\"es_MX\" \/>\n<meta property=\"og:type\" content=\"article\" \/>\n<meta property=\"og:title\" content=\"\u00bfEs la negligencia de Road Rage en un accidente automovil\u00edstico?: Consulta gratuita\" \/>\n<meta property=\"og:description\" content=\"\u00bfEs la negligencia de Road Rage en un accidente automovil\u00edstico? La ira al volante se muestra a trav\u00e9s de una conducci\u00f3n insegura y puede ser un factor importante para probar la negligencia.\" \/>\n<meta property=\"og:url\" content=\"https:\/\/thehometownlawyers.com\/es\/preguntas-frecuentes\/es-la-negligencia-de-road-rage-en-un-accidente-automovilistico\/\" \/>\n<meta property=\"og:site_name\" content=\"Kruger &amp; Hodges Abogados De Lesiones\" \/>\n<meta property=\"article:publisher\" content=\"https:\/\/www.facebook.com\/KrugerHodges\/\" \/>\n<meta property=\"article:modified_time\" content=\"2025-02-06T14:52:46+00:00\" \/>\n<meta property=\"og:image\" content=\"https:\/\/thehometownlawyers.com\/wp-content\/uploads\/2019\/03\/Car-Accident-Lawyer-scaled-1.jpg\" \/>\n\t<meta property=\"og:image:width\" content=\"2048\" \/>\n\t<meta property=\"og:image:height\" content=\"1366\" \/>\n\t<meta property=\"og:image:type\" content=\"image\/jpeg\" \/>\n<meta name=\"twitter:card\" content=\"summary_large_image\" \/>\n<meta name=\"twitter:label1\" content=\"Tiempo de lectura\" \/>\n\t<meta name=\"twitter:data1\" content=\"6 minutos\" \/>\n<script type=\"application\/ld+json\" class=\"yoast-schema-graph\">{\"@context\":\"https:\\\/\\\/schema.org\",\"@graph\":[{\"@type\":\"WebPage\",\"@id\":\"https:\\\/\\\/thehometownlawyers.com\\\/es\\\/preguntas-frecuentes\\\/es-la-negligencia-de-road-rage-en-un-accidente-automovilistico\\\/\",\"url\":\"https:\\\/\\\/thehometownlawyers.com\\\/es\\\/preguntas-frecuentes\\\/es-la-negligencia-de-road-rage-en-un-accidente-automovilistico\\\/\",\"name\":\"\u00bfEs la negligencia de Road Rage en un accidente automovil\u00edstico?: Consulta gratuita\",\"isPartOf\":{\"@id\":\"https:\\\/\\\/thehometownlawyers.com\\\/es\\\/#website\"},\"primaryImageOfPage\":{\"@id\":\"https:\\\/\\\/thehometownlawyers.com\\\/es\\\/preguntas-frecuentes\\\/es-la-negligencia-de-road-rage-en-un-accidente-automovilistico\\\/#primaryimage\"},\"image\":{\"@id\":\"https:\\\/\\\/thehometownlawyers.com\\\/es\\\/preguntas-frecuentes\\\/es-la-negligencia-de-road-rage-en-un-accidente-automovilistico\\\/#primaryimage\"},\"thumbnailUrl\":\"https:\\\/\\\/thehometownlawyers.com\\\/wp-content\\\/uploads\\\/2019\\\/03\\\/Car-Accident-Lawyer-scaled-1.jpg\",\"datePublished\":\"2021-09-14T13:15:01+00:00\",\"dateModified\":\"2025-02-06T14:52:46+00:00\",\"description\":\"\u00bfEs la negligencia de Road Rage en un accidente automovil\u00edstico? La ira al volante se muestra a trav\u00e9s de una conducci\u00f3n insegura y puede ser un factor importante para probar la negligencia.\",\"breadcrumb\":{\"@id\":\"https:\\\/\\\/thehometownlawyers.com\\\/es\\\/preguntas-frecuentes\\\/es-la-negligencia-de-road-rage-en-un-accidente-automovilistico\\\/#breadcrumb\"},\"inLanguage\":\"es\",\"potentialAction\":[{\"@type\":\"ReadAction\",\"target\":[\"https:\\\/\\\/thehometownlawyers.com\\\/es\\\/preguntas-frecuentes\\\/es-la-negligencia-de-road-rage-en-un-accidente-automovilistico\\\/\"]}]},{\"@type\":\"ImageObject\",\"inLanguage\":\"es\",\"@id\":\"https:\\\/\\\/thehometownlawyers.com\\\/es\\\/preguntas-frecuentes\\\/es-la-negligencia-de-road-rage-en-un-accidente-automovilistico\\\/#primaryimage\",\"url\":\"https:\\\/\\\/thehometownlawyers.com\\\/wp-content\\\/uploads\\\/2019\\\/03\\\/Car-Accident-Lawyer-scaled-1.jpg\",\"contentUrl\":\"https:\\\/\\\/thehometownlawyers.com\\\/wp-content\\\/uploads\\\/2019\\\/03\\\/Car-Accident-Lawyer-scaled-1.jpg\",\"width\":2048,\"height\":1366,\"caption\":\"Lesiones personales West Elkton\"},{\"@type\":\"BreadcrumbList\",\"@id\":\"https:\\\/\\\/thehometownlawyers.com\\\/es\\\/preguntas-frecuentes\\\/es-la-negligencia-de-road-rage-en-un-accidente-automovilistico\\\/#breadcrumb\",\"itemListElement\":[{\"@type\":\"ListItem\",\"position\":1,\"name\":\"Home\",\"item\":\"https:\\\/\\\/thehometownlawyers.com\\\/es\\\/\"},{\"@type\":\"ListItem\",\"position\":2,\"name\":\"Preguntas Frecuentes\",\"item\":\"https:\\\/\\\/thehometownlawyers.com\\\/es\\\/preguntas-frecuentes\\\/\"},{\"@type\":\"ListItem\",\"position\":3,\"name\":\"\u00bfEs la negligencia de Road Rage en un accidente automovil\u00edstico?\"}]},{\"@type\":\"WebSite\",\"@id\":\"https:\\\/\\\/thehometownlawyers.com\\\/es\\\/#website\",\"url\":\"https:\\\/\\\/thehometownlawyers.com\\\/es\\\/\",\"name\":\"Kruger & Hodges Hometown Injury Lawyers | Accident Attorneys\",\"description\":\"Attorneys for Car, Truck and Motorcycle Accidents, Personal Injuries, and Criminal Defense.\",\"publisher\":{\"@id\":\"https:\\\/\\\/thehometownlawyers.com\\\/es\\\/#organization\"},\"alternateName\":\"Kruger & Hodges Personal Injury Lawyers\",\"inLanguage\":\"es\"},{\"@type\":\"Organization\",\"@id\":\"https:\\\/\\\/thehometownlawyers.com\\\/es\\\/#organization\",\"name\":\"Kruger & Hodges Hometown Injury Lawyers\",\"alternateName\":\"Kruger & Hodges\",\"url\":\"https:\\\/\\\/thehometownlawyers.com\\\/es\\\/\",\"logo\":{\"@type\":\"ImageObject\",\"inLanguage\":\"es\",\"@id\":\"https:\\\/\\\/thehometownlawyers.com\\\/es\\\/#\\\/schema\\\/logo\\\/image\\\/\",\"url\":\"https:\\\/\\\/thehometownlawyers.com\\\/wp-content\\\/uploads\\\/2025\\\/12\\\/revised-kh-logo-vertical-white-background-scaled.png\",\"contentUrl\":\"https:\\\/\\\/thehometownlawyers.com\\\/wp-content\\\/uploads\\\/2025\\\/12\\\/revised-kh-logo-vertical-white-background-scaled.png\",\"width\":2560,\"height\":1440,\"caption\":\"Kruger & Hodges Hometown Injury Lawyers\"},\"image\":{\"@id\":\"https:\\\/\\\/thehometownlawyers.com\\\/es\\\/#\\\/schema\\\/logo\\\/image\\\/\"},\"sameAs\":[\"https:\\\/\\\/www.facebook.com\\\/KrugerHodges\\\/\",\"https:\\\/\\\/www.instagram.com\\\/krugerhodges\\\/\",\"https:\\\/\\\/www.linkedin.com\\\/company\\\/kruger-hodges-hometown-injury-lawyers\\\/\",\"https:\\\/\\\/www.youtube.com\\\/channel\\\/UCeYcMaMaN2rb9jMlqt4EIdQ\",\"https:\\\/\\\/www.tiktok.com\\\/@thehometownlawyer\"]}]}<\/script>\n<!-- \/ Yoast SEO plugin. -->","yoast_head_json":{"title":"\u00bfEs la negligencia de Road Rage en un accidente automovil\u00edstico?: Consulta gratuita","description":"\u00bfEs la negligencia de Road Rage en un accidente automovil\u00edstico? La ira al volante se muestra a trav\u00e9s de una conducci\u00f3n insegura y puede ser un factor importante para probar la negligencia.","robots":{"index":"index","follow":"follow","max-snippet":"max-snippet:-1","max-image-preview":"max-image-preview:large","max-video-preview":"max-video-preview:-1"},"canonical":"https:\/\/thehometownlawyers.com\/es\/preguntas-frecuentes\/es-la-negligencia-de-road-rage-en-un-accidente-automovilistico\/","og_locale":"es_MX","og_type":"article","og_title":"\u00bfEs la negligencia de Road Rage en un accidente automovil\u00edstico?: Consulta gratuita","og_description":"\u00bfEs la negligencia de Road Rage en un accidente automovil\u00edstico? La ira al volante se muestra a trav\u00e9s de una conducci\u00f3n insegura y puede ser un factor importante para probar la negligencia.","og_url":"https:\/\/thehometownlawyers.com\/es\/preguntas-frecuentes\/es-la-negligencia-de-road-rage-en-un-accidente-automovilistico\/","og_site_name":"Kruger &amp; Hodges Abogados De Lesiones","article_publisher":"https:\/\/www.facebook.com\/KrugerHodges\/","article_modified_time":"2025-02-06T14:52:46+00:00","og_image":[{"width":2048,"height":1366,"url":"https:\/\/thehometownlawyers.com\/wp-content\/uploads\/2019\/03\/Car-Accident-Lawyer-scaled-1.jpg","type":"image\/jpeg"}],"twitter_card":"summary_large_image","twitter_misc":{"Tiempo de lectura":"6 minutos"},"schema":{"@context":"https:\/\/schema.org","@graph":[{"@type":"WebPage","@id":"https:\/\/thehometownlawyers.com\/es\/preguntas-frecuentes\/es-la-negligencia-de-road-rage-en-un-accidente-automovilistico\/","url":"https:\/\/thehometownlawyers.com\/es\/preguntas-frecuentes\/es-la-negligencia-de-road-rage-en-un-accidente-automovilistico\/","name":"\u00bfEs la negligencia de Road Rage en un accidente automovil\u00edstico?: Consulta gratuita","isPartOf":{"@id":"https:\/\/thehometownlawyers.com\/es\/#website"},"primaryImageOfPage":{"@id":"https:\/\/thehometownlawyers.com\/es\/preguntas-frecuentes\/es-la-negligencia-de-road-rage-en-un-accidente-automovilistico\/#primaryimage"},"image":{"@id":"https:\/\/thehometownlawyers.com\/es\/preguntas-frecuentes\/es-la-negligencia-de-road-rage-en-un-accidente-automovilistico\/#primaryimage"},"thumbnailUrl":"https:\/\/thehometownlawyers.com\/wp-content\/uploads\/2019\/03\/Car-Accident-Lawyer-scaled-1.jpg","datePublished":"2021-09-14T13:15:01+00:00","dateModified":"2025-02-06T14:52:46+00:00","description":"\u00bfEs la negligencia de Road Rage en un accidente automovil\u00edstico? La ira al volante se muestra a trav\u00e9s de una conducci\u00f3n insegura y puede ser un factor importante para probar la negligencia.","breadcrumb":{"@id":"https:\/\/thehometownlawyers.com\/es\/preguntas-frecuentes\/es-la-negligencia-de-road-rage-en-un-accidente-automovilistico\/#breadcrumb"},"inLanguage":"es","potentialAction":[{"@type":"ReadAction","target":["https:\/\/thehometownlawyers.com\/es\/preguntas-frecuentes\/es-la-negligencia-de-road-rage-en-un-accidente-automovilistico\/"]}]},{"@type":"ImageObject","inLanguage":"es","@id":"https:\/\/thehometownlawyers.com\/es\/preguntas-frecuentes\/es-la-negligencia-de-road-rage-en-un-accidente-automovilistico\/#primaryimage","url":"https:\/\/thehometownlawyers.com\/wp-content\/uploads\/2019\/03\/Car-Accident-Lawyer-scaled-1.jpg","contentUrl":"https:\/\/thehometownlawyers.com\/wp-content\/uploads\/2019\/03\/Car-Accident-Lawyer-scaled-1.jpg","width":2048,"height":1366,"caption":"Lesiones personales West Elkton"},{"@type":"BreadcrumbList","@id":"https:\/\/thehometownlawyers.com\/es\/preguntas-frecuentes\/es-la-negligencia-de-road-rage-en-un-accidente-automovilistico\/#breadcrumb","itemListElement":[{"@type":"ListItem","position":1,"name":"Home","item":"https:\/\/thehometownlawyers.com\/es\/"},{"@type":"ListItem","position":2,"name":"Preguntas Frecuentes","item":"https:\/\/thehometownlawyers.com\/es\/preguntas-frecuentes\/"},{"@type":"ListItem","position":3,"name":"\u00bfEs la negligencia de Road Rage en un accidente automovil\u00edstico?"}]},{"@type":"WebSite","@id":"https:\/\/thehometownlawyers.com\/es\/#website","url":"https:\/\/thehometownlawyers.com\/es\/","name":"Kruger & Hodges Hometown Injury Lawyers | Accident Attorneys","description":"Attorneys for Car, Truck and Motorcycle Accidents, Personal Injuries, and Criminal Defense.","publisher":{"@id":"https:\/\/thehometownlawyers.com\/es\/#organization"},"alternateName":"Kruger & Hodges Personal Injury Lawyers","inLanguage":"es"},{"@type":"Organization","@id":"https:\/\/thehometownlawyers.com\/es\/#organization","name":"Kruger & Hodges Hometown Injury Lawyers","alternateName":"Kruger & Hodges","url":"https:\/\/thehometownlawyers.com\/es\/","logo":{"@type":"ImageObject","inLanguage":"es","@id":"https:\/\/thehometownlawyers.com\/es\/#\/schema\/logo\/image\/","url":"https:\/\/thehometownlawyers.com\/wp-content\/uploads\/2025\/12\/revised-kh-logo-vertical-white-background-scaled.png","contentUrl":"https:\/\/thehometownlawyers.com\/wp-content\/uploads\/2025\/12\/revised-kh-logo-vertical-white-background-scaled.png","width":2560,"height":1440,"caption":"Kruger & Hodges Hometown Injury Lawyers"},"image":{"@id":"https:\/\/thehometownlawyers.com\/es\/#\/schema\/logo\/image\/"},"sameAs":["https:\/\/www.facebook.com\/KrugerHodges\/","https:\/\/www.instagram.com\/krugerhodges\/","https:\/\/www.linkedin.com\/company\/kruger-hodges-hometown-injury-lawyers\/","https:\/\/www.youtube.com\/channel\/UCeYcMaMaN2rb9jMlqt4EIdQ","https:\/\/www.tiktok.com\/@thehometownlawyer"]}]}},"_links":{"self":[{"href":"https:\/\/thehometownlawyers.com\/es\/wp-json\/wp\/v2\/pages\/21020","targetHints":{"allow":["GET"]}}],"collection":[{"href":"https:\/\/thehometownlawyers.com\/es\/wp-json\/wp\/v2\/pages"}],"about":[{"href":"https:\/\/thehometownlawyers.com\/es\/wp-json\/wp\/v2\/types\/page"}],"author":[{"embeddable":true,"href":"https:\/\/thehometownlawyers.com\/es\/wp-json\/wp\/v2\/users\/7"}],"replies":[{"embeddable":true,"href":"https:\/\/thehometownlawyers.com\/es\/wp-json\/wp\/v2\/comments?post=21020"}],"version-history":[{"count":0,"href":"https:\/\/thehometownlawyers.com\/es\/wp-json\/wp\/v2\/pages\/21020\/revisions"}],"up":[{"embeddable":true,"href":"https:\/\/thehometownlawyers.com\/es\/wp-json\/wp\/v2\/pages\/20989"}],"wp:featuredmedia":[{"embeddable":true,"href":"https:\/\/thehometownlawyers.com\/es\/wp-json\/wp\/v2\/media\/20719"}],"wp:attachment":[{"href":"https:\/\/thehometownlawyers.com\/es\/wp-json\/wp\/v2\/media?parent=21020"}],"wp:term":[{"taxonomy":"hc_faqs","embeddable":true,"href":"https:\/\/thehometownlawyers.com\/es\/wp-json\/wp\/v2\/hc_faqs?post=21020"},{"taxonomy":"hc_spanish_faqs","embeddable":true,"href":"https:\/\/thehometownlawyers.com\/es\/wp-json\/wp\/v2\/hc_spanish_faqs?post=21020"}],"curies":[{"name":"wp","href":"https:\/\/api.w.org\/{rel}","templated":true}]}}