{"id":21022,"date":"2021-09-14T20:38:39","date_gmt":"2021-09-15T00:38:39","guid":{"rendered":"https:\/\/thehometownlawyers.com\/?post_type=faq&#038;p=21022"},"modified":"2025-02-06T09:51:33","modified_gmt":"2025-02-06T14:51:33","slug":"por-que-son-tan-peligrosos-los-giros-a-la-izquierda","status":"publish","type":"page","link":"https:\/\/thehometownlawyers.com\/es\/preguntas-frecuentes\/por-que-son-tan-peligrosos-los-giros-a-la-izquierda\/","title":{"rendered":"\u00bfPor qu\u00e9 son tan peligrosos los giros a la izquierda?"},"content":{"rendered":"<p><strong>\u00bfPor qu\u00e9 son tan peligrosos los giros a la izquierda? <\/strong>Por alguna extra\u00f1a raz\u00f3n, los giros a la izquierda son espeluznantes. No nos gusta tomarlos. Parecen inseguros, especialmente si necesita hacer ese giro mientras su vista est\u00e1 parcialmente bloqueada por el tr\u00e1fico que se aproxima, \u00e1rboles u otros peligros que le impiden ver el camino. Los giros a la derecha son los m\u00e1s f\u00e1ciles de hacer e involucran la menor cantidad de accidentes. Los giros a la izquierda simplemente no son m\u00e1s peligrosos, a menudo causan el mayor da\u00f1o. Es por eso que si est\u00e1 involucrado en un accidente automovil\u00edstico, debe llamar al <a href=\"https:\/\/thehometownlawyers.com\/es\/\">abogado de lesiones personales en el que los residentes de Hamilton<\/a> han confiado para manejar sus casos de accidentes.<\/p>\n<p>La realidad es que los giros a la izquierda no solo son peligrosos, sino que pueden ser bastante mortales, especialmente si ocurren a alta velocidad. Casi todos los dem\u00e1s tipos de accidentes tienen una funci\u00f3n de seguridad en el autom\u00f3vil. Tienes cinturones de seguridad y bolsas de aire para ese tipo de colisiones. Por otro lado, el lado izquierdo del veh\u00edculo no tiene mucha protecci\u00f3n. Si un autom\u00f3vil se precipita hacia usted a toda velocidad mientras gira, es una receta para el desastre.<\/p>\n<h2>Las intersecciones peligrosas son dif\u00edciles de evitar<\/h2>\n<p>Puede que no te des cuenta, pero hasta el 36 % de todos los accidentes ocurren en una intersecci\u00f3n, seg\u00fan la Administraci\u00f3n Nacional de Seguridad del Tr\u00e1fico en las Carreteras. Para poner eso en perspectiva, los giros a la izquierda representan alrededor de 480,000 accidentes en total. Hay muchas razones por las que los giros a la izquierda son tan peligrosos, como no tener una buena vista del tr\u00e1fico cruzado, no ceder el paso, tratar de salir a un carril demasiado r\u00e1pido y no calcular correctamente la velocidad de otros veh\u00edculos.<\/p>\n<p>Debido a la velocidad involucrada y la falta de protecci\u00f3n en el lado izquierdo del veh\u00edculo, el <a href=\"https:\/\/www.transportation.ohio.gov\/wps\/portal\/gov\/odot\/\" target=\"_blank\" rel=\"noopener\">Departamento de Transporte<\/a> afirma que este tipo de accidentes suelen ser los m\u00e1s fatales. Lo \u00fanico entre usted y el otro veh\u00edculo es la puerta. Algunas empresas han comenzado a colocar bolsas de aire laterales en sus autom\u00f3viles y camiones para ayudar a que este tipo de incidentes sean menos mortales.<\/p>\n<p class=\"rs-content-cta rs-content-cta-small\">Para una consulta legal gratuita, llame al <a href=\"tel:+15138943333\">513-894-3333 <\/a><\/p><h2>\u00bfQui\u00e9n es negligente despu\u00e9s de un accidente automovil\u00edstico de giro a la izquierda?<\/h2>\n<p>Por lo general, la persona que gira a la izquierda es negligente en muchos casos. Muchos de estos giros se realizan cuando no se tiene el derecho de paso. Eso es lo que los hace tan complicados. Tiene que esperar hasta que el tr\u00e1fico est\u00e9 despejado, de modo que si calcula mal el giro o no ve el tr\u00e1fico que se aproxima, la culpa la tendr\u00e1 usted, no la persona que tiene el derecho de paso. Este no es siempre el caso, as\u00ed que no pierda la esperanza si ha tenido un accidente de giro a la izquierda.<\/p>\n<p>Puede probar que el otro conductor fue negligente si aceler\u00f3 en una luz amarilla o incluso roja tratando de evitar tener que detenerse. Tambi\u00e9n podr\u00edan haber infringido otras leyes de tr\u00e1nsito, como que usted tiene el derecho de paso si la se\u00f1al de giro a la izquierda era verde para usted y su giro era legal. De cualquier manera, si est\u00e1 involucrado en un accidente de giro a la izquierda, debe <a href=\"https:\/\/thehometownlawyers.com\/es\/contacto\/\">comunicarse con<\/a> Kruger &amp; Hodges, su <a href=\"https:\/\/thehometownlawyers.com\/es\/\">abogado de lesiones personales<\/a> que puede ayudarlo a obtener la compensaci\u00f3n que merece.<\/p>\n<h3><em>Enlaces relacionados:<\/em><\/h3>\n<p><a href=\"https:\/\/thehometownlawyers.com\/es\/\">Abogados de Lesiones Personales de Hamilton, OH<\/a><br \/>\nAccidentes automovil\u00edsticos en Hamilton<br \/>\n<a href=\"https:\/\/thehometownlawyers.com\/es\/\">Accidentes de motocicleta en Hamilton, OH<\/a><br \/>\nAccidentes de peatones en Hamilton, OH<br \/>\nAbogados de accidentes de Uber<br \/>\n<a href=\"https:\/\/thehometownlawyers.com\/es\/\">Accidentes de camiones en Hamilton, OH<\/a><\/p>\n<p class=\"rs-content-cta rs-content-cta-small\">Llame o env\u00ede un mensaje de texto al <a href=\"tel:+15138943333\">513-894-3333<\/a> o complete una <a href=\"\/es\/contacto\/\">evaluaci\u00f3n gratuita de su caso<\/a><\/p>","protected":false},"excerpt":{"rendered":"<p>\u00bfPor qu\u00e9 son tan peligrosos los giros a la izquierda? Por alguna extra\u00f1a raz\u00f3n, los giros a la izquierda son espeluznantes. No nos gusta tomarlos. Parecen inseguros, especialmente si necesita hacer ese giro mientras su vista est\u00e1 parcialmente bloqueada por el tr\u00e1fico que se aproxima, \u00e1rboles u otros peligros que le impiden ver el camino. &#8230;<\/p>\n","protected":false},"author":7,"featured_media":20755,"parent":20989,"menu_order":0,"comment_status":"closed","ping_status":"closed","template":"","meta":{"_acf_changed":false,"inline_featured_image":false,"_genesis_hide_title":false,"_genesis_hide_breadcrumbs":false,"_genesis_hide_singular_image":false,"_genesis_hide_footer_widgets":false,"_genesis_custom_body_class":"","_genesis_custom_post_class":"","_genesis_layout":"","footnotes":""},"hc_faqs":[316],"hc_spanish_faqs":[],"class_list":{"0":"post-21022","1":"page","2":"type-page","3":"status-publish","4":"has-post-thumbnail","6":"hc_faqs-accidente-de-automovilismo","7":"entry"},"acf":[],"yoast_head":"<!-- This site is optimized with the Yoast SEO plugin v27.5 - https:\/\/yoast.com\/product\/yoast-seo-wordpress\/ -->\n<title>\u00bfPor qu\u00e9 son tan peligrosos los giros a la izquierda?: Consulta gratuita<\/title>\n<meta name=\"description\" content=\"Los giros a la derecha son los m\u00e1s f\u00e1ciles de hacer e involucran la menor cantidad de accidentes. Los giros a la izquierda son m\u00e1s peligrosos ya menudo causan el mayor da\u00f1o.\" \/>\n<meta name=\"robots\" content=\"index, follow, max-snippet:-1, max-image-preview:large, max-video-preview:-1\" \/>\n<link rel=\"canonical\" href=\"https:\/\/thehometownlawyers.com\/es\/preguntas-frecuentes\/por-que-son-tan-peligrosos-los-giros-a-la-izquierda\/\" \/>\n<meta property=\"og:locale\" content=\"es_MX\" \/>\n<meta property=\"og:type\" content=\"article\" \/>\n<meta property=\"og:title\" content=\"\u00bfPor qu\u00e9 son tan peligrosos los giros a la izquierda?: Consulta gratuita\" \/>\n<meta property=\"og:description\" content=\"Los giros a la derecha son los m\u00e1s f\u00e1ciles de hacer e involucran la menor cantidad de accidentes. Los giros a la izquierda son m\u00e1s peligrosos ya menudo causan el mayor da\u00f1o.\" \/>\n<meta property=\"og:url\" content=\"https:\/\/thehometownlawyers.com\/es\/preguntas-frecuentes\/por-que-son-tan-peligrosos-los-giros-a-la-izquierda\/\" \/>\n<meta property=\"og:site_name\" content=\"Kruger &amp; Hodges Abogados De Lesiones\" \/>\n<meta property=\"article:publisher\" content=\"https:\/\/www.facebook.com\/KrugerHodges\/\" \/>\n<meta property=\"article:modified_time\" content=\"2025-02-06T14:51:33+00:00\" \/>\n<meta property=\"og:image\" content=\"https:\/\/thehometownlawyers.com\/wp-content\/uploads\/2020\/07\/Why-Are-Left-Turns-So-Dangerous.jpg\" \/>\n\t<meta property=\"og:image:width\" content=\"2000\" \/>\n\t<meta property=\"og:image:height\" content=\"1964\" \/>\n\t<meta property=\"og:image:type\" content=\"image\/jpeg\" \/>\n<meta name=\"twitter:card\" content=\"summary_large_image\" \/>\n<meta name=\"twitter:label1\" content=\"Tiempo de lectura\" \/>\n\t<meta name=\"twitter:data1\" content=\"3 minutos\" \/>\n<script type=\"application\/ld+json\" class=\"yoast-schema-graph\">{\"@context\":\"https:\\\/\\\/schema.org\",\"@graph\":[{\"@type\":\"WebPage\",\"@id\":\"https:\\\/\\\/thehometownlawyers.com\\\/es\\\/preguntas-frecuentes\\\/por-que-son-tan-peligrosos-los-giros-a-la-izquierda\\\/\",\"url\":\"https:\\\/\\\/thehometownlawyers.com\\\/es\\\/preguntas-frecuentes\\\/por-que-son-tan-peligrosos-los-giros-a-la-izquierda\\\/\",\"name\":\"\u00bfPor qu\u00e9 son tan peligrosos los giros a la izquierda?: Consulta gratuita\",\"isPartOf\":{\"@id\":\"https:\\\/\\\/thehometownlawyers.com\\\/es\\\/#website\"},\"primaryImageOfPage\":{\"@id\":\"https:\\\/\\\/thehometownlawyers.com\\\/es\\\/preguntas-frecuentes\\\/por-que-son-tan-peligrosos-los-giros-a-la-izquierda\\\/#primaryimage\"},\"image\":{\"@id\":\"https:\\\/\\\/thehometownlawyers.com\\\/es\\\/preguntas-frecuentes\\\/por-que-son-tan-peligrosos-los-giros-a-la-izquierda\\\/#primaryimage\"},\"thumbnailUrl\":\"https:\\\/\\\/thehometownlawyers.com\\\/wp-content\\\/uploads\\\/2020\\\/07\\\/Why-Are-Left-Turns-So-Dangerous.jpg\",\"datePublished\":\"2021-09-15T00:38:39+00:00\",\"dateModified\":\"2025-02-06T14:51:33+00:00\",\"description\":\"Los giros a la derecha son los m\u00e1s f\u00e1ciles de hacer e involucran la menor cantidad de accidentes. Los giros a la izquierda son m\u00e1s peligrosos ya menudo causan el mayor da\u00f1o.\",\"breadcrumb\":{\"@id\":\"https:\\\/\\\/thehometownlawyers.com\\\/es\\\/preguntas-frecuentes\\\/por-que-son-tan-peligrosos-los-giros-a-la-izquierda\\\/#breadcrumb\"},\"inLanguage\":\"es\",\"potentialAction\":[{\"@type\":\"ReadAction\",\"target\":[\"https:\\\/\\\/thehometownlawyers.com\\\/es\\\/preguntas-frecuentes\\\/por-que-son-tan-peligrosos-los-giros-a-la-izquierda\\\/\"]}]},{\"@type\":\"ImageObject\",\"inLanguage\":\"es\",\"@id\":\"https:\\\/\\\/thehometownlawyers.com\\\/es\\\/preguntas-frecuentes\\\/por-que-son-tan-peligrosos-los-giros-a-la-izquierda\\\/#primaryimage\",\"url\":\"https:\\\/\\\/thehometownlawyers.com\\\/wp-content\\\/uploads\\\/2020\\\/07\\\/Why-Are-Left-Turns-So-Dangerous.jpg\",\"contentUrl\":\"https:\\\/\\\/thehometownlawyers.com\\\/wp-content\\\/uploads\\\/2020\\\/07\\\/Why-Are-Left-Turns-So-Dangerous.jpg\",\"width\":2000,\"height\":1964,\"caption\":\"Concepto de elegir la forma correcta o incorrecta\"},{\"@type\":\"BreadcrumbList\",\"@id\":\"https:\\\/\\\/thehometownlawyers.com\\\/es\\\/preguntas-frecuentes\\\/por-que-son-tan-peligrosos-los-giros-a-la-izquierda\\\/#breadcrumb\",\"itemListElement\":[{\"@type\":\"ListItem\",\"position\":1,\"name\":\"Home\",\"item\":\"https:\\\/\\\/thehometownlawyers.com\\\/es\\\/\"},{\"@type\":\"ListItem\",\"position\":2,\"name\":\"Preguntas Frecuentes\",\"item\":\"https:\\\/\\\/thehometownlawyers.com\\\/es\\\/preguntas-frecuentes\\\/\"},{\"@type\":\"ListItem\",\"position\":3,\"name\":\"\u00bfPor qu\u00e9 son tan peligrosos los giros a la izquierda?\"}]},{\"@type\":\"WebSite\",\"@id\":\"https:\\\/\\\/thehometownlawyers.com\\\/es\\\/#website\",\"url\":\"https:\\\/\\\/thehometownlawyers.com\\\/es\\\/\",\"name\":\"Kruger & Hodges Hometown Injury Lawyers | Accident Attorneys\",\"description\":\"Attorneys for Car, Truck and Motorcycle Accidents, Personal Injuries, and Criminal Defense.\",\"publisher\":{\"@id\":\"https:\\\/\\\/thehometownlawyers.com\\\/es\\\/#organization\"},\"alternateName\":\"Kruger & Hodges Personal Injury Lawyers\",\"inLanguage\":\"es\"},{\"@type\":\"Organization\",\"@id\":\"https:\\\/\\\/thehometownlawyers.com\\\/es\\\/#organization\",\"name\":\"Kruger & Hodges Hometown Injury Lawyers\",\"alternateName\":\"Kruger & Hodges\",\"url\":\"https:\\\/\\\/thehometownlawyers.com\\\/es\\\/\",\"logo\":{\"@type\":\"ImageObject\",\"inLanguage\":\"es\",\"@id\":\"https:\\\/\\\/thehometownlawyers.com\\\/es\\\/#\\\/schema\\\/logo\\\/image\\\/\",\"url\":\"https:\\\/\\\/thehometownlawyers.com\\\/wp-content\\\/uploads\\\/2025\\\/12\\\/revised-kh-logo-vertical-white-background-scaled.png\",\"contentUrl\":\"https:\\\/\\\/thehometownlawyers.com\\\/wp-content\\\/uploads\\\/2025\\\/12\\\/revised-kh-logo-vertical-white-background-scaled.png\",\"width\":2560,\"height\":1440,\"caption\":\"Kruger & Hodges Hometown Injury Lawyers\"},\"image\":{\"@id\":\"https:\\\/\\\/thehometownlawyers.com\\\/es\\\/#\\\/schema\\\/logo\\\/image\\\/\"},\"sameAs\":[\"https:\\\/\\\/www.facebook.com\\\/KrugerHodges\\\/\",\"https:\\\/\\\/www.instagram.com\\\/krugerhodges\\\/\",\"https:\\\/\\\/www.linkedin.com\\\/company\\\/kruger-hodges-hometown-injury-lawyers\\\/\",\"https:\\\/\\\/www.youtube.com\\\/channel\\\/UCeYcMaMaN2rb9jMlqt4EIdQ\",\"https:\\\/\\\/www.tiktok.com\\\/@thehometownlawyer\"]}]}<\/script>\n<!-- \/ Yoast SEO plugin. -->","yoast_head_json":{"title":"\u00bfPor qu\u00e9 son tan peligrosos los giros a la izquierda?: Consulta gratuita","description":"Los giros a la derecha son los m\u00e1s f\u00e1ciles de hacer e involucran la menor cantidad de accidentes. Los giros a la izquierda son m\u00e1s peligrosos ya menudo causan el mayor da\u00f1o.","robots":{"index":"index","follow":"follow","max-snippet":"max-snippet:-1","max-image-preview":"max-image-preview:large","max-video-preview":"max-video-preview:-1"},"canonical":"https:\/\/thehometownlawyers.com\/es\/preguntas-frecuentes\/por-que-son-tan-peligrosos-los-giros-a-la-izquierda\/","og_locale":"es_MX","og_type":"article","og_title":"\u00bfPor qu\u00e9 son tan peligrosos los giros a la izquierda?: Consulta gratuita","og_description":"Los giros a la derecha son los m\u00e1s f\u00e1ciles de hacer e involucran la menor cantidad de accidentes. Los giros a la izquierda son m\u00e1s peligrosos ya menudo causan el mayor da\u00f1o.","og_url":"https:\/\/thehometownlawyers.com\/es\/preguntas-frecuentes\/por-que-son-tan-peligrosos-los-giros-a-la-izquierda\/","og_site_name":"Kruger &amp; Hodges Abogados De Lesiones","article_publisher":"https:\/\/www.facebook.com\/KrugerHodges\/","article_modified_time":"2025-02-06T14:51:33+00:00","og_image":[{"width":2000,"height":1964,"url":"https:\/\/thehometownlawyers.com\/wp-content\/uploads\/2020\/07\/Why-Are-Left-Turns-So-Dangerous.jpg","type":"image\/jpeg"}],"twitter_card":"summary_large_image","twitter_misc":{"Tiempo de lectura":"3 minutos"},"schema":{"@context":"https:\/\/schema.org","@graph":[{"@type":"WebPage","@id":"https:\/\/thehometownlawyers.com\/es\/preguntas-frecuentes\/por-que-son-tan-peligrosos-los-giros-a-la-izquierda\/","url":"https:\/\/thehometownlawyers.com\/es\/preguntas-frecuentes\/por-que-son-tan-peligrosos-los-giros-a-la-izquierda\/","name":"\u00bfPor qu\u00e9 son tan peligrosos los giros a la izquierda?: Consulta gratuita","isPartOf":{"@id":"https:\/\/thehometownlawyers.com\/es\/#website"},"primaryImageOfPage":{"@id":"https:\/\/thehometownlawyers.com\/es\/preguntas-frecuentes\/por-que-son-tan-peligrosos-los-giros-a-la-izquierda\/#primaryimage"},"image":{"@id":"https:\/\/thehometownlawyers.com\/es\/preguntas-frecuentes\/por-que-son-tan-peligrosos-los-giros-a-la-izquierda\/#primaryimage"},"thumbnailUrl":"https:\/\/thehometownlawyers.com\/wp-content\/uploads\/2020\/07\/Why-Are-Left-Turns-So-Dangerous.jpg","datePublished":"2021-09-15T00:38:39+00:00","dateModified":"2025-02-06T14:51:33+00:00","description":"Los giros a la derecha son los m\u00e1s f\u00e1ciles de hacer e involucran la menor cantidad de accidentes. Los giros a la izquierda son m\u00e1s peligrosos ya menudo causan el mayor da\u00f1o.","breadcrumb":{"@id":"https:\/\/thehometownlawyers.com\/es\/preguntas-frecuentes\/por-que-son-tan-peligrosos-los-giros-a-la-izquierda\/#breadcrumb"},"inLanguage":"es","potentialAction":[{"@type":"ReadAction","target":["https:\/\/thehometownlawyers.com\/es\/preguntas-frecuentes\/por-que-son-tan-peligrosos-los-giros-a-la-izquierda\/"]}]},{"@type":"ImageObject","inLanguage":"es","@id":"https:\/\/thehometownlawyers.com\/es\/preguntas-frecuentes\/por-que-son-tan-peligrosos-los-giros-a-la-izquierda\/#primaryimage","url":"https:\/\/thehometownlawyers.com\/wp-content\/uploads\/2020\/07\/Why-Are-Left-Turns-So-Dangerous.jpg","contentUrl":"https:\/\/thehometownlawyers.com\/wp-content\/uploads\/2020\/07\/Why-Are-Left-Turns-So-Dangerous.jpg","width":2000,"height":1964,"caption":"Concepto de elegir la forma correcta o incorrecta"},{"@type":"BreadcrumbList","@id":"https:\/\/thehometownlawyers.com\/es\/preguntas-frecuentes\/por-que-son-tan-peligrosos-los-giros-a-la-izquierda\/#breadcrumb","itemListElement":[{"@type":"ListItem","position":1,"name":"Home","item":"https:\/\/thehometownlawyers.com\/es\/"},{"@type":"ListItem","position":2,"name":"Preguntas Frecuentes","item":"https:\/\/thehometownlawyers.com\/es\/preguntas-frecuentes\/"},{"@type":"ListItem","position":3,"name":"\u00bfPor qu\u00e9 son tan peligrosos los giros a la izquierda?"}]},{"@type":"WebSite","@id":"https:\/\/thehometownlawyers.com\/es\/#website","url":"https:\/\/thehometownlawyers.com\/es\/","name":"Kruger & Hodges Hometown Injury Lawyers | Accident Attorneys","description":"Attorneys for Car, Truck and Motorcycle Accidents, Personal Injuries, and Criminal Defense.","publisher":{"@id":"https:\/\/thehometownlawyers.com\/es\/#organization"},"alternateName":"Kruger & Hodges Personal Injury Lawyers","inLanguage":"es"},{"@type":"Organization","@id":"https:\/\/thehometownlawyers.com\/es\/#organization","name":"Kruger & Hodges Hometown Injury Lawyers","alternateName":"Kruger & Hodges","url":"https:\/\/thehometownlawyers.com\/es\/","logo":{"@type":"ImageObject","inLanguage":"es","@id":"https:\/\/thehometownlawyers.com\/es\/#\/schema\/logo\/image\/","url":"https:\/\/thehometownlawyers.com\/wp-content\/uploads\/2025\/12\/revised-kh-logo-vertical-white-background-scaled.png","contentUrl":"https:\/\/thehometownlawyers.com\/wp-content\/uploads\/2025\/12\/revised-kh-logo-vertical-white-background-scaled.png","width":2560,"height":1440,"caption":"Kruger & Hodges Hometown Injury Lawyers"},"image":{"@id":"https:\/\/thehometownlawyers.com\/es\/#\/schema\/logo\/image\/"},"sameAs":["https:\/\/www.facebook.com\/KrugerHodges\/","https:\/\/www.instagram.com\/krugerhodges\/","https:\/\/www.linkedin.com\/company\/kruger-hodges-hometown-injury-lawyers\/","https:\/\/www.youtube.com\/channel\/UCeYcMaMaN2rb9jMlqt4EIdQ","https:\/\/www.tiktok.com\/@thehometownlawyer"]}]}},"_links":{"self":[{"href":"https:\/\/thehometownlawyers.com\/es\/wp-json\/wp\/v2\/pages\/21022","targetHints":{"allow":["GET"]}}],"collection":[{"href":"https:\/\/thehometownlawyers.com\/es\/wp-json\/wp\/v2\/pages"}],"about":[{"href":"https:\/\/thehometownlawyers.com\/es\/wp-json\/wp\/v2\/types\/page"}],"author":[{"embeddable":true,"href":"https:\/\/thehometownlawyers.com\/es\/wp-json\/wp\/v2\/users\/7"}],"replies":[{"embeddable":true,"href":"https:\/\/thehometownlawyers.com\/es\/wp-json\/wp\/v2\/comments?post=21022"}],"version-history":[{"count":0,"href":"https:\/\/thehometownlawyers.com\/es\/wp-json\/wp\/v2\/pages\/21022\/revisions"}],"up":[{"embeddable":true,"href":"https:\/\/thehometownlawyers.com\/es\/wp-json\/wp\/v2\/pages\/20989"}],"wp:featuredmedia":[{"embeddable":true,"href":"https:\/\/thehometownlawyers.com\/es\/wp-json\/wp\/v2\/media\/20755"}],"wp:attachment":[{"href":"https:\/\/thehometownlawyers.com\/es\/wp-json\/wp\/v2\/media?parent=21022"}],"wp:term":[{"taxonomy":"hc_faqs","embeddable":true,"href":"https:\/\/thehometownlawyers.com\/es\/wp-json\/wp\/v2\/hc_faqs?post=21022"},{"taxonomy":"hc_spanish_faqs","embeddable":true,"href":"https:\/\/thehometownlawyers.com\/es\/wp-json\/wp\/v2\/hc_spanish_faqs?post=21022"}],"curies":[{"name":"wp","href":"https:\/\/api.w.org\/{rel}","templated":true}]}}