{"id":21023,"date":"2018-07-27T16:33:09","date_gmt":"2018-07-27T20:33:09","guid":{"rendered":"https:\/\/thehometownlawyers.com\/?post_type=faq&#038;p=21023"},"modified":"2025-01-30T18:45:20","modified_gmt":"2025-01-30T23:45:20","slug":"cual-es-la-diferencia-entre-un-reclamo-de-seguro-y-una-demanda","status":"publish","type":"page","link":"https:\/\/thehometownlawyers.com\/es\/preguntas-frecuentes\/cual-es-la-diferencia-entre-un-reclamo-de-seguro-y-una-demanda\/","title":{"rendered":"\u00bfCu\u00e1l es la diferencia entre un reclamo de seguro y una demanda?"},"content":{"rendered":"<p><strong>\u00bfCu\u00e1l es la diferencia entre un reclamo de seguro y una demanda?<\/strong> Muchas personas han escuchado las frases, &#8220;reclamaci\u00f3n por <a href=\"https:\/\/thehometownlawyers.com\/es\/\">lesiones personales<\/a> &#8221; y &#8220;demanda por lesiones personales&#8221; utilizadas de manera casi intercambiable. Hay una diferencia significativa, sin embargo, entre estas dos frases.<\/p>\n<p>Un reclamo por lesiones personales es un proceso que implica que una parte lesionada negocie un acuerdo a trav\u00e9s de la compa\u00f1\u00eda de seguros de la parte responsable. Estos reclamos ocurren fuera del sistema judicial. Las demandas por lesiones personales ocurren cuando la v\u00edctima de un accidente busca una compensaci\u00f3n de una parte responsable en un tribunal de justicia porque los esfuerzos anteriores para negociar un acuerdo no tuvieron \u00e9xito o no fueron pr\u00e1cticos.<\/p>\n<p>Si bien ambos pueden resultar en una compensaci\u00f3n por los da\u00f1os resultantes de una lesi\u00f3n, este art\u00edculo analizar\u00e1 algunas de las diferencias adicionales entre las reclamaciones de seguros y las demandas. En cualquier situaci\u00f3n, es aconsejable ponerse en contacto con un abogado con experiencia en accidentes para obtener ayuda.<\/p>\n<h2>Reclamaciones de seguro de lesiones personales<\/h2>\n<p>Probablemente, el patr\u00f3n de hechos m\u00e1s com\u00fan que pone en juego estos problemas es un accidente automovil\u00edstico. Ohio es un estado basado en la culpa, lo que significa que las v\u00edctimas de accidentes automovil\u00edsticos pueden iniciar reclamos contra la parte responsable de sus accidentes para obtener una compensaci\u00f3n. Despu\u00e9s de presentar un reclamo ante la compa\u00f1\u00eda de seguros de autom\u00f3viles de la parte responsable, un ajustador de seguros determinar\u00e1 c\u00f3mo ocurri\u00f3 el accidente automovil\u00edstico y obtendr\u00e1 cualquier evidencia para ayudar a decidir qui\u00e9n debe ser responsable por los da\u00f1os resultantes.<\/p>\n<p>Porque los ajustadores solicitan informaci\u00f3n personal y, a veces, intentar\u00e1n obtener declaraciones sobre c\u00f3mo ocurri\u00f3 un accidente. A veces, una parte lesionada puede hacer declaraciones que perjudican su caso. Por lo tanto, a menudo es una mejor idea hablar con un abogado de accidentes automovil\u00edsticos antes de presentar un reclamo o hablar con la compa\u00f1\u00eda de seguros de la otra parte.<\/p>\n<p>Despu\u00e9s de una investigaci\u00f3n, la compa\u00f1\u00eda podr\u00eda ofrecer un monto de liquidaci\u00f3n al conductor que present\u00f3 el reclamo, que el conductor puede aceptar o rechazar. Los ajustadores de seguros a menudo intentar\u00e1n liquidar las reclamaciones por mucho menos que el valor real. Por lo tanto, a menudo se conf\u00eda en la experiencia de un abogado de lesiones personales para determinar si un acuerdo es justo.<\/p>\n<p>Si no se puede llegar a un acuerdo, muchas v\u00edctimas de accidentes deciden iniciar una demanda por lesiones personales.<\/p>\n<p class=\"rs-content-cta rs-content-cta-small\">Para una consulta legal gratuita, llame al <a href=\"tel:+15138943333\">513-894-3333 <\/a><\/p><h2>Demandas por lesiones personales<\/h2>\n<p>Las demandas por lesiones personales se refieren a asuntos que proceden a trav\u00e9s de un tribunal de justicia y se manejar\u00e1n bajo reglas y procedimientos mucho m\u00e1s formales que un reclamo de seguro. Por lo tanto, un abogado pr\u00e1cticamente siempre estar\u00e1 involucrado en una demanda por lesiones personales. Las demandas por lesiones personales surgen con frecuencia cuando surgen dificultades con la compa\u00f1\u00eda de seguros de la parte responsable. Estas dificultades pueden deberse a que la compa\u00f1\u00eda de seguros no est\u00e1 dispuesta a pagar una cantidad aceptable. A veces se necesitan demandas porque la compa\u00f1\u00eda de seguros ha negado la responsabilidad por completo.<\/p>\n<p>Para establecer que se deben otorgar da\u00f1os y perjuicios, su abogado debe establecer que varios elementos estuvieron involucrados en un accidente. Estos elementos incluyen que el acusado le deb\u00eda a la v\u00edctima un deber de cuidado e incumpli\u00f3 ese deber. Una vez que se hayan demostrado estos dos elementos, un abogado deber\u00e1 probar que el incumplimiento del deber del demandado caus\u00f3 un da\u00f1o al demandante. Finalmente, el abogado deber\u00e1 probar el alcance de los da\u00f1os causados. Los abogados defensores intentar\u00e1n hacer agujeros en cualquier debilidad que pueda tener un caso.<\/p>\n<p>Debido a que los juicios son decididos por personas (ya sean jurados o jueces), los resultados de las demandas por lesiones personales a menudo son impredecibles. Ohio tambi\u00e9n tiene leyes que limitan la cantidad de da\u00f1os que est\u00e1n disponibles para compensaci\u00f3n a las partes lesionadas. Adem\u00e1s, debido a que Ohio sigue las leyes de negligencia comparativa, la cantidad de compensaci\u00f3n que se recibe tambi\u00e9n puede reducirse en el porcentaje en que una persona es responsable de un accidente.<\/p>\n<h2>Hable con un abogado experimentado en lesiones personales<\/h2>\n<p>No importa si un reclamo de seguro o una demanda por lesiones personales es apropiado para su caso, a menudo es una buena idea hablar con un abogado experimentado en accidentes. Si result\u00f3 lesionado en un accidente automovil\u00edstico o sufri\u00f3 otro tipo de lesi\u00f3n, <a href=\"https:\/\/thehometownlawyers.com\/es\/contacto\/\">comun\u00edquese con<\/a> el bufete de abogados de Kruger &amp; Hodges hoy para hablar con un abogado de lesiones personales en Hamilton, Ohio.<\/p>\n<p class=\"rs-content-cta rs-content-cta-small\">Llame o env\u00ede un mensaje de texto al <a href=\"tel:+15138943333\">513-894-3333<\/a> o complete una <a href=\"\/es\/contacto\/\">evaluaci\u00f3n gratuita de su caso<\/a><\/p>","protected":false},"excerpt":{"rendered":"<p>Muchas personas han escuchado las frases, &#8220;reclamaci\u00f3n por lesiones personales&#8221; y &#8220;demanda por lesiones personales&#8221; utilizadas de manera casi intercambiable. Hay una diferencia significativa, sin embargo, entre estas dos frases. <\/p>\n","protected":false},"author":7,"featured_media":20813,"parent":20989,"menu_order":0,"comment_status":"closed","ping_status":"closed","template":"","meta":{"_acf_changed":false,"inline_featured_image":false,"_genesis_hide_title":false,"_genesis_hide_breadcrumbs":false,"_genesis_hide_singular_image":false,"_genesis_hide_footer_widgets":false,"_genesis_custom_body_class":"","_genesis_custom_post_class":"","_genesis_layout":"","footnotes":""},"hc_faqs":[323,320],"hc_spanish_faqs":[],"class_list":{"0":"post-21023","1":"page","2":"type-page","3":"status-publish","4":"has-post-thumbnail","6":"hc_faqs-lesiones-personales","7":"hc_faqs-reclamaciones-de-seguro","8":"entry"},"acf":[],"yoast_head":"<!-- This site is optimized with the Yoast SEO plugin v27.3 - https:\/\/yoast.com\/product\/yoast-seo-wordpress\/ -->\n<title>\u00bfDiferencia entre reclamo de seguro y demanda? Kruger y Hodge<\/title>\n<meta name=\"description\" content=\"\u00bfCu\u00e1l es la diferencia entre un reclamo de seguro y una demanda? Las demandas por lesiones personales son asuntos que proceden a trav\u00e9s de un tribunal de justicia.\" \/>\n<meta name=\"robots\" content=\"index, follow, max-snippet:-1, max-image-preview:large, max-video-preview:-1\" \/>\n<link rel=\"canonical\" href=\"https:\/\/thehometownlawyers.com\/es\/preguntas-frecuentes\/cual-es-la-diferencia-entre-un-reclamo-de-seguro-y-una-demanda\/\" \/>\n<meta property=\"og:locale\" content=\"es_MX\" \/>\n<meta property=\"og:type\" content=\"article\" \/>\n<meta property=\"og:title\" content=\"\u00bfDiferencia entre reclamo de seguro y demanda? Kruger y Hodge\" \/>\n<meta property=\"og:description\" content=\"\u00bfCu\u00e1l es la diferencia entre un reclamo de seguro y una demanda? Las demandas por lesiones personales son asuntos que proceden a trav\u00e9s de un tribunal de justicia.\" \/>\n<meta property=\"og:url\" content=\"https:\/\/thehometownlawyers.com\/es\/preguntas-frecuentes\/cual-es-la-diferencia-entre-un-reclamo-de-seguro-y-una-demanda\/\" \/>\n<meta property=\"og:site_name\" content=\"Kruger &amp; Hodges Abogados De Lesiones\" \/>\n<meta property=\"article:publisher\" content=\"https:\/\/www.facebook.com\/KrugerHodges\/\" \/>\n<meta property=\"article:modified_time\" content=\"2025-01-30T23:45:20+00:00\" \/>\n<meta property=\"og:image\" content=\"https:\/\/thehometownlawyers.com\/wp-content\/uploads\/2021\/08\/stethoscope-doctor-injury.jpg\" \/>\n\t<meta property=\"og:image:width\" content=\"1920\" \/>\n\t<meta property=\"og:image:height\" content=\"1080\" \/>\n\t<meta property=\"og:image:type\" content=\"image\/jpeg\" \/>\n<meta name=\"twitter:card\" content=\"summary_large_image\" \/>\n<meta name=\"twitter:label1\" content=\"Tiempo de lectura\" \/>\n\t<meta name=\"twitter:data1\" content=\"4 minutos\" \/>\n<script type=\"application\/ld+json\" class=\"yoast-schema-graph\">{\"@context\":\"https:\\\/\\\/schema.org\",\"@graph\":[{\"@type\":\"WebPage\",\"@id\":\"https:\\\/\\\/thehometownlawyers.com\\\/es\\\/preguntas-frecuentes\\\/cual-es-la-diferencia-entre-un-reclamo-de-seguro-y-una-demanda\\\/\",\"url\":\"https:\\\/\\\/thehometownlawyers.com\\\/es\\\/preguntas-frecuentes\\\/cual-es-la-diferencia-entre-un-reclamo-de-seguro-y-una-demanda\\\/\",\"name\":\"\u00bfDiferencia entre reclamo de seguro y demanda? Kruger y Hodge\",\"isPartOf\":{\"@id\":\"https:\\\/\\\/thehometownlawyers.com\\\/es\\\/#website\"},\"primaryImageOfPage\":{\"@id\":\"https:\\\/\\\/thehometownlawyers.com\\\/es\\\/preguntas-frecuentes\\\/cual-es-la-diferencia-entre-un-reclamo-de-seguro-y-una-demanda\\\/#primaryimage\"},\"image\":{\"@id\":\"https:\\\/\\\/thehometownlawyers.com\\\/es\\\/preguntas-frecuentes\\\/cual-es-la-diferencia-entre-un-reclamo-de-seguro-y-una-demanda\\\/#primaryimage\"},\"thumbnailUrl\":\"https:\\\/\\\/thehometownlawyers.com\\\/wp-content\\\/uploads\\\/2021\\\/08\\\/stethoscope-doctor-injury.jpg\",\"datePublished\":\"2018-07-27T20:33:09+00:00\",\"dateModified\":\"2025-01-30T23:45:20+00:00\",\"description\":\"\u00bfCu\u00e1l es la diferencia entre un reclamo de seguro y una demanda? Las demandas por lesiones personales son asuntos que proceden a trav\u00e9s de un tribunal de justicia.\",\"breadcrumb\":{\"@id\":\"https:\\\/\\\/thehometownlawyers.com\\\/es\\\/preguntas-frecuentes\\\/cual-es-la-diferencia-entre-un-reclamo-de-seguro-y-una-demanda\\\/#breadcrumb\"},\"inLanguage\":\"es\",\"potentialAction\":[{\"@type\":\"ReadAction\",\"target\":[\"https:\\\/\\\/thehometownlawyers.com\\\/es\\\/preguntas-frecuentes\\\/cual-es-la-diferencia-entre-un-reclamo-de-seguro-y-una-demanda\\\/\"]}]},{\"@type\":\"ImageObject\",\"inLanguage\":\"es\",\"@id\":\"https:\\\/\\\/thehometownlawyers.com\\\/es\\\/preguntas-frecuentes\\\/cual-es-la-diferencia-entre-un-reclamo-de-seguro-y-una-demanda\\\/#primaryimage\",\"url\":\"https:\\\/\\\/thehometownlawyers.com\\\/wp-content\\\/uploads\\\/2021\\\/08\\\/stethoscope-doctor-injury.jpg\",\"contentUrl\":\"https:\\\/\\\/thehometownlawyers.com\\\/wp-content\\\/uploads\\\/2021\\\/08\\\/stethoscope-doctor-injury.jpg\",\"width\":1920,\"height\":1080,\"caption\":\"estetoscopio y man\u00f3metro\"},{\"@type\":\"BreadcrumbList\",\"@id\":\"https:\\\/\\\/thehometownlawyers.com\\\/es\\\/preguntas-frecuentes\\\/cual-es-la-diferencia-entre-un-reclamo-de-seguro-y-una-demanda\\\/#breadcrumb\",\"itemListElement\":[{\"@type\":\"ListItem\",\"position\":1,\"name\":\"Home\",\"item\":\"https:\\\/\\\/thehometownlawyers.com\\\/es\\\/\"},{\"@type\":\"ListItem\",\"position\":2,\"name\":\"Preguntas Frecuentes\",\"item\":\"https:\\\/\\\/thehometownlawyers.com\\\/es\\\/preguntas-frecuentes\\\/\"},{\"@type\":\"ListItem\",\"position\":3,\"name\":\"\u00bfCu\u00e1l es la diferencia entre un reclamo de seguro y una demanda?\"}]},{\"@type\":\"WebSite\",\"@id\":\"https:\\\/\\\/thehometownlawyers.com\\\/es\\\/#website\",\"url\":\"https:\\\/\\\/thehometownlawyers.com\\\/es\\\/\",\"name\":\"Kruger & Hodges Hometown Injury Lawyers | Accident Attorneys\",\"description\":\"Attorneys for Car, Truck and Motorcycle Accidents, Personal Injuries, and Criminal Defense.\",\"publisher\":{\"@id\":\"https:\\\/\\\/thehometownlawyers.com\\\/es\\\/#organization\"},\"alternateName\":\"Kruger & Hodges Personal Injury Lawyers\",\"inLanguage\":\"es\"},{\"@type\":\"Organization\",\"@id\":\"https:\\\/\\\/thehometownlawyers.com\\\/es\\\/#organization\",\"name\":\"Kruger & Hodges Hometown Injury Lawyers\",\"alternateName\":\"Kruger & Hodges Accident Attorneys\",\"url\":\"https:\\\/\\\/thehometownlawyers.com\\\/es\\\/\",\"logo\":{\"@type\":\"ImageObject\",\"inLanguage\":\"es\",\"@id\":\"https:\\\/\\\/thehometownlawyers.com\\\/es\\\/#\\\/schema\\\/logo\\\/image\\\/\",\"url\":\"https:\\\/\\\/thehometownlawyers.com\\\/wp-content\\\/uploads\\\/2025\\\/12\\\/revised-kh-logo-vertical-white-background-scaled.png\",\"contentUrl\":\"https:\\\/\\\/thehometownlawyers.com\\\/wp-content\\\/uploads\\\/2025\\\/12\\\/revised-kh-logo-vertical-white-background-scaled.png\",\"width\":2560,\"height\":1440,\"caption\":\"Kruger & Hodges Hometown Injury Lawyers\"},\"image\":{\"@id\":\"https:\\\/\\\/thehometownlawyers.com\\\/es\\\/#\\\/schema\\\/logo\\\/image\\\/\"},\"sameAs\":[\"https:\\\/\\\/www.facebook.com\\\/KrugerHodges\\\/\",\"https:\\\/\\\/www.instagram.com\\\/krugerhodges\\\/\",\"https:\\\/\\\/www.linkedin.com\\\/company\\\/kruger-hodges-hometown-injury-lawyers\\\/\",\"https:\\\/\\\/www.youtube.com\\\/channel\\\/UCeYcMaMaN2rb9jMlqt4EIdQ\",\"https:\\\/\\\/www.tiktok.com\\\/@thehometownlawyer\"]}]}<\/script>\n<!-- \/ Yoast SEO plugin. -->","yoast_head_json":{"title":"\u00bfDiferencia entre reclamo de seguro y demanda? Kruger y Hodge","description":"\u00bfCu\u00e1l es la diferencia entre un reclamo de seguro y una demanda? Las demandas por lesiones personales son asuntos que proceden a trav\u00e9s de un tribunal de justicia.","robots":{"index":"index","follow":"follow","max-snippet":"max-snippet:-1","max-image-preview":"max-image-preview:large","max-video-preview":"max-video-preview:-1"},"canonical":"https:\/\/thehometownlawyers.com\/es\/preguntas-frecuentes\/cual-es-la-diferencia-entre-un-reclamo-de-seguro-y-una-demanda\/","og_locale":"es_MX","og_type":"article","og_title":"\u00bfDiferencia entre reclamo de seguro y demanda? Kruger y Hodge","og_description":"\u00bfCu\u00e1l es la diferencia entre un reclamo de seguro y una demanda? Las demandas por lesiones personales son asuntos que proceden a trav\u00e9s de un tribunal de justicia.","og_url":"https:\/\/thehometownlawyers.com\/es\/preguntas-frecuentes\/cual-es-la-diferencia-entre-un-reclamo-de-seguro-y-una-demanda\/","og_site_name":"Kruger &amp; Hodges Abogados De Lesiones","article_publisher":"https:\/\/www.facebook.com\/KrugerHodges\/","article_modified_time":"2025-01-30T23:45:20+00:00","og_image":[{"width":1920,"height":1080,"url":"https:\/\/thehometownlawyers.com\/wp-content\/uploads\/2021\/08\/stethoscope-doctor-injury.jpg","type":"image\/jpeg"}],"twitter_card":"summary_large_image","twitter_misc":{"Tiempo de lectura":"4 minutos"},"schema":{"@context":"https:\/\/schema.org","@graph":[{"@type":"WebPage","@id":"https:\/\/thehometownlawyers.com\/es\/preguntas-frecuentes\/cual-es-la-diferencia-entre-un-reclamo-de-seguro-y-una-demanda\/","url":"https:\/\/thehometownlawyers.com\/es\/preguntas-frecuentes\/cual-es-la-diferencia-entre-un-reclamo-de-seguro-y-una-demanda\/","name":"\u00bfDiferencia entre reclamo de seguro y demanda? Kruger y Hodge","isPartOf":{"@id":"https:\/\/thehometownlawyers.com\/es\/#website"},"primaryImageOfPage":{"@id":"https:\/\/thehometownlawyers.com\/es\/preguntas-frecuentes\/cual-es-la-diferencia-entre-un-reclamo-de-seguro-y-una-demanda\/#primaryimage"},"image":{"@id":"https:\/\/thehometownlawyers.com\/es\/preguntas-frecuentes\/cual-es-la-diferencia-entre-un-reclamo-de-seguro-y-una-demanda\/#primaryimage"},"thumbnailUrl":"https:\/\/thehometownlawyers.com\/wp-content\/uploads\/2021\/08\/stethoscope-doctor-injury.jpg","datePublished":"2018-07-27T20:33:09+00:00","dateModified":"2025-01-30T23:45:20+00:00","description":"\u00bfCu\u00e1l es la diferencia entre un reclamo de seguro y una demanda? Las demandas por lesiones personales son asuntos que proceden a trav\u00e9s de un tribunal de justicia.","breadcrumb":{"@id":"https:\/\/thehometownlawyers.com\/es\/preguntas-frecuentes\/cual-es-la-diferencia-entre-un-reclamo-de-seguro-y-una-demanda\/#breadcrumb"},"inLanguage":"es","potentialAction":[{"@type":"ReadAction","target":["https:\/\/thehometownlawyers.com\/es\/preguntas-frecuentes\/cual-es-la-diferencia-entre-un-reclamo-de-seguro-y-una-demanda\/"]}]},{"@type":"ImageObject","inLanguage":"es","@id":"https:\/\/thehometownlawyers.com\/es\/preguntas-frecuentes\/cual-es-la-diferencia-entre-un-reclamo-de-seguro-y-una-demanda\/#primaryimage","url":"https:\/\/thehometownlawyers.com\/wp-content\/uploads\/2021\/08\/stethoscope-doctor-injury.jpg","contentUrl":"https:\/\/thehometownlawyers.com\/wp-content\/uploads\/2021\/08\/stethoscope-doctor-injury.jpg","width":1920,"height":1080,"caption":"estetoscopio y man\u00f3metro"},{"@type":"BreadcrumbList","@id":"https:\/\/thehometownlawyers.com\/es\/preguntas-frecuentes\/cual-es-la-diferencia-entre-un-reclamo-de-seguro-y-una-demanda\/#breadcrumb","itemListElement":[{"@type":"ListItem","position":1,"name":"Home","item":"https:\/\/thehometownlawyers.com\/es\/"},{"@type":"ListItem","position":2,"name":"Preguntas Frecuentes","item":"https:\/\/thehometownlawyers.com\/es\/preguntas-frecuentes\/"},{"@type":"ListItem","position":3,"name":"\u00bfCu\u00e1l es la diferencia entre un reclamo de seguro y una demanda?"}]},{"@type":"WebSite","@id":"https:\/\/thehometownlawyers.com\/es\/#website","url":"https:\/\/thehometownlawyers.com\/es\/","name":"Kruger & Hodges Hometown Injury Lawyers | Accident Attorneys","description":"Attorneys for Car, Truck and Motorcycle Accidents, Personal Injuries, and Criminal Defense.","publisher":{"@id":"https:\/\/thehometownlawyers.com\/es\/#organization"},"alternateName":"Kruger & Hodges Personal Injury Lawyers","inLanguage":"es"},{"@type":"Organization","@id":"https:\/\/thehometownlawyers.com\/es\/#organization","name":"Kruger & Hodges Hometown Injury Lawyers","alternateName":"Kruger & Hodges Accident Attorneys","url":"https:\/\/thehometownlawyers.com\/es\/","logo":{"@type":"ImageObject","inLanguage":"es","@id":"https:\/\/thehometownlawyers.com\/es\/#\/schema\/logo\/image\/","url":"https:\/\/thehometownlawyers.com\/wp-content\/uploads\/2025\/12\/revised-kh-logo-vertical-white-background-scaled.png","contentUrl":"https:\/\/thehometownlawyers.com\/wp-content\/uploads\/2025\/12\/revised-kh-logo-vertical-white-background-scaled.png","width":2560,"height":1440,"caption":"Kruger & Hodges Hometown Injury Lawyers"},"image":{"@id":"https:\/\/thehometownlawyers.com\/es\/#\/schema\/logo\/image\/"},"sameAs":["https:\/\/www.facebook.com\/KrugerHodges\/","https:\/\/www.instagram.com\/krugerhodges\/","https:\/\/www.linkedin.com\/company\/kruger-hodges-hometown-injury-lawyers\/","https:\/\/www.youtube.com\/channel\/UCeYcMaMaN2rb9jMlqt4EIdQ","https:\/\/www.tiktok.com\/@thehometownlawyer"]}]}},"_links":{"self":[{"href":"https:\/\/thehometownlawyers.com\/es\/wp-json\/wp\/v2\/pages\/21023","targetHints":{"allow":["GET"]}}],"collection":[{"href":"https:\/\/thehometownlawyers.com\/es\/wp-json\/wp\/v2\/pages"}],"about":[{"href":"https:\/\/thehometownlawyers.com\/es\/wp-json\/wp\/v2\/types\/page"}],"author":[{"embeddable":true,"href":"https:\/\/thehometownlawyers.com\/es\/wp-json\/wp\/v2\/users\/7"}],"replies":[{"embeddable":true,"href":"https:\/\/thehometownlawyers.com\/es\/wp-json\/wp\/v2\/comments?post=21023"}],"version-history":[{"count":0,"href":"https:\/\/thehometownlawyers.com\/es\/wp-json\/wp\/v2\/pages\/21023\/revisions"}],"up":[{"embeddable":true,"href":"https:\/\/thehometownlawyers.com\/es\/wp-json\/wp\/v2\/pages\/20989"}],"wp:featuredmedia":[{"embeddable":true,"href":"https:\/\/thehometownlawyers.com\/es\/wp-json\/wp\/v2\/media\/20813"}],"wp:attachment":[{"href":"https:\/\/thehometownlawyers.com\/es\/wp-json\/wp\/v2\/media?parent=21023"}],"wp:term":[{"taxonomy":"hc_faqs","embeddable":true,"href":"https:\/\/thehometownlawyers.com\/es\/wp-json\/wp\/v2\/hc_faqs?post=21023"},{"taxonomy":"hc_spanish_faqs","embeddable":true,"href":"https:\/\/thehometownlawyers.com\/es\/wp-json\/wp\/v2\/hc_spanish_faqs?post=21023"}],"curies":[{"name":"wp","href":"https:\/\/api.w.org\/{rel}","templated":true}]}}