{"id":21024,"date":"2021-08-25T13:42:50","date_gmt":"2021-08-25T17:42:50","guid":{"rendered":"https:\/\/thehometownlawyers.com\/?post_type=faq&#038;p=21024"},"modified":"2022-06-23T11:06:06","modified_gmt":"2022-06-23T15:06:06","slug":"lesionado-en-un-accidente-automovilistico-con-un-automovilista-sin-seguro-puedo-ser-compensado","status":"publish","type":"page","link":"https:\/\/thehometownlawyers.com\/es\/preguntas-frecuentes\/lesionado-en-un-accidente-automovilistico-con-un-automovilista-sin-seguro-puedo-ser-compensado\/","title":{"rendered":"Lesionado en un accidente automovil\u00edstico con un automovilista sin seguro, \u00bfpuedo ser compensado?"},"content":{"rendered":"<p><strong>Si me lesiono en un accidente automovil\u00edstico con un automovilista sin seguro, \u00bfpuedo ser compensado? <\/strong><span style=\"font-weight: 400;\">Un accidente en s\u00ed mismo, independientemente de los da\u00f1os o lesiones, puede ser un evento extremadamente estresante. Estos incidentes pueden empeorar a\u00fan m\u00e1s si descubre que la otra parte involucrada en el accidente no tiene seguro, o si su seguro no es suficiente para cubrir el alcance de los da\u00f1os o lesiones.<\/span><\/p>\n<p><span style=\"font-weight: 400;\">Esto puede parecer un escenario de pesadilla al principio. Sin embargo, los abogados de accidentes automovil\u00edsticos de Middletown de Kruger &amp; Hodges se han ocupado de este escenario muchas veces. Sabemos que est\u00e1 preocupado y podemos guiarlo a trav\u00e9s del proceso para asegurarnos de que reciba una compensaci\u00f3n adecuada por sus da\u00f1os.<\/span><\/p>\n<h2><span style=\"font-weight: 400;\">\u00bfCu\u00e1les son las leyes para la cobertura de seguros en Ohio?<\/span><\/h2>\n<p><span style=\"font-weight: 400;\">Ohio requiere que cualquier persona que conduzca un autom\u00f3vil tenga un seguro. Los conductores deben tener p\u00f3lizas de seguro con un <a href=\"https:\/\/www.bmv.ohio.gov\/dl-mandatory-insurance.aspx\" target=\"_blank\" rel=\"noopener\">m\u00ednimo<\/a> de $25,000 por persona en cobertura de responsabilidad por lesiones corporales y $50,000 para todas las personas lesionadas en un accidente. La p\u00f3liza tambi\u00e9n debe tener $25,000 en cobertura de responsabilidad por da\u00f1os a la propiedad. <\/span><\/p>\n<p><span style=\"font-weight: 400;\">Si bien esos n\u00fameros pueden parecer altos, a\u00fan es posible verse involucrado en un accidente lo suficientemente grave como para que el monto de la cobertura del seguro de la otra parte no cubra completamente sus costos. <\/span><\/p>\n<p class=\"rs-content-cta rs-content-cta-small\">Para una consulta legal gratuita, llame al <a href=\"tel:+15138943333\">513-894-3333 <\/a><\/p><h2><span style=\"font-weight: 400;\">\u00bfQu\u00e9 hago si me atropella un conductor sin seguro o con seguro insuficiente?<\/span><\/h2>\n<p><span style=\"font-weight: 400;\">Si no tienen seguro suficiente o no tienen seguro, es posible que tenga la opci\u00f3n de utilizar su propia cobertura. Muchos conductores en Ohio tienen p\u00f3lizas que cubren este escenario exacto. En caso de que la otra parte no pueda cubrir sus costos, su seguro se har\u00e1 cargo del resto si tiene esa p\u00f3liza adicional.<\/span><\/p>\n<p><span style=\"font-weight: 400;\">Adem\u00e1s, es posible que pueda presentar una demanda contra el otro conductor. Sin embargo, si ya est\u00e1n conduciendo sin un seguro adecuado, es posible que no tengan suficientes activos que les otorguen una compensaci\u00f3n adecuada. <\/span><\/p>\n<p><span style=\"font-weight: 400;\">Presentar este tipo de reclamo no har\u00e1 que aumenten las tarifas de su seguro, siempre y cuando se determine que la otra parte tuvo la culpa del accidente. La ley de Ohio proh\u00edbe que las compa\u00f1\u00edas de seguros aumenten su prima si estuvo involucrado en un accidente que no fue su culpa y que requiere que presente un reclamo de automovilista sin seguro. <\/span><\/p>\n<p><span style=\"font-weight: 400;\">Por \u00faltimo, tambi\u00e9n es importante tener en cuenta que debe asegurarse de obtener la informaci\u00f3n de contacto correcta de la otra parte. Si bien es bueno poder confiar en las personas, no querr\u00e1s arriesgarte a que alguien que sea deshonesto cuando se trata de asumir responsabilidades te deje plantado. <\/span><\/p>\n<h2><span style=\"font-weight: 400;\">\u00bfQu\u00e9 pasa si mi compa\u00f1\u00eda de seguros me est\u00e1 rebajando?<\/span><\/h2>\n<p><span style=\"font-weight: 400;\">Desafortunadamente, este tipo de situaci\u00f3n puede ocurrir cuando una compa\u00f1\u00eda de seguros est\u00e1 m\u00e1s enfocada en ganar dinero para s\u00ed misma en lugar de ayudar a sus clientes. Nuestros abogados est\u00e1n familiarizados con estos casos y haremos frente a cualquier compa\u00f1\u00eda de seguros que act\u00fae de mala fe.<\/span><\/p>\n<p><span style=\"font-weight: 400;\">Cuando una compa\u00f1\u00eda de seguros no puede justificar una cantidad baja de compensaci\u00f3n, es posible que est\u00e9 violando su &#8220;pacto impl\u00edcito de buena fe y trato justo&#8221;. Traducido del lenguaje legal, esto significa que la compa\u00f1\u00eda de seguros ha violado su contrato para operar de buena fe y cumplir con su parte del trato. <\/span><\/p>\n<p><span style=\"font-weight: 400;\">Cuando las compa\u00f1\u00edas de seguros violan sus contratos, el titular de la p\u00f3liza puede presentar un reclamo por incumplimiento de contrato est\u00e1ndar y de mala fe. <\/span><\/p>\n<p><span style=\"font-weight: 400;\">Los abogados de nuestra oficina de Middletown han manejado este tipo de reclamos y sabemos c\u00f3mo confrontar a las compa\u00f1\u00edas de seguros que maltratan a sus asegurados. <\/span><\/p>\n<p class=\"rs-content-cta rs-content-cta-small\"><a href=\"\/es\/contacto\/\">Haga clic para contactar<\/a> con nuestros  abogados hoy<\/p><h2><span style=\"font-weight: 400;\">P\u00f3ngase en contacto con Kruger &amp; Hodges<\/span><\/h2>\n<p><span style=\"font-weight: 400;\">Ya sea que est\u00e9 lidiando con un automovilista sin seguro o con una compa\u00f1\u00eda de seguros que no cumple con su parte del trato, los abogados de Kruger &amp; Hodges estar\u00e1n felices de ayudarlo. Creemos en defender a nuestros clientes y buscar agresivamente una compensaci\u00f3n adecuada y justificada. Si tiene curiosidad sobre c\u00f3mo presentar un reclamo o manejar un proceso de seguro complicado, <a href=\"https:\/\/thehometownlawyers.com\/es\/contacto\/\">cont\u00e1ctenos<\/a> para una consulta gratuita para que podamos explorar sus opciones. <\/span><\/p><p class=\"rs-content-cta rs-content-cta-small\">Llame o env\u00ede un mensaje de texto al <a href=\"tel:+15138943333\">513-894-3333<\/a> o complete una <a href=\"\/es\/contacto\/\">evaluaci\u00f3n gratuita de su caso<\/a><\/p>","protected":false},"excerpt":{"rendered":"<p>Si me lesiono en un accidente automovil\u00edstico con un automovilista sin seguro, \u00bfpuedo ser compensado? Un accidente en s\u00ed mismo, independientemente de los da\u00f1os o lesiones, puede ser un evento extremadamente estresante. Estos incidentes pueden empeorar a\u00fan m\u00e1s si descubre que la otra parte involucrada en el accidente no tiene seguro, o si su seguro &#8230;<\/p>\n","protected":false},"author":7,"featured_media":26270,"parent":20989,"menu_order":0,"comment_status":"closed","ping_status":"closed","template":"","meta":{"_acf_changed":false,"inline_featured_image":false,"_genesis_hide_title":false,"_genesis_hide_breadcrumbs":false,"_genesis_hide_singular_image":false,"_genesis_hide_footer_widgets":false,"_genesis_custom_body_class":"","_genesis_custom_post_class":"","_genesis_layout":"","footnotes":""},"hc_faqs":[316],"hc_spanish_faqs":[],"class_list":{"0":"post-21024","1":"page","2":"type-page","3":"status-publish","4":"has-post-thumbnail","6":"hc_faqs-accidente-de-automovilismo","7":"entry"},"acf":[],"yoast_head":"<!-- This site is optimized with the Yoast SEO plugin v27.3 - https:\/\/yoast.com\/product\/yoast-seo-wordpress\/ -->\n<title>Lesionado en un accidente automovil\u00edstico con un automovilista sin seguro<\/title>\n<meta name=\"description\" content=\"Si me lesiono en un accidente automovil\u00edstico con un automovilista sin seguro, \u00bfpuedo ser compensado? Si no tienen seguro, es posible que pueda usar su propia cobertura.\" \/>\n<meta name=\"robots\" content=\"index, follow, max-snippet:-1, max-image-preview:large, max-video-preview:-1\" \/>\n<link rel=\"canonical\" href=\"https:\/\/thehometownlawyers.com\/es\/preguntas-frecuentes\/lesionado-en-un-accidente-automovilistico-con-un-automovilista-sin-seguro-puedo-ser-compensado\/\" \/>\n<meta property=\"og:locale\" content=\"es_MX\" \/>\n<meta property=\"og:type\" content=\"article\" \/>\n<meta property=\"og:title\" content=\"Lesionado en un accidente automovil\u00edstico con un automovilista sin seguro\" \/>\n<meta property=\"og:description\" content=\"Si me lesiono en un accidente automovil\u00edstico con un automovilista sin seguro, \u00bfpuedo ser compensado? Si no tienen seguro, es posible que pueda usar su propia cobertura.\" \/>\n<meta property=\"og:url\" content=\"https:\/\/thehometownlawyers.com\/es\/preguntas-frecuentes\/lesionado-en-un-accidente-automovilistico-con-un-automovilista-sin-seguro-puedo-ser-compensado\/\" \/>\n<meta property=\"og:site_name\" content=\"Kruger &amp; Hodges Abogados De Lesiones\" \/>\n<meta property=\"article:publisher\" content=\"https:\/\/www.facebook.com\/KrugerHodges\/\" \/>\n<meta property=\"article:modified_time\" content=\"2022-06-23T15:06:06+00:00\" \/>\n<meta property=\"og:image\" content=\"https:\/\/thehometownlawyers.com\/wp-content\/uploads\/2019\/03\/Car-Accident-Lawyer-scaled-1.jpg\" \/>\n\t<meta property=\"og:image:width\" content=\"2048\" \/>\n\t<meta property=\"og:image:height\" content=\"1366\" \/>\n\t<meta property=\"og:image:type\" content=\"image\/jpeg\" \/>\n<meta name=\"twitter:card\" content=\"summary_large_image\" \/>\n<meta name=\"twitter:label1\" content=\"Tiempo de lectura\" \/>\n\t<meta name=\"twitter:data1\" content=\"4 minutos\" \/>\n<script type=\"application\/ld+json\" class=\"yoast-schema-graph\">{\"@context\":\"https:\\\/\\\/schema.org\",\"@graph\":[{\"@type\":\"WebPage\",\"@id\":\"https:\\\/\\\/thehometownlawyers.com\\\/es\\\/preguntas-frecuentes\\\/lesionado-en-un-accidente-automovilistico-con-un-automovilista-sin-seguro-puedo-ser-compensado\\\/\",\"url\":\"https:\\\/\\\/thehometownlawyers.com\\\/es\\\/preguntas-frecuentes\\\/lesionado-en-un-accidente-automovilistico-con-un-automovilista-sin-seguro-puedo-ser-compensado\\\/\",\"name\":\"Lesionado en un accidente automovil\u00edstico con un automovilista sin seguro\",\"isPartOf\":{\"@id\":\"https:\\\/\\\/thehometownlawyers.com\\\/es\\\/#website\"},\"primaryImageOfPage\":{\"@id\":\"https:\\\/\\\/thehometownlawyers.com\\\/es\\\/preguntas-frecuentes\\\/lesionado-en-un-accidente-automovilistico-con-un-automovilista-sin-seguro-puedo-ser-compensado\\\/#primaryimage\"},\"image\":{\"@id\":\"https:\\\/\\\/thehometownlawyers.com\\\/es\\\/preguntas-frecuentes\\\/lesionado-en-un-accidente-automovilistico-con-un-automovilista-sin-seguro-puedo-ser-compensado\\\/#primaryimage\"},\"thumbnailUrl\":\"https:\\\/\\\/thehometownlawyers.com\\\/wp-content\\\/uploads\\\/2026\\\/01\\\/Injured-in-Car-Accident-with-Uninsured-Motorist-Can-I-Be-Compensated.jpg\",\"datePublished\":\"2021-08-25T17:42:50+00:00\",\"dateModified\":\"2022-06-23T15:06:06+00:00\",\"description\":\"Si me lesiono en un accidente automovil\u00edstico con un automovilista sin seguro, \u00bfpuedo ser compensado? Si no tienen seguro, es posible que pueda usar su propia cobertura.\",\"breadcrumb\":{\"@id\":\"https:\\\/\\\/thehometownlawyers.com\\\/es\\\/preguntas-frecuentes\\\/lesionado-en-un-accidente-automovilistico-con-un-automovilista-sin-seguro-puedo-ser-compensado\\\/#breadcrumb\"},\"inLanguage\":\"es\",\"potentialAction\":[{\"@type\":\"ReadAction\",\"target\":[\"https:\\\/\\\/thehometownlawyers.com\\\/es\\\/preguntas-frecuentes\\\/lesionado-en-un-accidente-automovilistico-con-un-automovilista-sin-seguro-puedo-ser-compensado\\\/\"]}]},{\"@type\":\"ImageObject\",\"inLanguage\":\"es\",\"@id\":\"https:\\\/\\\/thehometownlawyers.com\\\/es\\\/preguntas-frecuentes\\\/lesionado-en-un-accidente-automovilistico-con-un-automovilista-sin-seguro-puedo-ser-compensado\\\/#primaryimage\",\"url\":\"https:\\\/\\\/thehometownlawyers.com\\\/wp-content\\\/uploads\\\/2026\\\/01\\\/Injured-in-Car-Accident-with-Uninsured-Motorist-Can-I-Be-Compensated.jpg\",\"contentUrl\":\"https:\\\/\\\/thehometownlawyers.com\\\/wp-content\\\/uploads\\\/2026\\\/01\\\/Injured-in-Car-Accident-with-Uninsured-Motorist-Can-I-Be-Compensated.jpg\",\"width\":1200,\"height\":795,\"caption\":\"Injured in Car Accident with Uninsured Motorist Can I Be Compensated\"},{\"@type\":\"BreadcrumbList\",\"@id\":\"https:\\\/\\\/thehometownlawyers.com\\\/es\\\/preguntas-frecuentes\\\/lesionado-en-un-accidente-automovilistico-con-un-automovilista-sin-seguro-puedo-ser-compensado\\\/#breadcrumb\",\"itemListElement\":[{\"@type\":\"ListItem\",\"position\":1,\"name\":\"Home\",\"item\":\"https:\\\/\\\/thehometownlawyers.com\\\/es\\\/\"},{\"@type\":\"ListItem\",\"position\":2,\"name\":\"Preguntas Frecuentes\",\"item\":\"https:\\\/\\\/thehometownlawyers.com\\\/es\\\/preguntas-frecuentes\\\/\"},{\"@type\":\"ListItem\",\"position\":3,\"name\":\"Lesionado en un accidente automovil\u00edstico con un automovilista sin seguro, \u00bfpuedo ser compensado?\"}]},{\"@type\":\"WebSite\",\"@id\":\"https:\\\/\\\/thehometownlawyers.com\\\/es\\\/#website\",\"url\":\"https:\\\/\\\/thehometownlawyers.com\\\/es\\\/\",\"name\":\"Kruger & Hodges Hometown Injury Lawyers | Accident Attorneys\",\"description\":\"Attorneys for Car, Truck and Motorcycle Accidents, Personal Injuries, and Criminal Defense.\",\"publisher\":{\"@id\":\"https:\\\/\\\/thehometownlawyers.com\\\/es\\\/#organization\"},\"alternateName\":\"Kruger & Hodges Personal Injury Lawyers\",\"inLanguage\":\"es\"},{\"@type\":\"Organization\",\"@id\":\"https:\\\/\\\/thehometownlawyers.com\\\/es\\\/#organization\",\"name\":\"Kruger & Hodges Hometown Injury Lawyers\",\"alternateName\":\"Kruger & Hodges\",\"url\":\"https:\\\/\\\/thehometownlawyers.com\\\/es\\\/\",\"logo\":{\"@type\":\"ImageObject\",\"inLanguage\":\"es\",\"@id\":\"https:\\\/\\\/thehometownlawyers.com\\\/es\\\/#\\\/schema\\\/logo\\\/image\\\/\",\"url\":\"https:\\\/\\\/thehometownlawyers.com\\\/wp-content\\\/uploads\\\/2025\\\/12\\\/revised-kh-logo-vertical-white-background-scaled.png\",\"contentUrl\":\"https:\\\/\\\/thehometownlawyers.com\\\/wp-content\\\/uploads\\\/2025\\\/12\\\/revised-kh-logo-vertical-white-background-scaled.png\",\"width\":2560,\"height\":1440,\"caption\":\"Kruger & Hodges Hometown Injury Lawyers\"},\"image\":{\"@id\":\"https:\\\/\\\/thehometownlawyers.com\\\/es\\\/#\\\/schema\\\/logo\\\/image\\\/\"},\"sameAs\":[\"https:\\\/\\\/www.facebook.com\\\/KrugerHodges\\\/\",\"https:\\\/\\\/www.instagram.com\\\/krugerhodges\\\/\",\"https:\\\/\\\/www.linkedin.com\\\/company\\\/kruger-hodges-hometown-injury-lawyers\\\/\",\"https:\\\/\\\/www.youtube.com\\\/channel\\\/UCeYcMaMaN2rb9jMlqt4EIdQ\",\"https:\\\/\\\/www.tiktok.com\\\/@thehometownlawyer\"]}]}<\/script>\n<!-- \/ Yoast SEO plugin. -->","yoast_head_json":{"title":"Lesionado en un accidente automovil\u00edstico con un automovilista sin seguro","description":"Si me lesiono en un accidente automovil\u00edstico con un automovilista sin seguro, \u00bfpuedo ser compensado? Si no tienen seguro, es posible que pueda usar su propia cobertura.","robots":{"index":"index","follow":"follow","max-snippet":"max-snippet:-1","max-image-preview":"max-image-preview:large","max-video-preview":"max-video-preview:-1"},"canonical":"https:\/\/thehometownlawyers.com\/es\/preguntas-frecuentes\/lesionado-en-un-accidente-automovilistico-con-un-automovilista-sin-seguro-puedo-ser-compensado\/","og_locale":"es_MX","og_type":"article","og_title":"Lesionado en un accidente automovil\u00edstico con un automovilista sin seguro","og_description":"Si me lesiono en un accidente automovil\u00edstico con un automovilista sin seguro, \u00bfpuedo ser compensado? Si no tienen seguro, es posible que pueda usar su propia cobertura.","og_url":"https:\/\/thehometownlawyers.com\/es\/preguntas-frecuentes\/lesionado-en-un-accidente-automovilistico-con-un-automovilista-sin-seguro-puedo-ser-compensado\/","og_site_name":"Kruger &amp; Hodges Abogados De Lesiones","article_publisher":"https:\/\/www.facebook.com\/KrugerHodges\/","article_modified_time":"2022-06-23T15:06:06+00:00","og_image":[{"width":2048,"height":1366,"url":"https:\/\/thehometownlawyers.com\/wp-content\/uploads\/2019\/03\/Car-Accident-Lawyer-scaled-1.jpg","type":"image\/jpeg"}],"twitter_card":"summary_large_image","twitter_misc":{"Tiempo de lectura":"4 minutos"},"schema":{"@context":"https:\/\/schema.org","@graph":[{"@type":"WebPage","@id":"https:\/\/thehometownlawyers.com\/es\/preguntas-frecuentes\/lesionado-en-un-accidente-automovilistico-con-un-automovilista-sin-seguro-puedo-ser-compensado\/","url":"https:\/\/thehometownlawyers.com\/es\/preguntas-frecuentes\/lesionado-en-un-accidente-automovilistico-con-un-automovilista-sin-seguro-puedo-ser-compensado\/","name":"Lesionado en un accidente automovil\u00edstico con un automovilista sin seguro","isPartOf":{"@id":"https:\/\/thehometownlawyers.com\/es\/#website"},"primaryImageOfPage":{"@id":"https:\/\/thehometownlawyers.com\/es\/preguntas-frecuentes\/lesionado-en-un-accidente-automovilistico-con-un-automovilista-sin-seguro-puedo-ser-compensado\/#primaryimage"},"image":{"@id":"https:\/\/thehometownlawyers.com\/es\/preguntas-frecuentes\/lesionado-en-un-accidente-automovilistico-con-un-automovilista-sin-seguro-puedo-ser-compensado\/#primaryimage"},"thumbnailUrl":"https:\/\/thehometownlawyers.com\/wp-content\/uploads\/2026\/01\/Injured-in-Car-Accident-with-Uninsured-Motorist-Can-I-Be-Compensated.jpg","datePublished":"2021-08-25T17:42:50+00:00","dateModified":"2022-06-23T15:06:06+00:00","description":"Si me lesiono en un accidente automovil\u00edstico con un automovilista sin seguro, \u00bfpuedo ser compensado? Si no tienen seguro, es posible que pueda usar su propia cobertura.","breadcrumb":{"@id":"https:\/\/thehometownlawyers.com\/es\/preguntas-frecuentes\/lesionado-en-un-accidente-automovilistico-con-un-automovilista-sin-seguro-puedo-ser-compensado\/#breadcrumb"},"inLanguage":"es","potentialAction":[{"@type":"ReadAction","target":["https:\/\/thehometownlawyers.com\/es\/preguntas-frecuentes\/lesionado-en-un-accidente-automovilistico-con-un-automovilista-sin-seguro-puedo-ser-compensado\/"]}]},{"@type":"ImageObject","inLanguage":"es","@id":"https:\/\/thehometownlawyers.com\/es\/preguntas-frecuentes\/lesionado-en-un-accidente-automovilistico-con-un-automovilista-sin-seguro-puedo-ser-compensado\/#primaryimage","url":"https:\/\/thehometownlawyers.com\/wp-content\/uploads\/2026\/01\/Injured-in-Car-Accident-with-Uninsured-Motorist-Can-I-Be-Compensated.jpg","contentUrl":"https:\/\/thehometownlawyers.com\/wp-content\/uploads\/2026\/01\/Injured-in-Car-Accident-with-Uninsured-Motorist-Can-I-Be-Compensated.jpg","width":1200,"height":795,"caption":"Injured in Car Accident with Uninsured Motorist Can I Be Compensated"},{"@type":"BreadcrumbList","@id":"https:\/\/thehometownlawyers.com\/es\/preguntas-frecuentes\/lesionado-en-un-accidente-automovilistico-con-un-automovilista-sin-seguro-puedo-ser-compensado\/#breadcrumb","itemListElement":[{"@type":"ListItem","position":1,"name":"Home","item":"https:\/\/thehometownlawyers.com\/es\/"},{"@type":"ListItem","position":2,"name":"Preguntas Frecuentes","item":"https:\/\/thehometownlawyers.com\/es\/preguntas-frecuentes\/"},{"@type":"ListItem","position":3,"name":"Lesionado en un accidente automovil\u00edstico con un automovilista sin seguro, \u00bfpuedo ser compensado?"}]},{"@type":"WebSite","@id":"https:\/\/thehometownlawyers.com\/es\/#website","url":"https:\/\/thehometownlawyers.com\/es\/","name":"Kruger & Hodges Hometown Injury Lawyers | Accident Attorneys","description":"Attorneys for Car, Truck and Motorcycle Accidents, Personal Injuries, and Criminal Defense.","publisher":{"@id":"https:\/\/thehometownlawyers.com\/es\/#organization"},"alternateName":"Kruger & Hodges Personal Injury Lawyers","inLanguage":"es"},{"@type":"Organization","@id":"https:\/\/thehometownlawyers.com\/es\/#organization","name":"Kruger & Hodges Hometown Injury Lawyers","alternateName":"Kruger & Hodges","url":"https:\/\/thehometownlawyers.com\/es\/","logo":{"@type":"ImageObject","inLanguage":"es","@id":"https:\/\/thehometownlawyers.com\/es\/#\/schema\/logo\/image\/","url":"https:\/\/thehometownlawyers.com\/wp-content\/uploads\/2025\/12\/revised-kh-logo-vertical-white-background-scaled.png","contentUrl":"https:\/\/thehometownlawyers.com\/wp-content\/uploads\/2025\/12\/revised-kh-logo-vertical-white-background-scaled.png","width":2560,"height":1440,"caption":"Kruger & Hodges Hometown Injury Lawyers"},"image":{"@id":"https:\/\/thehometownlawyers.com\/es\/#\/schema\/logo\/image\/"},"sameAs":["https:\/\/www.facebook.com\/KrugerHodges\/","https:\/\/www.instagram.com\/krugerhodges\/","https:\/\/www.linkedin.com\/company\/kruger-hodges-hometown-injury-lawyers\/","https:\/\/www.youtube.com\/channel\/UCeYcMaMaN2rb9jMlqt4EIdQ","https:\/\/www.tiktok.com\/@thehometownlawyer"]}]}},"_links":{"self":[{"href":"https:\/\/thehometownlawyers.com\/es\/wp-json\/wp\/v2\/pages\/21024","targetHints":{"allow":["GET"]}}],"collection":[{"href":"https:\/\/thehometownlawyers.com\/es\/wp-json\/wp\/v2\/pages"}],"about":[{"href":"https:\/\/thehometownlawyers.com\/es\/wp-json\/wp\/v2\/types\/page"}],"author":[{"embeddable":true,"href":"https:\/\/thehometownlawyers.com\/es\/wp-json\/wp\/v2\/users\/7"}],"replies":[{"embeddable":true,"href":"https:\/\/thehometownlawyers.com\/es\/wp-json\/wp\/v2\/comments?post=21024"}],"version-history":[{"count":0,"href":"https:\/\/thehometownlawyers.com\/es\/wp-json\/wp\/v2\/pages\/21024\/revisions"}],"up":[{"embeddable":true,"href":"https:\/\/thehometownlawyers.com\/es\/wp-json\/wp\/v2\/pages\/20989"}],"wp:featuredmedia":[{"embeddable":true,"href":"https:\/\/thehometownlawyers.com\/es\/wp-json\/wp\/v2\/media\/26270"}],"wp:attachment":[{"href":"https:\/\/thehometownlawyers.com\/es\/wp-json\/wp\/v2\/media?parent=21024"}],"wp:term":[{"taxonomy":"hc_faqs","embeddable":true,"href":"https:\/\/thehometownlawyers.com\/es\/wp-json\/wp\/v2\/hc_faqs?post=21024"},{"taxonomy":"hc_spanish_faqs","embeddable":true,"href":"https:\/\/thehometownlawyers.com\/es\/wp-json\/wp\/v2\/hc_spanish_faqs?post=21024"}],"curies":[{"name":"wp","href":"https:\/\/api.w.org\/{rel}","templated":true}]}}