{"id":21026,"date":"2019-02-28T17:03:58","date_gmt":"2019-02-28T22:03:58","guid":{"rendered":"https:\/\/thehometownlawyers.com\/?post_type=faq&#038;p=21026"},"modified":"2025-03-24T12:36:29","modified_gmt":"2025-03-24T16:36:29","slug":"accidentes-que-involucran-semirremolques","status":"publish","type":"page","link":"https:\/\/thehometownlawyers.com\/es\/preguntas-frecuentes\/accidentes-que-involucran-semirremolques\/","title":{"rendered":"Accidentes que involucran semirremolques"},"content":{"rendered":"<p><a href=\"https:\/\/thehometownlawyers.com\/es\/\">Los accidentes de camiones<\/a> son algunos de los casos m\u00e1s devastadores que manejamos. Seg\u00fan la Administraci\u00f3n Federal de Seguridad de Autotransportes del Departamento de Transporte de EE. UU., <a href=\"https:\/\/www.fmcsa.dot.gov\/safety\/data-and-statistics\/2016-commercial-motor-vehicle-traffic-safety-facts-sheet\" target=\"_blank\" rel=\"noopener\">Ohio se encuentra entre los 10 principales<\/a> en lo que respecta al n\u00famero promedio de accidentes fatales de camiones y autobuses grandes. A nivel nacional, el <a href=\"https:\/\/www.fmcsa.dot.gov\/safety\/data-and-statistics\/large-truck-and-bus-crash-facts-2016\" target=\"_blank\" rel=\"noopener\">61 %<\/a> de todos los accidentes fatales que involucran un cami\u00f3n grande ocurrieron en \u00e1reas rurales y el <a href=\"https:\/\/www.fmcsa.dot.gov\/safety\/data-and-statistics\/large-truck-and-bus-crash-facts-2016\" target=\"_blank\" rel=\"noopener\">27 %<\/a> ocurri\u00f3 en carreteras interestatales.<\/p>\n<p>Lo que m\u00e1s llama la atenci\u00f3n son los costos estimados de los choques que involucran camiones y autobuses grandes. En 2016, los accidentes que involucraron camiones y autobuses grandes en los EE. UU. se tradujeron en costos estimados en <a href=\"https:\/\/www.fmcsa.dot.gov\/sites\/fmcsa.dot.gov\/files\/docs\/safety\/data-and-statistics\/413361\/fmcsa-pocket-guide-2018-final-508-compliant-1.pdf\" target=\"_blank\" rel=\"noopener\">$134 mil millones<\/a> . Y este n\u00famero creci\u00f3 cada a\u00f1o desde 2013 hasta 2016. Presumiblemente, seguir\u00e1 creciendo.<\/p>\n<p>Los ocupantes de veh\u00edculos de pasajeros m\u00e1s peque\u00f1os pueden perder mucho m\u00e1s que los ocupantes de camiones grandes cuando los dos se enfrentan en una colisi\u00f3n. Dado que los camiones grandes pesan entre 20 y <a href=\"https:\/\/www.iihs.org\/topics\/fatality-statistics\/detail\/large-trucks\" target=\"_blank\" rel=\"noopener\">30 veces<\/a> m\u00e1s que los veh\u00edculos de pasajeros, no es de extra\u00f1ar que el cami\u00f3n grande generalmente gane. Y los camiones cargados tardan entre un 20 % y <a href=\"https:\/\/www.iihs.org\/topics\/fatality-statistics\/detail\/large-trucks\" target=\"_blank\" rel=\"noopener\">un 40 % m\u00e1s<\/a> que los autom\u00f3viles en detenerse, lo que contribuye al problema.<\/p>\n<h2>Asuntos de seguros<\/h2>\n<p>Para veh\u00edculos con una clasificaci\u00f3n de peso bruto vehicular de 10,000 lbs. o m\u00e1s (la mayor\u00eda de los semirremolques), los conductores deben tener un m\u00ednimo de $750,000 en cobertura de seguro. Sin embargo, ese requisito m\u00ednimo sube a $ 1 mill\u00f3n cuando se transporta carga peligrosa.<\/p>\n<p>Compare eso con los requisitos m\u00ednimos de seguro de autom\u00f3vil de Ohio para sus automovilistas. En Ohio, el m\u00ednimo requerido para la cobertura de responsabilidad por lesiones corporales y da\u00f1os a la propiedad es de $25,000. Se requieren ambos tipos de seguro. Es f\u00e1cil ver por qu\u00e9 las compa\u00f1\u00edas de seguros se esfuerzan mucho cuando un cami\u00f3n grande, como un semirremolque, se ve involucrado en una colisi\u00f3n: hay m\u00e1s dinero en juego.<\/p>\n<p class=\"rs-content-cta rs-content-cta-small\">Para una consulta legal gratuita, llame al <a href=\"tel:+15138943333\">513-894-3333 <\/a><\/p><h2>\u00bfC\u00f3mo luchan las aseguradoras?<\/h2>\n<p>Las compa\u00f1\u00edas de seguros est\u00e1n acostumbradas a manejar accidentes que involucran camiones grandes. Por ejemplo, la <a href=\"https:\/\/www.owneroperatordirect.com\/commercial-truck-insurance-101\" target=\"_blank\" rel=\"noopener\">compa\u00f1\u00eda de seguros de un camionero<\/a> involucrado en un accidente generalmente enviar\u00e1 un ajustador de reclamos de seguros a la escena para evaluar la situaci\u00f3n. Si un incidente involucra el derrame de un l\u00edquido, habr\u00e1 un experto en la escena para garantizar que la limpieza se lleve a cabo de manera adecuada. Lo mismo es cierto para un accidente que involucre la p\u00e9rdida de carga, un experto estar\u00e1 en la escena para tratar de salvar el contenido da\u00f1ado.<\/p>\n<p>Pero, \u00bfpor qu\u00e9 m\u00e1s los expertos est\u00e1n en la escena r\u00e1pidamente? Debido a que la compa\u00f1\u00eda de seguros del camionero sabe que cuanto m\u00e1s r\u00e1pido llegue un ajustador o un experto a la escena, mayores ser\u00e1n las posibilidades de que el reclamo se maneje de manera r\u00e1pida y ventajosa para el camionero. Cuando se le deja a la polic\u00eda local evaluar el incidente, la compa\u00f1\u00eda de seguros tiene poco control sobre las determinaciones de responsabilidad y el resultado.<\/p>\n<p>Como la mayor\u00eda de las personas de negocios, los camioneros entienden que el tiempo es dinero. Cuanto m\u00e1s r\u00e1pido la aseguradora de un camionero pueda enviar a alguien a investigar, m\u00e1s r\u00e1pido el camionero podr\u00e1 resolver el problema y m\u00e1s r\u00e1pido el camionero podr\u00e1 volver a la carretera. Debido a esto, el conductor del cami\u00f3n puede estar inclinado a llegar a un acuerdo negociado. En algunos casos, esto puede tener sentido, por lo que no necesariamente debe subestimar los beneficios de no incurrir en gastos legales m\u00e1s sustanciales asociados con el litigio. Sin embargo, muchas veces, se necesita un litigio para obtener una compensaci\u00f3n justa por sus lesiones.<\/p>\n<h2>Entonces, \u00bfqu\u00e9 debo hacer en la escena?<\/h2>\n<p>Mientras que en la escena :<\/p>\n<ul>\n<li>Encuentra seguridad<\/li>\n<li>P\u00f3ngase en contacto con la polic\u00eda<\/li>\n<li>Tomar fotograf\u00edas<\/li>\n<li>Llame a su compa\u00f1\u00eda de seguros para reportar el accidente<\/li>\n<\/ul>\n<p>Aunque puede sentirse nervioso despu\u00e9s de un accidente con un cami\u00f3n grande, hay algunas cosas que puede hacer de inmediato para protegerse (siempre y cuando ya se haya colocado en un \u00e1rea segura). Si la polic\u00eda no ha sido contactada, h\u00e1galo de inmediato. Es importante que una persona que no haya sido sacudida por el accidente pueda evaluar lo que sucedi\u00f3. Adem\u00e1s, un oficial de polic\u00eda podr\u00e1 anotar detalles en un informe policial.<\/p>\n<p>Aunque un oficial de polic\u00eda puede tomar fotograf\u00edas de la escena del accidente, puede ser beneficioso tomar fotograf\u00edas adicionales con su tel\u00e9fono. Busque las \u00e1reas que el oficial parece haber pasado por alto o las cosas que considere importantes para documentar.<\/p>\n<p>Adem\u00e1s, es posible que desee llamar a la l\u00ednea directa de su compa\u00f1\u00eda de seguros, si la tienen. La mayor\u00eda de las compa\u00f1\u00edas de seguros tienen un n\u00famero (disponible las 24 horas del d\u00eda, los 7 d\u00edas de la semana) al que puede llamar despu\u00e9s de un accidente. Llame a este n\u00famero para buscar asesoramiento sobre sus pr\u00f3ximos pasos en la escena del accidente.<\/p>\n<p class=\"rs-content-cta rs-content-cta-small\"><a href=\"\/es\/contacto\/\">Haga clic para contactar<\/a> con nuestros  abogados hoy<\/p><h2>\u00bfQu\u00e9 pasa en los d\u00edas posteriores al accidente?<\/h2>\n<p>En los d\u00edas siguientes al accidente :<\/p>\n<ul>\n<li>Obtenga tratamiento m\u00e9dico si es necesario<\/li>\n<li>Presente un reclamo con su compa\u00f1\u00eda de seguros<\/li>\n<li>Llame a un abogado local de accidentes de camiones<\/li>\n<li><a href=\"https:\/\/ohtrafficdata.dps.ohio.gov\/crashordering\/customernotice\" target=\"_blank\" rel=\"noopener\">Solicite un informe de accidente<\/a> de la Patrulla de Caminos del Estado de Ohio<\/li>\n<li>No haga una declaraci\u00f3n grabada la compa\u00f1\u00eda de seguros<\/li>\n<\/ul>\n<p class=\"rs-content-cta rs-content-cta-small\">Complete una <a href=\"\/es\/contacto\/\">evaluaci\u00f3n gratuita de su caso<\/a> ahora<\/p><h2>Hable con abogados experimentados en lesiones personales<\/h2>\n<p>Si ha estado involucrado en un accidente de cami\u00f3n comercial mientras conduc\u00eda (o como pasajero), no debe dudar en hablar con un abogado con experiencia en lesiones por accidentes de cami\u00f3n en <a href=\"https:\/\/thehometownlawyers.com\/es\/contacto\/\">Kruger &amp; Hodges<\/a> . Nuestros abogados entienden c\u00f3mo crear una estrategia legal s\u00f3lida para obtener la compensaci\u00f3n que merecen las v\u00edctimas de accidentes. P\u00f3ngase en contacto con nuestros abogados de accidentes de camiones en Hamilton hoy para programar una consulta inicial gratuita.<\/p>\n<p><strong>Esta publicaci\u00f3n de blog se escribi\u00f3 como parte de la serie de blogs de estudiantes de derecho de nuestra firma. El autor es Andrew Countryman, estudiante de derecho de tercer a\u00f1o en <a href=\"https:\/\/chaselaw.nku.edu\/\" target=\"_blank\" rel=\"noopener\">la Facultad de Derecho Salmon P. Chase.<\/a><\/strong><\/p>\n<p><a href=\"https:\/\/thehometownlawyers.com\/es\/contacto\/\">Oficina de abogados de Hamilton<\/a><\/p>\n<p class=\"rs-content-cta rs-content-cta-small\">Llame o env\u00ede un mensaje de texto al <a href=\"tel:+15138943333\">513-894-3333<\/a> o complete una <a href=\"\/es\/contacto\/\">evaluaci\u00f3n gratuita de su caso<\/a><\/p>","protected":false},"excerpt":{"rendered":"<p>Los accidentes de camiones son algunos de los casos m\u00e1s devastadores que manejamos. Seg\u00fan la Administraci\u00f3n Federal de Seguridad de Autotransportes del Departamento de Transporte de EE. UU., Ohio se encuentra entre los 10 principales en lo que respecta al n\u00famero promedio de accidentes fatales de camiones y autobuses grandes. A nivel nacional, el 61 &#8230;<\/p>\n","protected":false},"author":7,"featured_media":24591,"parent":20989,"menu_order":0,"comment_status":"closed","ping_status":"closed","template":"","meta":{"_acf_changed":false,"inline_featured_image":false,"_genesis_hide_title":false,"_genesis_hide_breadcrumbs":false,"_genesis_hide_singular_image":false,"_genesis_hide_footer_widgets":false,"_genesis_custom_body_class":"","_genesis_custom_post_class":"","_genesis_layout":"","footnotes":""},"hc_faqs":[325],"hc_spanish_faqs":[],"class_list":{"0":"post-21026","1":"page","2":"type-page","3":"status-publish","4":"has-post-thumbnail","6":"hc_faqs-accidente-de-camion","7":"entry"},"acf":[],"yoast_head":"<!-- This site is optimized with the Yoast SEO plugin v27.4 - https:\/\/yoast.com\/product\/yoast-seo-wordpress\/ -->\n<title>Abogados de accidentes de semirremolques en Hamilton, Ohio \u2013 Kruger &amp; Hodges<\/title>\n<meta name=\"description\" content=\"\u00bfSufri\u00f3 un accidente con un semirremolque? Kruger &amp; Hodges le asesora. \u00a1Consulta gratis! Si necesita ayuda, ll\u00e1menos al 513-894-3333.\" \/>\n<meta name=\"robots\" content=\"index, follow, max-snippet:-1, max-image-preview:large, max-video-preview:-1\" \/>\n<link rel=\"canonical\" href=\"https:\/\/thehometownlawyers.com\/es\/preguntas-frecuentes\/accidentes-que-involucran-semirremolques\/\" \/>\n<meta property=\"og:locale\" content=\"es_MX\" \/>\n<meta property=\"og:type\" content=\"article\" \/>\n<meta property=\"og:title\" content=\"Abogados de accidentes de semirremolques en Hamilton, Ohio \u2013 Kruger &amp; Hodges\" \/>\n<meta property=\"og:description\" content=\"\u00bfSufri\u00f3 un accidente con un semirremolque? Kruger &amp; Hodges le asesora. \u00a1Consulta gratis! Si necesita ayuda, ll\u00e1menos al 513-894-3333.\" \/>\n<meta property=\"og:url\" content=\"https:\/\/thehometownlawyers.com\/es\/preguntas-frecuentes\/accidentes-que-involucran-semirremolques\/\" \/>\n<meta property=\"og:site_name\" content=\"Kruger &amp; Hodges Abogados De Lesiones\" \/>\n<meta property=\"article:publisher\" content=\"https:\/\/www.facebook.com\/KrugerHodges\/\" \/>\n<meta property=\"article:modified_time\" content=\"2025-03-24T16:36:29+00:00\" \/>\n<meta property=\"og:image\" content=\"https:\/\/thehometownlawyers.com\/wp-content\/uploads\/2025\/03\/accidentes-que-involucran-semirremolques.jpg\" \/>\n\t<meta property=\"og:image:width\" content=\"1000\" \/>\n\t<meta property=\"og:image:height\" content=\"665\" \/>\n\t<meta property=\"og:image:type\" content=\"image\/jpeg\" \/>\n<meta name=\"twitter:card\" content=\"summary_large_image\" \/>\n<meta name=\"twitter:label1\" content=\"Tiempo de lectura\" \/>\n\t<meta name=\"twitter:data1\" content=\"5 minutos\" \/>\n<script type=\"application\/ld+json\" class=\"yoast-schema-graph\">{\"@context\":\"https:\\\/\\\/schema.org\",\"@graph\":[{\"@type\":\"WebPage\",\"@id\":\"https:\\\/\\\/thehometownlawyers.com\\\/es\\\/preguntas-frecuentes\\\/accidentes-que-involucran-semirremolques\\\/\",\"url\":\"https:\\\/\\\/thehometownlawyers.com\\\/es\\\/preguntas-frecuentes\\\/accidentes-que-involucran-semirremolques\\\/\",\"name\":\"Abogados de accidentes de semirremolques en Hamilton, Ohio \u2013 Kruger & Hodges\",\"isPartOf\":{\"@id\":\"https:\\\/\\\/thehometownlawyers.com\\\/es\\\/#website\"},\"primaryImageOfPage\":{\"@id\":\"https:\\\/\\\/thehometownlawyers.com\\\/es\\\/preguntas-frecuentes\\\/accidentes-que-involucran-semirremolques\\\/#primaryimage\"},\"image\":{\"@id\":\"https:\\\/\\\/thehometownlawyers.com\\\/es\\\/preguntas-frecuentes\\\/accidentes-que-involucran-semirremolques\\\/#primaryimage\"},\"thumbnailUrl\":\"https:\\\/\\\/thehometownlawyers.com\\\/wp-content\\\/uploads\\\/2025\\\/03\\\/accidentes-que-involucran-semirremolques.jpg\",\"datePublished\":\"2019-02-28T22:03:58+00:00\",\"dateModified\":\"2025-03-24T16:36:29+00:00\",\"description\":\"\u00bfSufri\u00f3 un accidente con un semirremolque? Kruger & Hodges le asesora. \u00a1Consulta gratis! Si necesita ayuda, ll\u00e1menos al 513-894-3333.\",\"breadcrumb\":{\"@id\":\"https:\\\/\\\/thehometownlawyers.com\\\/es\\\/preguntas-frecuentes\\\/accidentes-que-involucran-semirremolques\\\/#breadcrumb\"},\"inLanguage\":\"es\",\"potentialAction\":[{\"@type\":\"ReadAction\",\"target\":[\"https:\\\/\\\/thehometownlawyers.com\\\/es\\\/preguntas-frecuentes\\\/accidentes-que-involucran-semirremolques\\\/\"]}]},{\"@type\":\"ImageObject\",\"inLanguage\":\"es\",\"@id\":\"https:\\\/\\\/thehometownlawyers.com\\\/es\\\/preguntas-frecuentes\\\/accidentes-que-involucran-semirremolques\\\/#primaryimage\",\"url\":\"https:\\\/\\\/thehometownlawyers.com\\\/wp-content\\\/uploads\\\/2025\\\/03\\\/accidentes-que-involucran-semirremolques.jpg\",\"contentUrl\":\"https:\\\/\\\/thehometownlawyers.com\\\/wp-content\\\/uploads\\\/2025\\\/03\\\/accidentes-que-involucran-semirremolques.jpg\",\"width\":1000,\"height\":665,\"caption\":\"Truck driver climbing into cab of semi-truck.\"},{\"@type\":\"BreadcrumbList\",\"@id\":\"https:\\\/\\\/thehometownlawyers.com\\\/es\\\/preguntas-frecuentes\\\/accidentes-que-involucran-semirremolques\\\/#breadcrumb\",\"itemListElement\":[{\"@type\":\"ListItem\",\"position\":1,\"name\":\"Home\",\"item\":\"https:\\\/\\\/thehometownlawyers.com\\\/es\\\/\"},{\"@type\":\"ListItem\",\"position\":2,\"name\":\"Preguntas Frecuentes\",\"item\":\"https:\\\/\\\/thehometownlawyers.com\\\/es\\\/preguntas-frecuentes\\\/\"},{\"@type\":\"ListItem\",\"position\":3,\"name\":\"Accidentes que involucran semirremolques\"}]},{\"@type\":\"WebSite\",\"@id\":\"https:\\\/\\\/thehometownlawyers.com\\\/es\\\/#website\",\"url\":\"https:\\\/\\\/thehometownlawyers.com\\\/es\\\/\",\"name\":\"Kruger & Hodges Hometown Injury Lawyers | Accident Attorneys\",\"description\":\"Attorneys for Car, Truck and Motorcycle Accidents, Personal Injuries, and Criminal Defense.\",\"publisher\":{\"@id\":\"https:\\\/\\\/thehometownlawyers.com\\\/es\\\/#organization\"},\"alternateName\":\"Kruger & Hodges Personal Injury Lawyers\",\"inLanguage\":\"es\"},{\"@type\":\"Organization\",\"@id\":\"https:\\\/\\\/thehometownlawyers.com\\\/es\\\/#organization\",\"name\":\"Kruger & Hodges Hometown Injury Lawyers\",\"alternateName\":\"Kruger & Hodges\",\"url\":\"https:\\\/\\\/thehometownlawyers.com\\\/es\\\/\",\"logo\":{\"@type\":\"ImageObject\",\"inLanguage\":\"es\",\"@id\":\"https:\\\/\\\/thehometownlawyers.com\\\/es\\\/#\\\/schema\\\/logo\\\/image\\\/\",\"url\":\"https:\\\/\\\/thehometownlawyers.com\\\/wp-content\\\/uploads\\\/2025\\\/12\\\/revised-kh-logo-vertical-white-background-scaled.png\",\"contentUrl\":\"https:\\\/\\\/thehometownlawyers.com\\\/wp-content\\\/uploads\\\/2025\\\/12\\\/revised-kh-logo-vertical-white-background-scaled.png\",\"width\":2560,\"height\":1440,\"caption\":\"Kruger & Hodges Hometown Injury Lawyers\"},\"image\":{\"@id\":\"https:\\\/\\\/thehometownlawyers.com\\\/es\\\/#\\\/schema\\\/logo\\\/image\\\/\"},\"sameAs\":[\"https:\\\/\\\/www.facebook.com\\\/KrugerHodges\\\/\",\"https:\\\/\\\/www.instagram.com\\\/krugerhodges\\\/\",\"https:\\\/\\\/www.linkedin.com\\\/company\\\/kruger-hodges-hometown-injury-lawyers\\\/\",\"https:\\\/\\\/www.youtube.com\\\/channel\\\/UCeYcMaMaN2rb9jMlqt4EIdQ\",\"https:\\\/\\\/www.tiktok.com\\\/@thehometownlawyer\"]}]}<\/script>\n<!-- \/ Yoast SEO plugin. -->","yoast_head_json":{"title":"Abogados de accidentes de semirremolques en Hamilton, Ohio \u2013 Kruger & Hodges","description":"\u00bfSufri\u00f3 un accidente con un semirremolque? Kruger & Hodges le asesora. \u00a1Consulta gratis! Si necesita ayuda, ll\u00e1menos al 513-894-3333.","robots":{"index":"index","follow":"follow","max-snippet":"max-snippet:-1","max-image-preview":"max-image-preview:large","max-video-preview":"max-video-preview:-1"},"canonical":"https:\/\/thehometownlawyers.com\/es\/preguntas-frecuentes\/accidentes-que-involucran-semirremolques\/","og_locale":"es_MX","og_type":"article","og_title":"Abogados de accidentes de semirremolques en Hamilton, Ohio \u2013 Kruger & Hodges","og_description":"\u00bfSufri\u00f3 un accidente con un semirremolque? Kruger & Hodges le asesora. \u00a1Consulta gratis! Si necesita ayuda, ll\u00e1menos al 513-894-3333.","og_url":"https:\/\/thehometownlawyers.com\/es\/preguntas-frecuentes\/accidentes-que-involucran-semirremolques\/","og_site_name":"Kruger &amp; Hodges Abogados De Lesiones","article_publisher":"https:\/\/www.facebook.com\/KrugerHodges\/","article_modified_time":"2025-03-24T16:36:29+00:00","og_image":[{"width":1000,"height":665,"url":"https:\/\/thehometownlawyers.com\/wp-content\/uploads\/2025\/03\/accidentes-que-involucran-semirremolques.jpg","type":"image\/jpeg"}],"twitter_card":"summary_large_image","twitter_misc":{"Tiempo de lectura":"5 minutos"},"schema":{"@context":"https:\/\/schema.org","@graph":[{"@type":"WebPage","@id":"https:\/\/thehometownlawyers.com\/es\/preguntas-frecuentes\/accidentes-que-involucran-semirremolques\/","url":"https:\/\/thehometownlawyers.com\/es\/preguntas-frecuentes\/accidentes-que-involucran-semirremolques\/","name":"Abogados de accidentes de semirremolques en Hamilton, Ohio \u2013 Kruger & Hodges","isPartOf":{"@id":"https:\/\/thehometownlawyers.com\/es\/#website"},"primaryImageOfPage":{"@id":"https:\/\/thehometownlawyers.com\/es\/preguntas-frecuentes\/accidentes-que-involucran-semirremolques\/#primaryimage"},"image":{"@id":"https:\/\/thehometownlawyers.com\/es\/preguntas-frecuentes\/accidentes-que-involucran-semirremolques\/#primaryimage"},"thumbnailUrl":"https:\/\/thehometownlawyers.com\/wp-content\/uploads\/2025\/03\/accidentes-que-involucran-semirremolques.jpg","datePublished":"2019-02-28T22:03:58+00:00","dateModified":"2025-03-24T16:36:29+00:00","description":"\u00bfSufri\u00f3 un accidente con un semirremolque? Kruger & Hodges le asesora. \u00a1Consulta gratis! Si necesita ayuda, ll\u00e1menos al 513-894-3333.","breadcrumb":{"@id":"https:\/\/thehometownlawyers.com\/es\/preguntas-frecuentes\/accidentes-que-involucran-semirremolques\/#breadcrumb"},"inLanguage":"es","potentialAction":[{"@type":"ReadAction","target":["https:\/\/thehometownlawyers.com\/es\/preguntas-frecuentes\/accidentes-que-involucran-semirremolques\/"]}]},{"@type":"ImageObject","inLanguage":"es","@id":"https:\/\/thehometownlawyers.com\/es\/preguntas-frecuentes\/accidentes-que-involucran-semirremolques\/#primaryimage","url":"https:\/\/thehometownlawyers.com\/wp-content\/uploads\/2025\/03\/accidentes-que-involucran-semirremolques.jpg","contentUrl":"https:\/\/thehometownlawyers.com\/wp-content\/uploads\/2025\/03\/accidentes-que-involucran-semirremolques.jpg","width":1000,"height":665,"caption":"Truck driver climbing into cab of semi-truck."},{"@type":"BreadcrumbList","@id":"https:\/\/thehometownlawyers.com\/es\/preguntas-frecuentes\/accidentes-que-involucran-semirremolques\/#breadcrumb","itemListElement":[{"@type":"ListItem","position":1,"name":"Home","item":"https:\/\/thehometownlawyers.com\/es\/"},{"@type":"ListItem","position":2,"name":"Preguntas Frecuentes","item":"https:\/\/thehometownlawyers.com\/es\/preguntas-frecuentes\/"},{"@type":"ListItem","position":3,"name":"Accidentes que involucran semirremolques"}]},{"@type":"WebSite","@id":"https:\/\/thehometownlawyers.com\/es\/#website","url":"https:\/\/thehometownlawyers.com\/es\/","name":"Kruger & Hodges Hometown Injury Lawyers | Accident Attorneys","description":"Attorneys for Car, Truck and Motorcycle Accidents, Personal Injuries, and Criminal Defense.","publisher":{"@id":"https:\/\/thehometownlawyers.com\/es\/#organization"},"alternateName":"Kruger & Hodges Personal Injury Lawyers","inLanguage":"es"},{"@type":"Organization","@id":"https:\/\/thehometownlawyers.com\/es\/#organization","name":"Kruger & Hodges Hometown Injury Lawyers","alternateName":"Kruger & Hodges","url":"https:\/\/thehometownlawyers.com\/es\/","logo":{"@type":"ImageObject","inLanguage":"es","@id":"https:\/\/thehometownlawyers.com\/es\/#\/schema\/logo\/image\/","url":"https:\/\/thehometownlawyers.com\/wp-content\/uploads\/2025\/12\/revised-kh-logo-vertical-white-background-scaled.png","contentUrl":"https:\/\/thehometownlawyers.com\/wp-content\/uploads\/2025\/12\/revised-kh-logo-vertical-white-background-scaled.png","width":2560,"height":1440,"caption":"Kruger & Hodges Hometown Injury Lawyers"},"image":{"@id":"https:\/\/thehometownlawyers.com\/es\/#\/schema\/logo\/image\/"},"sameAs":["https:\/\/www.facebook.com\/KrugerHodges\/","https:\/\/www.instagram.com\/krugerhodges\/","https:\/\/www.linkedin.com\/company\/kruger-hodges-hometown-injury-lawyers\/","https:\/\/www.youtube.com\/channel\/UCeYcMaMaN2rb9jMlqt4EIdQ","https:\/\/www.tiktok.com\/@thehometownlawyer"]}]}},"_links":{"self":[{"href":"https:\/\/thehometownlawyers.com\/es\/wp-json\/wp\/v2\/pages\/21026","targetHints":{"allow":["GET"]}}],"collection":[{"href":"https:\/\/thehometownlawyers.com\/es\/wp-json\/wp\/v2\/pages"}],"about":[{"href":"https:\/\/thehometownlawyers.com\/es\/wp-json\/wp\/v2\/types\/page"}],"author":[{"embeddable":true,"href":"https:\/\/thehometownlawyers.com\/es\/wp-json\/wp\/v2\/users\/7"}],"replies":[{"embeddable":true,"href":"https:\/\/thehometownlawyers.com\/es\/wp-json\/wp\/v2\/comments?post=21026"}],"version-history":[{"count":0,"href":"https:\/\/thehometownlawyers.com\/es\/wp-json\/wp\/v2\/pages\/21026\/revisions"}],"up":[{"embeddable":true,"href":"https:\/\/thehometownlawyers.com\/es\/wp-json\/wp\/v2\/pages\/20989"}],"wp:featuredmedia":[{"embeddable":true,"href":"https:\/\/thehometownlawyers.com\/es\/wp-json\/wp\/v2\/media\/24591"}],"wp:attachment":[{"href":"https:\/\/thehometownlawyers.com\/es\/wp-json\/wp\/v2\/media?parent=21026"}],"wp:term":[{"taxonomy":"hc_faqs","embeddable":true,"href":"https:\/\/thehometownlawyers.com\/es\/wp-json\/wp\/v2\/hc_faqs?post=21026"},{"taxonomy":"hc_spanish_faqs","embeddable":true,"href":"https:\/\/thehometownlawyers.com\/es\/wp-json\/wp\/v2\/hc_spanish_faqs?post=21026"}],"curies":[{"name":"wp","href":"https:\/\/api.w.org\/{rel}","templated":true}]}}