{"id":21027,"date":"2021-12-01T14:56:45","date_gmt":"2021-12-01T19:56:45","guid":{"rendered":"https:\/\/thehometownlawyers.com\/?post_type=faq&#038;p=21027"},"modified":"2025-02-03T14:27:54","modified_gmt":"2025-02-03T19:27:54","slug":"cuales-son-las-causas-comunes-de-los-accidentes-de-motocicleta","status":"publish","type":"page","link":"https:\/\/thehometownlawyers.com\/es\/preguntas-frecuentes\/cuales-son-las-causas-comunes-de-los-accidentes-de-motocicleta\/","title":{"rendered":"\u00bfCu\u00e1les son las causas comunes de los accidentes de motocicleta?"},"content":{"rendered":"<p><span style=\"font-weight: 400;\"><strong>\u00bfCu\u00e1les son las causas comunes de los accidentes de motocicleta?<\/strong> Parece que cada primavera, los entusiastas de las motocicletas sacan sus bicicletas del almacenamiento y puedes ver los veh\u00edculos de dos ruedas volando sobre las carreteras, sin importar d\u00f3nde est\u00e9s. A medida que aumenta el n\u00famero de conductores, tambi\u00e9n lo hacen los accidentes. De hecho, m\u00e1s de 5000 motociclistas han muerto durante cada uno de los \u00faltimos cinco a\u00f1os, seg\u00fan la Administraci\u00f3n Nacional de Seguridad del Tr\u00e1fico en las Carreteras. Con la falta de un entorno protector, cuando los veh\u00edculos peque\u00f1os chocan con autom\u00f3viles o camiones m\u00e1s grandes, los resultados son m\u00e1s de 25 veces m\u00e1s mortales que las colisiones entre dos autom\u00f3viles. Sin embargo, puedes protegerte. nuestros amigos en <\/span><a href=\"https:\/\/cohenandcohen.net\/\"><span style=\"font-weight: 400;\">Cohen &amp; Cohen<\/span><\/a> <span style=\"font-weight: 400;\">ha proporcionado los siguientes seis<\/span> <span style=\"font-weight: 400;\">accidentes comunes de motocicletas<\/span> <span style=\"font-weight: 400;\">a tener en cuenta y evitar.<\/span><\/p>\n<h2>Exceso de velocidad<\/h2>\n<p><span style=\"font-weight: 400;\">Cuando se trata de accidentes de motocicleta, el exceso de velocidad se considera la causa principal. La velocidad hace que sea dif\u00edcil reaccionar ante otros conductores, y la colisi\u00f3n resultante suele ser m\u00e1s grave cuando el conductor sale disparado de la bicicleta.<\/span><\/p>\n<p class=\"rs-content-cta rs-content-cta-small\">Para una consulta legal gratuita, llame al <a href=\"tel:+15138943333\">513-894-3333 <\/a><\/p><h2>Giros a la izquierda<\/h2>\n<p><span style=\"font-weight: 400;\">El accidente que resulta en las lesiones m\u00e1s significativas es cuando el conductor de la motocicleta gira a la izquierda. Incluso si el motociclista tiene el derecho de paso, es posible que otros conductores no est\u00e9n prestando atenci\u00f3n o calculen mal las distancias. Debido a que la bicicleta suele recibir golpes laterales, puede provocar la muerte o <a href=\"https:\/\/cohenandcohen.net\/motorcycle-accident\/\">lesiones graves<\/a> .<\/span><\/p>\n<h2>Puertas de coche<\/h2>\n<p><span style=\"font-weight: 400;\">Cuando los conductores de veh\u00edculos no est\u00e1n prestando atenci\u00f3n, pueden abrir la puerta de su autom\u00f3vil justo antes de que se acerque un motociclista. Los resultados pueden ser devastadores ya que el ciclista se detiene repentinamente y es arrojado a la carretera.<\/span><\/p>\n<p class=\"rs-content-cta rs-content-cta-small\"><a href=\"\/es\/contacto\/\">Haga clic para contactar<\/a> con nuestros  abogados hoy<\/p><h2>Conducir borracho<\/h2>\n<p><span style=\"font-weight: 400;\">Conducir bajo los efectos del alcohol provoca accidentes. No solo altera el tiempo de reacci\u00f3n, sino que el zumbido mental puede iniciar una conducci\u00f3n tipo \u201csuperhombre\u201d que puede conducir a la muerte.<\/span><\/p>\n<p class=\"rs-content-cta rs-content-cta-small\">Complete una <a href=\"\/es\/contacto\/\">evaluaci\u00f3n gratuita de su caso<\/a> ahora<\/p><h2>malos caminos<\/h2>\n<p><span style=\"font-weight: 400;\">Los baches y los badenes no son amigos de los motociclistas, y cuando un conductor no presta atenci\u00f3n a las imperfecciones de la carretera, es probable que se produzca un accidente. Los ciclistas tambi\u00e9n pueden perder el control de su veh\u00edculo al chocar con escombros en la carretera.<\/span><\/p>\n<h2>carriles medios<\/h2>\n<p><span style=\"font-weight: 400;\">Cuando un motociclista no quiere esperar en el tr\u00e1fico, puede provocar un comportamiento de zigzagueo o conducir entre veh\u00edculos en movimiento. Ambas acciones pueden provocar lesiones graves, especialmente si los conductores de autom\u00f3viles no ven al motociclista y lo golpean.<\/span><\/p>\n<h2>Encontrar ayuda<\/h2>\n<p><span style=\"font-weight: 400;\">Si alguna vez tiene un accidente automovil\u00edstico, no espere para llamar a un abogado. Eso es especialmente cierto si est\u00e1 en una motocicleta porque cuando un motociclista choca con un autom\u00f3vil, puede provocar lesiones que cambian la vida y atenci\u00f3n m\u00e9dica costosa. <\/span><\/p>\n<p><a href=\"https:\/\/thehometownlawyers.com\/es\/contacto\/\">Oficina de abogados de Hamilton<\/a><br \/>\n<a href=\"https:\/\/thehometownlawyers.com\/es\/contacto\/\">Oficina de abogados de Middletown<\/a><br \/>\n<a href=\"https:\/\/thehometownlawyers.com\/es\/contacto\/\">Oficina de abogados de Eaton<\/a><\/p>\n<p class=\"rs-content-cta rs-content-cta-small\">Llame o env\u00ede un mensaje de texto al <a href=\"tel:+15138943333\">513-894-3333<\/a> o complete una <a href=\"\/es\/contacto\/\">evaluaci\u00f3n gratuita de su caso<\/a><\/p>","protected":false},"excerpt":{"rendered":"<p>\u00bfCu\u00e1les son las causas comunes de los accidentes de motocicleta? Parece que cada primavera, los entusiastas de las motocicletas sacan sus bicicletas del almacenamiento y puedes ver los veh\u00edculos de dos ruedas volando sobre las carreteras, sin importar d\u00f3nde est\u00e9s. A medida que aumenta el n\u00famero de conductores, tambi\u00e9n lo hacen los accidentes. De hecho, &#8230;<\/p>\n","protected":false},"author":7,"featured_media":24572,"parent":20989,"menu_order":0,"comment_status":"closed","ping_status":"closed","template":"","meta":{"_acf_changed":false,"inline_featured_image":false,"_genesis_hide_title":false,"_genesis_hide_breadcrumbs":false,"_genesis_hide_singular_image":false,"_genesis_hide_footer_widgets":false,"_genesis_custom_body_class":"","_genesis_custom_post_class":"","_genesis_layout":"","footnotes":""},"hc_faqs":[321],"hc_spanish_faqs":[],"class_list":{"0":"post-21027","1":"page","2":"type-page","3":"status-publish","4":"has-post-thumbnail","6":"hc_faqs-accidente-de-motocicleta","7":"entry"},"acf":[],"yoast_head":"<!-- This site is optimized with the Yoast SEO plugin v27.3 - https:\/\/yoast.com\/product\/yoast-seo-wordpress\/ -->\n<title>\u00bfCu\u00e1les son las causas comunes de los accidentes de motocicleta?: Consulta gratuita<\/title>\n<meta name=\"description\" content=\"\u00bfCu\u00e1les son las causas comunes de los accidentes de motocicleta? Las causas comunes incluyen exceso de velocidad, giros a la izquierda, divisi\u00f3n de carriles y m\u00e1s.\" \/>\n<meta name=\"robots\" content=\"index, follow, max-snippet:-1, max-image-preview:large, max-video-preview:-1\" \/>\n<link rel=\"canonical\" href=\"https:\/\/thehometownlawyers.com\/es\/preguntas-frecuentes\/cuales-son-las-causas-comunes-de-los-accidentes-de-motocicleta\/\" \/>\n<meta property=\"og:locale\" content=\"es_MX\" \/>\n<meta property=\"og:type\" content=\"article\" \/>\n<meta property=\"og:title\" content=\"\u00bfCu\u00e1les son las causas comunes de los accidentes de motocicleta?: Consulta gratuita\" \/>\n<meta property=\"og:description\" content=\"\u00bfCu\u00e1les son las causas comunes de los accidentes de motocicleta? Las causas comunes incluyen exceso de velocidad, giros a la izquierda, divisi\u00f3n de carriles y m\u00e1s.\" \/>\n<meta property=\"og:url\" content=\"https:\/\/thehometownlawyers.com\/es\/preguntas-frecuentes\/cuales-son-las-causas-comunes-de-los-accidentes-de-motocicleta\/\" \/>\n<meta property=\"og:site_name\" content=\"Kruger &amp; Hodges Abogados De Lesiones\" \/>\n<meta property=\"article:publisher\" content=\"https:\/\/www.facebook.com\/KrugerHodges\/\" \/>\n<meta property=\"article:modified_time\" content=\"2025-02-03T19:27:54+00:00\" \/>\n<meta property=\"og:image\" content=\"https:\/\/thehometownlawyers.com\/wp-content\/uploads\/2021\/09\/white-striped-motorcycle.jpg\" \/>\n\t<meta property=\"og:image:width\" content=\"1920\" \/>\n\t<meta property=\"og:image:height\" content=\"1080\" \/>\n\t<meta property=\"og:image:type\" content=\"image\/jpeg\" \/>\n<meta name=\"twitter:card\" content=\"summary_large_image\" \/>\n<meta name=\"twitter:label1\" content=\"Tiempo de lectura\" \/>\n\t<meta name=\"twitter:data1\" content=\"3 minutos\" \/>\n<script type=\"application\/ld+json\" class=\"yoast-schema-graph\">{\"@context\":\"https:\\\/\\\/schema.org\",\"@graph\":[{\"@type\":\"WebPage\",\"@id\":\"https:\\\/\\\/thehometownlawyers.com\\\/es\\\/preguntas-frecuentes\\\/cuales-son-las-causas-comunes-de-los-accidentes-de-motocicleta\\\/\",\"url\":\"https:\\\/\\\/thehometownlawyers.com\\\/es\\\/preguntas-frecuentes\\\/cuales-son-las-causas-comunes-de-los-accidentes-de-motocicleta\\\/\",\"name\":\"\u00bfCu\u00e1les son las causas comunes de los accidentes de motocicleta?: Consulta gratuita\",\"isPartOf\":{\"@id\":\"https:\\\/\\\/thehometownlawyers.com\\\/es\\\/#website\"},\"primaryImageOfPage\":{\"@id\":\"https:\\\/\\\/thehometownlawyers.com\\\/es\\\/preguntas-frecuentes\\\/cuales-son-las-causas-comunes-de-los-accidentes-de-motocicleta\\\/#primaryimage\"},\"image\":{\"@id\":\"https:\\\/\\\/thehometownlawyers.com\\\/es\\\/preguntas-frecuentes\\\/cuales-son-las-causas-comunes-de-los-accidentes-de-motocicleta\\\/#primaryimage\"},\"thumbnailUrl\":\"https:\\\/\\\/thehometownlawyers.com\\\/wp-content\\\/uploads\\\/2025\\\/03\\\/common-motorcycle-accidents-to-avoid.jpg\",\"datePublished\":\"2021-12-01T19:56:45+00:00\",\"dateModified\":\"2025-02-03T19:27:54+00:00\",\"description\":\"\u00bfCu\u00e1les son las causas comunes de los accidentes de motocicleta? Las causas comunes incluyen exceso de velocidad, giros a la izquierda, divisi\u00f3n de carriles y m\u00e1s.\",\"breadcrumb\":{\"@id\":\"https:\\\/\\\/thehometownlawyers.com\\\/es\\\/preguntas-frecuentes\\\/cuales-son-las-causas-comunes-de-los-accidentes-de-motocicleta\\\/#breadcrumb\"},\"inLanguage\":\"es\",\"potentialAction\":[{\"@type\":\"ReadAction\",\"target\":[\"https:\\\/\\\/thehometownlawyers.com\\\/es\\\/preguntas-frecuentes\\\/cuales-son-las-causas-comunes-de-los-accidentes-de-motocicleta\\\/\"]}]},{\"@type\":\"ImageObject\",\"inLanguage\":\"es\",\"@id\":\"https:\\\/\\\/thehometownlawyers.com\\\/es\\\/preguntas-frecuentes\\\/cuales-son-las-causas-comunes-de-los-accidentes-de-motocicleta\\\/#primaryimage\",\"url\":\"https:\\\/\\\/thehometownlawyers.com\\\/wp-content\\\/uploads\\\/2025\\\/03\\\/common-motorcycle-accidents-to-avoid.jpg\",\"contentUrl\":\"https:\\\/\\\/thehometownlawyers.com\\\/wp-content\\\/uploads\\\/2025\\\/03\\\/common-motorcycle-accidents-to-avoid.jpg\",\"width\":768,\"height\":511,\"caption\":\"The motorcycle lies on the sidewalk after a ride.\"},{\"@type\":\"BreadcrumbList\",\"@id\":\"https:\\\/\\\/thehometownlawyers.com\\\/es\\\/preguntas-frecuentes\\\/cuales-son-las-causas-comunes-de-los-accidentes-de-motocicleta\\\/#breadcrumb\",\"itemListElement\":[{\"@type\":\"ListItem\",\"position\":1,\"name\":\"Home\",\"item\":\"https:\\\/\\\/thehometownlawyers.com\\\/es\\\/\"},{\"@type\":\"ListItem\",\"position\":2,\"name\":\"Preguntas Frecuentes\",\"item\":\"https:\\\/\\\/thehometownlawyers.com\\\/es\\\/preguntas-frecuentes\\\/\"},{\"@type\":\"ListItem\",\"position\":3,\"name\":\"\u00bfCu\u00e1les son las causas comunes de los accidentes de motocicleta?\"}]},{\"@type\":\"WebSite\",\"@id\":\"https:\\\/\\\/thehometownlawyers.com\\\/es\\\/#website\",\"url\":\"https:\\\/\\\/thehometownlawyers.com\\\/es\\\/\",\"name\":\"Kruger & Hodges Hometown Injury Lawyers | Accident Attorneys\",\"description\":\"Attorneys for Car, Truck and Motorcycle Accidents, Personal Injuries, and Criminal Defense.\",\"publisher\":{\"@id\":\"https:\\\/\\\/thehometownlawyers.com\\\/es\\\/#organization\"},\"alternateName\":\"Kruger & Hodges Personal Injury Lawyers\",\"inLanguage\":\"es\"},{\"@type\":\"Organization\",\"@id\":\"https:\\\/\\\/thehometownlawyers.com\\\/es\\\/#organization\",\"name\":\"Kruger & Hodges Hometown Injury Lawyers\",\"alternateName\":\"Kruger & Hodges\",\"url\":\"https:\\\/\\\/thehometownlawyers.com\\\/es\\\/\",\"logo\":{\"@type\":\"ImageObject\",\"inLanguage\":\"es\",\"@id\":\"https:\\\/\\\/thehometownlawyers.com\\\/es\\\/#\\\/schema\\\/logo\\\/image\\\/\",\"url\":\"https:\\\/\\\/thehometownlawyers.com\\\/wp-content\\\/uploads\\\/2025\\\/12\\\/revised-kh-logo-vertical-white-background-scaled.png\",\"contentUrl\":\"https:\\\/\\\/thehometownlawyers.com\\\/wp-content\\\/uploads\\\/2025\\\/12\\\/revised-kh-logo-vertical-white-background-scaled.png\",\"width\":2560,\"height\":1440,\"caption\":\"Kruger & Hodges Hometown Injury Lawyers\"},\"image\":{\"@id\":\"https:\\\/\\\/thehometownlawyers.com\\\/es\\\/#\\\/schema\\\/logo\\\/image\\\/\"},\"sameAs\":[\"https:\\\/\\\/www.facebook.com\\\/KrugerHodges\\\/\",\"https:\\\/\\\/www.instagram.com\\\/krugerhodges\\\/\",\"https:\\\/\\\/www.linkedin.com\\\/company\\\/kruger-hodges-hometown-injury-lawyers\\\/\",\"https:\\\/\\\/www.youtube.com\\\/channel\\\/UCeYcMaMaN2rb9jMlqt4EIdQ\",\"https:\\\/\\\/www.tiktok.com\\\/@thehometownlawyer\"]}]}<\/script>\n<!-- \/ Yoast SEO plugin. -->","yoast_head_json":{"title":"\u00bfCu\u00e1les son las causas comunes de los accidentes de motocicleta?: Consulta gratuita","description":"\u00bfCu\u00e1les son las causas comunes de los accidentes de motocicleta? Las causas comunes incluyen exceso de velocidad, giros a la izquierda, divisi\u00f3n de carriles y m\u00e1s.","robots":{"index":"index","follow":"follow","max-snippet":"max-snippet:-1","max-image-preview":"max-image-preview:large","max-video-preview":"max-video-preview:-1"},"canonical":"https:\/\/thehometownlawyers.com\/es\/preguntas-frecuentes\/cuales-son-las-causas-comunes-de-los-accidentes-de-motocicleta\/","og_locale":"es_MX","og_type":"article","og_title":"\u00bfCu\u00e1les son las causas comunes de los accidentes de motocicleta?: Consulta gratuita","og_description":"\u00bfCu\u00e1les son las causas comunes de los accidentes de motocicleta? Las causas comunes incluyen exceso de velocidad, giros a la izquierda, divisi\u00f3n de carriles y m\u00e1s.","og_url":"https:\/\/thehometownlawyers.com\/es\/preguntas-frecuentes\/cuales-son-las-causas-comunes-de-los-accidentes-de-motocicleta\/","og_site_name":"Kruger &amp; Hodges Abogados De Lesiones","article_publisher":"https:\/\/www.facebook.com\/KrugerHodges\/","article_modified_time":"2025-02-03T19:27:54+00:00","og_image":[{"width":1920,"height":1080,"url":"https:\/\/thehometownlawyers.com\/wp-content\/uploads\/2021\/09\/white-striped-motorcycle.jpg","type":"image\/jpeg"}],"twitter_card":"summary_large_image","twitter_misc":{"Tiempo de lectura":"3 minutos"},"schema":{"@context":"https:\/\/schema.org","@graph":[{"@type":"WebPage","@id":"https:\/\/thehometownlawyers.com\/es\/preguntas-frecuentes\/cuales-son-las-causas-comunes-de-los-accidentes-de-motocicleta\/","url":"https:\/\/thehometownlawyers.com\/es\/preguntas-frecuentes\/cuales-son-las-causas-comunes-de-los-accidentes-de-motocicleta\/","name":"\u00bfCu\u00e1les son las causas comunes de los accidentes de motocicleta?: Consulta gratuita","isPartOf":{"@id":"https:\/\/thehometownlawyers.com\/es\/#website"},"primaryImageOfPage":{"@id":"https:\/\/thehometownlawyers.com\/es\/preguntas-frecuentes\/cuales-son-las-causas-comunes-de-los-accidentes-de-motocicleta\/#primaryimage"},"image":{"@id":"https:\/\/thehometownlawyers.com\/es\/preguntas-frecuentes\/cuales-son-las-causas-comunes-de-los-accidentes-de-motocicleta\/#primaryimage"},"thumbnailUrl":"https:\/\/thehometownlawyers.com\/wp-content\/uploads\/2025\/03\/common-motorcycle-accidents-to-avoid.jpg","datePublished":"2021-12-01T19:56:45+00:00","dateModified":"2025-02-03T19:27:54+00:00","description":"\u00bfCu\u00e1les son las causas comunes de los accidentes de motocicleta? Las causas comunes incluyen exceso de velocidad, giros a la izquierda, divisi\u00f3n de carriles y m\u00e1s.","breadcrumb":{"@id":"https:\/\/thehometownlawyers.com\/es\/preguntas-frecuentes\/cuales-son-las-causas-comunes-de-los-accidentes-de-motocicleta\/#breadcrumb"},"inLanguage":"es","potentialAction":[{"@type":"ReadAction","target":["https:\/\/thehometownlawyers.com\/es\/preguntas-frecuentes\/cuales-son-las-causas-comunes-de-los-accidentes-de-motocicleta\/"]}]},{"@type":"ImageObject","inLanguage":"es","@id":"https:\/\/thehometownlawyers.com\/es\/preguntas-frecuentes\/cuales-son-las-causas-comunes-de-los-accidentes-de-motocicleta\/#primaryimage","url":"https:\/\/thehometownlawyers.com\/wp-content\/uploads\/2025\/03\/common-motorcycle-accidents-to-avoid.jpg","contentUrl":"https:\/\/thehometownlawyers.com\/wp-content\/uploads\/2025\/03\/common-motorcycle-accidents-to-avoid.jpg","width":768,"height":511,"caption":"The motorcycle lies on the sidewalk after a ride."},{"@type":"BreadcrumbList","@id":"https:\/\/thehometownlawyers.com\/es\/preguntas-frecuentes\/cuales-son-las-causas-comunes-de-los-accidentes-de-motocicleta\/#breadcrumb","itemListElement":[{"@type":"ListItem","position":1,"name":"Home","item":"https:\/\/thehometownlawyers.com\/es\/"},{"@type":"ListItem","position":2,"name":"Preguntas Frecuentes","item":"https:\/\/thehometownlawyers.com\/es\/preguntas-frecuentes\/"},{"@type":"ListItem","position":3,"name":"\u00bfCu\u00e1les son las causas comunes de los accidentes de motocicleta?"}]},{"@type":"WebSite","@id":"https:\/\/thehometownlawyers.com\/es\/#website","url":"https:\/\/thehometownlawyers.com\/es\/","name":"Kruger & Hodges Hometown Injury Lawyers | Accident Attorneys","description":"Attorneys for Car, Truck and Motorcycle Accidents, Personal Injuries, and Criminal Defense.","publisher":{"@id":"https:\/\/thehometownlawyers.com\/es\/#organization"},"alternateName":"Kruger & Hodges Personal Injury Lawyers","inLanguage":"es"},{"@type":"Organization","@id":"https:\/\/thehometownlawyers.com\/es\/#organization","name":"Kruger & Hodges Hometown Injury Lawyers","alternateName":"Kruger & Hodges","url":"https:\/\/thehometownlawyers.com\/es\/","logo":{"@type":"ImageObject","inLanguage":"es","@id":"https:\/\/thehometownlawyers.com\/es\/#\/schema\/logo\/image\/","url":"https:\/\/thehometownlawyers.com\/wp-content\/uploads\/2025\/12\/revised-kh-logo-vertical-white-background-scaled.png","contentUrl":"https:\/\/thehometownlawyers.com\/wp-content\/uploads\/2025\/12\/revised-kh-logo-vertical-white-background-scaled.png","width":2560,"height":1440,"caption":"Kruger & Hodges Hometown Injury Lawyers"},"image":{"@id":"https:\/\/thehometownlawyers.com\/es\/#\/schema\/logo\/image\/"},"sameAs":["https:\/\/www.facebook.com\/KrugerHodges\/","https:\/\/www.instagram.com\/krugerhodges\/","https:\/\/www.linkedin.com\/company\/kruger-hodges-hometown-injury-lawyers\/","https:\/\/www.youtube.com\/channel\/UCeYcMaMaN2rb9jMlqt4EIdQ","https:\/\/www.tiktok.com\/@thehometownlawyer"]}]}},"_links":{"self":[{"href":"https:\/\/thehometownlawyers.com\/es\/wp-json\/wp\/v2\/pages\/21027","targetHints":{"allow":["GET"]}}],"collection":[{"href":"https:\/\/thehometownlawyers.com\/es\/wp-json\/wp\/v2\/pages"}],"about":[{"href":"https:\/\/thehometownlawyers.com\/es\/wp-json\/wp\/v2\/types\/page"}],"author":[{"embeddable":true,"href":"https:\/\/thehometownlawyers.com\/es\/wp-json\/wp\/v2\/users\/7"}],"replies":[{"embeddable":true,"href":"https:\/\/thehometownlawyers.com\/es\/wp-json\/wp\/v2\/comments?post=21027"}],"version-history":[{"count":0,"href":"https:\/\/thehometownlawyers.com\/es\/wp-json\/wp\/v2\/pages\/21027\/revisions"}],"up":[{"embeddable":true,"href":"https:\/\/thehometownlawyers.com\/es\/wp-json\/wp\/v2\/pages\/20989"}],"wp:featuredmedia":[{"embeddable":true,"href":"https:\/\/thehometownlawyers.com\/es\/wp-json\/wp\/v2\/media\/24572"}],"wp:attachment":[{"href":"https:\/\/thehometownlawyers.com\/es\/wp-json\/wp\/v2\/media?parent=21027"}],"wp:term":[{"taxonomy":"hc_faqs","embeddable":true,"href":"https:\/\/thehometownlawyers.com\/es\/wp-json\/wp\/v2\/hc_faqs?post=21027"},{"taxonomy":"hc_spanish_faqs","embeddable":true,"href":"https:\/\/thehometownlawyers.com\/es\/wp-json\/wp\/v2\/hc_spanish_faqs?post=21027"}],"curies":[{"name":"wp","href":"https:\/\/api.w.org\/{rel}","templated":true}]}}