{"id":21028,"date":"2019-10-23T21:27:07","date_gmt":"2019-10-24T01:27:07","guid":{"rendered":"https:\/\/thehometownlawyers.com\/?post_type=faq&#038;p=21028"},"modified":"2025-03-24T13:01:35","modified_gmt":"2025-03-24T17:01:35","slug":"como-evitar-las-colisiones-de-deslizamiento-lateral-de-ohio","status":"publish","type":"page","link":"https:\/\/thehometownlawyers.com\/es\/preguntas-frecuentes\/como-evitar-las-colisiones-de-deslizamiento-lateral-de-ohio\/","title":{"rendered":"C\u00f3mo evitar las colisiones de deslizamiento lateral de Ohio"},"content":{"rendered":"<p>Los accidentes de deslizamiento lateral ocurren cuando dos veh\u00edculos que viajan cerca uno del otro en la misma direcci\u00f3n chocan a los lados. Al igual que otros tipos de accidentes automovil\u00edsticos, las colisiones laterales pueden provocar lesiones graves a todas las partes involucradas.<\/p>\n<p>Seg\u00fan las estad\u00edsticas compiladas por el <a href=\"https:\/\/www.iihs.org\/\" target=\"_blank\" rel=\"noopener\">Instituto de Seguros para la Seguridad en las Carreteras<\/a> , cada a\u00f1o se producen aproximadamente 240.000 accidentes laterales en los Estados Unidos. Aproximadamente 25,000 de estos accidentes involucran lesiones y 2,500 resultan en muertes. Estad\u00edsticas adicionales compiladas por el <a href=\"http:\/\/www.dot.state.oh.us\/Divisions\/Planning\/ProgramManagement\/HighwaySafety\/HSIP\/Shared%20Documents\/Annual%20Percentages%20by%20Type%202010-2014.pdf\" target=\"_blank\" rel=\"noopener\">Departamento de Transporte de Ohio<\/a> revelan que entre 2010 y 2014, los accidentes de costado representaron aproximadamente el 11 % de las colisiones de veh\u00edculos motorizados en Ohio.<\/p>\n<p>En la mayor\u00eda de los casos, estos accidentes ocurren cuando los conductores de veh\u00edculos motorizados cambian de carril sin mirar o cambian de carril mientras est\u00e1n distra\u00eddos. Aunque parezca obvio, decidir la culpa en los accidentes de costado suele ser un desaf\u00edo. Por eso es importante tomar las medidas adecuadas para prevenir estos accidentes. El prop\u00f3sito de este art\u00edculo es revisar algunos pasos \u00fatiles que se pueden seguir para evitar terminar en un accidente de golpe lateral.<\/p>\n<h2>Aprenda c\u00f3mo ocurren los accidentes de golpe lateral<\/h2>\n<p>Al aprender c\u00f3mo ocurren los accidentes de golpe lateral, puede tomar medidas para evitar estos accidentes. Algunos de los factores m\u00e1s comunes detr\u00e1s de los accidentes de golpe lateral incluyen:<\/p>\n<ul>\n<li>Conductores distra\u00eddos<\/li>\n<li>Conductores que golpean lateralmente a otros veh\u00edculos mientras intentan navegar en los giros<\/li>\n<li>Conductores que consumen alcohol o drogas<\/li>\n<li>Conductores que est\u00e1n fatigados<\/li>\n<li>El conductor no mira hacia el frente del veh\u00edculo, en el espejo retrovisor o para compensar un punto ciego<\/li>\n<li>Exceso de velocidad o viajar demasiado r\u00e1pido para las condiciones<\/li>\n<\/ul>\n<p>Si bien estas son las causas m\u00e1s comunes de los accidentes de costado, existen varios factores adicionales que pueden hacer que los accidentes de costado sean m\u00e1s mortales. Por ejemplo, cuando un veh\u00edculo m\u00e1s grande golpea lateralmente a uno m\u00e1s peque\u00f1o, es probable que se produzcan da\u00f1os mucho m\u00e1s sustanciales.<\/p>\n<p class=\"rs-content-cta rs-content-cta-small\">Para una consulta legal gratuita, llame al <a href=\"tel:+15138943333\">513-894-3333 <\/a><\/p><h2>Mire cuidadosamente antes de cambiar de carril<\/h2>\n<p>Varios factores pueden distraer la atenci\u00f3n del conductor de las condiciones de la carretera. Desafortunadamente, los puntos ciegos de su veh\u00edculo pueden ocultar otros autos en el camino, lo que puede hacer que las colisiones laterales sean mucho m\u00e1s probables. Tomarse unos minutos para cambiar de carril con cautela puede, en \u00faltima instancia, evitar que termine en un accidente de costado.<\/p>\n<h2>Sea paciente y preste atenci\u00f3n<\/h2>\n<p>Muchos automovilistas tienen prisa por llegar a su pr\u00f3ximo destino. Sin embargo, es fundamental ser paciente y no apresurarse. Incluso si hay distracciones en su autom\u00f3vil, es imperativo que las ignore. Preste atenci\u00f3n al l\u00edmite de velocidad, a las condiciones de la carretera y del clima, y al comportamiento de otros conductores a su alrededor. La conducci\u00f3n distra\u00edda es una de las causas m\u00e1s comunes de colisiones laterales.<\/p>\n<p class=\"rs-content-cta rs-content-cta-small\"><a href=\"\/es\/contacto\/\">Haga clic para contactar<\/a> con nuestros  abogados hoy<\/p><h2>Evite beber y conducir<\/h2>\n<p>Conducir bajo la influencia del alcohol o las drogas puede hacer que el conductor de un veh\u00edculo motorizado entre y salga de los carriles de manera inesperada, lo que aumenta en gran medida las posibilidades de que ocurra un accidente de costado.<\/p>\n<p class=\"rs-content-cta rs-content-cta-small\">Complete una <a href=\"\/es\/contacto\/\">evaluaci\u00f3n gratuita de su caso<\/a> ahora<\/p><h2>Nunca conduzca mientras est\u00e9 fatigado<\/h2>\n<p>Si est\u00e1 demasiado fatigado para conducir, debe abstenerse de subirse a un veh\u00edculo motorizado. Si se fatiga mientras est\u00e1 detr\u00e1s del volante, det\u00e9ngase y tome un descanso. La mayor\u00eda de las veces, recargarse tomando una siesta r\u00e1pida le dar\u00e1 suficiente energ\u00eda para llegar a su destino de manera segura.<\/p>\n<h2>Llame a las fuerzas del orden p\u00fablico si ve a alguien desvi\u00e1ndose<\/h2>\n<p>Si ve a un conductor que se est\u00e1 desviando peligrosamente entre carriles, comun\u00edquese con la polic\u00eda. Si puede proporcionar detalles sobre el veh\u00edculo del conductor y el n\u00famero de placa, esto puede ser de gran ayuda para que las fuerzas del orden p\u00fablico identifiquen y detengan al conductor peligroso.<\/p>\n<h2>No conf\u00ede \u00fanicamente en la tecnolog\u00eda Lane Assist<\/h2>\n<p>Los avances recientes en la tecnolog\u00eda de los veh\u00edculos tienen el potencial de hacer que la conducci\u00f3n sea m\u00e1s segura para cualquier persona. A medida que estas caracter\u00edsticas se vuelvan m\u00e1s comunes, es probable que ayuden a reducir la gran cantidad de accidentes de costado que ocurren debido a errores humanos. La tecnolog\u00eda de asistencia de carril est\u00e1 dise\u00f1ada para evitar que los conductores ingresen peligrosamente a otros carriles, lo que reduce potencialmente el riesgo de accidentes de costado. Esta tecnolog\u00eda, sin embargo, nunca ser\u00e1 capaz de eliminar el riesgo de estos accidentes. Si su veh\u00edculo est\u00e1 equipado con esta funci\u00f3n, debe saber que ayuda a reducir los accidentes, pero no es capaz de evitarlos todos.<\/p>\n<h2>Hable con un abogado experimentado en accidentes<\/h2>\n<p>Es una verdad desafortunada que no importa qu\u00e9 precauciones de seguridad sigas, los accidentes de costado seguir\u00e1n ocurriendo. Los accidentes de golpe lateral com\u00fanmente resultan en lesiones graves. No importa si se trata de un traumatismo craneal severo, par\u00e1lisis, huesos rotos u otro impedimento f\u00edsico, las secuelas de estos accidentes pueden hacer que las v\u00edctimas enfrenten grandes facturas m\u00e9dicas y otros costos. Si usted o un ser querido ha resultado lesionado en un accidente de golpe lateral, un abogado especializado en accidentes lo ayudar\u00e1 a luchar por la compensaci\u00f3n que merece. Comun\u00edquese con <a href=\"https:\/\/thehometownlawyers.com\/es\/\">Kruger &amp; Hodges<\/a> hoy para programar una evaluaci\u00f3n inicial gratuita de su caso.<\/p>\n<p><a href=\"https:\/\/thehometownlawyers.com\/es\/contacto\/\">Oficina de abogados de Hamilton<\/a><br \/>\n<a href=\"https:\/\/thehometownlawyers.com\/es\/contacto\/\">Oficina de abogados de Middletown<\/a><br \/>\n<a href=\"https:\/\/thehometownlawyers.com\/es\/contacto\/\">Oficina de abogados de Eaton<\/a><\/p>\n<p class=\"rs-content-cta rs-content-cta-small\">Llame o env\u00ede un mensaje de texto al <a href=\"tel:+15138943333\">513-894-3333<\/a> o complete una <a href=\"\/es\/contacto\/\">evaluaci\u00f3n gratuita de su caso<\/a><\/p>","protected":false},"excerpt":{"rendered":"<p>Los accidentes de deslizamiento lateral ocurren cuando dos veh\u00edculos que viajan cerca uno del otro en la misma direcci\u00f3n chocan a los lados. Al igual que otros tipos de accidentes automovil\u00edsticos, las colisiones laterales pueden provocar lesiones graves a todas las partes involucradas. Seg\u00fan las estad\u00edsticas compiladas por el Instituto de Seguros para la Seguridad &#8230;<\/p>\n","protected":false},"author":7,"featured_media":24628,"parent":20989,"menu_order":0,"comment_status":"closed","ping_status":"closed","template":"","meta":{"_acf_changed":false,"inline_featured_image":false,"_genesis_hide_title":false,"_genesis_hide_breadcrumbs":false,"_genesis_hide_singular_image":false,"_genesis_hide_footer_widgets":false,"_genesis_custom_body_class":"","_genesis_custom_post_class":"","_genesis_layout":"","footnotes":""},"hc_faqs":[316],"hc_spanish_faqs":[],"class_list":{"0":"post-21028","1":"page","2":"type-page","3":"status-publish","4":"has-post-thumbnail","6":"hc_faqs-accidente-de-automovilismo","7":"entry"},"acf":[],"yoast_head":"<!-- This site is optimized with the Yoast SEO plugin v27.3 - https:\/\/yoast.com\/product\/yoast-seo-wordpress\/ -->\n<title>C\u00f3mo evitar las colisiones de deslizamiento lateral de Ohio: Consulta gratuita<\/title>\n<meta name=\"description\" content=\"Los accidentes de deslizamiento lateral ocurren cuando dos veh\u00edculos que viajan cerca uno del otro en la misma direcci\u00f3n chocan a los lados. Al igual que\" \/>\n<meta name=\"robots\" content=\"index, follow, max-snippet:-1, max-image-preview:large, max-video-preview:-1\" \/>\n<link rel=\"canonical\" href=\"https:\/\/thehometownlawyers.com\/es\/preguntas-frecuentes\/como-evitar-las-colisiones-de-deslizamiento-lateral-de-ohio\/\" \/>\n<meta property=\"og:locale\" content=\"es_MX\" \/>\n<meta property=\"og:type\" content=\"article\" \/>\n<meta property=\"og:title\" content=\"C\u00f3mo evitar las colisiones de deslizamiento lateral de Ohio: Consulta gratuita\" \/>\n<meta property=\"og:description\" content=\"Los accidentes de deslizamiento lateral ocurren cuando dos veh\u00edculos que viajan cerca uno del otro en la misma direcci\u00f3n chocan a los lados. Al igual que\" \/>\n<meta property=\"og:url\" content=\"https:\/\/thehometownlawyers.com\/es\/preguntas-frecuentes\/como-evitar-las-colisiones-de-deslizamiento-lateral-de-ohio\/\" \/>\n<meta property=\"og:site_name\" content=\"Kruger &amp; Hodges Abogados De Lesiones\" \/>\n<meta property=\"article:publisher\" content=\"https:\/\/www.facebook.com\/KrugerHodges\/\" \/>\n<meta property=\"article:modified_time\" content=\"2025-03-24T17:01:35+00:00\" \/>\n<meta property=\"og:image\" content=\"https:\/\/thehometownlawyers.com\/wp-content\/uploads\/2025\/03\/como-evitar-las-colisiones-de-deslizamiento-lateral-de-ohio.jpg\" \/>\n\t<meta property=\"og:image:width\" content=\"768\" \/>\n\t<meta property=\"og:image:height\" content=\"576\" \/>\n\t<meta property=\"og:image:type\" content=\"image\/jpeg\" \/>\n<meta name=\"twitter:card\" content=\"summary_large_image\" \/>\n<meta name=\"twitter:label1\" content=\"Tiempo de lectura\" \/>\n\t<meta name=\"twitter:data1\" content=\"4 minutos\" \/>\n<script type=\"application\/ld+json\" class=\"yoast-schema-graph\">{\"@context\":\"https:\\\/\\\/schema.org\",\"@graph\":[{\"@type\":\"WebPage\",\"@id\":\"https:\\\/\\\/thehometownlawyers.com\\\/es\\\/preguntas-frecuentes\\\/como-evitar-las-colisiones-de-deslizamiento-lateral-de-ohio\\\/\",\"url\":\"https:\\\/\\\/thehometownlawyers.com\\\/es\\\/preguntas-frecuentes\\\/como-evitar-las-colisiones-de-deslizamiento-lateral-de-ohio\\\/\",\"name\":\"C\u00f3mo evitar las colisiones de deslizamiento lateral de Ohio: Consulta gratuita\",\"isPartOf\":{\"@id\":\"https:\\\/\\\/thehometownlawyers.com\\\/es\\\/#website\"},\"primaryImageOfPage\":{\"@id\":\"https:\\\/\\\/thehometownlawyers.com\\\/es\\\/preguntas-frecuentes\\\/como-evitar-las-colisiones-de-deslizamiento-lateral-de-ohio\\\/#primaryimage\"},\"image\":{\"@id\":\"https:\\\/\\\/thehometownlawyers.com\\\/es\\\/preguntas-frecuentes\\\/como-evitar-las-colisiones-de-deslizamiento-lateral-de-ohio\\\/#primaryimage\"},\"thumbnailUrl\":\"https:\\\/\\\/thehometownlawyers.com\\\/wp-content\\\/uploads\\\/2025\\\/03\\\/como-evitar-las-colisiones-de-deslizamiento-lateral-de-ohio.jpg\",\"datePublished\":\"2019-10-24T01:27:07+00:00\",\"dateModified\":\"2025-03-24T17:01:35+00:00\",\"description\":\"Los accidentes de deslizamiento lateral ocurren cuando dos veh\u00edculos que viajan cerca uno del otro en la misma direcci\u00f3n chocan a los lados. Al igual que\",\"breadcrumb\":{\"@id\":\"https:\\\/\\\/thehometownlawyers.com\\\/es\\\/preguntas-frecuentes\\\/como-evitar-las-colisiones-de-deslizamiento-lateral-de-ohio\\\/#breadcrumb\"},\"inLanguage\":\"es\",\"potentialAction\":[{\"@type\":\"ReadAction\",\"target\":[\"https:\\\/\\\/thehometownlawyers.com\\\/es\\\/preguntas-frecuentes\\\/como-evitar-las-colisiones-de-deslizamiento-lateral-de-ohio\\\/\"]}]},{\"@type\":\"ImageObject\",\"inLanguage\":\"es\",\"@id\":\"https:\\\/\\\/thehometownlawyers.com\\\/es\\\/preguntas-frecuentes\\\/como-evitar-las-colisiones-de-deslizamiento-lateral-de-ohio\\\/#primaryimage\",\"url\":\"https:\\\/\\\/thehometownlawyers.com\\\/wp-content\\\/uploads\\\/2025\\\/03\\\/como-evitar-las-colisiones-de-deslizamiento-lateral-de-ohio.jpg\",\"contentUrl\":\"https:\\\/\\\/thehometownlawyers.com\\\/wp-content\\\/uploads\\\/2025\\\/03\\\/como-evitar-las-colisiones-de-deslizamiento-lateral-de-ohio.jpg\",\"width\":768,\"height\":576,\"caption\":\"Close up view of a dent on the left side of a gray vehicle.\"},{\"@type\":\"BreadcrumbList\",\"@id\":\"https:\\\/\\\/thehometownlawyers.com\\\/es\\\/preguntas-frecuentes\\\/como-evitar-las-colisiones-de-deslizamiento-lateral-de-ohio\\\/#breadcrumb\",\"itemListElement\":[{\"@type\":\"ListItem\",\"position\":1,\"name\":\"Home\",\"item\":\"https:\\\/\\\/thehometownlawyers.com\\\/es\\\/\"},{\"@type\":\"ListItem\",\"position\":2,\"name\":\"Preguntas Frecuentes\",\"item\":\"https:\\\/\\\/thehometownlawyers.com\\\/es\\\/preguntas-frecuentes\\\/\"},{\"@type\":\"ListItem\",\"position\":3,\"name\":\"C\u00f3mo evitar las colisiones de deslizamiento lateral de Ohio\"}]},{\"@type\":\"WebSite\",\"@id\":\"https:\\\/\\\/thehometownlawyers.com\\\/es\\\/#website\",\"url\":\"https:\\\/\\\/thehometownlawyers.com\\\/es\\\/\",\"name\":\"Kruger & Hodges Hometown Injury Lawyers | Accident Attorneys\",\"description\":\"Attorneys for Car, Truck and Motorcycle Accidents, Personal Injuries, and Criminal Defense.\",\"publisher\":{\"@id\":\"https:\\\/\\\/thehometownlawyers.com\\\/es\\\/#organization\"},\"alternateName\":\"Kruger & Hodges Personal Injury Lawyers\",\"inLanguage\":\"es\"},{\"@type\":\"Organization\",\"@id\":\"https:\\\/\\\/thehometownlawyers.com\\\/es\\\/#organization\",\"name\":\"Kruger & Hodges Hometown Injury Lawyers\",\"alternateName\":\"Kruger & Hodges\",\"url\":\"https:\\\/\\\/thehometownlawyers.com\\\/es\\\/\",\"logo\":{\"@type\":\"ImageObject\",\"inLanguage\":\"es\",\"@id\":\"https:\\\/\\\/thehometownlawyers.com\\\/es\\\/#\\\/schema\\\/logo\\\/image\\\/\",\"url\":\"https:\\\/\\\/thehometownlawyers.com\\\/wp-content\\\/uploads\\\/2025\\\/12\\\/revised-kh-logo-vertical-white-background-scaled.png\",\"contentUrl\":\"https:\\\/\\\/thehometownlawyers.com\\\/wp-content\\\/uploads\\\/2025\\\/12\\\/revised-kh-logo-vertical-white-background-scaled.png\",\"width\":2560,\"height\":1440,\"caption\":\"Kruger & Hodges Hometown Injury Lawyers\"},\"image\":{\"@id\":\"https:\\\/\\\/thehometownlawyers.com\\\/es\\\/#\\\/schema\\\/logo\\\/image\\\/\"},\"sameAs\":[\"https:\\\/\\\/www.facebook.com\\\/KrugerHodges\\\/\",\"https:\\\/\\\/www.instagram.com\\\/krugerhodges\\\/\",\"https:\\\/\\\/www.linkedin.com\\\/company\\\/kruger-hodges-hometown-injury-lawyers\\\/\",\"https:\\\/\\\/www.youtube.com\\\/channel\\\/UCeYcMaMaN2rb9jMlqt4EIdQ\",\"https:\\\/\\\/www.tiktok.com\\\/@thehometownlawyer\"]}]}<\/script>\n<!-- \/ Yoast SEO plugin. -->","yoast_head_json":{"title":"C\u00f3mo evitar las colisiones de deslizamiento lateral de Ohio: Consulta gratuita","description":"Los accidentes de deslizamiento lateral ocurren cuando dos veh\u00edculos que viajan cerca uno del otro en la misma direcci\u00f3n chocan a los lados. Al igual que","robots":{"index":"index","follow":"follow","max-snippet":"max-snippet:-1","max-image-preview":"max-image-preview:large","max-video-preview":"max-video-preview:-1"},"canonical":"https:\/\/thehometownlawyers.com\/es\/preguntas-frecuentes\/como-evitar-las-colisiones-de-deslizamiento-lateral-de-ohio\/","og_locale":"es_MX","og_type":"article","og_title":"C\u00f3mo evitar las colisiones de deslizamiento lateral de Ohio: Consulta gratuita","og_description":"Los accidentes de deslizamiento lateral ocurren cuando dos veh\u00edculos que viajan cerca uno del otro en la misma direcci\u00f3n chocan a los lados. Al igual que","og_url":"https:\/\/thehometownlawyers.com\/es\/preguntas-frecuentes\/como-evitar-las-colisiones-de-deslizamiento-lateral-de-ohio\/","og_site_name":"Kruger &amp; Hodges Abogados De Lesiones","article_publisher":"https:\/\/www.facebook.com\/KrugerHodges\/","article_modified_time":"2025-03-24T17:01:35+00:00","og_image":[{"width":768,"height":576,"url":"https:\/\/thehometownlawyers.com\/wp-content\/uploads\/2025\/03\/como-evitar-las-colisiones-de-deslizamiento-lateral-de-ohio.jpg","type":"image\/jpeg"}],"twitter_card":"summary_large_image","twitter_misc":{"Tiempo de lectura":"4 minutos"},"schema":{"@context":"https:\/\/schema.org","@graph":[{"@type":"WebPage","@id":"https:\/\/thehometownlawyers.com\/es\/preguntas-frecuentes\/como-evitar-las-colisiones-de-deslizamiento-lateral-de-ohio\/","url":"https:\/\/thehometownlawyers.com\/es\/preguntas-frecuentes\/como-evitar-las-colisiones-de-deslizamiento-lateral-de-ohio\/","name":"C\u00f3mo evitar las colisiones de deslizamiento lateral de Ohio: Consulta gratuita","isPartOf":{"@id":"https:\/\/thehometownlawyers.com\/es\/#website"},"primaryImageOfPage":{"@id":"https:\/\/thehometownlawyers.com\/es\/preguntas-frecuentes\/como-evitar-las-colisiones-de-deslizamiento-lateral-de-ohio\/#primaryimage"},"image":{"@id":"https:\/\/thehometownlawyers.com\/es\/preguntas-frecuentes\/como-evitar-las-colisiones-de-deslizamiento-lateral-de-ohio\/#primaryimage"},"thumbnailUrl":"https:\/\/thehometownlawyers.com\/wp-content\/uploads\/2025\/03\/como-evitar-las-colisiones-de-deslizamiento-lateral-de-ohio.jpg","datePublished":"2019-10-24T01:27:07+00:00","dateModified":"2025-03-24T17:01:35+00:00","description":"Los accidentes de deslizamiento lateral ocurren cuando dos veh\u00edculos que viajan cerca uno del otro en la misma direcci\u00f3n chocan a los lados. Al igual que","breadcrumb":{"@id":"https:\/\/thehometownlawyers.com\/es\/preguntas-frecuentes\/como-evitar-las-colisiones-de-deslizamiento-lateral-de-ohio\/#breadcrumb"},"inLanguage":"es","potentialAction":[{"@type":"ReadAction","target":["https:\/\/thehometownlawyers.com\/es\/preguntas-frecuentes\/como-evitar-las-colisiones-de-deslizamiento-lateral-de-ohio\/"]}]},{"@type":"ImageObject","inLanguage":"es","@id":"https:\/\/thehometownlawyers.com\/es\/preguntas-frecuentes\/como-evitar-las-colisiones-de-deslizamiento-lateral-de-ohio\/#primaryimage","url":"https:\/\/thehometownlawyers.com\/wp-content\/uploads\/2025\/03\/como-evitar-las-colisiones-de-deslizamiento-lateral-de-ohio.jpg","contentUrl":"https:\/\/thehometownlawyers.com\/wp-content\/uploads\/2025\/03\/como-evitar-las-colisiones-de-deslizamiento-lateral-de-ohio.jpg","width":768,"height":576,"caption":"Close up view of a dent on the left side of a gray vehicle."},{"@type":"BreadcrumbList","@id":"https:\/\/thehometownlawyers.com\/es\/preguntas-frecuentes\/como-evitar-las-colisiones-de-deslizamiento-lateral-de-ohio\/#breadcrumb","itemListElement":[{"@type":"ListItem","position":1,"name":"Home","item":"https:\/\/thehometownlawyers.com\/es\/"},{"@type":"ListItem","position":2,"name":"Preguntas Frecuentes","item":"https:\/\/thehometownlawyers.com\/es\/preguntas-frecuentes\/"},{"@type":"ListItem","position":3,"name":"C\u00f3mo evitar las colisiones de deslizamiento lateral de Ohio"}]},{"@type":"WebSite","@id":"https:\/\/thehometownlawyers.com\/es\/#website","url":"https:\/\/thehometownlawyers.com\/es\/","name":"Kruger & Hodges Hometown Injury Lawyers | Accident Attorneys","description":"Attorneys for Car, Truck and Motorcycle Accidents, Personal Injuries, and Criminal Defense.","publisher":{"@id":"https:\/\/thehometownlawyers.com\/es\/#organization"},"alternateName":"Kruger & Hodges Personal Injury Lawyers","inLanguage":"es"},{"@type":"Organization","@id":"https:\/\/thehometownlawyers.com\/es\/#organization","name":"Kruger & Hodges Hometown Injury Lawyers","alternateName":"Kruger & Hodges","url":"https:\/\/thehometownlawyers.com\/es\/","logo":{"@type":"ImageObject","inLanguage":"es","@id":"https:\/\/thehometownlawyers.com\/es\/#\/schema\/logo\/image\/","url":"https:\/\/thehometownlawyers.com\/wp-content\/uploads\/2025\/12\/revised-kh-logo-vertical-white-background-scaled.png","contentUrl":"https:\/\/thehometownlawyers.com\/wp-content\/uploads\/2025\/12\/revised-kh-logo-vertical-white-background-scaled.png","width":2560,"height":1440,"caption":"Kruger & Hodges Hometown Injury Lawyers"},"image":{"@id":"https:\/\/thehometownlawyers.com\/es\/#\/schema\/logo\/image\/"},"sameAs":["https:\/\/www.facebook.com\/KrugerHodges\/","https:\/\/www.instagram.com\/krugerhodges\/","https:\/\/www.linkedin.com\/company\/kruger-hodges-hometown-injury-lawyers\/","https:\/\/www.youtube.com\/channel\/UCeYcMaMaN2rb9jMlqt4EIdQ","https:\/\/www.tiktok.com\/@thehometownlawyer"]}]}},"_links":{"self":[{"href":"https:\/\/thehometownlawyers.com\/es\/wp-json\/wp\/v2\/pages\/21028","targetHints":{"allow":["GET"]}}],"collection":[{"href":"https:\/\/thehometownlawyers.com\/es\/wp-json\/wp\/v2\/pages"}],"about":[{"href":"https:\/\/thehometownlawyers.com\/es\/wp-json\/wp\/v2\/types\/page"}],"author":[{"embeddable":true,"href":"https:\/\/thehometownlawyers.com\/es\/wp-json\/wp\/v2\/users\/7"}],"replies":[{"embeddable":true,"href":"https:\/\/thehometownlawyers.com\/es\/wp-json\/wp\/v2\/comments?post=21028"}],"version-history":[{"count":0,"href":"https:\/\/thehometownlawyers.com\/es\/wp-json\/wp\/v2\/pages\/21028\/revisions"}],"up":[{"embeddable":true,"href":"https:\/\/thehometownlawyers.com\/es\/wp-json\/wp\/v2\/pages\/20989"}],"wp:featuredmedia":[{"embeddable":true,"href":"https:\/\/thehometownlawyers.com\/es\/wp-json\/wp\/v2\/media\/24628"}],"wp:attachment":[{"href":"https:\/\/thehometownlawyers.com\/es\/wp-json\/wp\/v2\/media?parent=21028"}],"wp:term":[{"taxonomy":"hc_faqs","embeddable":true,"href":"https:\/\/thehometownlawyers.com\/es\/wp-json\/wp\/v2\/hc_faqs?post=21028"},{"taxonomy":"hc_spanish_faqs","embeddable":true,"href":"https:\/\/thehometownlawyers.com\/es\/wp-json\/wp\/v2\/hc_spanish_faqs?post=21028"}],"curies":[{"name":"wp","href":"https:\/\/api.w.org\/{rel}","templated":true}]}}