{"id":21029,"date":"2021-08-31T14:53:19","date_gmt":"2021-08-31T18:53:19","guid":{"rendered":"https:\/\/thehometownlawyers.com\/?post_type=faq&#038;p=21029"},"modified":"2025-03-24T13:46:18","modified_gmt":"2025-03-24T17:46:18","slug":"debo-ir-a-atencion-de-urgencia-despues-de-un-accidente-automovilistico-en-middletown","status":"publish","type":"page","link":"https:\/\/thehometownlawyers.com\/es\/preguntas-frecuentes\/debo-ir-a-atencion-de-urgencia-despues-de-un-accidente-automovilistico-en-middletown\/","title":{"rendered":"\u00bfDebo ir a atenci\u00f3n de urgencia despu\u00e9s de un accidente automovil\u00edstico en Middletown?"},"content":{"rendered":"<p><strong>\u00bfDebo ir a atenci\u00f3n de urgencia despu\u00e9s de un accidente automovil\u00edstico en Middletown? <\/strong><span style=\"font-weight: 400;\">Los abogados de <a href=\"https:\/\/thehometownlawyers.com\/es\/acerca-de-los-abogados-de-kruger-hodges\/\">Kruger &amp; Hodges<\/a> han pasado a\u00f1os hablando con profesionales de la polic\u00eda, bomberos y EMS que responden a accidentes automovil\u00edsticos. Una cosa que hemos aprendido es que las lesiones no siempre aparecen inmediatamente en la escena. <\/span><\/p>\n<p><span style=\"font-weight: 400;\">Un accidente automovil\u00edstico es una experiencia que induce a la adrenalina. La adrenalina tambi\u00e9n puede adormecer los receptores del dolor para que puedas sobrevivir a cualquier prueba por la que est\u00e9s pasando. Sin embargo, algunas lesiones ocultas pueden manifestarse con s\u00edntomas m\u00e1s graves m\u00e1s adelante. <\/span><\/p>\n<p><span style=\"font-weight: 400;\">Si ha estado involucrado en un accidente automovil\u00edstico en Middletown, le sugerimos enf\u00e1ticamente que visite un centro de atenci\u00f3n de urgencia oa su m\u00e9dico de atenci\u00f3n primaria. <\/span><\/p>\n<p><span style=\"font-weight: 400;\">Las lesiones como hemorragia interna o <a href=\"https:\/\/www.mayoclinic.org\/diseases-conditions\/traumatic-brain-injury\/symptoms-causes\/syc-20378557\" target=\"_blank\" rel=\"noopener\">lesiones cerebrales traum\u00e1ticas<\/a> pueden revelarse m\u00e1s tarde despu\u00e9s de que la adrenalina y el shock desaparezcan. Adem\u00e1s, si los socorristas est\u00e1n en el lugar y te sugieren que te revisen, debes prestar atenci\u00f3n a sus consejos. <\/span><\/p>\n<h2><span style=\"font-weight: 400;\">Adem\u00e1s de las Lesiones Potenciales, \u00bfPor qu\u00e9 es Necesario acudir a Atenci\u00f3n de Urgencia?<\/span><\/h2>\n<p><span style=\"font-weight: 400;\">Si no est\u00e1 seguro de sus lesiones, es necesario que acuda a atenci\u00f3n de urgencia para comenzar la creaci\u00f3n de un registro m\u00e9dico relacionado con su accidente. Esto sirve para m\u00faltiples prop\u00f3sitos en caso de que su caso sea llevado a mediaci\u00f3n o litigio.<\/span><\/p>\n<p><span style=\"font-weight: 400;\">Una pronta visita a la sala de urgencias le demostrar\u00eda al juez que usted estaba considerando su salud y bienestar de manera seria y urgente. La visita documentar\u00e1 qu\u00e9 lesiones tiene y cuanto m\u00e1s cerca suceda esto del momento del choque, m\u00e1s f\u00e1cil ser\u00e1 argumentar que el accidente automovil\u00edstico fue la causa de la lesi\u00f3n. <\/span><\/p>\n<p><span style=\"font-weight: 400;\">Si visita un centro de atenci\u00f3n de urgencia un mes despu\u00e9s de su accidente, la falta de puntualidad puede permitir que la compa\u00f1\u00eda de seguros o el abogado contrario digan que usted adquiri\u00f3 su lesi\u00f3n de otra fuente. En cambio, es importante hacer una conexi\u00f3n urgente con la lesi\u00f3n y su causa. <\/span><\/p>\n<p><span style=\"font-weight: 400;\">Por \u00faltimo, tambi\u00e9n es una buena idea descartar lesiones y obtener un certificado de buena salud. Esto le dar\u00e1 la tranquilidad de saber que no tiene que preocuparse por TBI, hemorragias internas u otras lesiones que se manifiestan lentamente. <\/span><\/p>\n<p class=\"rs-content-cta rs-content-cta-small\">Para una consulta legal gratuita, llame al <a href=\"tel:+15138943333\">513-894-3333 <\/a><\/p><h2><span style=\"font-weight: 400;\">Me lastim\u00e9 en un accidente automovil\u00edstico pero no tengo seguro. \u00bfA d\u00f3nde voy?<\/span><\/h2>\n<p><span style=\"font-weight: 400;\">Si no tiene seguro de salud pero ha sufrido una lesi\u00f3n por un accidente automovil\u00edstico, a\u00fan es recomendable visitar un centro de atenci\u00f3n de urgencia. Estas instalaciones pueden tener opciones para facturar a una tarifa no asegurada, que a menudo es menos de lo que facturar\u00edan a una compa\u00f1\u00eda de seguros. Aunque las visitas al hospital pueden ser costosas, su salud y bienestar lo valen.<\/span><\/p>\n<p><span style=\"font-weight: 400;\">Adem\u00e1s, si result\u00f3 herido en un accidente automovil\u00edstico causado por otra persona, es posible que a\u00fan pueda recibir una compensaci\u00f3n por sus facturas m\u00e9dicas. Esto se debe a que la mayor\u00eda de las p\u00f3lizas tienen una forma espec\u00edfica de cobertura para conductores sin seguro. <\/span><\/p>\n<p><span style=\"font-weight: 400;\">Si est\u00e1 conduciendo sin seguro de autom\u00f3vil y no tuvo la culpa, su reclamo continuar\u00e1 como de costumbre. Sin embargo, enfrentar\u00e1 algunas consecuencias que, en comparaci\u00f3n con el riesgo de lidiar con lesiones, son menos significativas. Aunque puede recibir una compensaci\u00f3n por sus lesiones si no tuvo la culpa, puede enfrentar las consecuencias de la suspensi\u00f3n de la licencia y las tarifas posteriores que seguir\u00edan para restablecer su licencia. <\/span><\/p>\n<p><span style=\"font-weight: 400;\">Si conduce sin seguro m\u00e9dico ni seguro de autom\u00f3vil, y es la causa del accidente, es posible que sea responsable de una cantidad significativa de pagos de bolsillo que se le har\u00edan a la otra parte. <\/span><\/p>\n<h2><span style=\"font-weight: 400;\">Comun\u00edquese con las Oficinas Legales de Kruger &amp; Hodges en Middletown <\/span><\/h2>\n<p><span style=\"font-weight: 400;\">A lo largo de nuestros a\u00f1os de experiencia, los abogados de Kruger &amp; Hodges se han reunido y visitado a muchos clientes que han sufrido lesiones graves en accidentes. Sabemos lo debilitantes y estresantes que pueden ser estos eventos. Queremos asegurarnos de que no experimente dolor y sufrimiento evitables, por lo que le recomendamos encarecidamente que visite un centro de atenci\u00f3n de urgencia despu\u00e9s de un accidente automovil\u00edstico en Middletown. <\/span><\/p>\n<p><span style=\"font-weight: 400;\">Adem\u00e1s, si est\u00e1 pensando en explorar sus opciones sobre c\u00f3mo seguir adelante despu\u00e9s de un accidente automovil\u00edstico,<\/span> <a href=\"https:\/\/thehometownlawyers.com\/es\/contacto\/\"><span style=\"font-weight: 400;\">cont\u00e1ctenos para una consulta gratuita.<\/span><\/a> <span style=\"font-weight: 400;\">Nuestros abogados aportan a\u00f1os de experiencia en el manejo de casos de lesiones personales y nos aseguraremos de buscar el mejor resultado posible para su caso.<\/span><\/p><p class=\"rs-content-cta rs-content-cta-small\">Llame o env\u00ede un mensaje de texto al <a href=\"tel:+15138943333\">513-894-3333<\/a> o complete una <a href=\"\/es\/contacto\/\">evaluaci\u00f3n gratuita de su caso<\/a><\/p>","protected":false},"excerpt":{"rendered":"<p>\u00bfDebo ir a atenci\u00f3n de urgencia despu\u00e9s de un accidente automovil\u00edstico en Middletown? Los abogados de Kruger &amp; Hodges han pasado a\u00f1os hablando con profesionales de la polic\u00eda, bomberos y EMS que responden a accidentes automovil\u00edsticos. Una cosa que hemos aprendido es que las lesiones no siempre aparecen inmediatamente en la escena. Un accidente automovil\u00edstico &#8230;<\/p>\n","protected":false},"author":7,"featured_media":24681,"parent":20989,"menu_order":0,"comment_status":"closed","ping_status":"closed","template":"","meta":{"_acf_changed":false,"inline_featured_image":false,"_genesis_hide_title":false,"_genesis_hide_breadcrumbs":false,"_genesis_hide_singular_image":false,"_genesis_hide_footer_widgets":false,"_genesis_custom_body_class":"","_genesis_custom_post_class":"","_genesis_layout":"","footnotes":""},"hc_faqs":[316],"hc_spanish_faqs":[],"class_list":{"0":"post-21029","1":"page","2":"type-page","3":"status-publish","4":"has-post-thumbnail","6":"hc_faqs-accidente-de-automovilismo","7":"entry"},"acf":[],"yoast_head":"<!-- This site is optimized with the Yoast SEO plugin v27.2 - https:\/\/yoast.com\/product\/yoast-seo-wordpress\/ -->\n<title>\u00bfIr a atenci\u00f3n de urgencia despu\u00e9s de un accidente automovil\u00edstico en Middletown? | Kruger &amp; Hodges<\/title>\n<meta name=\"description\" content=\"\u00bfDebo ir a atenci\u00f3n de urgencia despu\u00e9s de un accidente automovil\u00edstico en Middletown? Estas instalaciones tambi\u00e9n pueden tener opciones para facturar a una tarifa no asegurada.\" \/>\n<meta name=\"robots\" content=\"index, follow, max-snippet:-1, max-image-preview:large, max-video-preview:-1\" \/>\n<link rel=\"canonical\" href=\"https:\/\/thehometownlawyers.com\/es\/preguntas-frecuentes\/debo-ir-a-atencion-de-urgencia-despues-de-un-accidente-automovilistico-en-middletown\/\" \/>\n<meta property=\"og:locale\" content=\"es_MX\" \/>\n<meta property=\"og:type\" content=\"article\" \/>\n<meta property=\"og:title\" content=\"\u00bfIr a atenci\u00f3n de urgencia despu\u00e9s de un accidente automovil\u00edstico en Middletown? | Kruger &amp; Hodges\" \/>\n<meta property=\"og:description\" content=\"\u00bfDebo ir a atenci\u00f3n de urgencia despu\u00e9s de un accidente automovil\u00edstico en Middletown? Estas instalaciones tambi\u00e9n pueden tener opciones para facturar a una tarifa no asegurada.\" \/>\n<meta property=\"og:url\" content=\"https:\/\/thehometownlawyers.com\/es\/preguntas-frecuentes\/debo-ir-a-atencion-de-urgencia-despues-de-un-accidente-automovilistico-en-middletown\/\" \/>\n<meta property=\"og:site_name\" content=\"Kruger &amp; Hodges Abogados De Lesiones\" \/>\n<meta property=\"article:publisher\" content=\"https:\/\/www.facebook.com\/KrugerHodges\/\" \/>\n<meta property=\"article:modified_time\" content=\"2025-03-24T17:46:18+00:00\" \/>\n<meta property=\"og:image\" content=\"https:\/\/thehometownlawyers.com\/wp-content\/uploads\/2025\/03\/debo-ir-a-atencion-de-urgencia-despues-de-un-accidente-automovilistico-en-middletown.jpg\" \/>\n\t<meta property=\"og:image:width\" content=\"768\" \/>\n\t<meta property=\"og:image:height\" content=\"512\" \/>\n\t<meta property=\"og:image:type\" content=\"image\/jpeg\" \/>\n<meta name=\"twitter:card\" content=\"summary_large_image\" \/>\n<meta name=\"twitter:label1\" content=\"Tiempo de lectura\" \/>\n\t<meta name=\"twitter:data1\" content=\"4 minutos\" \/>\n<script type=\"application\/ld+json\" class=\"yoast-schema-graph\">{\"@context\":\"https:\/\/schema.org\",\"@graph\":[{\"@type\":\"WebPage\",\"@id\":\"https:\/\/thehometownlawyers.com\/es\/preguntas-frecuentes\/debo-ir-a-atencion-de-urgencia-despues-de-un-accidente-automovilistico-en-middletown\/\",\"url\":\"https:\/\/thehometownlawyers.com\/es\/preguntas-frecuentes\/debo-ir-a-atencion-de-urgencia-despues-de-un-accidente-automovilistico-en-middletown\/\",\"name\":\"\u00bfIr a atenci\u00f3n de urgencia despu\u00e9s de un accidente automovil\u00edstico en Middletown? | Kruger & Hodges\",\"isPartOf\":{\"@id\":\"https:\/\/thehometownlawyers.com\/es\/#website\"},\"primaryImageOfPage\":{\"@id\":\"https:\/\/thehometownlawyers.com\/es\/preguntas-frecuentes\/debo-ir-a-atencion-de-urgencia-despues-de-un-accidente-automovilistico-en-middletown\/#primaryimage\"},\"image\":{\"@id\":\"https:\/\/thehometownlawyers.com\/es\/preguntas-frecuentes\/debo-ir-a-atencion-de-urgencia-despues-de-un-accidente-automovilistico-en-middletown\/#primaryimage\"},\"thumbnailUrl\":\"https:\/\/thehometownlawyers.com\/wp-content\/uploads\/2025\/03\/debo-ir-a-atencion-de-urgencia-despues-de-un-accidente-automovilistico-en-middletown.jpg\",\"datePublished\":\"2021-08-31T18:53:19+00:00\",\"dateModified\":\"2025-03-24T17:46:18+00:00\",\"description\":\"\u00bfDebo ir a atenci\u00f3n de urgencia despu\u00e9s de un accidente automovil\u00edstico en Middletown? Estas instalaciones tambi\u00e9n pueden tener opciones para facturar a una tarifa no asegurada.\",\"breadcrumb\":{\"@id\":\"https:\/\/thehometownlawyers.com\/es\/preguntas-frecuentes\/debo-ir-a-atencion-de-urgencia-despues-de-un-accidente-automovilistico-en-middletown\/#breadcrumb\"},\"inLanguage\":\"es\",\"potentialAction\":[{\"@type\":\"ReadAction\",\"target\":[\"https:\/\/thehometownlawyers.com\/es\/preguntas-frecuentes\/debo-ir-a-atencion-de-urgencia-despues-de-un-accidente-automovilistico-en-middletown\/\"]}]},{\"@type\":\"ImageObject\",\"inLanguage\":\"es\",\"@id\":\"https:\/\/thehometownlawyers.com\/es\/preguntas-frecuentes\/debo-ir-a-atencion-de-urgencia-despues-de-un-accidente-automovilistico-en-middletown\/#primaryimage\",\"url\":\"https:\/\/thehometownlawyers.com\/wp-content\/uploads\/2025\/03\/debo-ir-a-atencion-de-urgencia-despues-de-un-accidente-automovilistico-en-middletown.jpg\",\"contentUrl\":\"https:\/\/thehometownlawyers.com\/wp-content\/uploads\/2025\/03\/debo-ir-a-atencion-de-urgencia-despues-de-un-accidente-automovilistico-en-middletown.jpg\",\"width\":768,\"height\":512,\"caption\":\"Injured man using smartphone near opened airbag in automobile after car accident.\"},{\"@type\":\"BreadcrumbList\",\"@id\":\"https:\/\/thehometownlawyers.com\/es\/preguntas-frecuentes\/debo-ir-a-atencion-de-urgencia-despues-de-un-accidente-automovilistico-en-middletown\/#breadcrumb\",\"itemListElement\":[{\"@type\":\"ListItem\",\"position\":1,\"name\":\"Home\",\"item\":\"https:\/\/thehometownlawyers.com\/es\/\"},{\"@type\":\"ListItem\",\"position\":2,\"name\":\"Preguntas Frecuentes\",\"item\":\"https:\/\/thehometownlawyers.com\/es\/preguntas-frecuentes\/\"},{\"@type\":\"ListItem\",\"position\":3,\"name\":\"\u00bfDebo ir a atenci\u00f3n de urgencia despu\u00e9s de un accidente automovil\u00edstico en Middletown?\"}]},{\"@type\":\"WebSite\",\"@id\":\"https:\/\/thehometownlawyers.com\/es\/#website\",\"url\":\"https:\/\/thehometownlawyers.com\/es\/\",\"name\":\"Kruger & Hodges Hometown Injury Lawyers | Accident Attorneys\",\"description\":\"Attorneys for Car, Truck and Motorcycle Accidents, Personal Injuries, and Criminal Defense.\",\"publisher\":{\"@id\":\"https:\/\/thehometownlawyers.com\/es\/#organization\"},\"alternateName\":\"Kruger & Hodges Personal Injury Lawyers\",\"inLanguage\":\"es\"},{\"@type\":\"Organization\",\"@id\":\"https:\/\/thehometownlawyers.com\/es\/#organization\",\"name\":\"Kruger & Hodges Hometown Injury Lawyers\",\"alternateName\":\"Kruger & Hodges Accident Attorneys\",\"url\":\"https:\/\/thehometownlawyers.com\/es\/\",\"logo\":{\"@type\":\"ImageObject\",\"inLanguage\":\"es\",\"@id\":\"https:\/\/thehometownlawyers.com\/es\/#\/schema\/logo\/image\/\",\"url\":\"https:\/\/thehometownlawyers.com\/wp-content\/uploads\/2025\/12\/revised-kh-logo-vertical-white-background-scaled.png\",\"contentUrl\":\"https:\/\/thehometownlawyers.com\/wp-content\/uploads\/2025\/12\/revised-kh-logo-vertical-white-background-scaled.png\",\"width\":2560,\"height\":1440,\"caption\":\"Kruger & Hodges Hometown Injury Lawyers\"},\"image\":{\"@id\":\"https:\/\/thehometownlawyers.com\/es\/#\/schema\/logo\/image\/\"},\"sameAs\":[\"https:\/\/www.facebook.com\/KrugerHodges\/\",\"https:\/\/www.instagram.com\/krugerhodges\/\",\"https:\/\/www.linkedin.com\/company\/kruger-hodges-hometown-injury-lawyers\/\",\"https:\/\/www.youtube.com\/channel\/UCeYcMaMaN2rb9jMlqt4EIdQ\",\"https:\/\/www.tiktok.com\/@thehometownlawyer\"]}]}<\/script>\n<!-- \/ Yoast SEO plugin. -->","yoast_head_json":{"title":"\u00bfIr a atenci\u00f3n de urgencia despu\u00e9s de un accidente automovil\u00edstico en Middletown? | Kruger & Hodges","description":"\u00bfDebo ir a atenci\u00f3n de urgencia despu\u00e9s de un accidente automovil\u00edstico en Middletown? Estas instalaciones tambi\u00e9n pueden tener opciones para facturar a una tarifa no asegurada.","robots":{"index":"index","follow":"follow","max-snippet":"max-snippet:-1","max-image-preview":"max-image-preview:large","max-video-preview":"max-video-preview:-1"},"canonical":"https:\/\/thehometownlawyers.com\/es\/preguntas-frecuentes\/debo-ir-a-atencion-de-urgencia-despues-de-un-accidente-automovilistico-en-middletown\/","og_locale":"es_MX","og_type":"article","og_title":"\u00bfIr a atenci\u00f3n de urgencia despu\u00e9s de un accidente automovil\u00edstico en Middletown? | Kruger & Hodges","og_description":"\u00bfDebo ir a atenci\u00f3n de urgencia despu\u00e9s de un accidente automovil\u00edstico en Middletown? Estas instalaciones tambi\u00e9n pueden tener opciones para facturar a una tarifa no asegurada.","og_url":"https:\/\/thehometownlawyers.com\/es\/preguntas-frecuentes\/debo-ir-a-atencion-de-urgencia-despues-de-un-accidente-automovilistico-en-middletown\/","og_site_name":"Kruger &amp; Hodges Abogados De Lesiones","article_publisher":"https:\/\/www.facebook.com\/KrugerHodges\/","article_modified_time":"2025-03-24T17:46:18+00:00","og_image":[{"width":768,"height":512,"url":"https:\/\/thehometownlawyers.com\/wp-content\/uploads\/2025\/03\/debo-ir-a-atencion-de-urgencia-despues-de-un-accidente-automovilistico-en-middletown.jpg","type":"image\/jpeg"}],"twitter_card":"summary_large_image","twitter_misc":{"Tiempo de lectura":"4 minutos"},"schema":{"@context":"https:\/\/schema.org","@graph":[{"@type":"WebPage","@id":"https:\/\/thehometownlawyers.com\/es\/preguntas-frecuentes\/debo-ir-a-atencion-de-urgencia-despues-de-un-accidente-automovilistico-en-middletown\/","url":"https:\/\/thehometownlawyers.com\/es\/preguntas-frecuentes\/debo-ir-a-atencion-de-urgencia-despues-de-un-accidente-automovilistico-en-middletown\/","name":"\u00bfIr a atenci\u00f3n de urgencia despu\u00e9s de un accidente automovil\u00edstico en Middletown? | Kruger & Hodges","isPartOf":{"@id":"https:\/\/thehometownlawyers.com\/es\/#website"},"primaryImageOfPage":{"@id":"https:\/\/thehometownlawyers.com\/es\/preguntas-frecuentes\/debo-ir-a-atencion-de-urgencia-despues-de-un-accidente-automovilistico-en-middletown\/#primaryimage"},"image":{"@id":"https:\/\/thehometownlawyers.com\/es\/preguntas-frecuentes\/debo-ir-a-atencion-de-urgencia-despues-de-un-accidente-automovilistico-en-middletown\/#primaryimage"},"thumbnailUrl":"https:\/\/thehometownlawyers.com\/wp-content\/uploads\/2025\/03\/debo-ir-a-atencion-de-urgencia-despues-de-un-accidente-automovilistico-en-middletown.jpg","datePublished":"2021-08-31T18:53:19+00:00","dateModified":"2025-03-24T17:46:18+00:00","description":"\u00bfDebo ir a atenci\u00f3n de urgencia despu\u00e9s de un accidente automovil\u00edstico en Middletown? Estas instalaciones tambi\u00e9n pueden tener opciones para facturar a una tarifa no asegurada.","breadcrumb":{"@id":"https:\/\/thehometownlawyers.com\/es\/preguntas-frecuentes\/debo-ir-a-atencion-de-urgencia-despues-de-un-accidente-automovilistico-en-middletown\/#breadcrumb"},"inLanguage":"es","potentialAction":[{"@type":"ReadAction","target":["https:\/\/thehometownlawyers.com\/es\/preguntas-frecuentes\/debo-ir-a-atencion-de-urgencia-despues-de-un-accidente-automovilistico-en-middletown\/"]}]},{"@type":"ImageObject","inLanguage":"es","@id":"https:\/\/thehometownlawyers.com\/es\/preguntas-frecuentes\/debo-ir-a-atencion-de-urgencia-despues-de-un-accidente-automovilistico-en-middletown\/#primaryimage","url":"https:\/\/thehometownlawyers.com\/wp-content\/uploads\/2025\/03\/debo-ir-a-atencion-de-urgencia-despues-de-un-accidente-automovilistico-en-middletown.jpg","contentUrl":"https:\/\/thehometownlawyers.com\/wp-content\/uploads\/2025\/03\/debo-ir-a-atencion-de-urgencia-despues-de-un-accidente-automovilistico-en-middletown.jpg","width":768,"height":512,"caption":"Injured man using smartphone near opened airbag in automobile after car accident."},{"@type":"BreadcrumbList","@id":"https:\/\/thehometownlawyers.com\/es\/preguntas-frecuentes\/debo-ir-a-atencion-de-urgencia-despues-de-un-accidente-automovilistico-en-middletown\/#breadcrumb","itemListElement":[{"@type":"ListItem","position":1,"name":"Home","item":"https:\/\/thehometownlawyers.com\/es\/"},{"@type":"ListItem","position":2,"name":"Preguntas Frecuentes","item":"https:\/\/thehometownlawyers.com\/es\/preguntas-frecuentes\/"},{"@type":"ListItem","position":3,"name":"\u00bfDebo ir a atenci\u00f3n de urgencia despu\u00e9s de un accidente automovil\u00edstico en Middletown?"}]},{"@type":"WebSite","@id":"https:\/\/thehometownlawyers.com\/es\/#website","url":"https:\/\/thehometownlawyers.com\/es\/","name":"Kruger & Hodges Hometown Injury Lawyers | Accident Attorneys","description":"Attorneys for Car, Truck and Motorcycle Accidents, Personal Injuries, and Criminal Defense.","publisher":{"@id":"https:\/\/thehometownlawyers.com\/es\/#organization"},"alternateName":"Kruger & Hodges Personal Injury Lawyers","inLanguage":"es"},{"@type":"Organization","@id":"https:\/\/thehometownlawyers.com\/es\/#organization","name":"Kruger & Hodges Hometown Injury Lawyers","alternateName":"Kruger & Hodges Accident Attorneys","url":"https:\/\/thehometownlawyers.com\/es\/","logo":{"@type":"ImageObject","inLanguage":"es","@id":"https:\/\/thehometownlawyers.com\/es\/#\/schema\/logo\/image\/","url":"https:\/\/thehometownlawyers.com\/wp-content\/uploads\/2025\/12\/revised-kh-logo-vertical-white-background-scaled.png","contentUrl":"https:\/\/thehometownlawyers.com\/wp-content\/uploads\/2025\/12\/revised-kh-logo-vertical-white-background-scaled.png","width":2560,"height":1440,"caption":"Kruger & Hodges Hometown Injury Lawyers"},"image":{"@id":"https:\/\/thehometownlawyers.com\/es\/#\/schema\/logo\/image\/"},"sameAs":["https:\/\/www.facebook.com\/KrugerHodges\/","https:\/\/www.instagram.com\/krugerhodges\/","https:\/\/www.linkedin.com\/company\/kruger-hodges-hometown-injury-lawyers\/","https:\/\/www.youtube.com\/channel\/UCeYcMaMaN2rb9jMlqt4EIdQ","https:\/\/www.tiktok.com\/@thehometownlawyer"]}]}},"_links":{"self":[{"href":"https:\/\/thehometownlawyers.com\/es\/wp-json\/wp\/v2\/pages\/21029","targetHints":{"allow":["GET"]}}],"collection":[{"href":"https:\/\/thehometownlawyers.com\/es\/wp-json\/wp\/v2\/pages"}],"about":[{"href":"https:\/\/thehometownlawyers.com\/es\/wp-json\/wp\/v2\/types\/page"}],"author":[{"embeddable":true,"href":"https:\/\/thehometownlawyers.com\/es\/wp-json\/wp\/v2\/users\/7"}],"replies":[{"embeddable":true,"href":"https:\/\/thehometownlawyers.com\/es\/wp-json\/wp\/v2\/comments?post=21029"}],"version-history":[{"count":0,"href":"https:\/\/thehometownlawyers.com\/es\/wp-json\/wp\/v2\/pages\/21029\/revisions"}],"up":[{"embeddable":true,"href":"https:\/\/thehometownlawyers.com\/es\/wp-json\/wp\/v2\/pages\/20989"}],"wp:featuredmedia":[{"embeddable":true,"href":"https:\/\/thehometownlawyers.com\/es\/wp-json\/wp\/v2\/media\/24681"}],"wp:attachment":[{"href":"https:\/\/thehometownlawyers.com\/es\/wp-json\/wp\/v2\/media?parent=21029"}],"wp:term":[{"taxonomy":"hc_faqs","embeddable":true,"href":"https:\/\/thehometownlawyers.com\/es\/wp-json\/wp\/v2\/hc_faqs?post=21029"},{"taxonomy":"hc_spanish_faqs","embeddable":true,"href":"https:\/\/thehometownlawyers.com\/es\/wp-json\/wp\/v2\/hc_spanish_faqs?post=21029"}],"curies":[{"name":"wp","href":"https:\/\/api.w.org\/{rel}","templated":true}]}}