{"id":21030,"date":"2020-02-14T19:31:01","date_gmt":"2020-02-15T00:31:01","guid":{"rendered":"https:\/\/thehometownlawyers.com\/?post_type=faq&#038;p=21030"},"modified":"2025-01-31T11:26:53","modified_gmt":"2025-01-31T16:26:53","slug":"mantenerse-a-salvo-de-enviar-mensajes-de-texto-mientras-conduce-accidentes","status":"publish","type":"page","link":"https:\/\/thehometownlawyers.com\/es\/preguntas-frecuentes\/mantenerse-a-salvo-de-enviar-mensajes-de-texto-mientras-conduce-accidentes\/","title":{"rendered":"Mantenerse a salvo de enviar mensajes de texto mientras conduce accidentes"},"content":{"rendered":"<p>La <a href=\"https:\/\/www.aaa.com\/\" target=\"_blank\" rel=\"noopener\">Asociaci\u00f3n Estadounidense del Autom\u00f3vil<\/a> (AAA) informa que aproximadamente el 50% de todos los adolescentes en los Estados Unidos env\u00edan mensajes de texto mientras conducen. Otras investigaciones revelan que, en todo momento, hay aproximadamente 800.000 personas en el pa\u00eds que utilizan el celular mientras conducen. Enviar mensajes de texto mientras se conduce es responsable de muchos accidentes automovil\u00edsticos en Ohio. A continuaci\u00f3n se revisar\u00e1n algunas estrategias de seguridad importantes que debe seguir para reducir sus posibilidades de terminar en un accidente de env\u00edo de mensajes de texto mientras conduce.<\/p>\n<h2>Reconoce los peligros de enviar mensajes de texto mientras conduces<\/h2>\n<p>Enviar mensajes de texto mientras se conduce es responsable de muchos accidentes automovil\u00edsticos graves cada a\u00f1o por varias razones, que incluyen:<\/p>\n<ul>\n<li>El uso de un tel\u00e9fono celular mientras conduce un veh\u00edculo reduce sus habilidades de conducci\u00f3n.<\/li>\n<li>Los tel\u00e9fonos m\u00f3viles desv\u00edan la atenci\u00f3n de los conductores de la carretera.<\/li>\n<li>Enviar mensajes de texto mientras se conduce extiende los tiempos de reacci\u00f3n del conductor.<\/li>\n<li>El uso de un tel\u00e9fono celular aumenta el n\u00famero de choques frontales<\/li>\n<\/ul>\n<p class=\"rs-content-cta rs-content-cta-small\">Para una consulta legal gratuita, llame al <a href=\"tel:+15138943333\">513-894-3333 <\/a><\/p><h2>Deja el tel\u00e9fono atr\u00e1s<\/h2>\n<p>Si planea hacer un viaje corto en su veh\u00edculo, debe intentar dejar su tel\u00e9fono en casa. Si bien es posible que no siempre sea posible hacer esto, adquirir el h\u00e1bito de ir a lugares sin su tel\u00e9fono celular puede hacerlo menos dependiente del dispositivo.<\/p>\n<h2>Coloque el tel\u00e9fono fuera del alcance<\/h2>\n<p>Si insiste en traer el tel\u00e9fono, es una buena idea colocar el tel\u00e9fono en un lugar donde no se pueda alcanzar f\u00e1cilmente mientras conduce. Esto podr\u00eda implicar colocar su tel\u00e9fono en el asiento trasero, el maletero o la guantera.<\/p>\n<p class=\"rs-content-cta rs-content-cta-small\"><a href=\"\/es\/contacto\/\">Haga clic para contactar<\/a> con nuestros  abogados hoy<\/p><h2>Coloque el tel\u00e9fono en modo &#8216;No molestar&#8217;<\/h2>\n<p>Al colocar su tel\u00e9fono en modo &#8216;No molestar&#8217;, podr\u00e1 silenciar cosas como alertas, notificaciones, mensajes de texto y llamadas. Tambi\u00e9n es posible descartar llamadas excepto para personas designadas.<\/p>\n<p class=\"rs-content-cta rs-content-cta-small\">Complete una <a href=\"\/es\/contacto\/\">evaluaci\u00f3n gratuita de su caso<\/a> ahora<\/p><h2>D\u00edgale a la gente que est\u00e1 subiendo a un veh\u00edculo<\/h2>\n<p>Nadie con quien contactes con frecuencia quiere que pongas en peligro tu vida envi\u00e1ndote mensajes de texto mientras conduces. Al hacerle saber a la otra persona que usted est\u00e1 conduciendo, puede dejar de enviar mensajes de texto temporalmente y sentirse menos inc\u00f3modo por terminar en un accidente. Tomarse un tiempo para responder ahora aumenta en gran medida las posibilidades de que llegue a su destino de manera segura.<\/p>\n<h2>Utilizar un dispositivo de manos libres<\/h2>\n<p>Debe tratar de nunca hablar por tel\u00e9fono celular mientras conduce, pero a veces es necesario hacer una llamada telef\u00f3nica mientras est\u00e1 en la carretera. En estas situaciones, debe utilizar un dispositivo de manos libres. De esta manera, puede mantener ambas manos en el volante mientras conduce. Otros autom\u00f3viles tienen funciones de Bluetooth, que pueden ser una funci\u00f3n m\u00e1s costosa, pero pueden aumentar en gran medida sus posibilidades de mantenerse seguro mientras conduce.<\/p>\n<h2>Aborde todo lo que necesite hacer antes de conducir<\/h2>\n<p>Antes de operar su veh\u00edculo, t\u00f3mese el tiempo para responder a cualquier llamada telef\u00f3nica o mensaje de texto urgente. De esta manera, no se sentir\u00e1 obligado a hacer malabares con hablar o enviar mensajes de texto por tel\u00e9fono mientras conduce. Si necesita usar su tel\u00e9fono como GPS para llegar a su destino, tambi\u00e9n debe programar estas indicaciones en su tel\u00e9fono antes de arrancar el veh\u00edculo. Al concentrarse en una cosa a la vez, puede aumentar considerablemente sus posibilidades de llegar a su destino de manera segura.<\/p>\n<h2>Descargar una aplicaci\u00f3n de seguridad<\/h2>\n<p>Existen aplicaciones para tel\u00e9fonos inteligentes que se pueden usar para bloquear mensajes de texto o enviar mensajes de respuesta autom\u00e1tica mientras conduce. Una aplicaci\u00f3n popular, <a href=\"https:\/\/www.drivesafe.ly\/\" target=\"_blank\" rel=\"noopener\">DriveSafe.ly<\/a> , incluso le lee sus mensajes de texto mientras conduce. Esta puede ser una funci\u00f3n que salve vidas porque evita que desv\u00edes tu atenci\u00f3n de la carretera para recoger tu tel\u00e9fono. Incluso hay algunas aplicaciones que pueden recompensarlo por no enviar mensajes de texto y conducir al proporcionar cupones y descuentos.<\/p>\n<h2>Considere usar un Texter Designado<\/h2>\n<p>La mayor\u00eda de nosotros estamos familiarizados con los conductores designados cuando las personas beben alcohol. Un mensajero designado juega un papel similar cuando se trata de comunicarse en su tel\u00e9fono inteligente. Si est\u00e1 teniendo una conversaci\u00f3n que requiere un mensaje de texto de inmediato, puede designar a un mensajero designado que puede escribir los mensajes en el tel\u00e9fono por usted. De esta manera, puede concentrarse en llegar a su destino de manera segura.<\/p>\n<h2>Det\u00e9ngase si es necesario<\/h2>\n<p>No importa cu\u00e1nto planee enviar mensajes de texto de manera segura, siempre existe el riesgo de que pueda recibir un mensaje de texto de emergencia repentino. Si es absolutamente necesario que responda a un mensaje de texto lo antes posible mientras conduce, debe detenerse a un lado de la carretera en lugar de intentar continuar conduciendo. Si viaja por una calle residencial menos transitada, debe detenerse a un lado de la calle con las luces de emergencia encendidas. En situaciones en las que viaja por una carretera cuando se recibe el mensaje de texto, debe esperar hasta llegar a una parada de descanso o a un lugar seguro para detenerse a un lado de la carretera.<\/p>\n<h2>Hable con un abogado experto en accidentes automovil\u00edsticos<\/h2>\n<p>Para una consulta inicial gratuita con un abogado <a href=\"https:\/\/thehometownlawyers.com\/es\/\">de Kruger &amp; Hodges<\/a> , llame a nuestra oficina.<\/p>\n<p><a href=\"https:\/\/thehometownlawyers.com\/es\/contacto\/\">Oficina de abogados de Hamilton<\/a><\/p>\n<p class=\"rs-content-cta rs-content-cta-small\">Llame o env\u00ede un mensaje de texto al <a href=\"tel:+15138943333\">513-894-3333<\/a> o complete una <a href=\"\/es\/contacto\/\">evaluaci\u00f3n gratuita de su caso<\/a><\/p>","protected":false},"excerpt":{"rendered":"<p>La Asociaci\u00f3n Estadounidense del Autom\u00f3vil (AAA) informa que aproximadamente el 50% de todos los adolescentes en los Estados Unidos env\u00edan mensajes de texto mientras conducen. Otras investigaciones revelan que, en todo momento, hay aproximadamente 800.000 personas en el pa\u00eds que utilizan el celular mientras conducen. Enviar mensajes de texto mientras se conduce es responsable de &#8230;<\/p>\n","protected":false},"author":7,"featured_media":20720,"parent":20989,"menu_order":0,"comment_status":"closed","ping_status":"closed","template":"","meta":{"_acf_changed":false,"inline_featured_image":false,"_genesis_hide_title":false,"_genesis_hide_breadcrumbs":false,"_genesis_hide_singular_image":false,"_genesis_hide_footer_widgets":false,"_genesis_custom_body_class":"","_genesis_custom_post_class":"","_genesis_layout":"","footnotes":""},"hc_faqs":[316],"hc_spanish_faqs":[],"class_list":{"0":"post-21030","1":"page","2":"type-page","3":"status-publish","4":"has-post-thumbnail","6":"hc_faqs-accidente-de-automovilismo","7":"entry"},"acf":[],"yoast_head":"<!-- This site is optimized with the Yoast SEO plugin v27.3 - https:\/\/yoast.com\/product\/yoast-seo-wordpress\/ -->\n<title>Mantenerse a salvo de enviar mensajes de texto mientras conduce accidentes: Consulta gratuita<\/title>\n<meta name=\"description\" content=\"La Asociaci\u00f3n Estadounidense del Autom\u00f3vil (AAA) informa que aproximadamente el 50% de todos los adolescentes en los Estados Unidos env\u00edan mensajes de\" \/>\n<meta name=\"robots\" content=\"index, follow, max-snippet:-1, max-image-preview:large, max-video-preview:-1\" \/>\n<link rel=\"canonical\" href=\"https:\/\/thehometownlawyers.com\/es\/preguntas-frecuentes\/mantenerse-a-salvo-de-enviar-mensajes-de-texto-mientras-conduce-accidentes\/\" \/>\n<meta property=\"og:locale\" content=\"es_MX\" \/>\n<meta property=\"og:type\" content=\"article\" \/>\n<meta property=\"og:title\" content=\"Mantenerse a salvo de enviar mensajes de texto mientras conduce accidentes: Consulta gratuita\" \/>\n<meta property=\"og:description\" content=\"La Asociaci\u00f3n Estadounidense del Autom\u00f3vil (AAA) informa que aproximadamente el 50% de todos los adolescentes en los Estados Unidos env\u00edan mensajes de\" \/>\n<meta property=\"og:url\" content=\"https:\/\/thehometownlawyers.com\/es\/preguntas-frecuentes\/mantenerse-a-salvo-de-enviar-mensajes-de-texto-mientras-conduce-accidentes\/\" \/>\n<meta property=\"og:site_name\" content=\"Kruger &amp; Hodges Abogados De Lesiones\" \/>\n<meta property=\"article:publisher\" content=\"https:\/\/www.facebook.com\/KrugerHodges\/\" \/>\n<meta property=\"article:modified_time\" content=\"2025-01-31T16:26:53+00:00\" \/>\n<meta property=\"og:image\" content=\"https:\/\/thehometownlawyers.com\/wp-content\/uploads\/2020\/02\/Texting-while-driving-.jpg\" \/>\n\t<meta property=\"og:image:width\" content=\"640\" \/>\n\t<meta property=\"og:image:height\" content=\"427\" \/>\n\t<meta property=\"og:image:type\" content=\"image\/jpeg\" \/>\n<meta name=\"twitter:card\" content=\"summary_large_image\" \/>\n<meta name=\"twitter:label1\" content=\"Tiempo de lectura\" \/>\n\t<meta name=\"twitter:data1\" content=\"4 minutos\" \/>\n<script type=\"application\/ld+json\" class=\"yoast-schema-graph\">{\"@context\":\"https:\\\/\\\/schema.org\",\"@graph\":[{\"@type\":\"WebPage\",\"@id\":\"https:\\\/\\\/thehometownlawyers.com\\\/es\\\/preguntas-frecuentes\\\/mantenerse-a-salvo-de-enviar-mensajes-de-texto-mientras-conduce-accidentes\\\/\",\"url\":\"https:\\\/\\\/thehometownlawyers.com\\\/es\\\/preguntas-frecuentes\\\/mantenerse-a-salvo-de-enviar-mensajes-de-texto-mientras-conduce-accidentes\\\/\",\"name\":\"Mantenerse a salvo de enviar mensajes de texto mientras conduce accidentes: Consulta gratuita\",\"isPartOf\":{\"@id\":\"https:\\\/\\\/thehometownlawyers.com\\\/es\\\/#website\"},\"primaryImageOfPage\":{\"@id\":\"https:\\\/\\\/thehometownlawyers.com\\\/es\\\/preguntas-frecuentes\\\/mantenerse-a-salvo-de-enviar-mensajes-de-texto-mientras-conduce-accidentes\\\/#primaryimage\"},\"image\":{\"@id\":\"https:\\\/\\\/thehometownlawyers.com\\\/es\\\/preguntas-frecuentes\\\/mantenerse-a-salvo-de-enviar-mensajes-de-texto-mientras-conduce-accidentes\\\/#primaryimage\"},\"thumbnailUrl\":\"https:\\\/\\\/thehometownlawyers.com\\\/wp-content\\\/uploads\\\/2020\\\/02\\\/Texting-while-driving-.jpg\",\"datePublished\":\"2020-02-15T00:31:01+00:00\",\"dateModified\":\"2025-01-31T16:26:53+00:00\",\"description\":\"La Asociaci\u00f3n Estadounidense del Autom\u00f3vil (AAA) informa que aproximadamente el 50% de todos los adolescentes en los Estados Unidos env\u00edan mensajes de\",\"breadcrumb\":{\"@id\":\"https:\\\/\\\/thehometownlawyers.com\\\/es\\\/preguntas-frecuentes\\\/mantenerse-a-salvo-de-enviar-mensajes-de-texto-mientras-conduce-accidentes\\\/#breadcrumb\"},\"inLanguage\":\"es\",\"potentialAction\":[{\"@type\":\"ReadAction\",\"target\":[\"https:\\\/\\\/thehometownlawyers.com\\\/es\\\/preguntas-frecuentes\\\/mantenerse-a-salvo-de-enviar-mensajes-de-texto-mientras-conduce-accidentes\\\/\"]}]},{\"@type\":\"ImageObject\",\"inLanguage\":\"es\",\"@id\":\"https:\\\/\\\/thehometownlawyers.com\\\/es\\\/preguntas-frecuentes\\\/mantenerse-a-salvo-de-enviar-mensajes-de-texto-mientras-conduce-accidentes\\\/#primaryimage\",\"url\":\"https:\\\/\\\/thehometownlawyers.com\\\/wp-content\\\/uploads\\\/2020\\\/02\\\/Texting-while-driving-.jpg\",\"contentUrl\":\"https:\\\/\\\/thehometownlawyers.com\\\/wp-content\\\/uploads\\\/2020\\\/02\\\/Texting-while-driving-.jpg\",\"width\":640,\"height\":427,\"caption\":\"Enviar mensajes de texto mientras conduce accidentes\"},{\"@type\":\"BreadcrumbList\",\"@id\":\"https:\\\/\\\/thehometownlawyers.com\\\/es\\\/preguntas-frecuentes\\\/mantenerse-a-salvo-de-enviar-mensajes-de-texto-mientras-conduce-accidentes\\\/#breadcrumb\",\"itemListElement\":[{\"@type\":\"ListItem\",\"position\":1,\"name\":\"Home\",\"item\":\"https:\\\/\\\/thehometownlawyers.com\\\/es\\\/\"},{\"@type\":\"ListItem\",\"position\":2,\"name\":\"Preguntas Frecuentes\",\"item\":\"https:\\\/\\\/thehometownlawyers.com\\\/es\\\/preguntas-frecuentes\\\/\"},{\"@type\":\"ListItem\",\"position\":3,\"name\":\"Mantenerse a salvo de enviar mensajes de texto mientras conduce accidentes\"}]},{\"@type\":\"WebSite\",\"@id\":\"https:\\\/\\\/thehometownlawyers.com\\\/es\\\/#website\",\"url\":\"https:\\\/\\\/thehometownlawyers.com\\\/es\\\/\",\"name\":\"Kruger & Hodges Hometown Injury Lawyers | Accident Attorneys\",\"description\":\"Attorneys for Car, Truck and Motorcycle Accidents, Personal Injuries, and Criminal Defense.\",\"publisher\":{\"@id\":\"https:\\\/\\\/thehometownlawyers.com\\\/es\\\/#organization\"},\"alternateName\":\"Kruger & Hodges Personal Injury Lawyers\",\"inLanguage\":\"es\"},{\"@type\":\"Organization\",\"@id\":\"https:\\\/\\\/thehometownlawyers.com\\\/es\\\/#organization\",\"name\":\"Kruger & Hodges Hometown Injury Lawyers\",\"alternateName\":\"Kruger & Hodges Accident Attorneys\",\"url\":\"https:\\\/\\\/thehometownlawyers.com\\\/es\\\/\",\"logo\":{\"@type\":\"ImageObject\",\"inLanguage\":\"es\",\"@id\":\"https:\\\/\\\/thehometownlawyers.com\\\/es\\\/#\\\/schema\\\/logo\\\/image\\\/\",\"url\":\"https:\\\/\\\/thehometownlawyers.com\\\/wp-content\\\/uploads\\\/2025\\\/12\\\/revised-kh-logo-vertical-white-background-scaled.png\",\"contentUrl\":\"https:\\\/\\\/thehometownlawyers.com\\\/wp-content\\\/uploads\\\/2025\\\/12\\\/revised-kh-logo-vertical-white-background-scaled.png\",\"width\":2560,\"height\":1440,\"caption\":\"Kruger & Hodges Hometown Injury Lawyers\"},\"image\":{\"@id\":\"https:\\\/\\\/thehometownlawyers.com\\\/es\\\/#\\\/schema\\\/logo\\\/image\\\/\"},\"sameAs\":[\"https:\\\/\\\/www.facebook.com\\\/KrugerHodges\\\/\",\"https:\\\/\\\/www.instagram.com\\\/krugerhodges\\\/\",\"https:\\\/\\\/www.linkedin.com\\\/company\\\/kruger-hodges-hometown-injury-lawyers\\\/\",\"https:\\\/\\\/www.youtube.com\\\/channel\\\/UCeYcMaMaN2rb9jMlqt4EIdQ\",\"https:\\\/\\\/www.tiktok.com\\\/@thehometownlawyer\"]}]}<\/script>\n<!-- \/ Yoast SEO plugin. -->","yoast_head_json":{"title":"Mantenerse a salvo de enviar mensajes de texto mientras conduce accidentes: Consulta gratuita","description":"La Asociaci\u00f3n Estadounidense del Autom\u00f3vil (AAA) informa que aproximadamente el 50% de todos los adolescentes en los Estados Unidos env\u00edan mensajes de","robots":{"index":"index","follow":"follow","max-snippet":"max-snippet:-1","max-image-preview":"max-image-preview:large","max-video-preview":"max-video-preview:-1"},"canonical":"https:\/\/thehometownlawyers.com\/es\/preguntas-frecuentes\/mantenerse-a-salvo-de-enviar-mensajes-de-texto-mientras-conduce-accidentes\/","og_locale":"es_MX","og_type":"article","og_title":"Mantenerse a salvo de enviar mensajes de texto mientras conduce accidentes: Consulta gratuita","og_description":"La Asociaci\u00f3n Estadounidense del Autom\u00f3vil (AAA) informa que aproximadamente el 50% de todos los adolescentes en los Estados Unidos env\u00edan mensajes de","og_url":"https:\/\/thehometownlawyers.com\/es\/preguntas-frecuentes\/mantenerse-a-salvo-de-enviar-mensajes-de-texto-mientras-conduce-accidentes\/","og_site_name":"Kruger &amp; Hodges Abogados De Lesiones","article_publisher":"https:\/\/www.facebook.com\/KrugerHodges\/","article_modified_time":"2025-01-31T16:26:53+00:00","og_image":[{"width":640,"height":427,"url":"https:\/\/thehometownlawyers.com\/wp-content\/uploads\/2020\/02\/Texting-while-driving-.jpg","type":"image\/jpeg"}],"twitter_card":"summary_large_image","twitter_misc":{"Tiempo de lectura":"4 minutos"},"schema":{"@context":"https:\/\/schema.org","@graph":[{"@type":"WebPage","@id":"https:\/\/thehometownlawyers.com\/es\/preguntas-frecuentes\/mantenerse-a-salvo-de-enviar-mensajes-de-texto-mientras-conduce-accidentes\/","url":"https:\/\/thehometownlawyers.com\/es\/preguntas-frecuentes\/mantenerse-a-salvo-de-enviar-mensajes-de-texto-mientras-conduce-accidentes\/","name":"Mantenerse a salvo de enviar mensajes de texto mientras conduce accidentes: Consulta gratuita","isPartOf":{"@id":"https:\/\/thehometownlawyers.com\/es\/#website"},"primaryImageOfPage":{"@id":"https:\/\/thehometownlawyers.com\/es\/preguntas-frecuentes\/mantenerse-a-salvo-de-enviar-mensajes-de-texto-mientras-conduce-accidentes\/#primaryimage"},"image":{"@id":"https:\/\/thehometownlawyers.com\/es\/preguntas-frecuentes\/mantenerse-a-salvo-de-enviar-mensajes-de-texto-mientras-conduce-accidentes\/#primaryimage"},"thumbnailUrl":"https:\/\/thehometownlawyers.com\/wp-content\/uploads\/2020\/02\/Texting-while-driving-.jpg","datePublished":"2020-02-15T00:31:01+00:00","dateModified":"2025-01-31T16:26:53+00:00","description":"La Asociaci\u00f3n Estadounidense del Autom\u00f3vil (AAA) informa que aproximadamente el 50% de todos los adolescentes en los Estados Unidos env\u00edan mensajes de","breadcrumb":{"@id":"https:\/\/thehometownlawyers.com\/es\/preguntas-frecuentes\/mantenerse-a-salvo-de-enviar-mensajes-de-texto-mientras-conduce-accidentes\/#breadcrumb"},"inLanguage":"es","potentialAction":[{"@type":"ReadAction","target":["https:\/\/thehometownlawyers.com\/es\/preguntas-frecuentes\/mantenerse-a-salvo-de-enviar-mensajes-de-texto-mientras-conduce-accidentes\/"]}]},{"@type":"ImageObject","inLanguage":"es","@id":"https:\/\/thehometownlawyers.com\/es\/preguntas-frecuentes\/mantenerse-a-salvo-de-enviar-mensajes-de-texto-mientras-conduce-accidentes\/#primaryimage","url":"https:\/\/thehometownlawyers.com\/wp-content\/uploads\/2020\/02\/Texting-while-driving-.jpg","contentUrl":"https:\/\/thehometownlawyers.com\/wp-content\/uploads\/2020\/02\/Texting-while-driving-.jpg","width":640,"height":427,"caption":"Enviar mensajes de texto mientras conduce accidentes"},{"@type":"BreadcrumbList","@id":"https:\/\/thehometownlawyers.com\/es\/preguntas-frecuentes\/mantenerse-a-salvo-de-enviar-mensajes-de-texto-mientras-conduce-accidentes\/#breadcrumb","itemListElement":[{"@type":"ListItem","position":1,"name":"Home","item":"https:\/\/thehometownlawyers.com\/es\/"},{"@type":"ListItem","position":2,"name":"Preguntas Frecuentes","item":"https:\/\/thehometownlawyers.com\/es\/preguntas-frecuentes\/"},{"@type":"ListItem","position":3,"name":"Mantenerse a salvo de enviar mensajes de texto mientras conduce accidentes"}]},{"@type":"WebSite","@id":"https:\/\/thehometownlawyers.com\/es\/#website","url":"https:\/\/thehometownlawyers.com\/es\/","name":"Kruger & Hodges Hometown Injury Lawyers | Accident Attorneys","description":"Attorneys for Car, Truck and Motorcycle Accidents, Personal Injuries, and Criminal Defense.","publisher":{"@id":"https:\/\/thehometownlawyers.com\/es\/#organization"},"alternateName":"Kruger & Hodges Personal Injury Lawyers","inLanguage":"es"},{"@type":"Organization","@id":"https:\/\/thehometownlawyers.com\/es\/#organization","name":"Kruger & Hodges Hometown Injury Lawyers","alternateName":"Kruger & Hodges Accident Attorneys","url":"https:\/\/thehometownlawyers.com\/es\/","logo":{"@type":"ImageObject","inLanguage":"es","@id":"https:\/\/thehometownlawyers.com\/es\/#\/schema\/logo\/image\/","url":"https:\/\/thehometownlawyers.com\/wp-content\/uploads\/2025\/12\/revised-kh-logo-vertical-white-background-scaled.png","contentUrl":"https:\/\/thehometownlawyers.com\/wp-content\/uploads\/2025\/12\/revised-kh-logo-vertical-white-background-scaled.png","width":2560,"height":1440,"caption":"Kruger & Hodges Hometown Injury Lawyers"},"image":{"@id":"https:\/\/thehometownlawyers.com\/es\/#\/schema\/logo\/image\/"},"sameAs":["https:\/\/www.facebook.com\/KrugerHodges\/","https:\/\/www.instagram.com\/krugerhodges\/","https:\/\/www.linkedin.com\/company\/kruger-hodges-hometown-injury-lawyers\/","https:\/\/www.youtube.com\/channel\/UCeYcMaMaN2rb9jMlqt4EIdQ","https:\/\/www.tiktok.com\/@thehometownlawyer"]}]}},"_links":{"self":[{"href":"https:\/\/thehometownlawyers.com\/es\/wp-json\/wp\/v2\/pages\/21030","targetHints":{"allow":["GET"]}}],"collection":[{"href":"https:\/\/thehometownlawyers.com\/es\/wp-json\/wp\/v2\/pages"}],"about":[{"href":"https:\/\/thehometownlawyers.com\/es\/wp-json\/wp\/v2\/types\/page"}],"author":[{"embeddable":true,"href":"https:\/\/thehometownlawyers.com\/es\/wp-json\/wp\/v2\/users\/7"}],"replies":[{"embeddable":true,"href":"https:\/\/thehometownlawyers.com\/es\/wp-json\/wp\/v2\/comments?post=21030"}],"version-history":[{"count":0,"href":"https:\/\/thehometownlawyers.com\/es\/wp-json\/wp\/v2\/pages\/21030\/revisions"}],"up":[{"embeddable":true,"href":"https:\/\/thehometownlawyers.com\/es\/wp-json\/wp\/v2\/pages\/20989"}],"wp:featuredmedia":[{"embeddable":true,"href":"https:\/\/thehometownlawyers.com\/es\/wp-json\/wp\/v2\/media\/20720"}],"wp:attachment":[{"href":"https:\/\/thehometownlawyers.com\/es\/wp-json\/wp\/v2\/media?parent=21030"}],"wp:term":[{"taxonomy":"hc_faqs","embeddable":true,"href":"https:\/\/thehometownlawyers.com\/es\/wp-json\/wp\/v2\/hc_faqs?post=21030"},{"taxonomy":"hc_spanish_faqs","embeddable":true,"href":"https:\/\/thehometownlawyers.com\/es\/wp-json\/wp\/v2\/hc_spanish_faqs?post=21030"}],"curies":[{"name":"wp","href":"https:\/\/api.w.org\/{rel}","templated":true}]}}