{"id":21032,"date":"2021-09-14T20:22:19","date_gmt":"2021-09-15T00:22:19","guid":{"rendered":"https:\/\/thehometownlawyers.com\/?post_type=faq&#038;p=21032"},"modified":"2025-05-21T17:59:10","modified_gmt":"2025-05-21T21:59:10","slug":"que-sucede-si-golpeo-a-un-animal-mientras-conduzco","status":"publish","type":"page","link":"https:\/\/thehometownlawyers.com\/es\/preguntas-frecuentes\/que-sucede-si-golpeo-a-un-animal-mientras-conduzco\/","title":{"rendered":"\u00bfQu\u00e9 sucede si golpeo a un animal mientras conduzco?"},"content":{"rendered":"<p><strong>\u00bfQu\u00e9 sucede si golpeo a un animal mientras conduzco? <\/strong>Hay muchas \u00e1reas en el suroeste de Ohio donde los animales cruzan las carreteras libremente. Puede ser muy dif\u00edcil detectar animales mientras conduce, especialmente si aparecen repentinamente frente a su autom\u00f3vil por la noche. Si golpea a un animal mientras conduce, puede hablar con un <a href=\"https:\/\/thehometownlawyers.com\/es\/abogados-de-lesiones-personales-de-middletown\/\">abogado de lesiones personales<\/a> para conocer sus derechos legales y qu\u00e9 hacer en t\u00e9rminos de cobertura de seguro. Es importante conocer los diferentes escenarios que involucran accidentes con animales mientras conduce y c\u00f3mo afectar\u00e1 su cobertura de seguro.<\/p>\n<h2>\u00bfEra un animal salvaje o un animal dom\u00e9stico?<\/h2>\n<p>Los accidentes que involucran animales salvajes en la carretera se tratan de manera diferente a los que involucran animales dom\u00e9sticos. Si un accidente es causado por un animal dom\u00e9stico, entonces el due\u00f1o del animal ser\u00e1 responsable.<br \/>\nPero cuando un animal salvaje se ve involucrado en un accidente, cualquier responsabilidad y costos asociados con el accidente pueden recaer sobre el conductor del autom\u00f3vil.<\/p>\n<p class=\"rs-content-cta rs-content-cta-small\">Para una consulta legal gratuita, llame al <a href=\"tel:+15138943333\">513-894-3333 <\/a><\/p><h2>\u00bfQu\u00e9 sucede si golpeo a un animal salvaje mientras conduzco?<\/h2>\n<p>Si golpeas a un animal salvaje en el camino y nada m\u00e1s, tu compa\u00f1\u00eda de seguros cubrir\u00e1 los da\u00f1os. La cantidad que cubre la compa\u00f1\u00eda de seguros depende del tipo de seguro de autom\u00f3vil que tenga, los t\u00e9rminos de su p\u00f3liza y el tipo de da\u00f1os y lesiones causados.<\/p>\n<h2>\u00bfQu\u00e9 sucede si una colisi\u00f3n fue causada por un animal salvaje?<\/h2>\n<p>Aqu\u00ed es donde las cosas pueden complicarse un poco. Es posible que hayas tratado de evitar al animal salvaje y hayas terminado chocando contra otra cosa o, peor a\u00fan, contra otro veh\u00edculo. En tal caso, se le encontrar\u00e1 responsable del accidente y tendr\u00e1 que hacerse cargo de los costos involucrados.<br \/>\nEsto se debe a que aunque es moralmente terrible atropellar animales, la ley considera irrazonable poner en peligro la vida de otro ser humano.<\/p>\n<p class=\"rs-content-cta rs-content-cta-small\"><a href=\"\/es\/contacto\/\">Haga clic para contactar<\/a> con nuestros  abogados hoy<\/p><h2>Qu\u00e9 hacer si atropellas a un animal salvaje mientras conduces<\/h2>\n<p>Los accidentes automovil\u00edsticos que involucran animales son dif\u00edciles de predecir. Como resultado, las personas a menudo no piensan en lo que se debe hacer si han golpeado a un animal. Aqu\u00ed hay algunas cosas <a href=\"https:\/\/cluballiance.aaa.com\/the-extra-mile\/advice\/car\/you-hit-a-deer?rdl=insights.ohio.aaa.com\" target=\"_blank\" rel=\"noopener\">que debe hacer<\/a> si ha golpeado a un animal mientras conduce:<\/p>\n<ul>\n<li>Aseg\u00farese de tener un seguro de autom\u00f3vil adecuado para cubrir los da\u00f1os. Tener una buena cobertura de responsabilidad civil puede ser extremadamente \u00fatil. Esto es algo que debe hacer para estar preparado para cualquier accidente imprevisto que involucre animales.<\/li>\n<li>Si golpea a un animal mientras conduce, det\u00e9ngase a un lado y encuentre al animal. Aunque no es aconsejable acercarse a un animal salvaje, es importante comprobar si el animal era salvaje o dom\u00e9stico. Una de las formas de verificar esto es ver si el animal tiene alguna etiqueta de identificaci\u00f3n. Si el animal tiene etiquetas de identificaci\u00f3n, es probable que tenga un due\u00f1o cerca.<\/li>\n<\/ul>\n<p>Los accidentes que involucran animales pueden ser dif\u00edciles de manejar. <a href=\"https:\/\/thehometownlawyers.com\/es\/contacto\/\">Cont\u00e1ctenos<\/a> si ha atropellado a un animal mientras conduc\u00eda y obtenga una evaluaci\u00f3n gratuita de su caso.<\/p>\n<h3><em>Enlaces relacionados:<\/em><\/h3>\n<p><a href=\"https:\/\/thehometownlawyers.com\/es\/abogados-de-lesiones-personales-de-middletown\/\">Abogados de Lesiones Personales de Middletown, OH<\/a><br \/>\nAccidentes automovil\u00edsticos en Middletown<br \/>\n<a href=\"https:\/\/thehometownlawyers.com\/es\/abogados-de-lesiones-personales-de-middletown\/abogados-de-accidentes-de-motocicleta-en-middletown-ohio\/\">Accidentes de motocicleta en Middletown, OH<\/a><br \/>\nAccidentes de peatones en Middletown, OH<br \/>\nAbogados de accidentes de Uber<br \/>\n<a href=\"https:\/\/thehometownlawyers.com\/es\/abogados-de-lesiones-personales-de-middletown\/\">Accidentes de camiones en Middletown, OH<\/a><\/p>\n<p class=\"rs-content-cta rs-content-cta-small\">Llame o env\u00ede un mensaje de texto al <a href=\"tel:+15138943333\">513-894-3333<\/a> o complete una <a href=\"\/es\/contacto\/\">evaluaci\u00f3n gratuita de su caso<\/a><\/p>","protected":false},"excerpt":{"rendered":"<p>\u00bfQu\u00e9 sucede si golpeo a un animal mientras conduzco? Hay muchas \u00e1reas en el suroeste de Ohio donde los animales cruzan las carreteras libremente. Puede ser muy dif\u00edcil detectar animales mientras conduce, especialmente si aparecen repentinamente frente a su autom\u00f3vil por la noche. Si golpea a un animal mientras conduce, puede hablar con un abogado &#8230;<\/p>\n","protected":false},"author":7,"featured_media":20758,"parent":20989,"menu_order":0,"comment_status":"closed","ping_status":"closed","template":"","meta":{"_acf_changed":false,"inline_featured_image":false,"_genesis_hide_title":false,"_genesis_hide_breadcrumbs":false,"_genesis_hide_singular_image":false,"_genesis_hide_footer_widgets":false,"_genesis_custom_body_class":"","_genesis_custom_post_class":"","_genesis_layout":"","footnotes":""},"hc_faqs":[316],"hc_spanish_faqs":[],"class_list":{"0":"post-21032","1":"page","2":"type-page","3":"status-publish","4":"has-post-thumbnail","6":"hc_faqs-accidente-de-automovilismo","7":"entry"},"acf":[],"yoast_head":"<!-- This site is optimized with the Yoast SEO plugin v27.4 - https:\/\/yoast.com\/product\/yoast-seo-wordpress\/ -->\n<title>\u00bfQu\u00e9 sucede si golpeo a un animal mientras conduzco?: Consulta gratuita<\/title>\n<meta name=\"description\" content=\"Los accidentes que involucran animales pueden ser dif\u00edciles de manejar. Cont\u00e1ctenos si ha atropellado a un animal mientras conduc\u00eda y obtenga una evaluaci\u00f3n gratuita de su caso.\" \/>\n<meta name=\"robots\" content=\"index, follow, max-snippet:-1, max-image-preview:large, max-video-preview:-1\" \/>\n<link rel=\"canonical\" href=\"https:\/\/thehometownlawyers.com\/es\/preguntas-frecuentes\/que-sucede-si-golpeo-a-un-animal-mientras-conduzco\/\" \/>\n<meta property=\"og:locale\" content=\"es_MX\" \/>\n<meta property=\"og:type\" content=\"article\" \/>\n<meta property=\"og:title\" content=\"\u00bfQu\u00e9 sucede si golpeo a un animal mientras conduzco?: Consulta gratuita\" \/>\n<meta property=\"og:description\" content=\"Los accidentes que involucran animales pueden ser dif\u00edciles de manejar. Cont\u00e1ctenos si ha atropellado a un animal mientras conduc\u00eda y obtenga una evaluaci\u00f3n gratuita de su caso.\" \/>\n<meta property=\"og:url\" content=\"https:\/\/thehometownlawyers.com\/es\/preguntas-frecuentes\/que-sucede-si-golpeo-a-un-animal-mientras-conduzco\/\" \/>\n<meta property=\"og:site_name\" content=\"Kruger &amp; Hodges Abogados De Lesiones\" \/>\n<meta property=\"article:publisher\" content=\"https:\/\/www.facebook.com\/KrugerHodges\/\" \/>\n<meta property=\"article:modified_time\" content=\"2025-05-21T21:59:10+00:00\" \/>\n<meta property=\"og:image\" content=\"https:\/\/thehometownlawyers.com\/wp-content\/uploads\/2020\/10\/What-Happens-If-I-Hit-An-Animal-While-Driving.jpg\" \/>\n\t<meta property=\"og:image:width\" content=\"2000\" \/>\n\t<meta property=\"og:image:height\" content=\"1333\" \/>\n\t<meta property=\"og:image:type\" content=\"image\/jpeg\" \/>\n<meta name=\"twitter:card\" content=\"summary_large_image\" \/>\n<meta name=\"twitter:label1\" content=\"Tiempo de lectura\" \/>\n\t<meta name=\"twitter:data1\" content=\"3 minutos\" \/>\n<script type=\"application\/ld+json\" class=\"yoast-schema-graph\">{\"@context\":\"https:\\\/\\\/schema.org\",\"@graph\":[{\"@type\":\"WebPage\",\"@id\":\"https:\\\/\\\/thehometownlawyers.com\\\/es\\\/preguntas-frecuentes\\\/que-sucede-si-golpeo-a-un-animal-mientras-conduzco\\\/\",\"url\":\"https:\\\/\\\/thehometownlawyers.com\\\/es\\\/preguntas-frecuentes\\\/que-sucede-si-golpeo-a-un-animal-mientras-conduzco\\\/\",\"name\":\"\u00bfQu\u00e9 sucede si golpeo a un animal mientras conduzco?: Consulta gratuita\",\"isPartOf\":{\"@id\":\"https:\\\/\\\/thehometownlawyers.com\\\/es\\\/#website\"},\"primaryImageOfPage\":{\"@id\":\"https:\\\/\\\/thehometownlawyers.com\\\/es\\\/preguntas-frecuentes\\\/que-sucede-si-golpeo-a-un-animal-mientras-conduzco\\\/#primaryimage\"},\"image\":{\"@id\":\"https:\\\/\\\/thehometownlawyers.com\\\/es\\\/preguntas-frecuentes\\\/que-sucede-si-golpeo-a-un-animal-mientras-conduzco\\\/#primaryimage\"},\"thumbnailUrl\":\"https:\\\/\\\/thehometownlawyers.com\\\/wp-content\\\/uploads\\\/2020\\\/10\\\/What-Happens-If-I-Hit-An-Animal-While-Driving.jpg\",\"datePublished\":\"2021-09-15T00:22:19+00:00\",\"dateModified\":\"2025-05-21T21:59:10+00:00\",\"description\":\"Los accidentes que involucran animales pueden ser dif\u00edciles de manejar. Cont\u00e1ctenos si ha atropellado a un animal mientras conduc\u00eda y obtenga una evaluaci\u00f3n gratuita de su caso.\",\"breadcrumb\":{\"@id\":\"https:\\\/\\\/thehometownlawyers.com\\\/es\\\/preguntas-frecuentes\\\/que-sucede-si-golpeo-a-un-animal-mientras-conduzco\\\/#breadcrumb\"},\"inLanguage\":\"es\",\"potentialAction\":[{\"@type\":\"ReadAction\",\"target\":[\"https:\\\/\\\/thehometownlawyers.com\\\/es\\\/preguntas-frecuentes\\\/que-sucede-si-golpeo-a-un-animal-mientras-conduzco\\\/\"]}]},{\"@type\":\"ImageObject\",\"inLanguage\":\"es\",\"@id\":\"https:\\\/\\\/thehometownlawyers.com\\\/es\\\/preguntas-frecuentes\\\/que-sucede-si-golpeo-a-un-animal-mientras-conduzco\\\/#primaryimage\",\"url\":\"https:\\\/\\\/thehometownlawyers.com\\\/wp-content\\\/uploads\\\/2020\\\/10\\\/What-Happens-If-I-Hit-An-Animal-While-Driving.jpg\",\"contentUrl\":\"https:\\\/\\\/thehometownlawyers.com\\\/wp-content\\\/uploads\\\/2020\\\/10\\\/What-Happens-If-I-Hit-An-Animal-While-Driving.jpg\",\"width\":2000,\"height\":1333,\"caption\":\"Se\u00f1al de advertencia de carretera para cruce de elefantes contra el tr\u00e1fico con tuk tuk, Sri Lanka\"},{\"@type\":\"BreadcrumbList\",\"@id\":\"https:\\\/\\\/thehometownlawyers.com\\\/es\\\/preguntas-frecuentes\\\/que-sucede-si-golpeo-a-un-animal-mientras-conduzco\\\/#breadcrumb\",\"itemListElement\":[{\"@type\":\"ListItem\",\"position\":1,\"name\":\"Home\",\"item\":\"https:\\\/\\\/thehometownlawyers.com\\\/es\\\/\"},{\"@type\":\"ListItem\",\"position\":2,\"name\":\"Preguntas Frecuentes\",\"item\":\"https:\\\/\\\/thehometownlawyers.com\\\/es\\\/preguntas-frecuentes\\\/\"},{\"@type\":\"ListItem\",\"position\":3,\"name\":\"\u00bfQu\u00e9 sucede si golpeo a un animal mientras conduzco?\"}]},{\"@type\":\"WebSite\",\"@id\":\"https:\\\/\\\/thehometownlawyers.com\\\/es\\\/#website\",\"url\":\"https:\\\/\\\/thehometownlawyers.com\\\/es\\\/\",\"name\":\"Kruger & Hodges Hometown Injury Lawyers | Accident Attorneys\",\"description\":\"Attorneys for Car, Truck and Motorcycle Accidents, Personal Injuries, and Criminal Defense.\",\"publisher\":{\"@id\":\"https:\\\/\\\/thehometownlawyers.com\\\/es\\\/#organization\"},\"alternateName\":\"Kruger & Hodges Personal Injury Lawyers\",\"inLanguage\":\"es\"},{\"@type\":\"Organization\",\"@id\":\"https:\\\/\\\/thehometownlawyers.com\\\/es\\\/#organization\",\"name\":\"Kruger & Hodges Hometown Injury Lawyers\",\"alternateName\":\"Kruger & Hodges\",\"url\":\"https:\\\/\\\/thehometownlawyers.com\\\/es\\\/\",\"logo\":{\"@type\":\"ImageObject\",\"inLanguage\":\"es\",\"@id\":\"https:\\\/\\\/thehometownlawyers.com\\\/es\\\/#\\\/schema\\\/logo\\\/image\\\/\",\"url\":\"https:\\\/\\\/thehometownlawyers.com\\\/wp-content\\\/uploads\\\/2025\\\/12\\\/revised-kh-logo-vertical-white-background-scaled.png\",\"contentUrl\":\"https:\\\/\\\/thehometownlawyers.com\\\/wp-content\\\/uploads\\\/2025\\\/12\\\/revised-kh-logo-vertical-white-background-scaled.png\",\"width\":2560,\"height\":1440,\"caption\":\"Kruger & Hodges Hometown Injury Lawyers\"},\"image\":{\"@id\":\"https:\\\/\\\/thehometownlawyers.com\\\/es\\\/#\\\/schema\\\/logo\\\/image\\\/\"},\"sameAs\":[\"https:\\\/\\\/www.facebook.com\\\/KrugerHodges\\\/\",\"https:\\\/\\\/www.instagram.com\\\/krugerhodges\\\/\",\"https:\\\/\\\/www.linkedin.com\\\/company\\\/kruger-hodges-hometown-injury-lawyers\\\/\",\"https:\\\/\\\/www.youtube.com\\\/channel\\\/UCeYcMaMaN2rb9jMlqt4EIdQ\",\"https:\\\/\\\/www.tiktok.com\\\/@thehometownlawyer\"]}]}<\/script>\n<!-- \/ Yoast SEO plugin. -->","yoast_head_json":{"title":"\u00bfQu\u00e9 sucede si golpeo a un animal mientras conduzco?: Consulta gratuita","description":"Los accidentes que involucran animales pueden ser dif\u00edciles de manejar. Cont\u00e1ctenos si ha atropellado a un animal mientras conduc\u00eda y obtenga una evaluaci\u00f3n gratuita de su caso.","robots":{"index":"index","follow":"follow","max-snippet":"max-snippet:-1","max-image-preview":"max-image-preview:large","max-video-preview":"max-video-preview:-1"},"canonical":"https:\/\/thehometownlawyers.com\/es\/preguntas-frecuentes\/que-sucede-si-golpeo-a-un-animal-mientras-conduzco\/","og_locale":"es_MX","og_type":"article","og_title":"\u00bfQu\u00e9 sucede si golpeo a un animal mientras conduzco?: Consulta gratuita","og_description":"Los accidentes que involucran animales pueden ser dif\u00edciles de manejar. Cont\u00e1ctenos si ha atropellado a un animal mientras conduc\u00eda y obtenga una evaluaci\u00f3n gratuita de su caso.","og_url":"https:\/\/thehometownlawyers.com\/es\/preguntas-frecuentes\/que-sucede-si-golpeo-a-un-animal-mientras-conduzco\/","og_site_name":"Kruger &amp; Hodges Abogados De Lesiones","article_publisher":"https:\/\/www.facebook.com\/KrugerHodges\/","article_modified_time":"2025-05-21T21:59:10+00:00","og_image":[{"width":2000,"height":1333,"url":"https:\/\/thehometownlawyers.com\/wp-content\/uploads\/2020\/10\/What-Happens-If-I-Hit-An-Animal-While-Driving.jpg","type":"image\/jpeg"}],"twitter_card":"summary_large_image","twitter_misc":{"Tiempo de lectura":"3 minutos"},"schema":{"@context":"https:\/\/schema.org","@graph":[{"@type":"WebPage","@id":"https:\/\/thehometownlawyers.com\/es\/preguntas-frecuentes\/que-sucede-si-golpeo-a-un-animal-mientras-conduzco\/","url":"https:\/\/thehometownlawyers.com\/es\/preguntas-frecuentes\/que-sucede-si-golpeo-a-un-animal-mientras-conduzco\/","name":"\u00bfQu\u00e9 sucede si golpeo a un animal mientras conduzco?: Consulta gratuita","isPartOf":{"@id":"https:\/\/thehometownlawyers.com\/es\/#website"},"primaryImageOfPage":{"@id":"https:\/\/thehometownlawyers.com\/es\/preguntas-frecuentes\/que-sucede-si-golpeo-a-un-animal-mientras-conduzco\/#primaryimage"},"image":{"@id":"https:\/\/thehometownlawyers.com\/es\/preguntas-frecuentes\/que-sucede-si-golpeo-a-un-animal-mientras-conduzco\/#primaryimage"},"thumbnailUrl":"https:\/\/thehometownlawyers.com\/wp-content\/uploads\/2020\/10\/What-Happens-If-I-Hit-An-Animal-While-Driving.jpg","datePublished":"2021-09-15T00:22:19+00:00","dateModified":"2025-05-21T21:59:10+00:00","description":"Los accidentes que involucran animales pueden ser dif\u00edciles de manejar. Cont\u00e1ctenos si ha atropellado a un animal mientras conduc\u00eda y obtenga una evaluaci\u00f3n gratuita de su caso.","breadcrumb":{"@id":"https:\/\/thehometownlawyers.com\/es\/preguntas-frecuentes\/que-sucede-si-golpeo-a-un-animal-mientras-conduzco\/#breadcrumb"},"inLanguage":"es","potentialAction":[{"@type":"ReadAction","target":["https:\/\/thehometownlawyers.com\/es\/preguntas-frecuentes\/que-sucede-si-golpeo-a-un-animal-mientras-conduzco\/"]}]},{"@type":"ImageObject","inLanguage":"es","@id":"https:\/\/thehometownlawyers.com\/es\/preguntas-frecuentes\/que-sucede-si-golpeo-a-un-animal-mientras-conduzco\/#primaryimage","url":"https:\/\/thehometownlawyers.com\/wp-content\/uploads\/2020\/10\/What-Happens-If-I-Hit-An-Animal-While-Driving.jpg","contentUrl":"https:\/\/thehometownlawyers.com\/wp-content\/uploads\/2020\/10\/What-Happens-If-I-Hit-An-Animal-While-Driving.jpg","width":2000,"height":1333,"caption":"Se\u00f1al de advertencia de carretera para cruce de elefantes contra el tr\u00e1fico con tuk tuk, Sri Lanka"},{"@type":"BreadcrumbList","@id":"https:\/\/thehometownlawyers.com\/es\/preguntas-frecuentes\/que-sucede-si-golpeo-a-un-animal-mientras-conduzco\/#breadcrumb","itemListElement":[{"@type":"ListItem","position":1,"name":"Home","item":"https:\/\/thehometownlawyers.com\/es\/"},{"@type":"ListItem","position":2,"name":"Preguntas Frecuentes","item":"https:\/\/thehometownlawyers.com\/es\/preguntas-frecuentes\/"},{"@type":"ListItem","position":3,"name":"\u00bfQu\u00e9 sucede si golpeo a un animal mientras conduzco?"}]},{"@type":"WebSite","@id":"https:\/\/thehometownlawyers.com\/es\/#website","url":"https:\/\/thehometownlawyers.com\/es\/","name":"Kruger & Hodges Hometown Injury Lawyers | Accident Attorneys","description":"Attorneys for Car, Truck and Motorcycle Accidents, Personal Injuries, and Criminal Defense.","publisher":{"@id":"https:\/\/thehometownlawyers.com\/es\/#organization"},"alternateName":"Kruger & Hodges Personal Injury Lawyers","inLanguage":"es"},{"@type":"Organization","@id":"https:\/\/thehometownlawyers.com\/es\/#organization","name":"Kruger & Hodges Hometown Injury Lawyers","alternateName":"Kruger & Hodges","url":"https:\/\/thehometownlawyers.com\/es\/","logo":{"@type":"ImageObject","inLanguage":"es","@id":"https:\/\/thehometownlawyers.com\/es\/#\/schema\/logo\/image\/","url":"https:\/\/thehometownlawyers.com\/wp-content\/uploads\/2025\/12\/revised-kh-logo-vertical-white-background-scaled.png","contentUrl":"https:\/\/thehometownlawyers.com\/wp-content\/uploads\/2025\/12\/revised-kh-logo-vertical-white-background-scaled.png","width":2560,"height":1440,"caption":"Kruger & Hodges Hometown Injury Lawyers"},"image":{"@id":"https:\/\/thehometownlawyers.com\/es\/#\/schema\/logo\/image\/"},"sameAs":["https:\/\/www.facebook.com\/KrugerHodges\/","https:\/\/www.instagram.com\/krugerhodges\/","https:\/\/www.linkedin.com\/company\/kruger-hodges-hometown-injury-lawyers\/","https:\/\/www.youtube.com\/channel\/UCeYcMaMaN2rb9jMlqt4EIdQ","https:\/\/www.tiktok.com\/@thehometownlawyer"]}]}},"_links":{"self":[{"href":"https:\/\/thehometownlawyers.com\/es\/wp-json\/wp\/v2\/pages\/21032","targetHints":{"allow":["GET"]}}],"collection":[{"href":"https:\/\/thehometownlawyers.com\/es\/wp-json\/wp\/v2\/pages"}],"about":[{"href":"https:\/\/thehometownlawyers.com\/es\/wp-json\/wp\/v2\/types\/page"}],"author":[{"embeddable":true,"href":"https:\/\/thehometownlawyers.com\/es\/wp-json\/wp\/v2\/users\/7"}],"replies":[{"embeddable":true,"href":"https:\/\/thehometownlawyers.com\/es\/wp-json\/wp\/v2\/comments?post=21032"}],"version-history":[{"count":0,"href":"https:\/\/thehometownlawyers.com\/es\/wp-json\/wp\/v2\/pages\/21032\/revisions"}],"up":[{"embeddable":true,"href":"https:\/\/thehometownlawyers.com\/es\/wp-json\/wp\/v2\/pages\/20989"}],"wp:featuredmedia":[{"embeddable":true,"href":"https:\/\/thehometownlawyers.com\/es\/wp-json\/wp\/v2\/media\/20758"}],"wp:attachment":[{"href":"https:\/\/thehometownlawyers.com\/es\/wp-json\/wp\/v2\/media?parent=21032"}],"wp:term":[{"taxonomy":"hc_faqs","embeddable":true,"href":"https:\/\/thehometownlawyers.com\/es\/wp-json\/wp\/v2\/hc_faqs?post=21032"},{"taxonomy":"hc_spanish_faqs","embeddable":true,"href":"https:\/\/thehometownlawyers.com\/es\/wp-json\/wp\/v2\/hc_spanish_faqs?post=21032"}],"curies":[{"name":"wp","href":"https:\/\/api.w.org\/{rel}","templated":true}]}}