{"id":21033,"date":"2020-11-12T21:19:47","date_gmt":"2020-11-13T02:19:47","guid":{"rendered":"https:\/\/thehometownlawyers.com\/?post_type=faq&#038;p=21033"},"modified":"2025-02-06T10:10:57","modified_gmt":"2025-02-06T15:10:57","slug":"en-que-se-diferencian-los-accidentes-de-semirremolques-de-los-accidentes-automovilisticos","status":"publish","type":"page","link":"https:\/\/thehometownlawyers.com\/es\/preguntas-frecuentes\/en-que-se-diferencian-los-accidentes-de-semirremolques-de-los-accidentes-automovilisticos\/","title":{"rendered":"\u00bfEn qu\u00e9 se diferencian los accidentes de semirremolques de los accidentes automovil\u00edsticos?"},"content":{"rendered":"<p><strong>\u00bfEn qu\u00e9 se diferencian los accidentes de semirremolques de los accidentes automovil\u00edsticos?<\/strong> Hay seis diferencias clave en la forma en que se manejan los accidentes automovil\u00edsticos de pasajeros y los accidentes que involucran veh\u00edculos motorizados comerciales en Eaton, OH. A continuaci\u00f3n se revisan algunas de las diferencias m\u00e1s significativas entre estos dos tipos principales de accidentes automovil\u00edsticos.<\/p>\n<h2>Los accidentes de semirremolques a menudo resultan en da\u00f1os m\u00e1s sustanciales<\/h2>\n<p>Si bien los accidentes de veh\u00edculos de pasajeros pueden ser graves, los accidentes de camiones casi siempre son devastadores. Las lesiones son una ocurrencia com\u00fan en los accidentes de camiones, y las muertes son m\u00e1s probables. Adem\u00e1s, <a href=\"https:\/\/thehometownlawyers.com\/es\/abogados-de-lesiones-personales-en-eaton-ohio\/\">el da\u00f1o f\u00edsico que<\/a> sufren las personas y la propiedad en accidentes de camiones suele ser m\u00e1s duradero o permanente. El tama\u00f1o y el peso considerables significan que cuando un semirremolque choca contra otro veh\u00edculo u objeto, lo hace con una gran cantidad de fuerza. <a href=\"https:\/\/policyadvice.net\/insurance\/insights\/truck-accident-statistics\/\" target=\"_blank\" rel=\"noopener\">Los datos muestran<\/a> que el 75% de todos los accidentes fatales de veh\u00edculos de pasajeros involucran un cami\u00f3n grande.<\/p>\n<p class=\"rs-content-cta rs-content-cta-small\">Para una consulta legal gratuita, llame al <a href=\"tel:+15138943333\">513-894-3333 <\/a><\/p><h2>Las empresas de camiones se preparan para los accidentes<\/h2>\n<p>Cuando se trata de grandes camiones comerciales y semirremolques, puede haber varias partes que compartan la responsabilidad. Estos incluyen m\u00faltiples aseguradoras, empleados de la compa\u00f1\u00eda y otras partes involucradas que pueden compartir la responsabilidad por los da\u00f1os resultantes. Adem\u00e1s, los transportistas y los conductores de camiones casi siempre est\u00e1n mejor preparados que los veh\u00edculos de pasajeros para posibles litigios. <a href=\"https:\/\/thehometownlawyers.com\/es\/\">Los abogados de accidentes de camiones se<\/a> enfocan en minimizar la gravedad de los accidentes y conocen varias estrategias para negar la responsabilidad por los da\u00f1os que busca.<\/p>\n<p>En una nota estrechamente relacionada, los camiones comerciales casi siempre tienen p\u00f3lizas de seguro mucho m\u00e1s grandes que las que tienen los veh\u00edculos de pasajeros. En su mayor parte, la cobertura de esta magnitud es necesaria debido al da\u00f1o sustancial que pueden causar los accidentes de camiones. Las p\u00f3lizas de seguros comerciales a menudo valen millones de d\u00f3lares. No sorprende, entonces, que las compa\u00f1\u00edas de camiones a menudo pongan a sus ajustadores de seguros m\u00e1s experimentados en el caso. Estos ajustadores utilizan varias t\u00e1cticas para echar la culpa a la otra parte. Las compa\u00f1\u00edas de camiones y sus proveedores de seguros a menudo ofrecen a las v\u00edctimas de accidentes una cantidad de dinero con la esperanza de que los convenza de llegar a un acuerdo r\u00e1pidamente, incluso cuando esa cantidad no es suficiente para cubrir todos sus da\u00f1os.<\/p>\n<h2>Las causas de los accidentes de semirremolques pueden diferir de los accidentes automovil\u00edsticos<\/h2>\n<p>Otra diferencia sustancial entre los accidentes de camiones y los choques que involucran veh\u00edculos de pasajeros es que a menudo es m\u00e1s dif\u00edcil evaluar la causa de los accidentes de camiones. Los accidentes automovil\u00edsticos a menudo son el resultado del error de un solo conductor, como operar un veh\u00edculo mientras est\u00e1 distra\u00eddo o acelera , pero los accidentes de camiones a menudo se deben, al menos en parte, al tama\u00f1o gigantesco del cami\u00f3n y la incapacidad de los camiones para girar o detenerse r\u00e1pidamente. Otro factor com\u00fan en los accidentes de camiones es que la falla o los defectos del equipo pueden dar lugar a demandas contra los fabricantes de camiones. Es responsabilidad tanto de los conductores de camiones como de las empresas de camiones realizar el mantenimiento y la inspecci\u00f3n de rutina de los veh\u00edculos.<\/p>\n<p class=\"rs-content-cta rs-content-cta-small\"><a href=\"\/es\/contacto\/\">Haga clic para contactar<\/a> con nuestros  abogados hoy<\/p><h2>Los accidentes automovil\u00edsticos suelen ser menos complicados que los accidentes con camiones<\/h2>\n<p>Analizar la causa, as\u00ed como los hallazgos de negligencia y responsabilidad, suele ser m\u00e1s desafiante despu\u00e9s de un accidente de cami\u00f3n. Muchas v\u00edctimas de accidentes de camiones intentan resolver el caso por su cuenta. Pero con demasiada frecuencia no se han preparado para luchar por la m\u00e1xima compensaci\u00f3n posible.<\/p>\n<p class=\"rs-content-cta rs-content-cta-small\">Complete una <a href=\"\/es\/contacto\/\">evaluaci\u00f3n gratuita de su caso<\/a> ahora<\/p><h2>M\u00e1s lesiones graves en accidentes de semirremolques que en accidentes automovil\u00edsticos<\/h2>\n<p>Los accidentes de camiones son casi siempre m\u00e1s devastadores cuando se trata de las lesiones sufridas por las v\u00edctimas. Esto se debe a que el tama\u00f1o y el peso gigantescos de los camiones en comparaci\u00f3n con los veh\u00edculos de pasajeros provocan muchos m\u00e1s da\u00f1os. Las v\u00edctimas de accidentes de camiones corren un riesgo mucho mayor de sufrir lesiones graves y discapacidades duraderas. <a href=\"https:\/\/thehometownlawyers.com\/es\/\">Las lesiones cerebrales traum\u00e1ticas<\/a> , la p\u00e9rdida de extremidades, las quemaduras graves y otros da\u00f1os duraderos son sucesos comunes cuando ocurren accidentes de camiones.<\/p>\n<h2>Tambi\u00e9n se aplican las leyes de camiones comerciales<\/h2>\n<p>Cuando ocurren accidentes automovil\u00edsticos, estos asuntos a menudo giran predominantemente en torno a las leyes de Ohio y los precedentes del caso. Sin embargo, en el caso de accidentes de camiones, las regulaciones federales tambi\u00e9n juegan un papel. Esto se debe a que los est\u00e1ndares de camiones creados por la <a href=\"https:\/\/www.fmcsa.dot.gov\/\" target=\"_blank\" rel=\"noopener\">Administraci\u00f3n Federal de Seguridad de Motores<\/a> dictan c\u00f3mo se deben operar los camiones para que los conductores y otras personas en la carretera puedan permanecer seguros. Estas regulaciones incluyen cosas como reglas de horas de servicio que dictan cu\u00e1nto tiempo y con qu\u00e9 frecuencia puede operar un conductor comercial.<\/p>\n<h2>Comun\u00edquese con un abogado de accidentes de semirremolques de Eaton, Ohio<\/h2>\n<p>Las secuelas de los accidentes de camiones pueden dejar a las v\u00edctimas en Eaton sin saber c\u00f3mo proceder. Uno de los mejores pasos que puede tomar es contratar de inmediato la asistencia de un abogado experto en accidentes. No dude en ponerse en contacto con Kruger &amp; Hodges en nuestras <a href=\"https:\/\/thehometownlawyers.com\/es\/contacto\/\">oficinas legales de Eaton, OH<\/a> hoy.<\/p>\n<p class=\"rs-content-cta rs-content-cta-small\">Llame o env\u00ede un mensaje de texto al <a href=\"tel:+15138943333\">513-894-3333<\/a> o complete una <a href=\"\/es\/contacto\/\">evaluaci\u00f3n gratuita de su caso<\/a><\/p>","protected":false},"excerpt":{"rendered":"<p>\u00bfEn qu\u00e9 se diferencian los accidentes de semirremolques de los accidentes automovil\u00edsticos? Hay seis diferencias clave en la forma en que se manejan los accidentes automovil\u00edsticos de pasajeros y los accidentes que involucran veh\u00edculos motorizados comerciales en Eaton, OH. A continuaci\u00f3n se revisan algunas de las diferencias m\u00e1s significativas entre estos dos tipos principales de &#8230;<\/p>\n","protected":false},"author":7,"featured_media":26252,"parent":20989,"menu_order":0,"comment_status":"closed","ping_status":"closed","template":"","meta":{"_acf_changed":false,"inline_featured_image":false,"_genesis_hide_title":false,"_genesis_hide_breadcrumbs":false,"_genesis_hide_singular_image":false,"_genesis_hide_footer_widgets":false,"_genesis_custom_body_class":"","_genesis_custom_post_class":"","_genesis_layout":"","footnotes":""},"hc_faqs":[325],"hc_spanish_faqs":[],"class_list":{"0":"post-21033","1":"page","2":"type-page","3":"status-publish","4":"has-post-thumbnail","6":"hc_faqs-accidente-de-camion","7":"entry"},"acf":[],"yoast_head":"<!-- This site is optimized with the Yoast SEO plugin v27.4 - https:\/\/yoast.com\/product\/yoast-seo-wordpress\/ -->\n<title>\u00bfEn qu\u00e9 se diferencian los accidentes de semirremolques de los accidentes automovil\u00edsticos? Preguntas frecuentes sobre K&amp;H<\/title>\n<meta name=\"description\" content=\"\u00bfEn qu\u00e9 se diferencian los accidentes de semirremolques de los accidentes automovil\u00edsticos? Hay seis diferencias clave en la forma en que se manejan los accidentes que involucran camiones.\" \/>\n<meta name=\"robots\" content=\"index, follow, max-snippet:-1, max-image-preview:large, max-video-preview:-1\" \/>\n<link rel=\"canonical\" href=\"https:\/\/thehometownlawyers.com\/es\/preguntas-frecuentes\/en-que-se-diferencian-los-accidentes-de-semirremolques-de-los-accidentes-automovilisticos\/\" \/>\n<meta property=\"og:locale\" content=\"es_MX\" \/>\n<meta property=\"og:type\" content=\"article\" \/>\n<meta property=\"og:title\" content=\"\u00bfEn qu\u00e9 se diferencian los accidentes de semirremolques de los accidentes automovil\u00edsticos? Preguntas frecuentes sobre K&amp;H\" \/>\n<meta property=\"og:description\" content=\"\u00bfEn qu\u00e9 se diferencian los accidentes de semirremolques de los accidentes automovil\u00edsticos? Hay seis diferencias clave en la forma en que se manejan los accidentes que involucran camiones.\" \/>\n<meta property=\"og:url\" content=\"https:\/\/thehometownlawyers.com\/es\/preguntas-frecuentes\/en-que-se-diferencian-los-accidentes-de-semirremolques-de-los-accidentes-automovilisticos\/\" \/>\n<meta property=\"og:site_name\" content=\"Kruger &amp; Hodges Abogados De Lesiones\" \/>\n<meta property=\"article:publisher\" content=\"https:\/\/www.facebook.com\/KrugerHodges\/\" \/>\n<meta property=\"article:modified_time\" content=\"2025-02-06T15:10:57+00:00\" \/>\n<meta property=\"og:image\" content=\"https:\/\/thehometownlawyers.com\/wp-content\/uploads\/2019\/01\/FedEx-Truck-Accident.jpg\" \/>\n\t<meta property=\"og:image:width\" content=\"640\" \/>\n\t<meta property=\"og:image:height\" content=\"427\" \/>\n\t<meta property=\"og:image:type\" content=\"image\/jpeg\" \/>\n<meta name=\"twitter:card\" content=\"summary_large_image\" \/>\n<meta name=\"twitter:label1\" content=\"Tiempo de lectura\" \/>\n\t<meta name=\"twitter:data1\" content=\"5 minutos\" \/>\n<script type=\"application\/ld+json\" class=\"yoast-schema-graph\">{\"@context\":\"https:\\\/\\\/schema.org\",\"@graph\":[{\"@type\":\"WebPage\",\"@id\":\"https:\\\/\\\/thehometownlawyers.com\\\/es\\\/preguntas-frecuentes\\\/en-que-se-diferencian-los-accidentes-de-semirremolques-de-los-accidentes-automovilisticos\\\/\",\"url\":\"https:\\\/\\\/thehometownlawyers.com\\\/es\\\/preguntas-frecuentes\\\/en-que-se-diferencian-los-accidentes-de-semirremolques-de-los-accidentes-automovilisticos\\\/\",\"name\":\"\u00bfEn qu\u00e9 se diferencian los accidentes de semirremolques de los accidentes automovil\u00edsticos? Preguntas frecuentes sobre K&H\",\"isPartOf\":{\"@id\":\"https:\\\/\\\/thehometownlawyers.com\\\/es\\\/#website\"},\"primaryImageOfPage\":{\"@id\":\"https:\\\/\\\/thehometownlawyers.com\\\/es\\\/preguntas-frecuentes\\\/en-que-se-diferencian-los-accidentes-de-semirremolques-de-los-accidentes-automovilisticos\\\/#primaryimage\"},\"image\":{\"@id\":\"https:\\\/\\\/thehometownlawyers.com\\\/es\\\/preguntas-frecuentes\\\/en-que-se-diferencian-los-accidentes-de-semirremolques-de-los-accidentes-automovilisticos\\\/#primaryimage\"},\"thumbnailUrl\":\"https:\\\/\\\/thehometownlawyers.com\\\/wp-content\\\/uploads\\\/2026\\\/01\\\/Six-Reasons-Semi-Truck-Accidents-Are-Different-from-Car-Crashes.jpg\",\"datePublished\":\"2020-11-13T02:19:47+00:00\",\"dateModified\":\"2025-02-06T15:10:57+00:00\",\"description\":\"\u00bfEn qu\u00e9 se diferencian los accidentes de semirremolques de los accidentes automovil\u00edsticos? Hay seis diferencias clave en la forma en que se manejan los accidentes que involucran camiones.\",\"breadcrumb\":{\"@id\":\"https:\\\/\\\/thehometownlawyers.com\\\/es\\\/preguntas-frecuentes\\\/en-que-se-diferencian-los-accidentes-de-semirremolques-de-los-accidentes-automovilisticos\\\/#breadcrumb\"},\"inLanguage\":\"es\",\"potentialAction\":[{\"@type\":\"ReadAction\",\"target\":[\"https:\\\/\\\/thehometownlawyers.com\\\/es\\\/preguntas-frecuentes\\\/en-que-se-diferencian-los-accidentes-de-semirremolques-de-los-accidentes-automovilisticos\\\/\"]}]},{\"@type\":\"ImageObject\",\"inLanguage\":\"es\",\"@id\":\"https:\\\/\\\/thehometownlawyers.com\\\/es\\\/preguntas-frecuentes\\\/en-que-se-diferencian-los-accidentes-de-semirremolques-de-los-accidentes-automovilisticos\\\/#primaryimage\",\"url\":\"https:\\\/\\\/thehometownlawyers.com\\\/wp-content\\\/uploads\\\/2026\\\/01\\\/Six-Reasons-Semi-Truck-Accidents-Are-Different-from-Car-Crashes.jpg\",\"contentUrl\":\"https:\\\/\\\/thehometownlawyers.com\\\/wp-content\\\/uploads\\\/2026\\\/01\\\/Six-Reasons-Semi-Truck-Accidents-Are-Different-from-Car-Crashes.jpg\",\"width\":1200,\"height\":800,\"caption\":\"Six Reasons Semi-Truck Accidents Are Different from Car Crashes\"},{\"@type\":\"BreadcrumbList\",\"@id\":\"https:\\\/\\\/thehometownlawyers.com\\\/es\\\/preguntas-frecuentes\\\/en-que-se-diferencian-los-accidentes-de-semirremolques-de-los-accidentes-automovilisticos\\\/#breadcrumb\",\"itemListElement\":[{\"@type\":\"ListItem\",\"position\":1,\"name\":\"Home\",\"item\":\"https:\\\/\\\/thehometownlawyers.com\\\/es\\\/\"},{\"@type\":\"ListItem\",\"position\":2,\"name\":\"Preguntas Frecuentes\",\"item\":\"https:\\\/\\\/thehometownlawyers.com\\\/es\\\/preguntas-frecuentes\\\/\"},{\"@type\":\"ListItem\",\"position\":3,\"name\":\"\u00bfEn qu\u00e9 se diferencian los accidentes de semirremolques de los accidentes automovil\u00edsticos?\"}]},{\"@type\":\"WebSite\",\"@id\":\"https:\\\/\\\/thehometownlawyers.com\\\/es\\\/#website\",\"url\":\"https:\\\/\\\/thehometownlawyers.com\\\/es\\\/\",\"name\":\"Kruger & Hodges Hometown Injury Lawyers | Accident Attorneys\",\"description\":\"Attorneys for Car, Truck and Motorcycle Accidents, Personal Injuries, and Criminal Defense.\",\"publisher\":{\"@id\":\"https:\\\/\\\/thehometownlawyers.com\\\/es\\\/#organization\"},\"alternateName\":\"Kruger & Hodges Personal Injury Lawyers\",\"inLanguage\":\"es\"},{\"@type\":\"Organization\",\"@id\":\"https:\\\/\\\/thehometownlawyers.com\\\/es\\\/#organization\",\"name\":\"Kruger & Hodges Hometown Injury Lawyers\",\"alternateName\":\"Kruger & Hodges\",\"url\":\"https:\\\/\\\/thehometownlawyers.com\\\/es\\\/\",\"logo\":{\"@type\":\"ImageObject\",\"inLanguage\":\"es\",\"@id\":\"https:\\\/\\\/thehometownlawyers.com\\\/es\\\/#\\\/schema\\\/logo\\\/image\\\/\",\"url\":\"https:\\\/\\\/thehometownlawyers.com\\\/wp-content\\\/uploads\\\/2025\\\/12\\\/revised-kh-logo-vertical-white-background-scaled.png\",\"contentUrl\":\"https:\\\/\\\/thehometownlawyers.com\\\/wp-content\\\/uploads\\\/2025\\\/12\\\/revised-kh-logo-vertical-white-background-scaled.png\",\"width\":2560,\"height\":1440,\"caption\":\"Kruger & Hodges Hometown Injury Lawyers\"},\"image\":{\"@id\":\"https:\\\/\\\/thehometownlawyers.com\\\/es\\\/#\\\/schema\\\/logo\\\/image\\\/\"},\"sameAs\":[\"https:\\\/\\\/www.facebook.com\\\/KrugerHodges\\\/\",\"https:\\\/\\\/www.instagram.com\\\/krugerhodges\\\/\",\"https:\\\/\\\/www.linkedin.com\\\/company\\\/kruger-hodges-hometown-injury-lawyers\\\/\",\"https:\\\/\\\/www.youtube.com\\\/channel\\\/UCeYcMaMaN2rb9jMlqt4EIdQ\",\"https:\\\/\\\/www.tiktok.com\\\/@thehometownlawyer\"]}]}<\/script>\n<!-- \/ Yoast SEO plugin. -->","yoast_head_json":{"title":"\u00bfEn qu\u00e9 se diferencian los accidentes de semirremolques de los accidentes automovil\u00edsticos? Preguntas frecuentes sobre K&H","description":"\u00bfEn qu\u00e9 se diferencian los accidentes de semirremolques de los accidentes automovil\u00edsticos? Hay seis diferencias clave en la forma en que se manejan los accidentes que involucran camiones.","robots":{"index":"index","follow":"follow","max-snippet":"max-snippet:-1","max-image-preview":"max-image-preview:large","max-video-preview":"max-video-preview:-1"},"canonical":"https:\/\/thehometownlawyers.com\/es\/preguntas-frecuentes\/en-que-se-diferencian-los-accidentes-de-semirremolques-de-los-accidentes-automovilisticos\/","og_locale":"es_MX","og_type":"article","og_title":"\u00bfEn qu\u00e9 se diferencian los accidentes de semirremolques de los accidentes automovil\u00edsticos? Preguntas frecuentes sobre K&H","og_description":"\u00bfEn qu\u00e9 se diferencian los accidentes de semirremolques de los accidentes automovil\u00edsticos? Hay seis diferencias clave en la forma en que se manejan los accidentes que involucran camiones.","og_url":"https:\/\/thehometownlawyers.com\/es\/preguntas-frecuentes\/en-que-se-diferencian-los-accidentes-de-semirremolques-de-los-accidentes-automovilisticos\/","og_site_name":"Kruger &amp; Hodges Abogados De Lesiones","article_publisher":"https:\/\/www.facebook.com\/KrugerHodges\/","article_modified_time":"2025-02-06T15:10:57+00:00","og_image":[{"width":640,"height":427,"url":"https:\/\/thehometownlawyers.com\/wp-content\/uploads\/2019\/01\/FedEx-Truck-Accident.jpg","type":"image\/jpeg"}],"twitter_card":"summary_large_image","twitter_misc":{"Tiempo de lectura":"5 minutos"},"schema":{"@context":"https:\/\/schema.org","@graph":[{"@type":"WebPage","@id":"https:\/\/thehometownlawyers.com\/es\/preguntas-frecuentes\/en-que-se-diferencian-los-accidentes-de-semirremolques-de-los-accidentes-automovilisticos\/","url":"https:\/\/thehometownlawyers.com\/es\/preguntas-frecuentes\/en-que-se-diferencian-los-accidentes-de-semirremolques-de-los-accidentes-automovilisticos\/","name":"\u00bfEn qu\u00e9 se diferencian los accidentes de semirremolques de los accidentes automovil\u00edsticos? Preguntas frecuentes sobre K&H","isPartOf":{"@id":"https:\/\/thehometownlawyers.com\/es\/#website"},"primaryImageOfPage":{"@id":"https:\/\/thehometownlawyers.com\/es\/preguntas-frecuentes\/en-que-se-diferencian-los-accidentes-de-semirremolques-de-los-accidentes-automovilisticos\/#primaryimage"},"image":{"@id":"https:\/\/thehometownlawyers.com\/es\/preguntas-frecuentes\/en-que-se-diferencian-los-accidentes-de-semirremolques-de-los-accidentes-automovilisticos\/#primaryimage"},"thumbnailUrl":"https:\/\/thehometownlawyers.com\/wp-content\/uploads\/2026\/01\/Six-Reasons-Semi-Truck-Accidents-Are-Different-from-Car-Crashes.jpg","datePublished":"2020-11-13T02:19:47+00:00","dateModified":"2025-02-06T15:10:57+00:00","description":"\u00bfEn qu\u00e9 se diferencian los accidentes de semirremolques de los accidentes automovil\u00edsticos? Hay seis diferencias clave en la forma en que se manejan los accidentes que involucran camiones.","breadcrumb":{"@id":"https:\/\/thehometownlawyers.com\/es\/preguntas-frecuentes\/en-que-se-diferencian-los-accidentes-de-semirremolques-de-los-accidentes-automovilisticos\/#breadcrumb"},"inLanguage":"es","potentialAction":[{"@type":"ReadAction","target":["https:\/\/thehometownlawyers.com\/es\/preguntas-frecuentes\/en-que-se-diferencian-los-accidentes-de-semirremolques-de-los-accidentes-automovilisticos\/"]}]},{"@type":"ImageObject","inLanguage":"es","@id":"https:\/\/thehometownlawyers.com\/es\/preguntas-frecuentes\/en-que-se-diferencian-los-accidentes-de-semirremolques-de-los-accidentes-automovilisticos\/#primaryimage","url":"https:\/\/thehometownlawyers.com\/wp-content\/uploads\/2026\/01\/Six-Reasons-Semi-Truck-Accidents-Are-Different-from-Car-Crashes.jpg","contentUrl":"https:\/\/thehometownlawyers.com\/wp-content\/uploads\/2026\/01\/Six-Reasons-Semi-Truck-Accidents-Are-Different-from-Car-Crashes.jpg","width":1200,"height":800,"caption":"Six Reasons Semi-Truck Accidents Are Different from Car Crashes"},{"@type":"BreadcrumbList","@id":"https:\/\/thehometownlawyers.com\/es\/preguntas-frecuentes\/en-que-se-diferencian-los-accidentes-de-semirremolques-de-los-accidentes-automovilisticos\/#breadcrumb","itemListElement":[{"@type":"ListItem","position":1,"name":"Home","item":"https:\/\/thehometownlawyers.com\/es\/"},{"@type":"ListItem","position":2,"name":"Preguntas Frecuentes","item":"https:\/\/thehometownlawyers.com\/es\/preguntas-frecuentes\/"},{"@type":"ListItem","position":3,"name":"\u00bfEn qu\u00e9 se diferencian los accidentes de semirremolques de los accidentes automovil\u00edsticos?"}]},{"@type":"WebSite","@id":"https:\/\/thehometownlawyers.com\/es\/#website","url":"https:\/\/thehometownlawyers.com\/es\/","name":"Kruger & Hodges Hometown Injury Lawyers | Accident Attorneys","description":"Attorneys for Car, Truck and Motorcycle Accidents, Personal Injuries, and Criminal Defense.","publisher":{"@id":"https:\/\/thehometownlawyers.com\/es\/#organization"},"alternateName":"Kruger & Hodges Personal Injury Lawyers","inLanguage":"es"},{"@type":"Organization","@id":"https:\/\/thehometownlawyers.com\/es\/#organization","name":"Kruger & Hodges Hometown Injury Lawyers","alternateName":"Kruger & Hodges","url":"https:\/\/thehometownlawyers.com\/es\/","logo":{"@type":"ImageObject","inLanguage":"es","@id":"https:\/\/thehometownlawyers.com\/es\/#\/schema\/logo\/image\/","url":"https:\/\/thehometownlawyers.com\/wp-content\/uploads\/2025\/12\/revised-kh-logo-vertical-white-background-scaled.png","contentUrl":"https:\/\/thehometownlawyers.com\/wp-content\/uploads\/2025\/12\/revised-kh-logo-vertical-white-background-scaled.png","width":2560,"height":1440,"caption":"Kruger & Hodges Hometown Injury Lawyers"},"image":{"@id":"https:\/\/thehometownlawyers.com\/es\/#\/schema\/logo\/image\/"},"sameAs":["https:\/\/www.facebook.com\/KrugerHodges\/","https:\/\/www.instagram.com\/krugerhodges\/","https:\/\/www.linkedin.com\/company\/kruger-hodges-hometown-injury-lawyers\/","https:\/\/www.youtube.com\/channel\/UCeYcMaMaN2rb9jMlqt4EIdQ","https:\/\/www.tiktok.com\/@thehometownlawyer"]}]}},"_links":{"self":[{"href":"https:\/\/thehometownlawyers.com\/es\/wp-json\/wp\/v2\/pages\/21033","targetHints":{"allow":["GET"]}}],"collection":[{"href":"https:\/\/thehometownlawyers.com\/es\/wp-json\/wp\/v2\/pages"}],"about":[{"href":"https:\/\/thehometownlawyers.com\/es\/wp-json\/wp\/v2\/types\/page"}],"author":[{"embeddable":true,"href":"https:\/\/thehometownlawyers.com\/es\/wp-json\/wp\/v2\/users\/7"}],"replies":[{"embeddable":true,"href":"https:\/\/thehometownlawyers.com\/es\/wp-json\/wp\/v2\/comments?post=21033"}],"version-history":[{"count":0,"href":"https:\/\/thehometownlawyers.com\/es\/wp-json\/wp\/v2\/pages\/21033\/revisions"}],"up":[{"embeddable":true,"href":"https:\/\/thehometownlawyers.com\/es\/wp-json\/wp\/v2\/pages\/20989"}],"wp:featuredmedia":[{"embeddable":true,"href":"https:\/\/thehometownlawyers.com\/es\/wp-json\/wp\/v2\/media\/26252"}],"wp:attachment":[{"href":"https:\/\/thehometownlawyers.com\/es\/wp-json\/wp\/v2\/media?parent=21033"}],"wp:term":[{"taxonomy":"hc_faqs","embeddable":true,"href":"https:\/\/thehometownlawyers.com\/es\/wp-json\/wp\/v2\/hc_faqs?post=21033"},{"taxonomy":"hc_spanish_faqs","embeddable":true,"href":"https:\/\/thehometownlawyers.com\/es\/wp-json\/wp\/v2\/hc_spanish_faqs?post=21033"}],"curies":[{"name":"wp","href":"https:\/\/api.w.org\/{rel}","templated":true}]}}