{"id":21034,"date":"2018-07-10T15:25:31","date_gmt":"2018-07-10T19:25:31","guid":{"rendered":"https:\/\/thehometownlawyers.com\/?post_type=faq&#038;p=21034"},"modified":"2025-02-27T17:13:53","modified_gmt":"2025-02-27T22:13:53","slug":"que-hacer-despues-de-un-accidente-automovilistico","status":"publish","type":"page","link":"https:\/\/thehometownlawyers.com\/es\/preguntas-frecuentes\/que-hacer-despues-de-un-accidente-automovilistico\/","title":{"rendered":"Qu\u00e9 hacer despu\u00e9s de un accidente automovil\u00edstico"},"content":{"rendered":"<p>La Patrulla de Carreteras del Estado de Ohio informa que, en lo que va de 2018, ha habido 532 accidentes automovil\u00edsticos con muertes. Tambi\u00e9n hay muchos accidentes automovil\u00edsticos cada a\u00f1o en Ohio que dejan a los conductores y pasajeros gravemente heridos y abrumados por la ansiedad, la conmoci\u00f3n y otras emociones que dificultan determinar c\u00f3mo reaccionar adecuadamente. Al aprender a responder en estas situaciones, puede asegurarse de reaccionar correctamente a pesar de las numerosas emociones que tambi\u00e9n podr\u00eda estar experimentando. Esta publicaci\u00f3n revisar\u00e1 siete de las cosas esenciales que debe recordar hacer despu\u00e9s de un accidente automovil\u00edstico.<\/p>\n<h2>1. Aseg\u00farese de que todos est\u00e9n seguros<\/h2>\n<p>Si est\u00e1 involucrado en un accidente automovil\u00edstico, debe asegurarse de inmediato de que todos los que est\u00e1n en su veh\u00edculo, as\u00ed como cualquier otra persona que pueda haber estado involucrada en el accidente, est\u00e9n a salvo. Incluso si no cree que alguien haya resultado herido, a menudo es una buena idea ponerse en contacto con los trabajadores de emergencia que pueden evaluar a las v\u00edctimas de accidentes porque no todas las lesiones se notan de inmediato.<\/p>\n<p class=\"rs-content-cta rs-content-cta-small\">Para una consulta legal gratuita, llame al <a href=\"tel:+15138943333\">513-894-3333 <\/a><\/p><h2>2. Proteger la Escena del Accidente<\/h2>\n<p>Siempre que sea seguro hacerlo, mueva su veh\u00edculo a un \u00e1rea donde sea poco probable que sea golpeado por otros autos. Si esto es imposible de hacer, debe encender las luces de emergencia del veh\u00edculo para notificar a los conductores cercanos sobre la posibilidad de accidentes. Es fundamental que nadie involucrado en el accidente termine interponi\u00e9ndose en el camino del tr\u00e1fico, ya que esto podr\u00eda empeorar la situaci\u00f3n.<\/p>\n<h2>3. P\u00f3ngase en contacto con la polic\u00eda<\/h2>\n<p>Incluso si nadie result\u00f3 gravemente herido en el accidente, sigue siendo una buena idea ponerse en contacto con la polic\u00eda para que puedan crear un informe sobre c\u00f3mo ocurri\u00f3 el accidente. Estos documentos mostrar\u00e1n c\u00f3mo ocurri\u00f3 el accidente, lo que puede resultar invaluable si el caso termina siendo manejado por una compa\u00f1\u00eda de seguros o en un tribunal de justicia.<\/p>\n<p class=\"rs-content-cta rs-content-cta-small\"><a href=\"\/es\/contacto\/\">Haga clic para contactar<\/a> con nuestros  abogados hoy<\/p><h2>4. Documentar el Accidente<\/h2>\n<p>Es una buena idea tomar notas sobre c\u00f3mo ocurri\u00f3 el accidente. Hoy en d\u00eda, muchas personas llevan tel\u00e9fonos celulares equipados con c\u00e1maras, que pueden usarse para documentar la escena del accidente y sus lesiones f\u00edsicas. Adem\u00e1s de fotografiar la escena del accidente, tambi\u00e9n debe registrar cualquier informaci\u00f3n de contacto de los testigos que podr\u00edan haber visto ocurrir el accidente.<\/p>\n<p class=\"rs-content-cta rs-content-cta-small\">Complete una <a href=\"\/es\/contacto\/\">evaluaci\u00f3n gratuita de su caso<\/a> ahora<\/p><h2>5. Mantenga un archivo organizado<\/h2>\n<p>Lleva un archivo con toda la informaci\u00f3n, documentaci\u00f3n, fotos, etc. de tu accidente y las lesiones resultantes. Estos deben incluir una copia del informe policial, el n\u00famero de reclamo del seguro, la informaci\u00f3n de contacto de los testigos y la informaci\u00f3n de contacto de cualquier otra persona involucrada en el accidente.<\/p>\n<h2>6. Hable con un abogado experimentado en accidentes automovil\u00edsticos<\/h2>\n<p>Si usted o un ser querido est\u00e1 involucrado en un accidente automovil\u00edstico, no debe dudar en hablar con un abogado con experiencia en accidentes automovil\u00edsticos que permanecer\u00e1 comprometido con la protecci\u00f3n de sus derechos. En Kruger &amp; Hodges, hemos ayudado a muchas personas que se han visto afectadas por accidentes automovil\u00edsticos y comprendemos lo que se necesita para asegurarnos de que su caso se resuelva de la mejor manera posible. <a href=\"https:\/\/thehometownlawyers.com\/es\/contacto\/\">P\u00f3ngase en contacto con nuestra oficina de abogados<\/a> hoy para obtener ayuda.<\/p>\n<p class=\"rs-content-cta rs-content-cta-small\">Llame o env\u00ede un mensaje de texto al <a href=\"tel:+15138943333\">513-894-3333<\/a> o complete una <a href=\"\/es\/contacto\/\">evaluaci\u00f3n gratuita de su caso<\/a><\/p>","protected":false},"excerpt":{"rendered":"<p>Tambi\u00e9n hay muchos accidentes automovil\u00edsticos cada a\u00f1o en Ohio que dejan a los conductores y pasajeros gravemente heridos y abrumados por la ansiedad, la conmoci\u00f3n y otras emociones que dificultan determinar c\u00f3mo reaccionar adecuadamente. <\/p>\n","protected":false},"author":7,"featured_media":24763,"parent":20989,"menu_order":0,"comment_status":"closed","ping_status":"closed","template":"","meta":{"_acf_changed":false,"inline_featured_image":false,"_genesis_hide_title":false,"_genesis_hide_breadcrumbs":false,"_genesis_hide_singular_image":false,"_genesis_hide_footer_widgets":false,"_genesis_custom_body_class":"","_genesis_custom_post_class":"","_genesis_layout":"","footnotes":""},"hc_faqs":[316],"hc_spanish_faqs":[],"class_list":{"0":"post-21034","1":"page","2":"type-page","3":"status-publish","4":"has-post-thumbnail","6":"hc_faqs-accidente-de-automovilismo","7":"entry"},"acf":[],"yoast_head":"<!-- This site is optimized with the Yoast SEO plugin v27.4 - https:\/\/yoast.com\/product\/yoast-seo-wordpress\/ -->\n<title>Qu\u00e9 hacer despu\u00e9s de un accidente automovil\u00edstico: Consulta gratuita<\/title>\n<meta name=\"description\" content=\"\u00bfTuvo un accidente? Siga estos pasos clave y consulte con Kruger &amp; Hodges. \u00a1Consulta gratis!\" \/>\n<meta name=\"robots\" content=\"index, follow, max-snippet:-1, max-image-preview:large, max-video-preview:-1\" \/>\n<link rel=\"canonical\" href=\"https:\/\/thehometownlawyers.com\/es\/preguntas-frecuentes\/que-hacer-despues-de-un-accidente-automovilistico\/\" \/>\n<meta property=\"og:locale\" content=\"es_MX\" \/>\n<meta property=\"og:type\" content=\"article\" \/>\n<meta property=\"og:title\" content=\"Qu\u00e9 hacer despu\u00e9s de un accidente automovil\u00edstico: Consulta gratuita\" \/>\n<meta property=\"og:description\" content=\"\u00bfTuvo un accidente? Siga estos pasos clave y consulte con Kruger &amp; Hodges. \u00a1Consulta gratis!\" \/>\n<meta property=\"og:url\" content=\"https:\/\/thehometownlawyers.com\/es\/preguntas-frecuentes\/que-hacer-despues-de-un-accidente-automovilistico\/\" \/>\n<meta property=\"og:site_name\" content=\"Kruger &amp; Hodges Abogados De Lesiones\" \/>\n<meta property=\"article:publisher\" content=\"https:\/\/www.facebook.com\/KrugerHodges\/\" \/>\n<meta property=\"article:modified_time\" content=\"2025-02-27T22:13:53+00:00\" \/>\n<meta property=\"og:image\" content=\"https:\/\/thehometownlawyers.com\/wp-content\/uploads\/2020\/01\/iStock-466327320.jpg\" \/>\n\t<meta property=\"og:image:width\" content=\"2048\" \/>\n\t<meta property=\"og:image:height\" content=\"1368\" \/>\n\t<meta property=\"og:image:type\" content=\"image\/jpeg\" \/>\n<meta name=\"twitter:card\" content=\"summary_large_image\" \/>\n<meta name=\"twitter:label1\" content=\"Tiempo de lectura\" \/>\n\t<meta name=\"twitter:data1\" content=\"3 minutos\" \/>\n<script type=\"application\/ld+json\" class=\"yoast-schema-graph\">{\"@context\":\"https:\\\/\\\/schema.org\",\"@graph\":[{\"@type\":\"WebPage\",\"@id\":\"https:\\\/\\\/thehometownlawyers.com\\\/es\\\/preguntas-frecuentes\\\/que-hacer-despues-de-un-accidente-automovilistico\\\/\",\"url\":\"https:\\\/\\\/thehometownlawyers.com\\\/es\\\/preguntas-frecuentes\\\/que-hacer-despues-de-un-accidente-automovilistico\\\/\",\"name\":\"Qu\u00e9 hacer despu\u00e9s de un accidente automovil\u00edstico: Consulta gratuita\",\"isPartOf\":{\"@id\":\"https:\\\/\\\/thehometownlawyers.com\\\/es\\\/#website\"},\"primaryImageOfPage\":{\"@id\":\"https:\\\/\\\/thehometownlawyers.com\\\/es\\\/preguntas-frecuentes\\\/que-hacer-despues-de-un-accidente-automovilistico\\\/#primaryimage\"},\"image\":{\"@id\":\"https:\\\/\\\/thehometownlawyers.com\\\/es\\\/preguntas-frecuentes\\\/que-hacer-despues-de-un-accidente-automovilistico\\\/#primaryimage\"},\"thumbnailUrl\":\"https:\\\/\\\/thehometownlawyers.com\\\/wp-content\\\/uploads\\\/2025\\\/03\\\/what-to-do-after-a-car-crash.jpg\",\"datePublished\":\"2018-07-10T19:25:31+00:00\",\"dateModified\":\"2025-02-27T22:13:53+00:00\",\"description\":\"\u00bfTuvo un accidente? Siga estos pasos clave y consulte con Kruger & Hodges. \u00a1Consulta gratis!\",\"breadcrumb\":{\"@id\":\"https:\\\/\\\/thehometownlawyers.com\\\/es\\\/preguntas-frecuentes\\\/que-hacer-despues-de-un-accidente-automovilistico\\\/#breadcrumb\"},\"inLanguage\":\"es\",\"potentialAction\":[{\"@type\":\"ReadAction\",\"target\":[\"https:\\\/\\\/thehometownlawyers.com\\\/es\\\/preguntas-frecuentes\\\/que-hacer-despues-de-un-accidente-automovilistico\\\/\"]}]},{\"@type\":\"ImageObject\",\"inLanguage\":\"es\",\"@id\":\"https:\\\/\\\/thehometownlawyers.com\\\/es\\\/preguntas-frecuentes\\\/que-hacer-despues-de-un-accidente-automovilistico\\\/#primaryimage\",\"url\":\"https:\\\/\\\/thehometownlawyers.com\\\/wp-content\\\/uploads\\\/2025\\\/03\\\/what-to-do-after-a-car-crash.jpg\",\"contentUrl\":\"https:\\\/\\\/thehometownlawyers.com\\\/wp-content\\\/uploads\\\/2025\\\/03\\\/what-to-do-after-a-car-crash.jpg\",\"width\":736,\"height\":490,\"caption\":\"What to do After a Car Crash\"},{\"@type\":\"BreadcrumbList\",\"@id\":\"https:\\\/\\\/thehometownlawyers.com\\\/es\\\/preguntas-frecuentes\\\/que-hacer-despues-de-un-accidente-automovilistico\\\/#breadcrumb\",\"itemListElement\":[{\"@type\":\"ListItem\",\"position\":1,\"name\":\"Home\",\"item\":\"https:\\\/\\\/thehometownlawyers.com\\\/es\\\/\"},{\"@type\":\"ListItem\",\"position\":2,\"name\":\"Preguntas Frecuentes\",\"item\":\"https:\\\/\\\/thehometownlawyers.com\\\/es\\\/preguntas-frecuentes\\\/\"},{\"@type\":\"ListItem\",\"position\":3,\"name\":\"Qu\u00e9 hacer despu\u00e9s de un accidente automovil\u00edstico\"}]},{\"@type\":\"WebSite\",\"@id\":\"https:\\\/\\\/thehometownlawyers.com\\\/es\\\/#website\",\"url\":\"https:\\\/\\\/thehometownlawyers.com\\\/es\\\/\",\"name\":\"Kruger & Hodges Hometown Injury Lawyers | Accident Attorneys\",\"description\":\"Attorneys for Car, Truck and Motorcycle Accidents, Personal Injuries, and Criminal Defense.\",\"publisher\":{\"@id\":\"https:\\\/\\\/thehometownlawyers.com\\\/es\\\/#organization\"},\"alternateName\":\"Kruger & Hodges Personal Injury Lawyers\",\"inLanguage\":\"es\"},{\"@type\":\"Organization\",\"@id\":\"https:\\\/\\\/thehometownlawyers.com\\\/es\\\/#organization\",\"name\":\"Kruger & Hodges Hometown Injury Lawyers\",\"alternateName\":\"Kruger & Hodges\",\"url\":\"https:\\\/\\\/thehometownlawyers.com\\\/es\\\/\",\"logo\":{\"@type\":\"ImageObject\",\"inLanguage\":\"es\",\"@id\":\"https:\\\/\\\/thehometownlawyers.com\\\/es\\\/#\\\/schema\\\/logo\\\/image\\\/\",\"url\":\"https:\\\/\\\/thehometownlawyers.com\\\/wp-content\\\/uploads\\\/2025\\\/12\\\/revised-kh-logo-vertical-white-background-scaled.png\",\"contentUrl\":\"https:\\\/\\\/thehometownlawyers.com\\\/wp-content\\\/uploads\\\/2025\\\/12\\\/revised-kh-logo-vertical-white-background-scaled.png\",\"width\":2560,\"height\":1440,\"caption\":\"Kruger & Hodges Hometown Injury Lawyers\"},\"image\":{\"@id\":\"https:\\\/\\\/thehometownlawyers.com\\\/es\\\/#\\\/schema\\\/logo\\\/image\\\/\"},\"sameAs\":[\"https:\\\/\\\/www.facebook.com\\\/KrugerHodges\\\/\",\"https:\\\/\\\/www.instagram.com\\\/krugerhodges\\\/\",\"https:\\\/\\\/www.linkedin.com\\\/company\\\/kruger-hodges-hometown-injury-lawyers\\\/\",\"https:\\\/\\\/www.youtube.com\\\/channel\\\/UCeYcMaMaN2rb9jMlqt4EIdQ\",\"https:\\\/\\\/www.tiktok.com\\\/@thehometownlawyer\"]}]}<\/script>\n<!-- \/ Yoast SEO plugin. -->","yoast_head_json":{"title":"Qu\u00e9 hacer despu\u00e9s de un accidente automovil\u00edstico: Consulta gratuita","description":"\u00bfTuvo un accidente? Siga estos pasos clave y consulte con Kruger & Hodges. \u00a1Consulta gratis!","robots":{"index":"index","follow":"follow","max-snippet":"max-snippet:-1","max-image-preview":"max-image-preview:large","max-video-preview":"max-video-preview:-1"},"canonical":"https:\/\/thehometownlawyers.com\/es\/preguntas-frecuentes\/que-hacer-despues-de-un-accidente-automovilistico\/","og_locale":"es_MX","og_type":"article","og_title":"Qu\u00e9 hacer despu\u00e9s de un accidente automovil\u00edstico: Consulta gratuita","og_description":"\u00bfTuvo un accidente? Siga estos pasos clave y consulte con Kruger & Hodges. \u00a1Consulta gratis!","og_url":"https:\/\/thehometownlawyers.com\/es\/preguntas-frecuentes\/que-hacer-despues-de-un-accidente-automovilistico\/","og_site_name":"Kruger &amp; Hodges Abogados De Lesiones","article_publisher":"https:\/\/www.facebook.com\/KrugerHodges\/","article_modified_time":"2025-02-27T22:13:53+00:00","og_image":[{"width":2048,"height":1368,"url":"https:\/\/thehometownlawyers.com\/wp-content\/uploads\/2020\/01\/iStock-466327320.jpg","type":"image\/jpeg"}],"twitter_card":"summary_large_image","twitter_misc":{"Tiempo de lectura":"3 minutos"},"schema":{"@context":"https:\/\/schema.org","@graph":[{"@type":"WebPage","@id":"https:\/\/thehometownlawyers.com\/es\/preguntas-frecuentes\/que-hacer-despues-de-un-accidente-automovilistico\/","url":"https:\/\/thehometownlawyers.com\/es\/preguntas-frecuentes\/que-hacer-despues-de-un-accidente-automovilistico\/","name":"Qu\u00e9 hacer despu\u00e9s de un accidente automovil\u00edstico: Consulta gratuita","isPartOf":{"@id":"https:\/\/thehometownlawyers.com\/es\/#website"},"primaryImageOfPage":{"@id":"https:\/\/thehometownlawyers.com\/es\/preguntas-frecuentes\/que-hacer-despues-de-un-accidente-automovilistico\/#primaryimage"},"image":{"@id":"https:\/\/thehometownlawyers.com\/es\/preguntas-frecuentes\/que-hacer-despues-de-un-accidente-automovilistico\/#primaryimage"},"thumbnailUrl":"https:\/\/thehometownlawyers.com\/wp-content\/uploads\/2025\/03\/what-to-do-after-a-car-crash.jpg","datePublished":"2018-07-10T19:25:31+00:00","dateModified":"2025-02-27T22:13:53+00:00","description":"\u00bfTuvo un accidente? Siga estos pasos clave y consulte con Kruger & Hodges. \u00a1Consulta gratis!","breadcrumb":{"@id":"https:\/\/thehometownlawyers.com\/es\/preguntas-frecuentes\/que-hacer-despues-de-un-accidente-automovilistico\/#breadcrumb"},"inLanguage":"es","potentialAction":[{"@type":"ReadAction","target":["https:\/\/thehometownlawyers.com\/es\/preguntas-frecuentes\/que-hacer-despues-de-un-accidente-automovilistico\/"]}]},{"@type":"ImageObject","inLanguage":"es","@id":"https:\/\/thehometownlawyers.com\/es\/preguntas-frecuentes\/que-hacer-despues-de-un-accidente-automovilistico\/#primaryimage","url":"https:\/\/thehometownlawyers.com\/wp-content\/uploads\/2025\/03\/what-to-do-after-a-car-crash.jpg","contentUrl":"https:\/\/thehometownlawyers.com\/wp-content\/uploads\/2025\/03\/what-to-do-after-a-car-crash.jpg","width":736,"height":490,"caption":"What to do After a Car Crash"},{"@type":"BreadcrumbList","@id":"https:\/\/thehometownlawyers.com\/es\/preguntas-frecuentes\/que-hacer-despues-de-un-accidente-automovilistico\/#breadcrumb","itemListElement":[{"@type":"ListItem","position":1,"name":"Home","item":"https:\/\/thehometownlawyers.com\/es\/"},{"@type":"ListItem","position":2,"name":"Preguntas Frecuentes","item":"https:\/\/thehometownlawyers.com\/es\/preguntas-frecuentes\/"},{"@type":"ListItem","position":3,"name":"Qu\u00e9 hacer despu\u00e9s de un accidente automovil\u00edstico"}]},{"@type":"WebSite","@id":"https:\/\/thehometownlawyers.com\/es\/#website","url":"https:\/\/thehometownlawyers.com\/es\/","name":"Kruger & Hodges Hometown Injury Lawyers | Accident Attorneys","description":"Attorneys for Car, Truck and Motorcycle Accidents, Personal Injuries, and Criminal Defense.","publisher":{"@id":"https:\/\/thehometownlawyers.com\/es\/#organization"},"alternateName":"Kruger & Hodges Personal Injury Lawyers","inLanguage":"es"},{"@type":"Organization","@id":"https:\/\/thehometownlawyers.com\/es\/#organization","name":"Kruger & Hodges Hometown Injury Lawyers","alternateName":"Kruger & Hodges","url":"https:\/\/thehometownlawyers.com\/es\/","logo":{"@type":"ImageObject","inLanguage":"es","@id":"https:\/\/thehometownlawyers.com\/es\/#\/schema\/logo\/image\/","url":"https:\/\/thehometownlawyers.com\/wp-content\/uploads\/2025\/12\/revised-kh-logo-vertical-white-background-scaled.png","contentUrl":"https:\/\/thehometownlawyers.com\/wp-content\/uploads\/2025\/12\/revised-kh-logo-vertical-white-background-scaled.png","width":2560,"height":1440,"caption":"Kruger & Hodges Hometown Injury Lawyers"},"image":{"@id":"https:\/\/thehometownlawyers.com\/es\/#\/schema\/logo\/image\/"},"sameAs":["https:\/\/www.facebook.com\/KrugerHodges\/","https:\/\/www.instagram.com\/krugerhodges\/","https:\/\/www.linkedin.com\/company\/kruger-hodges-hometown-injury-lawyers\/","https:\/\/www.youtube.com\/channel\/UCeYcMaMaN2rb9jMlqt4EIdQ","https:\/\/www.tiktok.com\/@thehometownlawyer"]}]}},"_links":{"self":[{"href":"https:\/\/thehometownlawyers.com\/es\/wp-json\/wp\/v2\/pages\/21034","targetHints":{"allow":["GET"]}}],"collection":[{"href":"https:\/\/thehometownlawyers.com\/es\/wp-json\/wp\/v2\/pages"}],"about":[{"href":"https:\/\/thehometownlawyers.com\/es\/wp-json\/wp\/v2\/types\/page"}],"author":[{"embeddable":true,"href":"https:\/\/thehometownlawyers.com\/es\/wp-json\/wp\/v2\/users\/7"}],"replies":[{"embeddable":true,"href":"https:\/\/thehometownlawyers.com\/es\/wp-json\/wp\/v2\/comments?post=21034"}],"version-history":[{"count":0,"href":"https:\/\/thehometownlawyers.com\/es\/wp-json\/wp\/v2\/pages\/21034\/revisions"}],"up":[{"embeddable":true,"href":"https:\/\/thehometownlawyers.com\/es\/wp-json\/wp\/v2\/pages\/20989"}],"wp:featuredmedia":[{"embeddable":true,"href":"https:\/\/thehometownlawyers.com\/es\/wp-json\/wp\/v2\/media\/24763"}],"wp:attachment":[{"href":"https:\/\/thehometownlawyers.com\/es\/wp-json\/wp\/v2\/media?parent=21034"}],"wp:term":[{"taxonomy":"hc_faqs","embeddable":true,"href":"https:\/\/thehometownlawyers.com\/es\/wp-json\/wp\/v2\/hc_faqs?post=21034"},{"taxonomy":"hc_spanish_faqs","embeddable":true,"href":"https:\/\/thehometownlawyers.com\/es\/wp-json\/wp\/v2\/hc_spanish_faqs?post=21034"}],"curies":[{"name":"wp","href":"https:\/\/api.w.org\/{rel}","templated":true}]}}