{"id":21035,"date":"2019-10-11T14:37:50","date_gmt":"2019-10-11T18:37:50","guid":{"rendered":"https:\/\/thehometownlawyers.com\/?post_type=faq&#038;p=21035"},"modified":"2025-03-24T12:56:00","modified_gmt":"2025-03-24T16:56:00","slug":"accidentes-de-puntos-fijos-de-automoviles-en-ohio-por-que-son-tan-mortales","status":"publish","type":"page","link":"https:\/\/thehometownlawyers.com\/es\/preguntas-frecuentes\/accidentes-de-puntos-fijos-de-automoviles-en-ohio-por-que-son-tan-mortales\/","title":{"rendered":"Accidentes de puntos fijos de autom\u00f3viles en Ohio: por qu\u00e9 son tan mortales"},"content":{"rendered":"<p><a href=\"http:\/\/www.dot.state.oh.us\/Divisions\/Planning\/ProgramManagement\/HighwaySafety\/HSIP\/Shared%20Documents\/Annual%20Percentages%20by%20Type%202010-2014.pdf\" target=\"_blank\" rel=\"noopener\">Las estad\u00edsticas<\/a> compiladas por el Departamento de Transporte de Ohio revelan que entre 2010 y 2014, aproximadamente el 17 % de todos los accidentes automovil\u00edsticos involucraron objetos fijos.<\/p>\n<p>Si est\u00e1 involucrado en un accidente de un solo veh\u00edculo en el que choca con un punto fijo, es probable que termine siendo responsable. Esto significa que si usted es due\u00f1o de su veh\u00edculo, es probable que la cobertura de colisi\u00f3n del veh\u00edculo pague el costo de reparar el da\u00f1o. Esto es ventajoso porque cuando un veh\u00edculo golpea un punto fijo como un poste de luz, un buz\u00f3n o un \u00e1rbol, puede causar una cantidad sustancial de da\u00f1os tanto al veh\u00edculo como al automovilista.<\/p>\n<h2>La naturaleza devastadora de los accidentes de punto fijo<\/h2>\n<p>Cuando ocurren accidentes automovil\u00edsticos de punto fijo, un veh\u00edculo a menudo golpea el objeto estacionario de frente. El da\u00f1o puede ser mucho peor si la colisi\u00f3n ocurre incluso ligeramente descentrada. Esto se debe a que, durante una colisi\u00f3n, el veh\u00edculo se detiene repentinamente, pero el cuerpo del automovilista contin\u00faa avanzando hasta que entra en contacto con un objeto que absorbe la mayor parte de esta fuerza.<\/p>\n<p>Afortunadamente, tanto las bolsas de aire como los cinturones de seguridad ayudan a amortiguar la severidad de este movimiento hacia adelante. En los peores accidentes de punto fijo, los cinturones de seguridad se pueden desabrochar debido a la fuerza sustancial y, en algunos casos, un veh\u00edculo podr\u00eda incluso salir disparado del objeto y hacia la carretera, donde el autom\u00f3vil puede golpear objetos adicionales.<\/p>\n<p class=\"rs-content-cta rs-content-cta-small\">Para una consulta legal gratuita, llame al <a href=\"tel:+15138943333\">513-894-3333 <\/a><\/p><h2>Lesiones com\u00fanmente causadas por accidentes automovil\u00edsticos en puntos fijos<\/h2>\n<p>Los accidentes con objetos estacionarios com\u00fanmente causan lesiones graves. Algunas de las lesiones m\u00e1s comunes que se sabe que ocurren por accidentes con objetos fijos incluyen:<\/p>\n<ul>\n<li>Huesos rotos<\/li>\n<li>Contusiones<\/li>\n<li>quemaduras<\/li>\n<li>Cortes y laceraciones<\/li>\n<li>lesiones de cadera<\/li>\n<li>Lesiones de rodilla y pierna<\/li>\n<li>lesiones en el cuello<\/li>\n<li>extremidades cortadas<\/li>\n<li>Lesiones de la m\u00e9dula espinal<\/li>\n<li><a href=\"https:\/\/www.mayoclinic.org\/diseases-conditions\/traumatic-brain-injury\/symptoms-causes\/syc-20378557\" target=\"_blank\" rel=\"noopener\">Lesiones cerebrales traum\u00e1ticas<\/a><\/li>\n<\/ul>\n<p>Todas estas lesiones pueden hacer que las personas enfrenten complicaciones sustanciales que duran el resto de sus vidas.<\/p>\n<h2>Puede ser dif\u00edcil obtener una compensaci\u00f3n<\/h2>\n<p>Para empeorar las cosas, los conductores que est\u00e1n involucrados en accidentes de punto fijo a menudo tienen dificultades para obtener una compensaci\u00f3n por las lesiones resultantes. Si bien puede parecer que un conductor claramente tuvo la culpa de chocar contra un punto fijo, hay situaciones en las que un conductor no tiene la culpa de chocar con un objeto estacionario. Un conductor podr\u00eda haberse desviado para evitar chocar con un animal en la carretera o un conductor ebrio y termin\u00f3 chocando contra un punto fijo. Un conductor tambi\u00e9n podr\u00eda haber chocado contra un objeto que apareci\u00f3 en el suelo de repente. En muchas de estas situaciones, sin embargo, puede resultar dif\u00edcil reunir las pruebas necesarias para establecer que otra persona fue responsable de su accidente.<\/p>\n<p class=\"rs-content-cta rs-content-cta-small\"><a href=\"\/es\/contacto\/\">Haga clic para contactar<\/a> con nuestros  abogados hoy<\/p><h2>Las Causas Comunes de Accidentes de Objetos Estacionarios<\/h2>\n<p>Si est\u00e1 involucrado en un accidente automovil\u00edstico de objeto fijo, es probable que su compa\u00f1\u00eda de seguros intente responsabilizarlo por el accidente. Sin embargo, hay situaciones en las que una colisi\u00f3n con un objeto de punto fijo podr\u00eda no ser su responsabilidad. Al reconocer las causas comunes de los accidentes con objetos estacionarios, tambi\u00e9n puede comenzar a tomar medidas de precauci\u00f3n para asegurarse de no terminar en uno de estos accidentes. Algunas de las causas m\u00e1s comunes de accidentes de punto fijo incluyen:<\/p>\n<ul>\n<li>Partes de autom\u00f3viles que no funcionan correctamente y causan que los conductores golpeen puntos fijos<\/li>\n<li>Empresas constructoras que dejan escombros en la v\u00eda<\/li>\n<li>Ramas de \u00e1rboles que caen repentinamente debido a negligencia en el mantenimiento del \u00e1rbol<\/li>\n<li>Veh\u00edculos que est\u00e1n estacionados ilegalmente y obstruyen la vista del conductor<\/li>\n<\/ul>\n<p class=\"rs-content-cta rs-content-cta-small\">Complete una <a href=\"\/es\/contacto\/\">evaluaci\u00f3n gratuita de su caso<\/a> ahora<\/p><h2>Formas de evitar un accidente de punto fijo<\/h2>\n<p>Aunque los accidentes de punto fijo suelen ser mortales, se pueden utilizar numerosas estrategias para reducir el riesgo de verse involucrado en uno. Uno de los mejores pasos preliminares a seguir es evitar estar cerca de objetos fijos por completo. Muchas veces, la mala planificaci\u00f3n est\u00e1 involucrada en estos accidentes. Algunas de las otras estrategias que pueden reducir el riesgo de terminar en un objeto de punto fijo incluyen:<\/p>\n<ul>\n<li>Evite retroceder, que es una causa com\u00fan de accidentes en puntos fijos.<\/li>\n<li>No estacione a varios pies de distancia de objetos fijos. Esto crea una probabilidad mucho mayor de que usted o alguien m\u00e1s en el camino termine chocando con el objeto.<\/li>\n<li>Preste atenci\u00f3n al operar un veh\u00edculo sin importar qu\u00e9 tan r\u00e1pido est\u00e9 viajando. Una de las causas m\u00e1s comunes de accidentes en puntos fijos son los conductores que se distraen mientras est\u00e1n en la carretera y no prestan la atenci\u00f3n adecuada a su entorno.<\/li>\n<\/ul>\n<h2>Hable con un abogado con experiencia en lesiones personales<\/h2>\n<p>Si usted o un ser querido se han visto afectados por un accidente de punto fijo, puede ser \u00fatil obtener la asistencia de un abogado con experiencia en accidentes. Comun\u00edquese con <a href=\"https:\/\/thehometownlawyers.com\/es\/contacto\/\">Kruger &amp; Hodges<\/a> hoy para programar una evaluaci\u00f3n gratuita de su caso.<\/p>\n<h3><em>Enlaces relacionados:<\/em><\/h3>\n<p><strong>Accidentes automovil\u00edsticos<\/strong><\/p>\n<p><strong><a href=\"https:\/\/thehometownlawyers.com\/es\/\">accidentes de moto<\/a><\/strong><\/p>\n<p><strong>Lesiones de la m\u00e9dula<\/strong><\/p>\n<p><strong>accidentes de tren<\/strong><\/p>\n<p><strong>Lesi\u00f3n cerebral traum\u00e1tica<\/strong><\/p>\n<p><strong><a href=\"https:\/\/thehometownlawyers.com\/es\/\">accidentes de camiones<\/a><\/strong><\/p>\n<p><strong>Muerte injusta<\/strong><\/p>\n<p><strong>Preguntas frecuentes: \u00bfDebo ir a Atenci\u00f3n de Urgencias despu\u00e9s de un accidente automovil\u00edstico?<\/strong><\/p>\n<p><a href=\"https:\/\/thehometownlawyers.com\/es\/contacto\/\">Oficina de abogados de Middletown<\/a><\/p>\n<p class=\"rs-content-cta rs-content-cta-small\">Llame o env\u00ede un mensaje de texto al <a href=\"tel:+15138943333\">513-894-3333<\/a> o complete una <a href=\"\/es\/contacto\/\">evaluaci\u00f3n gratuita de su caso<\/a><\/p>","protected":false},"excerpt":{"rendered":"<p>Las estad\u00edsticas compiladas por el Departamento de Transporte de Ohio revelan que entre 2010 y 2014, aproximadamente el 17 % de todos los accidentes automovil\u00edsticos involucraron objetos fijos. Si est\u00e1 involucrado en un accidente de un solo veh\u00edculo en el que choca con un punto fijo, es probable que termine siendo responsable. Esto significa que &#8230;<\/p>\n","protected":false},"author":7,"featured_media":24620,"parent":20989,"menu_order":0,"comment_status":"closed","ping_status":"closed","template":"","meta":{"_acf_changed":false,"inline_featured_image":false,"_genesis_hide_title":false,"_genesis_hide_breadcrumbs":false,"_genesis_hide_singular_image":false,"_genesis_hide_footer_widgets":false,"_genesis_custom_body_class":"","_genesis_custom_post_class":"","_genesis_layout":"","footnotes":""},"hc_faqs":[316],"hc_spanish_faqs":[],"class_list":{"0":"post-21035","1":"page","2":"type-page","3":"status-publish","4":"has-post-thumbnail","6":"hc_faqs-accidente-de-automovilismo","7":"entry"},"acf":[],"yoast_head":"<!-- This site is optimized with the Yoast SEO plugin v27.3 - https:\/\/yoast.com\/product\/yoast-seo-wordpress\/ -->\n<title>Accidentes de puntos fijos de autom\u00f3viles en Ohio: por qu\u00e9 son tan mortales: Consulta gratuita<\/title>\n<meta name=\"description\" content=\"Durante los accidentes automovil\u00edsticos de punto fijo, un autom\u00f3vil puede golpear el objeto estacionario de frente. El da\u00f1o puede ser peor si la colisi\u00f3n ocurre fuera del centro.\" \/>\n<meta name=\"robots\" content=\"index, follow, max-snippet:-1, max-image-preview:large, max-video-preview:-1\" \/>\n<link rel=\"canonical\" href=\"https:\/\/thehometownlawyers.com\/es\/preguntas-frecuentes\/accidentes-de-puntos-fijos-de-automoviles-en-ohio-por-que-son-tan-mortales\/\" \/>\n<meta property=\"og:locale\" content=\"es_MX\" \/>\n<meta property=\"og:type\" content=\"article\" \/>\n<meta property=\"og:title\" content=\"Accidentes de puntos fijos de autom\u00f3viles en Ohio: por qu\u00e9 son tan mortales: Consulta gratuita\" \/>\n<meta property=\"og:description\" content=\"Durante los accidentes automovil\u00edsticos de punto fijo, un autom\u00f3vil puede golpear el objeto estacionario de frente. El da\u00f1o puede ser peor si la colisi\u00f3n ocurre fuera del centro.\" \/>\n<meta property=\"og:url\" content=\"https:\/\/thehometownlawyers.com\/es\/preguntas-frecuentes\/accidentes-de-puntos-fijos-de-automoviles-en-ohio-por-que-son-tan-mortales\/\" \/>\n<meta property=\"og:site_name\" content=\"Kruger &amp; Hodges Abogados De Lesiones\" \/>\n<meta property=\"article:publisher\" content=\"https:\/\/www.facebook.com\/KrugerHodges\/\" \/>\n<meta property=\"article:modified_time\" content=\"2025-03-24T16:56:00+00:00\" \/>\n<meta property=\"og:image\" content=\"https:\/\/thehometownlawyers.com\/wp-content\/uploads\/2025\/03\/accidentes-de-puntos-fijos-de-automoviles-en-ohio-por-que-son-tan-mortales.jpg\" \/>\n\t<meta property=\"og:image:width\" content=\"768\" \/>\n\t<meta property=\"og:image:height\" content=\"512\" \/>\n\t<meta property=\"og:image:type\" content=\"image\/jpeg\" \/>\n<meta name=\"twitter:card\" content=\"summary_large_image\" \/>\n<meta name=\"twitter:label1\" content=\"Tiempo de lectura\" \/>\n\t<meta name=\"twitter:data1\" content=\"4 minutos\" \/>\n<script type=\"application\/ld+json\" class=\"yoast-schema-graph\">{\"@context\":\"https:\\\/\\\/schema.org\",\"@graph\":[{\"@type\":\"WebPage\",\"@id\":\"https:\\\/\\\/thehometownlawyers.com\\\/es\\\/preguntas-frecuentes\\\/accidentes-de-puntos-fijos-de-automoviles-en-ohio-por-que-son-tan-mortales\\\/\",\"url\":\"https:\\\/\\\/thehometownlawyers.com\\\/es\\\/preguntas-frecuentes\\\/accidentes-de-puntos-fijos-de-automoviles-en-ohio-por-que-son-tan-mortales\\\/\",\"name\":\"Accidentes de puntos fijos de autom\u00f3viles en Ohio: por qu\u00e9 son tan mortales: Consulta gratuita\",\"isPartOf\":{\"@id\":\"https:\\\/\\\/thehometownlawyers.com\\\/es\\\/#website\"},\"primaryImageOfPage\":{\"@id\":\"https:\\\/\\\/thehometownlawyers.com\\\/es\\\/preguntas-frecuentes\\\/accidentes-de-puntos-fijos-de-automoviles-en-ohio-por-que-son-tan-mortales\\\/#primaryimage\"},\"image\":{\"@id\":\"https:\\\/\\\/thehometownlawyers.com\\\/es\\\/preguntas-frecuentes\\\/accidentes-de-puntos-fijos-de-automoviles-en-ohio-por-que-son-tan-mortales\\\/#primaryimage\"},\"thumbnailUrl\":\"https:\\\/\\\/thehometownlawyers.com\\\/wp-content\\\/uploads\\\/2025\\\/03\\\/accidentes-de-puntos-fijos-de-automoviles-en-ohio-por-que-son-tan-mortales.jpg\",\"datePublished\":\"2019-10-11T18:37:50+00:00\",\"dateModified\":\"2025-03-24T16:56:00+00:00\",\"description\":\"Durante los accidentes automovil\u00edsticos de punto fijo, un autom\u00f3vil puede golpear el objeto estacionario de frente. El da\u00f1o puede ser peor si la colisi\u00f3n ocurre fuera del centro.\",\"breadcrumb\":{\"@id\":\"https:\\\/\\\/thehometownlawyers.com\\\/es\\\/preguntas-frecuentes\\\/accidentes-de-puntos-fijos-de-automoviles-en-ohio-por-que-son-tan-mortales\\\/#breadcrumb\"},\"inLanguage\":\"es\",\"potentialAction\":[{\"@type\":\"ReadAction\",\"target\":[\"https:\\\/\\\/thehometownlawyers.com\\\/es\\\/preguntas-frecuentes\\\/accidentes-de-puntos-fijos-de-automoviles-en-ohio-por-que-son-tan-mortales\\\/\"]}]},{\"@type\":\"ImageObject\",\"inLanguage\":\"es\",\"@id\":\"https:\\\/\\\/thehometownlawyers.com\\\/es\\\/preguntas-frecuentes\\\/accidentes-de-puntos-fijos-de-automoviles-en-ohio-por-que-son-tan-mortales\\\/#primaryimage\",\"url\":\"https:\\\/\\\/thehometownlawyers.com\\\/wp-content\\\/uploads\\\/2025\\\/03\\\/accidentes-de-puntos-fijos-de-automoviles-en-ohio-por-que-son-tan-mortales.jpg\",\"contentUrl\":\"https:\\\/\\\/thehometownlawyers.com\\\/wp-content\\\/uploads\\\/2025\\\/03\\\/accidentes-de-puntos-fijos-de-automoviles-en-ohio-por-que-son-tan-mortales.jpg\",\"width\":768,\"height\":512,\"caption\":\"Young woman sitting near her new car, looking ant scratch and holding cellphone, calling for help.\"},{\"@type\":\"BreadcrumbList\",\"@id\":\"https:\\\/\\\/thehometownlawyers.com\\\/es\\\/preguntas-frecuentes\\\/accidentes-de-puntos-fijos-de-automoviles-en-ohio-por-que-son-tan-mortales\\\/#breadcrumb\",\"itemListElement\":[{\"@type\":\"ListItem\",\"position\":1,\"name\":\"Home\",\"item\":\"https:\\\/\\\/thehometownlawyers.com\\\/es\\\/\"},{\"@type\":\"ListItem\",\"position\":2,\"name\":\"Preguntas Frecuentes\",\"item\":\"https:\\\/\\\/thehometownlawyers.com\\\/es\\\/preguntas-frecuentes\\\/\"},{\"@type\":\"ListItem\",\"position\":3,\"name\":\"Accidentes de puntos fijos de autom\u00f3viles en Ohio: por qu\u00e9 son tan mortales\"}]},{\"@type\":\"WebSite\",\"@id\":\"https:\\\/\\\/thehometownlawyers.com\\\/es\\\/#website\",\"url\":\"https:\\\/\\\/thehometownlawyers.com\\\/es\\\/\",\"name\":\"Kruger & Hodges Hometown Injury Lawyers | Accident Attorneys\",\"description\":\"Attorneys for Car, Truck and Motorcycle Accidents, Personal Injuries, and Criminal Defense.\",\"publisher\":{\"@id\":\"https:\\\/\\\/thehometownlawyers.com\\\/es\\\/#organization\"},\"alternateName\":\"Kruger & Hodges Personal Injury Lawyers\",\"inLanguage\":\"es\"},{\"@type\":\"Organization\",\"@id\":\"https:\\\/\\\/thehometownlawyers.com\\\/es\\\/#organization\",\"name\":\"Kruger & Hodges Hometown Injury Lawyers\",\"alternateName\":\"Kruger & Hodges\",\"url\":\"https:\\\/\\\/thehometownlawyers.com\\\/es\\\/\",\"logo\":{\"@type\":\"ImageObject\",\"inLanguage\":\"es\",\"@id\":\"https:\\\/\\\/thehometownlawyers.com\\\/es\\\/#\\\/schema\\\/logo\\\/image\\\/\",\"url\":\"https:\\\/\\\/thehometownlawyers.com\\\/wp-content\\\/uploads\\\/2025\\\/12\\\/revised-kh-logo-vertical-white-background-scaled.png\",\"contentUrl\":\"https:\\\/\\\/thehometownlawyers.com\\\/wp-content\\\/uploads\\\/2025\\\/12\\\/revised-kh-logo-vertical-white-background-scaled.png\",\"width\":2560,\"height\":1440,\"caption\":\"Kruger & Hodges Hometown Injury Lawyers\"},\"image\":{\"@id\":\"https:\\\/\\\/thehometownlawyers.com\\\/es\\\/#\\\/schema\\\/logo\\\/image\\\/\"},\"sameAs\":[\"https:\\\/\\\/www.facebook.com\\\/KrugerHodges\\\/\",\"https:\\\/\\\/www.instagram.com\\\/krugerhodges\\\/\",\"https:\\\/\\\/www.linkedin.com\\\/company\\\/kruger-hodges-hometown-injury-lawyers\\\/\",\"https:\\\/\\\/www.youtube.com\\\/channel\\\/UCeYcMaMaN2rb9jMlqt4EIdQ\",\"https:\\\/\\\/www.tiktok.com\\\/@thehometownlawyer\"]}]}<\/script>\n<!-- \/ Yoast SEO plugin. -->","yoast_head_json":{"title":"Accidentes de puntos fijos de autom\u00f3viles en Ohio: por qu\u00e9 son tan mortales: Consulta gratuita","description":"Durante los accidentes automovil\u00edsticos de punto fijo, un autom\u00f3vil puede golpear el objeto estacionario de frente. El da\u00f1o puede ser peor si la colisi\u00f3n ocurre fuera del centro.","robots":{"index":"index","follow":"follow","max-snippet":"max-snippet:-1","max-image-preview":"max-image-preview:large","max-video-preview":"max-video-preview:-1"},"canonical":"https:\/\/thehometownlawyers.com\/es\/preguntas-frecuentes\/accidentes-de-puntos-fijos-de-automoviles-en-ohio-por-que-son-tan-mortales\/","og_locale":"es_MX","og_type":"article","og_title":"Accidentes de puntos fijos de autom\u00f3viles en Ohio: por qu\u00e9 son tan mortales: Consulta gratuita","og_description":"Durante los accidentes automovil\u00edsticos de punto fijo, un autom\u00f3vil puede golpear el objeto estacionario de frente. El da\u00f1o puede ser peor si la colisi\u00f3n ocurre fuera del centro.","og_url":"https:\/\/thehometownlawyers.com\/es\/preguntas-frecuentes\/accidentes-de-puntos-fijos-de-automoviles-en-ohio-por-que-son-tan-mortales\/","og_site_name":"Kruger &amp; Hodges Abogados De Lesiones","article_publisher":"https:\/\/www.facebook.com\/KrugerHodges\/","article_modified_time":"2025-03-24T16:56:00+00:00","og_image":[{"width":768,"height":512,"url":"https:\/\/thehometownlawyers.com\/wp-content\/uploads\/2025\/03\/accidentes-de-puntos-fijos-de-automoviles-en-ohio-por-que-son-tan-mortales.jpg","type":"image\/jpeg"}],"twitter_card":"summary_large_image","twitter_misc":{"Tiempo de lectura":"4 minutos"},"schema":{"@context":"https:\/\/schema.org","@graph":[{"@type":"WebPage","@id":"https:\/\/thehometownlawyers.com\/es\/preguntas-frecuentes\/accidentes-de-puntos-fijos-de-automoviles-en-ohio-por-que-son-tan-mortales\/","url":"https:\/\/thehometownlawyers.com\/es\/preguntas-frecuentes\/accidentes-de-puntos-fijos-de-automoviles-en-ohio-por-que-son-tan-mortales\/","name":"Accidentes de puntos fijos de autom\u00f3viles en Ohio: por qu\u00e9 son tan mortales: Consulta gratuita","isPartOf":{"@id":"https:\/\/thehometownlawyers.com\/es\/#website"},"primaryImageOfPage":{"@id":"https:\/\/thehometownlawyers.com\/es\/preguntas-frecuentes\/accidentes-de-puntos-fijos-de-automoviles-en-ohio-por-que-son-tan-mortales\/#primaryimage"},"image":{"@id":"https:\/\/thehometownlawyers.com\/es\/preguntas-frecuentes\/accidentes-de-puntos-fijos-de-automoviles-en-ohio-por-que-son-tan-mortales\/#primaryimage"},"thumbnailUrl":"https:\/\/thehometownlawyers.com\/wp-content\/uploads\/2025\/03\/accidentes-de-puntos-fijos-de-automoviles-en-ohio-por-que-son-tan-mortales.jpg","datePublished":"2019-10-11T18:37:50+00:00","dateModified":"2025-03-24T16:56:00+00:00","description":"Durante los accidentes automovil\u00edsticos de punto fijo, un autom\u00f3vil puede golpear el objeto estacionario de frente. El da\u00f1o puede ser peor si la colisi\u00f3n ocurre fuera del centro.","breadcrumb":{"@id":"https:\/\/thehometownlawyers.com\/es\/preguntas-frecuentes\/accidentes-de-puntos-fijos-de-automoviles-en-ohio-por-que-son-tan-mortales\/#breadcrumb"},"inLanguage":"es","potentialAction":[{"@type":"ReadAction","target":["https:\/\/thehometownlawyers.com\/es\/preguntas-frecuentes\/accidentes-de-puntos-fijos-de-automoviles-en-ohio-por-que-son-tan-mortales\/"]}]},{"@type":"ImageObject","inLanguage":"es","@id":"https:\/\/thehometownlawyers.com\/es\/preguntas-frecuentes\/accidentes-de-puntos-fijos-de-automoviles-en-ohio-por-que-son-tan-mortales\/#primaryimage","url":"https:\/\/thehometownlawyers.com\/wp-content\/uploads\/2025\/03\/accidentes-de-puntos-fijos-de-automoviles-en-ohio-por-que-son-tan-mortales.jpg","contentUrl":"https:\/\/thehometownlawyers.com\/wp-content\/uploads\/2025\/03\/accidentes-de-puntos-fijos-de-automoviles-en-ohio-por-que-son-tan-mortales.jpg","width":768,"height":512,"caption":"Young woman sitting near her new car, looking ant scratch and holding cellphone, calling for help."},{"@type":"BreadcrumbList","@id":"https:\/\/thehometownlawyers.com\/es\/preguntas-frecuentes\/accidentes-de-puntos-fijos-de-automoviles-en-ohio-por-que-son-tan-mortales\/#breadcrumb","itemListElement":[{"@type":"ListItem","position":1,"name":"Home","item":"https:\/\/thehometownlawyers.com\/es\/"},{"@type":"ListItem","position":2,"name":"Preguntas Frecuentes","item":"https:\/\/thehometownlawyers.com\/es\/preguntas-frecuentes\/"},{"@type":"ListItem","position":3,"name":"Accidentes de puntos fijos de autom\u00f3viles en Ohio: por qu\u00e9 son tan mortales"}]},{"@type":"WebSite","@id":"https:\/\/thehometownlawyers.com\/es\/#website","url":"https:\/\/thehometownlawyers.com\/es\/","name":"Kruger & Hodges Hometown Injury Lawyers | Accident Attorneys","description":"Attorneys for Car, Truck and Motorcycle Accidents, Personal Injuries, and Criminal Defense.","publisher":{"@id":"https:\/\/thehometownlawyers.com\/es\/#organization"},"alternateName":"Kruger & Hodges Personal Injury Lawyers","inLanguage":"es"},{"@type":"Organization","@id":"https:\/\/thehometownlawyers.com\/es\/#organization","name":"Kruger & Hodges Hometown Injury Lawyers","alternateName":"Kruger & Hodges","url":"https:\/\/thehometownlawyers.com\/es\/","logo":{"@type":"ImageObject","inLanguage":"es","@id":"https:\/\/thehometownlawyers.com\/es\/#\/schema\/logo\/image\/","url":"https:\/\/thehometownlawyers.com\/wp-content\/uploads\/2025\/12\/revised-kh-logo-vertical-white-background-scaled.png","contentUrl":"https:\/\/thehometownlawyers.com\/wp-content\/uploads\/2025\/12\/revised-kh-logo-vertical-white-background-scaled.png","width":2560,"height":1440,"caption":"Kruger & Hodges Hometown Injury Lawyers"},"image":{"@id":"https:\/\/thehometownlawyers.com\/es\/#\/schema\/logo\/image\/"},"sameAs":["https:\/\/www.facebook.com\/KrugerHodges\/","https:\/\/www.instagram.com\/krugerhodges\/","https:\/\/www.linkedin.com\/company\/kruger-hodges-hometown-injury-lawyers\/","https:\/\/www.youtube.com\/channel\/UCeYcMaMaN2rb9jMlqt4EIdQ","https:\/\/www.tiktok.com\/@thehometownlawyer"]}]}},"_links":{"self":[{"href":"https:\/\/thehometownlawyers.com\/es\/wp-json\/wp\/v2\/pages\/21035","targetHints":{"allow":["GET"]}}],"collection":[{"href":"https:\/\/thehometownlawyers.com\/es\/wp-json\/wp\/v2\/pages"}],"about":[{"href":"https:\/\/thehometownlawyers.com\/es\/wp-json\/wp\/v2\/types\/page"}],"author":[{"embeddable":true,"href":"https:\/\/thehometownlawyers.com\/es\/wp-json\/wp\/v2\/users\/7"}],"replies":[{"embeddable":true,"href":"https:\/\/thehometownlawyers.com\/es\/wp-json\/wp\/v2\/comments?post=21035"}],"version-history":[{"count":0,"href":"https:\/\/thehometownlawyers.com\/es\/wp-json\/wp\/v2\/pages\/21035\/revisions"}],"up":[{"embeddable":true,"href":"https:\/\/thehometownlawyers.com\/es\/wp-json\/wp\/v2\/pages\/20989"}],"wp:featuredmedia":[{"embeddable":true,"href":"https:\/\/thehometownlawyers.com\/es\/wp-json\/wp\/v2\/media\/24620"}],"wp:attachment":[{"href":"https:\/\/thehometownlawyers.com\/es\/wp-json\/wp\/v2\/media?parent=21035"}],"wp:term":[{"taxonomy":"hc_faqs","embeddable":true,"href":"https:\/\/thehometownlawyers.com\/es\/wp-json\/wp\/v2\/hc_faqs?post=21035"},{"taxonomy":"hc_spanish_faqs","embeddable":true,"href":"https:\/\/thehometownlawyers.com\/es\/wp-json\/wp\/v2\/hc_spanish_faqs?post=21035"}],"curies":[{"name":"wp","href":"https:\/\/api.w.org\/{rel}","templated":true}]}}