{"id":21036,"date":"2019-01-29T16:21:00","date_gmt":"2019-01-29T21:21:00","guid":{"rendered":"https:\/\/thehometownlawyers.com\/?post_type=faq&#038;p=21036"},"modified":"2025-01-16T13:48:07","modified_gmt":"2025-01-16T18:48:07","slug":"quien-paga-por-mi-lesion-despues-de-un-atropello-y-fuga","status":"publish","type":"page","link":"https:\/\/thehometownlawyers.com\/es\/preguntas-frecuentes\/quien-paga-por-mi-lesion-despues-de-un-atropello-y-fuga\/","title":{"rendered":"\u00bfQui\u00e9n paga por mi lesi\u00f3n despu\u00e9s de un atropello y fuga?"},"content":{"rendered":"<p>A los abogados de accidentes automovil\u00edsticos a menudo se les pregunta: &#8220;\u00bfQui\u00e9n paga por mi lesi\u00f3n despu\u00e9s de un atropello y fuga?&#8221;. Esta publicaci\u00f3n le brindar\u00e1 informaci\u00f3n que lo ayudar\u00e1 si es v\u00edctima de un atropello y fuga. Se informa que los accidentes de atropello y fuga (tambi\u00e9n conocidos como atropellos y saltos en algunas partes) ocurren aproximadamente cada 43 segundos en los EE. UU. ( <a href=\"https:\/\/wtop.com\/dc-transit\/2018\/04\/hit-run-crash-deaths-reach-record-high-nationwide\/\" target=\"_blank\" rel=\"noopener\">WTOP<\/a> ). La Fundaci\u00f3n AAA registr\u00f3 <a href=\"https:\/\/aaafoundation.org\/hit-and-run-crashes-prevalence-contributing-factors-and-countermeasures\/\" target=\"_blank\" rel=\"noopener\">2049 muertes<\/a> por choques y fugas en los EE. UU. en el a\u00f1o 2016, la cifra m\u00e1s alta jam\u00e1s registrada. Con los accidentes de atropello y fuga en aumento, \u00bfqu\u00e9 haces si eres v\u00edctima de un conductor que huye de la escena de un accidente?<\/p>\n<h2>\u00bfPor qu\u00e9 la gente huye?<\/h2>\n<p>En 2017, el 15 % de los accidentes automovil\u00edsticos en Ohio involucraron a un conductor que corri\u00f3. Ese mismo a\u00f1o, solo se resolvieron 9,509 de los 46,738 accidentes de atropello y fuga en Ohio. Con esas probabilidades, los motivos para huir no est\u00e1n completamente investigados. Uno puede especular, sin embargo, varias razones de por qu\u00e9 uno puede huir despu\u00e9s de estar involucrado en un accidente. Algunos que vienen a la mente pueden ser que el conductor estaba manejando bajo la influencia de drogas o alcohol, manejando sin seguro de auto, manejando sin o con una licencia suspendida, o queriendo evitar cargos criminales. Es probable que aquellos que huyen tengan algo que no quieren que se revele a las autoridades que los incrimine a\u00fan m\u00e1s.<\/p>\n<p class=\"rs-content-cta rs-content-cta-small\">Para una consulta legal gratuita, llame al <a href=\"tel:+15138943333\">513-894-3333 <\/a><\/p><h2>\u00bfQu\u00e9 hago si soy v\u00edctima de un atropello y fuga?<\/h2>\n<p>Manejar las consecuencias de un accidente automovil\u00edstico es estresante en s\u00ed mismo, especialmente si resulta lesionado. Pero se crea un nuevo dolor de cabeza cuando el conductor culpable se da a la fuga. Lo primero que debe hacer es llamar a la polic\u00eda. Una vez que lleguen, si alguna vez se encuentra en esta situaci\u00f3n, cuanta m\u00e1s informaci\u00f3n tenga, mayores ser\u00e1n las posibilidades de que la polic\u00eda localice al conductor responsable. M\u00e1s informaci\u00f3n tambi\u00e9n ayuda a su compa\u00f1\u00eda de seguros de autom\u00f3viles a tomar decisiones con respecto a su reclamo. El <a href=\"https:\/\/www.dmv.org\/tips-for-handling-a-hit-and-run-driver-claim.php\" target=\"_blank\" rel=\"noopener\">DMV<\/a> recomienda recopilar la informaci\u00f3n de contacto de posibles testigos, anotar la hora y el lugar del accidente, as\u00ed como tomar fotograf\u00edas de la escena del accidente y los da\u00f1os a su veh\u00edculo. M\u00e1s informaci\u00f3n no solo ayuda a la polic\u00eda a tener una mejor oportunidad de encontrar al conductor responsable, sino que tambi\u00e9n ayudar\u00e1 a refutar cualquier tipo de fraude de seguros de su parte.<\/p>\n<h2>Seguro de autom\u00f3vil y atropello y fuga<\/h2>\n<p>Seg\u00fan la ley de Ohio, se requiere que los conductores tengan un seguro de responsabilidad civil. El seguro de responsabilidad civil no es \u00fatil cuando no sabe bajo qu\u00e9 p\u00f3liza presentar un reclamo. Si se encuentra al malhechor y tiene seguro, podr\u00e1 presentar su reclamo bajo su p\u00f3liza de seguro. Si no se puede encontrar al conductor culpable, no tiene seguro, tiene una p\u00f3liza que no cubre sus da\u00f1os, puede presentar un reclamo con su propio seguro a trav\u00e9s de la cobertura de motorista sin seguro o con seguro insuficiente. Por lo tanto, es muy importante no solo tener esta cobertura adicional, sino tambi\u00e9n tener un l\u00edmite de p\u00f3liza lo suficientemente alto para protegerlo a usted y a su familia. A veces, averiguar qu\u00e9 cobertura de seguro puede cubrir su accidente puede resultar dif\u00edcil en estos casos, un abogado experto en accidentes automovil\u00edsticos puede ayudar.<\/p>\n<p class=\"rs-content-cta rs-content-cta-small\"><a href=\"\/es\/contacto\/\">Haga clic para contactar<\/a> con nuestros  abogados hoy<\/p><h2>\u00bfContinuar\u00e1 la polic\u00eda buscando hasta encontrar al conductor?<\/h2>\n<p>Abandonar la escena de un accidente es un delito. En un mundo perfecto, todos los conductores que causan accidentes y huyen ser\u00edan atrapados y llevados ante la justicia. A veces, los conductores huyen para evitar ser acusados de delitos adicionales, como conducir bajo la influencia o sin licencia. Cualquiera que sea la raz\u00f3n y por mucho que a los polic\u00edas les gustar\u00eda atrapar a los conductores que huyen, hay demasiados accidentes de atropello y fuga con muy poca informaci\u00f3n. Si hay evidencia que identifica la identidad del conductor, se puede emitir una orden de arresto. Pero finalmente, llega un momento en el que no se puede hacer nada m\u00e1s. Lo mejor que puede hacer es decirle a la polic\u00eda todo lo que pueda recordar sobre el incidente, el conductor, el autom\u00f3vil, el n\u00famero de placa, etc. A ver si hay c\u00e1maras de vigilancia alrededor. Verifique si hay testigos. Cuanta m\u00e1s informaci\u00f3n, mayor ser\u00e1 su oportunidad de encontrar al conductor fugitivo.<\/p>\n<p class=\"rs-content-cta rs-content-cta-small\">Complete una <a href=\"\/es\/contacto\/\">evaluaci\u00f3n gratuita de su caso<\/a> ahora<\/p><h2>Llame a un bufete de abogados con experiencia en accidentes automovil\u00edsticos<\/h2>\n<p>Si result\u00f3 lesionado en un accidente automovil\u00edstico de atropello y fuga, hable con uno de nuestros abogados de accidentes automovil\u00edsticos cerca de usted hoy. Nuestros abogados de accidentes automovil\u00edsticos le brindar\u00e1n una consulta de caso gratuita, ya sea por tel\u00e9fono o en persona.<\/p>\n<p><a href=\"https:\/\/thehometownlawyers.com\/es\/contacto\/\">Oficina de abogados de Hamilton<\/a><\/p>\n<p class=\"rs-content-cta rs-content-cta-small\">Llame o env\u00ede un mensaje de texto al <a href=\"tel:+15138943333\">513-894-3333<\/a> o complete una <a href=\"\/es\/contacto\/\">evaluaci\u00f3n gratuita de su caso<\/a><\/p>","protected":false},"excerpt":{"rendered":"<p>Desafortunadamente, los accidentes automovil\u00edsticos de atropello y fuga son extremadamente comunes. Aseg\u00farese de saber qu\u00e9 hacer si esto le sucede a usted o a alguien que ama. <\/p>\n","protected":false},"author":7,"featured_media":20723,"parent":20989,"menu_order":0,"comment_status":"closed","ping_status":"closed","template":"","meta":{"_acf_changed":false,"inline_featured_image":false,"_genesis_hide_title":false,"_genesis_hide_breadcrumbs":false,"_genesis_hide_singular_image":false,"_genesis_hide_footer_widgets":false,"_genesis_custom_body_class":"","_genesis_custom_post_class":"","_genesis_layout":"","footnotes":""},"hc_faqs":[316],"hc_spanish_faqs":[],"class_list":{"0":"post-21036","1":"page","2":"type-page","3":"status-publish","4":"has-post-thumbnail","6":"hc_faqs-accidente-de-automovilismo","7":"entry"},"acf":[],"yoast_head":"<!-- This site is optimized with the Yoast SEO plugin v27.4 - https:\/\/yoast.com\/product\/yoast-seo-wordpress\/ -->\n<title>\u00bfQui\u00e9n paga por mi lesi\u00f3n despu\u00e9s de un accidente automovil\u00edstico de atropello y fuga?<\/title>\n<meta name=\"description\" content=\"Averiguar qui\u00e9n paga por su lesi\u00f3n despu\u00e9s de un accidente automovil\u00edstico de atropello y fuga puede ser un desaf\u00edo. Llame hoy a nuestros abogados de accidentes automovil\u00edsticos al 513-894-3333.\" \/>\n<meta name=\"robots\" content=\"index, follow, max-snippet:-1, max-image-preview:large, max-video-preview:-1\" \/>\n<link rel=\"canonical\" href=\"https:\/\/thehometownlawyers.com\/es\/preguntas-frecuentes\/quien-paga-por-mi-lesion-despues-de-un-atropello-y-fuga\/\" \/>\n<meta property=\"og:locale\" content=\"es_MX\" \/>\n<meta property=\"og:type\" content=\"article\" \/>\n<meta property=\"og:title\" content=\"\u00bfQui\u00e9n paga por mi lesi\u00f3n despu\u00e9s de un accidente automovil\u00edstico de atropello y fuga?\" \/>\n<meta property=\"og:description\" content=\"Averiguar qui\u00e9n paga por su lesi\u00f3n despu\u00e9s de un accidente automovil\u00edstico de atropello y fuga puede ser un desaf\u00edo. Llame hoy a nuestros abogados de accidentes automovil\u00edsticos al 513-894-3333.\" \/>\n<meta property=\"og:url\" content=\"https:\/\/thehometownlawyers.com\/es\/preguntas-frecuentes\/quien-paga-por-mi-lesion-despues-de-un-atropello-y-fuga\/\" \/>\n<meta property=\"og:site_name\" content=\"Kruger &amp; Hodges Abogados De Lesiones\" \/>\n<meta property=\"article:publisher\" content=\"https:\/\/www.facebook.com\/KrugerHodges\/\" \/>\n<meta property=\"article:modified_time\" content=\"2025-01-16T18:48:07+00:00\" \/>\n<meta property=\"og:image\" content=\"https:\/\/thehometownlawyers.com\/wp-content\/uploads\/2019\/01\/Car-Accident-Attorney.jpeg\" \/>\n\t<meta property=\"og:image:width\" content=\"640\" \/>\n\t<meta property=\"og:image:height\" content=\"427\" \/>\n\t<meta property=\"og:image:type\" content=\"image\/jpeg\" \/>\n<meta name=\"twitter:card\" content=\"summary_large_image\" \/>\n<meta name=\"twitter:label1\" content=\"Tiempo de lectura\" \/>\n\t<meta name=\"twitter:data1\" content=\"4 minutos\" \/>\n<script type=\"application\/ld+json\" class=\"yoast-schema-graph\">{\"@context\":\"https:\\\/\\\/schema.org\",\"@graph\":[{\"@type\":\"WebPage\",\"@id\":\"https:\\\/\\\/thehometownlawyers.com\\\/es\\\/preguntas-frecuentes\\\/quien-paga-por-mi-lesion-despues-de-un-atropello-y-fuga\\\/\",\"url\":\"https:\\\/\\\/thehometownlawyers.com\\\/es\\\/preguntas-frecuentes\\\/quien-paga-por-mi-lesion-despues-de-un-atropello-y-fuga\\\/\",\"name\":\"\u00bfQui\u00e9n paga por mi lesi\u00f3n despu\u00e9s de un accidente automovil\u00edstico de atropello y fuga?\",\"isPartOf\":{\"@id\":\"https:\\\/\\\/thehometownlawyers.com\\\/es\\\/#website\"},\"primaryImageOfPage\":{\"@id\":\"https:\\\/\\\/thehometownlawyers.com\\\/es\\\/preguntas-frecuentes\\\/quien-paga-por-mi-lesion-despues-de-un-atropello-y-fuga\\\/#primaryimage\"},\"image\":{\"@id\":\"https:\\\/\\\/thehometownlawyers.com\\\/es\\\/preguntas-frecuentes\\\/quien-paga-por-mi-lesion-despues-de-un-atropello-y-fuga\\\/#primaryimage\"},\"thumbnailUrl\":\"https:\\\/\\\/thehometownlawyers.com\\\/wp-content\\\/uploads\\\/2019\\\/01\\\/Car-Accident-Attorney.jpeg\",\"datePublished\":\"2019-01-29T21:21:00+00:00\",\"dateModified\":\"2025-01-16T18:48:07+00:00\",\"description\":\"Averiguar qui\u00e9n paga por su lesi\u00f3n despu\u00e9s de un accidente automovil\u00edstico de atropello y fuga puede ser un desaf\u00edo. Llame hoy a nuestros abogados de accidentes automovil\u00edsticos al 513-894-3333.\",\"breadcrumb\":{\"@id\":\"https:\\\/\\\/thehometownlawyers.com\\\/es\\\/preguntas-frecuentes\\\/quien-paga-por-mi-lesion-despues-de-un-atropello-y-fuga\\\/#breadcrumb\"},\"inLanguage\":\"es\",\"potentialAction\":[{\"@type\":\"ReadAction\",\"target\":[\"https:\\\/\\\/thehometownlawyers.com\\\/es\\\/preguntas-frecuentes\\\/quien-paga-por-mi-lesion-despues-de-un-atropello-y-fuga\\\/\"]}]},{\"@type\":\"ImageObject\",\"inLanguage\":\"es\",\"@id\":\"https:\\\/\\\/thehometownlawyers.com\\\/es\\\/preguntas-frecuentes\\\/quien-paga-por-mi-lesion-despues-de-un-atropello-y-fuga\\\/#primaryimage\",\"url\":\"https:\\\/\\\/thehometownlawyers.com\\\/wp-content\\\/uploads\\\/2019\\\/01\\\/Car-Accident-Attorney.jpeg\",\"contentUrl\":\"https:\\\/\\\/thehometownlawyers.com\\\/wp-content\\\/uploads\\\/2019\\\/01\\\/Car-Accident-Attorney.jpeg\",\"width\":640,\"height\":427,\"caption\":\"abogado de lesiones personales hamilton ohio\"},{\"@type\":\"BreadcrumbList\",\"@id\":\"https:\\\/\\\/thehometownlawyers.com\\\/es\\\/preguntas-frecuentes\\\/quien-paga-por-mi-lesion-despues-de-un-atropello-y-fuga\\\/#breadcrumb\",\"itemListElement\":[{\"@type\":\"ListItem\",\"position\":1,\"name\":\"Home\",\"item\":\"https:\\\/\\\/thehometownlawyers.com\\\/es\\\/\"},{\"@type\":\"ListItem\",\"position\":2,\"name\":\"Preguntas Frecuentes\",\"item\":\"https:\\\/\\\/thehometownlawyers.com\\\/es\\\/preguntas-frecuentes\\\/\"},{\"@type\":\"ListItem\",\"position\":3,\"name\":\"\u00bfQui\u00e9n paga por mi lesi\u00f3n despu\u00e9s de un atropello y fuga?\"}]},{\"@type\":\"WebSite\",\"@id\":\"https:\\\/\\\/thehometownlawyers.com\\\/es\\\/#website\",\"url\":\"https:\\\/\\\/thehometownlawyers.com\\\/es\\\/\",\"name\":\"Kruger & Hodges Hometown Injury Lawyers | Accident Attorneys\",\"description\":\"Attorneys for Car, Truck and Motorcycle Accidents, Personal Injuries, and Criminal Defense.\",\"publisher\":{\"@id\":\"https:\\\/\\\/thehometownlawyers.com\\\/es\\\/#organization\"},\"alternateName\":\"Kruger & Hodges Personal Injury Lawyers\",\"inLanguage\":\"es\"},{\"@type\":\"Organization\",\"@id\":\"https:\\\/\\\/thehometownlawyers.com\\\/es\\\/#organization\",\"name\":\"Kruger & Hodges Hometown Injury Lawyers\",\"alternateName\":\"Kruger & Hodges\",\"url\":\"https:\\\/\\\/thehometownlawyers.com\\\/es\\\/\",\"logo\":{\"@type\":\"ImageObject\",\"inLanguage\":\"es\",\"@id\":\"https:\\\/\\\/thehometownlawyers.com\\\/es\\\/#\\\/schema\\\/logo\\\/image\\\/\",\"url\":\"https:\\\/\\\/thehometownlawyers.com\\\/wp-content\\\/uploads\\\/2025\\\/12\\\/revised-kh-logo-vertical-white-background-scaled.png\",\"contentUrl\":\"https:\\\/\\\/thehometownlawyers.com\\\/wp-content\\\/uploads\\\/2025\\\/12\\\/revised-kh-logo-vertical-white-background-scaled.png\",\"width\":2560,\"height\":1440,\"caption\":\"Kruger & Hodges Hometown Injury Lawyers\"},\"image\":{\"@id\":\"https:\\\/\\\/thehometownlawyers.com\\\/es\\\/#\\\/schema\\\/logo\\\/image\\\/\"},\"sameAs\":[\"https:\\\/\\\/www.facebook.com\\\/KrugerHodges\\\/\",\"https:\\\/\\\/www.instagram.com\\\/krugerhodges\\\/\",\"https:\\\/\\\/www.linkedin.com\\\/company\\\/kruger-hodges-hometown-injury-lawyers\\\/\",\"https:\\\/\\\/www.youtube.com\\\/channel\\\/UCeYcMaMaN2rb9jMlqt4EIdQ\",\"https:\\\/\\\/www.tiktok.com\\\/@thehometownlawyer\"]}]}<\/script>\n<!-- \/ Yoast SEO plugin. -->","yoast_head_json":{"title":"\u00bfQui\u00e9n paga por mi lesi\u00f3n despu\u00e9s de un accidente automovil\u00edstico de atropello y fuga?","description":"Averiguar qui\u00e9n paga por su lesi\u00f3n despu\u00e9s de un accidente automovil\u00edstico de atropello y fuga puede ser un desaf\u00edo. Llame hoy a nuestros abogados de accidentes automovil\u00edsticos al 513-894-3333.","robots":{"index":"index","follow":"follow","max-snippet":"max-snippet:-1","max-image-preview":"max-image-preview:large","max-video-preview":"max-video-preview:-1"},"canonical":"https:\/\/thehometownlawyers.com\/es\/preguntas-frecuentes\/quien-paga-por-mi-lesion-despues-de-un-atropello-y-fuga\/","og_locale":"es_MX","og_type":"article","og_title":"\u00bfQui\u00e9n paga por mi lesi\u00f3n despu\u00e9s de un accidente automovil\u00edstico de atropello y fuga?","og_description":"Averiguar qui\u00e9n paga por su lesi\u00f3n despu\u00e9s de un accidente automovil\u00edstico de atropello y fuga puede ser un desaf\u00edo. Llame hoy a nuestros abogados de accidentes automovil\u00edsticos al 513-894-3333.","og_url":"https:\/\/thehometownlawyers.com\/es\/preguntas-frecuentes\/quien-paga-por-mi-lesion-despues-de-un-atropello-y-fuga\/","og_site_name":"Kruger &amp; Hodges Abogados De Lesiones","article_publisher":"https:\/\/www.facebook.com\/KrugerHodges\/","article_modified_time":"2025-01-16T18:48:07+00:00","og_image":[{"width":640,"height":427,"url":"https:\/\/thehometownlawyers.com\/wp-content\/uploads\/2019\/01\/Car-Accident-Attorney.jpeg","type":"image\/jpeg"}],"twitter_card":"summary_large_image","twitter_misc":{"Tiempo de lectura":"4 minutos"},"schema":{"@context":"https:\/\/schema.org","@graph":[{"@type":"WebPage","@id":"https:\/\/thehometownlawyers.com\/es\/preguntas-frecuentes\/quien-paga-por-mi-lesion-despues-de-un-atropello-y-fuga\/","url":"https:\/\/thehometownlawyers.com\/es\/preguntas-frecuentes\/quien-paga-por-mi-lesion-despues-de-un-atropello-y-fuga\/","name":"\u00bfQui\u00e9n paga por mi lesi\u00f3n despu\u00e9s de un accidente automovil\u00edstico de atropello y fuga?","isPartOf":{"@id":"https:\/\/thehometownlawyers.com\/es\/#website"},"primaryImageOfPage":{"@id":"https:\/\/thehometownlawyers.com\/es\/preguntas-frecuentes\/quien-paga-por-mi-lesion-despues-de-un-atropello-y-fuga\/#primaryimage"},"image":{"@id":"https:\/\/thehometownlawyers.com\/es\/preguntas-frecuentes\/quien-paga-por-mi-lesion-despues-de-un-atropello-y-fuga\/#primaryimage"},"thumbnailUrl":"https:\/\/thehometownlawyers.com\/wp-content\/uploads\/2019\/01\/Car-Accident-Attorney.jpeg","datePublished":"2019-01-29T21:21:00+00:00","dateModified":"2025-01-16T18:48:07+00:00","description":"Averiguar qui\u00e9n paga por su lesi\u00f3n despu\u00e9s de un accidente automovil\u00edstico de atropello y fuga puede ser un desaf\u00edo. Llame hoy a nuestros abogados de accidentes automovil\u00edsticos al 513-894-3333.","breadcrumb":{"@id":"https:\/\/thehometownlawyers.com\/es\/preguntas-frecuentes\/quien-paga-por-mi-lesion-despues-de-un-atropello-y-fuga\/#breadcrumb"},"inLanguage":"es","potentialAction":[{"@type":"ReadAction","target":["https:\/\/thehometownlawyers.com\/es\/preguntas-frecuentes\/quien-paga-por-mi-lesion-despues-de-un-atropello-y-fuga\/"]}]},{"@type":"ImageObject","inLanguage":"es","@id":"https:\/\/thehometownlawyers.com\/es\/preguntas-frecuentes\/quien-paga-por-mi-lesion-despues-de-un-atropello-y-fuga\/#primaryimage","url":"https:\/\/thehometownlawyers.com\/wp-content\/uploads\/2019\/01\/Car-Accident-Attorney.jpeg","contentUrl":"https:\/\/thehometownlawyers.com\/wp-content\/uploads\/2019\/01\/Car-Accident-Attorney.jpeg","width":640,"height":427,"caption":"abogado de lesiones personales hamilton ohio"},{"@type":"BreadcrumbList","@id":"https:\/\/thehometownlawyers.com\/es\/preguntas-frecuentes\/quien-paga-por-mi-lesion-despues-de-un-atropello-y-fuga\/#breadcrumb","itemListElement":[{"@type":"ListItem","position":1,"name":"Home","item":"https:\/\/thehometownlawyers.com\/es\/"},{"@type":"ListItem","position":2,"name":"Preguntas Frecuentes","item":"https:\/\/thehometownlawyers.com\/es\/preguntas-frecuentes\/"},{"@type":"ListItem","position":3,"name":"\u00bfQui\u00e9n paga por mi lesi\u00f3n despu\u00e9s de un atropello y fuga?"}]},{"@type":"WebSite","@id":"https:\/\/thehometownlawyers.com\/es\/#website","url":"https:\/\/thehometownlawyers.com\/es\/","name":"Kruger & Hodges Hometown Injury Lawyers | Accident Attorneys","description":"Attorneys for Car, Truck and Motorcycle Accidents, Personal Injuries, and Criminal Defense.","publisher":{"@id":"https:\/\/thehometownlawyers.com\/es\/#organization"},"alternateName":"Kruger & Hodges Personal Injury Lawyers","inLanguage":"es"},{"@type":"Organization","@id":"https:\/\/thehometownlawyers.com\/es\/#organization","name":"Kruger & Hodges Hometown Injury Lawyers","alternateName":"Kruger & Hodges","url":"https:\/\/thehometownlawyers.com\/es\/","logo":{"@type":"ImageObject","inLanguage":"es","@id":"https:\/\/thehometownlawyers.com\/es\/#\/schema\/logo\/image\/","url":"https:\/\/thehometownlawyers.com\/wp-content\/uploads\/2025\/12\/revised-kh-logo-vertical-white-background-scaled.png","contentUrl":"https:\/\/thehometownlawyers.com\/wp-content\/uploads\/2025\/12\/revised-kh-logo-vertical-white-background-scaled.png","width":2560,"height":1440,"caption":"Kruger & Hodges Hometown Injury Lawyers"},"image":{"@id":"https:\/\/thehometownlawyers.com\/es\/#\/schema\/logo\/image\/"},"sameAs":["https:\/\/www.facebook.com\/KrugerHodges\/","https:\/\/www.instagram.com\/krugerhodges\/","https:\/\/www.linkedin.com\/company\/kruger-hodges-hometown-injury-lawyers\/","https:\/\/www.youtube.com\/channel\/UCeYcMaMaN2rb9jMlqt4EIdQ","https:\/\/www.tiktok.com\/@thehometownlawyer"]}]}},"_links":{"self":[{"href":"https:\/\/thehometownlawyers.com\/es\/wp-json\/wp\/v2\/pages\/21036","targetHints":{"allow":["GET"]}}],"collection":[{"href":"https:\/\/thehometownlawyers.com\/es\/wp-json\/wp\/v2\/pages"}],"about":[{"href":"https:\/\/thehometownlawyers.com\/es\/wp-json\/wp\/v2\/types\/page"}],"author":[{"embeddable":true,"href":"https:\/\/thehometownlawyers.com\/es\/wp-json\/wp\/v2\/users\/7"}],"replies":[{"embeddable":true,"href":"https:\/\/thehometownlawyers.com\/es\/wp-json\/wp\/v2\/comments?post=21036"}],"version-history":[{"count":0,"href":"https:\/\/thehometownlawyers.com\/es\/wp-json\/wp\/v2\/pages\/21036\/revisions"}],"up":[{"embeddable":true,"href":"https:\/\/thehometownlawyers.com\/es\/wp-json\/wp\/v2\/pages\/20989"}],"wp:featuredmedia":[{"embeddable":true,"href":"https:\/\/thehometownlawyers.com\/es\/wp-json\/wp\/v2\/media\/20723"}],"wp:attachment":[{"href":"https:\/\/thehometownlawyers.com\/es\/wp-json\/wp\/v2\/media?parent=21036"}],"wp:term":[{"taxonomy":"hc_faqs","embeddable":true,"href":"https:\/\/thehometownlawyers.com\/es\/wp-json\/wp\/v2\/hc_faqs?post=21036"},{"taxonomy":"hc_spanish_faqs","embeddable":true,"href":"https:\/\/thehometownlawyers.com\/es\/wp-json\/wp\/v2\/hc_spanish_faqs?post=21036"}],"curies":[{"name":"wp","href":"https:\/\/api.w.org\/{rel}","templated":true}]}}