{"id":21038,"date":"2021-09-14T20:20:06","date_gmt":"2021-09-15T00:20:06","guid":{"rendered":"https:\/\/thehometownlawyers.com\/?post_type=faq&#038;p=21038"},"modified":"2025-02-03T14:27:35","modified_gmt":"2025-02-03T19:27:35","slug":"que-puedo-hacer-si-me-muerde-un-perro-durante-una-entrega","status":"publish","type":"page","link":"https:\/\/thehometownlawyers.com\/es\/preguntas-frecuentes\/que-puedo-hacer-si-me-muerde-un-perro-durante-una-entrega\/","title":{"rendered":"\u00bfQu\u00e9 puedo hacer si me muerde un perro durante una entrega?"},"content":{"rendered":"<h2>Lesiones por mordedura de perro durante los partos<\/h2>\n<p><strong>\u00bfQu\u00e9 puedo hacer si me muerde un perro durante una entrega?<\/strong> Ha habido un aumento en las entregas a domicilio en los \u00faltimos a\u00f1os. Si bien las entregas en l\u00ednea ayudan a las personas a obtener lo esencial y otros art\u00edculos en la puerta de su casa, existen muchos riesgos a los que se enfrenta el personal de entrega al realizar estas entregas. Uno de estos riesgos que ha visto un aumento en los \u00faltimos tiempos son las lesiones por mordedura de perro. Muchos de los repartidores se enfrentan al riesgo de ser mordidos por perros cuando salen a hacer entregas. Los ataques de mordedura de perro se est\u00e1n volviendo muy comunes. Las mordeduras de perros a menudo provocan infecciones, cicatrices permanentes, da\u00f1o a los nervios, trauma mental y p\u00e9rdida de la funcionalidad de las extremidades. Es importante hablar con un <a href=\"https:\/\/thehometownlawyers.com\/es\/abogados-de-lesiones-personales-en-eaton-ohio\/\" target=\"_blank\" rel=\"noopener noreferrer\">abogado de lesiones personales<\/a> si ha sido atacado por un perro y comprender los tipos de compensaci\u00f3n que puede reclamar.<\/p>\n<p class=\"rs-content-cta rs-content-cta-small\">Para una consulta legal gratuita, llame al <a href=\"tel:+15138943333\">513-894-3333 <\/a><\/p><h2>Tipos de compensaci\u00f3n por mordeduras de perro<\/h2>\n<p>Las lesiones por mordedura de perro pueden variar en gravedad. Puede reclamar los siguientes tipos de compensaci\u00f3n:<\/p>\n<ul>\n<li>Facturas m\u00e9dicas<\/li>\n<li>Salarios perdidos<\/li>\n<li>Capacidad reducida para ganar como antes<\/li>\n<li>Costo de la cirug\u00eda pl\u00e1stica, si se requiere<\/li>\n<li>Afecta a la calidad de vida<\/li>\n<li>Dolor y trauma mental<\/li>\n<li>Un reclamo por muerte injusta , si una vida se pierde en un ataque de perro<\/li>\n<\/ul>\n<h2>Cosas que hacer si te ha mordido un perro<\/h2>\n<p><strong>Lo primero que debe hacer es recibir tratamiento m\u00e9dico.<\/strong> Puede decidir buscar ayuda legal despu\u00e9s de eso. La compensaci\u00f3n que reciba depender\u00e1 de la gravedad de sus lesiones. Esto es lo que debe hacer si un perro lo ha mordido cuando sali\u00f3 a dar a luz:<\/p>\n<p><strong>Busque atenci\u00f3n m\u00e9dica:<\/strong> esto es lo m\u00e1s importante que debe hacer. Las mordeduras de perros pueden ser graves y, a veces, tambi\u00e9n fatales. Debe llegar al hospital lo antes posible y revisar la lesi\u00f3n. Correr al hospital no solo lo ayudar\u00e1 a tratar la lesi\u00f3n pronto, sino que las declaraciones de los m\u00e9dicos y enfermeras sobre la gravedad de sus lesiones pueden ayudar en su caso.<\/p>\n<p><strong>Re\u00fana tanta informaci\u00f3n como pueda<\/strong> . Aseg\u00farese de tener la informaci\u00f3n de contacto del due\u00f1o del perro antes de abandonar el lugar donde fue atacado. Incluso si no puede recopilar la informaci\u00f3n en ese momento, p\u00eddale a alguien en quien conf\u00ede que obtenga esa informaci\u00f3n. Es importante tener documentos que demuestren que usted no estaba en la propiedad con ning\u00fan tipo de intenci\u00f3n criminal y que solo estaba haciendo su trabajo cuando fue atacado.<\/p>\n<p><strong>Hable con un abogado de lesiones personales que se ocupe de las mordeduras de perros<\/strong> . Debe conocer sus derechos legales si lo muerde un perro. Muchas veces, es posible que no sepa qu\u00e9 recurso legal tiene. Hablar con un abogado de lesiones personales que se ocupa de las lesiones por mordedura de perro le dar\u00e1 toda la informaci\u00f3n que necesita sobre sus derechos y opciones legales.<\/p>\n<p>Las lesiones por mordedura de perro son traum\u00e1ticas y pueden tener efectos de por vida. <a href=\"https:\/\/thehometownlawyers.com\/es\/contacto\/\">Cont\u00e1ctenos<\/a> si ha sido mordida por un perro durante el parto y necesita saber cu\u00e1les son sus opciones legales.<\/p>\n<h3><em>Enlaces relacionados:<\/em><\/h3>\n<p><a href=\"https:\/\/thehometownlawyers.com\/es\/abogados-de-lesiones-personales-en-eaton-ohio\/\">Abogados de Lesiones Personales de Eaton, OH<\/a><br \/>\n<a href=\"https:\/\/thehometownlawyers.com\/es\/abogados-de-lesiones-personales-en-eaton-ohio\/abogados-de-mordeduras-de-perro-en-eaton-ohio\/\">Mordeduras de perro en Eaton, OH<\/a><br \/>\nMordeduras de perro en el condado de Preble<br \/>\nMi hijo fue mordido por el perro de mi vecino. \u00bfQu\u00e9 debo hacer?<\/p>\n<p class=\"rs-content-cta rs-content-cta-small\">Llame o env\u00ede un mensaje de texto al <a href=\"tel:+15138943333\">513-894-3333<\/a> o complete una <a href=\"\/es\/contacto\/\">evaluaci\u00f3n gratuita de su caso<\/a><\/p>","protected":false},"excerpt":{"rendered":"<p>Lesiones por mordedura de perro durante los partos \u00bfQu\u00e9 puedo hacer si me muerde un perro durante una entrega? Ha habido un aumento en las entregas a domicilio en los \u00faltimos a\u00f1os. Si bien las entregas en l\u00ednea ayudan a las personas a obtener lo esencial y otros art\u00edculos en la puerta de su casa, &#8230;<\/p>\n","protected":false},"author":7,"featured_media":24925,"parent":20989,"menu_order":0,"comment_status":"closed","ping_status":"closed","template":"","meta":{"_acf_changed":false,"inline_featured_image":false,"_genesis_hide_title":false,"_genesis_hide_breadcrumbs":false,"_genesis_hide_singular_image":false,"_genesis_hide_footer_widgets":false,"_genesis_custom_body_class":"","_genesis_custom_post_class":"","_genesis_layout":"","footnotes":""},"hc_faqs":[318],"hc_spanish_faqs":[],"class_list":{"0":"post-21038","1":"page","2":"type-page","3":"status-publish","4":"has-post-thumbnail","6":"hc_faqs-mordedura-de-perro","7":"entry"},"acf":[],"yoast_head":"<!-- This site is optimized with the Yoast SEO plugin v27.4 - https:\/\/yoast.com\/product\/yoast-seo-wordpress\/ -->\n<title>\u00bfQu\u00e9 puedo hacer si me muerde un perro durante una entrega?: Consulta gratuita<\/title>\n<meta name=\"description\" content=\"\u00bfQu\u00e9 puedo hacer si me muerde un perro durante una entrega? Las entregas nos ayudan a obtener lo esencial. Pero existen riesgos \u00fanicos para el personal de entrega.\" \/>\n<meta name=\"robots\" content=\"index, follow, max-snippet:-1, max-image-preview:large, max-video-preview:-1\" \/>\n<link rel=\"canonical\" href=\"https:\/\/thehometownlawyers.com\/es\/preguntas-frecuentes\/que-puedo-hacer-si-me-muerde-un-perro-durante-una-entrega\/\" \/>\n<meta property=\"og:locale\" content=\"es_MX\" \/>\n<meta property=\"og:type\" content=\"article\" \/>\n<meta property=\"og:title\" content=\"\u00bfQu\u00e9 puedo hacer si me muerde un perro durante una entrega?: Consulta gratuita\" \/>\n<meta property=\"og:description\" content=\"\u00bfQu\u00e9 puedo hacer si me muerde un perro durante una entrega? Las entregas nos ayudan a obtener lo esencial. Pero existen riesgos \u00fanicos para el personal de entrega.\" \/>\n<meta property=\"og:url\" content=\"https:\/\/thehometownlawyers.com\/es\/preguntas-frecuentes\/que-puedo-hacer-si-me-muerde-un-perro-durante-una-entrega\/\" \/>\n<meta property=\"og:site_name\" content=\"Kruger &amp; Hodges Abogados De Lesiones\" \/>\n<meta property=\"article:publisher\" content=\"https:\/\/www.facebook.com\/KrugerHodges\/\" \/>\n<meta property=\"article:modified_time\" content=\"2025-02-03T19:27:35+00:00\" \/>\n<meta property=\"og:image\" content=\"https:\/\/thehometownlawyers.com\/wp-content\/uploads\/2020\/10\/Depositphotos_27970565_s-2019.jpg\" \/>\n\t<meta property=\"og:image:width\" content=\"1000\" \/>\n\t<meta property=\"og:image:height\" content=\"667\" \/>\n\t<meta property=\"og:image:type\" content=\"image\/jpeg\" \/>\n<meta name=\"twitter:card\" content=\"summary_large_image\" \/>\n<meta name=\"twitter:label1\" content=\"Tiempo de lectura\" \/>\n\t<meta name=\"twitter:data1\" content=\"3 minutos\" \/>\n<script type=\"application\/ld+json\" class=\"yoast-schema-graph\">{\"@context\":\"https:\\\/\\\/schema.org\",\"@graph\":[{\"@type\":\"WebPage\",\"@id\":\"https:\\\/\\\/thehometownlawyers.com\\\/es\\\/preguntas-frecuentes\\\/que-puedo-hacer-si-me-muerde-un-perro-durante-una-entrega\\\/\",\"url\":\"https:\\\/\\\/thehometownlawyers.com\\\/es\\\/preguntas-frecuentes\\\/que-puedo-hacer-si-me-muerde-un-perro-durante-una-entrega\\\/\",\"name\":\"\u00bfQu\u00e9 puedo hacer si me muerde un perro durante una entrega?: Consulta gratuita\",\"isPartOf\":{\"@id\":\"https:\\\/\\\/thehometownlawyers.com\\\/es\\\/#website\"},\"primaryImageOfPage\":{\"@id\":\"https:\\\/\\\/thehometownlawyers.com\\\/es\\\/preguntas-frecuentes\\\/que-puedo-hacer-si-me-muerde-un-perro-durante-una-entrega\\\/#primaryimage\"},\"image\":{\"@id\":\"https:\\\/\\\/thehometownlawyers.com\\\/es\\\/preguntas-frecuentes\\\/que-puedo-hacer-si-me-muerde-un-perro-durante-una-entrega\\\/#primaryimage\"},\"thumbnailUrl\":\"https:\\\/\\\/thehometownlawyers.com\\\/wp-content\\\/uploads\\\/2025\\\/04\\\/What-Can-I-Do-if-Im-Bit-by-a-Dog-While-on-a-Delivery.jpg\",\"datePublished\":\"2021-09-15T00:20:06+00:00\",\"dateModified\":\"2025-02-03T19:27:35+00:00\",\"description\":\"\u00bfQu\u00e9 puedo hacer si me muerde un perro durante una entrega? Las entregas nos ayudan a obtener lo esencial. Pero existen riesgos \u00fanicos para el personal de entrega.\",\"breadcrumb\":{\"@id\":\"https:\\\/\\\/thehometownlawyers.com\\\/es\\\/preguntas-frecuentes\\\/que-puedo-hacer-si-me-muerde-un-perro-durante-una-entrega\\\/#breadcrumb\"},\"inLanguage\":\"es\",\"potentialAction\":[{\"@type\":\"ReadAction\",\"target\":[\"https:\\\/\\\/thehometownlawyers.com\\\/es\\\/preguntas-frecuentes\\\/que-puedo-hacer-si-me-muerde-un-perro-durante-una-entrega\\\/\"]}]},{\"@type\":\"ImageObject\",\"inLanguage\":\"es\",\"@id\":\"https:\\\/\\\/thehometownlawyers.com\\\/es\\\/preguntas-frecuentes\\\/que-puedo-hacer-si-me-muerde-un-perro-durante-una-entrega\\\/#primaryimage\",\"url\":\"https:\\\/\\\/thehometownlawyers.com\\\/wp-content\\\/uploads\\\/2025\\\/04\\\/What-Can-I-Do-if-Im-Bit-by-a-Dog-While-on-a-Delivery.jpg\",\"contentUrl\":\"https:\\\/\\\/thehometownlawyers.com\\\/wp-content\\\/uploads\\\/2025\\\/04\\\/What-Can-I-Do-if-Im-Bit-by-a-Dog-While-on-a-Delivery.jpg\",\"width\":1200,\"height\":800,\"caption\":\"dog bite lawyers in ohio\"},{\"@type\":\"BreadcrumbList\",\"@id\":\"https:\\\/\\\/thehometownlawyers.com\\\/es\\\/preguntas-frecuentes\\\/que-puedo-hacer-si-me-muerde-un-perro-durante-una-entrega\\\/#breadcrumb\",\"itemListElement\":[{\"@type\":\"ListItem\",\"position\":1,\"name\":\"Home\",\"item\":\"https:\\\/\\\/thehometownlawyers.com\\\/es\\\/\"},{\"@type\":\"ListItem\",\"position\":2,\"name\":\"Preguntas Frecuentes\",\"item\":\"https:\\\/\\\/thehometownlawyers.com\\\/es\\\/preguntas-frecuentes\\\/\"},{\"@type\":\"ListItem\",\"position\":3,\"name\":\"\u00bfQu\u00e9 puedo hacer si me muerde un perro durante una entrega?\"}]},{\"@type\":\"WebSite\",\"@id\":\"https:\\\/\\\/thehometownlawyers.com\\\/es\\\/#website\",\"url\":\"https:\\\/\\\/thehometownlawyers.com\\\/es\\\/\",\"name\":\"Kruger & Hodges Hometown Injury Lawyers | Accident Attorneys\",\"description\":\"Attorneys for Car, Truck and Motorcycle Accidents, Personal Injuries, and Criminal Defense.\",\"publisher\":{\"@id\":\"https:\\\/\\\/thehometownlawyers.com\\\/es\\\/#organization\"},\"alternateName\":\"Kruger & Hodges Personal Injury Lawyers\",\"inLanguage\":\"es\"},{\"@type\":\"Organization\",\"@id\":\"https:\\\/\\\/thehometownlawyers.com\\\/es\\\/#organization\",\"name\":\"Kruger & Hodges Hometown Injury Lawyers\",\"alternateName\":\"Kruger & Hodges\",\"url\":\"https:\\\/\\\/thehometownlawyers.com\\\/es\\\/\",\"logo\":{\"@type\":\"ImageObject\",\"inLanguage\":\"es\",\"@id\":\"https:\\\/\\\/thehometownlawyers.com\\\/es\\\/#\\\/schema\\\/logo\\\/image\\\/\",\"url\":\"https:\\\/\\\/thehometownlawyers.com\\\/wp-content\\\/uploads\\\/2025\\\/12\\\/revised-kh-logo-vertical-white-background-scaled.png\",\"contentUrl\":\"https:\\\/\\\/thehometownlawyers.com\\\/wp-content\\\/uploads\\\/2025\\\/12\\\/revised-kh-logo-vertical-white-background-scaled.png\",\"width\":2560,\"height\":1440,\"caption\":\"Kruger & Hodges Hometown Injury Lawyers\"},\"image\":{\"@id\":\"https:\\\/\\\/thehometownlawyers.com\\\/es\\\/#\\\/schema\\\/logo\\\/image\\\/\"},\"sameAs\":[\"https:\\\/\\\/www.facebook.com\\\/KrugerHodges\\\/\",\"https:\\\/\\\/www.instagram.com\\\/krugerhodges\\\/\",\"https:\\\/\\\/www.linkedin.com\\\/company\\\/kruger-hodges-hometown-injury-lawyers\\\/\",\"https:\\\/\\\/www.youtube.com\\\/channel\\\/UCeYcMaMaN2rb9jMlqt4EIdQ\",\"https:\\\/\\\/www.tiktok.com\\\/@thehometownlawyer\"]}]}<\/script>\n<!-- \/ Yoast SEO plugin. -->","yoast_head_json":{"title":"\u00bfQu\u00e9 puedo hacer si me muerde un perro durante una entrega?: Consulta gratuita","description":"\u00bfQu\u00e9 puedo hacer si me muerde un perro durante una entrega? Las entregas nos ayudan a obtener lo esencial. Pero existen riesgos \u00fanicos para el personal de entrega.","robots":{"index":"index","follow":"follow","max-snippet":"max-snippet:-1","max-image-preview":"max-image-preview:large","max-video-preview":"max-video-preview:-1"},"canonical":"https:\/\/thehometownlawyers.com\/es\/preguntas-frecuentes\/que-puedo-hacer-si-me-muerde-un-perro-durante-una-entrega\/","og_locale":"es_MX","og_type":"article","og_title":"\u00bfQu\u00e9 puedo hacer si me muerde un perro durante una entrega?: Consulta gratuita","og_description":"\u00bfQu\u00e9 puedo hacer si me muerde un perro durante una entrega? Las entregas nos ayudan a obtener lo esencial. Pero existen riesgos \u00fanicos para el personal de entrega.","og_url":"https:\/\/thehometownlawyers.com\/es\/preguntas-frecuentes\/que-puedo-hacer-si-me-muerde-un-perro-durante-una-entrega\/","og_site_name":"Kruger &amp; Hodges Abogados De Lesiones","article_publisher":"https:\/\/www.facebook.com\/KrugerHodges\/","article_modified_time":"2025-02-03T19:27:35+00:00","og_image":[{"width":1000,"height":667,"url":"https:\/\/thehometownlawyers.com\/wp-content\/uploads\/2020\/10\/Depositphotos_27970565_s-2019.jpg","type":"image\/jpeg"}],"twitter_card":"summary_large_image","twitter_misc":{"Tiempo de lectura":"3 minutos"},"schema":{"@context":"https:\/\/schema.org","@graph":[{"@type":"WebPage","@id":"https:\/\/thehometownlawyers.com\/es\/preguntas-frecuentes\/que-puedo-hacer-si-me-muerde-un-perro-durante-una-entrega\/","url":"https:\/\/thehometownlawyers.com\/es\/preguntas-frecuentes\/que-puedo-hacer-si-me-muerde-un-perro-durante-una-entrega\/","name":"\u00bfQu\u00e9 puedo hacer si me muerde un perro durante una entrega?: Consulta gratuita","isPartOf":{"@id":"https:\/\/thehometownlawyers.com\/es\/#website"},"primaryImageOfPage":{"@id":"https:\/\/thehometownlawyers.com\/es\/preguntas-frecuentes\/que-puedo-hacer-si-me-muerde-un-perro-durante-una-entrega\/#primaryimage"},"image":{"@id":"https:\/\/thehometownlawyers.com\/es\/preguntas-frecuentes\/que-puedo-hacer-si-me-muerde-un-perro-durante-una-entrega\/#primaryimage"},"thumbnailUrl":"https:\/\/thehometownlawyers.com\/wp-content\/uploads\/2025\/04\/What-Can-I-Do-if-Im-Bit-by-a-Dog-While-on-a-Delivery.jpg","datePublished":"2021-09-15T00:20:06+00:00","dateModified":"2025-02-03T19:27:35+00:00","description":"\u00bfQu\u00e9 puedo hacer si me muerde un perro durante una entrega? Las entregas nos ayudan a obtener lo esencial. Pero existen riesgos \u00fanicos para el personal de entrega.","breadcrumb":{"@id":"https:\/\/thehometownlawyers.com\/es\/preguntas-frecuentes\/que-puedo-hacer-si-me-muerde-un-perro-durante-una-entrega\/#breadcrumb"},"inLanguage":"es","potentialAction":[{"@type":"ReadAction","target":["https:\/\/thehometownlawyers.com\/es\/preguntas-frecuentes\/que-puedo-hacer-si-me-muerde-un-perro-durante-una-entrega\/"]}]},{"@type":"ImageObject","inLanguage":"es","@id":"https:\/\/thehometownlawyers.com\/es\/preguntas-frecuentes\/que-puedo-hacer-si-me-muerde-un-perro-durante-una-entrega\/#primaryimage","url":"https:\/\/thehometownlawyers.com\/wp-content\/uploads\/2025\/04\/What-Can-I-Do-if-Im-Bit-by-a-Dog-While-on-a-Delivery.jpg","contentUrl":"https:\/\/thehometownlawyers.com\/wp-content\/uploads\/2025\/04\/What-Can-I-Do-if-Im-Bit-by-a-Dog-While-on-a-Delivery.jpg","width":1200,"height":800,"caption":"dog bite lawyers in ohio"},{"@type":"BreadcrumbList","@id":"https:\/\/thehometownlawyers.com\/es\/preguntas-frecuentes\/que-puedo-hacer-si-me-muerde-un-perro-durante-una-entrega\/#breadcrumb","itemListElement":[{"@type":"ListItem","position":1,"name":"Home","item":"https:\/\/thehometownlawyers.com\/es\/"},{"@type":"ListItem","position":2,"name":"Preguntas Frecuentes","item":"https:\/\/thehometownlawyers.com\/es\/preguntas-frecuentes\/"},{"@type":"ListItem","position":3,"name":"\u00bfQu\u00e9 puedo hacer si me muerde un perro durante una entrega?"}]},{"@type":"WebSite","@id":"https:\/\/thehometownlawyers.com\/es\/#website","url":"https:\/\/thehometownlawyers.com\/es\/","name":"Kruger & Hodges Hometown Injury Lawyers | Accident Attorneys","description":"Attorneys for Car, Truck and Motorcycle Accidents, Personal Injuries, and Criminal Defense.","publisher":{"@id":"https:\/\/thehometownlawyers.com\/es\/#organization"},"alternateName":"Kruger & Hodges Personal Injury Lawyers","inLanguage":"es"},{"@type":"Organization","@id":"https:\/\/thehometownlawyers.com\/es\/#organization","name":"Kruger & Hodges Hometown Injury Lawyers","alternateName":"Kruger & Hodges","url":"https:\/\/thehometownlawyers.com\/es\/","logo":{"@type":"ImageObject","inLanguage":"es","@id":"https:\/\/thehometownlawyers.com\/es\/#\/schema\/logo\/image\/","url":"https:\/\/thehometownlawyers.com\/wp-content\/uploads\/2025\/12\/revised-kh-logo-vertical-white-background-scaled.png","contentUrl":"https:\/\/thehometownlawyers.com\/wp-content\/uploads\/2025\/12\/revised-kh-logo-vertical-white-background-scaled.png","width":2560,"height":1440,"caption":"Kruger & Hodges Hometown Injury Lawyers"},"image":{"@id":"https:\/\/thehometownlawyers.com\/es\/#\/schema\/logo\/image\/"},"sameAs":["https:\/\/www.facebook.com\/KrugerHodges\/","https:\/\/www.instagram.com\/krugerhodges\/","https:\/\/www.linkedin.com\/company\/kruger-hodges-hometown-injury-lawyers\/","https:\/\/www.youtube.com\/channel\/UCeYcMaMaN2rb9jMlqt4EIdQ","https:\/\/www.tiktok.com\/@thehometownlawyer"]}]}},"_links":{"self":[{"href":"https:\/\/thehometownlawyers.com\/es\/wp-json\/wp\/v2\/pages\/21038","targetHints":{"allow":["GET"]}}],"collection":[{"href":"https:\/\/thehometownlawyers.com\/es\/wp-json\/wp\/v2\/pages"}],"about":[{"href":"https:\/\/thehometownlawyers.com\/es\/wp-json\/wp\/v2\/types\/page"}],"author":[{"embeddable":true,"href":"https:\/\/thehometownlawyers.com\/es\/wp-json\/wp\/v2\/users\/7"}],"replies":[{"embeddable":true,"href":"https:\/\/thehometownlawyers.com\/es\/wp-json\/wp\/v2\/comments?post=21038"}],"version-history":[{"count":0,"href":"https:\/\/thehometownlawyers.com\/es\/wp-json\/wp\/v2\/pages\/21038\/revisions"}],"up":[{"embeddable":true,"href":"https:\/\/thehometownlawyers.com\/es\/wp-json\/wp\/v2\/pages\/20989"}],"wp:featuredmedia":[{"embeddable":true,"href":"https:\/\/thehometownlawyers.com\/es\/wp-json\/wp\/v2\/media\/24925"}],"wp:attachment":[{"href":"https:\/\/thehometownlawyers.com\/es\/wp-json\/wp\/v2\/media?parent=21038"}],"wp:term":[{"taxonomy":"hc_faqs","embeddable":true,"href":"https:\/\/thehometownlawyers.com\/es\/wp-json\/wp\/v2\/hc_faqs?post=21038"},{"taxonomy":"hc_spanish_faqs","embeddable":true,"href":"https:\/\/thehometownlawyers.com\/es\/wp-json\/wp\/v2\/hc_spanish_faqs?post=21038"}],"curies":[{"name":"wp","href":"https:\/\/api.w.org\/{rel}","templated":true}]}}