{"id":21039,"date":"2020-01-28T20:04:14","date_gmt":"2020-01-29T01:04:14","guid":{"rendered":"https:\/\/thehometownlawyers.com\/?post_type=faq&#038;p=21039"},"modified":"2025-01-30T18:39:49","modified_gmt":"2025-01-30T23:39:49","slug":"los-accidentes-de-scooters-electricos-pueden-causar-lesiones-extremadamente-graves","status":"publish","type":"page","link":"https:\/\/thehometownlawyers.com\/es\/preguntas-frecuentes\/los-accidentes-de-scooters-electricos-pueden-causar-lesiones-extremadamente-graves\/","title":{"rendered":"Los accidentes de scooters el\u00e9ctricos pueden causar lesiones extremadamente graves"},"content":{"rendered":"<p>Los scooters el\u00e9ctricos se est\u00e1n convirtiendo en una forma cada vez m\u00e1s popular para que las personas se desplacen por las ciudades y los suburbios de todo el pa\u00eds, y los veh\u00edculos son comunes en Cincinnati y otras ciudades de Ohio. Compa\u00f1\u00edas como Bird y Lime operan los e-scooters sin base, que se pueden desbloquear por una peque\u00f1a tarifa a trav\u00e9s de una aplicaci\u00f3n de tel\u00e9fono inteligente. Si bien han facilitado el desplazamiento de muchas personas, tambi\u00e9n exponen a los ciclistas a un riesgo de lesiones graves, como lo deja claro un incidente ocurrido el verano pasado en Covington.<\/p>\n<h2>Accidentes de scooters el\u00e9ctricos en Cincinnati<\/h2>\n<p>Seg\u00fan un informe publicado por <a href=\"https:\/\/www.cincinnati.com\/\">Cincinnati.com<\/a> , un hombre y una mujer que viajaban en scooters Lime resultaron heridos en un accidente en la intersecci\u00f3n de Fifth Street y Scott Boulevard poco despu\u00e9s de la medianoche del 5 de julio. Los ciclistas sufrieron lesiones que no ponen en peligro su vida y fueron transportados al Centro M\u00e9dico de la Universidad de Cincinnati para recibir tratamiento.<\/p>\n<p class=\"rs-content-cta rs-content-cta-small\">Para una consulta legal gratuita, llame al <a href=\"tel:+15138943333\">513-894-3333 <\/a><\/p><h2>Lesiones de aves y scooters de cal<\/h2>\n<p>Los conductores de scooters son extremadamente susceptibles a las lesiones en caso de colisi\u00f3n, ya que normalmente no tienen protecci\u00f3n contra los elementos que los rodean. De hecho, un estudio reciente realizado por Voom indic\u00f3 que el 80 por ciento de los usuarios de scooters el\u00e9ctricos no usan cascos. Con velocidades m\u00e1ximas de alrededor de 20 millas por hora, los ciclistas pueden sufrir lesiones extremadamente graves si chocan, que incluyen:<\/p>\n<ul>\n<li>Huesos rotos<\/li>\n<li>Lesiones cerebrales traum\u00e1ticas<\/li>\n<li>Lesiones graves de tejidos blandos<\/li>\n<li>Lesiones de la m\u00e9dula espinal<\/li>\n<li>Torceduras y esguinces<\/li>\n<li>Dislocaciones<\/li>\n<li>amputaciones accidentales<\/li>\n<\/ul>\n<p>Estas y otras lesiones relacionadas con accidentes pueden requerir un tratamiento m\u00e9dico significativo y dejar a las v\u00edctimas sin poder trabajar durante semanas o incluso meses. En los casos m\u00e1s graves, las v\u00edctimas pueden desarrollar discapacidades a largo plazo o problemas m\u00e9dicos que nunca se resuelven por completo y les afectan por el resto de sus vidas. Como resultado, es fundamental que las v\u00edctimas protejan sus derechos contratando a un abogado de lesiones personales de Ohio lo antes posible despu\u00e9s de un accidente de e-scooter.<\/p>\n<h2><strong>Las v\u00edctimas de accidentes de scooter a menudo pueden recuperar una compensaci\u00f3n<\/strong><\/h2>\n<p>Afortunadamente para las personas que resultan heridas en accidentes en e-scooters, cuando son causados por la negligencia de los conductores, a menudo pueden recuperar una compensaci\u00f3n por sus lesiones relacionadas con el accidente presentando un reclamo por lesiones personales. Algunos ejemplos de negligencia del conductor que podr\u00edan conducir a un accidente grave de e-scooter incluyen:<\/p>\n<ul>\n<li>Exceso de velocidad<\/li>\n<li>Conducir ebrio o drogado<\/li>\n<li>Conducci\u00f3n distraida<\/li>\n<li>No se\u00f1alar giros o cambios de carril<\/li>\n<li>Violar las leyes de tr\u00e1nsito<\/li>\n<\/ul>\n<p>En algunos casos, las v\u00edctimas de accidentes de e-scooter pueden presentar reclamaciones contra los propietarios, la empresa de e-scooter u otras partes. Para determinar si puede presentar un reclamo y contra qui\u00e9n, debe llamar a un abogado lo antes posible.<\/p>\n<p><strong>Llame hoy a un abogado de lesiones personales de Ohio para programar una evaluaci\u00f3n gratuita de su caso<\/strong><\/p>\n<p>Si result\u00f3 lesionado en un accidente de e-scooter o cualquier otro tipo de accidente prevenible, debe comunicarse con un <a href=\"https:\/\/thehometownlawyers.com\/es\/\">abogado con experiencia en lesiones personales lo<\/a> antes posible. En Kruger &amp; Hodges, estamos comprometidos a ayudar a las v\u00edctimas lesionadas a obtener la compensaci\u00f3n que merecen, y nuestro equipo experimentado revisar\u00e1 su caso sin costo alguno para usted. Para programar su consulta gratuita con nuestros abogados de lesiones personales en Ohio, llame a nuestra oficina hoy al 513-894-3333 o cont\u00e1ctenos en l\u00ednea.<\/p>\n<p><a href=\"https:\/\/thehometownlawyers.com\/es\/contacto\/\">Oficina de abogados de Hamilton<\/a><\/p>\n<p class=\"rs-content-cta rs-content-cta-small\">Llame o env\u00ede un mensaje de texto al <a href=\"tel:+15138943333\">513-894-3333<\/a> o complete una <a href=\"\/es\/contacto\/\">evaluaci\u00f3n gratuita de su caso<\/a><\/p>","protected":false},"excerpt":{"rendered":"<p>Los scooters el\u00e9ctricos se est\u00e1n convirtiendo en una forma cada vez m\u00e1s popular para que las personas se desplacen por las ciudades y los suburbios de todo el pa\u00eds, y los veh\u00edculos son comunes en Cincinnati y otras ciudades de Ohio. Compa\u00f1\u00edas como Bird y Lime operan los e-scooters sin base, que se pueden desbloquear &#8230;<\/p>\n","protected":false},"author":7,"featured_media":20716,"parent":20989,"menu_order":0,"comment_status":"closed","ping_status":"closed","template":"","meta":{"_acf_changed":false,"inline_featured_image":false,"_genesis_hide_title":false,"_genesis_hide_breadcrumbs":false,"_genesis_hide_singular_image":false,"_genesis_hide_footer_widgets":false,"_genesis_custom_body_class":"","_genesis_custom_post_class":"","_genesis_layout":"","footnotes":""},"hc_faqs":[323],"hc_spanish_faqs":[],"class_list":{"0":"post-21039","1":"page","2":"type-page","3":"status-publish","4":"has-post-thumbnail","6":"hc_faqs-lesiones-personales","7":"entry"},"acf":[],"yoast_head":"<!-- This site is optimized with the Yoast SEO plugin v27.3 - https:\/\/yoast.com\/product\/yoast-seo-wordpress\/ -->\n<title>Los accidentes de scooters el\u00e9ctricos pueden causar lesiones extremadamente graves K&amp;H<\/title>\n<meta name=\"description\" content=\"Si bien han hecho que moverse sea m\u00e1s f\u00e1cil para muchos, los accidentes de e-scooter pueden causar lesiones graves, como lo dej\u00f3 claro un incidente en Covington.\" \/>\n<meta name=\"robots\" content=\"index, follow, max-snippet:-1, max-image-preview:large, max-video-preview:-1\" \/>\n<link rel=\"canonical\" href=\"https:\/\/thehometownlawyers.com\/es\/preguntas-frecuentes\/los-accidentes-de-scooters-electricos-pueden-causar-lesiones-extremadamente-graves\/\" \/>\n<meta property=\"og:locale\" content=\"es_MX\" \/>\n<meta property=\"og:type\" content=\"article\" \/>\n<meta property=\"og:title\" content=\"Los accidentes de scooters el\u00e9ctricos pueden causar lesiones extremadamente graves K&amp;H\" \/>\n<meta property=\"og:description\" content=\"Si bien han hecho que moverse sea m\u00e1s f\u00e1cil para muchos, los accidentes de e-scooter pueden causar lesiones graves, como lo dej\u00f3 claro un incidente en Covington.\" \/>\n<meta property=\"og:url\" content=\"https:\/\/thehometownlawyers.com\/es\/preguntas-frecuentes\/los-accidentes-de-scooters-electricos-pueden-causar-lesiones-extremadamente-graves\/\" \/>\n<meta property=\"og:site_name\" content=\"Kruger &amp; Hodges Abogados De Lesiones\" \/>\n<meta property=\"article:publisher\" content=\"https:\/\/www.facebook.com\/KrugerHodges\/\" \/>\n<meta property=\"article:modified_time\" content=\"2025-01-30T23:39:49+00:00\" \/>\n<meta property=\"og:image\" content=\"https:\/\/thehometownlawyers.com\/wp-content\/uploads\/2020\/01\/Scooter-Accident-Injury.jpg\" \/>\n\t<meta property=\"og:image:width\" content=\"640\" \/>\n\t<meta property=\"og:image:height\" content=\"426\" \/>\n\t<meta property=\"og:image:type\" content=\"image\/jpeg\" \/>\n<meta name=\"twitter:card\" content=\"summary_large_image\" \/>\n<meta name=\"twitter:label1\" content=\"Tiempo de lectura\" \/>\n\t<meta name=\"twitter:data1\" content=\"3 minutos\" \/>\n<script type=\"application\/ld+json\" class=\"yoast-schema-graph\">{\"@context\":\"https:\\\/\\\/schema.org\",\"@graph\":[{\"@type\":\"WebPage\",\"@id\":\"https:\\\/\\\/thehometownlawyers.com\\\/es\\\/preguntas-frecuentes\\\/los-accidentes-de-scooters-electricos-pueden-causar-lesiones-extremadamente-graves\\\/\",\"url\":\"https:\\\/\\\/thehometownlawyers.com\\\/es\\\/preguntas-frecuentes\\\/los-accidentes-de-scooters-electricos-pueden-causar-lesiones-extremadamente-graves\\\/\",\"name\":\"Los accidentes de scooters el\u00e9ctricos pueden causar lesiones extremadamente graves K&H\",\"isPartOf\":{\"@id\":\"https:\\\/\\\/thehometownlawyers.com\\\/es\\\/#website\"},\"primaryImageOfPage\":{\"@id\":\"https:\\\/\\\/thehometownlawyers.com\\\/es\\\/preguntas-frecuentes\\\/los-accidentes-de-scooters-electricos-pueden-causar-lesiones-extremadamente-graves\\\/#primaryimage\"},\"image\":{\"@id\":\"https:\\\/\\\/thehometownlawyers.com\\\/es\\\/preguntas-frecuentes\\\/los-accidentes-de-scooters-electricos-pueden-causar-lesiones-extremadamente-graves\\\/#primaryimage\"},\"thumbnailUrl\":\"https:\\\/\\\/thehometownlawyers.com\\\/wp-content\\\/uploads\\\/2020\\\/01\\\/Scooter-Accident-Injury.jpg\",\"datePublished\":\"2020-01-29T01:04:14+00:00\",\"dateModified\":\"2025-01-30T23:39:49+00:00\",\"description\":\"Si bien han hecho que moverse sea m\u00e1s f\u00e1cil para muchos, los accidentes de e-scooter pueden causar lesiones graves, como lo dej\u00f3 claro un incidente en Covington.\",\"breadcrumb\":{\"@id\":\"https:\\\/\\\/thehometownlawyers.com\\\/es\\\/preguntas-frecuentes\\\/los-accidentes-de-scooters-electricos-pueden-causar-lesiones-extremadamente-graves\\\/#breadcrumb\"},\"inLanguage\":\"es\",\"potentialAction\":[{\"@type\":\"ReadAction\",\"target\":[\"https:\\\/\\\/thehometownlawyers.com\\\/es\\\/preguntas-frecuentes\\\/los-accidentes-de-scooters-electricos-pueden-causar-lesiones-extremadamente-graves\\\/\"]}]},{\"@type\":\"ImageObject\",\"inLanguage\":\"es\",\"@id\":\"https:\\\/\\\/thehometownlawyers.com\\\/es\\\/preguntas-frecuentes\\\/los-accidentes-de-scooters-electricos-pueden-causar-lesiones-extremadamente-graves\\\/#primaryimage\",\"url\":\"https:\\\/\\\/thehometownlawyers.com\\\/wp-content\\\/uploads\\\/2020\\\/01\\\/Scooter-Accident-Injury.jpg\",\"contentUrl\":\"https:\\\/\\\/thehometownlawyers.com\\\/wp-content\\\/uploads\\\/2020\\\/01\\\/Scooter-Accident-Injury.jpg\",\"width\":640,\"height\":426,\"caption\":\"Abogado de accidente de scooter\"},{\"@type\":\"BreadcrumbList\",\"@id\":\"https:\\\/\\\/thehometownlawyers.com\\\/es\\\/preguntas-frecuentes\\\/los-accidentes-de-scooters-electricos-pueden-causar-lesiones-extremadamente-graves\\\/#breadcrumb\",\"itemListElement\":[{\"@type\":\"ListItem\",\"position\":1,\"name\":\"Home\",\"item\":\"https:\\\/\\\/thehometownlawyers.com\\\/es\\\/\"},{\"@type\":\"ListItem\",\"position\":2,\"name\":\"Preguntas Frecuentes\",\"item\":\"https:\\\/\\\/thehometownlawyers.com\\\/es\\\/preguntas-frecuentes\\\/\"},{\"@type\":\"ListItem\",\"position\":3,\"name\":\"Los accidentes de scooters el\u00e9ctricos pueden causar lesiones extremadamente graves\"}]},{\"@type\":\"WebSite\",\"@id\":\"https:\\\/\\\/thehometownlawyers.com\\\/es\\\/#website\",\"url\":\"https:\\\/\\\/thehometownlawyers.com\\\/es\\\/\",\"name\":\"Kruger & Hodges Hometown Injury Lawyers | Accident Attorneys\",\"description\":\"Attorneys for Car, Truck and Motorcycle Accidents, Personal Injuries, and Criminal Defense.\",\"publisher\":{\"@id\":\"https:\\\/\\\/thehometownlawyers.com\\\/es\\\/#organization\"},\"alternateName\":\"Kruger & Hodges Personal Injury Lawyers\",\"inLanguage\":\"es\"},{\"@type\":\"Organization\",\"@id\":\"https:\\\/\\\/thehometownlawyers.com\\\/es\\\/#organization\",\"name\":\"Kruger & Hodges Hometown Injury Lawyers\",\"alternateName\":\"Kruger & Hodges\",\"url\":\"https:\\\/\\\/thehometownlawyers.com\\\/es\\\/\",\"logo\":{\"@type\":\"ImageObject\",\"inLanguage\":\"es\",\"@id\":\"https:\\\/\\\/thehometownlawyers.com\\\/es\\\/#\\\/schema\\\/logo\\\/image\\\/\",\"url\":\"https:\\\/\\\/thehometownlawyers.com\\\/wp-content\\\/uploads\\\/2025\\\/12\\\/revised-kh-logo-vertical-white-background-scaled.png\",\"contentUrl\":\"https:\\\/\\\/thehometownlawyers.com\\\/wp-content\\\/uploads\\\/2025\\\/12\\\/revised-kh-logo-vertical-white-background-scaled.png\",\"width\":2560,\"height\":1440,\"caption\":\"Kruger & Hodges Hometown Injury Lawyers\"},\"image\":{\"@id\":\"https:\\\/\\\/thehometownlawyers.com\\\/es\\\/#\\\/schema\\\/logo\\\/image\\\/\"},\"sameAs\":[\"https:\\\/\\\/www.facebook.com\\\/KrugerHodges\\\/\",\"https:\\\/\\\/www.instagram.com\\\/krugerhodges\\\/\",\"https:\\\/\\\/www.linkedin.com\\\/company\\\/kruger-hodges-hometown-injury-lawyers\\\/\",\"https:\\\/\\\/www.youtube.com\\\/channel\\\/UCeYcMaMaN2rb9jMlqt4EIdQ\",\"https:\\\/\\\/www.tiktok.com\\\/@thehometownlawyer\"]}]}<\/script>\n<!-- \/ Yoast SEO plugin. -->","yoast_head_json":{"title":"Los accidentes de scooters el\u00e9ctricos pueden causar lesiones extremadamente graves K&H","description":"Si bien han hecho que moverse sea m\u00e1s f\u00e1cil para muchos, los accidentes de e-scooter pueden causar lesiones graves, como lo dej\u00f3 claro un incidente en Covington.","robots":{"index":"index","follow":"follow","max-snippet":"max-snippet:-1","max-image-preview":"max-image-preview:large","max-video-preview":"max-video-preview:-1"},"canonical":"https:\/\/thehometownlawyers.com\/es\/preguntas-frecuentes\/los-accidentes-de-scooters-electricos-pueden-causar-lesiones-extremadamente-graves\/","og_locale":"es_MX","og_type":"article","og_title":"Los accidentes de scooters el\u00e9ctricos pueden causar lesiones extremadamente graves K&H","og_description":"Si bien han hecho que moverse sea m\u00e1s f\u00e1cil para muchos, los accidentes de e-scooter pueden causar lesiones graves, como lo dej\u00f3 claro un incidente en Covington.","og_url":"https:\/\/thehometownlawyers.com\/es\/preguntas-frecuentes\/los-accidentes-de-scooters-electricos-pueden-causar-lesiones-extremadamente-graves\/","og_site_name":"Kruger &amp; Hodges Abogados De Lesiones","article_publisher":"https:\/\/www.facebook.com\/KrugerHodges\/","article_modified_time":"2025-01-30T23:39:49+00:00","og_image":[{"width":640,"height":426,"url":"https:\/\/thehometownlawyers.com\/wp-content\/uploads\/2020\/01\/Scooter-Accident-Injury.jpg","type":"image\/jpeg"}],"twitter_card":"summary_large_image","twitter_misc":{"Tiempo de lectura":"3 minutos"},"schema":{"@context":"https:\/\/schema.org","@graph":[{"@type":"WebPage","@id":"https:\/\/thehometownlawyers.com\/es\/preguntas-frecuentes\/los-accidentes-de-scooters-electricos-pueden-causar-lesiones-extremadamente-graves\/","url":"https:\/\/thehometownlawyers.com\/es\/preguntas-frecuentes\/los-accidentes-de-scooters-electricos-pueden-causar-lesiones-extremadamente-graves\/","name":"Los accidentes de scooters el\u00e9ctricos pueden causar lesiones extremadamente graves K&H","isPartOf":{"@id":"https:\/\/thehometownlawyers.com\/es\/#website"},"primaryImageOfPage":{"@id":"https:\/\/thehometownlawyers.com\/es\/preguntas-frecuentes\/los-accidentes-de-scooters-electricos-pueden-causar-lesiones-extremadamente-graves\/#primaryimage"},"image":{"@id":"https:\/\/thehometownlawyers.com\/es\/preguntas-frecuentes\/los-accidentes-de-scooters-electricos-pueden-causar-lesiones-extremadamente-graves\/#primaryimage"},"thumbnailUrl":"https:\/\/thehometownlawyers.com\/wp-content\/uploads\/2020\/01\/Scooter-Accident-Injury.jpg","datePublished":"2020-01-29T01:04:14+00:00","dateModified":"2025-01-30T23:39:49+00:00","description":"Si bien han hecho que moverse sea m\u00e1s f\u00e1cil para muchos, los accidentes de e-scooter pueden causar lesiones graves, como lo dej\u00f3 claro un incidente en Covington.","breadcrumb":{"@id":"https:\/\/thehometownlawyers.com\/es\/preguntas-frecuentes\/los-accidentes-de-scooters-electricos-pueden-causar-lesiones-extremadamente-graves\/#breadcrumb"},"inLanguage":"es","potentialAction":[{"@type":"ReadAction","target":["https:\/\/thehometownlawyers.com\/es\/preguntas-frecuentes\/los-accidentes-de-scooters-electricos-pueden-causar-lesiones-extremadamente-graves\/"]}]},{"@type":"ImageObject","inLanguage":"es","@id":"https:\/\/thehometownlawyers.com\/es\/preguntas-frecuentes\/los-accidentes-de-scooters-electricos-pueden-causar-lesiones-extremadamente-graves\/#primaryimage","url":"https:\/\/thehometownlawyers.com\/wp-content\/uploads\/2020\/01\/Scooter-Accident-Injury.jpg","contentUrl":"https:\/\/thehometownlawyers.com\/wp-content\/uploads\/2020\/01\/Scooter-Accident-Injury.jpg","width":640,"height":426,"caption":"Abogado de accidente de scooter"},{"@type":"BreadcrumbList","@id":"https:\/\/thehometownlawyers.com\/es\/preguntas-frecuentes\/los-accidentes-de-scooters-electricos-pueden-causar-lesiones-extremadamente-graves\/#breadcrumb","itemListElement":[{"@type":"ListItem","position":1,"name":"Home","item":"https:\/\/thehometownlawyers.com\/es\/"},{"@type":"ListItem","position":2,"name":"Preguntas Frecuentes","item":"https:\/\/thehometownlawyers.com\/es\/preguntas-frecuentes\/"},{"@type":"ListItem","position":3,"name":"Los accidentes de scooters el\u00e9ctricos pueden causar lesiones extremadamente graves"}]},{"@type":"WebSite","@id":"https:\/\/thehometownlawyers.com\/es\/#website","url":"https:\/\/thehometownlawyers.com\/es\/","name":"Kruger & Hodges Hometown Injury Lawyers | Accident Attorneys","description":"Attorneys for Car, Truck and Motorcycle Accidents, Personal Injuries, and Criminal Defense.","publisher":{"@id":"https:\/\/thehometownlawyers.com\/es\/#organization"},"alternateName":"Kruger & Hodges Personal Injury Lawyers","inLanguage":"es"},{"@type":"Organization","@id":"https:\/\/thehometownlawyers.com\/es\/#organization","name":"Kruger & Hodges Hometown Injury Lawyers","alternateName":"Kruger & Hodges","url":"https:\/\/thehometownlawyers.com\/es\/","logo":{"@type":"ImageObject","inLanguage":"es","@id":"https:\/\/thehometownlawyers.com\/es\/#\/schema\/logo\/image\/","url":"https:\/\/thehometownlawyers.com\/wp-content\/uploads\/2025\/12\/revised-kh-logo-vertical-white-background-scaled.png","contentUrl":"https:\/\/thehometownlawyers.com\/wp-content\/uploads\/2025\/12\/revised-kh-logo-vertical-white-background-scaled.png","width":2560,"height":1440,"caption":"Kruger & Hodges Hometown Injury Lawyers"},"image":{"@id":"https:\/\/thehometownlawyers.com\/es\/#\/schema\/logo\/image\/"},"sameAs":["https:\/\/www.facebook.com\/KrugerHodges\/","https:\/\/www.instagram.com\/krugerhodges\/","https:\/\/www.linkedin.com\/company\/kruger-hodges-hometown-injury-lawyers\/","https:\/\/www.youtube.com\/channel\/UCeYcMaMaN2rb9jMlqt4EIdQ","https:\/\/www.tiktok.com\/@thehometownlawyer"]}]}},"_links":{"self":[{"href":"https:\/\/thehometownlawyers.com\/es\/wp-json\/wp\/v2\/pages\/21039","targetHints":{"allow":["GET"]}}],"collection":[{"href":"https:\/\/thehometownlawyers.com\/es\/wp-json\/wp\/v2\/pages"}],"about":[{"href":"https:\/\/thehometownlawyers.com\/es\/wp-json\/wp\/v2\/types\/page"}],"author":[{"embeddable":true,"href":"https:\/\/thehometownlawyers.com\/es\/wp-json\/wp\/v2\/users\/7"}],"replies":[{"embeddable":true,"href":"https:\/\/thehometownlawyers.com\/es\/wp-json\/wp\/v2\/comments?post=21039"}],"version-history":[{"count":0,"href":"https:\/\/thehometownlawyers.com\/es\/wp-json\/wp\/v2\/pages\/21039\/revisions"}],"up":[{"embeddable":true,"href":"https:\/\/thehometownlawyers.com\/es\/wp-json\/wp\/v2\/pages\/20989"}],"wp:featuredmedia":[{"embeddable":true,"href":"https:\/\/thehometownlawyers.com\/es\/wp-json\/wp\/v2\/media\/20716"}],"wp:attachment":[{"href":"https:\/\/thehometownlawyers.com\/es\/wp-json\/wp\/v2\/media?parent=21039"}],"wp:term":[{"taxonomy":"hc_faqs","embeddable":true,"href":"https:\/\/thehometownlawyers.com\/es\/wp-json\/wp\/v2\/hc_faqs?post=21039"},{"taxonomy":"hc_spanish_faqs","embeddable":true,"href":"https:\/\/thehometownlawyers.com\/es\/wp-json\/wp\/v2\/hc_spanish_faqs?post=21039"}],"curies":[{"name":"wp","href":"https:\/\/api.w.org\/{rel}","templated":true}]}}