{"id":21040,"date":"2021-09-14T21:13:16","date_gmt":"2021-09-15T01:13:16","guid":{"rendered":"https:\/\/thehometownlawyers.com\/?post_type=faq&#038;p=21040"},"modified":"2025-01-31T11:22:55","modified_gmt":"2025-01-31T16:22:55","slug":"como-puede-mi-hijo-evitar-lesiones-en-el-patio-de-recreo","status":"publish","type":"page","link":"https:\/\/thehometownlawyers.com\/es\/preguntas-frecuentes\/como-puede-mi-hijo-evitar-lesiones-en-el-patio-de-recreo\/","title":{"rendered":"\u00bfC\u00f3mo puede mi hijo evitar lesiones en el patio de recreo?"},"content":{"rendered":"<p><strong>\u00bfC\u00f3mo puede mi hijo evitar lesiones en el patio de recreo? <\/strong>Los parques infantiles son lugares maravillosos para que todos los miembros de la familia corran, jueguen y disfruten de la compa\u00f1\u00eda de los dem\u00e1s. Para los ni\u00f1os peque\u00f1os, los parques infantiles ofrecen la oportunidad de poner a prueba su fuerza, habilidad e imaginaci\u00f3n. Si bien muchos ni\u00f1os visitan los parques infantiles y llegan a casa sin lesionarse, debe tomar medidas para evitar lesiones en los parques infantiles.<\/p>\n<p>Las estad\u00edsticas revelan que cada a\u00f1o, las salas de emergencia en los Estados Unidos tratan a aproximadamente 200,000 ni\u00f1os por <a href=\"https:\/\/thehometownlawyers.com\/es\/\">lesiones<\/a> sufridas en el patio de recreo. Los <a href=\"https:\/\/www.cdc.gov\/\" target=\"_blank\" rel=\"noopener\">Centros para el Control de Enfermedades<\/a> informan que la mitad de estos accidentes son bastante graves. Afortunadamente, hay algunos pasos que puede tomar como padre para reducir el riesgo de que sus hijos sufran lesiones en un accidente en el patio de recreo.<\/p>\n<h3>Inspeccione los parques infantiles antes de que los ni\u00f1os jueguen<\/h3>\n<p>Muchos parques infantiles contienen peligros que pueden causar lesiones a los ni\u00f1os. Esos peligros a menudo son evidentes, pero no siempre, as\u00ed que busque un nuevo patio de recreo antes de que su hijo juegue all\u00ed. Para evitar lesiones en el patio de recreo, aseg\u00farese de que las \u00e1reas que lo rodean est\u00e9n cubiertas con un material suave como arena o astillas de madera para suavizar el impacto en caso de que el ni\u00f1o se caiga. Cualquier \u00e1rea elevada que est\u00e9 a m\u00e1s de 30 pulgadas del suelo debe tener rieles o barreras que protejan a los ni\u00f1os de caer por el costado. Y, por supuesto, si alg\u00fan equipo del patio de recreo parece estar roto, no permita que su hijo lo use.<\/p>\n<p class=\"rs-content-cta rs-content-cta-small\">Para una consulta legal gratuita, llame al <a href=\"tel:+15138943333\">513-894-3333 <\/a><\/p><h3>Evite los riesgos de estrangulamiento<\/h3>\n<p>La <a href=\"https:\/\/www.aap.org\/\" target=\"_blank\" rel=\"noopener\">Academia Estadounidense de Pediatr\u00eda<\/a> advierte que los ni\u00f1os no deben jugar ni usar nada que pueda enredarse en el equipo del patio de recreo y provocar estrangulaci\u00f3n. Los padres nunca deben atar o sujetar a sus hijos al equipo del patio de recreo. Evite enviar a sus hijos al patio de recreo con ropa excesivamente holgada o con cordones que puedan engancharse f\u00e1cilmente en el equipo.<\/p>\n<h3>Evite la exposici\u00f3n al sol nociva<\/h3>\n<p>Pocos parques infantiles p\u00fablicos ofrecen protecci\u00f3n solar adecuada. Aseg\u00farese de que sus hijos limiten la cantidad de sol a la que est\u00e1n expuestos. Env\u00ede a sus hijos a jugar con abundante protector solar en la piel y sombreros con alas para proteger sus rostros de la exposici\u00f3n al sol. Limite el tiempo de juego en las horas de m\u00e1xima exposici\u00f3n al sol y familiar\u00edcese con los signos de las enfermedades causadas por el calor. Ense\u00f1e a los ni\u00f1os que si el equipo del patio de recreo est\u00e1 caliente al tacto, entonces est\u00e1 demasiado caliente para su piel. Mantenga siempre a sus hijos hidratados cuando est\u00e9n jugando al aire libre.<\/p>\n<p class=\"rs-content-cta rs-content-cta-small\"><a href=\"\/es\/contacto\/\">Haga clic para contactar<\/a> con nuestros  abogados hoy<\/p><h3>Practique la seguridad en los toboganes<\/h3>\n<p>Muchos ni\u00f1os disfrutan de los toboganes, que ofrecen un elemento de emoci\u00f3n y riesgo en un entorno seguro. Para mantenerse seguros en un tobog\u00e1n, los ni\u00f1os deben seguir algunas reglas b\u00e1sicas. Evite los portaobjetos de metal o pl\u00e1stico en d\u00edas muy calurosos, ya que sus superficies pueden quemar la piel. Las \u00e1reas superiores de los toboganes deben tener barreras para mantener a los ni\u00f1os a salvo de ca\u00eddas.<\/p>\n<p>Aseg\u00farese de que la base de un tobog\u00e1n sea un \u00e1rea acolchada, que pueda suavizar el golpe en caso de que los ni\u00f1os se caigan. Los ni\u00f1os deben evitar deslizarse por los toboganes con otros ni\u00f1os, lo que puede provocar lesiones. Los ni\u00f1os tambi\u00e9n deben deslizarse por los toboganes y nunca intentar caminar o trepar por los toboganes desde abajo.<\/p>\n<p class=\"rs-content-cta rs-content-cta-small\">Complete una <a href=\"\/es\/contacto\/\">evaluaci\u00f3n gratuita de su caso<\/a> ahora<\/p><h3>Mant\u00e9ngase seguro en los columpios<\/h3>\n<p>Los columpios brindan grandes beneficios a los ni\u00f1os. Ayudan a desarrollar m\u00fasculos, mejorar las habilidades sensoriales y calmar los nervios. Desafortunadamente, los accidentes que ocurren en los columpios pueden provocar lesiones graves. Ense\u00f1e a los ni\u00f1os a mantener una sana distancia de los columpios cuando pasen junto a ellos. Tambi\u00e9n trate de evitar que sus hijos salten de los columpios.<\/p>\n<h3>Aseg\u00farese de que los ni\u00f1os usen equipos apropiados para su edad<\/h3>\n<p>No todos los ni\u00f1os desarrollan habilidades f\u00edsicas y fuerza muscular al mismo ritmo. Por esta raz\u00f3n, algunos ni\u00f1os est\u00e1n m\u00e1s preparados para usar ciertos tipos de equipos de juegos que otros, incluso cuando tienen la misma edad o tama\u00f1o.<\/p>\n<p>Los padres deben alentar a los ni\u00f1os a usar equipos apropiados para su edad y brindar la ayuda necesaria en caso de que los ni\u00f1os quieran probar algo nuevo. Por ejemplo, si un ni\u00f1o quiere probar las barras de mono por primera vez, debe apoyar esa decisi\u00f3n si es apropiada para su desarrollo y ofrecerle ayuda para evitar ca\u00eddas.<\/p>\n<h2>P\u00f3ngase en contacto con un abogado experimentado en lesiones personales de Ohio<\/h2>\n<p>Si su hijo se lesiona mientras est\u00e1 en el patio de recreo, no debe dudar en hablar con un abogado con experiencia en accidentes que pueda ayudarlo a luchar por la compensaci\u00f3n que su familia merece.<\/p>\n<p><a href=\"https:\/\/thehometownlawyers.com\/es\/contacto\/\">P\u00f3ngase<\/a> en contacto con Kruger &amp; Hodges hoy para programar una consulta inicial gratuita.<\/p>\n<h3><em>Enlaces relacionados:<\/em><\/h3>\n<p><a href=\"https:\/\/thehometownlawyers.com\/es\/abogados-de-lesiones-personales-de-middletown\/\">Abogados de lesiones personales en Middletown, OH<\/a><br \/>\n<a href=\"https:\/\/thehometownlawyers.com\/es\/\">Responsabilidad de los locales<\/a><br \/>\n\u00bfQu\u00e9 pasa si mi hijo es mordido por un perro?<\/p>\n<p class=\"rs-content-cta rs-content-cta-small\">Llame o env\u00ede un mensaje de texto al <a href=\"tel:+15138943333\">513-894-3333<\/a> o complete una <a href=\"\/es\/contacto\/\">evaluaci\u00f3n gratuita de su caso<\/a><\/p>","protected":false},"excerpt":{"rendered":"<p>\u00bfC\u00f3mo puede mi hijo evitar lesiones en el patio de recreo? Los parques infantiles son lugares maravillosos para que todos los miembros de la familia corran, jueguen y disfruten de la compa\u00f1\u00eda de los dem\u00e1s. Para los ni\u00f1os peque\u00f1os, los parques infantiles ofrecen la oportunidad de poner a prueba su fuerza, habilidad e imaginaci\u00f3n. Si &#8230;<\/p>\n","protected":false},"author":7,"featured_media":20703,"parent":20989,"menu_order":0,"comment_status":"closed","ping_status":"closed","template":"","meta":{"_acf_changed":false,"inline_featured_image":false,"_genesis_hide_title":false,"_genesis_hide_breadcrumbs":false,"_genesis_hide_singular_image":false,"_genesis_hide_footer_widgets":false,"_genesis_custom_body_class":"","_genesis_custom_post_class":"","_genesis_layout":"","footnotes":""},"hc_faqs":[323],"hc_spanish_faqs":[],"class_list":{"0":"post-21040","1":"page","2":"type-page","3":"status-publish","4":"has-post-thumbnail","6":"hc_faqs-lesiones-personales","7":"entry"},"acf":[],"yoast_head":"<!-- This site is optimized with the Yoast SEO plugin v27.3 - https:\/\/yoast.com\/product\/yoast-seo-wordpress\/ -->\n<title>\u00bfC\u00f3mo puede mi hijo evitar lesiones en el patio de recreo?: Consulta gratuita<\/title>\n<meta name=\"description\" content=\"\u00bfC\u00f3mo puede mi hijo evitar lesiones en el patio de recreo? Si bien muchos ni\u00f1os visitan los parques infantiles sin lesionarse, usted puede trabajar para prevenir las lesiones en los parques infantiles.\" \/>\n<meta name=\"robots\" content=\"index, follow, max-snippet:-1, max-image-preview:large, max-video-preview:-1\" \/>\n<link rel=\"canonical\" href=\"https:\/\/thehometownlawyers.com\/es\/preguntas-frecuentes\/como-puede-mi-hijo-evitar-lesiones-en-el-patio-de-recreo\/\" \/>\n<meta property=\"og:locale\" content=\"es_MX\" \/>\n<meta property=\"og:type\" content=\"article\" \/>\n<meta property=\"og:title\" content=\"\u00bfC\u00f3mo puede mi hijo evitar lesiones en el patio de recreo?: Consulta gratuita\" \/>\n<meta property=\"og:description\" content=\"\u00bfC\u00f3mo puede mi hijo evitar lesiones en el patio de recreo? Si bien muchos ni\u00f1os visitan los parques infantiles sin lesionarse, usted puede trabajar para prevenir las lesiones en los parques infantiles.\" \/>\n<meta property=\"og:url\" content=\"https:\/\/thehometownlawyers.com\/es\/preguntas-frecuentes\/como-puede-mi-hijo-evitar-lesiones-en-el-patio-de-recreo\/\" \/>\n<meta property=\"og:site_name\" content=\"Kruger &amp; Hodges Abogados De Lesiones\" \/>\n<meta property=\"article:publisher\" content=\"https:\/\/www.facebook.com\/KrugerHodges\/\" \/>\n<meta property=\"article:modified_time\" content=\"2025-01-31T16:22:55+00:00\" \/>\n<meta property=\"og:image\" content=\"https:\/\/thehometownlawyers.com\/wp-content\/uploads\/2019\/09\/Playground-Injury-Lawyer.jpg\" \/>\n\t<meta property=\"og:image:width\" content=\"640\" \/>\n\t<meta property=\"og:image:height\" content=\"426\" \/>\n\t<meta property=\"og:image:type\" content=\"image\/jpeg\" \/>\n<meta name=\"twitter:card\" content=\"summary_large_image\" \/>\n<meta name=\"twitter:label1\" content=\"Tiempo de lectura\" \/>\n\t<meta name=\"twitter:data1\" content=\"4 minutos\" \/>\n<script type=\"application\/ld+json\" class=\"yoast-schema-graph\">{\"@context\":\"https:\\\/\\\/schema.org\",\"@graph\":[{\"@type\":\"WebPage\",\"@id\":\"https:\\\/\\\/thehometownlawyers.com\\\/es\\\/preguntas-frecuentes\\\/como-puede-mi-hijo-evitar-lesiones-en-el-patio-de-recreo\\\/\",\"url\":\"https:\\\/\\\/thehometownlawyers.com\\\/es\\\/preguntas-frecuentes\\\/como-puede-mi-hijo-evitar-lesiones-en-el-patio-de-recreo\\\/\",\"name\":\"\u00bfC\u00f3mo puede mi hijo evitar lesiones en el patio de recreo?: Consulta gratuita\",\"isPartOf\":{\"@id\":\"https:\\\/\\\/thehometownlawyers.com\\\/es\\\/#website\"},\"primaryImageOfPage\":{\"@id\":\"https:\\\/\\\/thehometownlawyers.com\\\/es\\\/preguntas-frecuentes\\\/como-puede-mi-hijo-evitar-lesiones-en-el-patio-de-recreo\\\/#primaryimage\"},\"image\":{\"@id\":\"https:\\\/\\\/thehometownlawyers.com\\\/es\\\/preguntas-frecuentes\\\/como-puede-mi-hijo-evitar-lesiones-en-el-patio-de-recreo\\\/#primaryimage\"},\"thumbnailUrl\":\"https:\\\/\\\/thehometownlawyers.com\\\/wp-content\\\/uploads\\\/2019\\\/09\\\/Playground-Injury-Lawyer.jpg\",\"datePublished\":\"2021-09-15T01:13:16+00:00\",\"dateModified\":\"2025-01-31T16:22:55+00:00\",\"description\":\"\u00bfC\u00f3mo puede mi hijo evitar lesiones en el patio de recreo? Si bien muchos ni\u00f1os visitan los parques infantiles sin lesionarse, usted puede trabajar para prevenir las lesiones en los parques infantiles.\",\"breadcrumb\":{\"@id\":\"https:\\\/\\\/thehometownlawyers.com\\\/es\\\/preguntas-frecuentes\\\/como-puede-mi-hijo-evitar-lesiones-en-el-patio-de-recreo\\\/#breadcrumb\"},\"inLanguage\":\"es\",\"potentialAction\":[{\"@type\":\"ReadAction\",\"target\":[\"https:\\\/\\\/thehometownlawyers.com\\\/es\\\/preguntas-frecuentes\\\/como-puede-mi-hijo-evitar-lesiones-en-el-patio-de-recreo\\\/\"]}]},{\"@type\":\"ImageObject\",\"inLanguage\":\"es\",\"@id\":\"https:\\\/\\\/thehometownlawyers.com\\\/es\\\/preguntas-frecuentes\\\/como-puede-mi-hijo-evitar-lesiones-en-el-patio-de-recreo\\\/#primaryimage\",\"url\":\"https:\\\/\\\/thehometownlawyers.com\\\/wp-content\\\/uploads\\\/2019\\\/09\\\/Playground-Injury-Lawyer.jpg\",\"contentUrl\":\"https:\\\/\\\/thehometownlawyers.com\\\/wp-content\\\/uploads\\\/2019\\\/09\\\/Playground-Injury-Lawyer.jpg\",\"width\":640,\"height\":426,\"caption\":\"Abogado de lesiones en parques infantiles\"},{\"@type\":\"BreadcrumbList\",\"@id\":\"https:\\\/\\\/thehometownlawyers.com\\\/es\\\/preguntas-frecuentes\\\/como-puede-mi-hijo-evitar-lesiones-en-el-patio-de-recreo\\\/#breadcrumb\",\"itemListElement\":[{\"@type\":\"ListItem\",\"position\":1,\"name\":\"Home\",\"item\":\"https:\\\/\\\/thehometownlawyers.com\\\/es\\\/\"},{\"@type\":\"ListItem\",\"position\":2,\"name\":\"Preguntas Frecuentes\",\"item\":\"https:\\\/\\\/thehometownlawyers.com\\\/es\\\/preguntas-frecuentes\\\/\"},{\"@type\":\"ListItem\",\"position\":3,\"name\":\"\u00bfC\u00f3mo puede mi hijo evitar lesiones en el patio de recreo?\"}]},{\"@type\":\"WebSite\",\"@id\":\"https:\\\/\\\/thehometownlawyers.com\\\/es\\\/#website\",\"url\":\"https:\\\/\\\/thehometownlawyers.com\\\/es\\\/\",\"name\":\"Kruger & Hodges Hometown Injury Lawyers | Accident Attorneys\",\"description\":\"Attorneys for Car, Truck and Motorcycle Accidents, Personal Injuries, and Criminal Defense.\",\"publisher\":{\"@id\":\"https:\\\/\\\/thehometownlawyers.com\\\/es\\\/#organization\"},\"alternateName\":\"Kruger & Hodges Personal Injury Lawyers\",\"inLanguage\":\"es\"},{\"@type\":\"Organization\",\"@id\":\"https:\\\/\\\/thehometownlawyers.com\\\/es\\\/#organization\",\"name\":\"Kruger & Hodges Hometown Injury Lawyers\",\"alternateName\":\"Kruger & Hodges\",\"url\":\"https:\\\/\\\/thehometownlawyers.com\\\/es\\\/\",\"logo\":{\"@type\":\"ImageObject\",\"inLanguage\":\"es\",\"@id\":\"https:\\\/\\\/thehometownlawyers.com\\\/es\\\/#\\\/schema\\\/logo\\\/image\\\/\",\"url\":\"https:\\\/\\\/thehometownlawyers.com\\\/wp-content\\\/uploads\\\/2025\\\/12\\\/revised-kh-logo-vertical-white-background-scaled.png\",\"contentUrl\":\"https:\\\/\\\/thehometownlawyers.com\\\/wp-content\\\/uploads\\\/2025\\\/12\\\/revised-kh-logo-vertical-white-background-scaled.png\",\"width\":2560,\"height\":1440,\"caption\":\"Kruger & Hodges Hometown Injury Lawyers\"},\"image\":{\"@id\":\"https:\\\/\\\/thehometownlawyers.com\\\/es\\\/#\\\/schema\\\/logo\\\/image\\\/\"},\"sameAs\":[\"https:\\\/\\\/www.facebook.com\\\/KrugerHodges\\\/\",\"https:\\\/\\\/www.instagram.com\\\/krugerhodges\\\/\",\"https:\\\/\\\/www.linkedin.com\\\/company\\\/kruger-hodges-hometown-injury-lawyers\\\/\",\"https:\\\/\\\/www.youtube.com\\\/channel\\\/UCeYcMaMaN2rb9jMlqt4EIdQ\",\"https:\\\/\\\/www.tiktok.com\\\/@thehometownlawyer\"]}]}<\/script>\n<!-- \/ Yoast SEO plugin. -->","yoast_head_json":{"title":"\u00bfC\u00f3mo puede mi hijo evitar lesiones en el patio de recreo?: Consulta gratuita","description":"\u00bfC\u00f3mo puede mi hijo evitar lesiones en el patio de recreo? Si bien muchos ni\u00f1os visitan los parques infantiles sin lesionarse, usted puede trabajar para prevenir las lesiones en los parques infantiles.","robots":{"index":"index","follow":"follow","max-snippet":"max-snippet:-1","max-image-preview":"max-image-preview:large","max-video-preview":"max-video-preview:-1"},"canonical":"https:\/\/thehometownlawyers.com\/es\/preguntas-frecuentes\/como-puede-mi-hijo-evitar-lesiones-en-el-patio-de-recreo\/","og_locale":"es_MX","og_type":"article","og_title":"\u00bfC\u00f3mo puede mi hijo evitar lesiones en el patio de recreo?: Consulta gratuita","og_description":"\u00bfC\u00f3mo puede mi hijo evitar lesiones en el patio de recreo? Si bien muchos ni\u00f1os visitan los parques infantiles sin lesionarse, usted puede trabajar para prevenir las lesiones en los parques infantiles.","og_url":"https:\/\/thehometownlawyers.com\/es\/preguntas-frecuentes\/como-puede-mi-hijo-evitar-lesiones-en-el-patio-de-recreo\/","og_site_name":"Kruger &amp; Hodges Abogados De Lesiones","article_publisher":"https:\/\/www.facebook.com\/KrugerHodges\/","article_modified_time":"2025-01-31T16:22:55+00:00","og_image":[{"width":640,"height":426,"url":"https:\/\/thehometownlawyers.com\/wp-content\/uploads\/2019\/09\/Playground-Injury-Lawyer.jpg","type":"image\/jpeg"}],"twitter_card":"summary_large_image","twitter_misc":{"Tiempo de lectura":"4 minutos"},"schema":{"@context":"https:\/\/schema.org","@graph":[{"@type":"WebPage","@id":"https:\/\/thehometownlawyers.com\/es\/preguntas-frecuentes\/como-puede-mi-hijo-evitar-lesiones-en-el-patio-de-recreo\/","url":"https:\/\/thehometownlawyers.com\/es\/preguntas-frecuentes\/como-puede-mi-hijo-evitar-lesiones-en-el-patio-de-recreo\/","name":"\u00bfC\u00f3mo puede mi hijo evitar lesiones en el patio de recreo?: Consulta gratuita","isPartOf":{"@id":"https:\/\/thehometownlawyers.com\/es\/#website"},"primaryImageOfPage":{"@id":"https:\/\/thehometownlawyers.com\/es\/preguntas-frecuentes\/como-puede-mi-hijo-evitar-lesiones-en-el-patio-de-recreo\/#primaryimage"},"image":{"@id":"https:\/\/thehometownlawyers.com\/es\/preguntas-frecuentes\/como-puede-mi-hijo-evitar-lesiones-en-el-patio-de-recreo\/#primaryimage"},"thumbnailUrl":"https:\/\/thehometownlawyers.com\/wp-content\/uploads\/2019\/09\/Playground-Injury-Lawyer.jpg","datePublished":"2021-09-15T01:13:16+00:00","dateModified":"2025-01-31T16:22:55+00:00","description":"\u00bfC\u00f3mo puede mi hijo evitar lesiones en el patio de recreo? Si bien muchos ni\u00f1os visitan los parques infantiles sin lesionarse, usted puede trabajar para prevenir las lesiones en los parques infantiles.","breadcrumb":{"@id":"https:\/\/thehometownlawyers.com\/es\/preguntas-frecuentes\/como-puede-mi-hijo-evitar-lesiones-en-el-patio-de-recreo\/#breadcrumb"},"inLanguage":"es","potentialAction":[{"@type":"ReadAction","target":["https:\/\/thehometownlawyers.com\/es\/preguntas-frecuentes\/como-puede-mi-hijo-evitar-lesiones-en-el-patio-de-recreo\/"]}]},{"@type":"ImageObject","inLanguage":"es","@id":"https:\/\/thehometownlawyers.com\/es\/preguntas-frecuentes\/como-puede-mi-hijo-evitar-lesiones-en-el-patio-de-recreo\/#primaryimage","url":"https:\/\/thehometownlawyers.com\/wp-content\/uploads\/2019\/09\/Playground-Injury-Lawyer.jpg","contentUrl":"https:\/\/thehometownlawyers.com\/wp-content\/uploads\/2019\/09\/Playground-Injury-Lawyer.jpg","width":640,"height":426,"caption":"Abogado de lesiones en parques infantiles"},{"@type":"BreadcrumbList","@id":"https:\/\/thehometownlawyers.com\/es\/preguntas-frecuentes\/como-puede-mi-hijo-evitar-lesiones-en-el-patio-de-recreo\/#breadcrumb","itemListElement":[{"@type":"ListItem","position":1,"name":"Home","item":"https:\/\/thehometownlawyers.com\/es\/"},{"@type":"ListItem","position":2,"name":"Preguntas Frecuentes","item":"https:\/\/thehometownlawyers.com\/es\/preguntas-frecuentes\/"},{"@type":"ListItem","position":3,"name":"\u00bfC\u00f3mo puede mi hijo evitar lesiones en el patio de recreo?"}]},{"@type":"WebSite","@id":"https:\/\/thehometownlawyers.com\/es\/#website","url":"https:\/\/thehometownlawyers.com\/es\/","name":"Kruger & Hodges Hometown Injury Lawyers | Accident Attorneys","description":"Attorneys for Car, Truck and Motorcycle Accidents, Personal Injuries, and Criminal Defense.","publisher":{"@id":"https:\/\/thehometownlawyers.com\/es\/#organization"},"alternateName":"Kruger & Hodges Personal Injury Lawyers","inLanguage":"es"},{"@type":"Organization","@id":"https:\/\/thehometownlawyers.com\/es\/#organization","name":"Kruger & Hodges Hometown Injury Lawyers","alternateName":"Kruger & Hodges","url":"https:\/\/thehometownlawyers.com\/es\/","logo":{"@type":"ImageObject","inLanguage":"es","@id":"https:\/\/thehometownlawyers.com\/es\/#\/schema\/logo\/image\/","url":"https:\/\/thehometownlawyers.com\/wp-content\/uploads\/2025\/12\/revised-kh-logo-vertical-white-background-scaled.png","contentUrl":"https:\/\/thehometownlawyers.com\/wp-content\/uploads\/2025\/12\/revised-kh-logo-vertical-white-background-scaled.png","width":2560,"height":1440,"caption":"Kruger & Hodges Hometown Injury Lawyers"},"image":{"@id":"https:\/\/thehometownlawyers.com\/es\/#\/schema\/logo\/image\/"},"sameAs":["https:\/\/www.facebook.com\/KrugerHodges\/","https:\/\/www.instagram.com\/krugerhodges\/","https:\/\/www.linkedin.com\/company\/kruger-hodges-hometown-injury-lawyers\/","https:\/\/www.youtube.com\/channel\/UCeYcMaMaN2rb9jMlqt4EIdQ","https:\/\/www.tiktok.com\/@thehometownlawyer"]}]}},"_links":{"self":[{"href":"https:\/\/thehometownlawyers.com\/es\/wp-json\/wp\/v2\/pages\/21040","targetHints":{"allow":["GET"]}}],"collection":[{"href":"https:\/\/thehometownlawyers.com\/es\/wp-json\/wp\/v2\/pages"}],"about":[{"href":"https:\/\/thehometownlawyers.com\/es\/wp-json\/wp\/v2\/types\/page"}],"author":[{"embeddable":true,"href":"https:\/\/thehometownlawyers.com\/es\/wp-json\/wp\/v2\/users\/7"}],"replies":[{"embeddable":true,"href":"https:\/\/thehometownlawyers.com\/es\/wp-json\/wp\/v2\/comments?post=21040"}],"version-history":[{"count":0,"href":"https:\/\/thehometownlawyers.com\/es\/wp-json\/wp\/v2\/pages\/21040\/revisions"}],"up":[{"embeddable":true,"href":"https:\/\/thehometownlawyers.com\/es\/wp-json\/wp\/v2\/pages\/20989"}],"wp:featuredmedia":[{"embeddable":true,"href":"https:\/\/thehometownlawyers.com\/es\/wp-json\/wp\/v2\/media\/20703"}],"wp:attachment":[{"href":"https:\/\/thehometownlawyers.com\/es\/wp-json\/wp\/v2\/media?parent=21040"}],"wp:term":[{"taxonomy":"hc_faqs","embeddable":true,"href":"https:\/\/thehometownlawyers.com\/es\/wp-json\/wp\/v2\/hc_faqs?post=21040"},{"taxonomy":"hc_spanish_faqs","embeddable":true,"href":"https:\/\/thehometownlawyers.com\/es\/wp-json\/wp\/v2\/hc_spanish_faqs?post=21040"}],"curies":[{"name":"wp","href":"https:\/\/api.w.org\/{rel}","templated":true}]}}