{"id":21042,"date":"2020-01-13T14:03:53","date_gmt":"2020-01-13T19:03:53","guid":{"rendered":"https:\/\/thehometownlawyers.com\/?post_type=faq&#038;p=21042"},"modified":"2025-03-24T13:19:32","modified_gmt":"2025-03-24T17:19:32","slug":"accidentes-automovilisticos-en-ohio-que-involucran-condiciones-humedas","status":"publish","type":"page","link":"https:\/\/thehometownlawyers.com\/es\/preguntas-frecuentes\/accidentes-automovilisticos-en-ohio-que-involucran-condiciones-humedas\/","title":{"rendered":"Accidentes automovil\u00edsticos en Ohio que involucran condiciones h\u00famedas"},"content":{"rendered":"<p>La <a href=\"https:\/\/www.fhwa.dot.gov\/\" target=\"_blank\" rel=\"noopener\">Administraci\u00f3n Federal de Carreteras<\/a> informa que hay aproximadamente 5.748.000 accidentes de veh\u00edculos en este pa\u00eds cada a\u00f1o. Puede ser una sorpresa, pero aproximadamente el 22 % de estos accidentes se deben, al menos en parte, al clima. Cuando ocurren choques relacionados con el clima, con mayor frecuencia son causados por caminos que est\u00e1n mojados por la lluvia o la nieve. Estos n\u00fameros deben tomarse en serio dada la cantidad de nieve y lluvia que el estado de Ohio ve cada a\u00f1o. Las siguientes son algunas consideraciones importantes sobre los riesgos de conducir en condiciones de clima h\u00famedo.<\/p>\n<h2>C\u00f3mo el clima h\u00famedo puede afectar la movilidad<\/h2>\n<p>Cuando las carreteras est\u00e1n mojadas, la movilidad de los automovilistas se ve afectada de varias maneras adem\u00e1s de una mayor resbaladiza. Los operadores de veh\u00edculos de motor deben planificar y darse m\u00e1s tiempo para llegar a su destino. Algunos de los principales problemas de movilidad que enfrentan los automovilistas incluyen:<\/p>\n<ul>\n<li>La capacidad de las carreteras en Ohio a menudo se reduce como resultado de la nieve. Como resultado, los automovilistas tienen menos tiempo para maniobrar alrededor de los obst\u00e1culos que surgen.<\/li>\n<li>Los sem\u00e1foros pueden verse interrumpidos por la lluvia o la nieve. Esto puede conducir a una falta de se\u00f1alizaci\u00f3n adecuada, lo que presenta un mayor riesgo de terminar en accidentes con otros conductores en la carretera.<\/li>\n<li>La acumulaci\u00f3n de lluvia y nieve puede dificultar que los automovilistas se detengan repentinamente cuando surgen condiciones peligrosas en la carretera.<\/li>\n<\/ul>\n<p class=\"rs-content-cta rs-content-cta-small\">Para una consulta legal gratuita, llame al <a href=\"tel:+15138943333\">513-894-3333 <\/a><\/p><h2>Mayor responsabilidad en condiciones clim\u00e1ticas adversas<\/h2>\n<p>Las mismas leyes de negligencia que se aplican en otros accidentes automovil\u00edsticos de Ohio tambi\u00e9n se aplican cuando las carreteras est\u00e1n mojadas. En muchos casos, las condiciones clim\u00e1ticas h\u00famedas incluso aumentan el deber de los conductores de tener el debido cuidado. Al viajar por las carreteras de Ohio bajo la lluvia o la nieve, los conductores comunican indirectamente que son conscientes de los riesgos que corren. Esto significa que los conductores deben tener precauci\u00f3n adicional asegur\u00e1ndose de:<\/p>\n<ul>\n<li>Los veh\u00edculos reciben el mantenimiento adecuado y est\u00e1n preparados para adaptarse a las condiciones de viaje en invierno.<\/li>\n<li>Para ajustar su velocidad durante condiciones de viaje deterioradas.<\/li>\n<li>Para mantener una mayor distancia con otros veh\u00edculos que cuando circulan en mejores condiciones.<\/li>\n<li>Para darse tiempo adicional para llegar a sus destinos para que no tengan prisa.<\/li>\n<li>Operar sus veh\u00edculos a la defensiva porque es probable que otros conductores en la carretera no est\u00e9n preparados para carreteras mojadas.<\/li>\n<\/ul>\n<h2>Consejos para viajar con seguridad por las carreteras mojadas de Ohio<\/h2>\n<p>Hay una serie de estrategias de conducci\u00f3n que los conductores que viajan sobre carreteras mojadas deben utilizar para evitar el riesgo de terminar en accidentes. \u00c9stas incluyen:<\/p>\n<ul>\n<li><strong>Evitar el control de crucero. <\/strong>Muchos veh\u00edculos modernos tienen control de crucero. Si bien esta puede ser una caracter\u00edstica ventajosa en condiciones secas, el uso del control de crucero en carreteras mojadas aumenta el riesgo de que un veh\u00edculo no pueda mantener una tracci\u00f3n segura con la carretera. Para evitar perder tracci\u00f3n, los automovilistas deber\u00edan reducir la velocidad de su veh\u00edculo. Sin mencionar que evitar el control de crucero permite a los conductores concentrarse m\u00e1s en las carreteras de Ohio y las condiciones circundantes.<\/li>\n<li><strong>Sepa c\u00f3mo responder a un derrape.<\/strong> Incluso los conductores m\u00e1s precavidos pueden acabar <a href=\"https:\/\/www.aarp.org\/auto\/driver-safety\/the-car-skids-what-you-should-do\/\" target=\"_blank\" rel=\"noopener\">derrapando<\/a> en carreteras mojadas. Si su veh\u00edculo comienza a patinar, debe evitar entrar en p\u00e1nico. En su lugar, debe conducir en la direcci\u00f3n en la que le gustar\u00eda que viajara su veh\u00edculo. Tambi\u00e9n debe evitar pisar los frenos porque esto har\u00e1 que el veh\u00edculo se sacuda violentamente fuera de control.<\/li>\n<li><strong>Desacelerar. <\/strong>Una de las estrategias de seguridad m\u00e1s cr\u00edticas a seguir cuando las carreteras est\u00e1n mojadas es reducir la velocidad. De esta manera, puede reducir las posibilidades de hidroplaneo de su veh\u00edculo. Incluso cuando se viaja a velocidades tan bajas como 35 millas por hora, las llantas de un veh\u00edculo pueden perder tracci\u00f3n con la carretera y el hidroavi\u00f3n. Adem\u00e1s de reducir la velocidad, los conductores tambi\u00e9n pueden evitar el hidroplaneo si nunca pisan los frenos ni giran bruscamente. Debido a que las condiciones pueden surgir repentinamente en carreteras mojadas y puede ser dif\u00edcil saber cu\u00e1ndo su veh\u00edculo patinar\u00e1 fuera de control, debe dejar suficiente distancia de frenado entre su veh\u00edculo y otros automovilistas en la carretera.<\/li>\n<\/ul>\n<p class=\"rs-content-cta rs-content-cta-small\"><a href=\"\/es\/contacto\/\">Haga clic para contactar<\/a> con nuestros  abogados hoy<\/p><h2>Hable con un abogado de accidentes de Ohio<\/h2>\n<p>Las consecuencias de los accidentes de tr\u00e1nsito relacionados con el clima en Ohio suelen ser devastadoras. Si usted o sus seres queridos se han visto afectados por uno de estos accidentes, no debe dudar en hablar con un abogado especializado en accidentes. P\u00f3ngase en contacto <a href=\"https:\/\/thehometownlawyers.com\/es\/\">con Kruger &amp; Hodges<\/a> hoy. Y recuerde, mant\u00e9ngase seguro bajo la lluvia y la nieve y evite conducir en estas condiciones peligrosas siempre que sea posible.<\/p>\n<p><a href=\"https:\/\/thehometownlawyers.com\/es\/contacto\/\">Oficina de abogados de Middletown<\/a><\/p>\n<p class=\"rs-content-cta rs-content-cta-small\">Llame o env\u00ede un mensaje de texto al <a href=\"tel:+15138943333\">513-894-3333<\/a> o complete una <a href=\"\/es\/contacto\/\">evaluaci\u00f3n gratuita de su caso<\/a><\/p>","protected":false},"excerpt":{"rendered":"<p>La Administraci\u00f3n Federal de Carreteras informa que hay aproximadamente 5.748.000 accidentes de veh\u00edculos en este pa\u00eds cada a\u00f1o. Puede ser una sorpresa, pero aproximadamente el 22 % de estos accidentes se deben, al menos en parte, al clima. Cuando ocurren choques relacionados con el clima, con mayor frecuencia son causados por caminos que est\u00e1n mojados &#8230;<\/p>\n","protected":false},"author":7,"featured_media":24654,"parent":20989,"menu_order":0,"comment_status":"closed","ping_status":"closed","template":"","meta":{"_acf_changed":false,"inline_featured_image":false,"_genesis_hide_title":false,"_genesis_hide_breadcrumbs":false,"_genesis_hide_singular_image":false,"_genesis_hide_footer_widgets":false,"_genesis_custom_body_class":"","_genesis_custom_post_class":"","_genesis_layout":"","footnotes":""},"hc_faqs":[316],"hc_spanish_faqs":[],"class_list":{"0":"post-21042","1":"page","2":"type-page","3":"status-publish","4":"has-post-thumbnail","6":"hc_faqs-accidente-de-automovilismo","7":"entry"},"acf":[],"yoast_head":"<!-- This site is optimized with the Yoast SEO plugin v27.2 - https:\/\/yoast.com\/product\/yoast-seo-wordpress\/ -->\n<title>Accidentes automovil\u00edsticos en Ohio que involucran condiciones h\u00famedas: Consulta gratuita<\/title>\n<meta name=\"description\" content=\"Cuando las carreteras est\u00e1n mojadas, la movilidad de los automovilistas se ve afectada de varias maneras adem\u00e1s de una mayor resbaladiza.\" \/>\n<meta name=\"robots\" content=\"index, follow, max-snippet:-1, max-image-preview:large, max-video-preview:-1\" \/>\n<link rel=\"canonical\" href=\"https:\/\/thehometownlawyers.com\/es\/preguntas-frecuentes\/accidentes-automovilisticos-en-ohio-que-involucran-condiciones-humedas\/\" \/>\n<meta property=\"og:locale\" content=\"es_MX\" \/>\n<meta property=\"og:type\" content=\"article\" \/>\n<meta property=\"og:title\" content=\"Accidentes automovil\u00edsticos en Ohio que involucran condiciones h\u00famedas: Consulta gratuita\" \/>\n<meta property=\"og:description\" content=\"Cuando las carreteras est\u00e1n mojadas, la movilidad de los automovilistas se ve afectada de varias maneras adem\u00e1s de una mayor resbaladiza.\" \/>\n<meta property=\"og:url\" content=\"https:\/\/thehometownlawyers.com\/es\/preguntas-frecuentes\/accidentes-automovilisticos-en-ohio-que-involucran-condiciones-humedas\/\" \/>\n<meta property=\"og:site_name\" content=\"Kruger &amp; Hodges Abogados De Lesiones\" \/>\n<meta property=\"article:publisher\" content=\"https:\/\/www.facebook.com\/KrugerHodges\/\" \/>\n<meta property=\"article:modified_time\" content=\"2025-03-24T17:19:32+00:00\" \/>\n<meta property=\"og:image\" content=\"https:\/\/thehometownlawyers.com\/wp-content\/uploads\/2025\/03\/accidentes-automovilisticos-en-ohio-que-involucran-condiciones-humedas.jpg\" \/>\n\t<meta property=\"og:image:width\" content=\"768\" \/>\n\t<meta property=\"og:image:height\" content=\"512\" \/>\n\t<meta property=\"og:image:type\" content=\"image\/jpeg\" \/>\n<meta name=\"twitter:card\" content=\"summary_large_image\" \/>\n<meta name=\"twitter:label1\" content=\"Tiempo de lectura\" \/>\n\t<meta name=\"twitter:data1\" content=\"4 minutos\" \/>\n<script type=\"application\/ld+json\" class=\"yoast-schema-graph\">{\"@context\":\"https:\/\/schema.org\",\"@graph\":[{\"@type\":\"WebPage\",\"@id\":\"https:\/\/thehometownlawyers.com\/es\/preguntas-frecuentes\/accidentes-automovilisticos-en-ohio-que-involucran-condiciones-humedas\/\",\"url\":\"https:\/\/thehometownlawyers.com\/es\/preguntas-frecuentes\/accidentes-automovilisticos-en-ohio-que-involucran-condiciones-humedas\/\",\"name\":\"Accidentes automovil\u00edsticos en Ohio que involucran condiciones h\u00famedas: Consulta gratuita\",\"isPartOf\":{\"@id\":\"https:\/\/thehometownlawyers.com\/es\/#website\"},\"primaryImageOfPage\":{\"@id\":\"https:\/\/thehometownlawyers.com\/es\/preguntas-frecuentes\/accidentes-automovilisticos-en-ohio-que-involucran-condiciones-humedas\/#primaryimage\"},\"image\":{\"@id\":\"https:\/\/thehometownlawyers.com\/es\/preguntas-frecuentes\/accidentes-automovilisticos-en-ohio-que-involucran-condiciones-humedas\/#primaryimage\"},\"thumbnailUrl\":\"https:\/\/thehometownlawyers.com\/wp-content\/uploads\/2025\/03\/accidentes-automovilisticos-en-ohio-que-involucran-condiciones-humedas.jpg\",\"datePublished\":\"2020-01-13T19:03:53+00:00\",\"dateModified\":\"2025-03-24T17:19:32+00:00\",\"description\":\"Cuando las carreteras est\u00e1n mojadas, la movilidad de los automovilistas se ve afectada de varias maneras adem\u00e1s de una mayor resbaladiza.\",\"breadcrumb\":{\"@id\":\"https:\/\/thehometownlawyers.com\/es\/preguntas-frecuentes\/accidentes-automovilisticos-en-ohio-que-involucran-condiciones-humedas\/#breadcrumb\"},\"inLanguage\":\"es\",\"potentialAction\":[{\"@type\":\"ReadAction\",\"target\":[\"https:\/\/thehometownlawyers.com\/es\/preguntas-frecuentes\/accidentes-automovilisticos-en-ohio-que-involucran-condiciones-humedas\/\"]}]},{\"@type\":\"ImageObject\",\"inLanguage\":\"es\",\"@id\":\"https:\/\/thehometownlawyers.com\/es\/preguntas-frecuentes\/accidentes-automovilisticos-en-ohio-que-involucran-condiciones-humedas\/#primaryimage\",\"url\":\"https:\/\/thehometownlawyers.com\/wp-content\/uploads\/2025\/03\/accidentes-automovilisticos-en-ohio-que-involucran-condiciones-humedas.jpg\",\"contentUrl\":\"https:\/\/thehometownlawyers.com\/wp-content\/uploads\/2025\/03\/accidentes-automovilisticos-en-ohio-que-involucran-condiciones-humedas.jpg\",\"width\":768,\"height\":512,\"caption\":\"Car crash dangerous accident on the road.\"},{\"@type\":\"BreadcrumbList\",\"@id\":\"https:\/\/thehometownlawyers.com\/es\/preguntas-frecuentes\/accidentes-automovilisticos-en-ohio-que-involucran-condiciones-humedas\/#breadcrumb\",\"itemListElement\":[{\"@type\":\"ListItem\",\"position\":1,\"name\":\"Home\",\"item\":\"https:\/\/thehometownlawyers.com\/es\/\"},{\"@type\":\"ListItem\",\"position\":2,\"name\":\"Preguntas Frecuentes\",\"item\":\"https:\/\/thehometownlawyers.com\/es\/preguntas-frecuentes\/\"},{\"@type\":\"ListItem\",\"position\":3,\"name\":\"Accidentes automovil\u00edsticos en Ohio que involucran condiciones h\u00famedas\"}]},{\"@type\":\"WebSite\",\"@id\":\"https:\/\/thehometownlawyers.com\/es\/#website\",\"url\":\"https:\/\/thehometownlawyers.com\/es\/\",\"name\":\"Kruger & Hodges Hometown Injury Lawyers | Accident Attorneys\",\"description\":\"Attorneys for Car, Truck and Motorcycle Accidents, Personal Injuries, and Criminal Defense.\",\"publisher\":{\"@id\":\"https:\/\/thehometownlawyers.com\/es\/#organization\"},\"alternateName\":\"Kruger & Hodges Personal Injury Lawyers\",\"inLanguage\":\"es\"},{\"@type\":\"Organization\",\"@id\":\"https:\/\/thehometownlawyers.com\/es\/#organization\",\"name\":\"Kruger & Hodges Hometown Injury Lawyers\",\"alternateName\":\"Kruger & Hodges Accident Attorneys\",\"url\":\"https:\/\/thehometownlawyers.com\/es\/\",\"logo\":{\"@type\":\"ImageObject\",\"inLanguage\":\"es\",\"@id\":\"https:\/\/thehometownlawyers.com\/es\/#\/schema\/logo\/image\/\",\"url\":\"https:\/\/thehometownlawyers.com\/wp-content\/uploads\/2025\/12\/revised-kh-logo-vertical-white-background-scaled.png\",\"contentUrl\":\"https:\/\/thehometownlawyers.com\/wp-content\/uploads\/2025\/12\/revised-kh-logo-vertical-white-background-scaled.png\",\"width\":2560,\"height\":1440,\"caption\":\"Kruger & Hodges Hometown Injury Lawyers\"},\"image\":{\"@id\":\"https:\/\/thehometownlawyers.com\/es\/#\/schema\/logo\/image\/\"},\"sameAs\":[\"https:\/\/www.facebook.com\/KrugerHodges\/\",\"https:\/\/www.instagram.com\/krugerhodges\/\",\"https:\/\/www.linkedin.com\/company\/kruger-hodges-hometown-injury-lawyers\/\",\"https:\/\/www.youtube.com\/channel\/UCeYcMaMaN2rb9jMlqt4EIdQ\",\"https:\/\/www.tiktok.com\/@thehometownlawyer\"]}]}<\/script>\n<!-- \/ Yoast SEO plugin. -->","yoast_head_json":{"title":"Accidentes automovil\u00edsticos en Ohio que involucran condiciones h\u00famedas: Consulta gratuita","description":"Cuando las carreteras est\u00e1n mojadas, la movilidad de los automovilistas se ve afectada de varias maneras adem\u00e1s de una mayor resbaladiza.","robots":{"index":"index","follow":"follow","max-snippet":"max-snippet:-1","max-image-preview":"max-image-preview:large","max-video-preview":"max-video-preview:-1"},"canonical":"https:\/\/thehometownlawyers.com\/es\/preguntas-frecuentes\/accidentes-automovilisticos-en-ohio-que-involucran-condiciones-humedas\/","og_locale":"es_MX","og_type":"article","og_title":"Accidentes automovil\u00edsticos en Ohio que involucran condiciones h\u00famedas: Consulta gratuita","og_description":"Cuando las carreteras est\u00e1n mojadas, la movilidad de los automovilistas se ve afectada de varias maneras adem\u00e1s de una mayor resbaladiza.","og_url":"https:\/\/thehometownlawyers.com\/es\/preguntas-frecuentes\/accidentes-automovilisticos-en-ohio-que-involucran-condiciones-humedas\/","og_site_name":"Kruger &amp; Hodges Abogados De Lesiones","article_publisher":"https:\/\/www.facebook.com\/KrugerHodges\/","article_modified_time":"2025-03-24T17:19:32+00:00","og_image":[{"width":768,"height":512,"url":"https:\/\/thehometownlawyers.com\/wp-content\/uploads\/2025\/03\/accidentes-automovilisticos-en-ohio-que-involucran-condiciones-humedas.jpg","type":"image\/jpeg"}],"twitter_card":"summary_large_image","twitter_misc":{"Tiempo de lectura":"4 minutos"},"schema":{"@context":"https:\/\/schema.org","@graph":[{"@type":"WebPage","@id":"https:\/\/thehometownlawyers.com\/es\/preguntas-frecuentes\/accidentes-automovilisticos-en-ohio-que-involucran-condiciones-humedas\/","url":"https:\/\/thehometownlawyers.com\/es\/preguntas-frecuentes\/accidentes-automovilisticos-en-ohio-que-involucran-condiciones-humedas\/","name":"Accidentes automovil\u00edsticos en Ohio que involucran condiciones h\u00famedas: Consulta gratuita","isPartOf":{"@id":"https:\/\/thehometownlawyers.com\/es\/#website"},"primaryImageOfPage":{"@id":"https:\/\/thehometownlawyers.com\/es\/preguntas-frecuentes\/accidentes-automovilisticos-en-ohio-que-involucran-condiciones-humedas\/#primaryimage"},"image":{"@id":"https:\/\/thehometownlawyers.com\/es\/preguntas-frecuentes\/accidentes-automovilisticos-en-ohio-que-involucran-condiciones-humedas\/#primaryimage"},"thumbnailUrl":"https:\/\/thehometownlawyers.com\/wp-content\/uploads\/2025\/03\/accidentes-automovilisticos-en-ohio-que-involucran-condiciones-humedas.jpg","datePublished":"2020-01-13T19:03:53+00:00","dateModified":"2025-03-24T17:19:32+00:00","description":"Cuando las carreteras est\u00e1n mojadas, la movilidad de los automovilistas se ve afectada de varias maneras adem\u00e1s de una mayor resbaladiza.","breadcrumb":{"@id":"https:\/\/thehometownlawyers.com\/es\/preguntas-frecuentes\/accidentes-automovilisticos-en-ohio-que-involucran-condiciones-humedas\/#breadcrumb"},"inLanguage":"es","potentialAction":[{"@type":"ReadAction","target":["https:\/\/thehometownlawyers.com\/es\/preguntas-frecuentes\/accidentes-automovilisticos-en-ohio-que-involucran-condiciones-humedas\/"]}]},{"@type":"ImageObject","inLanguage":"es","@id":"https:\/\/thehometownlawyers.com\/es\/preguntas-frecuentes\/accidentes-automovilisticos-en-ohio-que-involucran-condiciones-humedas\/#primaryimage","url":"https:\/\/thehometownlawyers.com\/wp-content\/uploads\/2025\/03\/accidentes-automovilisticos-en-ohio-que-involucran-condiciones-humedas.jpg","contentUrl":"https:\/\/thehometownlawyers.com\/wp-content\/uploads\/2025\/03\/accidentes-automovilisticos-en-ohio-que-involucran-condiciones-humedas.jpg","width":768,"height":512,"caption":"Car crash dangerous accident on the road."},{"@type":"BreadcrumbList","@id":"https:\/\/thehometownlawyers.com\/es\/preguntas-frecuentes\/accidentes-automovilisticos-en-ohio-que-involucran-condiciones-humedas\/#breadcrumb","itemListElement":[{"@type":"ListItem","position":1,"name":"Home","item":"https:\/\/thehometownlawyers.com\/es\/"},{"@type":"ListItem","position":2,"name":"Preguntas Frecuentes","item":"https:\/\/thehometownlawyers.com\/es\/preguntas-frecuentes\/"},{"@type":"ListItem","position":3,"name":"Accidentes automovil\u00edsticos en Ohio que involucran condiciones h\u00famedas"}]},{"@type":"WebSite","@id":"https:\/\/thehometownlawyers.com\/es\/#website","url":"https:\/\/thehometownlawyers.com\/es\/","name":"Kruger & Hodges Hometown Injury Lawyers | Accident Attorneys","description":"Attorneys for Car, Truck and Motorcycle Accidents, Personal Injuries, and Criminal Defense.","publisher":{"@id":"https:\/\/thehometownlawyers.com\/es\/#organization"},"alternateName":"Kruger & Hodges Personal Injury Lawyers","inLanguage":"es"},{"@type":"Organization","@id":"https:\/\/thehometownlawyers.com\/es\/#organization","name":"Kruger & Hodges Hometown Injury Lawyers","alternateName":"Kruger & Hodges Accident Attorneys","url":"https:\/\/thehometownlawyers.com\/es\/","logo":{"@type":"ImageObject","inLanguage":"es","@id":"https:\/\/thehometownlawyers.com\/es\/#\/schema\/logo\/image\/","url":"https:\/\/thehometownlawyers.com\/wp-content\/uploads\/2025\/12\/revised-kh-logo-vertical-white-background-scaled.png","contentUrl":"https:\/\/thehometownlawyers.com\/wp-content\/uploads\/2025\/12\/revised-kh-logo-vertical-white-background-scaled.png","width":2560,"height":1440,"caption":"Kruger & Hodges Hometown Injury Lawyers"},"image":{"@id":"https:\/\/thehometownlawyers.com\/es\/#\/schema\/logo\/image\/"},"sameAs":["https:\/\/www.facebook.com\/KrugerHodges\/","https:\/\/www.instagram.com\/krugerhodges\/","https:\/\/www.linkedin.com\/company\/kruger-hodges-hometown-injury-lawyers\/","https:\/\/www.youtube.com\/channel\/UCeYcMaMaN2rb9jMlqt4EIdQ","https:\/\/www.tiktok.com\/@thehometownlawyer"]}]}},"_links":{"self":[{"href":"https:\/\/thehometownlawyers.com\/es\/wp-json\/wp\/v2\/pages\/21042","targetHints":{"allow":["GET"]}}],"collection":[{"href":"https:\/\/thehometownlawyers.com\/es\/wp-json\/wp\/v2\/pages"}],"about":[{"href":"https:\/\/thehometownlawyers.com\/es\/wp-json\/wp\/v2\/types\/page"}],"author":[{"embeddable":true,"href":"https:\/\/thehometownlawyers.com\/es\/wp-json\/wp\/v2\/users\/7"}],"replies":[{"embeddable":true,"href":"https:\/\/thehometownlawyers.com\/es\/wp-json\/wp\/v2\/comments?post=21042"}],"version-history":[{"count":0,"href":"https:\/\/thehometownlawyers.com\/es\/wp-json\/wp\/v2\/pages\/21042\/revisions"}],"up":[{"embeddable":true,"href":"https:\/\/thehometownlawyers.com\/es\/wp-json\/wp\/v2\/pages\/20989"}],"wp:featuredmedia":[{"embeddable":true,"href":"https:\/\/thehometownlawyers.com\/es\/wp-json\/wp\/v2\/media\/24654"}],"wp:attachment":[{"href":"https:\/\/thehometownlawyers.com\/es\/wp-json\/wp\/v2\/media?parent=21042"}],"wp:term":[{"taxonomy":"hc_faqs","embeddable":true,"href":"https:\/\/thehometownlawyers.com\/es\/wp-json\/wp\/v2\/hc_faqs?post=21042"},{"taxonomy":"hc_spanish_faqs","embeddable":true,"href":"https:\/\/thehometownlawyers.com\/es\/wp-json\/wp\/v2\/hc_spanish_faqs?post=21042"}],"curies":[{"name":"wp","href":"https:\/\/api.w.org\/{rel}","templated":true}]}}