{"id":21043,"date":"2019-12-18T21:51:52","date_gmt":"2019-12-19T02:51:52","guid":{"rendered":"https:\/\/thehometownlawyers.com\/?post_type=faq&#038;p=21043"},"modified":"2025-03-24T13:15:40","modified_gmt":"2025-03-24T17:15:40","slug":"lo-que-necesita-saber-sobre-los-accidentes-de-vuelco-en-ohio","status":"publish","type":"page","link":"https:\/\/thehometownlawyers.com\/es\/preguntas-frecuentes\/lo-que-necesita-saber-sobre-los-accidentes-de-vuelco-en-ohio\/","title":{"rendered":"Lo que necesita saber sobre los accidentes de vuelco en Ohio"},"content":{"rendered":"<p>Hay varias formas en que pueden ocurrir accidentes automovil\u00edsticos, pero los vuelcos son una de las m\u00e1s mortales. Incluso si estos accidentes no son fatales, casi siempre resultan en lesiones graves.<\/p>\n<p>Seg\u00fan <a href=\"http:\/\/www.dot.state.oh.us\/Divisions\/Planning\/ProgramManagement\/HighwaySafety\/HSIP\/Shared%20Documents\/Annual%20Percentages%20by%20Type%202010-2014.pdf\" target=\"_blank\" rel=\"noopener\">datos compilados<\/a> por el Departamento de Transporte de Ohio, el 1% de los accidentes que ocurren cada a\u00f1o involucran veh\u00edculos volcados. Puede que no parezca mucho, pero los accidentes de vuelco representan el 31 % de las 1000 muertes que resultan de accidentes automovil\u00edsticos en Ohio cada a\u00f1o.<\/p>\n<p>Todos los automovilistas deben entender exactamente c\u00f3mo ocurren los accidentes de veh\u00edculos con vuelcos para reducir el riesgo de que sus vidas cambien para siempre por un choque catastr\u00f3fico.<\/p>\n<h2>\u00bfCu\u00e1les son los tipos comunes de accidentes de vuelco?<\/h2>\n<p>Hay varios tipos de accidentes de vuelco, que incluyen:<\/p>\n<ul>\n<li><strong>Vuelcos de fuerza lateral. <\/strong>Estos vuelcos ocurren cuando un veh\u00edculo est\u00e1 acelerando en una curva y su centro de gravedad alto hace que el veh\u00edculo vuelque.<\/li>\n<li><strong>Vuelcos de rampa. <\/strong>Estos vuelcos ocurren cuando un lado de un veh\u00edculo rueda sobre una rampa u objeto y vuelca el veh\u00edculo.<\/li>\n<li><strong>Vuelcos de pendientes laterales. <\/strong>Estos vuelcos ocurren cuando un veh\u00edculo se sale de la carretera accidentalmente y se vuelca debido a la superficie irregular del suelo.<\/li>\n<li><strong>Vuelcos de derrape lateral. <\/strong>Estos vuelcos ocurren cuando la parte trasera de un veh\u00edculo se sale de control. Los neum\u00e1ticos del veh\u00edculo luego chocan con un objeto estacionario, lo que a su vez resulta en un vuelco.<\/li>\n<\/ul>\n<p>Si bien todos estos accidentes de vuelco pueden ser el resultado de la negligencia del conductor, tambi\u00e9n pueden ser causados por otros factores, incluidos los defectos del veh\u00edculo, las malas condiciones de la carretera y la falla de los neum\u00e1ticos.<\/p>\n<p class=\"rs-content-cta rs-content-cta-small\">Para una consulta legal gratuita, llame al <a href=\"tel:+15138943333\">513-894-3333 <\/a><\/p><h2>\u00bfC\u00f3mo puede reducir el riesgo de verse involucrado en un accidente de vuelco?<\/h2>\n<p>Independientemente del tipo de veh\u00edculo que conduzca, existen algunas estrategias de seguridad importantes que puede seguir para evitar el riesgo de terminar en un accidente de vuelco. Estas estrategias incluyen lo siguiente:<\/p>\n<ul>\n<li><strong>Compruebe si hay retiros. <\/strong>Cada a\u00f1o, los veh\u00edculos son retirados del mercado por varias razones. Algunos veh\u00edculos retirados del mercado corren un mayor riesgo de volcarse. Debe <a href=\"https:\/\/www.nhtsa.gov\/recalls\" target=\"_blank\" rel=\"noopener\">mantenerse actualizado<\/a> con posibles retiros del mercado de sus veh\u00edculos. Si su veh\u00edculo es retirado del mercado, debe seguir los pasos recomendados.<\/li>\n<li><strong>Mantenga sus llantas en buen estado. <\/strong>Los neum\u00e1ticos mal mantenidos pueden resultar r\u00e1pidamente en accidentes de vuelco. Examine sus neum\u00e1ticos regularmente y reempl\u00e1celos cuando sea necesario.<\/li>\n<li><strong>Desacelerar. <\/strong>Disminuir la velocidad ayuda a prevenir accidentes de vuelco y a disminuir la gravedad de los accidentes de vuelco que ocurren. Nunca debe sentirse apurado para llegar a su destino, sino que debe tomar una gran cantidad de tiempo para llegar a donde se dirige.<\/li>\n<li><strong>Usar cinturones de seguridad. <\/strong>No arranque su veh\u00edculo hasta que usted y todos sus pasajeros est\u00e9n usando los cinturones de seguridad.<\/li>\n<li><strong>Con precauci\u00f3n. <\/strong>Una gran cantidad de accidentes de vuelco se deben a condiciones que surgen repentinamente en la carretera. Las posibilidades de terminar en uno de estos accidentes pueden reducirse considerablemente si se mantiene cauteloso mientras conduce. Preste especial atenci\u00f3n cuando maneje en caminos rurales porque el 75% de todos los accidentes de vuelco ocurren en caminos rurales con l\u00edmites de velocidad de 55 millas por hora o m\u00e1s.<\/li>\n<li><strong>Evitar distracciones. <\/strong>Mantenga sus ojos en la carretera en todo momento. Esto significa eliminar cualquier distracci\u00f3n como los tel\u00e9fonos inteligentes o los complicados sistemas de infoentretenimiento del autom\u00f3vil que incluso pueden distraer su atenci\u00f3n moment\u00e1neamente de la carretera.<\/li>\n<li><strong>Reducir el tama\u00f1o de la carga. <\/strong>Algunos accidentes de vuelco son el resultado de personas que intentan transportar demasiado peso en sus veh\u00edculos. Al reducir el tama\u00f1o de la carga, tambi\u00e9n reduce las posibilidades de terminar en un accidente de vuelco.<\/li>\n<\/ul>\n<h2>\u00bfC\u00f3mo se determina la responsabilidad en los accidentes de vuelco de Ohio?<\/h2>\n<p>Si bien algunos tipos de veh\u00edculos tienen m\u00e1s probabilidades de volcarse que otros, todos los veh\u00edculos motorizados est\u00e1n dise\u00f1ados para permanecer en posici\u00f3n vertical. Los veh\u00edculos est\u00e1n equipados con varias caracter\u00edsticas de seguridad para evitar que los pasajeros sufran da\u00f1os si ocurre un vuelco. A pesar de ello, en ocasiones los fabricantes de veh\u00edculos a motor son los responsables de dise\u00f1ar veh\u00edculos defectuosos. En estas situaciones, es posible emprender acciones legales contra el fabricante del veh\u00edculo para obtener una compensaci\u00f3n por las p\u00e9rdidas resultantes.<\/p>\n<p>Otras veces, un conductor negligente o una agencia gubernamental puede ser responsable de causar su accidente de vuelco. Desafortunadamente, determinar la responsabilidad en accidentes de vuelco no siempre es f\u00e1cil de hacer. Establecer la responsabilidad despu\u00e9s de un accidente de vuelco requiere recopilar varios tipos de evidencia, incluidos informes policiales, declaraciones de testigos y el testimonio de los informes de reconstrucci\u00f3n del accidente.<\/p>\n<p class=\"rs-content-cta rs-content-cta-small\"><a href=\"\/es\/contacto\/\">Haga clic para contactar<\/a> con nuestros  abogados hoy<\/p><h2>Hable con un abogado experimentado en accidentes automovil\u00edsticos<\/h2>\n<p>Los abogados de <a href=\"https:\/\/thehometownlawyers.com\/es\/contacto\/\">Kruger &amp; Hodges<\/a> entienden que los accidentes de vuelco a menudo tienen resultados devastadores. Trabajamos incansablemente para luchar por la compensaci\u00f3n que merecen las v\u00edctimas de vuelcos y otros accidentes automovil\u00edsticos. Cont\u00e1ctenos hoy para programar una evaluaci\u00f3n gratuita de su caso.<\/p>\n<h3><em>Enlaces relacionados:<\/em><\/h3>\n<p><strong>accidentes de bicicleta<\/strong><\/p>\n<p><strong>Accidentes automovil\u00edsticos<\/strong><\/p>\n<p><strong><a href=\"https:\/\/thehometownlawyers.com\/es\/\">accidentes de moto<\/a><\/strong><\/p>\n<p><strong>Lesiones de la m\u00e9dula<\/strong><\/p>\n<p><strong>accidentes de tren<\/strong><\/p>\n<p><strong>Lesi\u00f3n cerebral traum\u00e1tica<\/strong><\/p>\n<p><strong><a href=\"https:\/\/thehometownlawyers.com\/es\/\">accidentes de camiones<\/a><\/strong><\/p>\n<p><strong>Muerte injusta<\/strong><\/p>\n<p><strong>Preguntas frecuentes: \u00bfPuede mi abogado acceder a las im\u00e1genes de la c\u00e1mara de tr\u00e1fico de mi accidente?<\/strong><\/p>\n<p><strong>Preguntas frecuentes:Si me lesiono en un accidente automovil\u00edstico con un automovilista sin seguro, \u00bfpuedo recibir una compensaci\u00f3n?<\/strong><\/p>\n<p><strong>Preguntas frecuentes: \u00bfDebo ir a Atenci\u00f3n de Urgencias despu\u00e9s de un accidente automovil\u00edstico?<\/strong><\/p>\n<p><a href=\"https:\/\/thehometownlawyers.com\/es\/contacto\/\">Oficina de abogados de Middletown<\/a><\/p>\n<p class=\"rs-content-cta rs-content-cta-small\">Llame o env\u00ede un mensaje de texto al <a href=\"tel:+15138943333\">513-894-3333<\/a> o complete una <a href=\"\/es\/contacto\/\">evaluaci\u00f3n gratuita de su caso<\/a><\/p>","protected":false},"excerpt":{"rendered":"<p>Hay varias formas en que pueden ocurrir accidentes automovil\u00edsticos, pero los vuelcos son una de las m\u00e1s mortales. Incluso si estos accidentes no son fatales, casi siempre resultan en lesiones graves. Seg\u00fan datos compilados por el Departamento de Transporte de Ohio, el 1% de los accidentes que ocurren cada a\u00f1o involucran veh\u00edculos volcados. Puede que &#8230;<\/p>\n","protected":false},"author":7,"featured_media":24648,"parent":20989,"menu_order":0,"comment_status":"closed","ping_status":"closed","template":"","meta":{"_acf_changed":false,"inline_featured_image":false,"_genesis_hide_title":false,"_genesis_hide_breadcrumbs":false,"_genesis_hide_singular_image":false,"_genesis_hide_footer_widgets":false,"_genesis_custom_body_class":"","_genesis_custom_post_class":"","_genesis_layout":"","footnotes":""},"hc_faqs":[316],"hc_spanish_faqs":[],"class_list":{"0":"post-21043","1":"page","2":"type-page","3":"status-publish","4":"has-post-thumbnail","6":"hc_faqs-accidente-de-automovilismo","7":"entry"},"acf":[],"yoast_head":"<!-- This site is optimized with the Yoast SEO plugin v27.3 - https:\/\/yoast.com\/product\/yoast-seo-wordpress\/ -->\n<title>Lo que necesita saber sobre los accidentes de vuelco en Ohio: Consulta gratuita<\/title>\n<meta name=\"description\" content=\"Hay varias formas en que pueden ocurrir accidentes automovil\u00edsticos, pero los vuelcos son una de las m\u00e1s mortales. Incluso si estos accidentes no son\" \/>\n<meta name=\"robots\" content=\"index, follow, max-snippet:-1, max-image-preview:large, max-video-preview:-1\" \/>\n<link rel=\"canonical\" href=\"https:\/\/thehometownlawyers.com\/es\/preguntas-frecuentes\/lo-que-necesita-saber-sobre-los-accidentes-de-vuelco-en-ohio\/\" \/>\n<meta property=\"og:locale\" content=\"es_MX\" \/>\n<meta property=\"og:type\" content=\"article\" \/>\n<meta property=\"og:title\" content=\"Lo que necesita saber sobre los accidentes de vuelco en Ohio: Consulta gratuita\" \/>\n<meta property=\"og:description\" content=\"Hay varias formas en que pueden ocurrir accidentes automovil\u00edsticos, pero los vuelcos son una de las m\u00e1s mortales. Incluso si estos accidentes no son\" \/>\n<meta property=\"og:url\" content=\"https:\/\/thehometownlawyers.com\/es\/preguntas-frecuentes\/lo-que-necesita-saber-sobre-los-accidentes-de-vuelco-en-ohio\/\" \/>\n<meta property=\"og:site_name\" content=\"Kruger &amp; Hodges Abogados De Lesiones\" \/>\n<meta property=\"article:publisher\" content=\"https:\/\/www.facebook.com\/KrugerHodges\/\" \/>\n<meta property=\"article:modified_time\" content=\"2025-03-24T17:15:40+00:00\" \/>\n<meta property=\"og:image\" content=\"https:\/\/thehometownlawyers.com\/wp-content\/uploads\/2025\/03\/lo-que-necesita-saber-sobre-los-accidentes-de-vuelco-en-ohio.jpg\" \/>\n\t<meta property=\"og:image:width\" content=\"768\" \/>\n\t<meta property=\"og:image:height\" content=\"432\" \/>\n\t<meta property=\"og:image:type\" content=\"image\/jpeg\" \/>\n<meta name=\"twitter:card\" content=\"summary_large_image\" \/>\n<meta name=\"twitter:label1\" content=\"Tiempo de lectura\" \/>\n\t<meta name=\"twitter:data1\" content=\"4 minutos\" \/>\n<script type=\"application\/ld+json\" class=\"yoast-schema-graph\">{\"@context\":\"https:\\\/\\\/schema.org\",\"@graph\":[{\"@type\":\"WebPage\",\"@id\":\"https:\\\/\\\/thehometownlawyers.com\\\/es\\\/preguntas-frecuentes\\\/lo-que-necesita-saber-sobre-los-accidentes-de-vuelco-en-ohio\\\/\",\"url\":\"https:\\\/\\\/thehometownlawyers.com\\\/es\\\/preguntas-frecuentes\\\/lo-que-necesita-saber-sobre-los-accidentes-de-vuelco-en-ohio\\\/\",\"name\":\"Lo que necesita saber sobre los accidentes de vuelco en Ohio: Consulta gratuita\",\"isPartOf\":{\"@id\":\"https:\\\/\\\/thehometownlawyers.com\\\/es\\\/#website\"},\"primaryImageOfPage\":{\"@id\":\"https:\\\/\\\/thehometownlawyers.com\\\/es\\\/preguntas-frecuentes\\\/lo-que-necesita-saber-sobre-los-accidentes-de-vuelco-en-ohio\\\/#primaryimage\"},\"image\":{\"@id\":\"https:\\\/\\\/thehometownlawyers.com\\\/es\\\/preguntas-frecuentes\\\/lo-que-necesita-saber-sobre-los-accidentes-de-vuelco-en-ohio\\\/#primaryimage\"},\"thumbnailUrl\":\"https:\\\/\\\/thehometownlawyers.com\\\/wp-content\\\/uploads\\\/2025\\\/03\\\/lo-que-necesita-saber-sobre-los-accidentes-de-vuelco-en-ohio.jpg\",\"datePublished\":\"2019-12-19T02:51:52+00:00\",\"dateModified\":\"2025-03-24T17:15:40+00:00\",\"description\":\"Hay varias formas en que pueden ocurrir accidentes automovil\u00edsticos, pero los vuelcos son una de las m\u00e1s mortales. Incluso si estos accidentes no son\",\"breadcrumb\":{\"@id\":\"https:\\\/\\\/thehometownlawyers.com\\\/es\\\/preguntas-frecuentes\\\/lo-que-necesita-saber-sobre-los-accidentes-de-vuelco-en-ohio\\\/#breadcrumb\"},\"inLanguage\":\"es\",\"potentialAction\":[{\"@type\":\"ReadAction\",\"target\":[\"https:\\\/\\\/thehometownlawyers.com\\\/es\\\/preguntas-frecuentes\\\/lo-que-necesita-saber-sobre-los-accidentes-de-vuelco-en-ohio\\\/\"]}]},{\"@type\":\"ImageObject\",\"inLanguage\":\"es\",\"@id\":\"https:\\\/\\\/thehometownlawyers.com\\\/es\\\/preguntas-frecuentes\\\/lo-que-necesita-saber-sobre-los-accidentes-de-vuelco-en-ohio\\\/#primaryimage\",\"url\":\"https:\\\/\\\/thehometownlawyers.com\\\/wp-content\\\/uploads\\\/2025\\\/03\\\/lo-que-necesita-saber-sobre-los-accidentes-de-vuelco-en-ohio.jpg\",\"contentUrl\":\"https:\\\/\\\/thehometownlawyers.com\\\/wp-content\\\/uploads\\\/2025\\\/03\\\/lo-que-necesita-saber-sobre-los-accidentes-de-vuelco-en-ohio.jpg\",\"width\":768,\"height\":432,\"caption\":\"On the Car Crash Traffic Accident Scene\"},{\"@type\":\"BreadcrumbList\",\"@id\":\"https:\\\/\\\/thehometownlawyers.com\\\/es\\\/preguntas-frecuentes\\\/lo-que-necesita-saber-sobre-los-accidentes-de-vuelco-en-ohio\\\/#breadcrumb\",\"itemListElement\":[{\"@type\":\"ListItem\",\"position\":1,\"name\":\"Home\",\"item\":\"https:\\\/\\\/thehometownlawyers.com\\\/es\\\/\"},{\"@type\":\"ListItem\",\"position\":2,\"name\":\"Preguntas Frecuentes\",\"item\":\"https:\\\/\\\/thehometownlawyers.com\\\/es\\\/preguntas-frecuentes\\\/\"},{\"@type\":\"ListItem\",\"position\":3,\"name\":\"Lo que necesita saber sobre los accidentes de vuelco en Ohio\"}]},{\"@type\":\"WebSite\",\"@id\":\"https:\\\/\\\/thehometownlawyers.com\\\/es\\\/#website\",\"url\":\"https:\\\/\\\/thehometownlawyers.com\\\/es\\\/\",\"name\":\"Kruger & Hodges Hometown Injury Lawyers | Accident Attorneys\",\"description\":\"Attorneys for Car, Truck and Motorcycle Accidents, Personal Injuries, and Criminal Defense.\",\"publisher\":{\"@id\":\"https:\\\/\\\/thehometownlawyers.com\\\/es\\\/#organization\"},\"alternateName\":\"Kruger & Hodges Personal Injury Lawyers\",\"inLanguage\":\"es\"},{\"@type\":\"Organization\",\"@id\":\"https:\\\/\\\/thehometownlawyers.com\\\/es\\\/#organization\",\"name\":\"Kruger & Hodges Hometown Injury Lawyers\",\"alternateName\":\"Kruger & Hodges\",\"url\":\"https:\\\/\\\/thehometownlawyers.com\\\/es\\\/\",\"logo\":{\"@type\":\"ImageObject\",\"inLanguage\":\"es\",\"@id\":\"https:\\\/\\\/thehometownlawyers.com\\\/es\\\/#\\\/schema\\\/logo\\\/image\\\/\",\"url\":\"https:\\\/\\\/thehometownlawyers.com\\\/wp-content\\\/uploads\\\/2025\\\/12\\\/revised-kh-logo-vertical-white-background-scaled.png\",\"contentUrl\":\"https:\\\/\\\/thehometownlawyers.com\\\/wp-content\\\/uploads\\\/2025\\\/12\\\/revised-kh-logo-vertical-white-background-scaled.png\",\"width\":2560,\"height\":1440,\"caption\":\"Kruger & Hodges Hometown Injury Lawyers\"},\"image\":{\"@id\":\"https:\\\/\\\/thehometownlawyers.com\\\/es\\\/#\\\/schema\\\/logo\\\/image\\\/\"},\"sameAs\":[\"https:\\\/\\\/www.facebook.com\\\/KrugerHodges\\\/\",\"https:\\\/\\\/www.instagram.com\\\/krugerhodges\\\/\",\"https:\\\/\\\/www.linkedin.com\\\/company\\\/kruger-hodges-hometown-injury-lawyers\\\/\",\"https:\\\/\\\/www.youtube.com\\\/channel\\\/UCeYcMaMaN2rb9jMlqt4EIdQ\",\"https:\\\/\\\/www.tiktok.com\\\/@thehometownlawyer\"]}]}<\/script>\n<!-- \/ Yoast SEO plugin. -->","yoast_head_json":{"title":"Lo que necesita saber sobre los accidentes de vuelco en Ohio: Consulta gratuita","description":"Hay varias formas en que pueden ocurrir accidentes automovil\u00edsticos, pero los vuelcos son una de las m\u00e1s mortales. Incluso si estos accidentes no son","robots":{"index":"index","follow":"follow","max-snippet":"max-snippet:-1","max-image-preview":"max-image-preview:large","max-video-preview":"max-video-preview:-1"},"canonical":"https:\/\/thehometownlawyers.com\/es\/preguntas-frecuentes\/lo-que-necesita-saber-sobre-los-accidentes-de-vuelco-en-ohio\/","og_locale":"es_MX","og_type":"article","og_title":"Lo que necesita saber sobre los accidentes de vuelco en Ohio: Consulta gratuita","og_description":"Hay varias formas en que pueden ocurrir accidentes automovil\u00edsticos, pero los vuelcos son una de las m\u00e1s mortales. Incluso si estos accidentes no son","og_url":"https:\/\/thehometownlawyers.com\/es\/preguntas-frecuentes\/lo-que-necesita-saber-sobre-los-accidentes-de-vuelco-en-ohio\/","og_site_name":"Kruger &amp; Hodges Abogados De Lesiones","article_publisher":"https:\/\/www.facebook.com\/KrugerHodges\/","article_modified_time":"2025-03-24T17:15:40+00:00","og_image":[{"width":768,"height":432,"url":"https:\/\/thehometownlawyers.com\/wp-content\/uploads\/2025\/03\/lo-que-necesita-saber-sobre-los-accidentes-de-vuelco-en-ohio.jpg","type":"image\/jpeg"}],"twitter_card":"summary_large_image","twitter_misc":{"Tiempo de lectura":"4 minutos"},"schema":{"@context":"https:\/\/schema.org","@graph":[{"@type":"WebPage","@id":"https:\/\/thehometownlawyers.com\/es\/preguntas-frecuentes\/lo-que-necesita-saber-sobre-los-accidentes-de-vuelco-en-ohio\/","url":"https:\/\/thehometownlawyers.com\/es\/preguntas-frecuentes\/lo-que-necesita-saber-sobre-los-accidentes-de-vuelco-en-ohio\/","name":"Lo que necesita saber sobre los accidentes de vuelco en Ohio: Consulta gratuita","isPartOf":{"@id":"https:\/\/thehometownlawyers.com\/es\/#website"},"primaryImageOfPage":{"@id":"https:\/\/thehometownlawyers.com\/es\/preguntas-frecuentes\/lo-que-necesita-saber-sobre-los-accidentes-de-vuelco-en-ohio\/#primaryimage"},"image":{"@id":"https:\/\/thehometownlawyers.com\/es\/preguntas-frecuentes\/lo-que-necesita-saber-sobre-los-accidentes-de-vuelco-en-ohio\/#primaryimage"},"thumbnailUrl":"https:\/\/thehometownlawyers.com\/wp-content\/uploads\/2025\/03\/lo-que-necesita-saber-sobre-los-accidentes-de-vuelco-en-ohio.jpg","datePublished":"2019-12-19T02:51:52+00:00","dateModified":"2025-03-24T17:15:40+00:00","description":"Hay varias formas en que pueden ocurrir accidentes automovil\u00edsticos, pero los vuelcos son una de las m\u00e1s mortales. Incluso si estos accidentes no son","breadcrumb":{"@id":"https:\/\/thehometownlawyers.com\/es\/preguntas-frecuentes\/lo-que-necesita-saber-sobre-los-accidentes-de-vuelco-en-ohio\/#breadcrumb"},"inLanguage":"es","potentialAction":[{"@type":"ReadAction","target":["https:\/\/thehometownlawyers.com\/es\/preguntas-frecuentes\/lo-que-necesita-saber-sobre-los-accidentes-de-vuelco-en-ohio\/"]}]},{"@type":"ImageObject","inLanguage":"es","@id":"https:\/\/thehometownlawyers.com\/es\/preguntas-frecuentes\/lo-que-necesita-saber-sobre-los-accidentes-de-vuelco-en-ohio\/#primaryimage","url":"https:\/\/thehometownlawyers.com\/wp-content\/uploads\/2025\/03\/lo-que-necesita-saber-sobre-los-accidentes-de-vuelco-en-ohio.jpg","contentUrl":"https:\/\/thehometownlawyers.com\/wp-content\/uploads\/2025\/03\/lo-que-necesita-saber-sobre-los-accidentes-de-vuelco-en-ohio.jpg","width":768,"height":432,"caption":"On the Car Crash Traffic Accident Scene"},{"@type":"BreadcrumbList","@id":"https:\/\/thehometownlawyers.com\/es\/preguntas-frecuentes\/lo-que-necesita-saber-sobre-los-accidentes-de-vuelco-en-ohio\/#breadcrumb","itemListElement":[{"@type":"ListItem","position":1,"name":"Home","item":"https:\/\/thehometownlawyers.com\/es\/"},{"@type":"ListItem","position":2,"name":"Preguntas Frecuentes","item":"https:\/\/thehometownlawyers.com\/es\/preguntas-frecuentes\/"},{"@type":"ListItem","position":3,"name":"Lo que necesita saber sobre los accidentes de vuelco en Ohio"}]},{"@type":"WebSite","@id":"https:\/\/thehometownlawyers.com\/es\/#website","url":"https:\/\/thehometownlawyers.com\/es\/","name":"Kruger & Hodges Hometown Injury Lawyers | Accident Attorneys","description":"Attorneys for Car, Truck and Motorcycle Accidents, Personal Injuries, and Criminal Defense.","publisher":{"@id":"https:\/\/thehometownlawyers.com\/es\/#organization"},"alternateName":"Kruger & Hodges Personal Injury Lawyers","inLanguage":"es"},{"@type":"Organization","@id":"https:\/\/thehometownlawyers.com\/es\/#organization","name":"Kruger & Hodges Hometown Injury Lawyers","alternateName":"Kruger & Hodges","url":"https:\/\/thehometownlawyers.com\/es\/","logo":{"@type":"ImageObject","inLanguage":"es","@id":"https:\/\/thehometownlawyers.com\/es\/#\/schema\/logo\/image\/","url":"https:\/\/thehometownlawyers.com\/wp-content\/uploads\/2025\/12\/revised-kh-logo-vertical-white-background-scaled.png","contentUrl":"https:\/\/thehometownlawyers.com\/wp-content\/uploads\/2025\/12\/revised-kh-logo-vertical-white-background-scaled.png","width":2560,"height":1440,"caption":"Kruger & Hodges Hometown Injury Lawyers"},"image":{"@id":"https:\/\/thehometownlawyers.com\/es\/#\/schema\/logo\/image\/"},"sameAs":["https:\/\/www.facebook.com\/KrugerHodges\/","https:\/\/www.instagram.com\/krugerhodges\/","https:\/\/www.linkedin.com\/company\/kruger-hodges-hometown-injury-lawyers\/","https:\/\/www.youtube.com\/channel\/UCeYcMaMaN2rb9jMlqt4EIdQ","https:\/\/www.tiktok.com\/@thehometownlawyer"]}]}},"_links":{"self":[{"href":"https:\/\/thehometownlawyers.com\/es\/wp-json\/wp\/v2\/pages\/21043","targetHints":{"allow":["GET"]}}],"collection":[{"href":"https:\/\/thehometownlawyers.com\/es\/wp-json\/wp\/v2\/pages"}],"about":[{"href":"https:\/\/thehometownlawyers.com\/es\/wp-json\/wp\/v2\/types\/page"}],"author":[{"embeddable":true,"href":"https:\/\/thehometownlawyers.com\/es\/wp-json\/wp\/v2\/users\/7"}],"replies":[{"embeddable":true,"href":"https:\/\/thehometownlawyers.com\/es\/wp-json\/wp\/v2\/comments?post=21043"}],"version-history":[{"count":0,"href":"https:\/\/thehometownlawyers.com\/es\/wp-json\/wp\/v2\/pages\/21043\/revisions"}],"up":[{"embeddable":true,"href":"https:\/\/thehometownlawyers.com\/es\/wp-json\/wp\/v2\/pages\/20989"}],"wp:featuredmedia":[{"embeddable":true,"href":"https:\/\/thehometownlawyers.com\/es\/wp-json\/wp\/v2\/media\/24648"}],"wp:attachment":[{"href":"https:\/\/thehometownlawyers.com\/es\/wp-json\/wp\/v2\/media?parent=21043"}],"wp:term":[{"taxonomy":"hc_faqs","embeddable":true,"href":"https:\/\/thehometownlawyers.com\/es\/wp-json\/wp\/v2\/hc_faqs?post=21043"},{"taxonomy":"hc_spanish_faqs","embeddable":true,"href":"https:\/\/thehometownlawyers.com\/es\/wp-json\/wp\/v2\/hc_spanish_faqs?post=21043"}],"curies":[{"name":"wp","href":"https:\/\/api.w.org\/{rel}","templated":true}]}}