{"id":21044,"date":"2019-01-10T20:42:27","date_gmt":"2019-01-11T01:42:27","guid":{"rendered":"https:\/\/thehometownlawyers.com\/?post_type=faq&#038;p=21044"},"modified":"2025-01-31T12:14:29","modified_gmt":"2025-01-31T17:14:29","slug":"conducir-en-la-nieve","status":"publish","type":"page","link":"https:\/\/thehometownlawyers.com\/es\/preguntas-frecuentes\/conducir-en-la-nieve\/","title":{"rendered":"Conducir en la nieve&#8230;"},"content":{"rendered":"<p>Tenga cuidado con las condiciones de manejo peligrosas mientras navega por las carreteras de Ohio este invierno. Las condiciones invernales causan <a href=\"https:\/\/www.wkyc.com\/article\/weather\/ohio-has-more-deadly-winter-car-crashes-than-any-other-state\/95-401176407\" target=\"_blank\" rel=\"noopener\">m\u00e1s accidentes automovil\u00edsticos mortales en Ohio que en cualquier otro estado de la naci\u00f3n<\/a> . A partir de 2017, la cantidad promedio de accidentes automovil\u00edsticos mortales en invierno en Ohio fue de 86 muertes por a\u00f1o. Entonces, \u00bfpor qu\u00e9 la tasa es tan alta y qu\u00e9 pueden hacer los conductores para mantenerse seguros? Verifique las condiciones del camino antes de salir, respete las clasificaciones de emergencia por nieve y tenga mucho cuidado en los caminos.<\/p>\n<h2>Comprueba antes de salir<\/h2>\n<p>Aproveche los muchos recursos con informaci\u00f3n en tiempo real sobre las condiciones de las carreteras en su \u00e1rea. Casi todas las estaciones de noticias locales brindan informes actualizados en l\u00ednea y a trav\u00e9s de aplicaciones m\u00f3viles. El Departamento de Transporte de Ohio proporciona un gran recurso para los cierres y restricciones de carreteras relacionados con el clima. Si vive en la regi\u00f3n del Gran Cincinnati, aqu\u00ed hay un par de recursos para consultar antes de salir:<\/p>\n<ul>\n<li><a href=\"http:\/\/www.ohgo.com\/cincinnati\" target=\"_blank\" rel=\"noopener\">OHGO en l\u00ednea<\/a> (ODOT)<\/li>\n<li><a href=\"https:\/\/www.wlwt.com\/traffic\" target=\"_blank\" rel=\"noopener\">Tr\u00e1fico del canal 5 de WLWT<\/a><\/li>\n<li><a href=\"https:\/\/www.wcpo.com\/traffic\" target=\"_blank\" rel=\"noopener\">Tr\u00e1fico del canal 9 de WCPO<\/a><\/li>\n<li><a href=\"https:\/\/local12.com\/news\/traffic\" target=\"_blank\" rel=\"noopener\">Tr\u00e1fico local 12<\/a><\/li>\n<li><a href=\"https:\/\/www.fox19.com\/traffic\/\" target=\"_blank\" rel=\"noopener\">Fox 19 Primera alerta de tr\u00e1fico<\/a><\/li>\n<\/ul>\n<p class=\"rs-content-cta rs-content-cta-small\">Para una consulta legal gratuita, llame al <a href=\"tel:+15138943333\">513-894-3333 <\/a><\/p><h2>Respetar las clasificaciones de emergencia de nieve<\/h2>\n<p>Si bien puede usar su propia discreci\u00f3n en muchas situaciones, Ohio tiene reglas espec\u00edficas con respecto a si es apropiado viajar durante una emergencia de nieve. Consulte la lista a continuaci\u00f3n para determinar si es aceptable conducir en la nieve.<\/p>\n<p><strong>NIVEL 1<\/strong> : Las carreteras son peligrosas con ventiscas y nieve a la deriva. Las carreteras tambi\u00e9n pueden estar heladas. Se insta a los automovilistas a <u>conducir con mucha precauci\u00f3n<\/u> .<\/p>\n<p><strong>NIVEL 2<\/strong> : Las carreteras son peligrosas con ventiscas y nieve a la deriva. Las carreteras tambi\u00e9n pueden estar muy heladas. Solo aquellos que sienten que es necesario conducir deben estar en las carreteras. Comun\u00edquese con su empleador para ver si debe presentarse a trabajar. Los automovilistas deben <u>extremar las precauciones<\/u> .<\/p>\n<p><strong>NIVEL 3<\/strong> : Todas las carreteras est\u00e1n cerradas al personal que no es de emergencia. <u>Nadie debe conducir<\/u> durante estas condiciones <u>a menos<\/u> que sea <u>absolutamente necesario<\/u> para viajar o exista una <u>emergencia personal<\/u> . Todos los empleados deben comunicarse con su empleador para ver si deben presentarse a trabajar. Los que circulen por las carreteras <u>podr\u00e1n ser objeto de arresto<\/u> .<\/p>\n<h2>Tenga precauci\u00f3n adicional en las carreteras<\/h2>\n<p>Si toma la decisi\u00f3n de desafiar el clima, aseg\u00farese de tener mucho cuidado. Las malas condiciones de manejo <em>no<\/em> son una defensa a la responsabilidad por causar un accidente automovil\u00edstico. \u00bfC\u00f3mo utilizo precauci\u00f3n adicional? <a href=\"https:\/\/weathersafety.ohio.gov\/WinterIceAndSnowTakeItSlow.aspx\" target=\"_blank\" rel=\"noopener\">Las \u00e1reas de \u00e9nfasis<\/a> al conducir en condiciones clim\u00e1ticas adversas incluyen la <strong>velocidad<\/strong> , <strong>la distancia<\/strong> y <strong>la visi\u00f3n<\/strong> . <em>Disminuya su velocidad<\/em> , especialmente cuando haya otros autom\u00f3viles delante o detr\u00e1s de usted. <em>Aumente su distancia de seguimiento<\/em> , especialmente cuando siga a un quitanieves. Por \u00faltimo, aseg\u00farese de que los dem\u00e1s puedan verlo y de que usted pueda ver a los dem\u00e1s <em>usando las luces delanteras<\/em> . Al concentrarse en las cosas que est\u00e1n bajo su control, puede mitigar el riesgo de verse involucrado en un accidente automovil\u00edstico mientras conduce en los desafiantes elementos invernales.<\/p>\n<p class=\"rs-content-cta rs-content-cta-small\"><a href=\"\/es\/contacto\/\">Haga clic para contactar<\/a> con nuestros  abogados hoy<\/p><h2>Hable con abogados experimentados en lesiones personales<\/h2>\n<p>Si ha estado involucrado en un accidente mientras conduc\u00eda (o como pasajero), no debe dudar en hablar con un <a href=\"https:\/\/thehometownlawyers.com\/es\/\">abogado con experiencia en lesiones personales<\/a> de <a href=\"https:\/\/thehometownlawyers.com\/es\/acerca-de-los-abogados-de-kruger-hodges\/\">Kruger &amp; Hodges<\/a> . Nuestros abogados entienden c\u00f3mo crear una estrategia legal s\u00f3lida para obtener la compensaci\u00f3n que merecen las v\u00edctimas de accidentes. P\u00f3ngase en contacto con nuestros abogados de accidentes automovil\u00edsticos en Hamilton y el condado de Butler hoy para programar una consulta inicial gratuita.<\/p>\n<p><strong>Esta publicaci\u00f3n de blog se escribi\u00f3 como parte de la serie de blogs de estudiantes de derecho de nuestra firma. El autor es Andrew Countryman, estudiante de derecho de segundo a\u00f1o en <a href=\"https:\/\/chaselaw.nku.edu\/\" target=\"_blank\" rel=\"noopener\">la Facultad de Derecho Salmon P. Chase.<\/a><\/strong><\/p>\n<p><a href=\"https:\/\/thehometownlawyers.com\/es\/contacto\/\">Oficina de abogados de Middletown<\/a><\/p>\n<p class=\"rs-content-cta rs-content-cta-small\">Llame o env\u00ede un mensaje de texto al <a href=\"tel:+15138943333\">513-894-3333<\/a> o complete una <a href=\"\/es\/contacto\/\">evaluaci\u00f3n gratuita de su caso<\/a><\/p>","protected":false},"excerpt":{"rendered":"<p>Lea algunos de nuestros consejos para conducir en invierno y obtenga m\u00e1s informaci\u00f3n sobre c\u00f3mo puede mantenerse seguro durante el clima inclemente. <\/p>\n","protected":false},"author":7,"featured_media":20726,"parent":20989,"menu_order":0,"comment_status":"closed","ping_status":"closed","template":"","meta":{"_acf_changed":false,"inline_featured_image":false,"_genesis_hide_title":false,"_genesis_hide_breadcrumbs":false,"_genesis_hide_singular_image":false,"_genesis_hide_footer_widgets":false,"_genesis_custom_body_class":"","_genesis_custom_post_class":"","_genesis_layout":"","footnotes":""},"hc_faqs":[316],"hc_spanish_faqs":[],"class_list":{"0":"post-21044","1":"page","2":"type-page","3":"status-publish","4":"has-post-thumbnail","6":"hc_faqs-accidente-de-automovilismo","7":"entry"},"acf":[],"yoast_head":"<!-- This site is optimized with the Yoast SEO plugin v27.4 - https:\/\/yoast.com\/product\/yoast-seo-wordpress\/ -->\n<title>Conducir en la nieve\u2026: Consulta gratuita<\/title>\n<meta name=\"description\" content=\"Los accidentes son demasiado comunes durante los meses de invierno. Si la mala conducci\u00f3n de otra persona en la nieve lo lesiona, llame a nuestros abogados de accidentes automovil\u00edsticos.\" \/>\n<meta name=\"robots\" content=\"index, follow, max-snippet:-1, max-image-preview:large, max-video-preview:-1\" \/>\n<link rel=\"canonical\" href=\"https:\/\/thehometownlawyers.com\/es\/preguntas-frecuentes\/conducir-en-la-nieve\/\" \/>\n<meta property=\"og:locale\" content=\"es_MX\" \/>\n<meta property=\"og:type\" content=\"article\" \/>\n<meta property=\"og:title\" content=\"Conducir en la nieve\u2026: Consulta gratuita\" \/>\n<meta property=\"og:description\" content=\"Los accidentes son demasiado comunes durante los meses de invierno. Si la mala conducci\u00f3n de otra persona en la nieve lo lesiona, llame a nuestros abogados de accidentes automovil\u00edsticos.\" \/>\n<meta property=\"og:url\" content=\"https:\/\/thehometownlawyers.com\/es\/preguntas-frecuentes\/conducir-en-la-nieve\/\" \/>\n<meta property=\"og:site_name\" content=\"Kruger &amp; Hodges Abogados De Lesiones\" \/>\n<meta property=\"article:publisher\" content=\"https:\/\/www.facebook.com\/KrugerHodges\/\" \/>\n<meta property=\"article:modified_time\" content=\"2025-01-31T17:14:29+00:00\" \/>\n<meta property=\"og:image\" content=\"https:\/\/thehometownlawyers.com\/wp-content\/uploads\/2019\/01\/Driving-in-the-Snow.jpeg\" \/>\n\t<meta property=\"og:image:width\" content=\"640\" \/>\n\t<meta property=\"og:image:height\" content=\"800\" \/>\n\t<meta property=\"og:image:type\" content=\"image\/jpeg\" \/>\n<meta name=\"twitter:card\" content=\"summary_large_image\" \/>\n<meta name=\"twitter:label1\" content=\"Tiempo de lectura\" \/>\n\t<meta name=\"twitter:data1\" content=\"3 minutos\" \/>\n<script type=\"application\/ld+json\" class=\"yoast-schema-graph\">{\"@context\":\"https:\\\/\\\/schema.org\",\"@graph\":[{\"@type\":\"WebPage\",\"@id\":\"https:\\\/\\\/thehometownlawyers.com\\\/es\\\/preguntas-frecuentes\\\/conducir-en-la-nieve\\\/\",\"url\":\"https:\\\/\\\/thehometownlawyers.com\\\/es\\\/preguntas-frecuentes\\\/conducir-en-la-nieve\\\/\",\"name\":\"Conducir en la nieve\u2026: Consulta gratuita\",\"isPartOf\":{\"@id\":\"https:\\\/\\\/thehometownlawyers.com\\\/es\\\/#website\"},\"primaryImageOfPage\":{\"@id\":\"https:\\\/\\\/thehometownlawyers.com\\\/es\\\/preguntas-frecuentes\\\/conducir-en-la-nieve\\\/#primaryimage\"},\"image\":{\"@id\":\"https:\\\/\\\/thehometownlawyers.com\\\/es\\\/preguntas-frecuentes\\\/conducir-en-la-nieve\\\/#primaryimage\"},\"thumbnailUrl\":\"https:\\\/\\\/thehometownlawyers.com\\\/wp-content\\\/uploads\\\/2019\\\/01\\\/Driving-in-the-Snow.jpeg\",\"datePublished\":\"2019-01-11T01:42:27+00:00\",\"dateModified\":\"2025-01-31T17:14:29+00:00\",\"description\":\"Los accidentes son demasiado comunes durante los meses de invierno. Si la mala conducci\u00f3n de otra persona en la nieve lo lesiona, llame a nuestros abogados de accidentes automovil\u00edsticos.\",\"breadcrumb\":{\"@id\":\"https:\\\/\\\/thehometownlawyers.com\\\/es\\\/preguntas-frecuentes\\\/conducir-en-la-nieve\\\/#breadcrumb\"},\"inLanguage\":\"es\",\"potentialAction\":[{\"@type\":\"ReadAction\",\"target\":[\"https:\\\/\\\/thehometownlawyers.com\\\/es\\\/preguntas-frecuentes\\\/conducir-en-la-nieve\\\/\"]}]},{\"@type\":\"ImageObject\",\"inLanguage\":\"es\",\"@id\":\"https:\\\/\\\/thehometownlawyers.com\\\/es\\\/preguntas-frecuentes\\\/conducir-en-la-nieve\\\/#primaryimage\",\"url\":\"https:\\\/\\\/thehometownlawyers.com\\\/wp-content\\\/uploads\\\/2019\\\/01\\\/Driving-in-the-Snow.jpeg\",\"contentUrl\":\"https:\\\/\\\/thehometownlawyers.com\\\/wp-content\\\/uploads\\\/2019\\\/01\\\/Driving-in-the-Snow.jpeg\",\"width\":640,\"height\":800,\"caption\":\"Abogado de accidentes automovil\u00edsticos cerca de m\u00ed\"},{\"@type\":\"BreadcrumbList\",\"@id\":\"https:\\\/\\\/thehometownlawyers.com\\\/es\\\/preguntas-frecuentes\\\/conducir-en-la-nieve\\\/#breadcrumb\",\"itemListElement\":[{\"@type\":\"ListItem\",\"position\":1,\"name\":\"Home\",\"item\":\"https:\\\/\\\/thehometownlawyers.com\\\/es\\\/\"},{\"@type\":\"ListItem\",\"position\":2,\"name\":\"Preguntas Frecuentes\",\"item\":\"https:\\\/\\\/thehometownlawyers.com\\\/es\\\/preguntas-frecuentes\\\/\"},{\"@type\":\"ListItem\",\"position\":3,\"name\":\"Conducir en la nieve&#8230;\"}]},{\"@type\":\"WebSite\",\"@id\":\"https:\\\/\\\/thehometownlawyers.com\\\/es\\\/#website\",\"url\":\"https:\\\/\\\/thehometownlawyers.com\\\/es\\\/\",\"name\":\"Kruger & Hodges Hometown Injury Lawyers | Accident Attorneys\",\"description\":\"Attorneys for Car, Truck and Motorcycle Accidents, Personal Injuries, and Criminal Defense.\",\"publisher\":{\"@id\":\"https:\\\/\\\/thehometownlawyers.com\\\/es\\\/#organization\"},\"alternateName\":\"Kruger & Hodges Personal Injury Lawyers\",\"inLanguage\":\"es\"},{\"@type\":\"Organization\",\"@id\":\"https:\\\/\\\/thehometownlawyers.com\\\/es\\\/#organization\",\"name\":\"Kruger & Hodges Hometown Injury Lawyers\",\"alternateName\":\"Kruger & Hodges\",\"url\":\"https:\\\/\\\/thehometownlawyers.com\\\/es\\\/\",\"logo\":{\"@type\":\"ImageObject\",\"inLanguage\":\"es\",\"@id\":\"https:\\\/\\\/thehometownlawyers.com\\\/es\\\/#\\\/schema\\\/logo\\\/image\\\/\",\"url\":\"https:\\\/\\\/thehometownlawyers.com\\\/wp-content\\\/uploads\\\/2025\\\/12\\\/revised-kh-logo-vertical-white-background-scaled.png\",\"contentUrl\":\"https:\\\/\\\/thehometownlawyers.com\\\/wp-content\\\/uploads\\\/2025\\\/12\\\/revised-kh-logo-vertical-white-background-scaled.png\",\"width\":2560,\"height\":1440,\"caption\":\"Kruger & Hodges Hometown Injury Lawyers\"},\"image\":{\"@id\":\"https:\\\/\\\/thehometownlawyers.com\\\/es\\\/#\\\/schema\\\/logo\\\/image\\\/\"},\"sameAs\":[\"https:\\\/\\\/www.facebook.com\\\/KrugerHodges\\\/\",\"https:\\\/\\\/www.instagram.com\\\/krugerhodges\\\/\",\"https:\\\/\\\/www.linkedin.com\\\/company\\\/kruger-hodges-hometown-injury-lawyers\\\/\",\"https:\\\/\\\/www.youtube.com\\\/channel\\\/UCeYcMaMaN2rb9jMlqt4EIdQ\",\"https:\\\/\\\/www.tiktok.com\\\/@thehometownlawyer\"]}]}<\/script>\n<!-- \/ Yoast SEO plugin. -->","yoast_head_json":{"title":"Conducir en la nieve\u2026: Consulta gratuita","description":"Los accidentes son demasiado comunes durante los meses de invierno. Si la mala conducci\u00f3n de otra persona en la nieve lo lesiona, llame a nuestros abogados de accidentes automovil\u00edsticos.","robots":{"index":"index","follow":"follow","max-snippet":"max-snippet:-1","max-image-preview":"max-image-preview:large","max-video-preview":"max-video-preview:-1"},"canonical":"https:\/\/thehometownlawyers.com\/es\/preguntas-frecuentes\/conducir-en-la-nieve\/","og_locale":"es_MX","og_type":"article","og_title":"Conducir en la nieve\u2026: Consulta gratuita","og_description":"Los accidentes son demasiado comunes durante los meses de invierno. Si la mala conducci\u00f3n de otra persona en la nieve lo lesiona, llame a nuestros abogados de accidentes automovil\u00edsticos.","og_url":"https:\/\/thehometownlawyers.com\/es\/preguntas-frecuentes\/conducir-en-la-nieve\/","og_site_name":"Kruger &amp; Hodges Abogados De Lesiones","article_publisher":"https:\/\/www.facebook.com\/KrugerHodges\/","article_modified_time":"2025-01-31T17:14:29+00:00","og_image":[{"width":640,"height":800,"url":"https:\/\/thehometownlawyers.com\/wp-content\/uploads\/2019\/01\/Driving-in-the-Snow.jpeg","type":"image\/jpeg"}],"twitter_card":"summary_large_image","twitter_misc":{"Tiempo de lectura":"3 minutos"},"schema":{"@context":"https:\/\/schema.org","@graph":[{"@type":"WebPage","@id":"https:\/\/thehometownlawyers.com\/es\/preguntas-frecuentes\/conducir-en-la-nieve\/","url":"https:\/\/thehometownlawyers.com\/es\/preguntas-frecuentes\/conducir-en-la-nieve\/","name":"Conducir en la nieve\u2026: Consulta gratuita","isPartOf":{"@id":"https:\/\/thehometownlawyers.com\/es\/#website"},"primaryImageOfPage":{"@id":"https:\/\/thehometownlawyers.com\/es\/preguntas-frecuentes\/conducir-en-la-nieve\/#primaryimage"},"image":{"@id":"https:\/\/thehometownlawyers.com\/es\/preguntas-frecuentes\/conducir-en-la-nieve\/#primaryimage"},"thumbnailUrl":"https:\/\/thehometownlawyers.com\/wp-content\/uploads\/2019\/01\/Driving-in-the-Snow.jpeg","datePublished":"2019-01-11T01:42:27+00:00","dateModified":"2025-01-31T17:14:29+00:00","description":"Los accidentes son demasiado comunes durante los meses de invierno. Si la mala conducci\u00f3n de otra persona en la nieve lo lesiona, llame a nuestros abogados de accidentes automovil\u00edsticos.","breadcrumb":{"@id":"https:\/\/thehometownlawyers.com\/es\/preguntas-frecuentes\/conducir-en-la-nieve\/#breadcrumb"},"inLanguage":"es","potentialAction":[{"@type":"ReadAction","target":["https:\/\/thehometownlawyers.com\/es\/preguntas-frecuentes\/conducir-en-la-nieve\/"]}]},{"@type":"ImageObject","inLanguage":"es","@id":"https:\/\/thehometownlawyers.com\/es\/preguntas-frecuentes\/conducir-en-la-nieve\/#primaryimage","url":"https:\/\/thehometownlawyers.com\/wp-content\/uploads\/2019\/01\/Driving-in-the-Snow.jpeg","contentUrl":"https:\/\/thehometownlawyers.com\/wp-content\/uploads\/2019\/01\/Driving-in-the-Snow.jpeg","width":640,"height":800,"caption":"Abogado de accidentes automovil\u00edsticos cerca de m\u00ed"},{"@type":"BreadcrumbList","@id":"https:\/\/thehometownlawyers.com\/es\/preguntas-frecuentes\/conducir-en-la-nieve\/#breadcrumb","itemListElement":[{"@type":"ListItem","position":1,"name":"Home","item":"https:\/\/thehometownlawyers.com\/es\/"},{"@type":"ListItem","position":2,"name":"Preguntas Frecuentes","item":"https:\/\/thehometownlawyers.com\/es\/preguntas-frecuentes\/"},{"@type":"ListItem","position":3,"name":"Conducir en la nieve&#8230;"}]},{"@type":"WebSite","@id":"https:\/\/thehometownlawyers.com\/es\/#website","url":"https:\/\/thehometownlawyers.com\/es\/","name":"Kruger & Hodges Hometown Injury Lawyers | Accident Attorneys","description":"Attorneys for Car, Truck and Motorcycle Accidents, Personal Injuries, and Criminal Defense.","publisher":{"@id":"https:\/\/thehometownlawyers.com\/es\/#organization"},"alternateName":"Kruger & Hodges Personal Injury Lawyers","inLanguage":"es"},{"@type":"Organization","@id":"https:\/\/thehometownlawyers.com\/es\/#organization","name":"Kruger & Hodges Hometown Injury Lawyers","alternateName":"Kruger & Hodges","url":"https:\/\/thehometownlawyers.com\/es\/","logo":{"@type":"ImageObject","inLanguage":"es","@id":"https:\/\/thehometownlawyers.com\/es\/#\/schema\/logo\/image\/","url":"https:\/\/thehometownlawyers.com\/wp-content\/uploads\/2025\/12\/revised-kh-logo-vertical-white-background-scaled.png","contentUrl":"https:\/\/thehometownlawyers.com\/wp-content\/uploads\/2025\/12\/revised-kh-logo-vertical-white-background-scaled.png","width":2560,"height":1440,"caption":"Kruger & Hodges Hometown Injury Lawyers"},"image":{"@id":"https:\/\/thehometownlawyers.com\/es\/#\/schema\/logo\/image\/"},"sameAs":["https:\/\/www.facebook.com\/KrugerHodges\/","https:\/\/www.instagram.com\/krugerhodges\/","https:\/\/www.linkedin.com\/company\/kruger-hodges-hometown-injury-lawyers\/","https:\/\/www.youtube.com\/channel\/UCeYcMaMaN2rb9jMlqt4EIdQ","https:\/\/www.tiktok.com\/@thehometownlawyer"]}]}},"_links":{"self":[{"href":"https:\/\/thehometownlawyers.com\/es\/wp-json\/wp\/v2\/pages\/21044","targetHints":{"allow":["GET"]}}],"collection":[{"href":"https:\/\/thehometownlawyers.com\/es\/wp-json\/wp\/v2\/pages"}],"about":[{"href":"https:\/\/thehometownlawyers.com\/es\/wp-json\/wp\/v2\/types\/page"}],"author":[{"embeddable":true,"href":"https:\/\/thehometownlawyers.com\/es\/wp-json\/wp\/v2\/users\/7"}],"replies":[{"embeddable":true,"href":"https:\/\/thehometownlawyers.com\/es\/wp-json\/wp\/v2\/comments?post=21044"}],"version-history":[{"count":0,"href":"https:\/\/thehometownlawyers.com\/es\/wp-json\/wp\/v2\/pages\/21044\/revisions"}],"up":[{"embeddable":true,"href":"https:\/\/thehometownlawyers.com\/es\/wp-json\/wp\/v2\/pages\/20989"}],"wp:featuredmedia":[{"embeddable":true,"href":"https:\/\/thehometownlawyers.com\/es\/wp-json\/wp\/v2\/media\/20726"}],"wp:attachment":[{"href":"https:\/\/thehometownlawyers.com\/es\/wp-json\/wp\/v2\/media?parent=21044"}],"wp:term":[{"taxonomy":"hc_faqs","embeddable":true,"href":"https:\/\/thehometownlawyers.com\/es\/wp-json\/wp\/v2\/hc_faqs?post=21044"},{"taxonomy":"hc_spanish_faqs","embeddable":true,"href":"https:\/\/thehometownlawyers.com\/es\/wp-json\/wp\/v2\/hc_spanish_faqs?post=21044"}],"curies":[{"name":"wp","href":"https:\/\/api.w.org\/{rel}","templated":true}]}}