{"id":21045,"date":"2019-04-16T16:19:59","date_gmt":"2019-04-16T20:19:59","guid":{"rendered":"https:\/\/thehometownlawyers.com\/?post_type=faq&#038;p=21045"},"modified":"2025-03-24T12:35:04","modified_gmt":"2025-03-24T16:35:04","slug":"como-los-conductores-de-automoviles-y-camiones-pueden-evitar-accidentes-de-motocicleta","status":"publish","type":"page","link":"https:\/\/thehometownlawyers.com\/es\/preguntas-frecuentes\/como-los-conductores-de-automoviles-y-camiones-pueden-evitar-accidentes-de-motocicleta\/","title":{"rendered":"C\u00f3mo los conductores de autom\u00f3viles y camiones pueden evitar accidentes de motocicleta"},"content":{"rendered":"<p>Las motocicletas ofrecen a sus conductores una experiencia inigualable en las carreteras abiertas de Ohio, pero los riesgos asociados a conducir una motocicleta no son insignificantes. Ejerciendo un grado de precauci\u00f3n adecuado, es posible que los motociclistas eviten accidentes y lesiones posteriores en algunas ocasiones. Sin embargo, incluso la conducci\u00f3n defensiva m\u00e1s cuidadosa no puede prevenir todos los accidentes de motocicleta, y tambi\u00e9n es responsabilidad de los conductores de veh\u00edculos motorizados de Ohio mantener seguros a los motociclistas en la carretera. Las siguientes son algunas t\u00e1cticas que los conductores de autom\u00f3viles y camiones de Ohio pueden usar para evitar verse involucrados en <a href=\"https:\/\/thehometownlawyers.com\/es\/abogados-de-lesiones-personales-de-middletown\/abogados-de-accidentes-de-motocicleta-en-middletown-ohio\/\">accidentes de motocicleta<\/a> .<\/p>\n<h2>Evite los accidentes de motocicleta con giro a la izquierda<\/h2>\n<p>Un veh\u00edculo de pasajeros o un cami\u00f3n que gira a la izquierda repentina o inesperadamente puede crear un peligro grave para los motociclistas. Los accidentes son comunes cuando los conductores giran a la izquierda porque a menudo no ven a los motociclistas cercanos. Los conductores pueden reducir en gran medida el riesgo de estos accidentes se\u00f1alando mucho antes de girar a la izquierda y asegur\u00e1ndose de que no haya tr\u00e1fico de ning\u00fan tipo antes de girar.<\/p>\n<p class=\"rs-content-cta rs-content-cta-small\">Para una consulta legal gratuita, llame al <a href=\"tel:+15138943333\">513-894-3333 <\/a><\/p><h2>Evite accidentes de motocicleta en puntos ciegos<\/h2>\n<p>Es fundamental que todos en la carretera recuerden que las motocicletas pueden desaparecer f\u00e1cilmente en el punto ciego del conductor. Cuando los conductores de veh\u00edculos motorizados dan vuelta o cambian de carril, siempre deben verificar una y otra vez para asegurarse de que no haya motociclistas en su camino.<\/p>\n<h2>Evite colisiones traseras de motocicletas<\/h2>\n<p>Si bien las colisiones traseras a menudo no son demasiado graves cuando involucran dos autom\u00f3viles de tama\u00f1o similar, estos accidentes pueden ser mucho m\u00e1s graves para los motociclistas. Los conductores de autom\u00f3viles y camiones deben ser cautelosos en las intersecciones, viajar a una velocidad razonable y mantener una distancia segura de otros veh\u00edculos para reducir el riesgo de accidentes.<\/p>\n<p class=\"rs-content-cta rs-content-cta-small\"><a href=\"\/es\/contacto\/\">Haga clic para contactar<\/a> con nuestros  abogados hoy<\/p><h2>Evite las condiciones clim\u00e1ticas adversas<\/h2>\n<p>Tener neum\u00e1ticos adecuados puede ayudar mucho a los motociclistas a evitar terminar en accidentes graves. Sin embargo, el conductor de cualquier veh\u00edculo debe asegurarse de tener los neum\u00e1ticos apropiados para la superficie de la carretera y para las inclemencias del tiempo que puedan presentarse. Los autom\u00f3viles y camiones deben tener una banda de rodadura amplia en sus llantas para los d\u00edas de lluvia y llantas adecuadas para la nieve, si es necesario, para evitar choques.<\/p>\n<p class=\"rs-content-cta rs-content-cta-small\">Complete una <a href=\"\/es\/contacto\/\">evaluaci\u00f3n gratuita de su caso<\/a> ahora<\/p><h2>Evite los accidentes relacionados con el alcohol<\/h2>\n<p>Muchos accidentes de motocicleta involucran el consumo de alcohol. La mejor manera para que los conductores de veh\u00edculos motorizados y los motociclistas eviten accidentes es nunca combinar el consumo de alcohol con la conducci\u00f3n del veh\u00edculo. El consumo de alcohol da\u00f1a gravemente la capacidad de una persona para operar un veh\u00edculo de manera segura.<\/p>\n<h2>Lesiones comunes sufridas en accidentes de motocicleta<\/h2>\n<p>No importa cu\u00e1n cautelosos sean los conductores de motocicletas, autom\u00f3viles y camiones en las carreteras de Ohio, inevitablemente ocurrir\u00e1n accidentes. Cuando lo hacen, las lesiones asociadas con accidentes de motocicleta, en particular, pueden ser bastante graves y alterar la vida. Las siguientes son algunas de las <a href=\"https:\/\/www.rideapart.com\/news\/255035\/what-body-parts-will-you-most-likely-injure-in-a-motorcycle-crash\/\" target=\"_blank\" rel=\"noopener\">lesiones m\u00e1s comunes<\/a> que se sabe que ocurren durante los accidentes de motocicleta:<\/p>\n<ul>\n<li><strong>Lesiones en la cabeza:<\/strong> la cabeza de una persona es una de las partes m\u00e1s importantes y fr\u00e1giles del cuerpo, lo que significa que las lesiones relacionadas con la cabeza o el cerebro suelen ser especialmente graves. Si una persona recibe una lesi\u00f3n en la cabeza como resultado de un accidente de motocicleta, es importante acudir de inmediato a un hospital para recibir asistencia. Debido a que los motociclistas tienen poca o ninguna protecci\u00f3n estructural cuando se ven involucrados en un accidente con un veh\u00edculo m\u00e1s grande, es importante que usen equipo de protecci\u00f3n adecuado, especialmente cascos.<\/li>\n<li><strong>Lesiones en las piernas:<\/strong> Las lesiones en las piernas, especialmente en los pies o las rodillas, son comunes en los accidentes de motocicleta. Si bien a menudo no son fatales, estas lesiones tienen el potencial de incapacitar permanentemente a una persona. Sin embargo, al usar equipo de protecci\u00f3n como rodilleras, los motociclistas pueden reducir el riesgo de lesiones en las piernas.<\/li>\n<li><strong>Da\u00f1o muscular:<\/strong> en algunos casos, el da\u00f1o muscular causado por un accidente de motocicleta puede volverse permanente. Este da\u00f1o puede resultar de ser arrojado de la motocicleta o aplastado por o entre otros veh\u00edculos. Es fundamental que los motociclistas siempre se protejan usando ropa protectora adecuada.<\/li>\n<li><strong>Cuello:<\/strong> Las lesiones en el cuello son un resultado com\u00fan de los accidentes de motocicleta. Estas lesiones tienen el potencial de causar da\u00f1os duraderos a la v\u00edctima de un accidente y, a menudo, resultan en par\u00e1lisis. Las lesiones en el cuello a menudo generan facturas m\u00e9dicas significativas y costos de rehabilitaci\u00f3n. El uso de cascos y otros equipos de protecci\u00f3n puede ayudar a prevenir lesiones graves en el cuello.<\/li>\n<li><strong>Erupci\u00f3n en la carretera. <\/strong>Refiri\u00e9ndose a cualquier tipo de lesi\u00f3n que ocurre cuando un motociclista se desliza sobre una superficie despu\u00e9s de un accidente, las erupciones en la carretera pueden variar desde leves hasta potencialmente mortales. En algunos casos, la erupci\u00f3n de la carretera puede provocar da\u00f1os permanentes que requieran una intervenci\u00f3n quir\u00fargica.<\/li>\n<\/ul>\n<h2>Hable con un Abogado de Accidentes de Motocicleta<\/h2>\n<p>Cuando ocurren accidentes de motocicleta, las lesiones resultantes pueden ser particularmente graves. Es por eso que es responsabilidad de los motociclistas y todos los dem\u00e1s operadores de veh\u00edculos conducir con precauci\u00f3n para evitar accidentes de motocicleta. Si usted o un ser querido ha resultado lesionado en accidentes de motocicleta, debe comunicarse con un abogado de lesiones de motocicleta hoy. Comun\u00edquese con <a href=\"https:\/\/thehometownlawyers.com\/es\/contacto\/\">Kruger &amp; Hodges<\/a> para programar su evaluaci\u00f3n de caso gratuita.<\/p>\n<p><a href=\"https:\/\/thehometownlawyers.com\/es\/contacto\/\">Oficina de abogados de Middletown<\/a><\/p>\n<p class=\"rs-content-cta rs-content-cta-small\">Llame o env\u00ede un mensaje de texto al <a href=\"tel:+15138943333\">513-894-3333<\/a> o complete una <a href=\"\/es\/contacto\/\">evaluaci\u00f3n gratuita de su caso<\/a><\/p>","protected":false},"excerpt":{"rendered":"<p>Las motocicletas ofrecen a sus conductores una experiencia inigualable en las carreteras abiertas de Ohio, pero los riesgos asociados a conducir una motocicleta no son insignificantes. Ejerciendo un grado de precauci\u00f3n adecuado, es posible que los motociclistas eviten accidentes y lesiones posteriores en algunas ocasiones. Sin embargo, incluso la conducci\u00f3n defensiva m\u00e1s cuidadosa no puede &#8230;<\/p>\n","protected":false},"author":7,"featured_media":24589,"parent":20989,"menu_order":0,"comment_status":"closed","ping_status":"closed","template":"","meta":{"_acf_changed":false,"inline_featured_image":false,"_genesis_hide_title":false,"_genesis_hide_breadcrumbs":false,"_genesis_hide_singular_image":false,"_genesis_hide_footer_widgets":false,"_genesis_custom_body_class":"","_genesis_custom_post_class":"","_genesis_layout":"","footnotes":""},"hc_faqs":[321],"hc_spanish_faqs":[],"class_list":{"0":"post-21045","1":"page","2":"type-page","3":"status-publish","4":"has-post-thumbnail","6":"hc_faqs-accidente-de-motocicleta","7":"entry"},"acf":[],"yoast_head":"<!-- This site is optimized with the Yoast SEO plugin v27.5 - https:\/\/yoast.com\/product\/yoast-seo-wordpress\/ -->\n<title>C\u00f3mo los conductores de autom\u00f3viles y camiones pueden evitar accidentes de motocicleta K&amp;H<\/title>\n<meta name=\"description\" content=\"Consejos para evitar accidentes de motocicleta y proteger a todos en la carretera. Si necesita un abogado de accidentes de motocicleta, llame al 513-894-3333\" \/>\n<meta name=\"robots\" content=\"index, follow, max-snippet:-1, max-image-preview:large, max-video-preview:-1\" \/>\n<link rel=\"canonical\" href=\"https:\/\/thehometownlawyers.com\/es\/preguntas-frecuentes\/como-los-conductores-de-automoviles-y-camiones-pueden-evitar-accidentes-de-motocicleta\/\" \/>\n<meta property=\"og:locale\" content=\"es_MX\" \/>\n<meta property=\"og:type\" content=\"article\" \/>\n<meta property=\"og:title\" content=\"C\u00f3mo los conductores de autom\u00f3viles y camiones pueden evitar accidentes de motocicleta K&amp;H\" \/>\n<meta property=\"og:description\" content=\"Consejos para evitar accidentes de motocicleta y proteger a todos en la carretera. Si necesita un abogado de accidentes de motocicleta, llame al 513-894-3333\" \/>\n<meta property=\"og:url\" content=\"https:\/\/thehometownlawyers.com\/es\/preguntas-frecuentes\/como-los-conductores-de-automoviles-y-camiones-pueden-evitar-accidentes-de-motocicleta\/\" \/>\n<meta property=\"og:site_name\" content=\"Kruger &amp; Hodges Abogados De Lesiones\" \/>\n<meta property=\"article:publisher\" content=\"https:\/\/www.facebook.com\/KrugerHodges\/\" \/>\n<meta property=\"article:modified_time\" content=\"2025-03-24T16:35:04+00:00\" \/>\n<meta property=\"og:image\" content=\"https:\/\/thehometownlawyers.com\/wp-content\/uploads\/2025\/03\/como-los-conductores-de-automoviles-y-camiones-pueden-evitar-accidentes-de-motocicleta.jpg\" \/>\n\t<meta property=\"og:image:width\" content=\"768\" \/>\n\t<meta property=\"og:image:height\" content=\"511\" \/>\n\t<meta property=\"og:image:type\" content=\"image\/jpeg\" \/>\n<meta name=\"twitter:card\" content=\"summary_large_image\" \/>\n<meta name=\"twitter:label1\" content=\"Tiempo de lectura\" \/>\n\t<meta name=\"twitter:data1\" content=\"5 minutos\" \/>\n<script type=\"application\/ld+json\" class=\"yoast-schema-graph\">{\"@context\":\"https:\\\/\\\/schema.org\",\"@graph\":[{\"@type\":\"WebPage\",\"@id\":\"https:\\\/\\\/thehometownlawyers.com\\\/es\\\/preguntas-frecuentes\\\/como-los-conductores-de-automoviles-y-camiones-pueden-evitar-accidentes-de-motocicleta\\\/\",\"url\":\"https:\\\/\\\/thehometownlawyers.com\\\/es\\\/preguntas-frecuentes\\\/como-los-conductores-de-automoviles-y-camiones-pueden-evitar-accidentes-de-motocicleta\\\/\",\"name\":\"C\u00f3mo los conductores de autom\u00f3viles y camiones pueden evitar accidentes de motocicleta K&H\",\"isPartOf\":{\"@id\":\"https:\\\/\\\/thehometownlawyers.com\\\/es\\\/#website\"},\"primaryImageOfPage\":{\"@id\":\"https:\\\/\\\/thehometownlawyers.com\\\/es\\\/preguntas-frecuentes\\\/como-los-conductores-de-automoviles-y-camiones-pueden-evitar-accidentes-de-motocicleta\\\/#primaryimage\"},\"image\":{\"@id\":\"https:\\\/\\\/thehometownlawyers.com\\\/es\\\/preguntas-frecuentes\\\/como-los-conductores-de-automoviles-y-camiones-pueden-evitar-accidentes-de-motocicleta\\\/#primaryimage\"},\"thumbnailUrl\":\"https:\\\/\\\/thehometownlawyers.com\\\/wp-content\\\/uploads\\\/2025\\\/03\\\/como-los-conductores-de-automoviles-y-camiones-pueden-evitar-accidentes-de-motocicleta.jpg\",\"datePublished\":\"2019-04-16T20:19:59+00:00\",\"dateModified\":\"2025-03-24T16:35:04+00:00\",\"description\":\"Consejos para evitar accidentes de motocicleta y proteger a todos en la carretera. Si necesita un abogado de accidentes de motocicleta, llame al 513-894-3333\",\"breadcrumb\":{\"@id\":\"https:\\\/\\\/thehometownlawyers.com\\\/es\\\/preguntas-frecuentes\\\/como-los-conductores-de-automoviles-y-camiones-pueden-evitar-accidentes-de-motocicleta\\\/#breadcrumb\"},\"inLanguage\":\"es\",\"potentialAction\":[{\"@type\":\"ReadAction\",\"target\":[\"https:\\\/\\\/thehometownlawyers.com\\\/es\\\/preguntas-frecuentes\\\/como-los-conductores-de-automoviles-y-camiones-pueden-evitar-accidentes-de-motocicleta\\\/\"]}]},{\"@type\":\"ImageObject\",\"inLanguage\":\"es\",\"@id\":\"https:\\\/\\\/thehometownlawyers.com\\\/es\\\/preguntas-frecuentes\\\/como-los-conductores-de-automoviles-y-camiones-pueden-evitar-accidentes-de-motocicleta\\\/#primaryimage\",\"url\":\"https:\\\/\\\/thehometownlawyers.com\\\/wp-content\\\/uploads\\\/2025\\\/03\\\/como-los-conductores-de-automoviles-y-camiones-pueden-evitar-accidentes-de-motocicleta.jpg\",\"contentUrl\":\"https:\\\/\\\/thehometownlawyers.com\\\/wp-content\\\/uploads\\\/2025\\\/03\\\/como-los-conductores-de-automoviles-y-camiones-pueden-evitar-accidentes-de-motocicleta.jpg\",\"width\":768,\"height\":511,\"caption\":\"Thoughtful tired man driving car, stuck in traffic, pensive male driver with fasten seat belt looking at road, leaning on his hand.\"},{\"@type\":\"BreadcrumbList\",\"@id\":\"https:\\\/\\\/thehometownlawyers.com\\\/es\\\/preguntas-frecuentes\\\/como-los-conductores-de-automoviles-y-camiones-pueden-evitar-accidentes-de-motocicleta\\\/#breadcrumb\",\"itemListElement\":[{\"@type\":\"ListItem\",\"position\":1,\"name\":\"Home\",\"item\":\"https:\\\/\\\/thehometownlawyers.com\\\/es\\\/\"},{\"@type\":\"ListItem\",\"position\":2,\"name\":\"Preguntas Frecuentes\",\"item\":\"https:\\\/\\\/thehometownlawyers.com\\\/es\\\/preguntas-frecuentes\\\/\"},{\"@type\":\"ListItem\",\"position\":3,\"name\":\"C\u00f3mo los conductores de autom\u00f3viles y camiones pueden evitar accidentes de motocicleta\"}]},{\"@type\":\"WebSite\",\"@id\":\"https:\\\/\\\/thehometownlawyers.com\\\/es\\\/#website\",\"url\":\"https:\\\/\\\/thehometownlawyers.com\\\/es\\\/\",\"name\":\"Kruger & Hodges Hometown Injury Lawyers | Accident Attorneys\",\"description\":\"Attorneys for Car, Truck and Motorcycle Accidents, Personal Injuries, and Criminal Defense.\",\"publisher\":{\"@id\":\"https:\\\/\\\/thehometownlawyers.com\\\/es\\\/#organization\"},\"alternateName\":\"Kruger & Hodges Personal Injury Lawyers\",\"inLanguage\":\"es\"},{\"@type\":\"Organization\",\"@id\":\"https:\\\/\\\/thehometownlawyers.com\\\/es\\\/#organization\",\"name\":\"Kruger & Hodges Hometown Injury Lawyers\",\"alternateName\":\"Kruger & Hodges\",\"url\":\"https:\\\/\\\/thehometownlawyers.com\\\/es\\\/\",\"logo\":{\"@type\":\"ImageObject\",\"inLanguage\":\"es\",\"@id\":\"https:\\\/\\\/thehometownlawyers.com\\\/es\\\/#\\\/schema\\\/logo\\\/image\\\/\",\"url\":\"https:\\\/\\\/thehometownlawyers.com\\\/wp-content\\\/uploads\\\/2025\\\/12\\\/revised-kh-logo-vertical-white-background-scaled.png\",\"contentUrl\":\"https:\\\/\\\/thehometownlawyers.com\\\/wp-content\\\/uploads\\\/2025\\\/12\\\/revised-kh-logo-vertical-white-background-scaled.png\",\"width\":2560,\"height\":1440,\"caption\":\"Kruger & Hodges Hometown Injury Lawyers\"},\"image\":{\"@id\":\"https:\\\/\\\/thehometownlawyers.com\\\/es\\\/#\\\/schema\\\/logo\\\/image\\\/\"},\"sameAs\":[\"https:\\\/\\\/www.facebook.com\\\/KrugerHodges\\\/\",\"https:\\\/\\\/www.instagram.com\\\/krugerhodges\\\/\",\"https:\\\/\\\/www.linkedin.com\\\/company\\\/kruger-hodges-hometown-injury-lawyers\\\/\",\"https:\\\/\\\/www.youtube.com\\\/channel\\\/UCeYcMaMaN2rb9jMlqt4EIdQ\",\"https:\\\/\\\/www.tiktok.com\\\/@thehometownlawyer\"]}]}<\/script>\n<!-- \/ Yoast SEO plugin. -->","yoast_head_json":{"title":"C\u00f3mo los conductores de autom\u00f3viles y camiones pueden evitar accidentes de motocicleta K&H","description":"Consejos para evitar accidentes de motocicleta y proteger a todos en la carretera. Si necesita un abogado de accidentes de motocicleta, llame al 513-894-3333","robots":{"index":"index","follow":"follow","max-snippet":"max-snippet:-1","max-image-preview":"max-image-preview:large","max-video-preview":"max-video-preview:-1"},"canonical":"https:\/\/thehometownlawyers.com\/es\/preguntas-frecuentes\/como-los-conductores-de-automoviles-y-camiones-pueden-evitar-accidentes-de-motocicleta\/","og_locale":"es_MX","og_type":"article","og_title":"C\u00f3mo los conductores de autom\u00f3viles y camiones pueden evitar accidentes de motocicleta K&H","og_description":"Consejos para evitar accidentes de motocicleta y proteger a todos en la carretera. Si necesita un abogado de accidentes de motocicleta, llame al 513-894-3333","og_url":"https:\/\/thehometownlawyers.com\/es\/preguntas-frecuentes\/como-los-conductores-de-automoviles-y-camiones-pueden-evitar-accidentes-de-motocicleta\/","og_site_name":"Kruger &amp; Hodges Abogados De Lesiones","article_publisher":"https:\/\/www.facebook.com\/KrugerHodges\/","article_modified_time":"2025-03-24T16:35:04+00:00","og_image":[{"width":768,"height":511,"url":"https:\/\/thehometownlawyers.com\/wp-content\/uploads\/2025\/03\/como-los-conductores-de-automoviles-y-camiones-pueden-evitar-accidentes-de-motocicleta.jpg","type":"image\/jpeg"}],"twitter_card":"summary_large_image","twitter_misc":{"Tiempo de lectura":"5 minutos"},"schema":{"@context":"https:\/\/schema.org","@graph":[{"@type":"WebPage","@id":"https:\/\/thehometownlawyers.com\/es\/preguntas-frecuentes\/como-los-conductores-de-automoviles-y-camiones-pueden-evitar-accidentes-de-motocicleta\/","url":"https:\/\/thehometownlawyers.com\/es\/preguntas-frecuentes\/como-los-conductores-de-automoviles-y-camiones-pueden-evitar-accidentes-de-motocicleta\/","name":"C\u00f3mo los conductores de autom\u00f3viles y camiones pueden evitar accidentes de motocicleta K&H","isPartOf":{"@id":"https:\/\/thehometownlawyers.com\/es\/#website"},"primaryImageOfPage":{"@id":"https:\/\/thehometownlawyers.com\/es\/preguntas-frecuentes\/como-los-conductores-de-automoviles-y-camiones-pueden-evitar-accidentes-de-motocicleta\/#primaryimage"},"image":{"@id":"https:\/\/thehometownlawyers.com\/es\/preguntas-frecuentes\/como-los-conductores-de-automoviles-y-camiones-pueden-evitar-accidentes-de-motocicleta\/#primaryimage"},"thumbnailUrl":"https:\/\/thehometownlawyers.com\/wp-content\/uploads\/2025\/03\/como-los-conductores-de-automoviles-y-camiones-pueden-evitar-accidentes-de-motocicleta.jpg","datePublished":"2019-04-16T20:19:59+00:00","dateModified":"2025-03-24T16:35:04+00:00","description":"Consejos para evitar accidentes de motocicleta y proteger a todos en la carretera. Si necesita un abogado de accidentes de motocicleta, llame al 513-894-3333","breadcrumb":{"@id":"https:\/\/thehometownlawyers.com\/es\/preguntas-frecuentes\/como-los-conductores-de-automoviles-y-camiones-pueden-evitar-accidentes-de-motocicleta\/#breadcrumb"},"inLanguage":"es","potentialAction":[{"@type":"ReadAction","target":["https:\/\/thehometownlawyers.com\/es\/preguntas-frecuentes\/como-los-conductores-de-automoviles-y-camiones-pueden-evitar-accidentes-de-motocicleta\/"]}]},{"@type":"ImageObject","inLanguage":"es","@id":"https:\/\/thehometownlawyers.com\/es\/preguntas-frecuentes\/como-los-conductores-de-automoviles-y-camiones-pueden-evitar-accidentes-de-motocicleta\/#primaryimage","url":"https:\/\/thehometownlawyers.com\/wp-content\/uploads\/2025\/03\/como-los-conductores-de-automoviles-y-camiones-pueden-evitar-accidentes-de-motocicleta.jpg","contentUrl":"https:\/\/thehometownlawyers.com\/wp-content\/uploads\/2025\/03\/como-los-conductores-de-automoviles-y-camiones-pueden-evitar-accidentes-de-motocicleta.jpg","width":768,"height":511,"caption":"Thoughtful tired man driving car, stuck in traffic, pensive male driver with fasten seat belt looking at road, leaning on his hand."},{"@type":"BreadcrumbList","@id":"https:\/\/thehometownlawyers.com\/es\/preguntas-frecuentes\/como-los-conductores-de-automoviles-y-camiones-pueden-evitar-accidentes-de-motocicleta\/#breadcrumb","itemListElement":[{"@type":"ListItem","position":1,"name":"Home","item":"https:\/\/thehometownlawyers.com\/es\/"},{"@type":"ListItem","position":2,"name":"Preguntas Frecuentes","item":"https:\/\/thehometownlawyers.com\/es\/preguntas-frecuentes\/"},{"@type":"ListItem","position":3,"name":"C\u00f3mo los conductores de autom\u00f3viles y camiones pueden evitar accidentes de motocicleta"}]},{"@type":"WebSite","@id":"https:\/\/thehometownlawyers.com\/es\/#website","url":"https:\/\/thehometownlawyers.com\/es\/","name":"Kruger & Hodges Hometown Injury Lawyers | Accident Attorneys","description":"Attorneys for Car, Truck and Motorcycle Accidents, Personal Injuries, and Criminal Defense.","publisher":{"@id":"https:\/\/thehometownlawyers.com\/es\/#organization"},"alternateName":"Kruger & Hodges Personal Injury Lawyers","inLanguage":"es"},{"@type":"Organization","@id":"https:\/\/thehometownlawyers.com\/es\/#organization","name":"Kruger & Hodges Hometown Injury Lawyers","alternateName":"Kruger & Hodges","url":"https:\/\/thehometownlawyers.com\/es\/","logo":{"@type":"ImageObject","inLanguage":"es","@id":"https:\/\/thehometownlawyers.com\/es\/#\/schema\/logo\/image\/","url":"https:\/\/thehometownlawyers.com\/wp-content\/uploads\/2025\/12\/revised-kh-logo-vertical-white-background-scaled.png","contentUrl":"https:\/\/thehometownlawyers.com\/wp-content\/uploads\/2025\/12\/revised-kh-logo-vertical-white-background-scaled.png","width":2560,"height":1440,"caption":"Kruger & Hodges Hometown Injury Lawyers"},"image":{"@id":"https:\/\/thehometownlawyers.com\/es\/#\/schema\/logo\/image\/"},"sameAs":["https:\/\/www.facebook.com\/KrugerHodges\/","https:\/\/www.instagram.com\/krugerhodges\/","https:\/\/www.linkedin.com\/company\/kruger-hodges-hometown-injury-lawyers\/","https:\/\/www.youtube.com\/channel\/UCeYcMaMaN2rb9jMlqt4EIdQ","https:\/\/www.tiktok.com\/@thehometownlawyer"]}]}},"_links":{"self":[{"href":"https:\/\/thehometownlawyers.com\/es\/wp-json\/wp\/v2\/pages\/21045","targetHints":{"allow":["GET"]}}],"collection":[{"href":"https:\/\/thehometownlawyers.com\/es\/wp-json\/wp\/v2\/pages"}],"about":[{"href":"https:\/\/thehometownlawyers.com\/es\/wp-json\/wp\/v2\/types\/page"}],"author":[{"embeddable":true,"href":"https:\/\/thehometownlawyers.com\/es\/wp-json\/wp\/v2\/users\/7"}],"replies":[{"embeddable":true,"href":"https:\/\/thehometownlawyers.com\/es\/wp-json\/wp\/v2\/comments?post=21045"}],"version-history":[{"count":0,"href":"https:\/\/thehometownlawyers.com\/es\/wp-json\/wp\/v2\/pages\/21045\/revisions"}],"up":[{"embeddable":true,"href":"https:\/\/thehometownlawyers.com\/es\/wp-json\/wp\/v2\/pages\/20989"}],"wp:featuredmedia":[{"embeddable":true,"href":"https:\/\/thehometownlawyers.com\/es\/wp-json\/wp\/v2\/media\/24589"}],"wp:attachment":[{"href":"https:\/\/thehometownlawyers.com\/es\/wp-json\/wp\/v2\/media?parent=21045"}],"wp:term":[{"taxonomy":"hc_faqs","embeddable":true,"href":"https:\/\/thehometownlawyers.com\/es\/wp-json\/wp\/v2\/hc_faqs?post=21045"},{"taxonomy":"hc_spanish_faqs","embeddable":true,"href":"https:\/\/thehometownlawyers.com\/es\/wp-json\/wp\/v2\/hc_spanish_faqs?post=21045"}],"curies":[{"name":"wp","href":"https:\/\/api.w.org\/{rel}","templated":true}]}}