{"id":21050,"date":"2020-01-13T12:30:10","date_gmt":"2020-01-13T17:30:10","guid":{"rendered":"https:\/\/thehometownlawyers.com\/?page_id=21050"},"modified":"2025-03-04T17:54:27","modified_gmt":"2025-03-04T22:54:27","slug":"abogados-de-accidentes-de-bicicleta-en-hamilton-ohio","status":"publish","type":"page","link":"https:\/\/thehometownlawyers.com\/es\/hamilton\/abogado-de-accidente-de-bicicleta\/","title":{"rendered":"Abogado de Accidente de Bicicleta en Hamilton"},"content":{"rendered":"<h2>Abogados de Accidentes de Bicicleta en Hamilton, Ohio<\/h2>\n<p>Andar en bicicleta ofrece una serie de beneficios que incluyen un tiempo de viaje m\u00e1s r\u00e1pido y una mejor salud. Desafortunadamente, los ciclistas en Ohio tambi\u00e9n deben enfrentar el riesgo de accidentes. La <a href=\"https:\/\/www.nhtsa.gov\/\" target=\"_blank\" rel=\"noopener noreferrer\">Administraci\u00f3n Nacional de Seguridad del Tr\u00e1fico en Carreteras<\/a> informa que aproximadamente 700 personas mueren cada a\u00f1o en los Estados Unidos debido a accidentes de bicicleta y que 50,000 personas resultan lesionadas en estos accidentes. El n\u00famero podr\u00eda incluso ser mucho mayor porque la polic\u00eda no documenta todos los accidentes de bicicleta. Si se lesiona en un accidente de bicicleta, comun\u00edquese con nuestros abogados con experiencia en accidentes de bicicleta en Hamilton, OH, quienes pueden asegurarse de que obtenga la compensaci\u00f3n que se merece.<\/p>\n<p class=\"rs-content-cta rs-content-cta-small\">Para una consulta legal gratuita, llame al <a href=\"tel:+15138943333\">513-894-3333 <\/a><\/p><h2>Ley de Ohio sobre accidentes de bicicleta<\/h2>\n<p>La <a href=\"https:\/\/codes.ohio.gov\/ohio-revised-code\/section-4501.01\" target=\"_blank\" rel=\"noopener\">secci\u00f3n 4501.01 del<\/a> C\u00f3digo Revisado de Ohio define las bicicletas como un tipo de veh\u00edculo, lo que significa que los ciclistas del estado deben seguir todas las se\u00f1ales de tr\u00e1nsito. Estas regulaciones incluyen lo siguiente:<\/p>\n<ul>\n<li>Los ciclistas tienen prohibido llevar bultos, pasajeros y paquetes que les impidan mantener al menos una mano en el manillar de su bicicleta.<\/li>\n<li>Se requiere que los ciclistas circulen lo m\u00e1s a la derecha de la carretera que sea seguro hacerlo.<br \/>\nLos ciclistas deben tener el debido cuidado al rebasar veh\u00edculos que est\u00e9n avanzando en la misma direcci\u00f3n o detenidos.<\/li>\n<li>Los ciclistas que usan sus bicicletas cuando est\u00e1 oscuro afuera deben asegurarse de que sus bicicletas est\u00e9n equipadas con luces delanteras blancas que sean visibles desde 500 pies.<\/li>\n<li>Los reflectores rojos deben colocarse en la parte trasera de una bicicleta y ser visibles entre 100 y 600 pies cuando est\u00e9n directamente frente a las luces de un veh\u00edculo motorizado. Una luz trasera roja tambi\u00e9n debe estar en una bicicleta y ser visible desde una distancia de 500 pies o un dispositivo que emita sonido que pueda escucharse desde 100 pies.<\/li>\n<li>Los ciclistas en Ohio no est\u00e1n obligados a usar cascos.<\/li>\n<\/ul>\n<p class=\"rs-content-cta\">Abogado de Lesiones Personales de hamilton Cerca de M\u00ed <a href=\"tel:+15138943333\">513-894-3333<\/a><\/p><h2>Las causas de los accidentes de bicicleta en Hamilton, Ohio<\/h2>\n<p>Una gran cantidad de accidentes de bicicleta en Hamilton, Ohio, son causados por operadores de veh\u00edculos motorizados que no conducen sus veh\u00edculos de manera segura. Algunas de las formas en que los ciclistas pueden sufrir da\u00f1os en accidentes de veh\u00edculos incluyen:<\/p>\n<ul>\n<li>Los accidentes de &#8220;puertas&#8221; ocurren cuando las puertas se abren frente a los ciclistas.<\/li>\n<li>Conducir un veh\u00edculo bajo la influencia de alcohol o drogas.<\/li>\n<li>No verificar los puntos ciegos de un veh\u00edculo al cambiar de carril.<\/li>\n<li>No detenerse por completo en una se\u00f1al de alto.<\/li>\n<li>No ceder el paso a un ciclista cuando es apropiado.<\/li>\n<li>Hacer giros repentinamente frente a un ciclista.<\/li>\n<li>Salir de entradas de veh\u00edculos o posiciones estacionadas sin mirar.<\/li>\n<li>Ciclistas que chocan lateralmente que viajan en el arc\u00e9n de la carretera.<\/li>\n<li>Operadores de veh\u00edculos que conducen demasiado agresivamente o demasiado r\u00e1pido.<\/li>\n<li>Operadores de veh\u00edculos que pisan el acelerador en lugar de los frenos.<\/li>\n<\/ul>\n<p class=\"rs-content-cta rs-content-cta-small\"><a href=\"\/es\/contacto\/\">Haga clic para contactar<\/a> con nuestros lesiones personales abogados hoy<\/p><h2>Hable con nuestros abogados expertos en accidentes de bicicleta en Hamilton<\/h2>\n<p>Los accidentes de bicicleta tienen el potencial de resultar en lesiones graves que pueden cambiar la vida de una persona. Al obtener la asistencia de nuestros <a href=\"https:\/\/thehometownlawyers.com\/es\/\" target=\"_blank\" rel=\"noopener noreferrer\">abogados de lesiones personales<\/a> en <a href=\"https:\/\/thehometownlawyers.com\/es\/contacto\/\">Kruger &amp; Hodges<\/a> , puede estar seguro de que las compa\u00f1\u00edas de seguros no se aprovechar\u00e1n de usted. <a href=\"https:\/\/thehometownlawyers.com\/es\/contacto\/\">P\u00f3ngase en contacto con nuestra firma<\/a> hoy para programar una consulta inicial gratuita. Estamos ubicados en Hamilton, Ohio, a pocos pasos del Palacio de Justicia del Condado de Butler.<\/p>\n<p class=\"rs-content-cta rs-content-cta-small\">Llame o env\u00ede un mensaje de texto al <a href=\"tel:+15138943333\">513-894-3333<\/a> o complete una <a href=\"\/es\/contacto\/\">evaluaci\u00f3n gratuita de su caso<\/a><\/p>","protected":false},"excerpt":{"rendered":"<p>Abogados de Accidentes de Bicicleta en Hamilton, Ohio Andar en bicicleta ofrece una serie de beneficios que incluyen un tiempo de viaje m\u00e1s r\u00e1pido y una mejor salud. Desafortunadamente, los ciclistas en Ohio tambi\u00e9n deben enfrentar el riesgo de accidentes. La Administraci\u00f3n Nacional de Seguridad del Tr\u00e1fico en Carreteras informa que aproximadamente 700 personas mueren &#8230;<\/p>\n","protected":false},"author":7,"featured_media":20803,"parent":20908,"menu_order":0,"comment_status":"closed","ping_status":"closed","template":"","meta":{"_acf_changed":false,"inline_featured_image":false,"_genesis_hide_title":false,"_genesis_hide_breadcrumbs":false,"_genesis_hide_singular_image":false,"_genesis_hide_footer_widgets":false,"_genesis_custom_body_class":"","_genesis_custom_post_class":"","_genesis_layout":"","footnotes":""},"hc_faqs":[],"hc_spanish_faqs":[],"class_list":{"0":"post-21050","1":"page","2":"type-page","3":"status-publish","4":"has-post-thumbnail","6":"hc_city_location-hamilton-es-2","7":"entry"},"acf":[],"yoast_head":"<!-- This site is optimized with the Yoast SEO plugin v27.3 - https:\/\/yoast.com\/product\/yoast-seo-wordpress\/ -->\n<title>Abogados de Accidentes de Bicicleta en Hamilton, Ohio: Consulta gratuita<\/title>\n<meta name=\"description\" content=\"Si se lesiona en un accidente de bicicleta, comun\u00edquese con nuestros abogados con experiencia en accidentes de bicicleta en Hamilton, OH para obtener la compensaci\u00f3n que se merece.\" \/>\n<meta name=\"robots\" content=\"index, follow, max-snippet:-1, max-image-preview:large, max-video-preview:-1\" \/>\n<link rel=\"canonical\" href=\"https:\/\/thehometownlawyers.com\/es\/hamilton\/abogado-de-accidente-de-bicicleta\/\" \/>\n<meta property=\"og:locale\" content=\"es_MX\" \/>\n<meta property=\"og:type\" content=\"article\" \/>\n<meta property=\"og:title\" content=\"Abogados de Accidentes de Bicicleta en Hamilton, Ohio: Consulta gratuita\" \/>\n<meta property=\"og:description\" content=\"Si se lesiona en un accidente de bicicleta, comun\u00edquese con nuestros abogados con experiencia en accidentes de bicicleta en Hamilton, OH para obtener la compensaci\u00f3n que se merece.\" \/>\n<meta property=\"og:url\" content=\"https:\/\/thehometownlawyers.com\/es\/hamilton\/abogado-de-accidente-de-bicicleta\/\" \/>\n<meta property=\"og:site_name\" content=\"Kruger &amp; Hodges Abogados De Lesiones\" \/>\n<meta property=\"article:publisher\" content=\"https:\/\/www.facebook.com\/KrugerHodges\/\" \/>\n<meta property=\"article:modified_time\" content=\"2025-03-04T22:54:27+00:00\" \/>\n<meta property=\"og:image\" content=\"https:\/\/thehometownlawyers.com\/wp-content\/uploads\/2021\/08\/bicycle-accidents-crosswalk.jpg\" \/>\n\t<meta property=\"og:image:width\" content=\"1920\" \/>\n\t<meta property=\"og:image:height\" content=\"1080\" \/>\n\t<meta property=\"og:image:type\" content=\"image\/jpeg\" \/>\n<meta name=\"twitter:card\" content=\"summary_large_image\" \/>\n<meta name=\"twitter:label1\" content=\"Tiempo de lectura\" \/>\n\t<meta name=\"twitter:data1\" content=\"3 minutos\" \/>\n<script type=\"application\/ld+json\" class=\"yoast-schema-graph\">{\"@context\":\"https:\\\/\\\/schema.org\",\"@graph\":[{\"@type\":\"WebPage\",\"@id\":\"https:\\\/\\\/thehometownlawyers.com\\\/es\\\/hamilton\\\/abogado-de-accidente-de-bicicleta\\\/\",\"url\":\"https:\\\/\\\/thehometownlawyers.com\\\/es\\\/hamilton\\\/abogado-de-accidente-de-bicicleta\\\/\",\"name\":\"Abogados de Accidentes de Bicicleta en Hamilton, Ohio: Consulta gratuita\",\"isPartOf\":{\"@id\":\"https:\\\/\\\/thehometownlawyers.com\\\/es\\\/#website\"},\"primaryImageOfPage\":{\"@id\":\"https:\\\/\\\/thehometownlawyers.com\\\/es\\\/hamilton\\\/abogado-de-accidente-de-bicicleta\\\/#primaryimage\"},\"image\":{\"@id\":\"https:\\\/\\\/thehometownlawyers.com\\\/es\\\/hamilton\\\/abogado-de-accidente-de-bicicleta\\\/#primaryimage\"},\"thumbnailUrl\":\"https:\\\/\\\/thehometownlawyers.com\\\/wp-content\\\/uploads\\\/2021\\\/08\\\/bicycle-accidents-crosswalk.jpg\",\"datePublished\":\"2020-01-13T17:30:10+00:00\",\"dateModified\":\"2025-03-04T22:54:27+00:00\",\"description\":\"Si se lesiona en un accidente de bicicleta, comun\u00edquese con nuestros abogados con experiencia en accidentes de bicicleta en Hamilton, OH para obtener la compensaci\u00f3n que se merece.\",\"breadcrumb\":{\"@id\":\"https:\\\/\\\/thehometownlawyers.com\\\/es\\\/hamilton\\\/abogado-de-accidente-de-bicicleta\\\/#breadcrumb\"},\"inLanguage\":\"es\",\"potentialAction\":[{\"@type\":\"ReadAction\",\"target\":[\"https:\\\/\\\/thehometownlawyers.com\\\/es\\\/hamilton\\\/abogado-de-accidente-de-bicicleta\\\/\"]}]},{\"@type\":\"ImageObject\",\"inLanguage\":\"es\",\"@id\":\"https:\\\/\\\/thehometownlawyers.com\\\/es\\\/hamilton\\\/abogado-de-accidente-de-bicicleta\\\/#primaryimage\",\"url\":\"https:\\\/\\\/thehometownlawyers.com\\\/wp-content\\\/uploads\\\/2021\\\/08\\\/bicycle-accidents-crosswalk.jpg\",\"contentUrl\":\"https:\\\/\\\/thehometownlawyers.com\\\/wp-content\\\/uploads\\\/2021\\\/08\\\/bicycle-accidents-crosswalk.jpg\",\"width\":1920,\"height\":1080,\"caption\":\"ciclista en paso de peatones\"},{\"@type\":\"BreadcrumbList\",\"@id\":\"https:\\\/\\\/thehometownlawyers.com\\\/es\\\/hamilton\\\/abogado-de-accidente-de-bicicleta\\\/#breadcrumb\",\"itemListElement\":[{\"@type\":\"ListItem\",\"position\":1,\"name\":\"Home\",\"item\":\"https:\\\/\\\/thehometownlawyers.com\\\/es\\\/\"},{\"@type\":\"ListItem\",\"position\":2,\"name\":\"Abogados de Lesiones Personales en Hamilton\",\"item\":\"https:\\\/\\\/thehometownlawyers.com\\\/es\\\/\"},{\"@type\":\"ListItem\",\"position\":3,\"name\":\"Abogado de Accidente de Bicicleta en Hamilton\"}]},{\"@type\":\"WebSite\",\"@id\":\"https:\\\/\\\/thehometownlawyers.com\\\/es\\\/#website\",\"url\":\"https:\\\/\\\/thehometownlawyers.com\\\/es\\\/\",\"name\":\"Kruger & Hodges Hometown Injury Lawyers | Accident Attorneys\",\"description\":\"Attorneys for Car, Truck and Motorcycle Accidents, Personal Injuries, and Criminal Defense.\",\"publisher\":{\"@id\":\"https:\\\/\\\/thehometownlawyers.com\\\/es\\\/#organization\"},\"alternateName\":\"Kruger & Hodges Personal Injury Lawyers\",\"inLanguage\":\"es\"},{\"@type\":\"Organization\",\"@id\":\"https:\\\/\\\/thehometownlawyers.com\\\/es\\\/#organization\",\"name\":\"Kruger & Hodges Hometown Injury Lawyers\",\"alternateName\":\"Kruger & Hodges\",\"url\":\"https:\\\/\\\/thehometownlawyers.com\\\/es\\\/\",\"logo\":{\"@type\":\"ImageObject\",\"inLanguage\":\"es\",\"@id\":\"https:\\\/\\\/thehometownlawyers.com\\\/es\\\/#\\\/schema\\\/logo\\\/image\\\/\",\"url\":\"https:\\\/\\\/thehometownlawyers.com\\\/wp-content\\\/uploads\\\/2025\\\/12\\\/revised-kh-logo-vertical-white-background-scaled.png\",\"contentUrl\":\"https:\\\/\\\/thehometownlawyers.com\\\/wp-content\\\/uploads\\\/2025\\\/12\\\/revised-kh-logo-vertical-white-background-scaled.png\",\"width\":2560,\"height\":1440,\"caption\":\"Kruger & Hodges Hometown Injury Lawyers\"},\"image\":{\"@id\":\"https:\\\/\\\/thehometownlawyers.com\\\/es\\\/#\\\/schema\\\/logo\\\/image\\\/\"},\"sameAs\":[\"https:\\\/\\\/www.facebook.com\\\/KrugerHodges\\\/\",\"https:\\\/\\\/www.instagram.com\\\/krugerhodges\\\/\",\"https:\\\/\\\/www.linkedin.com\\\/company\\\/kruger-hodges-hometown-injury-lawyers\\\/\",\"https:\\\/\\\/www.youtube.com\\\/channel\\\/UCeYcMaMaN2rb9jMlqt4EIdQ\",\"https:\\\/\\\/www.tiktok.com\\\/@thehometownlawyer\"]}]}<\/script>\n<!-- \/ Yoast SEO plugin. -->","yoast_head_json":{"title":"Abogados de Accidentes de Bicicleta en Hamilton, Ohio: Consulta gratuita","description":"Si se lesiona en un accidente de bicicleta, comun\u00edquese con nuestros abogados con experiencia en accidentes de bicicleta en Hamilton, OH para obtener la compensaci\u00f3n que se merece.","robots":{"index":"index","follow":"follow","max-snippet":"max-snippet:-1","max-image-preview":"max-image-preview:large","max-video-preview":"max-video-preview:-1"},"canonical":"https:\/\/thehometownlawyers.com\/es\/hamilton\/abogado-de-accidente-de-bicicleta\/","og_locale":"es_MX","og_type":"article","og_title":"Abogados de Accidentes de Bicicleta en Hamilton, Ohio: Consulta gratuita","og_description":"Si se lesiona en un accidente de bicicleta, comun\u00edquese con nuestros abogados con experiencia en accidentes de bicicleta en Hamilton, OH para obtener la compensaci\u00f3n que se merece.","og_url":"https:\/\/thehometownlawyers.com\/es\/hamilton\/abogado-de-accidente-de-bicicleta\/","og_site_name":"Kruger &amp; Hodges Abogados De Lesiones","article_publisher":"https:\/\/www.facebook.com\/KrugerHodges\/","article_modified_time":"2025-03-04T22:54:27+00:00","og_image":[{"width":1920,"height":1080,"url":"https:\/\/thehometownlawyers.com\/wp-content\/uploads\/2021\/08\/bicycle-accidents-crosswalk.jpg","type":"image\/jpeg"}],"twitter_card":"summary_large_image","twitter_misc":{"Tiempo de lectura":"3 minutos"},"schema":{"@context":"https:\/\/schema.org","@graph":[{"@type":"WebPage","@id":"https:\/\/thehometownlawyers.com\/es\/hamilton\/abogado-de-accidente-de-bicicleta\/","url":"https:\/\/thehometownlawyers.com\/es\/hamilton\/abogado-de-accidente-de-bicicleta\/","name":"Abogados de Accidentes de Bicicleta en Hamilton, Ohio: Consulta gratuita","isPartOf":{"@id":"https:\/\/thehometownlawyers.com\/es\/#website"},"primaryImageOfPage":{"@id":"https:\/\/thehometownlawyers.com\/es\/hamilton\/abogado-de-accidente-de-bicicleta\/#primaryimage"},"image":{"@id":"https:\/\/thehometownlawyers.com\/es\/hamilton\/abogado-de-accidente-de-bicicleta\/#primaryimage"},"thumbnailUrl":"https:\/\/thehometownlawyers.com\/wp-content\/uploads\/2021\/08\/bicycle-accidents-crosswalk.jpg","datePublished":"2020-01-13T17:30:10+00:00","dateModified":"2025-03-04T22:54:27+00:00","description":"Si se lesiona en un accidente de bicicleta, comun\u00edquese con nuestros abogados con experiencia en accidentes de bicicleta en Hamilton, OH para obtener la compensaci\u00f3n que se merece.","breadcrumb":{"@id":"https:\/\/thehometownlawyers.com\/es\/hamilton\/abogado-de-accidente-de-bicicleta\/#breadcrumb"},"inLanguage":"es","potentialAction":[{"@type":"ReadAction","target":["https:\/\/thehometownlawyers.com\/es\/hamilton\/abogado-de-accidente-de-bicicleta\/"]}]},{"@type":"ImageObject","inLanguage":"es","@id":"https:\/\/thehometownlawyers.com\/es\/hamilton\/abogado-de-accidente-de-bicicleta\/#primaryimage","url":"https:\/\/thehometownlawyers.com\/wp-content\/uploads\/2021\/08\/bicycle-accidents-crosswalk.jpg","contentUrl":"https:\/\/thehometownlawyers.com\/wp-content\/uploads\/2021\/08\/bicycle-accidents-crosswalk.jpg","width":1920,"height":1080,"caption":"ciclista en paso de peatones"},{"@type":"BreadcrumbList","@id":"https:\/\/thehometownlawyers.com\/es\/hamilton\/abogado-de-accidente-de-bicicleta\/#breadcrumb","itemListElement":[{"@type":"ListItem","position":1,"name":"Home","item":"https:\/\/thehometownlawyers.com\/es\/"},{"@type":"ListItem","position":2,"name":"Abogados de Lesiones Personales en Hamilton","item":"https:\/\/thehometownlawyers.com\/es\/"},{"@type":"ListItem","position":3,"name":"Abogado de Accidente de Bicicleta en Hamilton"}]},{"@type":"WebSite","@id":"https:\/\/thehometownlawyers.com\/es\/#website","url":"https:\/\/thehometownlawyers.com\/es\/","name":"Kruger & Hodges Hometown Injury Lawyers | Accident Attorneys","description":"Attorneys for Car, Truck and Motorcycle Accidents, Personal Injuries, and Criminal Defense.","publisher":{"@id":"https:\/\/thehometownlawyers.com\/es\/#organization"},"alternateName":"Kruger & Hodges Personal Injury Lawyers","inLanguage":"es"},{"@type":"Organization","@id":"https:\/\/thehometownlawyers.com\/es\/#organization","name":"Kruger & Hodges Hometown Injury Lawyers","alternateName":"Kruger & Hodges","url":"https:\/\/thehometownlawyers.com\/es\/","logo":{"@type":"ImageObject","inLanguage":"es","@id":"https:\/\/thehometownlawyers.com\/es\/#\/schema\/logo\/image\/","url":"https:\/\/thehometownlawyers.com\/wp-content\/uploads\/2025\/12\/revised-kh-logo-vertical-white-background-scaled.png","contentUrl":"https:\/\/thehometownlawyers.com\/wp-content\/uploads\/2025\/12\/revised-kh-logo-vertical-white-background-scaled.png","width":2560,"height":1440,"caption":"Kruger & Hodges Hometown Injury Lawyers"},"image":{"@id":"https:\/\/thehometownlawyers.com\/es\/#\/schema\/logo\/image\/"},"sameAs":["https:\/\/www.facebook.com\/KrugerHodges\/","https:\/\/www.instagram.com\/krugerhodges\/","https:\/\/www.linkedin.com\/company\/kruger-hodges-hometown-injury-lawyers\/","https:\/\/www.youtube.com\/channel\/UCeYcMaMaN2rb9jMlqt4EIdQ","https:\/\/www.tiktok.com\/@thehometownlawyer"]}]}},"_links":{"self":[{"href":"https:\/\/thehometownlawyers.com\/es\/wp-json\/wp\/v2\/pages\/21050","targetHints":{"allow":["GET"]}}],"collection":[{"href":"https:\/\/thehometownlawyers.com\/es\/wp-json\/wp\/v2\/pages"}],"about":[{"href":"https:\/\/thehometownlawyers.com\/es\/wp-json\/wp\/v2\/types\/page"}],"author":[{"embeddable":true,"href":"https:\/\/thehometownlawyers.com\/es\/wp-json\/wp\/v2\/users\/7"}],"replies":[{"embeddable":true,"href":"https:\/\/thehometownlawyers.com\/es\/wp-json\/wp\/v2\/comments?post=21050"}],"version-history":[{"count":0,"href":"https:\/\/thehometownlawyers.com\/es\/wp-json\/wp\/v2\/pages\/21050\/revisions"}],"up":[{"embeddable":true,"href":"https:\/\/thehometownlawyers.com\/es\/wp-json\/wp\/v2\/pages\/20908"}],"wp:featuredmedia":[{"embeddable":true,"href":"https:\/\/thehometownlawyers.com\/es\/wp-json\/wp\/v2\/media\/20803"}],"wp:attachment":[{"href":"https:\/\/thehometownlawyers.com\/es\/wp-json\/wp\/v2\/media?parent=21050"}],"wp:term":[{"taxonomy":"hc_faqs","embeddable":true,"href":"https:\/\/thehometownlawyers.com\/es\/wp-json\/wp\/v2\/hc_faqs?post=21050"},{"taxonomy":"hc_spanish_faqs","embeddable":true,"href":"https:\/\/thehometownlawyers.com\/es\/wp-json\/wp\/v2\/hc_spanish_faqs?post=21050"}],"curies":[{"name":"wp","href":"https:\/\/api.w.org\/{rel}","templated":true}]}}