{"id":21052,"date":"2020-01-14T12:38:22","date_gmt":"2020-01-14T17:38:22","guid":{"rendered":"https:\/\/thehometownlawyers.com\/?page_id=21052"},"modified":"2025-03-04T17:54:47","modified_gmt":"2025-03-04T22:54:47","slug":"abogados-de-muerte-por-negligencia-en-hamilton","status":"publish","type":"page","link":"https:\/\/thehometownlawyers.com\/es\/hamilton\/abogado-de-muerte-injustificada\/","title":{"rendered":"Abogado de Muerte Injustificada en Hamilton"},"content":{"rendered":"<h2>Abogados de muerte por negligencia de Hamilton, OH<\/h2>\n<p>Perder a un ser querido es un evento devastador, especialmente cuando es el resultado de la negligencia de otra persona. Los familiares de alguien que muere en un accidente pueden sentir ira, dolor y conmoci\u00f3n. Despu\u00e9s de muchos accidentes fatales, las familias no saben c\u00f3mo proceder. Una de las mejores maneras de responder a estos accidentes es hablar de inmediato con nuestros abogados experimentados en muerte por negligencia en Hamilton. Entendemos c\u00f3mo ayudar a su familia a luchar por la compensaci\u00f3n que se merece.<\/p>\n<p class=\"rs-content-cta rs-content-cta-small\">Para una consulta legal gratuita, llame al <a href=\"tel:+15138943333\">513-894-3333 <\/a><\/p><h2>Dos tipos de casos de muerte por negligencia en Ohio<\/h2>\n<p>El estado de Ohio reconoce dos formas de acci\u00f3n legal cuando una persona muere como resultado de la negligencia de otra persona: acciones de supervivencia y reclamos por muerte injusta.<\/p>\n<p>Un <a href=\"https:\/\/codes.ohio.gov\/ohio-revised-code\/chapter-2125\" target=\"_blank\" rel=\"noopener noreferrer\">reclamo por muerte por negligencia<\/a> es iniciado por la familia de una persona fallecida y asigna un valor monetario a la muerte de una persona con el fin de compensar a los sobrevivientes de la persona fallecida.<\/p>\n<p>Una <a href=\"https:\/\/codes.ohio.gov\/ohio-revised-code\/section-2305.21\" target=\"_blank\" rel=\"noopener noreferrer\">acci\u00f3n de supervivencia<\/a> , en cambio, es la acci\u00f3n legal que la persona fallecida hubiera podido iniciar contra la parte culpable. Como resultado, las acciones de supervivencia se centran \u00fanicamente en la persona fallecida y brindan compensaci\u00f3n por varios costos asociados con la muerte de la persona, incluidas las facturas m\u00e9dicas y el dolor y el sufrimiento.<\/p>\n<p class=\"rs-content-cta\">Abogado de Lesiones Personales de hamilton Cerca de M\u00ed <a href=\"tel:+15138943333\">513-894-3333<\/a><\/p><h2>Causas comunes<\/h2>\n<p>Si bien existen numerosos tipos de accidentes que pueden conducir a una muerte por negligencia, algunos de los ejemplos m\u00e1s comunes incluyen los siguientes:<\/p>\n<ul>\n<li>accidentes de aviaci\u00f3n<\/li>\n<li>accidentes de bicicleta<\/li>\n<li>Accidentes de drogas defectuosas<\/li>\n<li>accidentes con productos defectuosos<\/li>\n<li>accidentes de moto<\/li>\n<li>Accidentes de veh\u00edculos de motor<\/li>\n<li>accidentes de tren<\/li>\n<\/ul>\n<p class=\"rs-content-cta rs-content-cta-small\"><a href=\"\/es\/contacto\/\">Haga clic para contactar<\/a> con nuestros lesiones personales abogados hoy<\/p><h2><span style=\"font-weight: 400;\">Requisitos para presentar un reclamo por muerte por negligencia en Ohio<\/span><\/h2>\n<p><span style=\"font-weight: 400;\">Los requisitos legales para presentar un reclamo por muerte injusta en Ohio se describen en<\/span> <a href=\"https:\/\/codes.ohio.gov\/ohio-revised-code\/section-2125.01\" target=\"_blank\" rel=\"noopener\"><span style=\"font-weight: 400;\">la Secci\u00f3n 2125.01 del estatuto de Ohio.<\/span><\/a><span style=\"font-weight: 400;\"> Para que se presente un reclamo por muerte por negligencia, debe haber una persona que hubiera podido presentar una demanda por lesiones personales si no hubiera muerto como resultado de esa lesi\u00f3n. Dado que esa persona ya no est\u00e1 viva para presentar una demanda contra la parte responsable, el representante personal vivo, o el albacea, puede presentar una demanda en su nombre. <\/span><\/p>\n<p><span style=\"font-weight: 400;\">Algunos ejemplos de situaciones en las que se puede presentar una demanda por muerte por negligencia involucran negligencia m\u00e9dica, actos intencionales (como homicidio u homicidio involuntario), negligencia y otros.<\/span><\/p>\n<p><span style=\"font-weight: 400;\">Hay tres elementos principales necesarios para probar un reclamo por muerte por negligencia en Ohio: negligencia, da\u00f1os y causa.<\/span><\/p>\n<p><span style=\"font-weight: 400;\">Cuando se trata del papeleo relacionado con la presentaci\u00f3n de un caso, lo mejor es hablar con un abogado de muerte por negligencia en Hamilton que tenga experiencia en esta \u00e1rea.<\/span><\/p>\n<p class=\"rs-content-cta rs-content-cta-small\">Complete una <a href=\"\/es\/contacto\/\">evaluaci\u00f3n gratuita de su caso<\/a> ahora<\/p><h2><span style=\"font-weight: 400;\">\u00bfQui\u00e9n puede presentar una demanda por muerte por negligencia?<\/span><\/h2>\n<p><span style=\"font-weight: 400;\">En Ohio, el \u201crepresentante personal\u201d del difunto debe presentar la demanda. Esta es la persona responsable de administrar el patrimonio del difunto, tambi\u00e9n conocido como albacea. De acuerdo a <\/span><a href=\"https:\/\/codes.ohio.gov\/ohio-revised-code\/section-2125.02\" target=\"_blank\" rel=\"noopener\"><span style=\"font-weight: 400;\">Estatuto de Ohio 2125.02<\/span><\/a> <span style=\"font-weight: 400;\">, el representante personal debe entablar la demanda para el beneficio exclusivo del c\u00f3nyuge sobreviviente, los hijos y los padres del difunto.<\/span><\/p>\n<h2><span style=\"font-weight: 400;\">\u00bfQu\u00e9 pasa con la muerte causada por un automovilista sin seguro?<\/span><\/h2>\n<p><span style=\"font-weight: 400;\">Un evento tr\u00e1gico puede empeorar cuando se descubre que la parte culpable no tiene seguro. Afortunadamente, existen algunos remedios por los que nuestros abogados con experiencia en muerte por negligencia en Hamilton, Ohio, pueden guiarlo. <\/span><\/p>\n<p><span style=\"font-weight: 400;\">Muchas p\u00f3lizas de seguro de autom\u00f3vil contienen disposiciones que brindan cobertura en caso de un accidente causado por un automovilista sin seguro o con seguro insuficiente. Si este es el caso, puede presentar un reclamo de automovilista sin seguro. Si ese monto de cobertura no es suficiente, un abogado de muerte por negligencia puede ayudarlo presentando una demanda contra la parte culpable para recuperar los da\u00f1os.<\/span><\/p>\n<h2>Da\u00f1os asociados con muertes por negligencia<\/h2>\n<p>Existen numerosos tipos de da\u00f1os que se pueden recuperar en una demanda por homicidio culposo, que incluyen los siguientes:<\/p>\n<ul>\n<li><strong>Gastos funerarios: los<\/strong> funerales suelen ser costosos y, en el caso de muertes inesperadas, las familias a menudo no est\u00e1n preparadas para estos costos.<\/li>\n<li><strong>P\u00e9rdida de compa\u00f1\u00eda:<\/strong> este tipo de da\u00f1o incluye la p\u00e9rdida de compa\u00f1\u00eda y comodidad que una persona hubiera disfrutado si un ser querido hubiera sobrevivido.<\/li>\n<li><strong>P\u00e9rdida de ingresos:<\/strong> despu\u00e9s de una muerte por negligencia, los seres queridos de una persona fallecida se ven afectados con frecuencia por la p\u00e9rdida de ingresos, incluidos los salarios que la persona habr\u00eda ganado.<\/li>\n<li><strong>Gastos m\u00e9dicos:<\/strong> en una gran cantidad de casos de muerte por negligencia, una persona es admitida en un hospital u otro tipo de centro m\u00e9dico antes de que finalmente fallezca. Estos billetes pueden ser particularmente grandes.<\/li>\n<li><strong>Da\u00f1os a la propiedad:<\/strong> Particularmente en el caso de muertes por negligencia que involucran accidentes vehiculares, los da\u00f1os a la propiedad son muy comunes.<\/li>\n<li><strong>Da\u00f1os punitivos:<\/strong> Cuando un accidente resulta en la muerte de una persona y el responsable act\u00faa de manera especialmente imprudente, se asignan da\u00f1os punitivos como forma de sancionar al responsable.<\/li>\n<\/ul>\n<h2><span style=\"font-weight: 400;\">\u00bfC\u00f3mo se pagan los beneficios por muerte por negligencia?<\/span><\/h2>\n<p><span style=\"font-weight: 400;\">En general, existen dos m\u00e9todos en los que se puede pagar dinero a los beneficiarios en una demanda por muerte injusta. El primero implica el pago de una suma global. Este es un pago completo que cubrir\u00e1 los gastos m\u00e9dicos, los costos del funeral, el dolor y el sufrimiento y cualquier otro da\u00f1o cubierto en la demanda. Este es un m\u00e9todo ideal para pagar grandes sumas de deuda, como costos m\u00e9dicos o pr\u00e9stamos.<\/span><\/p>\n<p><span style=\"font-weight: 400;\">El segundo m\u00e9todo es un acuerdo estructurado. Este es esencialmente un plan de pago en el que los beneficiarios recibir\u00e1n un apoyo mensual. Este es un escenario a largo plazo que puede crear una estructura de apoyo para el beneficiario, pero no es \u00fatil para pagar grandes sumas de deuda. <\/span><\/p>\n<h2>P\u00f3ngase en contacto con un abogado con experiencia en muerte por negligencia hoy<\/h2>\n<p>Despu\u00e9s de que ocurre una muerte por negligencia, los sobrevivientes a menudo se enfrentan a una serie de obst\u00e1culos. Adem\u00e1s de las dificultades emocionales que a menudo siguen a una muerte inesperada, las familias tambi\u00e9n suelen enfrentarse a importantes dificultades financieras. Afortunadamente, nuestros abogados experimentados en muerte por negligencia pueden ayudar a las personas a obtener la compensaci\u00f3n que merecen. <a href=\"https:\/\/thehometownlawyers.com\/es\/contacto\/\">Hable con Kruger &amp; Hodges<\/a> hoy para programar una consulta inicial gratuita para obtener ayuda con su caso de muerte por negligencia.<\/p>\n<p class=\"rs-content-cta rs-content-cta-small\">Llame o env\u00ede un mensaje de texto al <a href=\"tel:+15138943333\">513-894-3333<\/a> o complete una <a href=\"\/es\/contacto\/\">evaluaci\u00f3n gratuita de su caso<\/a><\/p>","protected":false},"excerpt":{"rendered":"<p>Abogados de muerte por negligencia de Hamilton, OH Perder a un ser querido es un evento devastador, especialmente cuando es el resultado de la negligencia de otra persona. Los familiares de alguien que muere en un accidente pueden sentir ira, dolor y conmoci\u00f3n. Despu\u00e9s de muchos accidentes fatales, las familias no saben c\u00f3mo proceder. Una &#8230;<\/p>\n","protected":false},"author":7,"featured_media":20814,"parent":20908,"menu_order":0,"comment_status":"closed","ping_status":"closed","template":"","meta":{"_acf_changed":false,"inline_featured_image":false,"_genesis_hide_title":false,"_genesis_hide_breadcrumbs":false,"_genesis_hide_singular_image":false,"_genesis_hide_footer_widgets":false,"_genesis_custom_body_class":"","_genesis_custom_post_class":"","_genesis_layout":"","footnotes":""},"hc_faqs":[],"hc_spanish_faqs":[],"class_list":{"0":"post-21052","1":"page","2":"type-page","3":"status-publish","4":"has-post-thumbnail","6":"hc_city_location-hamilton-es-2","7":"entry"},"acf":[],"yoast_head":"<!-- This site is optimized with the Yoast SEO plugin v27.3 - https:\/\/yoast.com\/product\/yoast-seo-wordpress\/ -->\n<title>Abogados de muerte por negligencia en Hamilton: Consulta gratuita<\/title>\n<meta name=\"description\" content=\"Nuestros abogados experimentados en muerte por negligencia pueden ayudar a las personas a obtener la compensaci\u00f3n que merecen. Hable con Kruger &amp; Hodges hoy.\" \/>\n<meta name=\"robots\" content=\"index, follow, max-snippet:-1, max-image-preview:large, max-video-preview:-1\" \/>\n<link rel=\"canonical\" href=\"https:\/\/thehometownlawyers.com\/es\/hamilton\/abogado-de-muerte-injustificada\/\" \/>\n<meta property=\"og:locale\" content=\"es_MX\" \/>\n<meta property=\"og:type\" content=\"article\" \/>\n<meta property=\"og:title\" content=\"Abogados de muerte por negligencia en Hamilton: Consulta gratuita\" \/>\n<meta property=\"og:description\" content=\"Nuestros abogados experimentados en muerte por negligencia pueden ayudar a las personas a obtener la compensaci\u00f3n que merecen. Hable con Kruger &amp; Hodges hoy.\" \/>\n<meta property=\"og:url\" content=\"https:\/\/thehometownlawyers.com\/es\/hamilton\/abogado-de-muerte-injustificada\/\" \/>\n<meta property=\"og:site_name\" content=\"Kruger &amp; Hodges Abogados De Lesiones\" \/>\n<meta property=\"article:publisher\" content=\"https:\/\/www.facebook.com\/KrugerHodges\/\" \/>\n<meta property=\"article:modified_time\" content=\"2025-03-04T22:54:47+00:00\" \/>\n<meta property=\"og:image\" content=\"https:\/\/thehometownlawyers.com\/wp-content\/uploads\/2021\/08\/cemetery-flowers-death.jpg\" \/>\n\t<meta property=\"og:image:width\" content=\"1920\" \/>\n\t<meta property=\"og:image:height\" content=\"984\" \/>\n\t<meta property=\"og:image:type\" content=\"image\/jpeg\" \/>\n<meta name=\"twitter:card\" content=\"summary_large_image\" \/>\n<meta name=\"twitter:label1\" content=\"Tiempo de lectura\" \/>\n\t<meta name=\"twitter:data1\" content=\"5 minutos\" \/>\n<script type=\"application\/ld+json\" class=\"yoast-schema-graph\">{\"@context\":\"https:\\\/\\\/schema.org\",\"@graph\":[{\"@type\":\"WebPage\",\"@id\":\"https:\\\/\\\/thehometownlawyers.com\\\/es\\\/hamilton\\\/abogado-de-muerte-injustificada\\\/\",\"url\":\"https:\\\/\\\/thehometownlawyers.com\\\/es\\\/hamilton\\\/abogado-de-muerte-injustificada\\\/\",\"name\":\"Abogados de muerte por negligencia en Hamilton: Consulta gratuita\",\"isPartOf\":{\"@id\":\"https:\\\/\\\/thehometownlawyers.com\\\/es\\\/#website\"},\"primaryImageOfPage\":{\"@id\":\"https:\\\/\\\/thehometownlawyers.com\\\/es\\\/hamilton\\\/abogado-de-muerte-injustificada\\\/#primaryimage\"},\"image\":{\"@id\":\"https:\\\/\\\/thehometownlawyers.com\\\/es\\\/hamilton\\\/abogado-de-muerte-injustificada\\\/#primaryimage\"},\"thumbnailUrl\":\"https:\\\/\\\/thehometownlawyers.com\\\/wp-content\\\/uploads\\\/2021\\\/08\\\/cemetery-flowers-death.jpg\",\"datePublished\":\"2020-01-14T17:38:22+00:00\",\"dateModified\":\"2025-03-04T22:54:47+00:00\",\"description\":\"Nuestros abogados experimentados en muerte por negligencia pueden ayudar a las personas a obtener la compensaci\u00f3n que merecen. Hable con Kruger & Hodges hoy.\",\"breadcrumb\":{\"@id\":\"https:\\\/\\\/thehometownlawyers.com\\\/es\\\/hamilton\\\/abogado-de-muerte-injustificada\\\/#breadcrumb\"},\"inLanguage\":\"es\",\"potentialAction\":[{\"@type\":\"ReadAction\",\"target\":[\"https:\\\/\\\/thehometownlawyers.com\\\/es\\\/hamilton\\\/abogado-de-muerte-injustificada\\\/\"]}]},{\"@type\":\"ImageObject\",\"inLanguage\":\"es\",\"@id\":\"https:\\\/\\\/thehometownlawyers.com\\\/es\\\/hamilton\\\/abogado-de-muerte-injustificada\\\/#primaryimage\",\"url\":\"https:\\\/\\\/thehometownlawyers.com\\\/wp-content\\\/uploads\\\/2021\\\/08\\\/cemetery-flowers-death.jpg\",\"contentUrl\":\"https:\\\/\\\/thehometownlawyers.com\\\/wp-content\\\/uploads\\\/2021\\\/08\\\/cemetery-flowers-death.jpg\",\"width\":1920,\"height\":984,\"caption\":\"persona sosteniendo flores en un cementerio\"},{\"@type\":\"BreadcrumbList\",\"@id\":\"https:\\\/\\\/thehometownlawyers.com\\\/es\\\/hamilton\\\/abogado-de-muerte-injustificada\\\/#breadcrumb\",\"itemListElement\":[{\"@type\":\"ListItem\",\"position\":1,\"name\":\"Home\",\"item\":\"https:\\\/\\\/thehometownlawyers.com\\\/es\\\/\"},{\"@type\":\"ListItem\",\"position\":2,\"name\":\"Abogados de Lesiones Personales en Hamilton\",\"item\":\"https:\\\/\\\/thehometownlawyers.com\\\/es\\\/\"},{\"@type\":\"ListItem\",\"position\":3,\"name\":\"Abogado de Muerte Injustificada en Hamilton\"}]},{\"@type\":\"WebSite\",\"@id\":\"https:\\\/\\\/thehometownlawyers.com\\\/es\\\/#website\",\"url\":\"https:\\\/\\\/thehometownlawyers.com\\\/es\\\/\",\"name\":\"Kruger & Hodges Hometown Injury Lawyers | Accident Attorneys\",\"description\":\"Attorneys for Car, Truck and Motorcycle Accidents, Personal Injuries, and Criminal Defense.\",\"publisher\":{\"@id\":\"https:\\\/\\\/thehometownlawyers.com\\\/es\\\/#organization\"},\"alternateName\":\"Kruger & Hodges Personal Injury Lawyers\",\"inLanguage\":\"es\"},{\"@type\":\"Organization\",\"@id\":\"https:\\\/\\\/thehometownlawyers.com\\\/es\\\/#organization\",\"name\":\"Kruger & Hodges Hometown Injury Lawyers\",\"alternateName\":\"Kruger & Hodges Accident Attorneys\",\"url\":\"https:\\\/\\\/thehometownlawyers.com\\\/es\\\/\",\"logo\":{\"@type\":\"ImageObject\",\"inLanguage\":\"es\",\"@id\":\"https:\\\/\\\/thehometownlawyers.com\\\/es\\\/#\\\/schema\\\/logo\\\/image\\\/\",\"url\":\"https:\\\/\\\/thehometownlawyers.com\\\/wp-content\\\/uploads\\\/2025\\\/12\\\/revised-kh-logo-vertical-white-background-scaled.png\",\"contentUrl\":\"https:\\\/\\\/thehometownlawyers.com\\\/wp-content\\\/uploads\\\/2025\\\/12\\\/revised-kh-logo-vertical-white-background-scaled.png\",\"width\":2560,\"height\":1440,\"caption\":\"Kruger & Hodges Hometown Injury Lawyers\"},\"image\":{\"@id\":\"https:\\\/\\\/thehometownlawyers.com\\\/es\\\/#\\\/schema\\\/logo\\\/image\\\/\"},\"sameAs\":[\"https:\\\/\\\/www.facebook.com\\\/KrugerHodges\\\/\",\"https:\\\/\\\/www.instagram.com\\\/krugerhodges\\\/\",\"https:\\\/\\\/www.linkedin.com\\\/company\\\/kruger-hodges-hometown-injury-lawyers\\\/\",\"https:\\\/\\\/www.youtube.com\\\/channel\\\/UCeYcMaMaN2rb9jMlqt4EIdQ\",\"https:\\\/\\\/www.tiktok.com\\\/@thehometownlawyer\"]}]}<\/script>\n<!-- \/ Yoast SEO plugin. -->","yoast_head_json":{"title":"Abogados de muerte por negligencia en Hamilton: Consulta gratuita","description":"Nuestros abogados experimentados en muerte por negligencia pueden ayudar a las personas a obtener la compensaci\u00f3n que merecen. Hable con Kruger & Hodges hoy.","robots":{"index":"index","follow":"follow","max-snippet":"max-snippet:-1","max-image-preview":"max-image-preview:large","max-video-preview":"max-video-preview:-1"},"canonical":"https:\/\/thehometownlawyers.com\/es\/hamilton\/abogado-de-muerte-injustificada\/","og_locale":"es_MX","og_type":"article","og_title":"Abogados de muerte por negligencia en Hamilton: Consulta gratuita","og_description":"Nuestros abogados experimentados en muerte por negligencia pueden ayudar a las personas a obtener la compensaci\u00f3n que merecen. Hable con Kruger & Hodges hoy.","og_url":"https:\/\/thehometownlawyers.com\/es\/hamilton\/abogado-de-muerte-injustificada\/","og_site_name":"Kruger &amp; Hodges Abogados De Lesiones","article_publisher":"https:\/\/www.facebook.com\/KrugerHodges\/","article_modified_time":"2025-03-04T22:54:47+00:00","og_image":[{"width":1920,"height":984,"url":"https:\/\/thehometownlawyers.com\/wp-content\/uploads\/2021\/08\/cemetery-flowers-death.jpg","type":"image\/jpeg"}],"twitter_card":"summary_large_image","twitter_misc":{"Tiempo de lectura":"5 minutos"},"schema":{"@context":"https:\/\/schema.org","@graph":[{"@type":"WebPage","@id":"https:\/\/thehometownlawyers.com\/es\/hamilton\/abogado-de-muerte-injustificada\/","url":"https:\/\/thehometownlawyers.com\/es\/hamilton\/abogado-de-muerte-injustificada\/","name":"Abogados de muerte por negligencia en Hamilton: Consulta gratuita","isPartOf":{"@id":"https:\/\/thehometownlawyers.com\/es\/#website"},"primaryImageOfPage":{"@id":"https:\/\/thehometownlawyers.com\/es\/hamilton\/abogado-de-muerte-injustificada\/#primaryimage"},"image":{"@id":"https:\/\/thehometownlawyers.com\/es\/hamilton\/abogado-de-muerte-injustificada\/#primaryimage"},"thumbnailUrl":"https:\/\/thehometownlawyers.com\/wp-content\/uploads\/2021\/08\/cemetery-flowers-death.jpg","datePublished":"2020-01-14T17:38:22+00:00","dateModified":"2025-03-04T22:54:47+00:00","description":"Nuestros abogados experimentados en muerte por negligencia pueden ayudar a las personas a obtener la compensaci\u00f3n que merecen. Hable con Kruger & Hodges hoy.","breadcrumb":{"@id":"https:\/\/thehometownlawyers.com\/es\/hamilton\/abogado-de-muerte-injustificada\/#breadcrumb"},"inLanguage":"es","potentialAction":[{"@type":"ReadAction","target":["https:\/\/thehometownlawyers.com\/es\/hamilton\/abogado-de-muerte-injustificada\/"]}]},{"@type":"ImageObject","inLanguage":"es","@id":"https:\/\/thehometownlawyers.com\/es\/hamilton\/abogado-de-muerte-injustificada\/#primaryimage","url":"https:\/\/thehometownlawyers.com\/wp-content\/uploads\/2021\/08\/cemetery-flowers-death.jpg","contentUrl":"https:\/\/thehometownlawyers.com\/wp-content\/uploads\/2021\/08\/cemetery-flowers-death.jpg","width":1920,"height":984,"caption":"persona sosteniendo flores en un cementerio"},{"@type":"BreadcrumbList","@id":"https:\/\/thehometownlawyers.com\/es\/hamilton\/abogado-de-muerte-injustificada\/#breadcrumb","itemListElement":[{"@type":"ListItem","position":1,"name":"Home","item":"https:\/\/thehometownlawyers.com\/es\/"},{"@type":"ListItem","position":2,"name":"Abogados de Lesiones Personales en Hamilton","item":"https:\/\/thehometownlawyers.com\/es\/"},{"@type":"ListItem","position":3,"name":"Abogado de Muerte Injustificada en Hamilton"}]},{"@type":"WebSite","@id":"https:\/\/thehometownlawyers.com\/es\/#website","url":"https:\/\/thehometownlawyers.com\/es\/","name":"Kruger & Hodges Hometown Injury Lawyers | Accident Attorneys","description":"Attorneys for Car, Truck and Motorcycle Accidents, Personal Injuries, and Criminal Defense.","publisher":{"@id":"https:\/\/thehometownlawyers.com\/es\/#organization"},"alternateName":"Kruger & Hodges Personal Injury Lawyers","inLanguage":"es"},{"@type":"Organization","@id":"https:\/\/thehometownlawyers.com\/es\/#organization","name":"Kruger & Hodges Hometown Injury Lawyers","alternateName":"Kruger & Hodges Accident Attorneys","url":"https:\/\/thehometownlawyers.com\/es\/","logo":{"@type":"ImageObject","inLanguage":"es","@id":"https:\/\/thehometownlawyers.com\/es\/#\/schema\/logo\/image\/","url":"https:\/\/thehometownlawyers.com\/wp-content\/uploads\/2025\/12\/revised-kh-logo-vertical-white-background-scaled.png","contentUrl":"https:\/\/thehometownlawyers.com\/wp-content\/uploads\/2025\/12\/revised-kh-logo-vertical-white-background-scaled.png","width":2560,"height":1440,"caption":"Kruger & Hodges Hometown Injury Lawyers"},"image":{"@id":"https:\/\/thehometownlawyers.com\/es\/#\/schema\/logo\/image\/"},"sameAs":["https:\/\/www.facebook.com\/KrugerHodges\/","https:\/\/www.instagram.com\/krugerhodges\/","https:\/\/www.linkedin.com\/company\/kruger-hodges-hometown-injury-lawyers\/","https:\/\/www.youtube.com\/channel\/UCeYcMaMaN2rb9jMlqt4EIdQ","https:\/\/www.tiktok.com\/@thehometownlawyer"]}]}},"_links":{"self":[{"href":"https:\/\/thehometownlawyers.com\/es\/wp-json\/wp\/v2\/pages\/21052","targetHints":{"allow":["GET"]}}],"collection":[{"href":"https:\/\/thehometownlawyers.com\/es\/wp-json\/wp\/v2\/pages"}],"about":[{"href":"https:\/\/thehometownlawyers.com\/es\/wp-json\/wp\/v2\/types\/page"}],"author":[{"embeddable":true,"href":"https:\/\/thehometownlawyers.com\/es\/wp-json\/wp\/v2\/users\/7"}],"replies":[{"embeddable":true,"href":"https:\/\/thehometownlawyers.com\/es\/wp-json\/wp\/v2\/comments?post=21052"}],"version-history":[{"count":0,"href":"https:\/\/thehometownlawyers.com\/es\/wp-json\/wp\/v2\/pages\/21052\/revisions"}],"up":[{"embeddable":true,"href":"https:\/\/thehometownlawyers.com\/es\/wp-json\/wp\/v2\/pages\/20908"}],"wp:featuredmedia":[{"embeddable":true,"href":"https:\/\/thehometownlawyers.com\/es\/wp-json\/wp\/v2\/media\/20814"}],"wp:attachment":[{"href":"https:\/\/thehometownlawyers.com\/es\/wp-json\/wp\/v2\/media?parent=21052"}],"wp:term":[{"taxonomy":"hc_faqs","embeddable":true,"href":"https:\/\/thehometownlawyers.com\/es\/wp-json\/wp\/v2\/hc_faqs?post=21052"},{"taxonomy":"hc_spanish_faqs","embeddable":true,"href":"https:\/\/thehometownlawyers.com\/es\/wp-json\/wp\/v2\/hc_spanish_faqs?post=21052"}],"curies":[{"name":"wp","href":"https:\/\/api.w.org\/{rel}","templated":true}]}}