{"id":21053,"date":"2020-01-13T17:26:49","date_gmt":"2020-01-13T22:26:49","guid":{"rendered":"https:\/\/thehometownlawyers.com\/?page_id=21053"},"modified":"2025-03-17T11:52:14","modified_gmt":"2025-03-17T15:52:14","slug":"abogados-defensores-de-ovi-dui-en-hamilton-oh","status":"publish","type":"page","link":"https:\/\/thehometownlawyers.com\/es\/abogados-de-defensa-criminal-de-hamilton\/abogados-defensores-de-ovi-dui-en-hamilton-oh\/","title":{"rendered":"Abogado de OVI\/DUI en Hamilton"},"content":{"rendered":"<h2>Abogados defensores de OVI \/ DUI y cargos por conducir ebrio<\/h2>\n<p><strong>(Nota: <\/strong>En lugar de referirse a los delitos como DUI, el estado de Ohio actualmente se refiere a ellos como cargos por operar un veh\u00edculo en estado de ebriedad (OVI). Conducir bajo la influencia (DUI) en Ohio es un delito muy grave que puede resultar en que una persona enfrente multas, tiempo en la c\u00e1rcel y muchos otros obst\u00e1culos que interfieren con las metas profesionales y educativas. Si lo acusan de un DUI en Ohio, es importante que hable con Los abogados defensores <a href=\"https:\/\/thehometownlawyers.com\/es\/abogados\/\">de Kruger &amp; Hodges<\/a> con experiencia en OVI \/ DUI que pueden ayudarlo a crear una defensa legal s\u00f3lida.<\/p>\n<p class=\"rs-content-cta rs-content-cta-small\">Para una consulta legal gratuita, llame al <a href=\"tel:+15138943333\">513-894-3333 <\/a><\/p><h2>Ley OVI \/ DUI en Ohio<\/h2>\n<p>Hay varias formas en que la polic\u00eda en Ohio tiende a presentar cargos. En primer lugar, conducir con un contenido de alcohol en la sangre igual o superior al 0,08 % o superior al 0,02 % si una persona es menor de 21 a\u00f1os o tiene una licencia de conducir comercial puede resultar en un cargo por DUI. En segundo lugar, conducir un veh\u00edculo con cualquier cantidad de alcohol en su sistema que lo haga conducir de manera incapacitada puede resultar en un cargo por DUI. En tercer lugar, conducir con drogas en su sistema que afectan su capacidad para operar un veh\u00edculo de manera segura puede resultar en un cargo por DUI.<\/p>\n<p>Los proyectos de ley <a href=\"https:\/\/www.legislature.ohio.gov\/legislation\/legislation-summary?id=GA131-HB-388\" target=\"_blank\" rel=\"noopener noreferrer\">388<\/a> y <a href=\"https:\/\/www.legislature.ohio.gov\/legislation\/legislation-summary?id=GA131-HB-436\" target=\"_blank\" rel=\"noopener noreferrer\">436<\/a> de la C\u00e1mara de Representantes de Ohio, que crearon la Ley de Annie, entraron en vigencia en 2017 y cambiaron significativamente la ley de DUI en el estado. Primero, al considerar si un DUI es una ofensa reincidente, ahora hay un per\u00edodo retrospectivo m\u00e1s largo. En segundo lugar, esta ley result\u00f3 en el uso de m\u00e1s dispositivos de bloqueo de encendido como resultado de los cargos por DUI.<\/p>\n<p class=\"rs-content-cta\">Abogado de Defensa Criminal de hamilton Cerca de M\u00ed <a href=\"tel:+15138943333\">513-894-3333<\/a><\/p><h2>Defensa por cargos de conducir ebrio<\/h2>\n<p>Los abogados defensores experimentados de OVI \/ DUI pueden determinar la defensa m\u00e1s s\u00f3lida en su caso. Algunas de las defensas que se pueden presentar para las personas acusadas de delitos de DUI incluyen:<\/p>\n<ul>\n<li><strong>An\u00e1lisis de sangre y orina:<\/strong> si los an\u00e1lisis de orina o sangre que se realizaron en un caso de DUI no se recolectaron o manejaron adecuadamente, existe la posibilidad de que un conductor pueda presentar una defensa s\u00f3lida.<\/li>\n<li><strong>Resultados del alcohol\u00edmetro:<\/strong> si el alcohol\u00edmetro que se us\u00f3 para obtener los datos del contenido de alcohol en la sangre no se calibr\u00f3 correctamente, es probable que una persona pueda presentar una fuerte defensa de que estos resultados deben considerarse inv\u00e1lidos como evidencia.<\/li>\n<li><strong>Pruebas de sobriedad de campo:<\/strong> si el agente de la ley que realiz\u00f3 la prueba de sobriedad de campo no estaba debidamente capacitado o cometi\u00f3 alg\u00fan tipo de error, el tribunal podr\u00eda descartar los resultados como evidencia.<\/li>\n<li><strong>Violaciones de la Cuarta Enmienda:<\/strong> Las fuerzas del orden deben tener una sospecha razonable de que un conductor cometi\u00f3 una infracci\u00f3n antes de detenerlo. Si la polic\u00eda carece de sospecha razonable, existe la posibilidad de que hayan violado sus derechos de la Cuarta Enmienda.<\/li>\n<li><strong>Informes de video:<\/strong> si un video no muestra la prueba de sobriedad de campo o sugiere algo diferente a lo que afirma la polic\u00eda, una persona podr\u00eda crear una defensa exitosa para un cargo de DUI.<\/li>\n<\/ul>\n<p class=\"rs-content-cta rs-content-cta-small\"><a href=\"\/es\/contacto\/\">Haga clic para contactar<\/a> con nuestros defensa criminal abogados hoy<\/p><h2>Sanciones por condenas por conducir ebrio en Ohio<\/h2>\n<p>Las sanciones que un automovilista puede esperar despu\u00e9s de una condena por DUI dependen de si el automovilista es un infractor por primera vez o si tiene antecedentes de DUI anteriores. Muchas veces, los cargos por DUI por primera vez se clasifican como delitos menores de primer grado que resultan en una sanci\u00f3n de 180 d\u00edas en la c\u00e1rcel y una multa de $1,000. Algunas de las otras sanciones que un automovilista podr\u00eda terminar enfrentando incluyen servicio comunitario, bloqueos de encendido, suspensi\u00f3n de la licencia y libertad condicional. Ser condenado por un segundo o repetir DUI puede resultar en tiempo en la c\u00e1rcel. Todos los automovilistas condenados por DUI tambi\u00e9n pueden esperar que aumente la tasa de su seguro.<\/p>\n<p class=\"rs-content-cta rs-content-cta-small\">Complete una <a href=\"\/es\/contacto\/\">evaluaci\u00f3n gratuita de su caso<\/a> ahora<\/p><h2>Hable con los abogados defensores de OVI\/DUI de Kruger &amp; Hodges<\/h2>\n<p>Si lo acusan de OVI\/DUI o conducir ebrio en Ohio, es fundamental que hable de inmediato con nuestros abogados defensores de OVI\/DUI. <a href=\"https:\/\/thehometownlawyers.com\/es\/contacto\/\">P\u00f3ngase<\/a> en contacto con Kruger &amp; Hodges hoy para programar una consulta inicial gratuita.<\/p>\n<p class=\"rs-content-cta rs-content-cta-small\">Llame o env\u00ede un mensaje de texto al <a href=\"tel:+15138943333\">513-894-3333<\/a> o complete una <a href=\"\/es\/contacto\/\">evaluaci\u00f3n gratuita de su caso<\/a><\/p>","protected":false},"excerpt":{"rendered":"<p>Abogados defensores de OVI \/ DUI y cargos por conducir ebrio (Nota: En lugar de referirse a los delitos como DUI, el estado de Ohio actualmente se refiere a ellos como cargos por operar un veh\u00edculo en estado de ebriedad (OVI). Conducir bajo la influencia (DUI) en Ohio es un delito muy grave que puede &#8230;<\/p>\n","protected":false},"author":7,"featured_media":20806,"parent":20980,"menu_order":0,"comment_status":"closed","ping_status":"closed","template":"","meta":{"_acf_changed":false,"inline_featured_image":false,"_genesis_hide_title":false,"_genesis_hide_breadcrumbs":false,"_genesis_hide_singular_image":false,"_genesis_hide_footer_widgets":false,"_genesis_custom_body_class":"","_genesis_custom_post_class":"","_genesis_layout":"","footnotes":""},"hc_faqs":[],"hc_spanish_faqs":[],"class_list":{"0":"post-21053","1":"page","2":"type-page","3":"status-publish","4":"has-post-thumbnail","6":"hc_city_location-hamilton-es-2","7":"entry"},"acf":[],"yoast_head":"<!-- This site is optimized with the Yoast SEO plugin v27.3 - https:\/\/yoast.com\/product\/yoast-seo-wordpress\/ -->\n<title>Abogados defensores de OVI \/ DUI en Hamilton, OH: Consulta gratuita<\/title>\n<meta name=\"description\" content=\"Los abogados defensores experimentados de OVI \/ DUI pueden determinar la defensa m\u00e1s s\u00f3lida en su caso. Consulte con Kruger &amp; Hodges, de forma gratuita.\" \/>\n<meta name=\"robots\" content=\"index, follow, max-snippet:-1, max-image-preview:large, max-video-preview:-1\" \/>\n<link rel=\"canonical\" href=\"https:\/\/thehometownlawyers.com\/es\/abogados-de-defensa-criminal-de-hamilton\/abogados-defensores-de-ovi-dui-en-hamilton-oh\/\" \/>\n<meta property=\"og:locale\" content=\"es_MX\" \/>\n<meta property=\"og:type\" content=\"article\" \/>\n<meta property=\"og:title\" content=\"Abogados defensores de OVI \/ DUI en Hamilton, OH: Consulta gratuita\" \/>\n<meta property=\"og:description\" content=\"Los abogados defensores experimentados de OVI \/ DUI pueden determinar la defensa m\u00e1s s\u00f3lida en su caso. Consulte con Kruger &amp; Hodges, de forma gratuita.\" \/>\n<meta property=\"og:url\" content=\"https:\/\/thehometownlawyers.com\/es\/abogados-de-defensa-criminal-de-hamilton\/abogados-defensores-de-ovi-dui-en-hamilton-oh\/\" \/>\n<meta property=\"og:site_name\" content=\"Kruger &amp; Hodges Abogados De Lesiones\" \/>\n<meta property=\"article:publisher\" content=\"https:\/\/www.facebook.com\/KrugerHodges\/\" \/>\n<meta property=\"article:modified_time\" content=\"2025-03-17T15:52:14+00:00\" \/>\n<meta property=\"og:image\" content=\"https:\/\/thehometownlawyers.com\/wp-content\/uploads\/2021\/08\/dui-breathalizer.jpg\" \/>\n\t<meta property=\"og:image:width\" content=\"1920\" \/>\n\t<meta property=\"og:image:height\" content=\"1080\" \/>\n\t<meta property=\"og:image:type\" content=\"image\/jpeg\" \/>\n<meta name=\"twitter:card\" content=\"summary_large_image\" \/>\n<meta name=\"twitter:label1\" content=\"Tiempo de lectura\" \/>\n\t<meta name=\"twitter:data1\" content=\"4 minutos\" \/>\n<script type=\"application\/ld+json\" class=\"yoast-schema-graph\">{\"@context\":\"https:\\\/\\\/schema.org\",\"@graph\":[{\"@type\":\"WebPage\",\"@id\":\"https:\\\/\\\/thehometownlawyers.com\\\/es\\\/abogados-de-defensa-criminal-de-hamilton\\\/abogados-defensores-de-ovi-dui-en-hamilton-oh\\\/\",\"url\":\"https:\\\/\\\/thehometownlawyers.com\\\/es\\\/abogados-de-defensa-criminal-de-hamilton\\\/abogados-defensores-de-ovi-dui-en-hamilton-oh\\\/\",\"name\":\"Abogados defensores de OVI \\\/ DUI en Hamilton, OH: Consulta gratuita\",\"isPartOf\":{\"@id\":\"https:\\\/\\\/thehometownlawyers.com\\\/es\\\/#website\"},\"primaryImageOfPage\":{\"@id\":\"https:\\\/\\\/thehometownlawyers.com\\\/es\\\/abogados-de-defensa-criminal-de-hamilton\\\/abogados-defensores-de-ovi-dui-en-hamilton-oh\\\/#primaryimage\"},\"image\":{\"@id\":\"https:\\\/\\\/thehometownlawyers.com\\\/es\\\/abogados-de-defensa-criminal-de-hamilton\\\/abogados-defensores-de-ovi-dui-en-hamilton-oh\\\/#primaryimage\"},\"thumbnailUrl\":\"https:\\\/\\\/thehometownlawyers.com\\\/wp-content\\\/uploads\\\/2021\\\/08\\\/dui-breathalizer.jpg\",\"datePublished\":\"2020-01-13T22:26:49+00:00\",\"dateModified\":\"2025-03-17T15:52:14+00:00\",\"description\":\"Los abogados defensores experimentados de OVI \\\/ DUI pueden determinar la defensa m\u00e1s s\u00f3lida en su caso. Consulte con Kruger & Hodges, de forma gratuita.\",\"breadcrumb\":{\"@id\":\"https:\\\/\\\/thehometownlawyers.com\\\/es\\\/abogados-de-defensa-criminal-de-hamilton\\\/abogados-defensores-de-ovi-dui-en-hamilton-oh\\\/#breadcrumb\"},\"inLanguage\":\"es\",\"potentialAction\":[{\"@type\":\"ReadAction\",\"target\":[\"https:\\\/\\\/thehometownlawyers.com\\\/es\\\/abogados-de-defensa-criminal-de-hamilton\\\/abogados-defensores-de-ovi-dui-en-hamilton-oh\\\/\"]}]},{\"@type\":\"ImageObject\",\"inLanguage\":\"es\",\"@id\":\"https:\\\/\\\/thehometownlawyers.com\\\/es\\\/abogados-de-defensa-criminal-de-hamilton\\\/abogados-defensores-de-ovi-dui-en-hamilton-oh\\\/#primaryimage\",\"url\":\"https:\\\/\\\/thehometownlawyers.com\\\/wp-content\\\/uploads\\\/2021\\\/08\\\/dui-breathalizer.jpg\",\"contentUrl\":\"https:\\\/\\\/thehometownlawyers.com\\\/wp-content\\\/uploads\\\/2021\\\/08\\\/dui-breathalizer.jpg\",\"width\":1920,\"height\":1080,\"caption\":\"dando una prueba de alcoholemia al conductor\"},{\"@type\":\"BreadcrumbList\",\"@id\":\"https:\\\/\\\/thehometownlawyers.com\\\/es\\\/abogados-de-defensa-criminal-de-hamilton\\\/abogados-defensores-de-ovi-dui-en-hamilton-oh\\\/#breadcrumb\",\"itemListElement\":[{\"@type\":\"ListItem\",\"position\":1,\"name\":\"Home\",\"item\":\"https:\\\/\\\/thehometownlawyers.com\\\/es\\\/\"},{\"@type\":\"ListItem\",\"position\":2,\"name\":\"Abogado de Defensa Criminal en Hamilton\",\"item\":\"https:\\\/\\\/thehometownlawyers.com\\\/es\\\/abogados-de-defensa-criminal-de-hamilton\\\/\"},{\"@type\":\"ListItem\",\"position\":3,\"name\":\"Abogado de OVI\\\/DUI en Hamilton\"}]},{\"@type\":\"WebSite\",\"@id\":\"https:\\\/\\\/thehometownlawyers.com\\\/es\\\/#website\",\"url\":\"https:\\\/\\\/thehometownlawyers.com\\\/es\\\/\",\"name\":\"Kruger & Hodges Hometown Injury Lawyers | Accident Attorneys\",\"description\":\"Attorneys for Car, Truck and Motorcycle Accidents, Personal Injuries, and Criminal Defense.\",\"publisher\":{\"@id\":\"https:\\\/\\\/thehometownlawyers.com\\\/es\\\/#organization\"},\"alternateName\":\"Kruger & Hodges Personal Injury Lawyers\",\"inLanguage\":\"es\"},{\"@type\":\"Organization\",\"@id\":\"https:\\\/\\\/thehometownlawyers.com\\\/es\\\/#organization\",\"name\":\"Kruger & Hodges Hometown Injury Lawyers\",\"alternateName\":\"Kruger & Hodges Accident Attorneys\",\"url\":\"https:\\\/\\\/thehometownlawyers.com\\\/es\\\/\",\"logo\":{\"@type\":\"ImageObject\",\"inLanguage\":\"es\",\"@id\":\"https:\\\/\\\/thehometownlawyers.com\\\/es\\\/#\\\/schema\\\/logo\\\/image\\\/\",\"url\":\"https:\\\/\\\/thehometownlawyers.com\\\/wp-content\\\/uploads\\\/2025\\\/12\\\/revised-kh-logo-vertical-white-background-scaled.png\",\"contentUrl\":\"https:\\\/\\\/thehometownlawyers.com\\\/wp-content\\\/uploads\\\/2025\\\/12\\\/revised-kh-logo-vertical-white-background-scaled.png\",\"width\":2560,\"height\":1440,\"caption\":\"Kruger & Hodges Hometown Injury Lawyers\"},\"image\":{\"@id\":\"https:\\\/\\\/thehometownlawyers.com\\\/es\\\/#\\\/schema\\\/logo\\\/image\\\/\"},\"sameAs\":[\"https:\\\/\\\/www.facebook.com\\\/KrugerHodges\\\/\",\"https:\\\/\\\/www.instagram.com\\\/krugerhodges\\\/\",\"https:\\\/\\\/www.linkedin.com\\\/company\\\/kruger-hodges-hometown-injury-lawyers\\\/\",\"https:\\\/\\\/www.youtube.com\\\/channel\\\/UCeYcMaMaN2rb9jMlqt4EIdQ\",\"https:\\\/\\\/www.tiktok.com\\\/@thehometownlawyer\"]}]}<\/script>\n<!-- \/ Yoast SEO plugin. -->","yoast_head_json":{"title":"Abogados defensores de OVI \/ DUI en Hamilton, OH: Consulta gratuita","description":"Los abogados defensores experimentados de OVI \/ DUI pueden determinar la defensa m\u00e1s s\u00f3lida en su caso. Consulte con Kruger & Hodges, de forma gratuita.","robots":{"index":"index","follow":"follow","max-snippet":"max-snippet:-1","max-image-preview":"max-image-preview:large","max-video-preview":"max-video-preview:-1"},"canonical":"https:\/\/thehometownlawyers.com\/es\/abogados-de-defensa-criminal-de-hamilton\/abogados-defensores-de-ovi-dui-en-hamilton-oh\/","og_locale":"es_MX","og_type":"article","og_title":"Abogados defensores de OVI \/ DUI en Hamilton, OH: Consulta gratuita","og_description":"Los abogados defensores experimentados de OVI \/ DUI pueden determinar la defensa m\u00e1s s\u00f3lida en su caso. Consulte con Kruger & Hodges, de forma gratuita.","og_url":"https:\/\/thehometownlawyers.com\/es\/abogados-de-defensa-criminal-de-hamilton\/abogados-defensores-de-ovi-dui-en-hamilton-oh\/","og_site_name":"Kruger &amp; Hodges Abogados De Lesiones","article_publisher":"https:\/\/www.facebook.com\/KrugerHodges\/","article_modified_time":"2025-03-17T15:52:14+00:00","og_image":[{"width":1920,"height":1080,"url":"https:\/\/thehometownlawyers.com\/wp-content\/uploads\/2021\/08\/dui-breathalizer.jpg","type":"image\/jpeg"}],"twitter_card":"summary_large_image","twitter_misc":{"Tiempo de lectura":"4 minutos"},"schema":{"@context":"https:\/\/schema.org","@graph":[{"@type":"WebPage","@id":"https:\/\/thehometownlawyers.com\/es\/abogados-de-defensa-criminal-de-hamilton\/abogados-defensores-de-ovi-dui-en-hamilton-oh\/","url":"https:\/\/thehometownlawyers.com\/es\/abogados-de-defensa-criminal-de-hamilton\/abogados-defensores-de-ovi-dui-en-hamilton-oh\/","name":"Abogados defensores de OVI \/ DUI en Hamilton, OH: Consulta gratuita","isPartOf":{"@id":"https:\/\/thehometownlawyers.com\/es\/#website"},"primaryImageOfPage":{"@id":"https:\/\/thehometownlawyers.com\/es\/abogados-de-defensa-criminal-de-hamilton\/abogados-defensores-de-ovi-dui-en-hamilton-oh\/#primaryimage"},"image":{"@id":"https:\/\/thehometownlawyers.com\/es\/abogados-de-defensa-criminal-de-hamilton\/abogados-defensores-de-ovi-dui-en-hamilton-oh\/#primaryimage"},"thumbnailUrl":"https:\/\/thehometownlawyers.com\/wp-content\/uploads\/2021\/08\/dui-breathalizer.jpg","datePublished":"2020-01-13T22:26:49+00:00","dateModified":"2025-03-17T15:52:14+00:00","description":"Los abogados defensores experimentados de OVI \/ DUI pueden determinar la defensa m\u00e1s s\u00f3lida en su caso. Consulte con Kruger & Hodges, de forma gratuita.","breadcrumb":{"@id":"https:\/\/thehometownlawyers.com\/es\/abogados-de-defensa-criminal-de-hamilton\/abogados-defensores-de-ovi-dui-en-hamilton-oh\/#breadcrumb"},"inLanguage":"es","potentialAction":[{"@type":"ReadAction","target":["https:\/\/thehometownlawyers.com\/es\/abogados-de-defensa-criminal-de-hamilton\/abogados-defensores-de-ovi-dui-en-hamilton-oh\/"]}]},{"@type":"ImageObject","inLanguage":"es","@id":"https:\/\/thehometownlawyers.com\/es\/abogados-de-defensa-criminal-de-hamilton\/abogados-defensores-de-ovi-dui-en-hamilton-oh\/#primaryimage","url":"https:\/\/thehometownlawyers.com\/wp-content\/uploads\/2021\/08\/dui-breathalizer.jpg","contentUrl":"https:\/\/thehometownlawyers.com\/wp-content\/uploads\/2021\/08\/dui-breathalizer.jpg","width":1920,"height":1080,"caption":"dando una prueba de alcoholemia al conductor"},{"@type":"BreadcrumbList","@id":"https:\/\/thehometownlawyers.com\/es\/abogados-de-defensa-criminal-de-hamilton\/abogados-defensores-de-ovi-dui-en-hamilton-oh\/#breadcrumb","itemListElement":[{"@type":"ListItem","position":1,"name":"Home","item":"https:\/\/thehometownlawyers.com\/es\/"},{"@type":"ListItem","position":2,"name":"Abogado de Defensa Criminal en Hamilton","item":"https:\/\/thehometownlawyers.com\/es\/abogados-de-defensa-criminal-de-hamilton\/"},{"@type":"ListItem","position":3,"name":"Abogado de OVI\/DUI en Hamilton"}]},{"@type":"WebSite","@id":"https:\/\/thehometownlawyers.com\/es\/#website","url":"https:\/\/thehometownlawyers.com\/es\/","name":"Kruger & Hodges Hometown Injury Lawyers | Accident Attorneys","description":"Attorneys for Car, Truck and Motorcycle Accidents, Personal Injuries, and Criminal Defense.","publisher":{"@id":"https:\/\/thehometownlawyers.com\/es\/#organization"},"alternateName":"Kruger & Hodges Personal Injury Lawyers","inLanguage":"es"},{"@type":"Organization","@id":"https:\/\/thehometownlawyers.com\/es\/#organization","name":"Kruger & Hodges Hometown Injury Lawyers","alternateName":"Kruger & Hodges Accident Attorneys","url":"https:\/\/thehometownlawyers.com\/es\/","logo":{"@type":"ImageObject","inLanguage":"es","@id":"https:\/\/thehometownlawyers.com\/es\/#\/schema\/logo\/image\/","url":"https:\/\/thehometownlawyers.com\/wp-content\/uploads\/2025\/12\/revised-kh-logo-vertical-white-background-scaled.png","contentUrl":"https:\/\/thehometownlawyers.com\/wp-content\/uploads\/2025\/12\/revised-kh-logo-vertical-white-background-scaled.png","width":2560,"height":1440,"caption":"Kruger & Hodges Hometown Injury Lawyers"},"image":{"@id":"https:\/\/thehometownlawyers.com\/es\/#\/schema\/logo\/image\/"},"sameAs":["https:\/\/www.facebook.com\/KrugerHodges\/","https:\/\/www.instagram.com\/krugerhodges\/","https:\/\/www.linkedin.com\/company\/kruger-hodges-hometown-injury-lawyers\/","https:\/\/www.youtube.com\/channel\/UCeYcMaMaN2rb9jMlqt4EIdQ","https:\/\/www.tiktok.com\/@thehometownlawyer"]}]}},"_links":{"self":[{"href":"https:\/\/thehometownlawyers.com\/es\/wp-json\/wp\/v2\/pages\/21053","targetHints":{"allow":["GET"]}}],"collection":[{"href":"https:\/\/thehometownlawyers.com\/es\/wp-json\/wp\/v2\/pages"}],"about":[{"href":"https:\/\/thehometownlawyers.com\/es\/wp-json\/wp\/v2\/types\/page"}],"author":[{"embeddable":true,"href":"https:\/\/thehometownlawyers.com\/es\/wp-json\/wp\/v2\/users\/7"}],"replies":[{"embeddable":true,"href":"https:\/\/thehometownlawyers.com\/es\/wp-json\/wp\/v2\/comments?post=21053"}],"version-history":[{"count":0,"href":"https:\/\/thehometownlawyers.com\/es\/wp-json\/wp\/v2\/pages\/21053\/revisions"}],"up":[{"embeddable":true,"href":"https:\/\/thehometownlawyers.com\/es\/wp-json\/wp\/v2\/pages\/20980"}],"wp:featuredmedia":[{"embeddable":true,"href":"https:\/\/thehometownlawyers.com\/es\/wp-json\/wp\/v2\/media\/20806"}],"wp:attachment":[{"href":"https:\/\/thehometownlawyers.com\/es\/wp-json\/wp\/v2\/media?parent=21053"}],"wp:term":[{"taxonomy":"hc_faqs","embeddable":true,"href":"https:\/\/thehometownlawyers.com\/es\/wp-json\/wp\/v2\/hc_faqs?post=21053"},{"taxonomy":"hc_spanish_faqs","embeddable":true,"href":"https:\/\/thehometownlawyers.com\/es\/wp-json\/wp\/v2\/hc_spanish_faqs?post=21053"}],"curies":[{"name":"wp","href":"https:\/\/api.w.org\/{rel}","templated":true}]}}