{"id":21055,"date":"2020-01-13T19:37:04","date_gmt":"2020-01-14T00:37:04","guid":{"rendered":"https:\/\/thehometownlawyers.com\/?page_id=21055"},"modified":"2025-01-31T13:18:00","modified_gmt":"2025-01-31T18:18:00","slug":"abogados-de-delitos-sexuales-en-hamilton-oh","status":"publish","type":"page","link":"https:\/\/thehometownlawyers.com\/es\/abogados-de-defensa-criminal-de-hamilton\/abogados-de-delitos-sexuales-en-hamilton-oh\/","title":{"rendered":"Abogado de Delitos Sexuales en Hamilton"},"content":{"rendered":"<h2>Abogados de Defensa Criminal<\/h2>\n<p>Ser acusado de cualquier tipo de delito sexual en Ohio tiene el potencial de resultar en una variedad de complicaciones que pueden durar el resto de la vida de una persona. La fiscal\u00eda toma estos delitos con seriedad y utilizar\u00e1 una serie de t\u00e9cnicas contra las personas acusadas de estos delitos, por lo que es fundamental que las personas acusadas obtengan la asistencia de nuestros abogados altamente calificados en delitos sexuales.<\/p>\n<p class=\"rs-content-cta rs-content-cta-small\">Para una consulta legal gratuita, llame al <a href=\"tel:+15138943333\">513-894-3333 <\/a><\/p><h2>Ley de Ohio sobre delitos sexuales<\/h2>\n<p><a href=\"https:\/\/codes.ohio.gov\/ohio-revised-code\/chapter-2907\" target=\"_blank\" rel=\"noopener noreferrer\">El Cap\u00edtulo 2907 del C\u00f3digo Revisado de Ohio<\/a> contiene el conjunto de leyes que abordan los delitos sexuales. Este conjunto de leyes define la \u201cconducta sexual\u201d como las relaciones sexuales anales, el cunnilingus entre individuos, la felaci\u00f3n y las relaciones sexuales vaginales entre un hombre y una mujer, as\u00ed como la inserci\u00f3n de cualquier parte del cuerpo u objeto en la abertura anal o vaginal de otra persona.<\/p>\n<p>Otra definici\u00f3n que es importante comprender a los efectos de estas leyes es \u201ccontacto sexual\u201d, que incluye tocar la zona er\u00f3gena de otra persona, incluidas las nalgas, los genitales, los muslos o la regi\u00f3n p\u00fabica.<\/p>\n<p>Algunos de los cargos con los que los clientes de nuestros abogados de delitos sexuales son acusados con mayor frecuencia incluyen los siguientes:<\/p>\n<ul>\n<li><strong>Pornograf\u00eda infantil:<\/strong> Tanto la ley federal como la estatal de Ohio proh\u00edben poseer, producir o transportar pornograf\u00eda infantil.<\/li>\n<li><strong>Prostituci\u00f3n: La<\/strong> ley en el estado de Ohio proh\u00edbe varios delitos relacionados con la prostituci\u00f3n, incluyendo obligar a la prostituci\u00f3n, procurar la prostituci\u00f3n, promover la prostituci\u00f3n y solicitar una prostituta.<\/li>\n<li><strong>Violaci\u00f3n:<\/strong> el estado de Ohio define como violaci\u00f3n la participaci\u00f3n en una conducta sexual con otra persona en contra de su voluntad. La violaci\u00f3n puede incluir perjudicar el juicio de una persona mediante la administraci\u00f3n de una droga o mediante el uso de la fuerza o la amenaza de la fuerza. Tambi\u00e9n existen cargos de violaci\u00f3n cuando la v\u00edctima tiene menos de 13 a\u00f1os, independientemente de si la persona acusada del delito sab\u00eda la edad de la otra persona.<\/li>\n<li><strong>Agresi\u00f3n sexual:<\/strong> la ley de Ohio define la agresi\u00f3n sexual como convencer a otra persona de que se someta a una relaci\u00f3n sexual mediante el uso de cualquier medio que impida la resistencia de una persona com\u00fan.<\/li>\n<li><strong>Imposici\u00f3n sexual:<\/strong> seg\u00fan la ley de Ohio, la imposici\u00f3n sexual consiste en tocar la zona er\u00f3gena de otra persona con el fin de gratificar o excitar sexualmente a cualquiera de las personas.<\/li>\n<li><strong>Conducta sexual il\u00edcita con un menor:<\/strong> la ley de Ohio define que este delito involucra a una persona de 18 a\u00f1os de edad o mayor que participa en una conducta sexual con otra persona de entre 13 y 16 a\u00f1os.<\/li>\n<\/ul>\n<p class=\"rs-content-cta\">Abogado de Defensa Criminal de hamilton Cerca de M\u00ed <a href=\"tel:+15138943333\">513-894-3333<\/a><\/p><h2>Defensas contra delitos sexuales en Ohio<\/h2>\n<p>Hay varios tipos de defensas que pueden presentar los abogados de delitos sexuales en respuesta a los cargos de delitos sexuales en Ohio, que incluyen lo siguiente:<\/p>\n<ul class=\"cus_prac_ulli\">\n<li><strong>Consentimiento:<\/strong> en el caso de algunos delitos sexuales, las v\u00edctimas pueden haber dado su consentimiento antes de la actividad, lo que puede negar el delito.<\/li>\n<li><strong>Acusaciones falsas:<\/strong> algunas personas son acusadas falsamente de delitos sexuales por personas motivadas por motivos personales, incluida la venganza.<\/li>\n<li><strong>Falta de pruebas:<\/strong> A veces, la fiscal\u00eda puede condenar a las personas si no hay pruebas suficientes para establecer que ocurri\u00f3 un delito sexual.<\/li>\n<li><strong>Identidad equivocada:<\/strong> algunas personas que inician cargos por delitos sexuales confunden a una persona inocente con la persona que realmente cometi\u00f3 el delito.<\/li>\n<\/ul>\n<p class=\"rs-content-cta rs-content-cta-small\"><a href=\"\/es\/contacto\/\">Haga clic para contactar<\/a> con nuestros defensa criminal abogados hoy<\/p><h2>Hable con nuestros abogados experimentados en delitos sexuales<\/h2>\n<p>Si lo acusan de un delito sexual, es una buena idea obtener de inmediato los servicios de <a href=\"https:\/\/thehometownlawyers.com\/es\/abogados-de-defensa-criminal-de-hamilton\/\">abogados defensores penales<\/a> con experiencia que puedan asegurarse de que su caso se resuelva de la mejor manera posible. <a href=\"https:\/\/thehometownlawyers.com\/es\/contacto\/\">P\u00f3ngase<\/a> en contacto con Kruger &amp; Hodges hoy para programar una consulta inicial gratuita.<\/p>\n<p class=\"rs-content-cta rs-content-cta-small\">Llame o env\u00ede un mensaje de texto al <a href=\"tel:+15138943333\">513-894-3333<\/a> o complete una <a href=\"\/es\/contacto\/\">evaluaci\u00f3n gratuita de su caso<\/a><\/p>","protected":false},"excerpt":{"rendered":"<p>Abogados de Defensa Criminal Ser acusado de cualquier tipo de delito sexual en Ohio tiene el potencial de resultar en una variedad de complicaciones que pueden durar el resto de la vida de una persona. La fiscal\u00eda toma estos delitos con seriedad y utilizar\u00e1 una serie de t\u00e9cnicas contra las personas acusadas de estos delitos, &#8230;<\/p>\n","protected":false},"author":7,"featured_media":20822,"parent":20980,"menu_order":0,"comment_status":"closed","ping_status":"closed","template":"","meta":{"_acf_changed":false,"inline_featured_image":false,"_genesis_hide_title":false,"_genesis_hide_breadcrumbs":false,"_genesis_hide_singular_image":false,"_genesis_hide_footer_widgets":false,"_genesis_custom_body_class":"","_genesis_custom_post_class":"","_genesis_layout":"","footnotes":""},"hc_faqs":[],"hc_spanish_faqs":[],"class_list":{"0":"post-21055","1":"page","2":"type-page","3":"status-publish","4":"has-post-thumbnail","6":"hc_city_location-hamilton-es-2","7":"entry"},"acf":[],"yoast_head":"<!-- This site is optimized with the Yoast SEO plugin v27.5 - https:\/\/yoast.com\/product\/yoast-seo-wordpress\/ -->\n<title>Abogados de Delitos Sexuales en Hamilton, OH: Consulta gratuita<\/title>\n<meta name=\"description\" content=\"Los fiscales de Ohio se toman en serio estos delitos. Por lo que es fundamental que las personas acusadas hablen con los abogados de delitos sexuales de Kruger &amp; Hodges.\" \/>\n<meta name=\"robots\" content=\"index, follow, max-snippet:-1, max-image-preview:large, max-video-preview:-1\" \/>\n<link rel=\"canonical\" href=\"https:\/\/thehometownlawyers.com\/es\/abogados-de-defensa-criminal-de-hamilton\/abogados-de-delitos-sexuales-en-hamilton-oh\/\" \/>\n<meta property=\"og:locale\" content=\"es_MX\" \/>\n<meta property=\"og:type\" content=\"article\" \/>\n<meta property=\"og:title\" content=\"Abogados de Delitos Sexuales en Hamilton, OH: Consulta gratuita\" \/>\n<meta property=\"og:description\" content=\"Los fiscales de Ohio se toman en serio estos delitos. Por lo que es fundamental que las personas acusadas hablen con los abogados de delitos sexuales de Kruger &amp; Hodges.\" \/>\n<meta property=\"og:url\" content=\"https:\/\/thehometownlawyers.com\/es\/abogados-de-defensa-criminal-de-hamilton\/abogados-de-delitos-sexuales-en-hamilton-oh\/\" \/>\n<meta property=\"og:site_name\" content=\"Kruger &amp; Hodges Abogados De Lesiones\" \/>\n<meta property=\"article:publisher\" content=\"https:\/\/www.facebook.com\/KrugerHodges\/\" \/>\n<meta property=\"article:modified_time\" content=\"2025-01-31T18:18:00+00:00\" \/>\n<meta property=\"og:image\" content=\"https:\/\/thehometownlawyers.com\/wp-content\/uploads\/2021\/08\/police-lights-street.jpg\" \/>\n\t<meta property=\"og:image:width\" content=\"1920\" \/>\n\t<meta property=\"og:image:height\" content=\"1080\" \/>\n\t<meta property=\"og:image:type\" content=\"image\/jpeg\" \/>\n<meta name=\"twitter:card\" content=\"summary_large_image\" \/>\n<meta name=\"twitter:label1\" content=\"Tiempo de lectura\" \/>\n\t<meta name=\"twitter:data1\" content=\"3 minutos\" \/>\n<script type=\"application\/ld+json\" class=\"yoast-schema-graph\">{\"@context\":\"https:\\\/\\\/schema.org\",\"@graph\":[{\"@type\":\"WebPage\",\"@id\":\"https:\\\/\\\/thehometownlawyers.com\\\/es\\\/abogados-de-defensa-criminal-de-hamilton\\\/abogados-de-delitos-sexuales-en-hamilton-oh\\\/\",\"url\":\"https:\\\/\\\/thehometownlawyers.com\\\/es\\\/abogados-de-defensa-criminal-de-hamilton\\\/abogados-de-delitos-sexuales-en-hamilton-oh\\\/\",\"name\":\"Abogados de Delitos Sexuales en Hamilton, OH: Consulta gratuita\",\"isPartOf\":{\"@id\":\"https:\\\/\\\/thehometownlawyers.com\\\/es\\\/#website\"},\"primaryImageOfPage\":{\"@id\":\"https:\\\/\\\/thehometownlawyers.com\\\/es\\\/abogados-de-defensa-criminal-de-hamilton\\\/abogados-de-delitos-sexuales-en-hamilton-oh\\\/#primaryimage\"},\"image\":{\"@id\":\"https:\\\/\\\/thehometownlawyers.com\\\/es\\\/abogados-de-defensa-criminal-de-hamilton\\\/abogados-de-delitos-sexuales-en-hamilton-oh\\\/#primaryimage\"},\"thumbnailUrl\":\"https:\\\/\\\/thehometownlawyers.com\\\/wp-content\\\/uploads\\\/2021\\\/08\\\/police-lights-street.jpg\",\"datePublished\":\"2020-01-14T00:37:04+00:00\",\"dateModified\":\"2025-01-31T18:18:00+00:00\",\"description\":\"Los fiscales de Ohio se toman en serio estos delitos. Por lo que es fundamental que las personas acusadas hablen con los abogados de delitos sexuales de Kruger & Hodges.\",\"breadcrumb\":{\"@id\":\"https:\\\/\\\/thehometownlawyers.com\\\/es\\\/abogados-de-defensa-criminal-de-hamilton\\\/abogados-de-delitos-sexuales-en-hamilton-oh\\\/#breadcrumb\"},\"inLanguage\":\"es\",\"potentialAction\":[{\"@type\":\"ReadAction\",\"target\":[\"https:\\\/\\\/thehometownlawyers.com\\\/es\\\/abogados-de-defensa-criminal-de-hamilton\\\/abogados-de-delitos-sexuales-en-hamilton-oh\\\/\"]}]},{\"@type\":\"ImageObject\",\"inLanguage\":\"es\",\"@id\":\"https:\\\/\\\/thehometownlawyers.com\\\/es\\\/abogados-de-defensa-criminal-de-hamilton\\\/abogados-de-delitos-sexuales-en-hamilton-oh\\\/#primaryimage\",\"url\":\"https:\\\/\\\/thehometownlawyers.com\\\/wp-content\\\/uploads\\\/2021\\\/08\\\/police-lights-street.jpg\",\"contentUrl\":\"https:\\\/\\\/thehometownlawyers.com\\\/wp-content\\\/uploads\\\/2021\\\/08\\\/police-lights-street.jpg\",\"width\":1920,\"height\":1080,\"caption\":\"luz en la parte superior de un veh\u00edculo policial\"},{\"@type\":\"BreadcrumbList\",\"@id\":\"https:\\\/\\\/thehometownlawyers.com\\\/es\\\/abogados-de-defensa-criminal-de-hamilton\\\/abogados-de-delitos-sexuales-en-hamilton-oh\\\/#breadcrumb\",\"itemListElement\":[{\"@type\":\"ListItem\",\"position\":1,\"name\":\"Home\",\"item\":\"https:\\\/\\\/thehometownlawyers.com\\\/es\\\/\"},{\"@type\":\"ListItem\",\"position\":2,\"name\":\"Abogado de Defensa Criminal en Hamilton\",\"item\":\"https:\\\/\\\/thehometownlawyers.com\\\/es\\\/abogados-de-defensa-criminal-de-hamilton\\\/\"},{\"@type\":\"ListItem\",\"position\":3,\"name\":\"Abogado de Delitos Sexuales en Hamilton\"}]},{\"@type\":\"WebSite\",\"@id\":\"https:\\\/\\\/thehometownlawyers.com\\\/es\\\/#website\",\"url\":\"https:\\\/\\\/thehometownlawyers.com\\\/es\\\/\",\"name\":\"Kruger & Hodges Hometown Injury Lawyers | Accident Attorneys\",\"description\":\"Attorneys for Car, Truck and Motorcycle Accidents, Personal Injuries, and Criminal Defense.\",\"publisher\":{\"@id\":\"https:\\\/\\\/thehometownlawyers.com\\\/es\\\/#organization\"},\"alternateName\":\"Kruger & Hodges Personal Injury Lawyers\",\"inLanguage\":\"es\"},{\"@type\":\"Organization\",\"@id\":\"https:\\\/\\\/thehometownlawyers.com\\\/es\\\/#organization\",\"name\":\"Kruger & Hodges Hometown Injury Lawyers\",\"alternateName\":\"Kruger & Hodges\",\"url\":\"https:\\\/\\\/thehometownlawyers.com\\\/es\\\/\",\"logo\":{\"@type\":\"ImageObject\",\"inLanguage\":\"es\",\"@id\":\"https:\\\/\\\/thehometownlawyers.com\\\/es\\\/#\\\/schema\\\/logo\\\/image\\\/\",\"url\":\"https:\\\/\\\/thehometownlawyers.com\\\/wp-content\\\/uploads\\\/2025\\\/12\\\/revised-kh-logo-vertical-white-background-scaled.png\",\"contentUrl\":\"https:\\\/\\\/thehometownlawyers.com\\\/wp-content\\\/uploads\\\/2025\\\/12\\\/revised-kh-logo-vertical-white-background-scaled.png\",\"width\":2560,\"height\":1440,\"caption\":\"Kruger & Hodges Hometown Injury Lawyers\"},\"image\":{\"@id\":\"https:\\\/\\\/thehometownlawyers.com\\\/es\\\/#\\\/schema\\\/logo\\\/image\\\/\"},\"sameAs\":[\"https:\\\/\\\/www.facebook.com\\\/KrugerHodges\\\/\",\"https:\\\/\\\/www.instagram.com\\\/krugerhodges\\\/\",\"https:\\\/\\\/www.linkedin.com\\\/company\\\/kruger-hodges-hometown-injury-lawyers\\\/\",\"https:\\\/\\\/www.youtube.com\\\/channel\\\/UCeYcMaMaN2rb9jMlqt4EIdQ\",\"https:\\\/\\\/www.tiktok.com\\\/@thehometownlawyer\"]}]}<\/script>\n<!-- \/ Yoast SEO plugin. -->","yoast_head_json":{"title":"Abogados de Delitos Sexuales en Hamilton, OH: Consulta gratuita","description":"Los fiscales de Ohio se toman en serio estos delitos. Por lo que es fundamental que las personas acusadas hablen con los abogados de delitos sexuales de Kruger & Hodges.","robots":{"index":"index","follow":"follow","max-snippet":"max-snippet:-1","max-image-preview":"max-image-preview:large","max-video-preview":"max-video-preview:-1"},"canonical":"https:\/\/thehometownlawyers.com\/es\/abogados-de-defensa-criminal-de-hamilton\/abogados-de-delitos-sexuales-en-hamilton-oh\/","og_locale":"es_MX","og_type":"article","og_title":"Abogados de Delitos Sexuales en Hamilton, OH: Consulta gratuita","og_description":"Los fiscales de Ohio se toman en serio estos delitos. Por lo que es fundamental que las personas acusadas hablen con los abogados de delitos sexuales de Kruger & Hodges.","og_url":"https:\/\/thehometownlawyers.com\/es\/abogados-de-defensa-criminal-de-hamilton\/abogados-de-delitos-sexuales-en-hamilton-oh\/","og_site_name":"Kruger &amp; Hodges Abogados De Lesiones","article_publisher":"https:\/\/www.facebook.com\/KrugerHodges\/","article_modified_time":"2025-01-31T18:18:00+00:00","og_image":[{"width":1920,"height":1080,"url":"https:\/\/thehometownlawyers.com\/wp-content\/uploads\/2021\/08\/police-lights-street.jpg","type":"image\/jpeg"}],"twitter_card":"summary_large_image","twitter_misc":{"Tiempo de lectura":"3 minutos"},"schema":{"@context":"https:\/\/schema.org","@graph":[{"@type":"WebPage","@id":"https:\/\/thehometownlawyers.com\/es\/abogados-de-defensa-criminal-de-hamilton\/abogados-de-delitos-sexuales-en-hamilton-oh\/","url":"https:\/\/thehometownlawyers.com\/es\/abogados-de-defensa-criminal-de-hamilton\/abogados-de-delitos-sexuales-en-hamilton-oh\/","name":"Abogados de Delitos Sexuales en Hamilton, OH: Consulta gratuita","isPartOf":{"@id":"https:\/\/thehometownlawyers.com\/es\/#website"},"primaryImageOfPage":{"@id":"https:\/\/thehometownlawyers.com\/es\/abogados-de-defensa-criminal-de-hamilton\/abogados-de-delitos-sexuales-en-hamilton-oh\/#primaryimage"},"image":{"@id":"https:\/\/thehometownlawyers.com\/es\/abogados-de-defensa-criminal-de-hamilton\/abogados-de-delitos-sexuales-en-hamilton-oh\/#primaryimage"},"thumbnailUrl":"https:\/\/thehometownlawyers.com\/wp-content\/uploads\/2021\/08\/police-lights-street.jpg","datePublished":"2020-01-14T00:37:04+00:00","dateModified":"2025-01-31T18:18:00+00:00","description":"Los fiscales de Ohio se toman en serio estos delitos. Por lo que es fundamental que las personas acusadas hablen con los abogados de delitos sexuales de Kruger & Hodges.","breadcrumb":{"@id":"https:\/\/thehometownlawyers.com\/es\/abogados-de-defensa-criminal-de-hamilton\/abogados-de-delitos-sexuales-en-hamilton-oh\/#breadcrumb"},"inLanguage":"es","potentialAction":[{"@type":"ReadAction","target":["https:\/\/thehometownlawyers.com\/es\/abogados-de-defensa-criminal-de-hamilton\/abogados-de-delitos-sexuales-en-hamilton-oh\/"]}]},{"@type":"ImageObject","inLanguage":"es","@id":"https:\/\/thehometownlawyers.com\/es\/abogados-de-defensa-criminal-de-hamilton\/abogados-de-delitos-sexuales-en-hamilton-oh\/#primaryimage","url":"https:\/\/thehometownlawyers.com\/wp-content\/uploads\/2021\/08\/police-lights-street.jpg","contentUrl":"https:\/\/thehometownlawyers.com\/wp-content\/uploads\/2021\/08\/police-lights-street.jpg","width":1920,"height":1080,"caption":"luz en la parte superior de un veh\u00edculo policial"},{"@type":"BreadcrumbList","@id":"https:\/\/thehometownlawyers.com\/es\/abogados-de-defensa-criminal-de-hamilton\/abogados-de-delitos-sexuales-en-hamilton-oh\/#breadcrumb","itemListElement":[{"@type":"ListItem","position":1,"name":"Home","item":"https:\/\/thehometownlawyers.com\/es\/"},{"@type":"ListItem","position":2,"name":"Abogado de Defensa Criminal en Hamilton","item":"https:\/\/thehometownlawyers.com\/es\/abogados-de-defensa-criminal-de-hamilton\/"},{"@type":"ListItem","position":3,"name":"Abogado de Delitos Sexuales en Hamilton"}]},{"@type":"WebSite","@id":"https:\/\/thehometownlawyers.com\/es\/#website","url":"https:\/\/thehometownlawyers.com\/es\/","name":"Kruger & Hodges Hometown Injury Lawyers | Accident Attorneys","description":"Attorneys for Car, Truck and Motorcycle Accidents, Personal Injuries, and Criminal Defense.","publisher":{"@id":"https:\/\/thehometownlawyers.com\/es\/#organization"},"alternateName":"Kruger & Hodges Personal Injury Lawyers","inLanguage":"es"},{"@type":"Organization","@id":"https:\/\/thehometownlawyers.com\/es\/#organization","name":"Kruger & Hodges Hometown Injury Lawyers","alternateName":"Kruger & Hodges","url":"https:\/\/thehometownlawyers.com\/es\/","logo":{"@type":"ImageObject","inLanguage":"es","@id":"https:\/\/thehometownlawyers.com\/es\/#\/schema\/logo\/image\/","url":"https:\/\/thehometownlawyers.com\/wp-content\/uploads\/2025\/12\/revised-kh-logo-vertical-white-background-scaled.png","contentUrl":"https:\/\/thehometownlawyers.com\/wp-content\/uploads\/2025\/12\/revised-kh-logo-vertical-white-background-scaled.png","width":2560,"height":1440,"caption":"Kruger & Hodges Hometown Injury Lawyers"},"image":{"@id":"https:\/\/thehometownlawyers.com\/es\/#\/schema\/logo\/image\/"},"sameAs":["https:\/\/www.facebook.com\/KrugerHodges\/","https:\/\/www.instagram.com\/krugerhodges\/","https:\/\/www.linkedin.com\/company\/kruger-hodges-hometown-injury-lawyers\/","https:\/\/www.youtube.com\/channel\/UCeYcMaMaN2rb9jMlqt4EIdQ","https:\/\/www.tiktok.com\/@thehometownlawyer"]}]}},"_links":{"self":[{"href":"https:\/\/thehometownlawyers.com\/es\/wp-json\/wp\/v2\/pages\/21055","targetHints":{"allow":["GET"]}}],"collection":[{"href":"https:\/\/thehometownlawyers.com\/es\/wp-json\/wp\/v2\/pages"}],"about":[{"href":"https:\/\/thehometownlawyers.com\/es\/wp-json\/wp\/v2\/types\/page"}],"author":[{"embeddable":true,"href":"https:\/\/thehometownlawyers.com\/es\/wp-json\/wp\/v2\/users\/7"}],"replies":[{"embeddable":true,"href":"https:\/\/thehometownlawyers.com\/es\/wp-json\/wp\/v2\/comments?post=21055"}],"version-history":[{"count":0,"href":"https:\/\/thehometownlawyers.com\/es\/wp-json\/wp\/v2\/pages\/21055\/revisions"}],"up":[{"embeddable":true,"href":"https:\/\/thehometownlawyers.com\/es\/wp-json\/wp\/v2\/pages\/20980"}],"wp:featuredmedia":[{"embeddable":true,"href":"https:\/\/thehometownlawyers.com\/es\/wp-json\/wp\/v2\/media\/20822"}],"wp:attachment":[{"href":"https:\/\/thehometownlawyers.com\/es\/wp-json\/wp\/v2\/media?parent=21055"}],"wp:term":[{"taxonomy":"hc_faqs","embeddable":true,"href":"https:\/\/thehometownlawyers.com\/es\/wp-json\/wp\/v2\/hc_faqs?post=21055"},{"taxonomy":"hc_spanish_faqs","embeddable":true,"href":"https:\/\/thehometownlawyers.com\/es\/wp-json\/wp\/v2\/hc_spanish_faqs?post=21055"}],"curies":[{"name":"wp","href":"https:\/\/api.w.org\/{rel}","templated":true}]}}