{"id":21056,"date":"2020-01-13T19:44:37","date_gmt":"2020-01-14T00:44:37","guid":{"rendered":"https:\/\/thehometownlawyers.com\/?page_id=21056"},"modified":"2025-02-05T15:03:19","modified_gmt":"2025-02-05T20:03:19","slug":"abogados-de-consumo-de-alcohol-en-menores","status":"publish","type":"page","link":"https:\/\/thehometownlawyers.com\/es\/abogados-de-defensa-criminal-de-hamilton\/abogados-de-consumo-de-alcohol-en-menores\/","title":{"rendered":"Abogados de Consumo de Alcohol por Menores en Hamilton"},"content":{"rendered":"<h2>Abogados defensores por consumo de alcohol por menores de edad<\/h2>\n<p>Muchos j\u00f3venes en Ohio no saben que el consumo de alcohol por menores de edad es uno de los delitos penales m\u00e1s frecuentes en el estado entre los menores de edad. Ser declarado culpable de consumo de alcohol por menores de edad tiene el potencial de resultar en penas graves que pueden crear obst\u00e1culos duraderos con respecto a las metas educativas y profesionales. Afortunadamente, al obtener la asistencia de un abogado defensor penal experimentado, las personas acusadas de consumo de alcohol por menores de edad pueden asegurarse de que sus casos se resuelvan de la mejor manera posible con la ayuda de nuestros abogados expertos en consumo de alcohol por menores de edad.<\/p>\n<p class=\"rs-content-cta rs-content-cta-small\">Para una consulta legal gratuita, llame al <a href=\"tel:+15138943333\">513-894-3333 <\/a><\/p><h2>Leyes de Ohio sobre el consumo de alcohol por menores de edad<\/h2>\n<p>Las fuerzas del orden en Ohio hacen cumplir en\u00e9rgicamente las leyes estatales sobre el consumo de alcohol por menores de edad. Estas medidas de cumplimiento a menudo se extienden a la actividad que ocurre en los campus universitarios. En muchos casos, los menores de edad que son acusados de delitos relacionados con la bebida tambi\u00e9n pueden terminar enfrentando cargos adicionales, incluidos los asociados con alteraci\u00f3n del orden p\u00fablico.<\/p>\n<p>Algunas de las ofensas de alcohol m\u00e1s com\u00fanmente acusadas que enfrentan las personas menores de edad incluyen las siguientes:<\/p>\n<ul>\n<li><strong>Proporcionar alcohol a un menor:<\/strong> si compra, vende o proporciona alcohol a otra persona menor de edad, podr\u00eda terminar enfrentando cargos por proporcionar alcohol a un menor. Las sanciones por este delito resultan en una multa de $1,000 y un m\u00e1ximo de seis meses en la c\u00e1rcel.<\/li>\n<li><strong>Posesi\u00f3n de alcohol:<\/strong> este <a href=\"https:\/\/codes.ohio.gov\/ohio-revised-code\/section-4301.69\" target=\"_blank\" rel=\"noopener noreferrer\">cargo<\/a> se puede presentar contra personas menores de 18 a\u00f1os y que se encuentren en posesi\u00f3n de alcohol. Hay varias excepciones a esta ley, incluidas las personas que est\u00e1n en presencia y tienen el consentimiento de un padre o tutor, las personas que est\u00e1n en presencia de un c\u00f3nyuge mayor de 18 a\u00f1os y la posesi\u00f3n de alcohol con fines educativos, m\u00e9dicos, o fines religiosos. Estas sanciones pueden resultar en que una persona enfrente multas y tiempo en la c\u00e1rcel.<\/li>\n<li><strong>Compra de alcohol:<\/strong> si una persona es menor de 18 a\u00f1os y compra alcohol, puede enfrentar sanciones penales. Una excepci\u00f3n a esta ley es si una persona es un informante confidencial y compra alcohol para hacer cumplir la ley. Estos cargos pueden resultar en que una persona enfrente varios cientos de d\u00f3lares en multas y tiempo en la c\u00e1rcel.<\/li>\n<\/ul>\n<p class=\"rs-content-cta\">Abogado de Defensa Criminal de hamilton Cerca de M\u00ed <a href=\"tel:+15138943333\">513-894-3333<\/a><\/p><h2>Fuertes defensas legales contra los cargos por consumo de alcohol en menores de edad<\/h2>\n<p>Si se le acusa de consumo de alcohol por menores de edad, hay mucho en juego, por lo que no debe dudar en hablar con un abogado con experiencia en consumo de alcohol por menores de edad. Nuestro asesor legal sabe c\u00f3mo presentar defensas s\u00f3lidas a estos cargos.<\/p>\n<p>Investigaremos si hay un <a href=\"https:\/\/thehometownlawyers.com\/es\/abogados-de-defensa-criminal-de-hamilton\/abogados-defensores-de-ovi-dui-en-hamilton-oh\/programas-de-desvio\/\">programa de desviaci\u00f3n<\/a> disponible para una persona acusada de consumo de alcohol por menores de edad. La finalizaci\u00f3n exitosa de <a href=\"https:\/\/www.the-daily-record.com\/story\/opinion\/2010\/10\/24\/diversion-program-uses-motivation-for\/19601792007\/\" target=\"_blank\" rel=\"noopener\">uno de estos programas<\/a> dar\u00e1 como resultado que el caso de una persona sea desestimado sin que se cree un registro.<\/p>\n<p>Nuestro asesor legal tambi\u00e9n analizar\u00e1 la solidez de la evidencia de la fiscal\u00eda y determinar\u00e1 las diversas defensas disponibles para responder a estos cargos. El proceso judicial puede ser particularmente complicado e incluye audiencias sobre mociones para suprimir pruebas, as\u00ed como audiencias previas al juicio, por lo que no debe dudar en hablar con nuestro asesor legal.<\/p>\n<p class=\"rs-content-cta rs-content-cta-small\"><a href=\"\/es\/contacto\/\">Haga clic para contactar<\/a> con nuestros defensa criminal abogados hoy<\/p><h2>Obtenga la Representaci\u00f3n de un Abogado de Defensa Penal Experimentado<\/h2>\n<p>Los abogados <a href=\"https:\/\/thehometownlawyers.com\/es\/abogados-de-defensa-criminal-de-hamilton\/\">defensores penales<\/a> de Kruger &amp; Hodges han representado exitosamente a varios clientes acusados de una variedad de delitos relacionados con el consumo de alcohol por menores de edad. En muchos casos, hemos podido presentar una defensa s\u00f3lida o ayudar a la persona acusada a inscribirse en un programa de desviaci\u00f3n. <a href=\"https:\/\/thehometownlawyers.com\/es\/contacto\/\">P\u00f3ngase en contacto con nuestra oficina de abogados<\/a> hoy para programar una consulta inicial gratuita.<\/p>\n<p class=\"rs-content-cta rs-content-cta-small\">Llame o env\u00ede un mensaje de texto al <a href=\"tel:+15138943333\">513-894-3333<\/a> o complete una <a href=\"\/es\/contacto\/\">evaluaci\u00f3n gratuita de su caso<\/a><\/p>","protected":false},"excerpt":{"rendered":"<p>Abogados defensores por consumo de alcohol por menores de edad Muchos j\u00f3venes en Ohio no saben que el consumo de alcohol por menores de edad es uno de los delitos penales m\u00e1s frecuentes en el estado entre los menores de edad. Ser declarado culpable de consumo de alcohol por menores de edad tiene el potencial &#8230;<\/p>\n","protected":false},"author":7,"featured_media":20825,"parent":20980,"menu_order":0,"comment_status":"closed","ping_status":"closed","template":"","meta":{"_acf_changed":false,"inline_featured_image":false,"_genesis_hide_title":false,"_genesis_hide_breadcrumbs":false,"_genesis_hide_singular_image":false,"_genesis_hide_footer_widgets":false,"_genesis_custom_body_class":"","_genesis_custom_post_class":"","_genesis_layout":"","footnotes":""},"hc_faqs":[],"hc_spanish_faqs":[],"class_list":{"0":"post-21056","1":"page","2":"type-page","3":"status-publish","4":"has-post-thumbnail","6":"hc_city_location-hamilton-es-2","7":"entry"},"acf":[],"yoast_head":"<!-- This site is optimized with the Yoast SEO plugin v27.3 - https:\/\/yoast.com\/product\/yoast-seo-wordpress\/ -->\n<title>Abogados de Consumo de Alcohol por Menores en Hamilton | Consulta Gratuita<\/title>\n<meta name=\"description\" content=\"Los abogados defensores penales de Kruger &amp; Hodges han representado con \u00e9xito a varios clientes acusados de delitos relacionados con el consumo de alcohol por menores de edad.\" \/>\n<meta name=\"robots\" content=\"index, follow, max-snippet:-1, max-image-preview:large, max-video-preview:-1\" \/>\n<link rel=\"canonical\" href=\"https:\/\/thehometownlawyers.com\/es\/abogados-de-defensa-criminal-de-hamilton\/abogados-de-consumo-de-alcohol-en-menores\/\" \/>\n<meta property=\"og:locale\" content=\"es_MX\" \/>\n<meta property=\"og:type\" content=\"article\" \/>\n<meta property=\"og:title\" content=\"Abogados de Consumo de Alcohol por Menores en Hamilton | Consulta Gratuita\" \/>\n<meta property=\"og:description\" content=\"Los abogados defensores penales de Kruger &amp; Hodges han representado con \u00e9xito a varios clientes acusados de delitos relacionados con el consumo de alcohol por menores de edad.\" \/>\n<meta property=\"og:url\" content=\"https:\/\/thehometownlawyers.com\/es\/abogados-de-defensa-criminal-de-hamilton\/abogados-de-consumo-de-alcohol-en-menores\/\" \/>\n<meta property=\"og:site_name\" content=\"Kruger &amp; Hodges Abogados De Lesiones\" \/>\n<meta property=\"article:publisher\" content=\"https:\/\/www.facebook.com\/KrugerHodges\/\" \/>\n<meta property=\"article:modified_time\" content=\"2025-02-05T20:03:19+00:00\" \/>\n<meta property=\"og:image\" content=\"https:\/\/thehometownlawyers.com\/wp-content\/uploads\/2021\/08\/teenager-alcohol-drink.jpg\" \/>\n\t<meta property=\"og:image:width\" content=\"1920\" \/>\n\t<meta property=\"og:image:height\" content=\"1080\" \/>\n\t<meta property=\"og:image:type\" content=\"image\/jpeg\" \/>\n<meta name=\"twitter:card\" content=\"summary_large_image\" \/>\n<meta name=\"twitter:label1\" content=\"Tiempo de lectura\" \/>\n\t<meta name=\"twitter:data1\" content=\"4 minutos\" \/>\n<script type=\"application\/ld+json\" class=\"yoast-schema-graph\">{\"@context\":\"https:\\\/\\\/schema.org\",\"@graph\":[{\"@type\":\"WebPage\",\"@id\":\"https:\\\/\\\/thehometownlawyers.com\\\/es\\\/abogados-de-defensa-criminal-de-hamilton\\\/abogados-de-consumo-de-alcohol-en-menores\\\/\",\"url\":\"https:\\\/\\\/thehometownlawyers.com\\\/es\\\/abogados-de-defensa-criminal-de-hamilton\\\/abogados-de-consumo-de-alcohol-en-menores\\\/\",\"name\":\"Abogados de Consumo de Alcohol por Menores en Hamilton | Consulta Gratuita\",\"isPartOf\":{\"@id\":\"https:\\\/\\\/thehometownlawyers.com\\\/es\\\/#website\"},\"primaryImageOfPage\":{\"@id\":\"https:\\\/\\\/thehometownlawyers.com\\\/es\\\/abogados-de-defensa-criminal-de-hamilton\\\/abogados-de-consumo-de-alcohol-en-menores\\\/#primaryimage\"},\"image\":{\"@id\":\"https:\\\/\\\/thehometownlawyers.com\\\/es\\\/abogados-de-defensa-criminal-de-hamilton\\\/abogados-de-consumo-de-alcohol-en-menores\\\/#primaryimage\"},\"thumbnailUrl\":\"https:\\\/\\\/thehometownlawyers.com\\\/wp-content\\\/uploads\\\/2021\\\/08\\\/teenager-alcohol-drink.jpg\",\"datePublished\":\"2020-01-14T00:44:37+00:00\",\"dateModified\":\"2025-02-05T20:03:19+00:00\",\"description\":\"Los abogados defensores penales de Kruger & Hodges han representado con \u00e9xito a varios clientes acusados de delitos relacionados con el consumo de alcohol por menores de edad.\",\"breadcrumb\":{\"@id\":\"https:\\\/\\\/thehometownlawyers.com\\\/es\\\/abogados-de-defensa-criminal-de-hamilton\\\/abogados-de-consumo-de-alcohol-en-menores\\\/#breadcrumb\"},\"inLanguage\":\"es\",\"potentialAction\":[{\"@type\":\"ReadAction\",\"target\":[\"https:\\\/\\\/thehometownlawyers.com\\\/es\\\/abogados-de-defensa-criminal-de-hamilton\\\/abogados-de-consumo-de-alcohol-en-menores\\\/\"]}]},{\"@type\":\"ImageObject\",\"inLanguage\":\"es\",\"@id\":\"https:\\\/\\\/thehometownlawyers.com\\\/es\\\/abogados-de-defensa-criminal-de-hamilton\\\/abogados-de-consumo-de-alcohol-en-menores\\\/#primaryimage\",\"url\":\"https:\\\/\\\/thehometownlawyers.com\\\/wp-content\\\/uploads\\\/2021\\\/08\\\/teenager-alcohol-drink.jpg\",\"contentUrl\":\"https:\\\/\\\/thehometownlawyers.com\\\/wp-content\\\/uploads\\\/2021\\\/08\\\/teenager-alcohol-drink.jpg\",\"width\":1920,\"height\":1080,\"caption\":\"adolescentes bebiendo en una fiesta\"},{\"@type\":\"BreadcrumbList\",\"@id\":\"https:\\\/\\\/thehometownlawyers.com\\\/es\\\/abogados-de-defensa-criminal-de-hamilton\\\/abogados-de-consumo-de-alcohol-en-menores\\\/#breadcrumb\",\"itemListElement\":[{\"@type\":\"ListItem\",\"position\":1,\"name\":\"Home\",\"item\":\"https:\\\/\\\/thehometownlawyers.com\\\/es\\\/\"},{\"@type\":\"ListItem\",\"position\":2,\"name\":\"Abogado de Defensa Criminal en Hamilton\",\"item\":\"https:\\\/\\\/thehometownlawyers.com\\\/es\\\/abogados-de-defensa-criminal-de-hamilton\\\/\"},{\"@type\":\"ListItem\",\"position\":3,\"name\":\"Abogados de Consumo de Alcohol por Menores en Hamilton\"}]},{\"@type\":\"WebSite\",\"@id\":\"https:\\\/\\\/thehometownlawyers.com\\\/es\\\/#website\",\"url\":\"https:\\\/\\\/thehometownlawyers.com\\\/es\\\/\",\"name\":\"Kruger & Hodges Hometown Injury Lawyers | Accident Attorneys\",\"description\":\"Attorneys for Car, Truck and Motorcycle Accidents, Personal Injuries, and Criminal Defense.\",\"publisher\":{\"@id\":\"https:\\\/\\\/thehometownlawyers.com\\\/es\\\/#organization\"},\"alternateName\":\"Kruger & Hodges Personal Injury Lawyers\",\"inLanguage\":\"es\"},{\"@type\":\"Organization\",\"@id\":\"https:\\\/\\\/thehometownlawyers.com\\\/es\\\/#organization\",\"name\":\"Kruger & Hodges Hometown Injury Lawyers\",\"alternateName\":\"Kruger & Hodges\",\"url\":\"https:\\\/\\\/thehometownlawyers.com\\\/es\\\/\",\"logo\":{\"@type\":\"ImageObject\",\"inLanguage\":\"es\",\"@id\":\"https:\\\/\\\/thehometownlawyers.com\\\/es\\\/#\\\/schema\\\/logo\\\/image\\\/\",\"url\":\"https:\\\/\\\/thehometownlawyers.com\\\/wp-content\\\/uploads\\\/2025\\\/12\\\/revised-kh-logo-vertical-white-background-scaled.png\",\"contentUrl\":\"https:\\\/\\\/thehometownlawyers.com\\\/wp-content\\\/uploads\\\/2025\\\/12\\\/revised-kh-logo-vertical-white-background-scaled.png\",\"width\":2560,\"height\":1440,\"caption\":\"Kruger & Hodges Hometown Injury Lawyers\"},\"image\":{\"@id\":\"https:\\\/\\\/thehometownlawyers.com\\\/es\\\/#\\\/schema\\\/logo\\\/image\\\/\"},\"sameAs\":[\"https:\\\/\\\/www.facebook.com\\\/KrugerHodges\\\/\",\"https:\\\/\\\/www.instagram.com\\\/krugerhodges\\\/\",\"https:\\\/\\\/www.linkedin.com\\\/company\\\/kruger-hodges-hometown-injury-lawyers\\\/\",\"https:\\\/\\\/www.youtube.com\\\/channel\\\/UCeYcMaMaN2rb9jMlqt4EIdQ\",\"https:\\\/\\\/www.tiktok.com\\\/@thehometownlawyer\"]}]}<\/script>\n<!-- \/ Yoast SEO plugin. -->","yoast_head_json":{"title":"Abogados de Consumo de Alcohol por Menores en Hamilton | Consulta Gratuita","description":"Los abogados defensores penales de Kruger & Hodges han representado con \u00e9xito a varios clientes acusados de delitos relacionados con el consumo de alcohol por menores de edad.","robots":{"index":"index","follow":"follow","max-snippet":"max-snippet:-1","max-image-preview":"max-image-preview:large","max-video-preview":"max-video-preview:-1"},"canonical":"https:\/\/thehometownlawyers.com\/es\/abogados-de-defensa-criminal-de-hamilton\/abogados-de-consumo-de-alcohol-en-menores\/","og_locale":"es_MX","og_type":"article","og_title":"Abogados de Consumo de Alcohol por Menores en Hamilton | Consulta Gratuita","og_description":"Los abogados defensores penales de Kruger & Hodges han representado con \u00e9xito a varios clientes acusados de delitos relacionados con el consumo de alcohol por menores de edad.","og_url":"https:\/\/thehometownlawyers.com\/es\/abogados-de-defensa-criminal-de-hamilton\/abogados-de-consumo-de-alcohol-en-menores\/","og_site_name":"Kruger &amp; Hodges Abogados De Lesiones","article_publisher":"https:\/\/www.facebook.com\/KrugerHodges\/","article_modified_time":"2025-02-05T20:03:19+00:00","og_image":[{"width":1920,"height":1080,"url":"https:\/\/thehometownlawyers.com\/wp-content\/uploads\/2021\/08\/teenager-alcohol-drink.jpg","type":"image\/jpeg"}],"twitter_card":"summary_large_image","twitter_misc":{"Tiempo de lectura":"4 minutos"},"schema":{"@context":"https:\/\/schema.org","@graph":[{"@type":"WebPage","@id":"https:\/\/thehometownlawyers.com\/es\/abogados-de-defensa-criminal-de-hamilton\/abogados-de-consumo-de-alcohol-en-menores\/","url":"https:\/\/thehometownlawyers.com\/es\/abogados-de-defensa-criminal-de-hamilton\/abogados-de-consumo-de-alcohol-en-menores\/","name":"Abogados de Consumo de Alcohol por Menores en Hamilton | Consulta Gratuita","isPartOf":{"@id":"https:\/\/thehometownlawyers.com\/es\/#website"},"primaryImageOfPage":{"@id":"https:\/\/thehometownlawyers.com\/es\/abogados-de-defensa-criminal-de-hamilton\/abogados-de-consumo-de-alcohol-en-menores\/#primaryimage"},"image":{"@id":"https:\/\/thehometownlawyers.com\/es\/abogados-de-defensa-criminal-de-hamilton\/abogados-de-consumo-de-alcohol-en-menores\/#primaryimage"},"thumbnailUrl":"https:\/\/thehometownlawyers.com\/wp-content\/uploads\/2021\/08\/teenager-alcohol-drink.jpg","datePublished":"2020-01-14T00:44:37+00:00","dateModified":"2025-02-05T20:03:19+00:00","description":"Los abogados defensores penales de Kruger & Hodges han representado con \u00e9xito a varios clientes acusados de delitos relacionados con el consumo de alcohol por menores de edad.","breadcrumb":{"@id":"https:\/\/thehometownlawyers.com\/es\/abogados-de-defensa-criminal-de-hamilton\/abogados-de-consumo-de-alcohol-en-menores\/#breadcrumb"},"inLanguage":"es","potentialAction":[{"@type":"ReadAction","target":["https:\/\/thehometownlawyers.com\/es\/abogados-de-defensa-criminal-de-hamilton\/abogados-de-consumo-de-alcohol-en-menores\/"]}]},{"@type":"ImageObject","inLanguage":"es","@id":"https:\/\/thehometownlawyers.com\/es\/abogados-de-defensa-criminal-de-hamilton\/abogados-de-consumo-de-alcohol-en-menores\/#primaryimage","url":"https:\/\/thehometownlawyers.com\/wp-content\/uploads\/2021\/08\/teenager-alcohol-drink.jpg","contentUrl":"https:\/\/thehometownlawyers.com\/wp-content\/uploads\/2021\/08\/teenager-alcohol-drink.jpg","width":1920,"height":1080,"caption":"adolescentes bebiendo en una fiesta"},{"@type":"BreadcrumbList","@id":"https:\/\/thehometownlawyers.com\/es\/abogados-de-defensa-criminal-de-hamilton\/abogados-de-consumo-de-alcohol-en-menores\/#breadcrumb","itemListElement":[{"@type":"ListItem","position":1,"name":"Home","item":"https:\/\/thehometownlawyers.com\/es\/"},{"@type":"ListItem","position":2,"name":"Abogado de Defensa Criminal en Hamilton","item":"https:\/\/thehometownlawyers.com\/es\/abogados-de-defensa-criminal-de-hamilton\/"},{"@type":"ListItem","position":3,"name":"Abogados de Consumo de Alcohol por Menores en Hamilton"}]},{"@type":"WebSite","@id":"https:\/\/thehometownlawyers.com\/es\/#website","url":"https:\/\/thehometownlawyers.com\/es\/","name":"Kruger & Hodges Hometown Injury Lawyers | Accident Attorneys","description":"Attorneys for Car, Truck and Motorcycle Accidents, Personal Injuries, and Criminal Defense.","publisher":{"@id":"https:\/\/thehometownlawyers.com\/es\/#organization"},"alternateName":"Kruger & Hodges Personal Injury Lawyers","inLanguage":"es"},{"@type":"Organization","@id":"https:\/\/thehometownlawyers.com\/es\/#organization","name":"Kruger & Hodges Hometown Injury Lawyers","alternateName":"Kruger & Hodges","url":"https:\/\/thehometownlawyers.com\/es\/","logo":{"@type":"ImageObject","inLanguage":"es","@id":"https:\/\/thehometownlawyers.com\/es\/#\/schema\/logo\/image\/","url":"https:\/\/thehometownlawyers.com\/wp-content\/uploads\/2025\/12\/revised-kh-logo-vertical-white-background-scaled.png","contentUrl":"https:\/\/thehometownlawyers.com\/wp-content\/uploads\/2025\/12\/revised-kh-logo-vertical-white-background-scaled.png","width":2560,"height":1440,"caption":"Kruger & Hodges Hometown Injury Lawyers"},"image":{"@id":"https:\/\/thehometownlawyers.com\/es\/#\/schema\/logo\/image\/"},"sameAs":["https:\/\/www.facebook.com\/KrugerHodges\/","https:\/\/www.instagram.com\/krugerhodges\/","https:\/\/www.linkedin.com\/company\/kruger-hodges-hometown-injury-lawyers\/","https:\/\/www.youtube.com\/channel\/UCeYcMaMaN2rb9jMlqt4EIdQ","https:\/\/www.tiktok.com\/@thehometownlawyer"]}]}},"_links":{"self":[{"href":"https:\/\/thehometownlawyers.com\/es\/wp-json\/wp\/v2\/pages\/21056","targetHints":{"allow":["GET"]}}],"collection":[{"href":"https:\/\/thehometownlawyers.com\/es\/wp-json\/wp\/v2\/pages"}],"about":[{"href":"https:\/\/thehometownlawyers.com\/es\/wp-json\/wp\/v2\/types\/page"}],"author":[{"embeddable":true,"href":"https:\/\/thehometownlawyers.com\/es\/wp-json\/wp\/v2\/users\/7"}],"replies":[{"embeddable":true,"href":"https:\/\/thehometownlawyers.com\/es\/wp-json\/wp\/v2\/comments?post=21056"}],"version-history":[{"count":0,"href":"https:\/\/thehometownlawyers.com\/es\/wp-json\/wp\/v2\/pages\/21056\/revisions"}],"up":[{"embeddable":true,"href":"https:\/\/thehometownlawyers.com\/es\/wp-json\/wp\/v2\/pages\/20980"}],"wp:featuredmedia":[{"embeddable":true,"href":"https:\/\/thehometownlawyers.com\/es\/wp-json\/wp\/v2\/media\/20825"}],"wp:attachment":[{"href":"https:\/\/thehometownlawyers.com\/es\/wp-json\/wp\/v2\/media?parent=21056"}],"wp:term":[{"taxonomy":"hc_faqs","embeddable":true,"href":"https:\/\/thehometownlawyers.com\/es\/wp-json\/wp\/v2\/hc_faqs?post=21056"},{"taxonomy":"hc_spanish_faqs","embeddable":true,"href":"https:\/\/thehometownlawyers.com\/es\/wp-json\/wp\/v2\/hc_spanish_faqs?post=21056"}],"curies":[{"name":"wp","href":"https:\/\/api.w.org\/{rel}","templated":true}]}}