{"id":21058,"date":"2020-01-13T19:32:37","date_gmt":"2020-01-14T00:32:37","guid":{"rendered":"https:\/\/thehometownlawyers.com\/?page_id=21058"},"modified":"2025-01-31T11:29:13","modified_gmt":"2025-01-31T16:29:13","slug":"ramificaciones-de-las-condenas-penales-para-inmigrantes","status":"publish","type":"page","link":"https:\/\/thehometownlawyers.com\/es\/preguntas-frecuentes\/ramificaciones-de-las-condenas-penales-para-inmigrantes\/","title":{"rendered":"Ramificaciones de las condenas penales para inmigrantes"},"content":{"rendered":"<h2>Condenas Penales y Ley de Inmigraci\u00f3n<\/h2>\n<p>Las condenas penales para los inmigrantes pueden tener consecuencias graves. Adem\u00e1s de que se les niegue una tarjeta de residencia o una visa de trabajo, a los inmigrantes condenados por un delito tambi\u00e9n se les puede prohibir volver a ingresar a los Estados Unidos. Debido a estas graves consecuencias, es una buena idea obtener la asistencia de un abogado calificado si usted o un ser querido es un inmigrante que enfrenta una condena penal.<\/p>\n<p class=\"rs-content-cta rs-content-cta-small\">Para una consulta legal gratuita, llame al <a href=\"tel:+15138943333\">513-894-3333 <\/a><\/p><h2>Su derecho a un juicio como inmigrante<\/h2>\n<p>Un gran n\u00famero de inmigrantes tiene derecho a una audiencia ante un juez de inmigraci\u00f3n. Sin embargo, los derechos exactos de un inmigrante dependen del delito que supuestamente se haya cometido. Los delitos m\u00e1s comunes que afectan el estatus de un inmigrante incluyen los siguientes:<\/p>\n<ul>\n<li><strong>Delitos agravados: <\/strong>Algunos de los delitos que se clasifican como delitos graves incluyen pornograf\u00eda infantil, soborno, falsificaci\u00f3n, tr\u00e1fico de drogas, falta de comparecencia ante el tribunal, tr\u00e1fico de armas de fuego, falsificaci\u00f3n, fraude o evasi\u00f3n de impuestos de m\u00e1s de $10,000, trata de personas, secuestro, lavado de dinero de m\u00e1s de $10,000, asesinato , extorsi\u00f3n, violaci\u00f3n, abuso sexual de un menor, espionaje, <a href=\"https:\/\/thehometownlawyers.com\/es\/abogados-de-defensa-criminal-de-hamilton\/abogados-de-defensa-de-robo\/\">robo<\/a> , traici\u00f3n a la patria, tr\u00e1fico de veh\u00edculos y delitos violentos. Un inmigrante acusado de un delito grave puede enfrentar tanto la deportaci\u00f3n como una sentencia de prisi\u00f3n. Despu\u00e9s de las condenas penales, los inmigrantes pueden cumplir una sentencia de prisi\u00f3n completa y a\u00fan enfrentar una deportaci\u00f3n acelerada al completar la sentencia.<\/li>\n<li><strong>Delitos de sustancias controladas:<\/strong> esta categor\u00eda incluye delitos de posesi\u00f3n de drogas y delitos de tr\u00e1fico de drogas. Los inmigrantes acusados de delitos de sustancias controladas enfrentan la inhabilitaci\u00f3n para la residencia legal en los Estados Unidos, la p\u00e9rdida del estatus de asilo, la deportaci\u00f3n obligatoria y sentencias de prisi\u00f3n obligatorias.<\/li>\n<li><strong>Delitos contra los ni\u00f1os:<\/strong> No existe una definici\u00f3n espec\u00edfica de qu\u00e9 delitos constituyen delitos contra los ni\u00f1os. Es probable que un delito se considere un delito contra los ni\u00f1os si la v\u00edctima tiene menos de 18 a\u00f1os. Algunos de los delitos m\u00e1s comunes que se procesan bajo esta categor\u00eda incluyen <a href=\"https:\/\/thehometownlawyers.com\/es\/abogados-de-defensa-criminal-de-hamilton\/abogados-defensores-de-agresion\/\">asalto<\/a> , <a href=\"https:\/\/thehometownlawyers.com\/es\/abogados-de-defensa-criminal-de-hamilton\/abogados-defensores-de-violencia-domestica\/\">violencia dom\u00e9stica<\/a> , poner en peligro el bienestar de un ni\u00f1o, acoso, secuestro, peligro imprudente, acecho y encarcelamiento ilegal. Un inmigrante condenado por un delito contra un ni\u00f1o corre el riesgo de ser deportado. Algunas de estas ofensas tambi\u00e9n pueden clasificarse en otra categor\u00eda, lo que resulta en sanciones adicionales.<\/li>\n<li><strong>Delitos de depravaci\u00f3n moral:<\/strong> Estos delitos incluyen delitos que conmocionan la conciencia p\u00fablica. Algunos delitos que se clasifican como <a href=\"https:\/\/thehometownlawyers.com\/wp-content\/uploads\/2020\/01\/n.7-crimes_involving_moral_turpitude.pdf\" target=\"_blank\" rel=\"noopener noreferrer\">delitos de bajeza moral<\/a> incluyen homicidio agravado, incendio premeditado, agresi\u00f3n a un ni\u00f1o oa un agente del orden p\u00fablico, hurto mayor, asesinato, violaci\u00f3n y robo. Las personas que carecen de ciudadan\u00eda y que son acusadas de un delito de bajeza moral se enfrentan a la deportaci\u00f3n o se les puede negar el reingreso al pa\u00eds.<\/li>\n<li>Delitos con armas de <strong><a href=\"https:\/\/thehometownlawyers.com\/es\/abogados-de-defensa-criminal-de-hamilton\/abogados-defensores-por-cargos-de-armas\/\">fuego<\/a> :<\/strong> estos delitos se relacionan con ciertos tipos de armas, incluidos explosivos y pistolas. Algunos de los tipos m\u00e1s comunes de estos delitos incluyen la compra de armas de fuego ilegales, la venta de armas de fuego ilegales y el comercio de armas de fuego ilegales. Un inmigrante acusado de este delito se enfrenta a la deportaci\u00f3n. En algunos casos, estos delitos tambi\u00e9n pueden considerarse delitos que implican bajeza moral, lo que puede dar lugar a sanciones adicionales.<\/li>\n<li><strong>Prostituci\u00f3n y vicio comercializado:<\/strong> En esta <a href=\"https:\/\/www.law.cornell.edu\/cfr\/text\/22\/40.24\" target=\"_blank\" rel=\"noopener\">categor\u00eda<\/a> se incluyen los delitos en los que se realizan actos sexuales a cambio de una remuneraci\u00f3n. Una condena penal por estos delitos puede resultar en que un inmigrante sea considerado inadmisible en los Estados Unidos.<\/li>\n<\/ul>\n<h2>Hable con un abogado de defensa criminal con experiencia<\/h2>\n<p>No importa el tipo de cargo, las condenas penales para los inmigrantes pueden ser particularmente graves y pueden tener consecuencias que cambien la vida. Como resultado, los inmigrantes que se enfrentan a una condena penal deben <a href=\"https:\/\/thehometownlawyers.com\/es\/contacto\/\">hablar con un abogado experimentado<\/a> de Kruger &amp; Hodges que pueda asegurarse de que tenga la mejor defensa posible.<\/p>\n<p class=\"rs-content-cta rs-content-cta-small\">Llame o env\u00ede un mensaje de texto al <a href=\"tel:+15138943333\">513-894-3333<\/a> o complete una <a href=\"\/es\/contacto\/\">evaluaci\u00f3n gratuita de su caso<\/a><\/p>","protected":false},"excerpt":{"rendered":"<p>Condenas Penales y Ley de Inmigraci\u00f3n Las condenas penales para los inmigrantes pueden tener consecuencias graves. Adem\u00e1s de que se les niegue una tarjeta de residencia o una visa de trabajo, a los inmigrantes condenados por un delito tambi\u00e9n se les puede prohibir volver a ingresar a los Estados Unidos. Debido a estas graves consecuencias, &#8230;<\/p>\n","protected":false},"author":7,"featured_media":20821,"parent":20989,"menu_order":0,"comment_status":"closed","ping_status":"closed","template":"","meta":{"_acf_changed":false,"inline_featured_image":false,"_genesis_hide_title":false,"_genesis_hide_breadcrumbs":false,"_genesis_hide_singular_image":false,"_genesis_hide_footer_widgets":false,"_genesis_custom_body_class":"","_genesis_custom_post_class":"","_genesis_layout":"","footnotes":""},"hc_faqs":[319],"hc_spanish_faqs":[],"class_list":{"0":"post-21058","1":"page","2":"type-page","3":"status-publish","4":"has-post-thumbnail","6":"hc_faqs-inmigracion","7":"entry"},"acf":[],"yoast_head":"<!-- This site is optimized with the Yoast SEO plugin v27.3 - https:\/\/yoast.com\/product\/yoast-seo-wordpress\/ -->\n<title>Ramificaciones de las condenas penales para inmigrantes: Consulta gratuita<\/title>\n<meta name=\"description\" content=\"Despu\u00e9s de las condenas penales, los inmigrantes pueden cumplir una sentencia de prisi\u00f3n y a\u00fan enfrentar una deportaci\u00f3n acelerada al completar la sentencia.\" \/>\n<meta name=\"robots\" content=\"index, follow, max-snippet:-1, max-image-preview:large, max-video-preview:-1\" \/>\n<link rel=\"canonical\" href=\"https:\/\/thehometownlawyers.com\/es\/preguntas-frecuentes\/ramificaciones-de-las-condenas-penales-para-inmigrantes\/\" \/>\n<meta property=\"og:locale\" content=\"es_MX\" \/>\n<meta property=\"og:type\" content=\"article\" \/>\n<meta property=\"og:title\" content=\"Ramificaciones de las condenas penales para inmigrantes: Consulta gratuita\" \/>\n<meta property=\"og:description\" content=\"Despu\u00e9s de las condenas penales, los inmigrantes pueden cumplir una sentencia de prisi\u00f3n y a\u00fan enfrentar una deportaci\u00f3n acelerada al completar la sentencia.\" \/>\n<meta property=\"og:url\" content=\"https:\/\/thehometownlawyers.com\/es\/preguntas-frecuentes\/ramificaciones-de-las-condenas-penales-para-inmigrantes\/\" \/>\n<meta property=\"og:site_name\" content=\"Kruger &amp; Hodges Abogados De Lesiones\" \/>\n<meta property=\"article:publisher\" content=\"https:\/\/www.facebook.com\/KrugerHodges\/\" \/>\n<meta property=\"article:modified_time\" content=\"2025-01-31T16:29:13+00:00\" \/>\n<meta property=\"og:image\" content=\"https:\/\/thehometownlawyers.com\/wp-content\/uploads\/2021\/08\/immigration-law-document.jpg\" \/>\n\t<meta property=\"og:image:width\" content=\"1920\" \/>\n\t<meta property=\"og:image:height\" content=\"1080\" \/>\n\t<meta property=\"og:image:type\" content=\"image\/jpeg\" \/>\n<meta name=\"twitter:card\" content=\"summary_large_image\" \/>\n<meta name=\"twitter:label1\" content=\"Tiempo de lectura\" \/>\n\t<meta name=\"twitter:data1\" content=\"4 minutos\" \/>\n<script type=\"application\/ld+json\" class=\"yoast-schema-graph\">{\"@context\":\"https:\\\/\\\/schema.org\",\"@graph\":[{\"@type\":\"WebPage\",\"@id\":\"https:\\\/\\\/thehometownlawyers.com\\\/es\\\/preguntas-frecuentes\\\/ramificaciones-de-las-condenas-penales-para-inmigrantes\\\/\",\"url\":\"https:\\\/\\\/thehometownlawyers.com\\\/es\\\/preguntas-frecuentes\\\/ramificaciones-de-las-condenas-penales-para-inmigrantes\\\/\",\"name\":\"Ramificaciones de las condenas penales para inmigrantes: Consulta gratuita\",\"isPartOf\":{\"@id\":\"https:\\\/\\\/thehometownlawyers.com\\\/es\\\/#website\"},\"primaryImageOfPage\":{\"@id\":\"https:\\\/\\\/thehometownlawyers.com\\\/es\\\/preguntas-frecuentes\\\/ramificaciones-de-las-condenas-penales-para-inmigrantes\\\/#primaryimage\"},\"image\":{\"@id\":\"https:\\\/\\\/thehometownlawyers.com\\\/es\\\/preguntas-frecuentes\\\/ramificaciones-de-las-condenas-penales-para-inmigrantes\\\/#primaryimage\"},\"thumbnailUrl\":\"https:\\\/\\\/thehometownlawyers.com\\\/wp-content\\\/uploads\\\/2021\\\/08\\\/immigration-law-document.jpg\",\"datePublished\":\"2020-01-14T00:32:37+00:00\",\"dateModified\":\"2025-01-31T16:29:13+00:00\",\"description\":\"Despu\u00e9s de las condenas penales, los inmigrantes pueden cumplir una sentencia de prisi\u00f3n y a\u00fan enfrentar una deportaci\u00f3n acelerada al completar la sentencia.\",\"breadcrumb\":{\"@id\":\"https:\\\/\\\/thehometownlawyers.com\\\/es\\\/preguntas-frecuentes\\\/ramificaciones-de-las-condenas-penales-para-inmigrantes\\\/#breadcrumb\"},\"inLanguage\":\"es\",\"potentialAction\":[{\"@type\":\"ReadAction\",\"target\":[\"https:\\\/\\\/thehometownlawyers.com\\\/es\\\/preguntas-frecuentes\\\/ramificaciones-de-las-condenas-penales-para-inmigrantes\\\/\"]}]},{\"@type\":\"ImageObject\",\"inLanguage\":\"es\",\"@id\":\"https:\\\/\\\/thehometownlawyers.com\\\/es\\\/preguntas-frecuentes\\\/ramificaciones-de-las-condenas-penales-para-inmigrantes\\\/#primaryimage\",\"url\":\"https:\\\/\\\/thehometownlawyers.com\\\/wp-content\\\/uploads\\\/2021\\\/08\\\/immigration-law-document.jpg\",\"contentUrl\":\"https:\\\/\\\/thehometownlawyers.com\\\/wp-content\\\/uploads\\\/2021\\\/08\\\/immigration-law-document.jpg\",\"width\":1920,\"height\":1080,\"caption\":\"documento de inmigraci\u00f3n\"},{\"@type\":\"BreadcrumbList\",\"@id\":\"https:\\\/\\\/thehometownlawyers.com\\\/es\\\/preguntas-frecuentes\\\/ramificaciones-de-las-condenas-penales-para-inmigrantes\\\/#breadcrumb\",\"itemListElement\":[{\"@type\":\"ListItem\",\"position\":1,\"name\":\"Home\",\"item\":\"https:\\\/\\\/thehometownlawyers.com\\\/es\\\/\"},{\"@type\":\"ListItem\",\"position\":2,\"name\":\"Preguntas Frecuentes\",\"item\":\"https:\\\/\\\/thehometownlawyers.com\\\/es\\\/preguntas-frecuentes\\\/\"},{\"@type\":\"ListItem\",\"position\":3,\"name\":\"Ramificaciones de las condenas penales para inmigrantes\"}]},{\"@type\":\"WebSite\",\"@id\":\"https:\\\/\\\/thehometownlawyers.com\\\/es\\\/#website\",\"url\":\"https:\\\/\\\/thehometownlawyers.com\\\/es\\\/\",\"name\":\"Kruger & Hodges Hometown Injury Lawyers | Accident Attorneys\",\"description\":\"Attorneys for Car, Truck and Motorcycle Accidents, Personal Injuries, and Criminal Defense.\",\"publisher\":{\"@id\":\"https:\\\/\\\/thehometownlawyers.com\\\/es\\\/#organization\"},\"alternateName\":\"Kruger & Hodges Personal Injury Lawyers\",\"inLanguage\":\"es\"},{\"@type\":\"Organization\",\"@id\":\"https:\\\/\\\/thehometownlawyers.com\\\/es\\\/#organization\",\"name\":\"Kruger & Hodges Hometown Injury Lawyers\",\"alternateName\":\"Kruger & Hodges\",\"url\":\"https:\\\/\\\/thehometownlawyers.com\\\/es\\\/\",\"logo\":{\"@type\":\"ImageObject\",\"inLanguage\":\"es\",\"@id\":\"https:\\\/\\\/thehometownlawyers.com\\\/es\\\/#\\\/schema\\\/logo\\\/image\\\/\",\"url\":\"https:\\\/\\\/thehometownlawyers.com\\\/wp-content\\\/uploads\\\/2025\\\/12\\\/revised-kh-logo-vertical-white-background-scaled.png\",\"contentUrl\":\"https:\\\/\\\/thehometownlawyers.com\\\/wp-content\\\/uploads\\\/2025\\\/12\\\/revised-kh-logo-vertical-white-background-scaled.png\",\"width\":2560,\"height\":1440,\"caption\":\"Kruger & Hodges Hometown Injury Lawyers\"},\"image\":{\"@id\":\"https:\\\/\\\/thehometownlawyers.com\\\/es\\\/#\\\/schema\\\/logo\\\/image\\\/\"},\"sameAs\":[\"https:\\\/\\\/www.facebook.com\\\/KrugerHodges\\\/\",\"https:\\\/\\\/www.instagram.com\\\/krugerhodges\\\/\",\"https:\\\/\\\/www.linkedin.com\\\/company\\\/kruger-hodges-hometown-injury-lawyers\\\/\",\"https:\\\/\\\/www.youtube.com\\\/channel\\\/UCeYcMaMaN2rb9jMlqt4EIdQ\",\"https:\\\/\\\/www.tiktok.com\\\/@thehometownlawyer\"]}]}<\/script>\n<!-- \/ Yoast SEO plugin. -->","yoast_head_json":{"title":"Ramificaciones de las condenas penales para inmigrantes: Consulta gratuita","description":"Despu\u00e9s de las condenas penales, los inmigrantes pueden cumplir una sentencia de prisi\u00f3n y a\u00fan enfrentar una deportaci\u00f3n acelerada al completar la sentencia.","robots":{"index":"index","follow":"follow","max-snippet":"max-snippet:-1","max-image-preview":"max-image-preview:large","max-video-preview":"max-video-preview:-1"},"canonical":"https:\/\/thehometownlawyers.com\/es\/preguntas-frecuentes\/ramificaciones-de-las-condenas-penales-para-inmigrantes\/","og_locale":"es_MX","og_type":"article","og_title":"Ramificaciones de las condenas penales para inmigrantes: Consulta gratuita","og_description":"Despu\u00e9s de las condenas penales, los inmigrantes pueden cumplir una sentencia de prisi\u00f3n y a\u00fan enfrentar una deportaci\u00f3n acelerada al completar la sentencia.","og_url":"https:\/\/thehometownlawyers.com\/es\/preguntas-frecuentes\/ramificaciones-de-las-condenas-penales-para-inmigrantes\/","og_site_name":"Kruger &amp; Hodges Abogados De Lesiones","article_publisher":"https:\/\/www.facebook.com\/KrugerHodges\/","article_modified_time":"2025-01-31T16:29:13+00:00","og_image":[{"width":1920,"height":1080,"url":"https:\/\/thehometownlawyers.com\/wp-content\/uploads\/2021\/08\/immigration-law-document.jpg","type":"image\/jpeg"}],"twitter_card":"summary_large_image","twitter_misc":{"Tiempo de lectura":"4 minutos"},"schema":{"@context":"https:\/\/schema.org","@graph":[{"@type":"WebPage","@id":"https:\/\/thehometownlawyers.com\/es\/preguntas-frecuentes\/ramificaciones-de-las-condenas-penales-para-inmigrantes\/","url":"https:\/\/thehometownlawyers.com\/es\/preguntas-frecuentes\/ramificaciones-de-las-condenas-penales-para-inmigrantes\/","name":"Ramificaciones de las condenas penales para inmigrantes: Consulta gratuita","isPartOf":{"@id":"https:\/\/thehometownlawyers.com\/es\/#website"},"primaryImageOfPage":{"@id":"https:\/\/thehometownlawyers.com\/es\/preguntas-frecuentes\/ramificaciones-de-las-condenas-penales-para-inmigrantes\/#primaryimage"},"image":{"@id":"https:\/\/thehometownlawyers.com\/es\/preguntas-frecuentes\/ramificaciones-de-las-condenas-penales-para-inmigrantes\/#primaryimage"},"thumbnailUrl":"https:\/\/thehometownlawyers.com\/wp-content\/uploads\/2021\/08\/immigration-law-document.jpg","datePublished":"2020-01-14T00:32:37+00:00","dateModified":"2025-01-31T16:29:13+00:00","description":"Despu\u00e9s de las condenas penales, los inmigrantes pueden cumplir una sentencia de prisi\u00f3n y a\u00fan enfrentar una deportaci\u00f3n acelerada al completar la sentencia.","breadcrumb":{"@id":"https:\/\/thehometownlawyers.com\/es\/preguntas-frecuentes\/ramificaciones-de-las-condenas-penales-para-inmigrantes\/#breadcrumb"},"inLanguage":"es","potentialAction":[{"@type":"ReadAction","target":["https:\/\/thehometownlawyers.com\/es\/preguntas-frecuentes\/ramificaciones-de-las-condenas-penales-para-inmigrantes\/"]}]},{"@type":"ImageObject","inLanguage":"es","@id":"https:\/\/thehometownlawyers.com\/es\/preguntas-frecuentes\/ramificaciones-de-las-condenas-penales-para-inmigrantes\/#primaryimage","url":"https:\/\/thehometownlawyers.com\/wp-content\/uploads\/2021\/08\/immigration-law-document.jpg","contentUrl":"https:\/\/thehometownlawyers.com\/wp-content\/uploads\/2021\/08\/immigration-law-document.jpg","width":1920,"height":1080,"caption":"documento de inmigraci\u00f3n"},{"@type":"BreadcrumbList","@id":"https:\/\/thehometownlawyers.com\/es\/preguntas-frecuentes\/ramificaciones-de-las-condenas-penales-para-inmigrantes\/#breadcrumb","itemListElement":[{"@type":"ListItem","position":1,"name":"Home","item":"https:\/\/thehometownlawyers.com\/es\/"},{"@type":"ListItem","position":2,"name":"Preguntas Frecuentes","item":"https:\/\/thehometownlawyers.com\/es\/preguntas-frecuentes\/"},{"@type":"ListItem","position":3,"name":"Ramificaciones de las condenas penales para inmigrantes"}]},{"@type":"WebSite","@id":"https:\/\/thehometownlawyers.com\/es\/#website","url":"https:\/\/thehometownlawyers.com\/es\/","name":"Kruger & Hodges Hometown Injury Lawyers | Accident Attorneys","description":"Attorneys for Car, Truck and Motorcycle Accidents, Personal Injuries, and Criminal Defense.","publisher":{"@id":"https:\/\/thehometownlawyers.com\/es\/#organization"},"alternateName":"Kruger & Hodges Personal Injury Lawyers","inLanguage":"es"},{"@type":"Organization","@id":"https:\/\/thehometownlawyers.com\/es\/#organization","name":"Kruger & Hodges Hometown Injury Lawyers","alternateName":"Kruger & Hodges","url":"https:\/\/thehometownlawyers.com\/es\/","logo":{"@type":"ImageObject","inLanguage":"es","@id":"https:\/\/thehometownlawyers.com\/es\/#\/schema\/logo\/image\/","url":"https:\/\/thehometownlawyers.com\/wp-content\/uploads\/2025\/12\/revised-kh-logo-vertical-white-background-scaled.png","contentUrl":"https:\/\/thehometownlawyers.com\/wp-content\/uploads\/2025\/12\/revised-kh-logo-vertical-white-background-scaled.png","width":2560,"height":1440,"caption":"Kruger & Hodges Hometown Injury Lawyers"},"image":{"@id":"https:\/\/thehometownlawyers.com\/es\/#\/schema\/logo\/image\/"},"sameAs":["https:\/\/www.facebook.com\/KrugerHodges\/","https:\/\/www.instagram.com\/krugerhodges\/","https:\/\/www.linkedin.com\/company\/kruger-hodges-hometown-injury-lawyers\/","https:\/\/www.youtube.com\/channel\/UCeYcMaMaN2rb9jMlqt4EIdQ","https:\/\/www.tiktok.com\/@thehometownlawyer"]}]}},"_links":{"self":[{"href":"https:\/\/thehometownlawyers.com\/es\/wp-json\/wp\/v2\/pages\/21058","targetHints":{"allow":["GET"]}}],"collection":[{"href":"https:\/\/thehometownlawyers.com\/es\/wp-json\/wp\/v2\/pages"}],"about":[{"href":"https:\/\/thehometownlawyers.com\/es\/wp-json\/wp\/v2\/types\/page"}],"author":[{"embeddable":true,"href":"https:\/\/thehometownlawyers.com\/es\/wp-json\/wp\/v2\/users\/7"}],"replies":[{"embeddable":true,"href":"https:\/\/thehometownlawyers.com\/es\/wp-json\/wp\/v2\/comments?post=21058"}],"version-history":[{"count":0,"href":"https:\/\/thehometownlawyers.com\/es\/wp-json\/wp\/v2\/pages\/21058\/revisions"}],"up":[{"embeddable":true,"href":"https:\/\/thehometownlawyers.com\/es\/wp-json\/wp\/v2\/pages\/20989"}],"wp:featuredmedia":[{"embeddable":true,"href":"https:\/\/thehometownlawyers.com\/es\/wp-json\/wp\/v2\/media\/20821"}],"wp:attachment":[{"href":"https:\/\/thehometownlawyers.com\/es\/wp-json\/wp\/v2\/media?parent=21058"}],"wp:term":[{"taxonomy":"hc_faqs","embeddable":true,"href":"https:\/\/thehometownlawyers.com\/es\/wp-json\/wp\/v2\/hc_faqs?post=21058"},{"taxonomy":"hc_spanish_faqs","embeddable":true,"href":"https:\/\/thehometownlawyers.com\/es\/wp-json\/wp\/v2\/hc_spanish_faqs?post=21058"}],"curies":[{"name":"wp","href":"https:\/\/api.w.org\/{rel}","templated":true}]}}