{"id":21059,"date":"2020-01-13T17:14:55","date_gmt":"2020-01-13T22:14:55","guid":{"rendered":"https:\/\/thehometownlawyers.com\/?page_id=21059"},"modified":"2025-03-17T11:55:15","modified_gmt":"2025-03-17T15:55:15","slug":"abogados-defensores-de-violencia-domestica","status":"publish","type":"page","link":"https:\/\/thehometownlawyers.com\/es\/abogados-de-defensa-criminal-de-hamilton\/abogados-defensores-de-violencia-domestica\/","title":{"rendered":"Abogado de Violencia Dom\u00e9stica en Hamilton"},"content":{"rendered":"<h2>Abogados para la Defensa de Cargos de Violencia Dom\u00e9stica<\/h2>\n<p>Los cargos de violencia dom\u00e9stica en Ohio son graves y pueden resultar en sanciones significativas, incluidas multas, encarcelamiento y antecedentes penales que pueden dificultar la consecuci\u00f3n de objetivos educativos y profesionales. Si lo acusan de violencia dom\u00e9stica, no debe dudar en comunicarse con nuestros abogados defensores experimentados en violencia dom\u00e9stica que pueden ayudarlo a crear la mejor estrategia de defensa posible.<\/p>\n<p class=\"rs-content-cta rs-content-cta-small\">Para una consulta legal gratuita, llame al <a href=\"tel:+15138943333\">513-894-3333 <\/a><\/p><h2>Cargos de Violencia Dom\u00e9stica<\/h2>\n<p>En el estado de Ohio, la violencia dom\u00e9stica se procesa conforme a la <a href=\"https:\/\/codes.ohio.gov\/ohio-revised-code\/section-2919.25\" target=\"_blank\" rel=\"noopener noreferrer\">secci\u00f3n 2919.25<\/a> del C\u00f3digo Revisado de Ohio. El delito incluye la comisi\u00f3n de cualquier acto por parte de un miembro de la familia o del hogar que resulte en abuso infantil, causar o intentar causar da\u00f1o f\u00edsico a sabiendas, causar da\u00f1o f\u00edsico imprudentemente o cualquier delito de orientaci\u00f3n sexual. A los efectos de esta ley, un miembro de la familia o del hogar incluye a cualquier persona que viva o haya vivido con la v\u00edctima, lo que incluye hijos, co-padres, ex c\u00f3nyuges, padres adoptivos, padres, personas que viven como c\u00f3nyuge o c\u00f3nyuges actuales.<\/p>\n<p class=\"rs-content-cta\">Abogado de Defensa Criminal de hamilton Cerca de M\u00ed <a href=\"tel:+15138943333\">513-894-3333<\/a><\/p><h2>Delitos asociados en Ohio<\/h2>\n<p>Algunos de los delitos asociados con la violencia dom\u00e9stica en Ohio incluyen los siguientes:<\/p>\n<ul>\n<li>Violaci\u00f3n de <a href=\"https:\/\/statelaws.findlaw.com\/ohio-law\/ohio-temporary-restraining-order-laws.html\" target=\"_blank\" rel=\"noopener noreferrer\">\u00f3rdenes de protecci\u00f3n<\/a> que ocurre cuando una persona viola los t\u00e9rminos de una orden de protecci\u00f3n<\/li>\n<li>Agresi\u00f3n sexual, que ocurre si una persona se involucra en una conducta sexual con otra persona en contra de su voluntad<\/li>\n<li>Poner en peligro a los ni\u00f1os, que ocurre cuando un padre o tutor tiene control sobre un ni\u00f1o discapacitado menor de 21 a\u00f1os o cualquier otro ni\u00f1o menor de 18 a\u00f1os y abusa, tortura, disciplina injustificadamente o realiza uno de varios otros tipos de actividades peligrosas y prohibidas con un ni\u00f1o<\/li>\n<\/ul>\n<p class=\"rs-content-cta rs-content-cta-small\"><a href=\"\/es\/contacto\/\">Haga clic para contactar<\/a> con nuestros defensa criminal abogados hoy<\/p><h2>Sanciones por violencia dom\u00e9stica en Ohio<\/h2>\n<p>Ser condenado por violencia dom\u00e9stica en Ohio puede resultar en algunas sanciones particularmente graves, que incluyen las siguientes:<\/p>\n<ul>\n<li>Una persona condenada por un delito menor de violencia dom\u00e9stica en primer grado enfrenta una sentencia de c\u00e1rcel de 180 d\u00edas y una multa de $1,000<\/li>\n<li>Una persona condenada por violencia dom\u00e9stica en quinto grado enfrenta una sentencia de c\u00e1rcel de hasta un a\u00f1o y una multa de $2,500<\/li>\n<li>Una condena por un delito grave de violencia dom\u00e9stica en cuarto grado resulta en hasta 18 meses de prisi\u00f3n y una multa de hasta $5,000<\/li>\n<li>Una condena por un delito grave de violencia dom\u00e9stica en tercer grado resulta en una sentencia de prisi\u00f3n de cinco a\u00f1os y una multa de hasta $10,000<\/li>\n<li>Una condena por un delito grave de violencia dom\u00e9stica en segundo grado resulta en una sentencia de prisi\u00f3n de ocho a\u00f1os y multas de hasta $15,000<\/li>\n<\/ul>\n<p class=\"rs-content-cta rs-content-cta-small\">Complete una <a href=\"\/es\/contacto\/\">evaluaci\u00f3n gratuita de su caso<\/a> ahora<\/p><h2>Hable hoy con nuestros abogados expertos en defensa contra la violencia dom\u00e9stica<\/h2>\n<p>Si ha sido acusado de violencia dom\u00e9stica cerca de Hamilton, Eaton o Middletown, no debe dudar en comunicarse con nuestros abogados defensores experimentados en violencia dom\u00e9stica que pueden asegurarse de que su caso se resuelva r\u00e1pidamente y de la mejor manera posible. En <a href=\"https:\/\/thehometownlawyers.com\/es\/acerca-de-los-abogados-de-kruger-hodges\/\">Kruger &amp; Hodges<\/a> , somos abogados defensores criminales experimentados que permanecer\u00e1n comprometidos a luchar por los resultados que usted se merece. P\u00f3ngase en contacto con nuestras <a href=\"https:\/\/thehometownlawyers.com\/es\/contacto\/\">oficinas legales<\/a> de Hamilton hoy para programar una consulta inicial gratuita.<\/p>\n<p class=\"rs-content-cta rs-content-cta-small\">Llame o env\u00ede un mensaje de texto al <a href=\"tel:+15138943333\">513-894-3333<\/a> o complete una <a href=\"\/es\/contacto\/\">evaluaci\u00f3n gratuita de su caso<\/a><\/p>","protected":false},"excerpt":{"rendered":"<p>Abogados para la Defensa de Cargos de Violencia Dom\u00e9stica Los cargos de violencia dom\u00e9stica en Ohio son graves y pueden resultar en sanciones significativas, incluidas multas, encarcelamiento y antecedentes penales que pueden dificultar la consecuci\u00f3n de objetivos educativos y profesionales. Si lo acusan de violencia dom\u00e9stica, no debe dudar en comunicarse con nuestros abogados defensores &#8230;<\/p>\n","protected":false},"author":7,"featured_media":20818,"parent":20980,"menu_order":0,"comment_status":"closed","ping_status":"closed","template":"","meta":{"_acf_changed":false,"inline_featured_image":false,"_genesis_hide_title":false,"_genesis_hide_breadcrumbs":false,"_genesis_hide_singular_image":false,"_genesis_hide_footer_widgets":false,"_genesis_custom_body_class":"","_genesis_custom_post_class":"","_genesis_layout":"","footnotes":""},"hc_faqs":[],"hc_spanish_faqs":[],"class_list":{"0":"post-21059","1":"page","2":"type-page","3":"status-publish","4":"has-post-thumbnail","6":"hc_city_location-hamilton-es-2","7":"entry"},"acf":[],"yoast_head":"<!-- This site is optimized with the Yoast SEO plugin v27.4 - https:\/\/yoast.com\/product\/yoast-seo-wordpress\/ -->\n<title>Abogado de Violencia Dom\u00e9stica en Hamilton | Consulta Gratuita<\/title>\n<meta name=\"description\" content=\"No dude en ponerse en contacto con los abogados defensores experimentados en violencia dom\u00e9stica de Kruger &amp; Hodges, quienes pueden asegurarse de que su caso se resuelva r\u00e1pidamente.\" \/>\n<meta name=\"robots\" content=\"index, follow, max-snippet:-1, max-image-preview:large, max-video-preview:-1\" \/>\n<link rel=\"canonical\" href=\"https:\/\/thehometownlawyers.com\/es\/abogados-de-defensa-criminal-de-hamilton\/abogados-defensores-de-violencia-domestica\/\" \/>\n<meta property=\"og:locale\" content=\"es_MX\" \/>\n<meta property=\"og:type\" content=\"article\" \/>\n<meta property=\"og:title\" content=\"Abogado de Violencia Dom\u00e9stica en Hamilton | Consulta Gratuita\" \/>\n<meta property=\"og:description\" content=\"No dude en ponerse en contacto con los abogados defensores experimentados en violencia dom\u00e9stica de Kruger &amp; Hodges, quienes pueden asegurarse de que su caso se resuelva r\u00e1pidamente.\" \/>\n<meta property=\"og:url\" content=\"https:\/\/thehometownlawyers.com\/es\/abogados-de-defensa-criminal-de-hamilton\/abogados-defensores-de-violencia-domestica\/\" \/>\n<meta property=\"og:site_name\" content=\"Kruger &amp; Hodges Abogados De Lesiones\" \/>\n<meta property=\"article:publisher\" content=\"https:\/\/www.facebook.com\/KrugerHodges\/\" \/>\n<meta property=\"article:modified_time\" content=\"2025-03-17T15:55:15+00:00\" \/>\n<meta property=\"og:image\" content=\"https:\/\/thehometownlawyers.com\/wp-content\/uploads\/2021\/08\/domestic-violence-force.jpg\" \/>\n\t<meta property=\"og:image:width\" content=\"1920\" \/>\n\t<meta property=\"og:image:height\" content=\"1080\" \/>\n\t<meta property=\"og:image:type\" content=\"image\/jpeg\" \/>\n<meta name=\"twitter:card\" content=\"summary_large_image\" \/>\n<meta name=\"twitter:label1\" content=\"Tiempo de lectura\" \/>\n\t<meta name=\"twitter:data1\" content=\"3 minutos\" \/>\n<script type=\"application\/ld+json\" class=\"yoast-schema-graph\">{\"@context\":\"https:\\\/\\\/schema.org\",\"@graph\":[{\"@type\":\"WebPage\",\"@id\":\"https:\\\/\\\/thehometownlawyers.com\\\/es\\\/abogados-de-defensa-criminal-de-hamilton\\\/abogados-defensores-de-violencia-domestica\\\/\",\"url\":\"https:\\\/\\\/thehometownlawyers.com\\\/es\\\/abogados-de-defensa-criminal-de-hamilton\\\/abogados-defensores-de-violencia-domestica\\\/\",\"name\":\"Abogado de Violencia Dom\u00e9stica en Hamilton | Consulta Gratuita\",\"isPartOf\":{\"@id\":\"https:\\\/\\\/thehometownlawyers.com\\\/es\\\/#website\"},\"primaryImageOfPage\":{\"@id\":\"https:\\\/\\\/thehometownlawyers.com\\\/es\\\/abogados-de-defensa-criminal-de-hamilton\\\/abogados-defensores-de-violencia-domestica\\\/#primaryimage\"},\"image\":{\"@id\":\"https:\\\/\\\/thehometownlawyers.com\\\/es\\\/abogados-de-defensa-criminal-de-hamilton\\\/abogados-defensores-de-violencia-domestica\\\/#primaryimage\"},\"thumbnailUrl\":\"https:\\\/\\\/thehometownlawyers.com\\\/wp-content\\\/uploads\\\/2021\\\/08\\\/domestic-violence-force.jpg\",\"datePublished\":\"2020-01-13T22:14:55+00:00\",\"dateModified\":\"2025-03-17T15:55:15+00:00\",\"description\":\"No dude en ponerse en contacto con los abogados defensores experimentados en violencia dom\u00e9stica de Kruger & Hodges, quienes pueden asegurarse de que su caso se resuelva r\u00e1pidamente.\",\"breadcrumb\":{\"@id\":\"https:\\\/\\\/thehometownlawyers.com\\\/es\\\/abogados-de-defensa-criminal-de-hamilton\\\/abogados-defensores-de-violencia-domestica\\\/#breadcrumb\"},\"inLanguage\":\"es\",\"potentialAction\":[{\"@type\":\"ReadAction\",\"target\":[\"https:\\\/\\\/thehometownlawyers.com\\\/es\\\/abogados-de-defensa-criminal-de-hamilton\\\/abogados-defensores-de-violencia-domestica\\\/\"]}]},{\"@type\":\"ImageObject\",\"inLanguage\":\"es\",\"@id\":\"https:\\\/\\\/thehometownlawyers.com\\\/es\\\/abogados-de-defensa-criminal-de-hamilton\\\/abogados-defensores-de-violencia-domestica\\\/#primaryimage\",\"url\":\"https:\\\/\\\/thehometownlawyers.com\\\/wp-content\\\/uploads\\\/2021\\\/08\\\/domestic-violence-force.jpg\",\"contentUrl\":\"https:\\\/\\\/thehometownlawyers.com\\\/wp-content\\\/uploads\\\/2021\\\/08\\\/domestic-violence-force.jpg\",\"width\":1920,\"height\":1080,\"caption\":\"hombre sosteniendo a una mujer contra una mesa\"},{\"@type\":\"BreadcrumbList\",\"@id\":\"https:\\\/\\\/thehometownlawyers.com\\\/es\\\/abogados-de-defensa-criminal-de-hamilton\\\/abogados-defensores-de-violencia-domestica\\\/#breadcrumb\",\"itemListElement\":[{\"@type\":\"ListItem\",\"position\":1,\"name\":\"Home\",\"item\":\"https:\\\/\\\/thehometownlawyers.com\\\/es\\\/\"},{\"@type\":\"ListItem\",\"position\":2,\"name\":\"Abogado de Defensa Criminal en Hamilton\",\"item\":\"https:\\\/\\\/thehometownlawyers.com\\\/es\\\/abogados-de-defensa-criminal-de-hamilton\\\/\"},{\"@type\":\"ListItem\",\"position\":3,\"name\":\"Abogado de Violencia Dom\u00e9stica en Hamilton\"}]},{\"@type\":\"WebSite\",\"@id\":\"https:\\\/\\\/thehometownlawyers.com\\\/es\\\/#website\",\"url\":\"https:\\\/\\\/thehometownlawyers.com\\\/es\\\/\",\"name\":\"Kruger & Hodges Hometown Injury Lawyers | Accident Attorneys\",\"description\":\"Attorneys for Car, Truck and Motorcycle Accidents, Personal Injuries, and Criminal Defense.\",\"publisher\":{\"@id\":\"https:\\\/\\\/thehometownlawyers.com\\\/es\\\/#organization\"},\"alternateName\":\"Kruger & Hodges Personal Injury Lawyers\",\"inLanguage\":\"es\"},{\"@type\":\"Organization\",\"@id\":\"https:\\\/\\\/thehometownlawyers.com\\\/es\\\/#organization\",\"name\":\"Kruger & Hodges Hometown Injury Lawyers\",\"alternateName\":\"Kruger & Hodges\",\"url\":\"https:\\\/\\\/thehometownlawyers.com\\\/es\\\/\",\"logo\":{\"@type\":\"ImageObject\",\"inLanguage\":\"es\",\"@id\":\"https:\\\/\\\/thehometownlawyers.com\\\/es\\\/#\\\/schema\\\/logo\\\/image\\\/\",\"url\":\"https:\\\/\\\/thehometownlawyers.com\\\/wp-content\\\/uploads\\\/2025\\\/12\\\/revised-kh-logo-vertical-white-background-scaled.png\",\"contentUrl\":\"https:\\\/\\\/thehometownlawyers.com\\\/wp-content\\\/uploads\\\/2025\\\/12\\\/revised-kh-logo-vertical-white-background-scaled.png\",\"width\":2560,\"height\":1440,\"caption\":\"Kruger & Hodges Hometown Injury Lawyers\"},\"image\":{\"@id\":\"https:\\\/\\\/thehometownlawyers.com\\\/es\\\/#\\\/schema\\\/logo\\\/image\\\/\"},\"sameAs\":[\"https:\\\/\\\/www.facebook.com\\\/KrugerHodges\\\/\",\"https:\\\/\\\/www.instagram.com\\\/krugerhodges\\\/\",\"https:\\\/\\\/www.linkedin.com\\\/company\\\/kruger-hodges-hometown-injury-lawyers\\\/\",\"https:\\\/\\\/www.youtube.com\\\/channel\\\/UCeYcMaMaN2rb9jMlqt4EIdQ\",\"https:\\\/\\\/www.tiktok.com\\\/@thehometownlawyer\"]}]}<\/script>\n<!-- \/ Yoast SEO plugin. -->","yoast_head_json":{"title":"Abogado de Violencia Dom\u00e9stica en Hamilton | Consulta Gratuita","description":"No dude en ponerse en contacto con los abogados defensores experimentados en violencia dom\u00e9stica de Kruger & Hodges, quienes pueden asegurarse de que su caso se resuelva r\u00e1pidamente.","robots":{"index":"index","follow":"follow","max-snippet":"max-snippet:-1","max-image-preview":"max-image-preview:large","max-video-preview":"max-video-preview:-1"},"canonical":"https:\/\/thehometownlawyers.com\/es\/abogados-de-defensa-criminal-de-hamilton\/abogados-defensores-de-violencia-domestica\/","og_locale":"es_MX","og_type":"article","og_title":"Abogado de Violencia Dom\u00e9stica en Hamilton | Consulta Gratuita","og_description":"No dude en ponerse en contacto con los abogados defensores experimentados en violencia dom\u00e9stica de Kruger & Hodges, quienes pueden asegurarse de que su caso se resuelva r\u00e1pidamente.","og_url":"https:\/\/thehometownlawyers.com\/es\/abogados-de-defensa-criminal-de-hamilton\/abogados-defensores-de-violencia-domestica\/","og_site_name":"Kruger &amp; Hodges Abogados De Lesiones","article_publisher":"https:\/\/www.facebook.com\/KrugerHodges\/","article_modified_time":"2025-03-17T15:55:15+00:00","og_image":[{"width":1920,"height":1080,"url":"https:\/\/thehometownlawyers.com\/wp-content\/uploads\/2021\/08\/domestic-violence-force.jpg","type":"image\/jpeg"}],"twitter_card":"summary_large_image","twitter_misc":{"Tiempo de lectura":"3 minutos"},"schema":{"@context":"https:\/\/schema.org","@graph":[{"@type":"WebPage","@id":"https:\/\/thehometownlawyers.com\/es\/abogados-de-defensa-criminal-de-hamilton\/abogados-defensores-de-violencia-domestica\/","url":"https:\/\/thehometownlawyers.com\/es\/abogados-de-defensa-criminal-de-hamilton\/abogados-defensores-de-violencia-domestica\/","name":"Abogado de Violencia Dom\u00e9stica en Hamilton | Consulta Gratuita","isPartOf":{"@id":"https:\/\/thehometownlawyers.com\/es\/#website"},"primaryImageOfPage":{"@id":"https:\/\/thehometownlawyers.com\/es\/abogados-de-defensa-criminal-de-hamilton\/abogados-defensores-de-violencia-domestica\/#primaryimage"},"image":{"@id":"https:\/\/thehometownlawyers.com\/es\/abogados-de-defensa-criminal-de-hamilton\/abogados-defensores-de-violencia-domestica\/#primaryimage"},"thumbnailUrl":"https:\/\/thehometownlawyers.com\/wp-content\/uploads\/2021\/08\/domestic-violence-force.jpg","datePublished":"2020-01-13T22:14:55+00:00","dateModified":"2025-03-17T15:55:15+00:00","description":"No dude en ponerse en contacto con los abogados defensores experimentados en violencia dom\u00e9stica de Kruger & Hodges, quienes pueden asegurarse de que su caso se resuelva r\u00e1pidamente.","breadcrumb":{"@id":"https:\/\/thehometownlawyers.com\/es\/abogados-de-defensa-criminal-de-hamilton\/abogados-defensores-de-violencia-domestica\/#breadcrumb"},"inLanguage":"es","potentialAction":[{"@type":"ReadAction","target":["https:\/\/thehometownlawyers.com\/es\/abogados-de-defensa-criminal-de-hamilton\/abogados-defensores-de-violencia-domestica\/"]}]},{"@type":"ImageObject","inLanguage":"es","@id":"https:\/\/thehometownlawyers.com\/es\/abogados-de-defensa-criminal-de-hamilton\/abogados-defensores-de-violencia-domestica\/#primaryimage","url":"https:\/\/thehometownlawyers.com\/wp-content\/uploads\/2021\/08\/domestic-violence-force.jpg","contentUrl":"https:\/\/thehometownlawyers.com\/wp-content\/uploads\/2021\/08\/domestic-violence-force.jpg","width":1920,"height":1080,"caption":"hombre sosteniendo a una mujer contra una mesa"},{"@type":"BreadcrumbList","@id":"https:\/\/thehometownlawyers.com\/es\/abogados-de-defensa-criminal-de-hamilton\/abogados-defensores-de-violencia-domestica\/#breadcrumb","itemListElement":[{"@type":"ListItem","position":1,"name":"Home","item":"https:\/\/thehometownlawyers.com\/es\/"},{"@type":"ListItem","position":2,"name":"Abogado de Defensa Criminal en Hamilton","item":"https:\/\/thehometownlawyers.com\/es\/abogados-de-defensa-criminal-de-hamilton\/"},{"@type":"ListItem","position":3,"name":"Abogado de Violencia Dom\u00e9stica en Hamilton"}]},{"@type":"WebSite","@id":"https:\/\/thehometownlawyers.com\/es\/#website","url":"https:\/\/thehometownlawyers.com\/es\/","name":"Kruger & Hodges Hometown Injury Lawyers | Accident Attorneys","description":"Attorneys for Car, Truck and Motorcycle Accidents, Personal Injuries, and Criminal Defense.","publisher":{"@id":"https:\/\/thehometownlawyers.com\/es\/#organization"},"alternateName":"Kruger & Hodges Personal Injury Lawyers","inLanguage":"es"},{"@type":"Organization","@id":"https:\/\/thehometownlawyers.com\/es\/#organization","name":"Kruger & Hodges Hometown Injury Lawyers","alternateName":"Kruger & Hodges","url":"https:\/\/thehometownlawyers.com\/es\/","logo":{"@type":"ImageObject","inLanguage":"es","@id":"https:\/\/thehometownlawyers.com\/es\/#\/schema\/logo\/image\/","url":"https:\/\/thehometownlawyers.com\/wp-content\/uploads\/2025\/12\/revised-kh-logo-vertical-white-background-scaled.png","contentUrl":"https:\/\/thehometownlawyers.com\/wp-content\/uploads\/2025\/12\/revised-kh-logo-vertical-white-background-scaled.png","width":2560,"height":1440,"caption":"Kruger & Hodges Hometown Injury Lawyers"},"image":{"@id":"https:\/\/thehometownlawyers.com\/es\/#\/schema\/logo\/image\/"},"sameAs":["https:\/\/www.facebook.com\/KrugerHodges\/","https:\/\/www.instagram.com\/krugerhodges\/","https:\/\/www.linkedin.com\/company\/kruger-hodges-hometown-injury-lawyers\/","https:\/\/www.youtube.com\/channel\/UCeYcMaMaN2rb9jMlqt4EIdQ","https:\/\/www.tiktok.com\/@thehometownlawyer"]}]}},"_links":{"self":[{"href":"https:\/\/thehometownlawyers.com\/es\/wp-json\/wp\/v2\/pages\/21059","targetHints":{"allow":["GET"]}}],"collection":[{"href":"https:\/\/thehometownlawyers.com\/es\/wp-json\/wp\/v2\/pages"}],"about":[{"href":"https:\/\/thehometownlawyers.com\/es\/wp-json\/wp\/v2\/types\/page"}],"author":[{"embeddable":true,"href":"https:\/\/thehometownlawyers.com\/es\/wp-json\/wp\/v2\/users\/7"}],"replies":[{"embeddable":true,"href":"https:\/\/thehometownlawyers.com\/es\/wp-json\/wp\/v2\/comments?post=21059"}],"version-history":[{"count":0,"href":"https:\/\/thehometownlawyers.com\/es\/wp-json\/wp\/v2\/pages\/21059\/revisions"}],"up":[{"embeddable":true,"href":"https:\/\/thehometownlawyers.com\/es\/wp-json\/wp\/v2\/pages\/20980"}],"wp:featuredmedia":[{"embeddable":true,"href":"https:\/\/thehometownlawyers.com\/es\/wp-json\/wp\/v2\/media\/20818"}],"wp:attachment":[{"href":"https:\/\/thehometownlawyers.com\/es\/wp-json\/wp\/v2\/media?parent=21059"}],"wp:term":[{"taxonomy":"hc_faqs","embeddable":true,"href":"https:\/\/thehometownlawyers.com\/es\/wp-json\/wp\/v2\/hc_faqs?post=21059"},{"taxonomy":"hc_spanish_faqs","embeddable":true,"href":"https:\/\/thehometownlawyers.com\/es\/wp-json\/wp\/v2\/hc_spanish_faqs?post=21059"}],"curies":[{"name":"wp","href":"https:\/\/api.w.org\/{rel}","templated":true}]}}